{"id":5207,"date":"2022-02-20T21:57:05","date_gmt":"2022-02-20T21:57:05","guid":{"rendered":"https:\/\/medicinasinc.com\/ro\/?post_type=product&#038;p=5207"},"modified":"2022-03-22T01:04:34","modified_gmt":"2022-03-22T01:04:34","slug":"cumpara-imitrex-sumatriptan-100-mg","status":"publish","type":"product","link":"https:\/\/medicinasinc.com\/ro\/product\/cumpara-imitrex-sumatriptan-100-mg\/","title":{"rendered":"Cump\u0103ra\u021bi imitrex Sumatriptan 100 mg"},"content":{"rendered":"<div class=\"product-next-previous\">\n<div class=\"product-prev\">\n<p>Cump\u0103ra\u021bi online tablete Imitrex 100 mg Informa\u021bii Imitrex (brand \u0219i generic)<\/p>\n<p>Bestglobalmeds.com\u00a0vinde \u00een prezent marca Imitrex, cunoscut\u0103 \u00een mod obi\u0219nuit ca Imigran, produs de GSK \u00een Turcia \u0219i Aspen \u00een Australia. \u00cen plus, avem marca GSK Imitrex din Canada. Sumatriptan este disponibil generic de la Pharma Science din Canada, Sun Pharma din India (Suminat) \u0219i Dexcel Pharma \u0219i Accord Pharma din Regatul Unit.<\/p>\n<p>Dozajul<\/p>\n<p>Imitrex vine \u00eentr-o varietate de formul\u0103ri de dozare \u0219i niveluri. Imitrex \u0219i Sumatriptan sunt ambele disponibile sub form\u0103 de comprimate de 50 mg \u0219i 100 mg. \u00cen plus, oferim comprimate generice Imitrex 25 mg. \u00cen plus, marca Imitrex este disponibil\u0103 sub form\u0103 de pachete de spray nazal de 20 mg, flacoane injectabile de 6 mg\/0,5 ml, truse de pornire pentru doze statistice \u0219i cartu\u0219e pentru doze statistice.<\/p>\n<p>Utilizare<\/p>\n<p>Imitrex (Sumatriptan) este un medicament folosit pentru a trata migrenele. Imitrex nu previne migrenele \u0219i nici nu le scade frecven\u021ba. Este utilizat doar pentru a trata simptomele migrenei care au \u00eenceput deja. Ajut\u0103 la ameliorarea durerilor de cap, a disconfortului \u0219i a altor simptome de migren\u0103, cum ar fi grea\u021ba, v\u0103rs\u0103turile \u0219i sensibilitatea la lumin\u0103 sau sunet. Sumatriptanul este un membru al clasei de medicamente triptani. Acest medicament ac\u021bioneaz\u0103 interfer\u00e2nd cu o substan\u021b\u0103 chimic\u0103 natural\u0103 (serotonina) care provoac\u0103 \u00eengustarea arterelor sanguine ale creierului. \u00cen plus, va atenua durerea influen\u021b\u00e2nd anumite nervi din creier.<\/p>\n<p>Consecin\u021be<\/p>\n<p>Consulta\u021bi imediat medicul dac\u0103 ave\u021bi oricare dintre urm\u0103toarele reac\u021bii adverse grave: piept, maxilar sau st\u00e2nga durere de bra\u021b; diaree cu s\u00e2nge; le\u0219in; b\u0103t\u0103i rapide, neregulate, b\u0103t\u0103toare ale inimii; probleme mentale\/dispozitive; dureri severe de stomac\/abdomen; durere sever\u0103 \u00een piept; convulsii; vorbire neclar\u0103; modific\u0103ri vizuale. Urm\u0103toarele sunt c\u00e2teva dintre efectele adverse mai r\u0103sp\u00e2ndite: \u2022 Ame\u021beli \u0219i somnolen\u021b\u0103; \u2022 Senza\u021bii de furnic\u0103turi\/amor\u021beal\u0103\/ \u00een\u021bep\u0103turi\/c\u0103ldur\u0103; \u2022 \u00cenro\u0219irea fe\u021bei.<br \/> \u2022 Tensiune arterial\u0103 crescut\u0103 \u2014 Verifica\u021bi regulat tensiunea arterial\u0103 pentru a v\u0103 asigura siguran\u021ba;<br \/> \u2022 Epuizare; \u2022 Sl\u0103biciune<\/p>\n<p>Contraindica\u021bii \u0219i interac\u021biuni<\/p>\n<p>Imitrex nu trebuie utilizat pentru a trata o durere de cap tensional\u0103 comun\u0103 sau una care duce la pierderea mi\u0219c\u0103rii pe o parte a corpului. Imitrex nu trebuie utilizat dac\u0103 sunte\u021bi alergic la sumatriptan sau dac\u0103 ave\u021bi urm\u0103toarele afec\u021biuni: \u2022 antecedente de infarct miocardic sau accident vascular cerebral; \u2022 Anumite tulbur\u0103ri de ritm cardiac; \u2022 Probleme de circula\u021bie care duc la lipsa aportului de s\u00e2nge a organismului; \u2022 Probleme cu inima; \u2022 Boal\u0103 hepatic\u0103 sau renal\u0103; \u2022 Hipertensiune arterial\u0103 necontrolat\u0103;<\/p>\n<p>Imitrex nu trebuie luat \u00een 24 de ore de la utilizarea oric\u0103rui alt tratament pentru cefaleea migrenoas\u0103. Informa\u021bi-v\u0103 medicul despre toate medicamentele pe care le lua\u021bi curent, inclusiv medicamentele pe baz\u0103 de re\u021bet\u0103, f\u0103r\u0103 prescrip\u021bie medical\u0103 \u0219i pe baz\u0103 de plante, inclusiv IMAO, inhibitorii selectivi ai recapt\u0103rii serotoninei \u0219i inhibitorii recapt\u0103rii norepinefrinei. Sumatriptanul poate provoca ame\u021beli sau somnolen\u021b\u0103. Alcoolul sau marijuana v\u0103 pot cre\u0219te ame\u021belile sau somnolen\u021ba. Evita\u021bi s\u0103 conduce\u021bi vehicule, s\u0103 folosi\u021bi utilaje sau s\u0103 efectua\u021bi orice alt\u0103 activitate care necesit\u0103 vigilen\u021b\u0103. Consuma\u021bi b\u0103uturi alcoolice cu modera\u021bie. Nu se \u0219tie c\u0103 Imitrex d\u0103uneaz\u0103 copilului nen\u0103scut. Dac\u0103 sunte\u021bi \u00eens\u0103rcinat\u0103, consulta\u021bi-v\u0103 medicul. Sumatriptanul se excret\u0103 \u00een laptele matern \u0219i poate provoca leziuni copilului care al\u0103pteaz\u0103. Al\u0103ptarea trebuie evitat\u0103 timp de 12 ore dup\u0103 utilizarea Imitrex. Imitrex nu este recomandat pentru utilizare de c\u0103tre persoane sub 18 ani.<\/p>\n<p>\u00centreb\u0103ri \u0219i r\u0103spunsuri<br \/> De ce este Imitrex mai pu\u021bin scump \u00een Canada dec\u00e2t \u00een \u200b\u200bStatele Unite?<\/p>\n<p>\u00cen general , pre\u021burile tuturor medicamentelor, nu numai Imitrex, sunt mai rezonabile atunci c\u00e2nd sunt achizi\u021bionate din Canada, deoarece guvernul reglementeaz\u0103 pre\u021bul at\u00e2t pentru medicamentele de marc\u0103, c\u00e2t \u0219i pentru cele generice. \u00cen plus, de la \u00eenceputurile noastre \u00een 2006, scopul nostru a fost s\u0103 oferim medicamente sigure \u0219i ieftine oamenilor din Statele Unite.<\/p>\n<p>Achizi\u021bionarea Imitrex de la farmacie este sigur\u0103?<\/p>\n<p>Produsele noastre provin exclusiv din unit\u0103\u021bi care au fost certificate de autorit\u0103\u021bilor din \u021b\u0103rile din care sunt importate. CanadaPharmacyOnline.com folose\u0219te o procedur\u0103 de selec\u021bie riguroas\u0103 pentru partenerii no\u0219tri pentru a se asigura c\u0103 dumneavoastr\u0103, clientul nostru, primi\u021bi cele mai sigure medicamente posibile. \u00cen plus, suntem o farmacie canadian\u0103 certificat\u0103, care respect\u0103 toate legile provinciale.<\/p>\n<p>C\u00e2t cost\u0103 genericul Imitrex 100 mg \u00een farmacia dumneavoastr\u0103?<\/p>\n<p>Generic Imitrex 100 mg este disponibil pentru c\u00e2t mai pu\u021bin 28,99 USD pentru 12 comprimate, \u00een timp ce doza de 50 mg este disponibil\u0103 pentru 57,99 USD pentru 18 pastile.<\/p>\n<p>C\u00e2t cost\u0103 un comprimat?<\/p>\n<p>Imitrex 100 mg este disponibil \u00een varianta generic\u0103 formular pentru 2,27 USD per tablet\u0103 \u0219i sub form\u0103 de marc\u0103 pentru 8,67 USD per tablet\u0103 la farmacia noastr\u0103.<\/p>\n<p>C\u00e2t cost\u0103 transportul?<\/p>\n<p>Pre\u021bul nostru de livrare fix este de 10 USD per comand\u0103. Farmacia noastr\u0103 se angajeaz\u0103 s\u0103 v\u0103 ofere cel mai mic pre\u021b posibil pentru articole de \u00eenalt\u0103 calitate.<\/p>\n<p>Cum plasez o comand\u0103 la farmacia dvs.?<\/p>\n<p>Este foarte u\u0219or s\u0103 comanda\u021bi Imitrex de la noi . Pute\u021bi plasa comanda online sau telefonic la Serviciul Clien\u021bi. Vizita\u021bi pagina noastr\u0103 Cum se comand\u0103 pentru informa\u021bii suplimentare sau pentru a \u00eencepe procesul de comand\u0103.<\/p>\n<p>Pre\u021bul Imitrex este competitiv?<\/p>\n<p>Da, suntem m\u00e2ndri s\u0103 oferim unele dintre cele mai mici pre\u021buri disponibile. \u00een farmaciile canadiene. \u00cen situa\u021bii rare, este posibil s\u0103 putem egala sau dep\u0103\u0219i pre\u021burile concuren\u021bilor no\u0219tri. V\u0103 rug\u0103m s\u0103 contacta\u021bi serviciul nostru de asisten\u021b\u0103 pentru clien\u021bi amabil la 1866.920.3784.<\/p>\n<p>Pot cump\u0103ra Imitrex de la dvs. la ghi\u0219eu?<\/p>\n<p>Nu, Imitrex este disponibil numai cu o re\u021bet\u0103 valabil\u0103 de la medicul dumneavoastr\u0103. F\u0103r\u0103 o re\u021bet\u0103 valabil\u0103, nu vindem acest produs.<\/p>\n<p>Imitrex 50 mg fa\u021b\u0103 de Imitrex 100 mg: Care este diferen\u021ba?<\/p>\n<p>Diferen\u021ba de doz\u0103 reflect\u0103 cantitatea de ingredient(e) activ(e) ) incluse \u00een medicament.<\/p>\n<p>Mecanismul de ac\u021biune al lui Imitrex<\/p>\n<\/p><\/div><\/div>\n<div class=\"product-next-previous\">\n<div class=\"product-prev\"><\/div><\/div>\n","protected":false},"excerpt":{"rendered":"<div class=\"woocommerce-product-details__short-description\">\n<p>Comprimatele Imitrex Sumatriptan 100mg pot fi achizi\u021bionate online. IMITREX este un agonist al receptorilor serotoninei 5-HT1B\/1D (triptan) aprobat pentru tratamentul imediat al migrenelor la adul\u021bi cu sau f\u0103r\u0103 aur\u0103.<\/p>\n<p>Sumatriptan poate fi achizi\u021bionat online prin farmacia noastr\u0103 online \u00eenregistrat\u0103 \u00een Marea Britanie.<\/p>\n<p> p&gt; <\/p>\n<p>Sumatriptanul este un medicament pentru migren\u0103 cu un debut rapid de ac\u021biune. Cel mai mic pre\u021b garantat din Regatul Unit.<\/p>\n<p>Comprimatele de sumatriptan pentru ameliorarea migrenei pot fi achizi\u021bionate online \u00een siguran\u021b\u0103 de la o farmacie din Marea Britanie.<\/p>\n<p>Sumatriptan este o form\u0103 generic\u0103 de Imigran care este mai pu\u021bin costisitoare. <\/p>\n<p>Cump\u0103ra\u021bi Imitrex (Sumatriptan) la o reducere de la o farmacie licen\u021biat\u0103 Best Global Meds&#8230;. 50mg100mg<\/p>\n<p>Cump\u0103ra\u021bi Imitrex online ast\u0103zi de la farmacia noastr\u0103 canadian\u0103!<\/p>\n<\/p><\/div>\n","protected":false},"featured_media":5224,"comment_status":"open","ping_status":"closed","template":"","meta":[],"product_brand":[],"product_cat":[1117],"product_tag":[1360,1339,1361,1340,1356,1346,1347,1341,1342,1344,1359,1353,1343,1357,1348,1349,1351,1350,1352,1354,1345,1355,1358,1338],"class_list":{"0":"post-5207","1":"product","2":"type-product","3":"status-publish","4":"has-post-thumbnail","6":"product_cat-cumparati-pastile-pentru-durere-somn-sex","7":"product_tag-cnd-ar-trebui-sumatriptan-imitrex-fie-evitat","8":"product_tag-cumpara-sumatriptan-online-usa","9":"product_tag-de-unde-s-cumpr-sumatriptan-fr-prescripie-medical","10":"product_tag-does-imitrex-generic-sumatriptan","11":"product_tag-sumatriptan-efecte-secundare","12":"product_tag-este-sumatriptan-imitrex","13":"product_tag-este-sumatriptan-la-la-fel-ca-imitrex","14":"product_tag-imitrex-spray-nazal-sumatriptan","15":"product_tag-imitrex-sumatriptan","16":"product_tag-imitrex-vs-sumatriptan","17":"product_tag-la-ce-se-utiliza-sumatriptan-100-mg","18":"product_tag-sumatriptan-imitrex-plasture","19":"product_tag-imitrex-sumatriptan-succinat","20":"product_tag-sumatriptan-succinat-imitrex","21":"product_tag-sumatriptan-imitrex-50-mg-comprimat-pret","22":"product_tag-sumatriptan-100-mg-online","23":"product_tag-sumatriptan-50-mg","24":"product_tag-sumatriptan-50-mg-over-the-counter","25":"product_tag-sumatriptan-imitrex","26":"product_tag-sumatriptan-imitrex-treximet","27":"product_tag-injectare-sumatriptan-imitrex","28":"product_tag-sumatriptan-over-the-counter-usa","29":"product_tag-sumatriptan-vs-imitrex","30":"product_tag-un-pacient-sufer-de-o-migren-durere-de-cap-care-este-aciunea-sumatriptan-imitrex","32":"first","33":"instock","34":"shipping-taxable","35":"purchasable","36":"product-type-variable","37":"has-default-attributes"},"yoast_head":"<!-- This site is optimized with the Yoast SEO plugin v27.3 - https:\/\/yoast.com\/product\/yoast-seo-wordpress\/ -->\n<title>Cump\u0103ra\u021bi imitrex Sumatriptan 100 mg - Cele mai bune medicamente globale<\/title>\n<meta name=\"description\" content=\"Cump\u0103ra\u021bi imitrex Sumatriptan100 mg comprimate pentru ameliorarea migrenei \u00een siguran\u021b\u0103 \u0219i \u00een siguran\u021b\u0103 de la o farmacie online din Marea Britanie. Sumatriptan\u00a0este o versiune generic\u0103, mai ieftin\u0103, a Imigran.\" \/>\n<meta name=\"robots\" content=\"index, follow, max-snippet:-1, max-image-preview:large, max-video-preview:-1\" \/>\n<link rel=\"canonical\" href=\"https:\/\/medicinasinc.com\/ro\/product\/cumpara-imitrex-sumatriptan-100-mg\/\" \/>\n<meta property=\"og:locale\" content=\"en_US\" \/>\n<meta property=\"og:type\" content=\"article\" \/>\n<meta property=\"og:title\" content=\"Cump\u0103ra\u021bi imitrex Sumatriptan 100 mg - Cele mai bune medicamente globale\" \/>\n<meta property=\"og:description\" content=\"Cump\u0103ra\u021bi imitrex Sumatriptan100 mg comprimate pentru ameliorarea migrenei \u00een siguran\u021b\u0103 \u0219i \u00een siguran\u021b\u0103 de la o farmacie online din Marea Britanie. Sumatriptan\u00a0este o versiune generic\u0103, mai ieftin\u0103, a Imigran.\" \/>\n<meta property=\"og:url\" content=\"https:\/\/medicinasinc.com\/ro\/product\/cumpara-imitrex-sumatriptan-100-mg\/\" \/>\n<meta property=\"og:site_name\" content=\"Medicinas Inc\" \/>\n<meta property=\"article:modified_time\" content=\"2022-03-22T01:04:34+00:00\" \/>\n<meta property=\"og:image\" content=\"https:\/\/medicinasinc.com\/ro\/wp-content\/uploads\/sites\/11\/2022\/02\/Buy-imitrex-Sumatriptan-100-mg.jpg\" \/>\n\t<meta property=\"og:image:width\" content=\"846\" \/>\n\t<meta property=\"og:image:height\" content=\"600\" \/>\n\t<meta property=\"og:image:type\" content=\"image\/jpeg\" \/>\n<meta name=\"twitter:card\" content=\"summary_large_image\" \/>\n<meta name=\"twitter:label1\" content=\"Est. reading time\" \/>\n\t<meta name=\"twitter:data1\" content=\"4 minutes\" \/>\n<script type=\"application\/ld+json\" class=\"yoast-schema-graph\">{\"@context\":\"https:\\\/\\\/schema.org\",\"@graph\":[{\"@type\":\"WebPage\",\"@id\":\"https:\\\/\\\/medicinasinc.com\\\/ro\\\/product\\\/cumpara-imitrex-sumatriptan-100-mg\\\/\",\"url\":\"https:\\\/\\\/medicinasinc.com\\\/ro\\\/product\\\/cumpara-imitrex-sumatriptan-100-mg\\\/\",\"name\":\"Cump\u0103ra\u021bi imitrex Sumatriptan 100 mg - Cele mai bune medicamente globale\",\"isPartOf\":{\"@id\":\"https:\\\/\\\/medicinasinc.com\\\/ro\\\/#website\"},\"primaryImageOfPage\":{\"@id\":\"https:\\\/\\\/medicinasinc.com\\\/ro\\\/product\\\/cumpara-imitrex-sumatriptan-100-mg\\\/#primaryimage\"},\"image\":{\"@id\":\"https:\\\/\\\/medicinasinc.com\\\/ro\\\/product\\\/cumpara-imitrex-sumatriptan-100-mg\\\/#primaryimage\"},\"thumbnailUrl\":\"https:\\\/\\\/medicinasinc.com\\\/ro\\\/wp-content\\\/uploads\\\/sites\\\/11\\\/2022\\\/02\\\/Buy-imitrex-Sumatriptan-100-mg.jpg\",\"datePublished\":\"2022-02-20T21:57:05+00:00\",\"dateModified\":\"2022-03-22T01:04:34+00:00\",\"description\":\"Cump\u0103ra\u021bi imitrex Sumatriptan100 mg comprimate pentru ameliorarea migrenei \u00een siguran\u021b\u0103 \u0219i \u00een siguran\u021b\u0103 de la o farmacie online din Marea Britanie. Sumatriptan\u00a0este o versiune generic\u0103, mai ieftin\u0103, a Imigran.\",\"breadcrumb\":{\"@id\":\"https:\\\/\\\/medicinasinc.com\\\/ro\\\/product\\\/cumpara-imitrex-sumatriptan-100-mg\\\/#breadcrumb\"},\"inLanguage\":\"en-US\",\"potentialAction\":[{\"@type\":\"ReadAction\",\"target\":[\"https:\\\/\\\/medicinasinc.com\\\/ro\\\/product\\\/cumpara-imitrex-sumatriptan-100-mg\\\/\"]}]},{\"@type\":\"ImageObject\",\"inLanguage\":\"en-US\",\"@id\":\"https:\\\/\\\/medicinasinc.com\\\/ro\\\/product\\\/cumpara-imitrex-sumatriptan-100-mg\\\/#primaryimage\",\"url\":\"https:\\\/\\\/medicinasinc.com\\\/ro\\\/wp-content\\\/uploads\\\/sites\\\/11\\\/2022\\\/02\\\/Buy-imitrex-Sumatriptan-100-mg.jpg\",\"contentUrl\":\"https:\\\/\\\/medicinasinc.com\\\/ro\\\/wp-content\\\/uploads\\\/sites\\\/11\\\/2022\\\/02\\\/Buy-imitrex-Sumatriptan-100-mg.jpg\",\"width\":846,\"height\":600},{\"@type\":\"BreadcrumbList\",\"@id\":\"https:\\\/\\\/medicinasinc.com\\\/ro\\\/product\\\/cumpara-imitrex-sumatriptan-100-mg\\\/#breadcrumb\",\"itemListElement\":[{\"@type\":\"ListItem\",\"position\":1,\"name\":\"Magazin\",\"item\":\"https:\\\/\\\/medicinasinc.com\\\/ro\\\/magazin\\\/\"},{\"@type\":\"ListItem\",\"position\":2,\"name\":\"Cump\u0103ra\u021bi imitrex Sumatriptan 100 mg\"}]},{\"@type\":\"WebSite\",\"@id\":\"https:\\\/\\\/medicinasinc.com\\\/ro\\\/#website\",\"url\":\"https:\\\/\\\/medicinasinc.com\\\/ro\\\/\",\"name\":\"Medicinas Inc\",\"description\":\"Health Medical Clinic\",\"potentialAction\":[{\"@type\":\"SearchAction\",\"target\":{\"@type\":\"EntryPoint\",\"urlTemplate\":\"https:\\\/\\\/medicinasinc.com\\\/ro\\\/?s={search_term_string}\"},\"query-input\":{\"@type\":\"PropertyValueSpecification\",\"valueRequired\":true,\"valueName\":\"search_term_string\"}}],\"inLanguage\":\"en-US\"}]}<\/script>\n<!-- \/ Yoast SEO plugin. -->","yoast_head_json":{"title":"Cump\u0103ra\u021bi imitrex Sumatriptan 100 mg - Cele mai bune medicamente globale","description":"Cump\u0103ra\u021bi imitrex Sumatriptan100 mg comprimate pentru ameliorarea migrenei \u00een siguran\u021b\u0103 \u0219i \u00een siguran\u021b\u0103 de la o farmacie online din Marea Britanie. Sumatriptan\u00a0este o versiune generic\u0103, mai ieftin\u0103, a Imigran.","robots":{"index":"index","follow":"follow","max-snippet":"max-snippet:-1","max-image-preview":"max-image-preview:large","max-video-preview":"max-video-preview:-1"},"canonical":"https:\/\/medicinasinc.com\/ro\/product\/cumpara-imitrex-sumatriptan-100-mg\/","og_locale":"en_US","og_type":"article","og_title":"Cump\u0103ra\u021bi imitrex Sumatriptan 100 mg - Cele mai bune medicamente globale","og_description":"Cump\u0103ra\u021bi imitrex Sumatriptan100 mg comprimate pentru ameliorarea migrenei \u00een siguran\u021b\u0103 \u0219i \u00een siguran\u021b\u0103 de la o farmacie online din Marea Britanie. Sumatriptan\u00a0este o versiune generic\u0103, mai ieftin\u0103, a Imigran.","og_url":"https:\/\/medicinasinc.com\/ro\/product\/cumpara-imitrex-sumatriptan-100-mg\/","og_site_name":"Medicinas Inc","article_modified_time":"2022-03-22T01:04:34+00:00","og_image":[{"width":846,"height":600,"url":"https:\/\/medicinasinc.com\/ro\/wp-content\/uploads\/sites\/11\/2022\/02\/Buy-imitrex-Sumatriptan-100-mg.jpg","type":"image\/jpeg"}],"twitter_card":"summary_large_image","twitter_misc":{"Est. reading time":"4 minutes"},"schema":{"@context":"https:\/\/schema.org","@graph":[{"@type":"WebPage","@id":"https:\/\/medicinasinc.com\/ro\/product\/cumpara-imitrex-sumatriptan-100-mg\/","url":"https:\/\/medicinasinc.com\/ro\/product\/cumpara-imitrex-sumatriptan-100-mg\/","name":"Cump\u0103ra\u021bi imitrex Sumatriptan 100 mg - Cele mai bune medicamente globale","isPartOf":{"@id":"https:\/\/medicinasinc.com\/ro\/#website"},"primaryImageOfPage":{"@id":"https:\/\/medicinasinc.com\/ro\/product\/cumpara-imitrex-sumatriptan-100-mg\/#primaryimage"},"image":{"@id":"https:\/\/medicinasinc.com\/ro\/product\/cumpara-imitrex-sumatriptan-100-mg\/#primaryimage"},"thumbnailUrl":"https:\/\/medicinasinc.com\/ro\/wp-content\/uploads\/sites\/11\/2022\/02\/Buy-imitrex-Sumatriptan-100-mg.jpg","datePublished":"2022-02-20T21:57:05+00:00","dateModified":"2022-03-22T01:04:34+00:00","description":"Cump\u0103ra\u021bi imitrex Sumatriptan100 mg comprimate pentru ameliorarea migrenei \u00een siguran\u021b\u0103 \u0219i \u00een siguran\u021b\u0103 de la o farmacie online din Marea Britanie. Sumatriptan\u00a0este o versiune generic\u0103, mai ieftin\u0103, a Imigran.","breadcrumb":{"@id":"https:\/\/medicinasinc.com\/ro\/product\/cumpara-imitrex-sumatriptan-100-mg\/#breadcrumb"},"inLanguage":"en-US","potentialAction":[{"@type":"ReadAction","target":["https:\/\/medicinasinc.com\/ro\/product\/cumpara-imitrex-sumatriptan-100-mg\/"]}]},{"@type":"ImageObject","inLanguage":"en-US","@id":"https:\/\/medicinasinc.com\/ro\/product\/cumpara-imitrex-sumatriptan-100-mg\/#primaryimage","url":"https:\/\/medicinasinc.com\/ro\/wp-content\/uploads\/sites\/11\/2022\/02\/Buy-imitrex-Sumatriptan-100-mg.jpg","contentUrl":"https:\/\/medicinasinc.com\/ro\/wp-content\/uploads\/sites\/11\/2022\/02\/Buy-imitrex-Sumatriptan-100-mg.jpg","width":846,"height":600},{"@type":"BreadcrumbList","@id":"https:\/\/medicinasinc.com\/ro\/product\/cumpara-imitrex-sumatriptan-100-mg\/#breadcrumb","itemListElement":[{"@type":"ListItem","position":1,"name":"Magazin","item":"https:\/\/medicinasinc.com\/ro\/magazin\/"},{"@type":"ListItem","position":2,"name":"Cump\u0103ra\u021bi imitrex Sumatriptan 100 mg"}]},{"@type":"WebSite","@id":"https:\/\/medicinasinc.com\/ro\/#website","url":"https:\/\/medicinasinc.com\/ro\/","name":"Medicinas Inc","description":"Health Medical Clinic","potentialAction":[{"@type":"SearchAction","target":{"@type":"EntryPoint","urlTemplate":"https:\/\/medicinasinc.com\/ro\/?s={search_term_string}"},"query-input":{"@type":"PropertyValueSpecification","valueRequired":true,"valueName":"search_term_string"}}],"inLanguage":"en-US"}]}},"_links":{"self":[{"href":"https:\/\/medicinasinc.com\/ro\/wp-json\/wp\/v2\/product\/5207","targetHints":{"allow":["GET"]}}],"collection":[{"href":"https:\/\/medicinasinc.com\/ro\/wp-json\/wp\/v2\/product"}],"about":[{"href":"https:\/\/medicinasinc.com\/ro\/wp-json\/wp\/v2\/types\/product"}],"replies":[{"embeddable":true,"href":"https:\/\/medicinasinc.com\/ro\/wp-json\/wp\/v2\/comments?post=5207"}],"wp:featuredmedia":[{"embeddable":true,"href":"https:\/\/medicinasinc.com\/ro\/wp-json\/wp\/v2\/media\/5224"}],"wp:attachment":[{"href":"https:\/\/medicinasinc.com\/ro\/wp-json\/wp\/v2\/media?parent=5207"}],"wp:term":[{"taxonomy":"product_brand","embeddable":true,"href":"https:\/\/medicinasinc.com\/ro\/wp-json\/wp\/v2\/product_brand?post=5207"},{"taxonomy":"product_cat","embeddable":true,"href":"https:\/\/medicinasinc.com\/ro\/wp-json\/wp\/v2\/product_cat?post=5207"},{"taxonomy":"product_tag","embeddable":true,"href":"https:\/\/medicinasinc.com\/ro\/wp-json\/wp\/v2\/product_tag?post=5207"}],"curies":[{"name":"wp","href":"https:\/\/api.w.org\/{rel}","templated":true}]}}