{"id":5184,"date":"2022-02-20T21:36:32","date_gmt":"2022-02-20T21:36:32","guid":{"rendered":"https:\/\/medicinasinc.com\/ro\/?post_type=product&#038;p=5184"},"modified":"2022-03-22T01:04:51","modified_gmt":"2022-03-22T01:04:51","slug":"cumpara-hidrocodona-10-325mg","status":"publish","type":"product","link":"https:\/\/medicinasinc.com\/ro\/product\/cumpara-hidrocodona-10-325mg\/","title":{"rendered":"Cump\u0103ra\u021bi hidrocodon\u0103 10\/325 mg"},"content":{"rendered":"<p>De unde s\u0103 cump\u0103ra\u021bi\u00a0Hydrocodone 10\/325mg?<\/p>\n<p>Deoarece Hydrocodone este un analgezic puternic, \u00eel pute\u021bi ob\u021bine online f\u0103r\u0103 prescrip\u021bie medical\u0103. Macul de opiu d\u0103 codein\u0103, care este folosit\u0103 pentru a face acest medicament. C\u00e2nd hidrocodona este produs\u0103 din codein\u0103, efectele de calmare a durerii sunt mai puternice \u0219i r\u0103m\u00e2n mai mult timp. Drept urmare, medicii prescriu adesea hidrocodon\u0103 \u00een loc de codein\u0103 pentru a trata durerea sever\u0103.<\/p>\n<p>\u00cen creier, hidrocodona modific\u0103 echilibrul chimic, bloc\u00e2nd ac\u021biunea receptorilor de durere \u0219i astfel eliber\u00e2nd utilizatorul de orice percep\u021bie a durerii. <\/p>\n<p>Din cauza naturii acute \u0219i cronice a durerii de fractur\u0103, hidrocodona este una dintre cele mai bune op\u021biuni pentru tratarea acesteia. Atunci c\u00e2nd oamenii nu pot dormi noaptea din cauza durerii, hidrocodona \u00eei poate ajuta s\u0103 se relaxeze \u0219i s\u0103 le permit\u0103 s\u0103 se odihneasc\u0103 pentru c\u00e2teva ore.<\/p>\n<p>Hidrocodona ar trebui s\u0103 fie luat\u0103 numai de cei care sufer\u0103 de durere ca un rezultat al oaselor fracturate, conform avizului medical. Cei cu alte tipuri de durere, cum ar fi spasme, r\u0103ni sau cus\u0103turi de la o interven\u021bie chirurgical\u0103, o pot lua \u00een continuare. Hidrocodona este unul dintre cele mai eficiente analgezice \u00een oricare dintre aceste situa\u021bii.<\/p>\n<p>Dozele de hidrocodon\u0103 trebuie monitorizate cu aten\u021bie. Acest medicament poate avea reac\u021bii adverse grave dac\u0103 este utilizat \u00een cantitate gre\u0219it\u0103. Dependen\u021ba de acest medicament este un efect secundar comun al primirii de doze incorecte. Datorit\u0103 poten\u021bialului s\u0103u mare de abuz \u0219i dependen\u021b\u0103, hidrocodona trebuie utilizat\u0103 cu modera\u021bie \u0219i rar. Hidrocodona nu trebuie luat\u0103 mai mult de 20 mg pe zi de c\u0103tre cei care sufer\u0103 de dureri cronice. Orice doz\u0103 care dep\u0103\u0219e\u0219te aceasta poate duce la dependen\u021b\u0103 \u0219i, \u00een cele din urm\u0103, la dependen\u021b\u0103.<\/p>\n<p>Precau\u021biile pentru hidrocodon\u0103 includ asigurarea c\u0103 doza corect\u0103 este luat\u0103 \u00een orice moment. Acest medicament poate provoca efecte negative grave dac\u0103 este luat \u00een cantit\u0103\u021bi gre\u0219ite. Hidrocodona nu ar trebui s\u0103 fie achizi\u021bionat\u0103 de persoanele cu astm bron\u0219ic sau dificult\u0103\u021bi respiratorii, deoarece favorizeaz\u0103 respira\u021bia superficial\u0103, ceea ce ar putea fi o problem\u0103 major\u0103 pentru ace\u0219tia. \u00cencepe\u021bi cu doze mici dac\u0103 cump\u0103ra\u021bi hidrocodon\u0103 online f\u0103r\u0103 prescrip\u021bie medical\u0103, astfel \u00eenc\u00e2t s\u0103 pute\u021bi afla c\u00e2t de mult are nevoie corpul dumneavoastr\u0103.<\/p>\n<p>Hidrocodona este cunoscut\u0103 c\u0103 provoac\u0103 o varietate de reac\u021bii adverse nepl\u0103cute, inclusiv somnolen\u021b\u0103, ame\u021beli \u0219i grea\u021b\u0103. C\u00e2nd cump\u0103ra\u021bi hidrocodon\u0103 online f\u0103r\u0103 prescrip\u021bie medical\u0103 \u0219i o lua\u021bi, asigura\u021bi-v\u0103 c\u0103 ave\u021bi o diet\u0103 bine echilibrat\u0103 pentru a evita problemele digestive \u0219i intestinale.<\/p>\n","protected":false},"excerpt":{"rendered":"<div class=\"woocommerce-product-details__short-description\">\n<p>Cel mai bun loc pentru a cump\u0103ra Hydrocodone 10 325mg online. Medicamentele legale pot fi g\u0103site la Best Global Meds, o farmacie online de renume. Pute\u021bi economisi timp \u0219i bani plas\u00e2nd comanda online.<\/p>\n<p>De unde s\u0103 ob\u021bine\u021bi Hydrocodone 10\/325mg online?<\/p>\n<p>Femeile \u00eens\u0103rcinate ar trebui s\u0103 se consulte cu medicul \u00eenainte de a lua acest medicament, deoarece este \u00een FDA clasa B de sarcin\u0103, ceea ce \u00eenseamn\u0103 c\u0103 nu exist\u0103 nicio modalitate de a determina cum va afecta un copil nen\u0103scut sau un copil.<\/p>\n<p>De v\u00e2nzare: Percocet 10\/325mg &#8211; Cump\u0103ra\u021bi f\u0103r\u0103 prescrip\u021bie medical\u0103&#8230;<\/p>\n<p>Farmacii online recomandate pentru a cump\u0103ra Vicodin.<\/p>\n<\/p><\/div>\n","protected":false},"featured_media":5203,"comment_status":"open","ping_status":"closed","template":"","meta":[],"product_brand":[],"product_cat":[1117],"product_tag":[1315,1316,1323,1324,1322,1321,1297,1325,1308,1298,1317,1319,1320,1302,1312,1336,1334,1318,1311,1337,1300,1313,1326,1327,1328,1329,1330,1331,1332,1333,1309,1310,1299,1335],"class_list":{"0":"post-5184","1":"product","2":"type-product","3":"status-publish","4":"has-post-thumbnail","6":"product_cat-cumparati-pastile-pentru-durere-somn-sex","7":"product_tag-buy-hydrocodone-online-bitcoins","8":"product_tag-cheap-hydrocodone","9":"product_tag-comanda-hidrocodon-online","10":"product_tag-comanda-online-watson-540-500-mg","11":"product_tag-ordin-hidrocodon","12":"product_tag-online-cumprai-watson-540-500-mg","13":"product_tag-cumpr-watson-online","14":"product_tag-cumprare-hidrocodon","15":"product_tag-watson-dozaj","16":"product_tag-generic-pills-for-sale-in-usa","17":"product_tag-hidrocodon","18":"product_tag-hidrocodon-watson","19":"product_tag-lortab","20":"product_tag-medicamente-fr-prescripie-medical","21":"product_tag-watson-medicament","22":"product_tag-watson-medicina","23":"product_tag-watson-853-pastil-alb","24":"product_tag-hidrocodon-pastile","25":"product_tag-watson-hidrocodon-pastile-de-durere","26":"product_tag-pastile-watson-fara-reteta-share","27":"product_tag-generice-watson-pastile-de-vnzare-n-sua","28":"product_tag-watson-ameliorarea-durerii-tableta","29":"product_tag-watson","30":"product_tag-watson-325-mg","31":"product_tag-watson-325mg","32":"product_tag-watson-540","33":"product_tag-watson-540-500-mg-cumpr-on-line","34":"product_tag-watson-853-hidrocodon-10-325-mg","35":"product_tag-watson-853-hydrocodone-10-325-mg-este-o-tablet-de-culoare-alb-i-n-form-de-capsul-conceput-pentru-tratarea-durerii","36":"product_tag-watson-853-hydrocodone-online","37":"product_tag-watson-de-vanzare-in-uk","38":"product_tag-watson-de-vnzare-n-sua","39":"product_tag-generic-watson","40":"product_tag-watson-lortab","42":"first","43":"instock","44":"shipping-taxable","45":"purchasable","46":"product-type-variable","47":"has-default-attributes"},"yoast_head":"<!-- This site is optimized with the Yoast SEO plugin v27.3 - https:\/\/yoast.com\/product\/yoast-seo-wordpress\/ -->\n<title>Cump\u0103ra\u021bi hidrocodon\u0103 10\/325 mg - Cele mai bune medicamente globale<\/title>\n<meta name=\"description\" content=\"Cump\u0103ra\u021bi Hydrocodone 10 325mg pentru v\u00e2nzare Marea Britanie, Europa online la cel mai bun pre\u021b. Best Global Meds este o farmacie online de \u00eencredere cu medicamente legale. Comand\u0103 online \u0219i asigur\u0103-\u021bi timpul \u0219i banii.\" \/>\n<meta name=\"robots\" content=\"index, follow, max-snippet:-1, max-image-preview:large, max-video-preview:-1\" \/>\n<link rel=\"canonical\" href=\"https:\/\/medicinasinc.com\/ro\/product\/cumpara-hidrocodona-10-325mg\/\" \/>\n<meta property=\"og:locale\" content=\"en_US\" \/>\n<meta property=\"og:type\" content=\"article\" \/>\n<meta property=\"og:title\" content=\"Cump\u0103ra\u021bi hidrocodon\u0103 10\/325 mg - Cele mai bune medicamente globale\" \/>\n<meta property=\"og:description\" content=\"Cump\u0103ra\u021bi Hydrocodone 10 325mg pentru v\u00e2nzare Marea Britanie, Europa online la cel mai bun pre\u021b. Best Global Meds este o farmacie online de \u00eencredere cu medicamente legale. Comand\u0103 online \u0219i asigur\u0103-\u021bi timpul \u0219i banii.\" \/>\n<meta property=\"og:url\" content=\"https:\/\/medicinasinc.com\/ro\/product\/cumpara-hidrocodona-10-325mg\/\" \/>\n<meta property=\"og:site_name\" content=\"Medicinas Inc\" \/>\n<meta property=\"article:modified_time\" content=\"2022-03-22T01:04:51+00:00\" \/>\n<meta property=\"og:image\" content=\"https:\/\/medicinasinc.com\/ro\/wp-content\/uploads\/sites\/11\/2022\/02\/buy-hydrocodone-10-325mg-online.jpg\" \/>\n\t<meta property=\"og:image:width\" content=\"600\" \/>\n\t<meta property=\"og:image:height\" content=\"600\" \/>\n\t<meta property=\"og:image:type\" content=\"image\/jpeg\" \/>\n<meta name=\"twitter:card\" content=\"summary_large_image\" \/>\n<meta name=\"twitter:label1\" content=\"Est. reading time\" \/>\n\t<meta name=\"twitter:data1\" content=\"2 minutes\" \/>\n<script type=\"application\/ld+json\" class=\"yoast-schema-graph\">{\"@context\":\"https:\\\/\\\/schema.org\",\"@graph\":[{\"@type\":\"WebPage\",\"@id\":\"https:\\\/\\\/medicinasinc.com\\\/ro\\\/product\\\/cumpara-hidrocodona-10-325mg\\\/\",\"url\":\"https:\\\/\\\/medicinasinc.com\\\/ro\\\/product\\\/cumpara-hidrocodona-10-325mg\\\/\",\"name\":\"Cump\u0103ra\u021bi hidrocodon\u0103 10\\\/325 mg - Cele mai bune medicamente globale\",\"isPartOf\":{\"@id\":\"https:\\\/\\\/medicinasinc.com\\\/ro\\\/#website\"},\"primaryImageOfPage\":{\"@id\":\"https:\\\/\\\/medicinasinc.com\\\/ro\\\/product\\\/cumpara-hidrocodona-10-325mg\\\/#primaryimage\"},\"image\":{\"@id\":\"https:\\\/\\\/medicinasinc.com\\\/ro\\\/product\\\/cumpara-hidrocodona-10-325mg\\\/#primaryimage\"},\"thumbnailUrl\":\"https:\\\/\\\/medicinasinc.com\\\/ro\\\/wp-content\\\/uploads\\\/sites\\\/11\\\/2022\\\/02\\\/buy-hydrocodone-10-325mg-online.jpg\",\"datePublished\":\"2022-02-20T21:36:32+00:00\",\"dateModified\":\"2022-03-22T01:04:51+00:00\",\"description\":\"Cump\u0103ra\u021bi Hydrocodone 10 325mg pentru v\u00e2nzare Marea Britanie, Europa online la cel mai bun pre\u021b. Best Global Meds este o farmacie online de \u00eencredere cu medicamente legale. Comand\u0103 online \u0219i asigur\u0103-\u021bi timpul \u0219i banii.\",\"breadcrumb\":{\"@id\":\"https:\\\/\\\/medicinasinc.com\\\/ro\\\/product\\\/cumpara-hidrocodona-10-325mg\\\/#breadcrumb\"},\"inLanguage\":\"en-US\",\"potentialAction\":[{\"@type\":\"ReadAction\",\"target\":[\"https:\\\/\\\/medicinasinc.com\\\/ro\\\/product\\\/cumpara-hidrocodona-10-325mg\\\/\"]}]},{\"@type\":\"ImageObject\",\"inLanguage\":\"en-US\",\"@id\":\"https:\\\/\\\/medicinasinc.com\\\/ro\\\/product\\\/cumpara-hidrocodona-10-325mg\\\/#primaryimage\",\"url\":\"https:\\\/\\\/medicinasinc.com\\\/ro\\\/wp-content\\\/uploads\\\/sites\\\/11\\\/2022\\\/02\\\/buy-hydrocodone-10-325mg-online.jpg\",\"contentUrl\":\"https:\\\/\\\/medicinasinc.com\\\/ro\\\/wp-content\\\/uploads\\\/sites\\\/11\\\/2022\\\/02\\\/buy-hydrocodone-10-325mg-online.jpg\",\"width\":600,\"height\":600},{\"@type\":\"BreadcrumbList\",\"@id\":\"https:\\\/\\\/medicinasinc.com\\\/ro\\\/product\\\/cumpara-hidrocodona-10-325mg\\\/#breadcrumb\",\"itemListElement\":[{\"@type\":\"ListItem\",\"position\":1,\"name\":\"Magazin\",\"item\":\"https:\\\/\\\/medicinasinc.com\\\/ro\\\/magazin\\\/\"},{\"@type\":\"ListItem\",\"position\":2,\"name\":\"Cump\u0103ra\u021bi hidrocodon\u0103 10\\\/325 mg\"}]},{\"@type\":\"WebSite\",\"@id\":\"https:\\\/\\\/medicinasinc.com\\\/ro\\\/#website\",\"url\":\"https:\\\/\\\/medicinasinc.com\\\/ro\\\/\",\"name\":\"Medicinas Inc\",\"description\":\"Health Medical Clinic\",\"potentialAction\":[{\"@type\":\"SearchAction\",\"target\":{\"@type\":\"EntryPoint\",\"urlTemplate\":\"https:\\\/\\\/medicinasinc.com\\\/ro\\\/?s={search_term_string}\"},\"query-input\":{\"@type\":\"PropertyValueSpecification\",\"valueRequired\":true,\"valueName\":\"search_term_string\"}}],\"inLanguage\":\"en-US\"}]}<\/script>\n<!-- \/ Yoast SEO plugin. -->","yoast_head_json":{"title":"Cump\u0103ra\u021bi hidrocodon\u0103 10\/325 mg - Cele mai bune medicamente globale","description":"Cump\u0103ra\u021bi Hydrocodone 10 325mg pentru v\u00e2nzare Marea Britanie, Europa online la cel mai bun pre\u021b. Best Global Meds este o farmacie online de \u00eencredere cu medicamente legale. Comand\u0103 online \u0219i asigur\u0103-\u021bi timpul \u0219i banii.","robots":{"index":"index","follow":"follow","max-snippet":"max-snippet:-1","max-image-preview":"max-image-preview:large","max-video-preview":"max-video-preview:-1"},"canonical":"https:\/\/medicinasinc.com\/ro\/product\/cumpara-hidrocodona-10-325mg\/","og_locale":"en_US","og_type":"article","og_title":"Cump\u0103ra\u021bi hidrocodon\u0103 10\/325 mg - Cele mai bune medicamente globale","og_description":"Cump\u0103ra\u021bi Hydrocodone 10 325mg pentru v\u00e2nzare Marea Britanie, Europa online la cel mai bun pre\u021b. Best Global Meds este o farmacie online de \u00eencredere cu medicamente legale. Comand\u0103 online \u0219i asigur\u0103-\u021bi timpul \u0219i banii.","og_url":"https:\/\/medicinasinc.com\/ro\/product\/cumpara-hidrocodona-10-325mg\/","og_site_name":"Medicinas Inc","article_modified_time":"2022-03-22T01:04:51+00:00","og_image":[{"width":600,"height":600,"url":"https:\/\/medicinasinc.com\/ro\/wp-content\/uploads\/sites\/11\/2022\/02\/buy-hydrocodone-10-325mg-online.jpg","type":"image\/jpeg"}],"twitter_card":"summary_large_image","twitter_misc":{"Est. reading time":"2 minutes"},"schema":{"@context":"https:\/\/schema.org","@graph":[{"@type":"WebPage","@id":"https:\/\/medicinasinc.com\/ro\/product\/cumpara-hidrocodona-10-325mg\/","url":"https:\/\/medicinasinc.com\/ro\/product\/cumpara-hidrocodona-10-325mg\/","name":"Cump\u0103ra\u021bi hidrocodon\u0103 10\/325 mg - Cele mai bune medicamente globale","isPartOf":{"@id":"https:\/\/medicinasinc.com\/ro\/#website"},"primaryImageOfPage":{"@id":"https:\/\/medicinasinc.com\/ro\/product\/cumpara-hidrocodona-10-325mg\/#primaryimage"},"image":{"@id":"https:\/\/medicinasinc.com\/ro\/product\/cumpara-hidrocodona-10-325mg\/#primaryimage"},"thumbnailUrl":"https:\/\/medicinasinc.com\/ro\/wp-content\/uploads\/sites\/11\/2022\/02\/buy-hydrocodone-10-325mg-online.jpg","datePublished":"2022-02-20T21:36:32+00:00","dateModified":"2022-03-22T01:04:51+00:00","description":"Cump\u0103ra\u021bi Hydrocodone 10 325mg pentru v\u00e2nzare Marea Britanie, Europa online la cel mai bun pre\u021b. Best Global Meds este o farmacie online de \u00eencredere cu medicamente legale. Comand\u0103 online \u0219i asigur\u0103-\u021bi timpul \u0219i banii.","breadcrumb":{"@id":"https:\/\/medicinasinc.com\/ro\/product\/cumpara-hidrocodona-10-325mg\/#breadcrumb"},"inLanguage":"en-US","potentialAction":[{"@type":"ReadAction","target":["https:\/\/medicinasinc.com\/ro\/product\/cumpara-hidrocodona-10-325mg\/"]}]},{"@type":"ImageObject","inLanguage":"en-US","@id":"https:\/\/medicinasinc.com\/ro\/product\/cumpara-hidrocodona-10-325mg\/#primaryimage","url":"https:\/\/medicinasinc.com\/ro\/wp-content\/uploads\/sites\/11\/2022\/02\/buy-hydrocodone-10-325mg-online.jpg","contentUrl":"https:\/\/medicinasinc.com\/ro\/wp-content\/uploads\/sites\/11\/2022\/02\/buy-hydrocodone-10-325mg-online.jpg","width":600,"height":600},{"@type":"BreadcrumbList","@id":"https:\/\/medicinasinc.com\/ro\/product\/cumpara-hidrocodona-10-325mg\/#breadcrumb","itemListElement":[{"@type":"ListItem","position":1,"name":"Magazin","item":"https:\/\/medicinasinc.com\/ro\/magazin\/"},{"@type":"ListItem","position":2,"name":"Cump\u0103ra\u021bi hidrocodon\u0103 10\/325 mg"}]},{"@type":"WebSite","@id":"https:\/\/medicinasinc.com\/ro\/#website","url":"https:\/\/medicinasinc.com\/ro\/","name":"Medicinas Inc","description":"Health Medical Clinic","potentialAction":[{"@type":"SearchAction","target":{"@type":"EntryPoint","urlTemplate":"https:\/\/medicinasinc.com\/ro\/?s={search_term_string}"},"query-input":{"@type":"PropertyValueSpecification","valueRequired":true,"valueName":"search_term_string"}}],"inLanguage":"en-US"}]}},"_links":{"self":[{"href":"https:\/\/medicinasinc.com\/ro\/wp-json\/wp\/v2\/product\/5184","targetHints":{"allow":["GET"]}}],"collection":[{"href":"https:\/\/medicinasinc.com\/ro\/wp-json\/wp\/v2\/product"}],"about":[{"href":"https:\/\/medicinasinc.com\/ro\/wp-json\/wp\/v2\/types\/product"}],"replies":[{"embeddable":true,"href":"https:\/\/medicinasinc.com\/ro\/wp-json\/wp\/v2\/comments?post=5184"}],"wp:featuredmedia":[{"embeddable":true,"href":"https:\/\/medicinasinc.com\/ro\/wp-json\/wp\/v2\/media\/5203"}],"wp:attachment":[{"href":"https:\/\/medicinasinc.com\/ro\/wp-json\/wp\/v2\/media?parent=5184"}],"wp:term":[{"taxonomy":"product_brand","embeddable":true,"href":"https:\/\/medicinasinc.com\/ro\/wp-json\/wp\/v2\/product_brand?post=5184"},{"taxonomy":"product_cat","embeddable":true,"href":"https:\/\/medicinasinc.com\/ro\/wp-json\/wp\/v2\/product_cat?post=5184"},{"taxonomy":"product_tag","embeddable":true,"href":"https:\/\/medicinasinc.com\/ro\/wp-json\/wp\/v2\/product_tag?post=5184"}],"curies":[{"name":"wp","href":"https:\/\/api.w.org\/{rel}","templated":true}]}}