{"id":5183,"date":"2022-02-20T21:35:10","date_gmt":"2022-02-20T21:35:10","guid":{"rendered":"https:\/\/medicinasinc.com\/ro\/?post_type=product&#038;p=5183"},"modified":"2022-03-22T01:05:04","modified_gmt":"2022-03-22T01:05:04","slug":"hidrocodona-10-500mg","status":"publish","type":"product","link":"https:\/\/medicinasinc.com\/ro\/product\/hidrocodona-10-500mg\/","title":{"rendered":"Hidrocodon\u0103 10\/500 mg"},"content":{"rendered":"<div class=\"product-next-previous\">\n<div class=\"product-prev\">\n<p>Pastilele de hidrocodon\u0103 10\/500 mg sunt disponibile pentru cump\u0103rare online \u00een acest moment.<\/p>\n<p>Combina\u021bie de \u00eenalt\u0103 calitate medicament pentru tratamentul durerii moderate p\u00e2n\u0103 la severe, Watson 540 (Hidrocodon\u0103) 500 mg este Watson 540 (Hidrocodon\u0103). Acetaminofenul \u0219i hidrocodona sunt utilizate \u00een formularea hidrocodonei pentru v\u00e2nzare. Acetaminofenul non-opioid \u0219i hidrocodona opioid\u0103 sunt ambele analgezice.<\/p>\n<p>\u00cen creier, acest medicament modific\u0103 modul \u00een care organismul r\u0103spunde \u0219i experimenteaz\u0103 durerea. Temperatura unei persoane poate fi, de asemenea, redus\u0103 cu utilizarea acestui medicament.<\/p>\n<p>Din cauza efectelor adverse semnificative ale respira\u021biei superficiale\/lente care ar putea ap\u0103rea atunci c\u00e2nd cump\u0103ra\u021bi hidrocodon\u0103 online, nu este recomandat copiilor mai mici de 6 ani. ani.<\/p>\n<p>\u00cenainte de a \u00eencepe acest medicament, asigura\u021bi-v\u0103 c\u0103 citi\u021bi prospectul cu informa\u021bii pentru pacient care v-a fost furnizat de medicul dumneavoastr\u0103.<\/p>\n<p>Cump\u0103ra\u021bi hidrocodon\u0103 poate fi luat\u0103 pe cale oral\u0103, cu sau f\u0103r\u0103 mese , \u00een func\u021bie de preferin\u021bele utilizatorului. Consulta\u021bi-v\u0103 medicul sau furnizorul de servicii medicale \u00eenainte de a lua medicamentul dac\u0103 ave\u021bi grea\u021b\u0103.<\/p>\n<p>Ce se afl\u0103 \u00een fiecare comprimat Watson 540?<\/p>\n<p>Stearat de sodiu de magneziu<br \/> Celuloz\u0103 microcristalin\u0103<br \/> CrospovidoneCroscarmeloz\u0103 Este f\u0103cut\u0103 din stearat de sodiu<br \/> AmidonPovidon\u0103<br \/> Oxid de polietilen tereftalat<br \/> Con\u021bine PUDR\u0102 DE CULOARE Nr. 10 D&amp;C Galben<\/p>\n<p>&nbsp;<\/p>\n<p> \u00cen func\u021bie de r\u0103spunsul general al pacientului \u0219i de starea medical\u0103, doza acestui medicament poate varia. Nu \u00eencerca\u021bi niciodat\u0103 s\u0103 cre\u0219te\u021bi doza de medicament \u0219i nu \u00eenceta\u021bi s\u0103 \u00eel lua\u021bi dec\u00e2t dac\u0103 medicul dumneavoastr\u0103 v\u0103 recomand\u0103 s\u0103 face\u021bi acest lucru.<\/p>\n<p>\u00cencetarea brusc\u0103 a medicamentului poate duce la retragere. Pentru a evita simptomele de sevraj, urma\u021bi instruc\u021biunile medicului dumneavoastr\u0103 pentru a reduce treptat doza de medicamente.<\/p>\n<p>Achizi\u021biile online de hidrocodon\u0103 pot duce uneori la dependen\u021b\u0103. Se recomand\u0103 ca doza specificat\u0103 de medicament s\u0103 nu fie dep\u0103\u0219it\u0103 pentru a preveni dependen\u021ba de droguri.<\/p>\n<p>Alergie:<\/p>\n<p>Adresa\u021bi-v\u0103 medicului dumneavoastr\u0103 sau furnizorului de asisten\u021b\u0103 medical\u0103 dac\u0103 pute\u021bi utiliza acest medicament deoarece sunte\u021bi alergic la ingredientele acetaminofen \u0219i hidrocodon\u0103. Reac\u021bia unei persoane la acest produs ar putea fi afectat\u0103 negativ de prezen\u021ba substan\u021belor active \u00een formula sa.<\/p>\n<p>Somnolen\u021b\u0103:<\/p>\n<p>Spoate s\u0103 apar\u0103 somnolen\u021b\u0103 sau ame\u021beli ca efect secundar al acestui medicament. Ar trebui evitat\u0103 conducerea vehiculelor, folosirea utilajelor sau orice alt\u0103 activitate care necesit\u0103 toat\u0103 aten\u021bie sau vigilen\u021b\u0103. V\u0103 rug\u0103m s\u0103 v\u0103 ab\u021bine\u021bi de la participarea la oricare dintre aceste activit\u0103\u021bi p\u00e2n\u0103 c\u00e2nd sunte\u021bi sigur c\u0103 pute\u021bi face acest lucru f\u0103r\u0103 a \u00eent\u00e2mpina dificult\u0103\u021bi.<\/p>\n<p>Sarcina:<\/p>\n<p>Femeilor \u00eens\u0103rcinate li se recomand\u0103 s\u0103 nu ia acest medicament. Utiliza\u021bi acest medicament numai dac\u0103 este absolut necesar. Consulta\u021bi-v\u0103 medicul sau farmacistul pentru a afla despre avantajele \u0219i dezavantajele lu\u0103rii acestui medicament \u00een timpul sarcinii.<\/p>\n<p>Al\u0103ptarea<\/p>\n<p>Luarea acestui medicament \u00een timpul al\u0103pt\u0103rii poate avea un efect negativ asupra s\u0103n\u0103t\u0103\u021bii copilului. Medicii trebuie consulta\u021bi rapid dac\u0103 copilul dumneavoastr\u0103 prezint\u0103 simptome ciudate, cum ar fi dificult\u0103\u021bi de respira\u021bie sau letargie, precum \u0219i probleme de alimenta\u021bie.<\/p>\n<p>V\u0103s\u0103turile, ame\u021belile, somnolen\u021ba \u0219i constipa\u021bia pot ap\u0103rea ca urmare a utiliz\u0103rii hidrocodonei. Pe m\u0103sur\u0103 ce medicamentul este continuat, unele dintre aceste reac\u021bii adverse pot sc\u0103dea \u00een severitate \u00een timp. Dac\u0103 oricare dintre aceste simptome se agraveaz\u0103, ar trebui s\u0103 solicita\u021bi asisten\u021b\u0103 medical\u0103 de urgen\u021b\u0103 pentru a g\u0103si o solu\u021bie.<\/p>\n<p>Ar trebui s\u0103 consuma\u021bi multe fibre \u0219i s\u0103 be\u021bi mult\u0103 ap\u0103 pentru a evita constipa\u021bia. Lua\u021bi un laxativ pentru a atenua simptomele constipa\u021biei dac\u0103 ave\u021bi nevoie. Ar trebui s\u0103 cere\u021bi sfatul medicului dumneavoastr\u0103 \u00eenainte de a lua un laxativ.<\/p>\n<p>Trebuie s\u0103 v\u0103 ridica\u021bi \u00eencet dintr-o pozi\u021bie culcat sau a\u0219ezat dac\u0103 dori\u021bi s\u0103 reduce\u021bi la minimum simptomele de ame\u021beli \u0219i ame\u021beli.<\/p>\n<\/p><\/div><\/div>\n","protected":false},"excerpt":{"rendered":"<div class=\"woocommerce-product-details__short-description\">\n<p>Cump\u0103ra\u021bi pastile Hydrocodone 10\/500mg pentru v\u00e2nzare \u00een Regatul Unit, UE \u0219i Europa pot fi achizi\u021bionate online de pe site-ul nostru web. Dihidrocodeinona (hidrocodona) este un opioid semifabricat derivat din codein\u0103 \u0219i tebain\u0103, dou\u0103 sedative frecvente.<\/p>\n<p>Pentru durerea moderat\u0103 p\u00e2n\u0103 la sever\u0103, ingredientul activ din Watson 540 (Hidrocodon\u0103) este 500 mg de hidrocodon\u0103. Acetaminofenul \u0219i hidrocodona sunt utilizate \u00een formularea hidrocodonei pentru v\u00e2nzare. Hidroxicodona este un medicament pentru durere opioide, \u00een timp ce acetaminofenul nu este opioid.<\/p>\n<\/p><\/div>\n","protected":false},"featured_media":5201,"comment_status":"open","ping_status":"closed","template":"","meta":[],"product_brand":[],"product_cat":[1117],"product_tag":[1297,1308,1298,1301,1307,1302,1312,1311,1314,1300,1313,1303,1304,1305,1306,1309,1310,1299],"class_list":{"0":"post-5183","1":"product","2":"type-product","3":"status-publish","4":"has-post-thumbnail","6":"product_cat-cumparati-pastile-pentru-durere-somn-sex","7":"product_tag-cumpr-watson-online","8":"product_tag-watson-dozaj","9":"product_tag-generic-pills-for-sale-in-usa","10":"product_tag-hidrocodon-de-vnzare","11":"product_tag-watson-540-medicina","12":"product_tag-medicamente-fr-prescripie-medical","13":"product_tag-watson-medicament","14":"product_tag-watson-hidrocodon-pastile-de-durere","15":"product_tag-pastile-watson-fara-reteta","16":"product_tag-generice-watson-pastile-de-vnzare-n-sua","17":"product_tag-watson-ameliorarea-durerii-tableta","18":"product_tag-watson-500-mg","19":"product_tag-watson-500mg","20":"product_tag-watson-540-hidrocodon-500-mg","21":"product_tag-watson-540-hydrocodone-online","22":"product_tag-watson-de-vanzare-in-uk","23":"product_tag-watson-de-vnzare-n-sua","24":"product_tag-generic-watson","26":"first","27":"instock","28":"shipping-taxable","29":"purchasable","30":"product-type-variable","31":"has-default-attributes"},"yoast_head":"<!-- This site is optimized with the Yoast SEO plugin v27.3 - https:\/\/yoast.com\/product\/yoast-seo-wordpress\/ -->\n<title>Cump\u0103ra\u021bi hidrocodon\u0103 10\/500 mg - Cele mai bune medicamente globale<\/title>\n<meta name=\"description\" content=\"Cump\u0103ra\u021bi Hydrocodone 10\/500mg pastile de v\u00e2nzare online \u00een Marea Britanie, UE, Europa. Hidrocodona sau dihidrocodeinona este un opioid semifabricat dedus din dou\u0103 dintre sedativele frecvent \u00eent\u00e2lnite, codeina \u0219i tebaina.\" \/>\n<meta name=\"robots\" content=\"index, follow, max-snippet:-1, max-image-preview:large, max-video-preview:-1\" \/>\n<link rel=\"canonical\" href=\"https:\/\/medicinasinc.com\/ro\/product\/hidrocodona-10-500mg\/\" \/>\n<meta property=\"og:locale\" content=\"en_US\" \/>\n<meta property=\"og:type\" content=\"article\" \/>\n<meta property=\"og:title\" content=\"Cump\u0103ra\u021bi hidrocodon\u0103 10\/500 mg - Cele mai bune medicamente globale\" \/>\n<meta property=\"og:description\" content=\"Cump\u0103ra\u021bi Hydrocodone 10\/500mg pastile de v\u00e2nzare online \u00een Marea Britanie, UE, Europa. Hidrocodona sau dihidrocodeinona este un opioid semifabricat dedus din dou\u0103 dintre sedativele frecvent \u00eent\u00e2lnite, codeina \u0219i tebaina.\" \/>\n<meta property=\"og:url\" content=\"https:\/\/medicinasinc.com\/ro\/product\/hidrocodona-10-500mg\/\" \/>\n<meta property=\"og:site_name\" content=\"Medicinas Inc\" \/>\n<meta property=\"article:modified_time\" content=\"2022-03-22T01:05:04+00:00\" \/>\n<meta property=\"og:image\" content=\"https:\/\/medicinasinc.com\/ro\/wp-content\/uploads\/sites\/11\/2022\/02\/buy-hydrocodone-10-500mg-pills-online.jpg\" \/>\n\t<meta property=\"og:image:width\" content=\"600\" \/>\n\t<meta property=\"og:image:height\" content=\"600\" \/>\n\t<meta property=\"og:image:type\" content=\"image\/jpeg\" \/>\n<meta name=\"twitter:card\" content=\"summary_large_image\" \/>\n<meta name=\"twitter:label1\" content=\"Est. reading time\" \/>\n\t<meta name=\"twitter:data1\" content=\"3 minutes\" \/>\n<script type=\"application\/ld+json\" class=\"yoast-schema-graph\">{\"@context\":\"https:\\\/\\\/schema.org\",\"@graph\":[{\"@type\":\"WebPage\",\"@id\":\"https:\\\/\\\/medicinasinc.com\\\/ro\\\/product\\\/hidrocodona-10-500mg\\\/\",\"url\":\"https:\\\/\\\/medicinasinc.com\\\/ro\\\/product\\\/hidrocodona-10-500mg\\\/\",\"name\":\"Cump\u0103ra\u021bi hidrocodon\u0103 10\\\/500 mg - Cele mai bune medicamente globale\",\"isPartOf\":{\"@id\":\"https:\\\/\\\/medicinasinc.com\\\/ro\\\/#website\"},\"primaryImageOfPage\":{\"@id\":\"https:\\\/\\\/medicinasinc.com\\\/ro\\\/product\\\/hidrocodona-10-500mg\\\/#primaryimage\"},\"image\":{\"@id\":\"https:\\\/\\\/medicinasinc.com\\\/ro\\\/product\\\/hidrocodona-10-500mg\\\/#primaryimage\"},\"thumbnailUrl\":\"https:\\\/\\\/medicinasinc.com\\\/ro\\\/wp-content\\\/uploads\\\/sites\\\/11\\\/2022\\\/02\\\/buy-hydrocodone-10-500mg-pills-online.jpg\",\"datePublished\":\"2022-02-20T21:35:10+00:00\",\"dateModified\":\"2022-03-22T01:05:04+00:00\",\"description\":\"Cump\u0103ra\u021bi Hydrocodone 10\\\/500mg pastile de v\u00e2nzare online \u00een Marea Britanie, UE, Europa. Hidrocodona sau dihidrocodeinona este un opioid semifabricat dedus din dou\u0103 dintre sedativele frecvent \u00eent\u00e2lnite, codeina \u0219i tebaina.\",\"breadcrumb\":{\"@id\":\"https:\\\/\\\/medicinasinc.com\\\/ro\\\/product\\\/hidrocodona-10-500mg\\\/#breadcrumb\"},\"inLanguage\":\"en-US\",\"potentialAction\":[{\"@type\":\"ReadAction\",\"target\":[\"https:\\\/\\\/medicinasinc.com\\\/ro\\\/product\\\/hidrocodona-10-500mg\\\/\"]}]},{\"@type\":\"ImageObject\",\"inLanguage\":\"en-US\",\"@id\":\"https:\\\/\\\/medicinasinc.com\\\/ro\\\/product\\\/hidrocodona-10-500mg\\\/#primaryimage\",\"url\":\"https:\\\/\\\/medicinasinc.com\\\/ro\\\/wp-content\\\/uploads\\\/sites\\\/11\\\/2022\\\/02\\\/buy-hydrocodone-10-500mg-pills-online.jpg\",\"contentUrl\":\"https:\\\/\\\/medicinasinc.com\\\/ro\\\/wp-content\\\/uploads\\\/sites\\\/11\\\/2022\\\/02\\\/buy-hydrocodone-10-500mg-pills-online.jpg\",\"width\":600,\"height\":600},{\"@type\":\"BreadcrumbList\",\"@id\":\"https:\\\/\\\/medicinasinc.com\\\/ro\\\/product\\\/hidrocodona-10-500mg\\\/#breadcrumb\",\"itemListElement\":[{\"@type\":\"ListItem\",\"position\":1,\"name\":\"Magazin\",\"item\":\"https:\\\/\\\/medicinasinc.com\\\/ro\\\/magazin\\\/\"},{\"@type\":\"ListItem\",\"position\":2,\"name\":\"Hidrocodon\u0103 10\\\/500 mg\"}]},{\"@type\":\"WebSite\",\"@id\":\"https:\\\/\\\/medicinasinc.com\\\/ro\\\/#website\",\"url\":\"https:\\\/\\\/medicinasinc.com\\\/ro\\\/\",\"name\":\"Medicinas Inc\",\"description\":\"Health Medical Clinic\",\"potentialAction\":[{\"@type\":\"SearchAction\",\"target\":{\"@type\":\"EntryPoint\",\"urlTemplate\":\"https:\\\/\\\/medicinasinc.com\\\/ro\\\/?s={search_term_string}\"},\"query-input\":{\"@type\":\"PropertyValueSpecification\",\"valueRequired\":true,\"valueName\":\"search_term_string\"}}],\"inLanguage\":\"en-US\"}]}<\/script>\n<!-- \/ Yoast SEO plugin. -->","yoast_head_json":{"title":"Cump\u0103ra\u021bi hidrocodon\u0103 10\/500 mg - Cele mai bune medicamente globale","description":"Cump\u0103ra\u021bi Hydrocodone 10\/500mg pastile de v\u00e2nzare online \u00een Marea Britanie, UE, Europa. Hidrocodona sau dihidrocodeinona este un opioid semifabricat dedus din dou\u0103 dintre sedativele frecvent \u00eent\u00e2lnite, codeina \u0219i tebaina.","robots":{"index":"index","follow":"follow","max-snippet":"max-snippet:-1","max-image-preview":"max-image-preview:large","max-video-preview":"max-video-preview:-1"},"canonical":"https:\/\/medicinasinc.com\/ro\/product\/hidrocodona-10-500mg\/","og_locale":"en_US","og_type":"article","og_title":"Cump\u0103ra\u021bi hidrocodon\u0103 10\/500 mg - Cele mai bune medicamente globale","og_description":"Cump\u0103ra\u021bi Hydrocodone 10\/500mg pastile de v\u00e2nzare online \u00een Marea Britanie, UE, Europa. Hidrocodona sau dihidrocodeinona este un opioid semifabricat dedus din dou\u0103 dintre sedativele frecvent \u00eent\u00e2lnite, codeina \u0219i tebaina.","og_url":"https:\/\/medicinasinc.com\/ro\/product\/hidrocodona-10-500mg\/","og_site_name":"Medicinas Inc","article_modified_time":"2022-03-22T01:05:04+00:00","og_image":[{"width":600,"height":600,"url":"https:\/\/medicinasinc.com\/ro\/wp-content\/uploads\/sites\/11\/2022\/02\/buy-hydrocodone-10-500mg-pills-online.jpg","type":"image\/jpeg"}],"twitter_card":"summary_large_image","twitter_misc":{"Est. reading time":"3 minutes"},"schema":{"@context":"https:\/\/schema.org","@graph":[{"@type":"WebPage","@id":"https:\/\/medicinasinc.com\/ro\/product\/hidrocodona-10-500mg\/","url":"https:\/\/medicinasinc.com\/ro\/product\/hidrocodona-10-500mg\/","name":"Cump\u0103ra\u021bi hidrocodon\u0103 10\/500 mg - Cele mai bune medicamente globale","isPartOf":{"@id":"https:\/\/medicinasinc.com\/ro\/#website"},"primaryImageOfPage":{"@id":"https:\/\/medicinasinc.com\/ro\/product\/hidrocodona-10-500mg\/#primaryimage"},"image":{"@id":"https:\/\/medicinasinc.com\/ro\/product\/hidrocodona-10-500mg\/#primaryimage"},"thumbnailUrl":"https:\/\/medicinasinc.com\/ro\/wp-content\/uploads\/sites\/11\/2022\/02\/buy-hydrocodone-10-500mg-pills-online.jpg","datePublished":"2022-02-20T21:35:10+00:00","dateModified":"2022-03-22T01:05:04+00:00","description":"Cump\u0103ra\u021bi Hydrocodone 10\/500mg pastile de v\u00e2nzare online \u00een Marea Britanie, UE, Europa. Hidrocodona sau dihidrocodeinona este un opioid semifabricat dedus din dou\u0103 dintre sedativele frecvent \u00eent\u00e2lnite, codeina \u0219i tebaina.","breadcrumb":{"@id":"https:\/\/medicinasinc.com\/ro\/product\/hidrocodona-10-500mg\/#breadcrumb"},"inLanguage":"en-US","potentialAction":[{"@type":"ReadAction","target":["https:\/\/medicinasinc.com\/ro\/product\/hidrocodona-10-500mg\/"]}]},{"@type":"ImageObject","inLanguage":"en-US","@id":"https:\/\/medicinasinc.com\/ro\/product\/hidrocodona-10-500mg\/#primaryimage","url":"https:\/\/medicinasinc.com\/ro\/wp-content\/uploads\/sites\/11\/2022\/02\/buy-hydrocodone-10-500mg-pills-online.jpg","contentUrl":"https:\/\/medicinasinc.com\/ro\/wp-content\/uploads\/sites\/11\/2022\/02\/buy-hydrocodone-10-500mg-pills-online.jpg","width":600,"height":600},{"@type":"BreadcrumbList","@id":"https:\/\/medicinasinc.com\/ro\/product\/hidrocodona-10-500mg\/#breadcrumb","itemListElement":[{"@type":"ListItem","position":1,"name":"Magazin","item":"https:\/\/medicinasinc.com\/ro\/magazin\/"},{"@type":"ListItem","position":2,"name":"Hidrocodon\u0103 10\/500 mg"}]},{"@type":"WebSite","@id":"https:\/\/medicinasinc.com\/ro\/#website","url":"https:\/\/medicinasinc.com\/ro\/","name":"Medicinas Inc","description":"Health Medical Clinic","potentialAction":[{"@type":"SearchAction","target":{"@type":"EntryPoint","urlTemplate":"https:\/\/medicinasinc.com\/ro\/?s={search_term_string}"},"query-input":{"@type":"PropertyValueSpecification","valueRequired":true,"valueName":"search_term_string"}}],"inLanguage":"en-US"}]}},"_links":{"self":[{"href":"https:\/\/medicinasinc.com\/ro\/wp-json\/wp\/v2\/product\/5183","targetHints":{"allow":["GET"]}}],"collection":[{"href":"https:\/\/medicinasinc.com\/ro\/wp-json\/wp\/v2\/product"}],"about":[{"href":"https:\/\/medicinasinc.com\/ro\/wp-json\/wp\/v2\/types\/product"}],"replies":[{"embeddable":true,"href":"https:\/\/medicinasinc.com\/ro\/wp-json\/wp\/v2\/comments?post=5183"}],"wp:featuredmedia":[{"embeddable":true,"href":"https:\/\/medicinasinc.com\/ro\/wp-json\/wp\/v2\/media\/5201"}],"wp:attachment":[{"href":"https:\/\/medicinasinc.com\/ro\/wp-json\/wp\/v2\/media?parent=5183"}],"wp:term":[{"taxonomy":"product_brand","embeddable":true,"href":"https:\/\/medicinasinc.com\/ro\/wp-json\/wp\/v2\/product_brand?post=5183"},{"taxonomy":"product_cat","embeddable":true,"href":"https:\/\/medicinasinc.com\/ro\/wp-json\/wp\/v2\/product_cat?post=5183"},{"taxonomy":"product_tag","embeddable":true,"href":"https:\/\/medicinasinc.com\/ro\/wp-json\/wp\/v2\/product_tag?post=5183"}],"curies":[{"name":"wp","href":"https:\/\/api.w.org\/{rel}","templated":true}]}}