{"id":5182,"date":"2022-02-20T21:32:53","date_gmt":"2022-02-20T21:32:53","guid":{"rendered":"https:\/\/medicinasinc.com\/ro\/?post_type=product&#038;p=5182"},"modified":"2022-03-22T01:05:16","modified_gmt":"2022-03-22T01:05:16","slug":"cumpara-fentanil-plasture-sistem-transdermic","status":"publish","type":"product","link":"https:\/\/medicinasinc.com\/ro\/product\/cumpara-fentanil-plasture-sistem-transdermic\/","title":{"rendered":"Cump\u0103ra\u021bi plasture pentru sistem transdermic fentanil"},"content":{"rendered":"<div class=\"product-next-previous\">\n<div class=\"product-prev\">\n<p>Plasturi transdermici de fentanil sunt disponibile pentru cump\u0103rare<br \/> Co Fentanil este ce?<\/p>\n<p>Opioide sunt o clas\u0103 de medicamente care includ fentanil. Dac\u0103 suferi\u021bi de durere sever\u0103 cronic\u0103 (de lung\u0103 durat\u0103) \u0219i lua\u021bi deja un medicament opioid (narcotic), pute\u021bi beneficia de pe urma folosirii fentanilului.<\/p>\n<p>Care este pre\u021bul co fentanilului?<\/p>\n<p>PocketPills ofer\u0103 Co Fentanyl gratuit. Dac\u0103 asigurarea dvs. acoper\u0103 costul Co Fentanyl, este posibil s\u0103 \u00eel pute\u021bi ob\u021bine la un pre\u021b redus. Costurile de distribuire \u0219i livrare ar trebui luate \u00een considerare \u00een costul final al achizi\u021biei dvs. de Co Fentanyl.<\/p>\n<p>C\u00e2t cost\u0103 taxa de eliberare a Co Fentanyl?<\/p>\n<p>Comandarea Co Fentanyl de la noi vine cu o tax\u0103 de distribuire de doar 0 USD. Dac\u0103 sunte\u021bi \u00een c\u0103utarea celui mai ieftin pre\u021b de Co Fentanyl \u00een Canada, Pocketpills este aici pentru a v\u0103 ajuta.<br \/> Asigura\u021bi-v\u0103 c\u0103 profita\u021bi de oferta noastr\u0103 de livrare gratuit\u0103 \u00een Canada.<\/p>\n<p>Numele medicamentului: Co-Fentanyl <\/p>\n<p>Toxicit\u0103\u021bi<\/p>\n<p>O varietate de medicamente au poten\u021bialul de a induce consecin\u021be nedorite.<\/p>\n<p>C\u00e2nd un medicament este utilizat conform prescrip\u021biei, pot ap\u0103rea reac\u021bii adverse care nu sunt de a\u0219teptat. . Este posibil ca efectele secundare s\u0103 fie u\u0219oare sau severe, precum \u0219i de lung\u0103 durat\u0103 sau de scurt\u0103 durat\u0103.<\/p>\n<p>Nu to\u021bi cei care iau Co Fentanyl prezint\u0103 urm\u0103toarele reac\u021bii adverse (Fentanyl-transdermic).<\/p>\n<p>Discuta\u021bi cu medicul dumneavoastr\u0103 dac\u0103 sunte\u021bi \u00eengrijorat cu privire la efectele secundare ale Co Fentanyl (Fentanyl-transdermic).<\/p>\n<p>Cel pu\u021bin 1% dintre utilizatorii de Co Fentanyl au avut urm\u0103toarele reac\u021bii adverse (Fentanyl-transdermic) . Este posibil ca unele dintre aceste efecte adverse s\u0103 dispar\u0103 de la sine \u00een timp.<\/p>\n<p>Dac\u0103 observa\u021bi oricare dintre aceste efecte adverse \u0219i sunt deranjante sau severe, contacta\u021bi medicul dumneavoastr\u0103. Dac\u0103 ave\u021bi probleme cu efectele secundare, cere\u021bi ajutor farmacistului.<\/p>\n<p>confuzie<br \/> Constipa\u021bie<br \/> constipa\u021bie probleme de concentrare somnolen\u021b\u0103 \u0219i ame\u021beli seara<br \/> Senza\u021bie de anxietate, \u00eenro\u0219ire , \u0219i durerea de cap sunt toate simptomele gurii uscate.<br \/> lipsa memoriei<br \/> disconfort sau m\u00e2nc\u0103rime la locul aplic\u0103rii<\/p>\n<p>\u00centreb\u0103ri frecvente despre Co Fentanyl<br \/> Pentru a cump\u0103ra Co Fentanyl online, va trebui s\u0103 \u0219ti\u021bi cum.<\/p>\n<p>Dac\u0103 ave\u021bi o re\u021bet\u0103 valabil\u0103 de la medicul dumneavoastr\u0103, pute\u021bi cump\u0103ra Co Fentanyl online de la PocketPills. Pute\u021bi \u00eencepe prin \u00eenc\u0103rcarea re\u021betei, cump\u0103rarea unei re\u00eenc\u0103rc\u0103ri sau conversa\u021bia cu unul dintre medicii no\u0219tri canadieni pentru a primi o re\u021bet\u0103 online, transfer\u00e2nd orice re\u021bet\u0103 existent\u0103 la farmacia noastr\u0103. O re\u021bet\u0103 pentru Co Fentanyl: Unde merg de aici?<\/p>\n<p>La pocketpills.com, pute\u021bi vorbi cu un medic canadian pe internet. \u00cen timpul program\u0103rii dumneavoastr\u0103, medicii no\u0219tri v\u0103 pot elibera re\u021bete pentru medicamente prin internet. F\u0103r\u0103 costuri suplimentare, pute\u021bi primi re\u021beta la domiciliu \u00een mod discret \u0219i \u00een ambalajul original dup\u0103 ce o primi\u021bi.<\/p>\n<p>C\u00e2t de cur\u00e2nd m\u0103 pot a\u0219tepta la pachetul meu?<\/p>\n<p>Da! \u00cen unele locuri, putem oferi livrare \u00een aceea\u0219i zi. Pe l\u00e2ng\u0103 livrarea \u00een ziua urm\u0103toare, asigur\u0103m \u0219i transportul peste noapte.<br \/> C\u00e2t cost\u0103 livrarea Co Fentanyl \u00een Canada?<br \/> Costurile de expediere ale Co Fentanyl pentru dvs. \u00een Canada sunt complet gratuite. Taxele reduse de eliberare \u0219i transportul gratuit oferit de Pocketpills fac ca canadienii s\u0103 primeasc\u0103 mai u\u0219or medicamentele de care au nevoie.<br \/> Livrarea Co Fentanyl la My House?<br \/> Dac\u0103 a\u021bi comandat medicamente pe baz\u0103 de re\u021bet\u0103 de la noi \u00een Canada cu un certificat valabil re\u021bet\u0103, am putea trimite Co Fentanyl la u\u0219a dumneavoastr\u0103. Contacta\u021bi-ne dac\u0103 nu sunte\u021bi sigur dac\u0103 livr\u0103m \u00een regiunea dumneavoastr\u0103.<br \/> De unde pot ob\u021bine Co Fentanyl gratuit \u00een Canada?<br \/> Dac\u0103 ave\u021bi un plan de asigurare de s\u0103n\u0103tate care acoper\u0103 Co Fentanyl, \u00eel pute\u021bi ob\u021bine gratuit \u00een Canada. Afla\u021bi dac\u0103 sunte\u021bi eligibil pentru Co Fentanyl gratuit, contact\u00e2nd furnizorul dvs. sau pe noi.<br \/> Unde pot g\u0103si un medic pentru a ob\u021bine Co Fentanyl?<br \/> Da. Pentru a afla dac\u0103 sunte\u021bi eligibil pentru o re\u021bet\u0103 pentru Co Fentanyl, pute\u021bi programa o consulta\u021bie online cu un medic canadian prin Best Global Meds.<br \/> Pot f\u0103r\u0103 prescrip\u021bie medical\u0103. cump\u0103ra\u021bi Co Fentanyl?<br \/> Pentru a cump\u0103ra Co Fentanyl de la noi, trebuie s\u0103 ave\u021bi o re\u021bet\u0103 valabil\u0103. Dac\u0103 ave\u021bi nevoie de o re\u021bet\u0103, v\u0103 rug\u0103m s\u0103 ne contacta\u021bi. Pute\u021bi contacta unul dintre medicii no\u0219tri ori de c\u00e2te ori este convenabil pentru dvs.<\/p>\n<p>&nbsp;<\/p>\n<p>Acest medicament este utilizat pentru a trata durerea cronic\u0103 (cum ar fi cauzat\u0103 de cancer). Analgezicele opioide (narcotice), din care face parte fentanilul, sunt un tip comun de analgezic. Altereaz\u0103 modul \u00een care corpul dumneavoastr\u0103 percepe \u0219i reac\u021bioneaz\u0103 la durere ac\u021bion\u00e2nd asupra creierului.<\/p>\n<p>Forma de plasture de fentanil nu trebuie utilizat\u0103 pentru a trata durerea u\u0219oar\u0103 sau de scurt\u0103 durat\u0103. \u201eca\u201d nu este un termen adecvat pentru acest medicament.<\/p>\n<\/p><\/div><\/div>\n","protected":false},"excerpt":{"rendered":"<p>\u00cen Regatul Unit, este posibil s\u0103 cump\u0103ra\u021bi plasture de fentanil online, precum \u0219i fentanil \u00een general, precum \u0219i plasturi de fentanil pentru v\u00e2nzare acolo.<\/p>\n<p>Plasturile de fentanil sunt folosite pentru a trata durerea cronic\u0103&amp;#8230 ;. \u00cen timp ce colecta\u021bi re\u021bete sau ob\u021bine\u021bi medicamente suplimentare, men\u021biona\u021bi farmacistului dvs. plasturele pe care \u00eel purta\u021bi.<\/p>\n","protected":false},"featured_media":5199,"comment_status":"open","ping_status":"closed","template":"","meta":[],"product_brand":[],"product_cat":[1117],"product_tag":[1248,1250,1264,1253,1282,1281,1294,1254,1284,1285,1286,1287,1283,1270,1272,1271,1289,1256,1260,1261,1262,1267,1268,1269,1274,1278,1279,1280,1288,1255,1265,1266,1257,1247,1249,1251,1252,1292,1258,1259,1263,1275,1273,1290,1276,1277,1291,1295,1296,1293],"class_list":{"0":"post-5182","1":"product","2":"type-product","3":"status-publish","4":"has-post-thumbnail","6":"product_cat-cumparati-pastile-pentru-durere-somn-sex","7":"product_tag-100-mg-fentanil-plasture-pret-strada","8":"product_tag-25-mcg-fentanil-echivalent-plasture","9":"product_tag-fentanil-plasture-aplicare","10":"product_tag-best-place-to-put-fentanyl-patch","11":"product_tag-ct-de-timp-are-pentru-un-plasture-fentanil","12":"product_tag-ct-timp-rmne-un-plasture-fentanil-n-sistemul-dumneavoastr","13":"product_tag-ce-sunt-plasturele-fentanil","14":"product_tag-cel-mai-bun-mod-de-a-obine-high-pe-fentanil-plasture","15":"product_tag-cum-s-descompune-plasturele-fentanil","16":"product_tag-cum-s-fumezi-un-plasture-de-fentanil","17":"product_tag-cum-s-se-slbeasc-plasturele-de-fentanil-fr-retragere","18":"product_tag-cum-se-utilizeaz-plasturele-fentanil","19":"product_tag-cum-se-aplica-plasturele-fentanil","20":"product_tag-tabel-dozaj-plasture-fentanil","21":"product_tag-fentanil-plasturi-doze","22":"product_tag-fentanil-plasture-doze","23":"product_tag-mallinckrodt-fentanil-extractie-de-plasture","24":"product_tag-fentanyl-gel-patch","25":"product_tag-fentanyl-patch-100mcg","26":"product_tag-fentanyl-patch-25-mcg-street-value","27":"product_tag-fentanyl-patch-50-mcg","28":"product_tag-fentanyl-patch-disposal","29":"product_tag-fentanyl-patch-dosage","30":"product_tag-fentanyl-patch-dosage-12-mcg","31":"product_tag-fentanyl-patch-dosing","32":"product_tag-fentanyl-patch-uses","33":"product_tag-fentanyl-patch-withdrawals","34":"product_tag-fentanyl-transdermal-patch","35":"product_tag-injectare-fentanil-plasture","36":"product_tag-mncare-fentanil-plasture","37":"product_tag-mrci-de-plasture-fentanil","38":"product_tag-fentanil-plasture-mestecat","39":"product_tag-fentanil-plasture-durere","40":"product_tag-100-mg-fentanil-plastur","41":"product_tag-12-micrograme-fentanil-plasture","42":"product_tag-50-mg-fentanil-plastur","43":"product_tag-75-mg-fentanil-plastur","44":"product_tag-fumat-fentanil-plasture","45":"product_tag-fentanil-plasture","46":"product_tag-plasture-fentanil-100-mcg","47":"product_tag-plasture-fentanil-75-mcg","48":"product_tag-plasture-fentanil-de-vnzare","49":"product_tag-fentanil-plasture-doze-12-mcg","50":"product_tag-sandoz-fentanil-plasture","51":"product_tag-fentanil-plasture-pachet-insert","52":"product_tag-fentanil-patch-efecte-secundare","53":"product_tag-trage-fentanil-plastic","54":"product_tag-unde-se-aeaz-plasturele-fentanil","55":"product_tag-unde-se-pune-fentanil-plasture","56":"product_tag-strada-valoare-de-fentanil-plastic","58":"first","59":"instock","60":"shipping-taxable","61":"purchasable","62":"product-type-variable","63":"has-default-attributes"},"yoast_head":"<!-- This site is optimized with the Yoast SEO plugin v27.3 - https:\/\/yoast.com\/product\/yoast-seo-wordpress\/ -->\n<title>Cump\u0103ra\u021bi plasture transdermic pentru sistem fentanil - Cele mai bune medicamente globale<\/title>\n<meta name=\"description\" content=\"Cump\u0103ra\u021bi plasturi de fentanil online \u00een Marea Britanie, plasturi de fentanil online \u00een Marea Britanie, costul plasturii de fentanil \u00een Regatul Unit, cump\u0103ra\u021bi plasturi de fentanil \u00een Marea Britanie, pre\u021bul de v\u00e2nzare cu fentanil \u00een Marea Britanie, plasturi de fentanil de v\u00e2nzare \u00een Marea Britanie\" \/>\n<meta name=\"robots\" content=\"index, follow, max-snippet:-1, max-image-preview:large, max-video-preview:-1\" \/>\n<link rel=\"canonical\" href=\"https:\/\/medicinasinc.com\/ro\/product\/cumpara-fentanil-plasture-sistem-transdermic\/\" \/>\n<meta property=\"og:locale\" content=\"en_US\" \/>\n<meta property=\"og:type\" content=\"article\" \/>\n<meta property=\"og:title\" content=\"Cump\u0103ra\u021bi plasture transdermic pentru sistem fentanil - Cele mai bune medicamente globale\" \/>\n<meta property=\"og:description\" content=\"Cump\u0103ra\u021bi plasturi de fentanil online \u00een Marea Britanie, plasturi de fentanil online \u00een Marea Britanie, costul plasturii de fentanil \u00een Regatul Unit, cump\u0103ra\u021bi plasturi de fentanil \u00een Marea Britanie, pre\u021bul de v\u00e2nzare cu fentanil \u00een Marea Britanie, plasturi de fentanil de v\u00e2nzare \u00een Marea Britanie\" \/>\n<meta property=\"og:url\" content=\"https:\/\/medicinasinc.com\/ro\/product\/cumpara-fentanil-plasture-sistem-transdermic\/\" \/>\n<meta property=\"og:site_name\" content=\"Medicinas Inc\" \/>\n<meta property=\"article:modified_time\" content=\"2022-03-22T01:05:16+00:00\" \/>\n<meta property=\"og:image\" content=\"https:\/\/medicinasinc.com\/ro\/wp-content\/uploads\/sites\/11\/2022\/02\/buy-fentanyl-transdermal-system-patch.jpg\" \/>\n\t<meta property=\"og:image:width\" content=\"600\" \/>\n\t<meta property=\"og:image:height\" content=\"600\" \/>\n\t<meta property=\"og:image:type\" content=\"image\/jpeg\" \/>\n<meta name=\"twitter:card\" content=\"summary_large_image\" \/>\n<meta name=\"twitter:label1\" content=\"Est. reading time\" \/>\n\t<meta name=\"twitter:data1\" content=\"4 minutes\" \/>\n<script type=\"application\/ld+json\" class=\"yoast-schema-graph\">{\"@context\":\"https:\\\/\\\/schema.org\",\"@graph\":[{\"@type\":\"WebPage\",\"@id\":\"https:\\\/\\\/medicinasinc.com\\\/ro\\\/product\\\/cumpara-fentanil-plasture-sistem-transdermic\\\/\",\"url\":\"https:\\\/\\\/medicinasinc.com\\\/ro\\\/product\\\/cumpara-fentanil-plasture-sistem-transdermic\\\/\",\"name\":\"Cump\u0103ra\u021bi plasture transdermic pentru sistem fentanil - Cele mai bune medicamente globale\",\"isPartOf\":{\"@id\":\"https:\\\/\\\/medicinasinc.com\\\/ro\\\/#website\"},\"primaryImageOfPage\":{\"@id\":\"https:\\\/\\\/medicinasinc.com\\\/ro\\\/product\\\/cumpara-fentanil-plasture-sistem-transdermic\\\/#primaryimage\"},\"image\":{\"@id\":\"https:\\\/\\\/medicinasinc.com\\\/ro\\\/product\\\/cumpara-fentanil-plasture-sistem-transdermic\\\/#primaryimage\"},\"thumbnailUrl\":\"https:\\\/\\\/medicinasinc.com\\\/ro\\\/wp-content\\\/uploads\\\/sites\\\/11\\\/2022\\\/02\\\/buy-fentanyl-transdermal-system-patch.jpg\",\"datePublished\":\"2022-02-20T21:32:53+00:00\",\"dateModified\":\"2022-03-22T01:05:16+00:00\",\"description\":\"Cump\u0103ra\u021bi plasturi de fentanil online \u00een Marea Britanie, plasturi de fentanil online \u00een Marea Britanie, costul plasturii de fentanil \u00een Regatul Unit, cump\u0103ra\u021bi plasturi de fentanil \u00een Marea Britanie, pre\u021bul de v\u00e2nzare cu fentanil \u00een Marea Britanie, plasturi de fentanil de v\u00e2nzare \u00een Marea Britanie\",\"breadcrumb\":{\"@id\":\"https:\\\/\\\/medicinasinc.com\\\/ro\\\/product\\\/cumpara-fentanil-plasture-sistem-transdermic\\\/#breadcrumb\"},\"inLanguage\":\"en-US\",\"potentialAction\":[{\"@type\":\"ReadAction\",\"target\":[\"https:\\\/\\\/medicinasinc.com\\\/ro\\\/product\\\/cumpara-fentanil-plasture-sistem-transdermic\\\/\"]}]},{\"@type\":\"ImageObject\",\"inLanguage\":\"en-US\",\"@id\":\"https:\\\/\\\/medicinasinc.com\\\/ro\\\/product\\\/cumpara-fentanil-plasture-sistem-transdermic\\\/#primaryimage\",\"url\":\"https:\\\/\\\/medicinasinc.com\\\/ro\\\/wp-content\\\/uploads\\\/sites\\\/11\\\/2022\\\/02\\\/buy-fentanyl-transdermal-system-patch.jpg\",\"contentUrl\":\"https:\\\/\\\/medicinasinc.com\\\/ro\\\/wp-content\\\/uploads\\\/sites\\\/11\\\/2022\\\/02\\\/buy-fentanyl-transdermal-system-patch.jpg\",\"width\":600,\"height\":600},{\"@type\":\"BreadcrumbList\",\"@id\":\"https:\\\/\\\/medicinasinc.com\\\/ro\\\/product\\\/cumpara-fentanil-plasture-sistem-transdermic\\\/#breadcrumb\",\"itemListElement\":[{\"@type\":\"ListItem\",\"position\":1,\"name\":\"Magazin\",\"item\":\"https:\\\/\\\/medicinasinc.com\\\/ro\\\/magazin\\\/\"},{\"@type\":\"ListItem\",\"position\":2,\"name\":\"Cump\u0103ra\u021bi plasture pentru sistem transdermic fentanil\"}]},{\"@type\":\"WebSite\",\"@id\":\"https:\\\/\\\/medicinasinc.com\\\/ro\\\/#website\",\"url\":\"https:\\\/\\\/medicinasinc.com\\\/ro\\\/\",\"name\":\"Medicinas Inc\",\"description\":\"Health Medical Clinic\",\"potentialAction\":[{\"@type\":\"SearchAction\",\"target\":{\"@type\":\"EntryPoint\",\"urlTemplate\":\"https:\\\/\\\/medicinasinc.com\\\/ro\\\/?s={search_term_string}\"},\"query-input\":{\"@type\":\"PropertyValueSpecification\",\"valueRequired\":true,\"valueName\":\"search_term_string\"}}],\"inLanguage\":\"en-US\"}]}<\/script>\n<!-- \/ Yoast SEO plugin. -->","yoast_head_json":{"title":"Cump\u0103ra\u021bi plasture transdermic pentru sistem fentanil - Cele mai bune medicamente globale","description":"Cump\u0103ra\u021bi plasturi de fentanil online \u00een Marea Britanie, plasturi de fentanil online \u00een Marea Britanie, costul plasturii de fentanil \u00een Regatul Unit, cump\u0103ra\u021bi plasturi de fentanil \u00een Marea Britanie, pre\u021bul de v\u00e2nzare cu fentanil \u00een Marea Britanie, plasturi de fentanil de v\u00e2nzare \u00een Marea Britanie","robots":{"index":"index","follow":"follow","max-snippet":"max-snippet:-1","max-image-preview":"max-image-preview:large","max-video-preview":"max-video-preview:-1"},"canonical":"https:\/\/medicinasinc.com\/ro\/product\/cumpara-fentanil-plasture-sistem-transdermic\/","og_locale":"en_US","og_type":"article","og_title":"Cump\u0103ra\u021bi plasture transdermic pentru sistem fentanil - Cele mai bune medicamente globale","og_description":"Cump\u0103ra\u021bi plasturi de fentanil online \u00een Marea Britanie, plasturi de fentanil online \u00een Marea Britanie, costul plasturii de fentanil \u00een Regatul Unit, cump\u0103ra\u021bi plasturi de fentanil \u00een Marea Britanie, pre\u021bul de v\u00e2nzare cu fentanil \u00een Marea Britanie, plasturi de fentanil de v\u00e2nzare \u00een Marea Britanie","og_url":"https:\/\/medicinasinc.com\/ro\/product\/cumpara-fentanil-plasture-sistem-transdermic\/","og_site_name":"Medicinas Inc","article_modified_time":"2022-03-22T01:05:16+00:00","og_image":[{"width":600,"height":600,"url":"https:\/\/medicinasinc.com\/ro\/wp-content\/uploads\/sites\/11\/2022\/02\/buy-fentanyl-transdermal-system-patch.jpg","type":"image\/jpeg"}],"twitter_card":"summary_large_image","twitter_misc":{"Est. reading time":"4 minutes"},"schema":{"@context":"https:\/\/schema.org","@graph":[{"@type":"WebPage","@id":"https:\/\/medicinasinc.com\/ro\/product\/cumpara-fentanil-plasture-sistem-transdermic\/","url":"https:\/\/medicinasinc.com\/ro\/product\/cumpara-fentanil-plasture-sistem-transdermic\/","name":"Cump\u0103ra\u021bi plasture transdermic pentru sistem fentanil - Cele mai bune medicamente globale","isPartOf":{"@id":"https:\/\/medicinasinc.com\/ro\/#website"},"primaryImageOfPage":{"@id":"https:\/\/medicinasinc.com\/ro\/product\/cumpara-fentanil-plasture-sistem-transdermic\/#primaryimage"},"image":{"@id":"https:\/\/medicinasinc.com\/ro\/product\/cumpara-fentanil-plasture-sistem-transdermic\/#primaryimage"},"thumbnailUrl":"https:\/\/medicinasinc.com\/ro\/wp-content\/uploads\/sites\/11\/2022\/02\/buy-fentanyl-transdermal-system-patch.jpg","datePublished":"2022-02-20T21:32:53+00:00","dateModified":"2022-03-22T01:05:16+00:00","description":"Cump\u0103ra\u021bi plasturi de fentanil online \u00een Marea Britanie, plasturi de fentanil online \u00een Marea Britanie, costul plasturii de fentanil \u00een Regatul Unit, cump\u0103ra\u021bi plasturi de fentanil \u00een Marea Britanie, pre\u021bul de v\u00e2nzare cu fentanil \u00een Marea Britanie, plasturi de fentanil de v\u00e2nzare \u00een Marea Britanie","breadcrumb":{"@id":"https:\/\/medicinasinc.com\/ro\/product\/cumpara-fentanil-plasture-sistem-transdermic\/#breadcrumb"},"inLanguage":"en-US","potentialAction":[{"@type":"ReadAction","target":["https:\/\/medicinasinc.com\/ro\/product\/cumpara-fentanil-plasture-sistem-transdermic\/"]}]},{"@type":"ImageObject","inLanguage":"en-US","@id":"https:\/\/medicinasinc.com\/ro\/product\/cumpara-fentanil-plasture-sistem-transdermic\/#primaryimage","url":"https:\/\/medicinasinc.com\/ro\/wp-content\/uploads\/sites\/11\/2022\/02\/buy-fentanyl-transdermal-system-patch.jpg","contentUrl":"https:\/\/medicinasinc.com\/ro\/wp-content\/uploads\/sites\/11\/2022\/02\/buy-fentanyl-transdermal-system-patch.jpg","width":600,"height":600},{"@type":"BreadcrumbList","@id":"https:\/\/medicinasinc.com\/ro\/product\/cumpara-fentanil-plasture-sistem-transdermic\/#breadcrumb","itemListElement":[{"@type":"ListItem","position":1,"name":"Magazin","item":"https:\/\/medicinasinc.com\/ro\/magazin\/"},{"@type":"ListItem","position":2,"name":"Cump\u0103ra\u021bi plasture pentru sistem transdermic fentanil"}]},{"@type":"WebSite","@id":"https:\/\/medicinasinc.com\/ro\/#website","url":"https:\/\/medicinasinc.com\/ro\/","name":"Medicinas Inc","description":"Health Medical Clinic","potentialAction":[{"@type":"SearchAction","target":{"@type":"EntryPoint","urlTemplate":"https:\/\/medicinasinc.com\/ro\/?s={search_term_string}"},"query-input":{"@type":"PropertyValueSpecification","valueRequired":true,"valueName":"search_term_string"}}],"inLanguage":"en-US"}]}},"_links":{"self":[{"href":"https:\/\/medicinasinc.com\/ro\/wp-json\/wp\/v2\/product\/5182","targetHints":{"allow":["GET"]}}],"collection":[{"href":"https:\/\/medicinasinc.com\/ro\/wp-json\/wp\/v2\/product"}],"about":[{"href":"https:\/\/medicinasinc.com\/ro\/wp-json\/wp\/v2\/types\/product"}],"replies":[{"embeddable":true,"href":"https:\/\/medicinasinc.com\/ro\/wp-json\/wp\/v2\/comments?post=5182"}],"wp:featuredmedia":[{"embeddable":true,"href":"https:\/\/medicinasinc.com\/ro\/wp-json\/wp\/v2\/media\/5199"}],"wp:attachment":[{"href":"https:\/\/medicinasinc.com\/ro\/wp-json\/wp\/v2\/media?parent=5182"}],"wp:term":[{"taxonomy":"product_brand","embeddable":true,"href":"https:\/\/medicinasinc.com\/ro\/wp-json\/wp\/v2\/product_brand?post=5182"},{"taxonomy":"product_cat","embeddable":true,"href":"https:\/\/medicinasinc.com\/ro\/wp-json\/wp\/v2\/product_cat?post=5182"},{"taxonomy":"product_tag","embeddable":true,"href":"https:\/\/medicinasinc.com\/ro\/wp-json\/wp\/v2\/product_tag?post=5182"}],"curies":[{"name":"wp","href":"https:\/\/api.w.org\/{rel}","templated":true}]}}