{"id":5150,"date":"2022-02-20T21:06:40","date_gmt":"2022-02-20T21:06:40","guid":{"rendered":"https:\/\/medicinasinc.com\/ro\/?post_type=product&#038;p=5150"},"modified":"2022-03-22T01:05:34","modified_gmt":"2022-03-22T01:05:34","slug":"cumpara-dormicum-7-5mg","status":"publish","type":"product","link":"https:\/\/medicinasinc.com\/ro\/product\/cumpara-dormicum-7-5mg\/","title":{"rendered":"Cump\u0103ra\u021bi Dormicum 7,5 mg"},"content":{"rendered":"<h1 class=\"product_title entry-title\">Cump\u0103ra\u021bi online pastile Dormicum 7,5 mg<\/h1>\n<div class=\"product-next-previous\">\n<div class=\"product-prev\"><\/div><\/div>\n","protected":false},"excerpt":{"rendered":"<div class=\"g\">\n<div data-hveid=\"CAgQAA\" data-ved=\"2ahUKEwiIvtiow9nzAhXByIUKHXzyCos4ChAVKAB6BAgIEAA\">\n<div class=\"tF2Cxc\">\n<div class=\"IsZvec\">\n<div class=\"VwiC3 yvNxGb7 lyLwlc lEBKkf\"><em>Cump\u0103ra\u021bi Dormicum 7,5mg<\/em>\u00a0Midazolam online f\u0103r\u0103 prescrip\u021bie medical\u0103. Livrare peste noapte gratuit\u0103. Plata prin card de credit. Livrare \u00een ziua urm\u0103toare.<\/div>\n<\/p><\/div>\n<\/p><\/div>\n<\/p><\/div>\n<\/p><\/div>\n<div class=\"g\">\n<div data-hveid=\"CAcQAA\" data-ved=\"2ahUKEwiIvtiow9nzAhXByIUKHXzyCos4ChAVKAB6BAgHEAA\">\n<div class=\"tF2Cxc\"><\/div>\n<\/p><\/div>\n<\/p><\/div>\n<p>Nume de marc\u0103: Dormicum<\/p>\n<p>Nume generic: Midazolam<\/p>\n<p>Concentra\u021bie: 7,5 mg<\/p>\n<p> p&gt; <\/p>\n<p>Forma produsului: tablete\/pastile<\/p>\n<p>Detalii de ambalare: blistere<\/p>\n<p>Producator: Roche<\/p>\n<p>&nbsp;<\/p>\n","protected":false},"featured_media":5168,"comment_status":"open","ping_status":"closed","template":"","meta":[],"product_brand":[],"product_cat":[1117],"product_tag":[],"class_list":{"0":"post-5150","1":"product","2":"type-product","3":"status-publish","4":"has-post-thumbnail","6":"product_cat-cumparati-pastile-pentru-durere-somn-sex","8":"first","9":"instock","10":"shipping-taxable","11":"purchasable","12":"product-type-variable","13":"has-default-attributes"},"yoast_head":"<!-- This site is optimized with the Yoast SEO plugin v27.3 - https:\/\/yoast.com\/product\/yoast-seo-wordpress\/ -->\n<title>Cump\u0103ra\u021bi Dormicum 7,5 mg - Cele mai bune medicamente globale<\/title>\n<meta name=\"description\" content=\"Cump\u0103ra\u021bi Dormicum 7.5mg Online Midazolam f\u0103r\u0103 prescrip\u021bie medical\u0103. Livrare peste noapte gratuit\u0103. Plata prin card de credit. Livrare a doua zi.\" \/>\n<meta name=\"robots\" content=\"index, follow, max-snippet:-1, max-image-preview:large, max-video-preview:-1\" \/>\n<link rel=\"canonical\" href=\"https:\/\/medicinasinc.com\/ro\/product\/cumpara-dormicum-7-5mg\/\" \/>\n<meta property=\"og:locale\" content=\"en_US\" \/>\n<meta property=\"og:type\" content=\"article\" \/>\n<meta property=\"og:title\" content=\"Cump\u0103ra\u021bi Dormicum 7,5 mg - Cele mai bune medicamente globale\" \/>\n<meta property=\"og:description\" content=\"Cump\u0103ra\u021bi Dormicum 7.5mg Online Midazolam f\u0103r\u0103 prescrip\u021bie medical\u0103. Livrare peste noapte gratuit\u0103. Plata prin card de credit. Livrare a doua zi.\" \/>\n<meta property=\"og:url\" content=\"https:\/\/medicinasinc.com\/ro\/product\/cumpara-dormicum-7-5mg\/\" \/>\n<meta property=\"og:site_name\" content=\"Medicinas Inc\" \/>\n<meta property=\"article:modified_time\" content=\"2022-03-22T01:05:34+00:00\" \/>\n<meta property=\"og:image\" content=\"https:\/\/medicinasinc.com\/ro\/wp-content\/uploads\/sites\/11\/2022\/02\/Buy-Dormicum-7.5mg.jpg\" \/>\n\t<meta property=\"og:image:width\" content=\"1393\" \/>\n\t<meta property=\"og:image:height\" content=\"700\" \/>\n\t<meta property=\"og:image:type\" content=\"image\/jpeg\" \/>\n<meta name=\"twitter:card\" content=\"summary_large_image\" \/>\n<meta name=\"twitter:label1\" content=\"Est. reading time\" \/>\n\t<meta name=\"twitter:data1\" content=\"1 minute\" \/>\n<script type=\"application\/ld+json\" class=\"yoast-schema-graph\">{\"@context\":\"https:\\\/\\\/schema.org\",\"@graph\":[{\"@type\":\"WebPage\",\"@id\":\"https:\\\/\\\/medicinasinc.com\\\/ro\\\/product\\\/cumpara-dormicum-7-5mg\\\/\",\"url\":\"https:\\\/\\\/medicinasinc.com\\\/ro\\\/product\\\/cumpara-dormicum-7-5mg\\\/\",\"name\":\"Cump\u0103ra\u021bi Dormicum 7,5 mg - Cele mai bune medicamente globale\",\"isPartOf\":{\"@id\":\"https:\\\/\\\/medicinasinc.com\\\/ro\\\/#website\"},\"primaryImageOfPage\":{\"@id\":\"https:\\\/\\\/medicinasinc.com\\\/ro\\\/product\\\/cumpara-dormicum-7-5mg\\\/#primaryimage\"},\"image\":{\"@id\":\"https:\\\/\\\/medicinasinc.com\\\/ro\\\/product\\\/cumpara-dormicum-7-5mg\\\/#primaryimage\"},\"thumbnailUrl\":\"https:\\\/\\\/medicinasinc.com\\\/ro\\\/wp-content\\\/uploads\\\/sites\\\/11\\\/2022\\\/02\\\/Buy-Dormicum-7.5mg.jpg\",\"datePublished\":\"2022-02-20T21:06:40+00:00\",\"dateModified\":\"2022-03-22T01:05:34+00:00\",\"description\":\"Cump\u0103ra\u021bi Dormicum 7.5mg Online Midazolam f\u0103r\u0103 prescrip\u021bie medical\u0103. Livrare peste noapte gratuit\u0103. Plata prin card de credit. Livrare a doua zi.\",\"breadcrumb\":{\"@id\":\"https:\\\/\\\/medicinasinc.com\\\/ro\\\/product\\\/cumpara-dormicum-7-5mg\\\/#breadcrumb\"},\"inLanguage\":\"en-US\",\"potentialAction\":[{\"@type\":\"ReadAction\",\"target\":[\"https:\\\/\\\/medicinasinc.com\\\/ro\\\/product\\\/cumpara-dormicum-7-5mg\\\/\"]}]},{\"@type\":\"ImageObject\",\"inLanguage\":\"en-US\",\"@id\":\"https:\\\/\\\/medicinasinc.com\\\/ro\\\/product\\\/cumpara-dormicum-7-5mg\\\/#primaryimage\",\"url\":\"https:\\\/\\\/medicinasinc.com\\\/ro\\\/wp-content\\\/uploads\\\/sites\\\/11\\\/2022\\\/02\\\/Buy-Dormicum-7.5mg.jpg\",\"contentUrl\":\"https:\\\/\\\/medicinasinc.com\\\/ro\\\/wp-content\\\/uploads\\\/sites\\\/11\\\/2022\\\/02\\\/Buy-Dormicum-7.5mg.jpg\",\"width\":1393,\"height\":700},{\"@type\":\"BreadcrumbList\",\"@id\":\"https:\\\/\\\/medicinasinc.com\\\/ro\\\/product\\\/cumpara-dormicum-7-5mg\\\/#breadcrumb\",\"itemListElement\":[{\"@type\":\"ListItem\",\"position\":1,\"name\":\"Magazin\",\"item\":\"https:\\\/\\\/medicinasinc.com\\\/ro\\\/magazin\\\/\"},{\"@type\":\"ListItem\",\"position\":2,\"name\":\"Cump\u0103ra\u021bi Dormicum 7,5 mg\"}]},{\"@type\":\"WebSite\",\"@id\":\"https:\\\/\\\/medicinasinc.com\\\/ro\\\/#website\",\"url\":\"https:\\\/\\\/medicinasinc.com\\\/ro\\\/\",\"name\":\"Medicinas Inc\",\"description\":\"Health Medical Clinic\",\"potentialAction\":[{\"@type\":\"SearchAction\",\"target\":{\"@type\":\"EntryPoint\",\"urlTemplate\":\"https:\\\/\\\/medicinasinc.com\\\/ro\\\/?s={search_term_string}\"},\"query-input\":{\"@type\":\"PropertyValueSpecification\",\"valueRequired\":true,\"valueName\":\"search_term_string\"}}],\"inLanguage\":\"en-US\"}]}<\/script>\n<!-- \/ Yoast SEO plugin. -->","yoast_head_json":{"title":"Cump\u0103ra\u021bi Dormicum 7,5 mg - Cele mai bune medicamente globale","description":"Cump\u0103ra\u021bi Dormicum 7.5mg Online Midazolam f\u0103r\u0103 prescrip\u021bie medical\u0103. Livrare peste noapte gratuit\u0103. Plata prin card de credit. Livrare a doua zi.","robots":{"index":"index","follow":"follow","max-snippet":"max-snippet:-1","max-image-preview":"max-image-preview:large","max-video-preview":"max-video-preview:-1"},"canonical":"https:\/\/medicinasinc.com\/ro\/product\/cumpara-dormicum-7-5mg\/","og_locale":"en_US","og_type":"article","og_title":"Cump\u0103ra\u021bi Dormicum 7,5 mg - Cele mai bune medicamente globale","og_description":"Cump\u0103ra\u021bi Dormicum 7.5mg Online Midazolam f\u0103r\u0103 prescrip\u021bie medical\u0103. Livrare peste noapte gratuit\u0103. Plata prin card de credit. Livrare a doua zi.","og_url":"https:\/\/medicinasinc.com\/ro\/product\/cumpara-dormicum-7-5mg\/","og_site_name":"Medicinas Inc","article_modified_time":"2022-03-22T01:05:34+00:00","og_image":[{"width":1393,"height":700,"url":"https:\/\/medicinasinc.com\/ro\/wp-content\/uploads\/sites\/11\/2022\/02\/Buy-Dormicum-7.5mg.jpg","type":"image\/jpeg"}],"twitter_card":"summary_large_image","twitter_misc":{"Est. reading time":"1 minute"},"schema":{"@context":"https:\/\/schema.org","@graph":[{"@type":"WebPage","@id":"https:\/\/medicinasinc.com\/ro\/product\/cumpara-dormicum-7-5mg\/","url":"https:\/\/medicinasinc.com\/ro\/product\/cumpara-dormicum-7-5mg\/","name":"Cump\u0103ra\u021bi Dormicum 7,5 mg - Cele mai bune medicamente globale","isPartOf":{"@id":"https:\/\/medicinasinc.com\/ro\/#website"},"primaryImageOfPage":{"@id":"https:\/\/medicinasinc.com\/ro\/product\/cumpara-dormicum-7-5mg\/#primaryimage"},"image":{"@id":"https:\/\/medicinasinc.com\/ro\/product\/cumpara-dormicum-7-5mg\/#primaryimage"},"thumbnailUrl":"https:\/\/medicinasinc.com\/ro\/wp-content\/uploads\/sites\/11\/2022\/02\/Buy-Dormicum-7.5mg.jpg","datePublished":"2022-02-20T21:06:40+00:00","dateModified":"2022-03-22T01:05:34+00:00","description":"Cump\u0103ra\u021bi Dormicum 7.5mg Online Midazolam f\u0103r\u0103 prescrip\u021bie medical\u0103. Livrare peste noapte gratuit\u0103. Plata prin card de credit. Livrare a doua zi.","breadcrumb":{"@id":"https:\/\/medicinasinc.com\/ro\/product\/cumpara-dormicum-7-5mg\/#breadcrumb"},"inLanguage":"en-US","potentialAction":[{"@type":"ReadAction","target":["https:\/\/medicinasinc.com\/ro\/product\/cumpara-dormicum-7-5mg\/"]}]},{"@type":"ImageObject","inLanguage":"en-US","@id":"https:\/\/medicinasinc.com\/ro\/product\/cumpara-dormicum-7-5mg\/#primaryimage","url":"https:\/\/medicinasinc.com\/ro\/wp-content\/uploads\/sites\/11\/2022\/02\/Buy-Dormicum-7.5mg.jpg","contentUrl":"https:\/\/medicinasinc.com\/ro\/wp-content\/uploads\/sites\/11\/2022\/02\/Buy-Dormicum-7.5mg.jpg","width":1393,"height":700},{"@type":"BreadcrumbList","@id":"https:\/\/medicinasinc.com\/ro\/product\/cumpara-dormicum-7-5mg\/#breadcrumb","itemListElement":[{"@type":"ListItem","position":1,"name":"Magazin","item":"https:\/\/medicinasinc.com\/ro\/magazin\/"},{"@type":"ListItem","position":2,"name":"Cump\u0103ra\u021bi Dormicum 7,5 mg"}]},{"@type":"WebSite","@id":"https:\/\/medicinasinc.com\/ro\/#website","url":"https:\/\/medicinasinc.com\/ro\/","name":"Medicinas Inc","description":"Health Medical Clinic","potentialAction":[{"@type":"SearchAction","target":{"@type":"EntryPoint","urlTemplate":"https:\/\/medicinasinc.com\/ro\/?s={search_term_string}"},"query-input":{"@type":"PropertyValueSpecification","valueRequired":true,"valueName":"search_term_string"}}],"inLanguage":"en-US"}]}},"_links":{"self":[{"href":"https:\/\/medicinasinc.com\/ro\/wp-json\/wp\/v2\/product\/5150","targetHints":{"allow":["GET"]}}],"collection":[{"href":"https:\/\/medicinasinc.com\/ro\/wp-json\/wp\/v2\/product"}],"about":[{"href":"https:\/\/medicinasinc.com\/ro\/wp-json\/wp\/v2\/types\/product"}],"replies":[{"embeddable":true,"href":"https:\/\/medicinasinc.com\/ro\/wp-json\/wp\/v2\/comments?post=5150"}],"wp:featuredmedia":[{"embeddable":true,"href":"https:\/\/medicinasinc.com\/ro\/wp-json\/wp\/v2\/media\/5168"}],"wp:attachment":[{"href":"https:\/\/medicinasinc.com\/ro\/wp-json\/wp\/v2\/media?parent=5150"}],"wp:term":[{"taxonomy":"product_brand","embeddable":true,"href":"https:\/\/medicinasinc.com\/ro\/wp-json\/wp\/v2\/product_brand?post=5150"},{"taxonomy":"product_cat","embeddable":true,"href":"https:\/\/medicinasinc.com\/ro\/wp-json\/wp\/v2\/product_cat?post=5150"},{"taxonomy":"product_tag","embeddable":true,"href":"https:\/\/medicinasinc.com\/ro\/wp-json\/wp\/v2\/product_tag?post=5150"}],"curies":[{"name":"wp","href":"https:\/\/api.w.org\/{rel}","templated":true}]}}