{"id":5149,"date":"2022-02-20T21:05:49","date_gmt":"2022-02-20T21:05:49","guid":{"rendered":"https:\/\/medicinasinc.com\/ro\/?post_type=product&#038;p=5149"},"modified":"2022-03-22T01:05:45","modified_gmt":"2022-03-22T01:05:45","slug":"cumpara-codeina-sulfat-30-mg","status":"publish","type":"product","link":"https:\/\/medicinasinc.com\/ro\/product\/cumpara-codeina-sulfat-30-mg\/","title":{"rendered":"Cump\u0103ra\u021bi sulfat de codein\u0103 30 mg"},"content":{"rendered":"<p>achizi\u021bionarea online a 30 mg de Codein\u0103 Fosfat<\/p>\n<p>Codein\u0103\u00a0(Fosfat)\u00a0pastile\/tablete de 30 mg\u00a0:<\/p>\n<p>Codeina\u00a0(Fosfat) vindec\u0103 durerea sau tusea. Un analgezic pentru tuse \u0219i durere \u00een acela\u0219i timp, acest medicament este un analgezic narcotic.<\/p>\n<p>Pute\u021bi cump\u0103ra Codein Phosphate 30 mg de pe internet \u0219i \u00eel pute\u021bi livra peste noapte la u\u0219\u0103 prin FedEx, f\u0103r\u0103 a fi nevoie de re\u021bet\u0103, deoarece at\u00e2ta timp c\u00e2t v\u0103 afla\u021bi \u00een SUA.<\/p>\n<p>Codein\u0103 fosfat 30 mg este disponibil pentru cump\u0103rare online, cu livrare rapid\u0103, sigur\u0103 \u0219i urm\u0103ribil\u0103 pentru toate achizi\u021biile. Acum este momentul s\u0103 cump\u0103ra\u021bi fosfat de codein\u0103 online.<\/p>\n<p>Comprimate de fosfat de codein\u0103 (30 mg). Codeina este un analgezic puternic care poate fi ob\u021binut numai pe baz\u0103 de prescrip\u021bie medical\u0103. Un opiaceu puternic \u0219i un narcotic care func\u021bioneaz\u0103 bine. Comanda\u00a0..<\/p>\n<p>sedative v\u00e2ndute la ghi\u0219eu \u00cen prezent, pe pia\u021b\u0103. Codeina este un analgezic care poate fi utilizat pentru a trata sau a preveni disconfortul moderat p\u00e2n\u0103 la sever. Poate fi folosit \u0219i pentru a trata o varietate de afec\u021biuni. Codeina este disponibil\u0103 f\u0103r\u0103 prescrip\u021bie medical\u0103 la un pre\u021b foarte rezonabil online.<\/p>\n","protected":false},"excerpt":{"rendered":"<p>Codein\u0103\u00a0(fosfat)\u00a0pastile\/tablete\u00a0de 30 mg: codeina (fosfat) este folosit\u0103 pentru a atenua tusea \u0219i durerea. Un analgezic pentru tuse \u0219i durere \u00een acela\u0219i timp, acest medicament este un analgezic narcotic.<\/p>\n<p>Pute\u021bi cump\u0103ra fosfat de codein\u0103\u00a030 mg de pe internet \u0219i \u00eel pute\u021bi livra peste noapte la u\u0219\u0103 prin FedEx, f\u0103r\u0103 a fi nevoie de re\u021bet\u0103, deoarece at\u00e2ta timp c\u00e2t v\u0103 afla\u021bi \u00een SUA.<\/p>\n<p>Codein\u0103 fosfat 30 mg este disponibil pentru cump\u0103rare online, cu livrare rapid\u0103, sigur\u0103 \u0219i urm\u0103ribil\u0103 pentru toate achizi\u021biile. Acum este momentul s\u0103 cump\u0103ra\u021bi fosfat de codein\u0103 online.<\/p>\n<p>Comprimate de fosfat de codein\u0103 (30 mg). Codeina este un analgezic puternic care poate fi ob\u021binut numai pe baz\u0103 de prescrip\u021bie medical\u0103. Un opiaceu puternic \u0219i un narcotic care func\u021bioneaz\u0103 bine. Comanda\u00a0..<\/p>\n<p>sedative v\u00e2ndute la ghi\u0219eu \u00cen prezent, pe pia\u021b\u0103. Codeina este un analgezic care poate fi utilizat pentru a trata sau a preveni disconfortul moderat p\u00e2n\u0103 la sever. Poate fi folosit \u0219i pentru a trata o varietate de afec\u021biuni. Codeina este disponibil\u0103 f\u0103r\u0103 prescrip\u021bie medical\u0103 la un pre\u021b foarte rezonabil online.<\/p>\n","protected":false},"featured_media":5166,"comment_status":"open","ping_status":"closed","template":"","meta":[],"product_brand":[],"product_cat":[1117],"product_tag":[],"class_list":{"0":"post-5149","1":"product","2":"type-product","3":"status-publish","4":"has-post-thumbnail","6":"product_cat-cumparati-pastile-pentru-durere-somn-sex","8":"first","9":"instock","10":"shipping-taxable","11":"purchasable","12":"product-type-variable","13":"has-default-attributes"},"yoast_head":"<!-- This site is optimized with the Yoast SEO plugin v27.3 - https:\/\/yoast.com\/product\/yoast-seo-wordpress\/ -->\n<title>Cump\u0103ra\u021bi sulfat de codein\u0103 30 mg - Cele mai bune medicamente globale<\/title>\n<meta name=\"description\" content=\"Cump\u0103ra\u021bi Sulfat de Codein\u0103 30 mg\u00a0online, Livrare peste noapte, Medicamente de marc\u0103, Livrare prin FedEx, DPD F\u0103r\u0103 prescrip\u021bie necesar\u0103, SUA, Marea Britanie, Livrare \u00een Europa.\" \/>\n<meta name=\"robots\" content=\"index, follow, max-snippet:-1, max-image-preview:large, max-video-preview:-1\" \/>\n<link rel=\"canonical\" href=\"https:\/\/medicinasinc.com\/ro\/product\/cumpara-codeina-sulfat-30-mg\/\" \/>\n<meta property=\"og:locale\" content=\"en_US\" \/>\n<meta property=\"og:type\" content=\"article\" \/>\n<meta property=\"og:title\" content=\"Cump\u0103ra\u021bi sulfat de codein\u0103 30 mg - Cele mai bune medicamente globale\" \/>\n<meta property=\"og:description\" content=\"Cump\u0103ra\u021bi Sulfat de Codein\u0103 30 mg\u00a0online, Livrare peste noapte, Medicamente de marc\u0103, Livrare prin FedEx, DPD F\u0103r\u0103 prescrip\u021bie necesar\u0103, SUA, Marea Britanie, Livrare \u00een Europa.\" \/>\n<meta property=\"og:url\" content=\"https:\/\/medicinasinc.com\/ro\/product\/cumpara-codeina-sulfat-30-mg\/\" \/>\n<meta property=\"og:site_name\" content=\"Medicinas Inc\" \/>\n<meta property=\"article:modified_time\" content=\"2022-03-22T01:05:45+00:00\" \/>\n<meta property=\"og:image\" content=\"https:\/\/medicinasinc.com\/ro\/wp-content\/uploads\/sites\/11\/2022\/02\/buy-codeine-sulfate-30mg-online.jpg\" \/>\n\t<meta property=\"og:image:width\" content=\"600\" \/>\n\t<meta property=\"og:image:height\" content=\"600\" \/>\n\t<meta property=\"og:image:type\" content=\"image\/jpeg\" \/>\n<meta name=\"twitter:card\" content=\"summary_large_image\" \/>\n<meta name=\"twitter:label1\" content=\"Est. reading time\" \/>\n\t<meta name=\"twitter:data1\" content=\"1 minute\" \/>\n<script type=\"application\/ld+json\" class=\"yoast-schema-graph\">{\"@context\":\"https:\\\/\\\/schema.org\",\"@graph\":[{\"@type\":\"WebPage\",\"@id\":\"https:\\\/\\\/medicinasinc.com\\\/ro\\\/product\\\/cumpara-codeina-sulfat-30-mg\\\/\",\"url\":\"https:\\\/\\\/medicinasinc.com\\\/ro\\\/product\\\/cumpara-codeina-sulfat-30-mg\\\/\",\"name\":\"Cump\u0103ra\u021bi sulfat de codein\u0103 30 mg - Cele mai bune medicamente globale\",\"isPartOf\":{\"@id\":\"https:\\\/\\\/medicinasinc.com\\\/ro\\\/#website\"},\"primaryImageOfPage\":{\"@id\":\"https:\\\/\\\/medicinasinc.com\\\/ro\\\/product\\\/cumpara-codeina-sulfat-30-mg\\\/#primaryimage\"},\"image\":{\"@id\":\"https:\\\/\\\/medicinasinc.com\\\/ro\\\/product\\\/cumpara-codeina-sulfat-30-mg\\\/#primaryimage\"},\"thumbnailUrl\":\"https:\\\/\\\/medicinasinc.com\\\/ro\\\/wp-content\\\/uploads\\\/sites\\\/11\\\/2022\\\/02\\\/buy-codeine-sulfate-30mg-online.jpg\",\"datePublished\":\"2022-02-20T21:05:49+00:00\",\"dateModified\":\"2022-03-22T01:05:45+00:00\",\"description\":\"Cump\u0103ra\u021bi Sulfat de Codein\u0103 30 mg\u00a0online, Livrare peste noapte, Medicamente de marc\u0103, Livrare prin FedEx, DPD F\u0103r\u0103 prescrip\u021bie necesar\u0103, SUA, Marea Britanie, Livrare \u00een Europa.\",\"breadcrumb\":{\"@id\":\"https:\\\/\\\/medicinasinc.com\\\/ro\\\/product\\\/cumpara-codeina-sulfat-30-mg\\\/#breadcrumb\"},\"inLanguage\":\"en-US\",\"potentialAction\":[{\"@type\":\"ReadAction\",\"target\":[\"https:\\\/\\\/medicinasinc.com\\\/ro\\\/product\\\/cumpara-codeina-sulfat-30-mg\\\/\"]}]},{\"@type\":\"ImageObject\",\"inLanguage\":\"en-US\",\"@id\":\"https:\\\/\\\/medicinasinc.com\\\/ro\\\/product\\\/cumpara-codeina-sulfat-30-mg\\\/#primaryimage\",\"url\":\"https:\\\/\\\/medicinasinc.com\\\/ro\\\/wp-content\\\/uploads\\\/sites\\\/11\\\/2022\\\/02\\\/buy-codeine-sulfate-30mg-online.jpg\",\"contentUrl\":\"https:\\\/\\\/medicinasinc.com\\\/ro\\\/wp-content\\\/uploads\\\/sites\\\/11\\\/2022\\\/02\\\/buy-codeine-sulfate-30mg-online.jpg\",\"width\":600,\"height\":600},{\"@type\":\"BreadcrumbList\",\"@id\":\"https:\\\/\\\/medicinasinc.com\\\/ro\\\/product\\\/cumpara-codeina-sulfat-30-mg\\\/#breadcrumb\",\"itemListElement\":[{\"@type\":\"ListItem\",\"position\":1,\"name\":\"Magazin\",\"item\":\"https:\\\/\\\/medicinasinc.com\\\/ro\\\/magazin\\\/\"},{\"@type\":\"ListItem\",\"position\":2,\"name\":\"Cump\u0103ra\u021bi sulfat de codein\u0103 30 mg\"}]},{\"@type\":\"WebSite\",\"@id\":\"https:\\\/\\\/medicinasinc.com\\\/ro\\\/#website\",\"url\":\"https:\\\/\\\/medicinasinc.com\\\/ro\\\/\",\"name\":\"Medicinas Inc\",\"description\":\"Health Medical Clinic\",\"potentialAction\":[{\"@type\":\"SearchAction\",\"target\":{\"@type\":\"EntryPoint\",\"urlTemplate\":\"https:\\\/\\\/medicinasinc.com\\\/ro\\\/?s={search_term_string}\"},\"query-input\":{\"@type\":\"PropertyValueSpecification\",\"valueRequired\":true,\"valueName\":\"search_term_string\"}}],\"inLanguage\":\"en-US\"}]}<\/script>\n<!-- \/ Yoast SEO plugin. -->","yoast_head_json":{"title":"Cump\u0103ra\u021bi sulfat de codein\u0103 30 mg - Cele mai bune medicamente globale","description":"Cump\u0103ra\u021bi Sulfat de Codein\u0103 30 mg\u00a0online, Livrare peste noapte, Medicamente de marc\u0103, Livrare prin FedEx, DPD F\u0103r\u0103 prescrip\u021bie necesar\u0103, SUA, Marea Britanie, Livrare \u00een Europa.","robots":{"index":"index","follow":"follow","max-snippet":"max-snippet:-1","max-image-preview":"max-image-preview:large","max-video-preview":"max-video-preview:-1"},"canonical":"https:\/\/medicinasinc.com\/ro\/product\/cumpara-codeina-sulfat-30-mg\/","og_locale":"en_US","og_type":"article","og_title":"Cump\u0103ra\u021bi sulfat de codein\u0103 30 mg - Cele mai bune medicamente globale","og_description":"Cump\u0103ra\u021bi Sulfat de Codein\u0103 30 mg\u00a0online, Livrare peste noapte, Medicamente de marc\u0103, Livrare prin FedEx, DPD F\u0103r\u0103 prescrip\u021bie necesar\u0103, SUA, Marea Britanie, Livrare \u00een Europa.","og_url":"https:\/\/medicinasinc.com\/ro\/product\/cumpara-codeina-sulfat-30-mg\/","og_site_name":"Medicinas Inc","article_modified_time":"2022-03-22T01:05:45+00:00","og_image":[{"width":600,"height":600,"url":"https:\/\/medicinasinc.com\/ro\/wp-content\/uploads\/sites\/11\/2022\/02\/buy-codeine-sulfate-30mg-online.jpg","type":"image\/jpeg"}],"twitter_card":"summary_large_image","twitter_misc":{"Est. reading time":"1 minute"},"schema":{"@context":"https:\/\/schema.org","@graph":[{"@type":"WebPage","@id":"https:\/\/medicinasinc.com\/ro\/product\/cumpara-codeina-sulfat-30-mg\/","url":"https:\/\/medicinasinc.com\/ro\/product\/cumpara-codeina-sulfat-30-mg\/","name":"Cump\u0103ra\u021bi sulfat de codein\u0103 30 mg - Cele mai bune medicamente globale","isPartOf":{"@id":"https:\/\/medicinasinc.com\/ro\/#website"},"primaryImageOfPage":{"@id":"https:\/\/medicinasinc.com\/ro\/product\/cumpara-codeina-sulfat-30-mg\/#primaryimage"},"image":{"@id":"https:\/\/medicinasinc.com\/ro\/product\/cumpara-codeina-sulfat-30-mg\/#primaryimage"},"thumbnailUrl":"https:\/\/medicinasinc.com\/ro\/wp-content\/uploads\/sites\/11\/2022\/02\/buy-codeine-sulfate-30mg-online.jpg","datePublished":"2022-02-20T21:05:49+00:00","dateModified":"2022-03-22T01:05:45+00:00","description":"Cump\u0103ra\u021bi Sulfat de Codein\u0103 30 mg\u00a0online, Livrare peste noapte, Medicamente de marc\u0103, Livrare prin FedEx, DPD F\u0103r\u0103 prescrip\u021bie necesar\u0103, SUA, Marea Britanie, Livrare \u00een Europa.","breadcrumb":{"@id":"https:\/\/medicinasinc.com\/ro\/product\/cumpara-codeina-sulfat-30-mg\/#breadcrumb"},"inLanguage":"en-US","potentialAction":[{"@type":"ReadAction","target":["https:\/\/medicinasinc.com\/ro\/product\/cumpara-codeina-sulfat-30-mg\/"]}]},{"@type":"ImageObject","inLanguage":"en-US","@id":"https:\/\/medicinasinc.com\/ro\/product\/cumpara-codeina-sulfat-30-mg\/#primaryimage","url":"https:\/\/medicinasinc.com\/ro\/wp-content\/uploads\/sites\/11\/2022\/02\/buy-codeine-sulfate-30mg-online.jpg","contentUrl":"https:\/\/medicinasinc.com\/ro\/wp-content\/uploads\/sites\/11\/2022\/02\/buy-codeine-sulfate-30mg-online.jpg","width":600,"height":600},{"@type":"BreadcrumbList","@id":"https:\/\/medicinasinc.com\/ro\/product\/cumpara-codeina-sulfat-30-mg\/#breadcrumb","itemListElement":[{"@type":"ListItem","position":1,"name":"Magazin","item":"https:\/\/medicinasinc.com\/ro\/magazin\/"},{"@type":"ListItem","position":2,"name":"Cump\u0103ra\u021bi sulfat de codein\u0103 30 mg"}]},{"@type":"WebSite","@id":"https:\/\/medicinasinc.com\/ro\/#website","url":"https:\/\/medicinasinc.com\/ro\/","name":"Medicinas Inc","description":"Health Medical Clinic","potentialAction":[{"@type":"SearchAction","target":{"@type":"EntryPoint","urlTemplate":"https:\/\/medicinasinc.com\/ro\/?s={search_term_string}"},"query-input":{"@type":"PropertyValueSpecification","valueRequired":true,"valueName":"search_term_string"}}],"inLanguage":"en-US"}]}},"_links":{"self":[{"href":"https:\/\/medicinasinc.com\/ro\/wp-json\/wp\/v2\/product\/5149","targetHints":{"allow":["GET"]}}],"collection":[{"href":"https:\/\/medicinasinc.com\/ro\/wp-json\/wp\/v2\/product"}],"about":[{"href":"https:\/\/medicinasinc.com\/ro\/wp-json\/wp\/v2\/types\/product"}],"replies":[{"embeddable":true,"href":"https:\/\/medicinasinc.com\/ro\/wp-json\/wp\/v2\/comments?post=5149"}],"wp:featuredmedia":[{"embeddable":true,"href":"https:\/\/medicinasinc.com\/ro\/wp-json\/wp\/v2\/media\/5166"}],"wp:attachment":[{"href":"https:\/\/medicinasinc.com\/ro\/wp-json\/wp\/v2\/media?parent=5149"}],"wp:term":[{"taxonomy":"product_brand","embeddable":true,"href":"https:\/\/medicinasinc.com\/ro\/wp-json\/wp\/v2\/product_brand?post=5149"},{"taxonomy":"product_cat","embeddable":true,"href":"https:\/\/medicinasinc.com\/ro\/wp-json\/wp\/v2\/product_cat?post=5149"},{"taxonomy":"product_tag","embeddable":true,"href":"https:\/\/medicinasinc.com\/ro\/wp-json\/wp\/v2\/product_tag?post=5149"}],"curies":[{"name":"wp","href":"https:\/\/api.w.org\/{rel}","templated":true}]}}