{"id":5148,"date":"2022-02-20T21:04:44","date_gmt":"2022-02-20T21:04:44","guid":{"rendered":"https:\/\/medicinasinc.com\/ro\/?post_type=product&#038;p=5148"},"modified":"2022-03-22T01:05:53","modified_gmt":"2022-03-22T01:05:53","slug":"cumpara-bunex-0-2mg-buprenorfina","status":"publish","type":"product","link":"https:\/\/medicinasinc.com\/ro\/product\/cumpara-bunex-0-2mg-buprenorfina\/","title":{"rendered":"Cump\u0103ra\u021bi Bunex 0,2 mg (Buprenorfin\u0103)"},"content":{"rendered":"<p>Pastilele Bunex Buprenorphine pot fi achizi\u021bionate de pe internet.<\/p>\n<p>De unde pot ob\u021bine Buprenorfin\u0103? De unde pot ob\u021bine buprenorfin\u0103 f\u0103r\u0103 re\u021bet\u0103?<\/p>\n<p>Este un analgezic semisintetic dezvoltat din compu\u0219ii chimici ai macului de opiu care se g\u0103sesc \u00een mod natural. Macul de opiu este sursa substan\u021bei chimice tebaine, care este folosit\u0103 pentru a face buprenorfin\u0103. Deoarece buprenorfina este semisintetic\u0103, este un opioid sintetic. Toate medicamentele care provin din macul de opiu sunt denumite opioide \u00een comunitatea medical\u0103. Opioidele sunt printre cele mai eficiente analgezice disponibile, cu efecte care le dep\u0103\u0219esc cu mult pe cele ale majorit\u0103\u021bii altor medicamente.<\/p>\n<p>\u00cen ce sens func\u021bioneaz\u0103 medicamentul Buprenorfina? De unde s\u0103 cump\u0103ra\u021bi buprenorfina<\/p>\n<p>Dup\u0103 ce a fost absorbit\u0103 \u00een s\u00e2nge, buprenorfina are un efect asupra sistemului nervos. Acest lucru se \u00eent\u00e2mpl\u0103 atunci c\u00e2nd buprenorfina intr\u0103 \u00een creier, unde blocheaz\u0103 termina\u021biile nervoase care transmit durerea. Buprenorfina nu abordeaz\u0103 cauza de baz\u0103 a disconfortului pacientului; mai degrab\u0103, le reduce percep\u021bia asupra acesteia, permi\u021b\u00e2ndu-le s\u0103 se relaxeze.<\/p>\n<p>Oamenilor li se prescrie Buprenorfin\u0103 \u00een mod regulat. Durerea cauzat\u0103 de spasmele musculare este cel mai frecvent motiv pentru care oamenii iau buprenorfin\u0103. Dac\u0103 ave\u021bi vreodat\u0103 un spasm, lua\u021bi \u00een considerare achizi\u021bionarea de buprenorfin\u0103 pentru a vedea dac\u0103 v\u0103 poate ajuta s\u0103 face\u021bi fa\u021b\u0103 disconfortului.<br \/> Pacien\u021bilor care au suferit o interven\u021bie chirurgical\u0103 sau care se confrunt\u0103 cu fracturi li se prescrie de obicei buprenorfin\u0103 de c\u0103tre medici. Buprenorfina \u00eei ajut\u0103 pe ace\u0219ti indivizi s\u0103-\u0219i gestioneze durerile p\u00e2n\u0103 c\u00e2nd se vindec\u0103 de sursa subiacent\u0103 a disconfortului lor.<\/p>\n<p>\u00cen ce sens func\u021bioneaz\u0103 medicamentul Buprenorfina? De unde s\u0103 cump\u0103ra\u021bi buprenorfin\u0103<\/p>\n<p>Nivelul de disconfort \u0219i puterea mental\u0103 ale unei persoane influen\u021beaz\u0103 foarte mult doza de buprenorfin\u0103. De obicei, trebuie \u00eencercat\u0103 mai \u00eent\u00e2i o doz\u0103 mic\u0103 de 8 mg, iar dac\u0103 nu func\u021bioneaz\u0103, ar trebui \u00eencercat\u0103 o doz\u0103 mai mare de 16 mg. Buprenorfina poate fi crescut\u0103 la 24 mg chiar dac\u0103 16 mg este ineficient\u0103. \u00cen general, dac\u0103 inten\u021biona\u021bi s\u0103 cump\u0103ra\u021bi buprenorfin\u0103 online f\u0103r\u0103 prescrip\u021bie medical\u0103, nu dep\u0103\u0219i\u021bi aceast\u0103 doz\u0103 recomandat\u0103.<\/p>\n<p>\u00cen ce sens func\u021bioneaz\u0103 medicamentul Buprenorfin\u0103? De unde s\u0103 cump\u0103ra\u021bi buprenorfin\u0103<\/p>\n<p>Pentru femeile \u00eens\u0103rcinate, buprenorfina nu este un tratament potrivit, deoarece are un impact semnificativ asupra sistemelor reproductive ale femeilor. Luarea buprenorfin\u0103 poate fi periculoas\u0103 pentru unele persoane care sunt sensibile la opioide. Din cauza pericolelor de utilizare a buprenorfinei pentru pacien\u021bii cu cancer, ace\u0219tia ar trebui s\u0103 consulte un medic \u00eenainte de a cump\u0103ra buprenorfin\u0103 online.<\/p>\n<p>Pe l\u00e2ng\u0103 somnolen\u021b\u0103, lene, ame\u021beli, dureri de cap \u0219i grea\u021b\u0103, buprenorfina poate provoca o varietate de alte efecte adverse. . \u00cen plus, unii oameni pot experimenta o schimbare a sim\u021bului tactil, caz \u00een care ar trebui s\u0103 solicite asisten\u021b\u0103 medical\u0103.<\/p>\n<p>Ac\u021biunea buprenorfinei<br \/> Aplica\u021biile buprenorfinei<br \/> Reac\u021bii adverse la Buprenorfin\u0103 Simptome ale dependen\u021bei de buprenorfin\u0103<\/p>\n","protected":false},"excerpt":{"rendered":"<p>Cump\u0103ra\u021bi Bunex 0,2 mg (Buprenorfin\u0103) de v\u00e2nzare online \u00een Marea Britanie, UE de la farmacia Bestglobalmeds.com.com la pre\u021buri ieftine \u0219i accesibile, cu livrare sigur\u0103 \u0219i rapid\u0103<\/p>\n<p>Cump\u0103ra\u021bi Bunex 0,2 mg (Buprenorfin\u0103) online &#8211; De la Farmacie online Bestglobalmeds.com.com la pre\u021buri ieftine \u0219i accesibile, cu livrare sigur\u0103 \u0219i rapid\u0103. Contacta\u021bi-ne la info@bestglobalmeds.com<\/p>\n<p>Cump\u0103ra\u021bi Bunex 0,2 mg (Buprenorfin\u0103) online<\/p>\n<p>Bunex 0,2 Pre\u021buri online pentru mg (Buprenorfin\u0103)<\/p>\n<p>Pre\u021buri Bunex 0,2 mg (Buprenorfin\u0103)<\/p>\n<p>&nbsp;<\/p>\n<p>cump\u0103ra\u021bi Bunex 0,2 mg (Buprenorfin\u0103)<\/p>\n","protected":false},"featured_media":5164,"comment_status":"open","ping_status":"closed","template":"","meta":[],"product_brand":[],"product_cat":[1117],"product_tag":[1240,1238,1239,1241,1237,1242,1243,1245,1244,1246],"class_list":{"0":"post-5148","1":"product","2":"type-product","3":"status-publish","4":"has-post-thumbnail","6":"product_cat-cumparati-pastile-pentru-durere-somn-sex","7":"product_tag-bunex-buprenorphine-0-2mg-by-safe-pharma","8":"product_tag-bunex-buprenorfina-0-20mg-si-steroizi","9":"product_tag-bunex-buprenorphine-0-20mg-online","10":"product_tag-bunex-buprenorfina-8mg","11":"product_tag-bunex-buprenorphine-0-20mg","12":"product_tag-bunex-buprenorphine-online","13":"product_tag-bunex-buprenorfina","14":"product_tag-cbt-farmaceutice-magazin-analgetice-bunex-buprenorfina-20-mg","15":"product_tag-cumpara-buprenorfina-bunex-0-20mg","16":"product_tag-tramapartramadol-hcl-paracetamol-pret-3-cumparare-online-bunexbuprenorfina","18":"first","19":"instock","20":"shipping-taxable","21":"purchasable","22":"product-type-variable","23":"has-default-attributes"},"yoast_head":"<!-- This site is optimized with the Yoast SEO plugin v27.3 - https:\/\/yoast.com\/product\/yoast-seo-wordpress\/ -->\n<title>Cump\u0103ra\u021bi Bunex 0,2 mg (Buprenorfin\u0103) - Researchem<\/title>\n<meta name=\"description\" content=\"Cump\u0103ra\u021bi Bunex 0,2 mg (Buprenorfin\u0103) de v\u00e2nzare online \u00een Marea Britanie, UE, din farmacia Bestglobalmeds.com.com, la pre\u021buri ieftine \u0219i accesibile, cu transport sigur \u0219i rapid\" \/>\n<meta name=\"robots\" content=\"index, follow, max-snippet:-1, max-image-preview:large, max-video-preview:-1\" \/>\n<link rel=\"canonical\" href=\"https:\/\/medicinasinc.com\/ro\/product\/cumpara-bunex-0-2mg-buprenorfina\/\" \/>\n<meta property=\"og:locale\" content=\"en_US\" \/>\n<meta property=\"og:type\" content=\"article\" \/>\n<meta property=\"og:title\" content=\"Cump\u0103ra\u021bi Bunex 0,2 mg (Buprenorfin\u0103) - Researchem\" \/>\n<meta property=\"og:description\" content=\"Cump\u0103ra\u021bi Bunex 0,2 mg (Buprenorfin\u0103) de v\u00e2nzare online \u00een Marea Britanie, UE, din farmacia Bestglobalmeds.com.com, la pre\u021buri ieftine \u0219i accesibile, cu transport sigur \u0219i rapid\" \/>\n<meta property=\"og:url\" content=\"https:\/\/medicinasinc.com\/ro\/product\/cumpara-bunex-0-2mg-buprenorfina\/\" \/>\n<meta property=\"og:site_name\" content=\"Medicinas Inc\" \/>\n<meta property=\"article:modified_time\" content=\"2022-03-22T01:05:53+00:00\" \/>\n<meta property=\"og:image\" content=\"https:\/\/medicinasinc.com\/ro\/wp-content\/uploads\/sites\/11\/2022\/02\/Buy-Bunex-0.2mg.jpg\" \/>\n\t<meta property=\"og:image:width\" content=\"600\" \/>\n\t<meta property=\"og:image:height\" content=\"600\" \/>\n\t<meta property=\"og:image:type\" content=\"image\/jpeg\" \/>\n<meta name=\"twitter:card\" content=\"summary_large_image\" \/>\n<meta name=\"twitter:label1\" content=\"Est. reading time\" \/>\n\t<meta name=\"twitter:data1\" content=\"2 minutes\" \/>\n<script type=\"application\/ld+json\" class=\"yoast-schema-graph\">{\"@context\":\"https:\\\/\\\/schema.org\",\"@graph\":[{\"@type\":\"WebPage\",\"@id\":\"https:\\\/\\\/medicinasinc.com\\\/ro\\\/product\\\/cumpara-bunex-0-2mg-buprenorfina\\\/\",\"url\":\"https:\\\/\\\/medicinasinc.com\\\/ro\\\/product\\\/cumpara-bunex-0-2mg-buprenorfina\\\/\",\"name\":\"Cump\u0103ra\u021bi Bunex 0,2 mg (Buprenorfin\u0103) - Researchem\",\"isPartOf\":{\"@id\":\"https:\\\/\\\/medicinasinc.com\\\/ro\\\/#website\"},\"primaryImageOfPage\":{\"@id\":\"https:\\\/\\\/medicinasinc.com\\\/ro\\\/product\\\/cumpara-bunex-0-2mg-buprenorfina\\\/#primaryimage\"},\"image\":{\"@id\":\"https:\\\/\\\/medicinasinc.com\\\/ro\\\/product\\\/cumpara-bunex-0-2mg-buprenorfina\\\/#primaryimage\"},\"thumbnailUrl\":\"https:\\\/\\\/medicinasinc.com\\\/ro\\\/wp-content\\\/uploads\\\/sites\\\/11\\\/2022\\\/02\\\/Buy-Bunex-0.2mg.jpg\",\"datePublished\":\"2022-02-20T21:04:44+00:00\",\"dateModified\":\"2022-03-22T01:05:53+00:00\",\"description\":\"Cump\u0103ra\u021bi Bunex 0,2 mg (Buprenorfin\u0103) de v\u00e2nzare online \u00een Marea Britanie, UE, din farmacia Bestglobalmeds.com.com, la pre\u021buri ieftine \u0219i accesibile, cu transport sigur \u0219i rapid\",\"breadcrumb\":{\"@id\":\"https:\\\/\\\/medicinasinc.com\\\/ro\\\/product\\\/cumpara-bunex-0-2mg-buprenorfina\\\/#breadcrumb\"},\"inLanguage\":\"en-US\",\"potentialAction\":[{\"@type\":\"ReadAction\",\"target\":[\"https:\\\/\\\/medicinasinc.com\\\/ro\\\/product\\\/cumpara-bunex-0-2mg-buprenorfina\\\/\"]}]},{\"@type\":\"ImageObject\",\"inLanguage\":\"en-US\",\"@id\":\"https:\\\/\\\/medicinasinc.com\\\/ro\\\/product\\\/cumpara-bunex-0-2mg-buprenorfina\\\/#primaryimage\",\"url\":\"https:\\\/\\\/medicinasinc.com\\\/ro\\\/wp-content\\\/uploads\\\/sites\\\/11\\\/2022\\\/02\\\/Buy-Bunex-0.2mg.jpg\",\"contentUrl\":\"https:\\\/\\\/medicinasinc.com\\\/ro\\\/wp-content\\\/uploads\\\/sites\\\/11\\\/2022\\\/02\\\/Buy-Bunex-0.2mg.jpg\",\"width\":600,\"height\":600},{\"@type\":\"BreadcrumbList\",\"@id\":\"https:\\\/\\\/medicinasinc.com\\\/ro\\\/product\\\/cumpara-bunex-0-2mg-buprenorfina\\\/#breadcrumb\",\"itemListElement\":[{\"@type\":\"ListItem\",\"position\":1,\"name\":\"Magazin\",\"item\":\"https:\\\/\\\/medicinasinc.com\\\/ro\\\/magazin\\\/\"},{\"@type\":\"ListItem\",\"position\":2,\"name\":\"Cump\u0103ra\u021bi Bunex 0,2 mg (Buprenorfin\u0103)\"}]},{\"@type\":\"WebSite\",\"@id\":\"https:\\\/\\\/medicinasinc.com\\\/ro\\\/#website\",\"url\":\"https:\\\/\\\/medicinasinc.com\\\/ro\\\/\",\"name\":\"Medicinas Inc\",\"description\":\"Health Medical Clinic\",\"potentialAction\":[{\"@type\":\"SearchAction\",\"target\":{\"@type\":\"EntryPoint\",\"urlTemplate\":\"https:\\\/\\\/medicinasinc.com\\\/ro\\\/?s={search_term_string}\"},\"query-input\":{\"@type\":\"PropertyValueSpecification\",\"valueRequired\":true,\"valueName\":\"search_term_string\"}}],\"inLanguage\":\"en-US\"}]}<\/script>\n<!-- \/ Yoast SEO plugin. -->","yoast_head_json":{"title":"Cump\u0103ra\u021bi Bunex 0,2 mg (Buprenorfin\u0103) - Researchem","description":"Cump\u0103ra\u021bi Bunex 0,2 mg (Buprenorfin\u0103) de v\u00e2nzare online \u00een Marea Britanie, UE, din farmacia Bestglobalmeds.com.com, la pre\u021buri ieftine \u0219i accesibile, cu transport sigur \u0219i rapid","robots":{"index":"index","follow":"follow","max-snippet":"max-snippet:-1","max-image-preview":"max-image-preview:large","max-video-preview":"max-video-preview:-1"},"canonical":"https:\/\/medicinasinc.com\/ro\/product\/cumpara-bunex-0-2mg-buprenorfina\/","og_locale":"en_US","og_type":"article","og_title":"Cump\u0103ra\u021bi Bunex 0,2 mg (Buprenorfin\u0103) - Researchem","og_description":"Cump\u0103ra\u021bi Bunex 0,2 mg (Buprenorfin\u0103) de v\u00e2nzare online \u00een Marea Britanie, UE, din farmacia Bestglobalmeds.com.com, la pre\u021buri ieftine \u0219i accesibile, cu transport sigur \u0219i rapid","og_url":"https:\/\/medicinasinc.com\/ro\/product\/cumpara-bunex-0-2mg-buprenorfina\/","og_site_name":"Medicinas Inc","article_modified_time":"2022-03-22T01:05:53+00:00","og_image":[{"width":600,"height":600,"url":"https:\/\/medicinasinc.com\/ro\/wp-content\/uploads\/sites\/11\/2022\/02\/Buy-Bunex-0.2mg.jpg","type":"image\/jpeg"}],"twitter_card":"summary_large_image","twitter_misc":{"Est. reading time":"2 minutes"},"schema":{"@context":"https:\/\/schema.org","@graph":[{"@type":"WebPage","@id":"https:\/\/medicinasinc.com\/ro\/product\/cumpara-bunex-0-2mg-buprenorfina\/","url":"https:\/\/medicinasinc.com\/ro\/product\/cumpara-bunex-0-2mg-buprenorfina\/","name":"Cump\u0103ra\u021bi Bunex 0,2 mg (Buprenorfin\u0103) - Researchem","isPartOf":{"@id":"https:\/\/medicinasinc.com\/ro\/#website"},"primaryImageOfPage":{"@id":"https:\/\/medicinasinc.com\/ro\/product\/cumpara-bunex-0-2mg-buprenorfina\/#primaryimage"},"image":{"@id":"https:\/\/medicinasinc.com\/ro\/product\/cumpara-bunex-0-2mg-buprenorfina\/#primaryimage"},"thumbnailUrl":"https:\/\/medicinasinc.com\/ro\/wp-content\/uploads\/sites\/11\/2022\/02\/Buy-Bunex-0.2mg.jpg","datePublished":"2022-02-20T21:04:44+00:00","dateModified":"2022-03-22T01:05:53+00:00","description":"Cump\u0103ra\u021bi Bunex 0,2 mg (Buprenorfin\u0103) de v\u00e2nzare online \u00een Marea Britanie, UE, din farmacia Bestglobalmeds.com.com, la pre\u021buri ieftine \u0219i accesibile, cu transport sigur \u0219i rapid","breadcrumb":{"@id":"https:\/\/medicinasinc.com\/ro\/product\/cumpara-bunex-0-2mg-buprenorfina\/#breadcrumb"},"inLanguage":"en-US","potentialAction":[{"@type":"ReadAction","target":["https:\/\/medicinasinc.com\/ro\/product\/cumpara-bunex-0-2mg-buprenorfina\/"]}]},{"@type":"ImageObject","inLanguage":"en-US","@id":"https:\/\/medicinasinc.com\/ro\/product\/cumpara-bunex-0-2mg-buprenorfina\/#primaryimage","url":"https:\/\/medicinasinc.com\/ro\/wp-content\/uploads\/sites\/11\/2022\/02\/Buy-Bunex-0.2mg.jpg","contentUrl":"https:\/\/medicinasinc.com\/ro\/wp-content\/uploads\/sites\/11\/2022\/02\/Buy-Bunex-0.2mg.jpg","width":600,"height":600},{"@type":"BreadcrumbList","@id":"https:\/\/medicinasinc.com\/ro\/product\/cumpara-bunex-0-2mg-buprenorfina\/#breadcrumb","itemListElement":[{"@type":"ListItem","position":1,"name":"Magazin","item":"https:\/\/medicinasinc.com\/ro\/magazin\/"},{"@type":"ListItem","position":2,"name":"Cump\u0103ra\u021bi Bunex 0,2 mg (Buprenorfin\u0103)"}]},{"@type":"WebSite","@id":"https:\/\/medicinasinc.com\/ro\/#website","url":"https:\/\/medicinasinc.com\/ro\/","name":"Medicinas Inc","description":"Health Medical Clinic","potentialAction":[{"@type":"SearchAction","target":{"@type":"EntryPoint","urlTemplate":"https:\/\/medicinasinc.com\/ro\/?s={search_term_string}"},"query-input":{"@type":"PropertyValueSpecification","valueRequired":true,"valueName":"search_term_string"}}],"inLanguage":"en-US"}]}},"_links":{"self":[{"href":"https:\/\/medicinasinc.com\/ro\/wp-json\/wp\/v2\/product\/5148","targetHints":{"allow":["GET"]}}],"collection":[{"href":"https:\/\/medicinasinc.com\/ro\/wp-json\/wp\/v2\/product"}],"about":[{"href":"https:\/\/medicinasinc.com\/ro\/wp-json\/wp\/v2\/types\/product"}],"replies":[{"embeddable":true,"href":"https:\/\/medicinasinc.com\/ro\/wp-json\/wp\/v2\/comments?post=5148"}],"wp:featuredmedia":[{"embeddable":true,"href":"https:\/\/medicinasinc.com\/ro\/wp-json\/wp\/v2\/media\/5164"}],"wp:attachment":[{"href":"https:\/\/medicinasinc.com\/ro\/wp-json\/wp\/v2\/media?parent=5148"}],"wp:term":[{"taxonomy":"product_brand","embeddable":true,"href":"https:\/\/medicinasinc.com\/ro\/wp-json\/wp\/v2\/product_brand?post=5148"},{"taxonomy":"product_cat","embeddable":true,"href":"https:\/\/medicinasinc.com\/ro\/wp-json\/wp\/v2\/product_cat?post=5148"},{"taxonomy":"product_tag","embeddable":true,"href":"https:\/\/medicinasinc.com\/ro\/wp-json\/wp\/v2\/product_tag?post=5148"}],"curies":[{"name":"wp","href":"https:\/\/api.w.org\/{rel}","templated":true}]}}