{"id":5125,"date":"2022-02-20T20:43:45","date_gmt":"2022-02-20T20:43:45","guid":{"rendered":"https:\/\/medicinasinc.com\/ro\/?post_type=product&#038;p=5125"},"modified":"2022-03-22T01:06:03","modified_gmt":"2022-03-22T01:06:03","slug":"buy-tivan-0-5mg-1mg-2mg","status":"publish","type":"product","link":"https:\/\/medicinasinc.com\/ro\/product\/buy-tivan-0-5mg-1mg-2mg\/","title":{"rendered":"Cump\u0103ra\u021bi Ativan 0,5 mg, 1 mg, 2 mg"},"content":{"rendered":"<p>Cel mai bun loc pentru a cump\u0103ra Ativan este pe internet. Exact ce este Lorazepam \u0219i cum func\u021bioneaz\u0103?<br \/> Pentru a cump\u0103ra Ativan online, face\u021bi clic aici. Benzodiazepinele, din care face parte lorazepam, sunt o clas\u0103 de medicamente. Prin cre\u0219terea activit\u0103\u021bii anumitor neurotransmi\u021b\u0103tori cerebrali, se crede c\u0103 lorazepam este eficient.<\/p>\n<p>Pentru a atenua anxietatea \u0219i convulsiile, lorazepam este prescris.<\/p>\n<p>Achizi\u021bionarea lorazepamului de pe internet sau de la un sursa din afara Statelor Unite este plin\u0103 de pericole. Medicamentele care sunt v\u00e2ndute \u0219i distribuite \u00een alte \u021b\u0103ri dec\u00e2t Statele Unite nu \u00eendeplinesc cerin\u021bele FDA privind utilizarea \u00een siguran\u021b\u0103 (FDA). Este posibil ca aceste pastile s\u0103 nu provin\u0103 de la o farmacie legitim\u0103 sau s\u0103 includ\u0103 substan\u021be nocive.<\/p>\n<p>V\u0103 rug\u0103m s\u0103 citi\u021bi cu aten\u021bie.<br \/> Dac\u0103 ave\u021bi miastenie gravis, glaucom cu unghi \u00eengust, insuficien\u021b\u0103 respiratorie sever\u0103 sau o alergie la Valium sau la un medicament comparabil, ar trebui s\u0103 evita\u021bi s\u0103 lua\u021bi lorazepam.<\/p>\n<p>Medicamentul lorazepam nu trebuie luat de femeile \u00eens\u0103rcinate. C\u00e2nd este administrat unui copil, acest medicament are poten\u021bialul de a induce anomalii grave la na\u0219tere sau simptome de sevraj care pun via\u021ba \u00een pericol.<\/p>\n<p>Numai cei c\u0103rora li se administreaz\u0103 Lorazepam ar trebui s\u0103-l ia, deoarece poate crea obi\u0219nuin\u021b\u0103. Abuzul de droguri poate duce la dependen\u021b\u0103, supradoz\u0103 sau deces, dac\u0103 medicamentul este utilizat abuziv \u00een vreun fel. Orice persoan\u0103 cu antecedente de abuz sau dependen\u021b\u0103 de droguri nu trebuie s\u0103 primeasc\u0103 niciodat\u0103 acest medicament. Asigura\u021bi-v\u0103 c\u0103 medicamentul este p\u0103strat \u00eentr-un loc sigur, unde nu poate fi accesat de c\u0103tre al\u021bii.<\/p>\n<p>Dac\u0103 utiliza\u021bi lorazepam cu alcool, opioide sau alte medicamente care v\u0103 fac somnolen\u021b\u0103 sau \u00eencetinirea respira\u021biei, este posibil s\u0103 ave\u021bi letale efecte adverse.<\/p>\n<p>\u00cenainte de a utiliza orice medicament, v\u0103 rug\u0103m s\u0103 consulta\u021bi medicul dumneavoastr\u0103.<br \/> urm\u0103toarele afec\u021biuni necesit\u0103 \u00eentreruperea imediat\u0103 a tratamentului cu lorazepam<\/p>\n<p>glaucom cu unghi \u00eengust; sau<\/p>\n<p>Un istoric de alergii la benzodiazepine (diazepam, alprazolam, Ativan, Klonopin, Restoril, Tranxene, Valium, Versed, Xanax \u0219i altele).<\/p>\n<p>Dac\u0103 ave\u021bi oricare dintre urm\u0103toarele. nu trebuie s\u0103 lua\u021bi lorazepam:<\/p>\n<p>BPOC (boal\u0103 pulmonar\u0103 obstructiv\u0103 cronic\u0103) sau apneea \u00een somn (respira\u021bia care se \u00eentrerupe \u00een timpul somnului) sunt exemple de probleme de respira\u021bie.<\/p>\n<p>dependen\u021ba de droguri sau alcool <\/p>\n<p>simptome de triste\u021be, dispozi\u021bie sc\u0103zut\u0103 sau idee sau ac\u021biune suicidar\u0103<\/p>\n<p>afec\u021biuni ale rinichilor sau ficatului<\/p>\n<p>convulsii involuntare<\/p>\n<p>glaucom. <\/p>\n<p>Folosirea lorazepamului \u00een timpul sarcinii cre\u0219te riscul ca copilul dumneavoastr\u0103 s\u0103 devin\u0103 dependent de medicamente. Dup\u0103 na\u0219tere, nou-n\u0103scutul poate prezenta simptome de sevraj care pun via\u021ba \u00een pericol ca urmare a acestui fapt. \u00cengrijirea medical\u0103 poate fi necesar\u0103 timp de c\u00e2teva s\u0103pt\u0103m\u00e2ni pentru bebelu\u0219ii n\u0103scu\u021bi dependen\u021bi de droguri care formeaz\u0103 obiceiuri.<\/p>\n<p>Este necesar s\u0103 iau lorazepam \u00eentr-un mod specific?<br \/> Lorazepam trebuie utilizat exact a\u0219a cum este prescris. Citi\u021bi toate recomand\u0103rile \u0219i instruc\u021biunile privind medicamentele de pe eticheta cu re\u021bet\u0103. Urma\u021bi \u00eentotdeauna instruc\u021biunile medicului dumneavoastr\u0103 atunci c\u00e2nd lua\u021bi lorazepam. Cu c\u00e2t utiliza\u021bi mai mult acest medicament, cu at\u00e2t este mai probabil s\u0103 v\u0103 informa\u021bi medicul dumneavoastr\u0103.<\/p>\n<p>Lorazepam poate crea dependen\u021b\u0103. Utilizarea gre\u0219it\u0103 poate duce la dependen\u021b\u0103, supradozaj sau chiar moarte. Arunca\u021bi medicamentul \u00eentr-o zon\u0103 care nu este la \u00eendem\u00e2na celorlal\u021bi. Este o infrac\u021biune s\u0103 distribui\u021bi sau s\u0103 vinde\u021bi acest medicament.<\/p>\n<p>M\u0103sura\u021bi medicamentul lichid cu grij\u0103. Lua\u021bi un instrument de m\u0103surare a dozei sau utiliza\u021bi seringa furnizat\u0103 (nu o lingur\u0103 de buc\u0103t\u0103rie).<\/p>\n<p>Cu excep\u021bia cazului \u00een care medicul dumneavoastr\u0103 v\u0103 recomand\u0103 altfel, nu lua\u021bi lorazepam mai mult de patru luni o dat\u0103. Dac\u0103 simptomele nu se \u00eembun\u0103t\u0103\u021besc sau nu se agraveaz\u0103, contacta\u021bi medicul dumneavoastr\u0103.<\/p>\n<p>C\u00e2nd lua\u021bi acest medicament pe termen lung, este posibil s\u0103 ave\u021bi nevoie de examin\u0103ri medicale regulate.<\/p>\n<p>Dac\u0103 v\u0103 opri\u021bi brusc. lu\u00e2nd acest medicament, risca\u021bi s\u0103 ave\u021bi reac\u021bii adverse nepl\u0103cute. Face\u021bi o programare la medicul dumneavoastr\u0103 pentru a afla cum s\u0103 \u00eenceta\u021bi s\u0103 lua\u021bi acest medicament.<\/p>\n<p>Nu v\u0103 expune\u021bi la umezeal\u0103 sau la temperaturi ridicate; P\u0103stra\u021bi la temperatura camerei.<\/p>\n<p>Refrigera\u021bi lichidul de lorazepam pentru p\u0103strare pe termen lung. Nu tine lichide care nu au fost utilizate \u00een 90 de zile.<\/p>\n<p>P\u0103stra\u021bi o eviden\u021b\u0103 a medicamentelor dumneavoastr\u0103. Ar trebui s\u0103 fii cu ochii pe oricine abuzeaz\u0103 sau folose\u0219te abuziv.<\/p>\n","protected":false},"excerpt":{"rendered":"<p>Lorazepam 0,5 mg, 1 mg, 2 mg pre\u021buri online, cump\u0103ra\u021bi ativan 2mg online, cump\u0103ra\u021bi Lorazepam Tablete online.<\/p>\n<p>Tramadol 50mg pre\u021b online ridicat de lorazepam (Ativan) 2mg comprimat. Este, de asemenea, folosit \u00een tratamentul anxiet\u0103\u021bii.<\/p>\n<p>pilulele\/tabletele de Lorazepam (Ativan) 2mg<\/p>\n<p>Anxietatea, triste\u021bea \u0219i insomnia sunt toate efectele secundare comune ale medicamentului pentru anxietate Ativan ( Lorazepam) (probleme cu somnul). Este un fel de benzodiazepin\u0103.<\/p>\n<p>F\u0103r\u0103 prescrip\u021bie medical\u0103, pute\u021bi cump\u0103ra Lorazepam 2 mg comprimate online (f\u0103r\u0103 RX).<\/p>\n","protected":false},"featured_media":5144,"comment_status":"open","ping_status":"closed","template":"","meta":[],"product_brand":[],"product_cat":[1117],"product_tag":[1197,1196,1195,1199,1200,1201,1204,1205,1206,1207,1216,1217,1221,1208,1198,1210,1212,1211,1213,1215,1218,1219,1220,1223,1225,1234,1235,1224,1209,1227,1228,1203,1236,1233,1229,1226,1202,1230,1231,1214,1222,1232],"class_list":{"0":"post-5125","1":"product","2":"type-product","3":"status-publish","4":"has-post-thumbnail","6":"product_cat-cumparati-pastile-pentru-durere-somn-sex","7":"product_tag-ativan-1-tab","8":"product_tag-ativan-1-mg-comprimate","9":"product_tag-ativan-1-mg-sublingual-tablets","10":"product_tag-ativan-1mg-tablet-efecte-secundare","11":"product_tag-ativan-2-mg-tablets","12":"product_tag-ativan-2-tab","13":"product_tag-ativan-2mg-efecte-secundare","14":"product_tag-ativan-2mg-tablet","15":"product_tag-ativan-2mg-tablet-in-hindi","16":"product_tag-ativan-2mg-tablet-comanda-online-amazon","17":"product_tag-ativan-tablete-1mg","18":"product_tag-ativan-tablete-2-5-mg","19":"product_tag-ativan-tablete-sublingual","20":"product_tag-ativan-doza-2mg","21":"product_tag-ativan-1mg-comprimat-doz","22":"product_tag-ativan-tab-0-5-mg","23":"product_tag-ativan-tab-1mg-50","24":"product_tag-ativan-tab-1mg","25":"product_tag-ativan-tab-1mg-precio","26":"product_tag-ativan-tablet-0-5mg","27":"product_tag-ativan-tablete-australia","28":"product_tag-ativan-tablete-buy","29":"product_tag-ativan-tablete-dozaj","30":"product_tag-ativan-tablete-utilizri","31":"product_tag-pot-ativan-tabletele-fi-zdrobite","32":"product_tag-cum-arata-fa-tivan-tabletele","33":"product_tag-cum-arat-ativan-tabletele","34":"product_tag-cumpr-tivan-online","35":"product_tag-ativan-farmacie","36":"product_tag-lorazepam-2-mg-tablet-online-delivery","37":"product_tag-lorazepam-tablete-ativan-2mg","38":"product_tag-ativan-2mg-pastil","39":"product_tag-la-ce-este-utilizat-ativan-tabletele","40":"product_tag-pentru-ce-sunt-ativan-tabletele","41":"product_tag-pfizer-tablet-2mg","42":"product_tag-pot-ativan-tablete-fi-injectate","43":"product_tag-ativan-2-5-mg-pret","44":"product_tag-tab-activan-1","45":"product_tag-tab-ativan-1mg-uses-in-hindi","46":"product_tag-ativan-tablet","47":"product_tag-ativan-tablete-uk","48":"product_tag-tivan-2mg-tablet","50":"first","51":"instock","52":"shipping-taxable","53":"purchasable","54":"product-type-variable"},"yoast_head":"<!-- This site is optimized with the Yoast SEO plugin v27.3 - https:\/\/yoast.com\/product\/yoast-seo-wordpress\/ -->\n<title>Cump\u0103ra\u021bi Ativan 2mg - Cump\u0103ra\u021bi Ativan 1mg - Cump\u0103ra\u021bi Ativan 0.5mg - Cele mai bune medicamente globale<\/title>\n<meta name=\"description\" content=\"Cump\u0103ra\u021bi Lorazepam Tablete online, cump\u0103ra\u021bi Lorazepam online, cump\u0103ra\u021bi Ativan online, Lorazepam 0,5 mg, 1 mg, 2 mg pre\u021buri online,\u00a0cump\u0103ra\u021bi ativan 2mg\u00a0online Marea Britanie, Europa\" \/>\n<meta name=\"robots\" content=\"index, follow, max-snippet:-1, max-image-preview:large, max-video-preview:-1\" \/>\n<link rel=\"canonical\" href=\"https:\/\/medicinasinc.com\/ro\/product\/buy-tivan-0-5mg-1mg-2mg\/\" \/>\n<meta property=\"og:locale\" content=\"en_US\" \/>\n<meta property=\"og:type\" content=\"article\" \/>\n<meta property=\"og:title\" content=\"Cump\u0103ra\u021bi Ativan 2mg - Cump\u0103ra\u021bi Ativan 1mg - Cump\u0103ra\u021bi Ativan 0.5mg - Cele mai bune medicamente globale\" \/>\n<meta property=\"og:description\" content=\"Cump\u0103ra\u021bi Lorazepam Tablete online, cump\u0103ra\u021bi Lorazepam online, cump\u0103ra\u021bi Ativan online, Lorazepam 0,5 mg, 1 mg, 2 mg pre\u021buri online,\u00a0cump\u0103ra\u021bi ativan 2mg\u00a0online Marea Britanie, Europa\" \/>\n<meta property=\"og:url\" content=\"https:\/\/medicinasinc.com\/ro\/product\/buy-tivan-0-5mg-1mg-2mg\/\" \/>\n<meta property=\"og:site_name\" content=\"Medicinas Inc\" \/>\n<meta property=\"article:modified_time\" content=\"2022-03-22T01:06:03+00:00\" \/>\n<meta property=\"og:image\" content=\"https:\/\/medicinasinc.com\/ro\/wp-content\/uploads\/sites\/11\/2022\/02\/Buy-Ativan-Online-1.jpg\" \/>\n\t<meta property=\"og:image:width\" content=\"300\" \/>\n\t<meta property=\"og:image:height\" content=\"300\" \/>\n\t<meta property=\"og:image:type\" content=\"image\/jpeg\" \/>\n<meta name=\"twitter:card\" content=\"summary_large_image\" \/>\n<meta name=\"twitter:label1\" content=\"Est. reading time\" \/>\n\t<meta name=\"twitter:data1\" content=\"3 minutes\" \/>\n<script type=\"application\/ld+json\" class=\"yoast-schema-graph\">{\"@context\":\"https:\\\/\\\/schema.org\",\"@graph\":[{\"@type\":\"WebPage\",\"@id\":\"https:\\\/\\\/medicinasinc.com\\\/ro\\\/product\\\/buy-tivan-0-5mg-1mg-2mg\\\/\",\"url\":\"https:\\\/\\\/medicinasinc.com\\\/ro\\\/product\\\/buy-tivan-0-5mg-1mg-2mg\\\/\",\"name\":\"Cump\u0103ra\u021bi Ativan 2mg - Cump\u0103ra\u021bi Ativan 1mg - Cump\u0103ra\u021bi Ativan 0.5mg - Cele mai bune medicamente globale\",\"isPartOf\":{\"@id\":\"https:\\\/\\\/medicinasinc.com\\\/ro\\\/#website\"},\"primaryImageOfPage\":{\"@id\":\"https:\\\/\\\/medicinasinc.com\\\/ro\\\/product\\\/buy-tivan-0-5mg-1mg-2mg\\\/#primaryimage\"},\"image\":{\"@id\":\"https:\\\/\\\/medicinasinc.com\\\/ro\\\/product\\\/buy-tivan-0-5mg-1mg-2mg\\\/#primaryimage\"},\"thumbnailUrl\":\"https:\\\/\\\/medicinasinc.com\\\/ro\\\/wp-content\\\/uploads\\\/sites\\\/11\\\/2022\\\/02\\\/Buy-Ativan-Online-1.jpg\",\"datePublished\":\"2022-02-20T20:43:45+00:00\",\"dateModified\":\"2022-03-22T01:06:03+00:00\",\"description\":\"Cump\u0103ra\u021bi Lorazepam Tablete online, cump\u0103ra\u021bi Lorazepam online, cump\u0103ra\u021bi Ativan online, Lorazepam 0,5 mg, 1 mg, 2 mg pre\u021buri online,\u00a0cump\u0103ra\u021bi ativan 2mg\u00a0online Marea Britanie, Europa\",\"breadcrumb\":{\"@id\":\"https:\\\/\\\/medicinasinc.com\\\/ro\\\/product\\\/buy-tivan-0-5mg-1mg-2mg\\\/#breadcrumb\"},\"inLanguage\":\"en-US\",\"potentialAction\":[{\"@type\":\"ReadAction\",\"target\":[\"https:\\\/\\\/medicinasinc.com\\\/ro\\\/product\\\/buy-tivan-0-5mg-1mg-2mg\\\/\"]}]},{\"@type\":\"ImageObject\",\"inLanguage\":\"en-US\",\"@id\":\"https:\\\/\\\/medicinasinc.com\\\/ro\\\/product\\\/buy-tivan-0-5mg-1mg-2mg\\\/#primaryimage\",\"url\":\"https:\\\/\\\/medicinasinc.com\\\/ro\\\/wp-content\\\/uploads\\\/sites\\\/11\\\/2022\\\/02\\\/Buy-Ativan-Online-1.jpg\",\"contentUrl\":\"https:\\\/\\\/medicinasinc.com\\\/ro\\\/wp-content\\\/uploads\\\/sites\\\/11\\\/2022\\\/02\\\/Buy-Ativan-Online-1.jpg\",\"width\":300,\"height\":300},{\"@type\":\"BreadcrumbList\",\"@id\":\"https:\\\/\\\/medicinasinc.com\\\/ro\\\/product\\\/buy-tivan-0-5mg-1mg-2mg\\\/#breadcrumb\",\"itemListElement\":[{\"@type\":\"ListItem\",\"position\":1,\"name\":\"Magazin\",\"item\":\"https:\\\/\\\/medicinasinc.com\\\/ro\\\/magazin\\\/\"},{\"@type\":\"ListItem\",\"position\":2,\"name\":\"Cump\u0103ra\u021bi Ativan 0,5 mg, 1 mg, 2 mg\"}]},{\"@type\":\"WebSite\",\"@id\":\"https:\\\/\\\/medicinasinc.com\\\/ro\\\/#website\",\"url\":\"https:\\\/\\\/medicinasinc.com\\\/ro\\\/\",\"name\":\"Medicinas Inc\",\"description\":\"Health Medical Clinic\",\"potentialAction\":[{\"@type\":\"SearchAction\",\"target\":{\"@type\":\"EntryPoint\",\"urlTemplate\":\"https:\\\/\\\/medicinasinc.com\\\/ro\\\/?s={search_term_string}\"},\"query-input\":{\"@type\":\"PropertyValueSpecification\",\"valueRequired\":true,\"valueName\":\"search_term_string\"}}],\"inLanguage\":\"en-US\"}]}<\/script>\n<!-- \/ Yoast SEO plugin. -->","yoast_head_json":{"title":"Cump\u0103ra\u021bi Ativan 2mg - Cump\u0103ra\u021bi Ativan 1mg - Cump\u0103ra\u021bi Ativan 0.5mg - Cele mai bune medicamente globale","description":"Cump\u0103ra\u021bi Lorazepam Tablete online, cump\u0103ra\u021bi Lorazepam online, cump\u0103ra\u021bi Ativan online, Lorazepam 0,5 mg, 1 mg, 2 mg pre\u021buri online,\u00a0cump\u0103ra\u021bi ativan 2mg\u00a0online Marea Britanie, Europa","robots":{"index":"index","follow":"follow","max-snippet":"max-snippet:-1","max-image-preview":"max-image-preview:large","max-video-preview":"max-video-preview:-1"},"canonical":"https:\/\/medicinasinc.com\/ro\/product\/buy-tivan-0-5mg-1mg-2mg\/","og_locale":"en_US","og_type":"article","og_title":"Cump\u0103ra\u021bi Ativan 2mg - Cump\u0103ra\u021bi Ativan 1mg - Cump\u0103ra\u021bi Ativan 0.5mg - Cele mai bune medicamente globale","og_description":"Cump\u0103ra\u021bi Lorazepam Tablete online, cump\u0103ra\u021bi Lorazepam online, cump\u0103ra\u021bi Ativan online, Lorazepam 0,5 mg, 1 mg, 2 mg pre\u021buri online,\u00a0cump\u0103ra\u021bi ativan 2mg\u00a0online Marea Britanie, Europa","og_url":"https:\/\/medicinasinc.com\/ro\/product\/buy-tivan-0-5mg-1mg-2mg\/","og_site_name":"Medicinas Inc","article_modified_time":"2022-03-22T01:06:03+00:00","og_image":[{"width":300,"height":300,"url":"https:\/\/medicinasinc.com\/ro\/wp-content\/uploads\/sites\/11\/2022\/02\/Buy-Ativan-Online-1.jpg","type":"image\/jpeg"}],"twitter_card":"summary_large_image","twitter_misc":{"Est. reading time":"3 minutes"},"schema":{"@context":"https:\/\/schema.org","@graph":[{"@type":"WebPage","@id":"https:\/\/medicinasinc.com\/ro\/product\/buy-tivan-0-5mg-1mg-2mg\/","url":"https:\/\/medicinasinc.com\/ro\/product\/buy-tivan-0-5mg-1mg-2mg\/","name":"Cump\u0103ra\u021bi Ativan 2mg - Cump\u0103ra\u021bi Ativan 1mg - Cump\u0103ra\u021bi Ativan 0.5mg - Cele mai bune medicamente globale","isPartOf":{"@id":"https:\/\/medicinasinc.com\/ro\/#website"},"primaryImageOfPage":{"@id":"https:\/\/medicinasinc.com\/ro\/product\/buy-tivan-0-5mg-1mg-2mg\/#primaryimage"},"image":{"@id":"https:\/\/medicinasinc.com\/ro\/product\/buy-tivan-0-5mg-1mg-2mg\/#primaryimage"},"thumbnailUrl":"https:\/\/medicinasinc.com\/ro\/wp-content\/uploads\/sites\/11\/2022\/02\/Buy-Ativan-Online-1.jpg","datePublished":"2022-02-20T20:43:45+00:00","dateModified":"2022-03-22T01:06:03+00:00","description":"Cump\u0103ra\u021bi Lorazepam Tablete online, cump\u0103ra\u021bi Lorazepam online, cump\u0103ra\u021bi Ativan online, Lorazepam 0,5 mg, 1 mg, 2 mg pre\u021buri online,\u00a0cump\u0103ra\u021bi ativan 2mg\u00a0online Marea Britanie, Europa","breadcrumb":{"@id":"https:\/\/medicinasinc.com\/ro\/product\/buy-tivan-0-5mg-1mg-2mg\/#breadcrumb"},"inLanguage":"en-US","potentialAction":[{"@type":"ReadAction","target":["https:\/\/medicinasinc.com\/ro\/product\/buy-tivan-0-5mg-1mg-2mg\/"]}]},{"@type":"ImageObject","inLanguage":"en-US","@id":"https:\/\/medicinasinc.com\/ro\/product\/buy-tivan-0-5mg-1mg-2mg\/#primaryimage","url":"https:\/\/medicinasinc.com\/ro\/wp-content\/uploads\/sites\/11\/2022\/02\/Buy-Ativan-Online-1.jpg","contentUrl":"https:\/\/medicinasinc.com\/ro\/wp-content\/uploads\/sites\/11\/2022\/02\/Buy-Ativan-Online-1.jpg","width":300,"height":300},{"@type":"BreadcrumbList","@id":"https:\/\/medicinasinc.com\/ro\/product\/buy-tivan-0-5mg-1mg-2mg\/#breadcrumb","itemListElement":[{"@type":"ListItem","position":1,"name":"Magazin","item":"https:\/\/medicinasinc.com\/ro\/magazin\/"},{"@type":"ListItem","position":2,"name":"Cump\u0103ra\u021bi Ativan 0,5 mg, 1 mg, 2 mg"}]},{"@type":"WebSite","@id":"https:\/\/medicinasinc.com\/ro\/#website","url":"https:\/\/medicinasinc.com\/ro\/","name":"Medicinas Inc","description":"Health Medical Clinic","potentialAction":[{"@type":"SearchAction","target":{"@type":"EntryPoint","urlTemplate":"https:\/\/medicinasinc.com\/ro\/?s={search_term_string}"},"query-input":{"@type":"PropertyValueSpecification","valueRequired":true,"valueName":"search_term_string"}}],"inLanguage":"en-US"}]}},"_links":{"self":[{"href":"https:\/\/medicinasinc.com\/ro\/wp-json\/wp\/v2\/product\/5125","targetHints":{"allow":["GET"]}}],"collection":[{"href":"https:\/\/medicinasinc.com\/ro\/wp-json\/wp\/v2\/product"}],"about":[{"href":"https:\/\/medicinasinc.com\/ro\/wp-json\/wp\/v2\/types\/product"}],"replies":[{"embeddable":true,"href":"https:\/\/medicinasinc.com\/ro\/wp-json\/wp\/v2\/comments?post=5125"}],"wp:featuredmedia":[{"embeddable":true,"href":"https:\/\/medicinasinc.com\/ro\/wp-json\/wp\/v2\/media\/5144"}],"wp:attachment":[{"href":"https:\/\/medicinasinc.com\/ro\/wp-json\/wp\/v2\/media?parent=5125"}],"wp:term":[{"taxonomy":"product_brand","embeddable":true,"href":"https:\/\/medicinasinc.com\/ro\/wp-json\/wp\/v2\/product_brand?post=5125"},{"taxonomy":"product_cat","embeddable":true,"href":"https:\/\/medicinasinc.com\/ro\/wp-json\/wp\/v2\/product_cat?post=5125"},{"taxonomy":"product_tag","embeddable":true,"href":"https:\/\/medicinasinc.com\/ro\/wp-json\/wp\/v2\/product_tag?post=5125"}],"curies":[{"name":"wp","href":"https:\/\/api.w.org\/{rel}","templated":true}]}}