{"id":5124,"date":"2022-02-20T20:42:48","date_gmt":"2022-02-20T20:42:48","guid":{"rendered":"https:\/\/medicinasinc.com\/ro\/?post_type=product&#038;p=5124"},"modified":"2022-03-22T01:06:11","modified_gmt":"2022-03-22T01:06:11","slug":"buy-ambien-10-mg","status":"publish","type":"product","link":"https:\/\/medicinasinc.com\/ro\/product\/buy-ambien-10-mg\/","title":{"rendered":"Cump\u0103ra\u021bi Ambien 10 mg"},"content":{"rendered":"<div class=\"ty-tabs cm-j-tabs clearfix\">\n<p>cump\u0103ra\u021bi Ambien 10mg online<\/p>\n<h2><a href=\"https:\/\/www.bestglobalmeds.com\/category\/blog\/\" target=\"_blank\" rel=\"noopener\">Cump\u0103ra\u021bi Ambien 10mg Livrare peste noapte<\/a><\/h2>\n<h2>Cump\u0103ra\u021bi Ambien 10mg online<\/h2>\n<p>Cel mai mic pre\u021b din SUA pentru\u00a0<em>Ambien<\/em>\u00a0(<em>Zolpidem<\/em>\u00a05mg &amp;\u00a0<em>10mg<\/em>) Pastile \u0219i primul serviciu medical online \u00eenregistrat din SUA care le ofer\u0103. Livrare gratuit\u0103 urm\u0103rit\u0103 \u00een Marea Britanie. Ambien, Zolpidem, ambien\u00a0<em>10mg<\/em>, Zolpidem Tartrate, cump\u0103ra\u021bi somnifer online, cump\u0103ra\u021bi online anti-anxietate, antidepresive,\u00a0<em>cump\u0103ra\u021bi ambien<\/em>\u00a0f\u0103r\u0103 prescrip\u021bie medical\u0103.<\/p>\n<ul class=\"ty-tabs__list\">\n<li id=\"description\" class=\"ty-tabs__item cm-js active\"><a class=\"ty-tabs__a\">Descriere<\/a><\/li>\n<li id=\"product_tab_9\" class=\"ty-tabs__item cm-js\"><a class=\"ty-tabs__a\">Informa\u021bii despre pacient<\/a><\/li>\n<\/ul><\/div>\n<div id=\"tabs_content \" class=\"cm-tabs-content ty-tabs__content clearfix\">\n<div id=\"content_description\" class=\"ty-wysiwyg-content content-description active\">\n<div>\n<div class=\"product-description\">\n<h4>Dormi cu Zolpidem \u0219i Ambien<\/h4>\n<table>\n<thead>\n<tr>\n<th>Zolpidem<\/th>\n<th>Suma<\/th>\n<th>Tip<\/th>\n<th>Stoc<\/th>\n<p> th&gt; <\/tr>\n<\/thead>\n<tbody>\n<tr>\n<th>Ambien<\/th>\n<th>5mg<\/th>\n<th>Comprimate<\/th>\n<th>Cump\u0103ra\u021bi SUA\u2713<\/th>\n<\/tr>\n<tr>\n<td>Zolpidem Tablete<\/td>\n<td>5mg<\/td>\n<td>Pastile<\/td>\n<td>Online SUA \u2713<\/td>\n<\/tr>\n<tr>\n<td>Ambien Tablete<\/td>\n<td>10mg<\/td>\n<td>Medicina e<\/td>\n<td>SUA \u2713<\/td>\n<\/tr>\n<\/tbody>\n<\/table>\n<h4>Precau\u021bii \u00eenainte de a lua Zolpidem<\/h4>\n<p>Exist\u0103 m\u0103suri de precau\u021bie care trebuie luate \u00een considerare \u00eenainte de a decide s\u0103 ia-l. \u00cen anumite circumstan\u021be, poate s\u0103 nu fie cea mai potrivit\u0103 alegere de medicament. \u00centreba\u021bi un medic cu privire la adecvarea s\u0103n\u0103t\u0103\u021bii dumneavoastr\u0103 \u00een a-l lua ca tratament pentru insomnie. Dac\u0103 ave\u021bi oricare dintre urm\u0103toarele circumstan\u021be, solicita\u021bi sfatul medicului:<\/p>\n<ul>\n<li>Istoric de alcoolism sau abuz de droguri<\/li>\n<li>\u00cens\u0103rcinat\u0103 sau inten\u021biona\u021bi s\u0103 r\u0103m\u00e2ne\u021bi \u00eens\u0103rcinat\u0103<\/li>\n<li>Ave\u021bi o afec\u021biune de respira\u021bie (bron\u0219it\u0103, astm sau emfizem)<\/li>\n<li>Istoric de boal\u0103 hepatic\u0103 sau renal\u0103<\/li>\n<li>Are miastenie gravis (tulburare nervoas\u0103 care duce la sl\u0103birea mu\u0219chilor)<\/li>\n<li>Alergii la oricare dintre ingrediente<\/li>\n<li>Are tulbur\u0103ri de personalitate recurente sau depresie<\/li>\n<li>Are apnee \u00een somn<\/li>\n<li>V\u00e2rstnici<\/li>\n<\/ul>\n<p>\u00cen cazuri foarte rare cazuri, administrarea Ambien poate duce la reac\u021bii adverse, inclusiv umflarea buzelor, fe\u021bei, g\u00e2tului \u0219i limbii sau poate avea dificult\u0103\u021bi la respira\u021bie. De asemenea, se recomand\u0103 s\u0103 nu fie utilizat continuu mai mult de 4 s\u0103pt\u0103m\u00e2ni, deoarece poate duce la simptome de sevraj, cum ar fi v\u0103rs\u0103turi, grea\u021b\u0103, anxietate \u0219i crampe stomacale. Cunoscut ca un <a href=\"https:\/\/globalhomemed.com\/\">tratament pe termen scurt pentru\u00a0insomnie<\/a>, exist\u0103 posibilitatea de a avea probleme cu somnul odat\u0103 ce \u00eenceta\u021bi s\u0103 \u00eel utiliza\u021bi. Se nume\u0219te \u201einsomnie de rebound\u201d care \u00een cele din urm\u0103 dispare dup\u0103 una sau dou\u0103 zile. Consulta\u021bi \u00eentotdeauna medicul dumneavoastr\u0103 cu privire la utilizarea acestui medicament pentru somn.<\/p>\n<h2>cump\u0103ra\u021bi Ambien 10mg online<\/h2>\n<\/p><\/div><\/div><\/div><\/div>\n","protected":false},"excerpt":{"rendered":"<p>Cump\u0103ra\u021bi Ambien 10mg pastile online. Ambien este utilizat pentru a trata o tulburare de somn. Tableta cu desc\u0103rcare rapid\u0103 este utilizat\u0103 pentru a v\u0103 ajuta s\u0103 da\u021bi din cap atunci c\u00e2nd merge\u021bi prima dat\u0103 pe canapea.<\/p>\n<p>Ambien, Zolpidem, ambien\u00a0<em>10mg<\/em>, Zolpidem Tartrate, cump\u0103ra\u021bi somnifere online, cump\u0103ra\u021bi anti anxietate online, antidepresive,\u00a0<em>cump\u0103ra\u021bi ambien<\/em>\u00a0f\u0103r\u0103 prescrip\u021bie medical\u0103.<\/p>\n","protected":false},"featured_media":5142,"comment_status":"open","ping_status":"closed","template":"","meta":[],"product_brand":[],"product_cat":[1117],"product_tag":[],"class_list":{"0":"post-5124","1":"product","2":"type-product","3":"status-publish","4":"has-post-thumbnail","6":"product_cat-cumparati-pastile-pentru-durere-somn-sex","8":"first","9":"instock","10":"shipping-taxable","11":"purchasable","12":"product-type-variable","13":"has-default-attributes"},"yoast_head":"<!-- This site is optimized with the Yoast SEO plugin v27.3 - https:\/\/yoast.com\/product\/yoast-seo-wordpress\/ -->\n<title>Cump\u0103ra\u021bi Ambien 10 mg - Ambien 10 mg - Cele mai bune medicamente globale<\/title>\n<meta name=\"description\" content=\"Cump\u0103ra\u021bi Ambien 10 mg, Ambien, Zolpidem, ambien\u00a010mg, Zolpidem Tartrate, cump\u0103ra\u021bi somnifer online, cump\u0103ra\u021bi online anti-anxietate, antidepresive,\u00a0cump\u0103ra\u021bi ambien\u00a0f\u0103r\u0103 prescrip\u021bie medical\u0103.\" \/>\n<meta name=\"robots\" content=\"index, follow, max-snippet:-1, max-image-preview:large, max-video-preview:-1\" \/>\n<link rel=\"canonical\" href=\"https:\/\/medicinasinc.com\/ro\/product\/buy-ambien-10-mg\/\" \/>\n<meta property=\"og:locale\" content=\"en_US\" \/>\n<meta property=\"og:type\" content=\"article\" \/>\n<meta property=\"og:title\" content=\"Cump\u0103ra\u021bi Ambien 10 mg - Ambien 10 mg - Cele mai bune medicamente globale\" \/>\n<meta property=\"og:description\" content=\"Cump\u0103ra\u021bi Ambien 10 mg, Ambien, Zolpidem, ambien\u00a010mg, Zolpidem Tartrate, cump\u0103ra\u021bi somnifer online, cump\u0103ra\u021bi online anti-anxietate, antidepresive,\u00a0cump\u0103ra\u021bi ambien\u00a0f\u0103r\u0103 prescrip\u021bie medical\u0103.\" \/>\n<meta property=\"og:url\" content=\"https:\/\/medicinasinc.com\/ro\/product\/buy-ambien-10-mg\/\" \/>\n<meta property=\"og:site_name\" content=\"Medicinas Inc\" \/>\n<meta property=\"article:modified_time\" content=\"2022-03-22T01:06:11+00:00\" \/>\n<meta property=\"og:image\" content=\"https:\/\/medicinasinc.com\/ro\/wp-content\/uploads\/sites\/11\/2022\/02\/Buy-Ambien-10mg.jpg\" \/>\n\t<meta property=\"og:image:width\" content=\"225\" \/>\n\t<meta property=\"og:image:height\" content=\"225\" \/>\n\t<meta property=\"og:image:type\" content=\"image\/jpeg\" \/>\n<meta name=\"twitter:card\" content=\"summary_large_image\" \/>\n<meta name=\"twitter:label1\" content=\"Est. reading time\" \/>\n\t<meta name=\"twitter:data1\" content=\"2 minutes\" \/>\n<script type=\"application\/ld+json\" class=\"yoast-schema-graph\">{\"@context\":\"https:\\\/\\\/schema.org\",\"@graph\":[{\"@type\":\"WebPage\",\"@id\":\"https:\\\/\\\/medicinasinc.com\\\/ro\\\/product\\\/buy-ambien-10-mg\\\/\",\"url\":\"https:\\\/\\\/medicinasinc.com\\\/ro\\\/product\\\/buy-ambien-10-mg\\\/\",\"name\":\"Cump\u0103ra\u021bi Ambien 10 mg - Ambien 10 mg - Cele mai bune medicamente globale\",\"isPartOf\":{\"@id\":\"https:\\\/\\\/medicinasinc.com\\\/ro\\\/#website\"},\"primaryImageOfPage\":{\"@id\":\"https:\\\/\\\/medicinasinc.com\\\/ro\\\/product\\\/buy-ambien-10-mg\\\/#primaryimage\"},\"image\":{\"@id\":\"https:\\\/\\\/medicinasinc.com\\\/ro\\\/product\\\/buy-ambien-10-mg\\\/#primaryimage\"},\"thumbnailUrl\":\"https:\\\/\\\/medicinasinc.com\\\/ro\\\/wp-content\\\/uploads\\\/sites\\\/11\\\/2022\\\/02\\\/Buy-Ambien-10mg.jpg\",\"datePublished\":\"2022-02-20T20:42:48+00:00\",\"dateModified\":\"2022-03-22T01:06:11+00:00\",\"description\":\"Cump\u0103ra\u021bi Ambien 10 mg, Ambien, Zolpidem, ambien\u00a010mg, Zolpidem Tartrate, cump\u0103ra\u021bi somnifer online, cump\u0103ra\u021bi online anti-anxietate, antidepresive,\u00a0cump\u0103ra\u021bi ambien\u00a0f\u0103r\u0103 prescrip\u021bie medical\u0103.\",\"breadcrumb\":{\"@id\":\"https:\\\/\\\/medicinasinc.com\\\/ro\\\/product\\\/buy-ambien-10-mg\\\/#breadcrumb\"},\"inLanguage\":\"en-US\",\"potentialAction\":[{\"@type\":\"ReadAction\",\"target\":[\"https:\\\/\\\/medicinasinc.com\\\/ro\\\/product\\\/buy-ambien-10-mg\\\/\"]}]},{\"@type\":\"ImageObject\",\"inLanguage\":\"en-US\",\"@id\":\"https:\\\/\\\/medicinasinc.com\\\/ro\\\/product\\\/buy-ambien-10-mg\\\/#primaryimage\",\"url\":\"https:\\\/\\\/medicinasinc.com\\\/ro\\\/wp-content\\\/uploads\\\/sites\\\/11\\\/2022\\\/02\\\/Buy-Ambien-10mg.jpg\",\"contentUrl\":\"https:\\\/\\\/medicinasinc.com\\\/ro\\\/wp-content\\\/uploads\\\/sites\\\/11\\\/2022\\\/02\\\/Buy-Ambien-10mg.jpg\",\"width\":225,\"height\":225},{\"@type\":\"BreadcrumbList\",\"@id\":\"https:\\\/\\\/medicinasinc.com\\\/ro\\\/product\\\/buy-ambien-10-mg\\\/#breadcrumb\",\"itemListElement\":[{\"@type\":\"ListItem\",\"position\":1,\"name\":\"Magazin\",\"item\":\"https:\\\/\\\/medicinasinc.com\\\/ro\\\/magazin\\\/\"},{\"@type\":\"ListItem\",\"position\":2,\"name\":\"Cump\u0103ra\u021bi Ambien 10 mg\"}]},{\"@type\":\"WebSite\",\"@id\":\"https:\\\/\\\/medicinasinc.com\\\/ro\\\/#website\",\"url\":\"https:\\\/\\\/medicinasinc.com\\\/ro\\\/\",\"name\":\"Medicinas Inc\",\"description\":\"Health Medical Clinic\",\"potentialAction\":[{\"@type\":\"SearchAction\",\"target\":{\"@type\":\"EntryPoint\",\"urlTemplate\":\"https:\\\/\\\/medicinasinc.com\\\/ro\\\/?s={search_term_string}\"},\"query-input\":{\"@type\":\"PropertyValueSpecification\",\"valueRequired\":true,\"valueName\":\"search_term_string\"}}],\"inLanguage\":\"en-US\"}]}<\/script>\n<!-- \/ Yoast SEO plugin. -->","yoast_head_json":{"title":"Cump\u0103ra\u021bi Ambien 10 mg - Ambien 10 mg - Cele mai bune medicamente globale","description":"Cump\u0103ra\u021bi Ambien 10 mg, Ambien, Zolpidem, ambien\u00a010mg, Zolpidem Tartrate, cump\u0103ra\u021bi somnifer online, cump\u0103ra\u021bi online anti-anxietate, antidepresive,\u00a0cump\u0103ra\u021bi ambien\u00a0f\u0103r\u0103 prescrip\u021bie medical\u0103.","robots":{"index":"index","follow":"follow","max-snippet":"max-snippet:-1","max-image-preview":"max-image-preview:large","max-video-preview":"max-video-preview:-1"},"canonical":"https:\/\/medicinasinc.com\/ro\/product\/buy-ambien-10-mg\/","og_locale":"en_US","og_type":"article","og_title":"Cump\u0103ra\u021bi Ambien 10 mg - Ambien 10 mg - Cele mai bune medicamente globale","og_description":"Cump\u0103ra\u021bi Ambien 10 mg, Ambien, Zolpidem, ambien\u00a010mg, Zolpidem Tartrate, cump\u0103ra\u021bi somnifer online, cump\u0103ra\u021bi online anti-anxietate, antidepresive,\u00a0cump\u0103ra\u021bi ambien\u00a0f\u0103r\u0103 prescrip\u021bie medical\u0103.","og_url":"https:\/\/medicinasinc.com\/ro\/product\/buy-ambien-10-mg\/","og_site_name":"Medicinas Inc","article_modified_time":"2022-03-22T01:06:11+00:00","og_image":[{"width":225,"height":225,"url":"https:\/\/medicinasinc.com\/ro\/wp-content\/uploads\/sites\/11\/2022\/02\/Buy-Ambien-10mg.jpg","type":"image\/jpeg"}],"twitter_card":"summary_large_image","twitter_misc":{"Est. reading time":"2 minutes"},"schema":{"@context":"https:\/\/schema.org","@graph":[{"@type":"WebPage","@id":"https:\/\/medicinasinc.com\/ro\/product\/buy-ambien-10-mg\/","url":"https:\/\/medicinasinc.com\/ro\/product\/buy-ambien-10-mg\/","name":"Cump\u0103ra\u021bi Ambien 10 mg - Ambien 10 mg - Cele mai bune medicamente globale","isPartOf":{"@id":"https:\/\/medicinasinc.com\/ro\/#website"},"primaryImageOfPage":{"@id":"https:\/\/medicinasinc.com\/ro\/product\/buy-ambien-10-mg\/#primaryimage"},"image":{"@id":"https:\/\/medicinasinc.com\/ro\/product\/buy-ambien-10-mg\/#primaryimage"},"thumbnailUrl":"https:\/\/medicinasinc.com\/ro\/wp-content\/uploads\/sites\/11\/2022\/02\/Buy-Ambien-10mg.jpg","datePublished":"2022-02-20T20:42:48+00:00","dateModified":"2022-03-22T01:06:11+00:00","description":"Cump\u0103ra\u021bi Ambien 10 mg, Ambien, Zolpidem, ambien\u00a010mg, Zolpidem Tartrate, cump\u0103ra\u021bi somnifer online, cump\u0103ra\u021bi online anti-anxietate, antidepresive,\u00a0cump\u0103ra\u021bi ambien\u00a0f\u0103r\u0103 prescrip\u021bie medical\u0103.","breadcrumb":{"@id":"https:\/\/medicinasinc.com\/ro\/product\/buy-ambien-10-mg\/#breadcrumb"},"inLanguage":"en-US","potentialAction":[{"@type":"ReadAction","target":["https:\/\/medicinasinc.com\/ro\/product\/buy-ambien-10-mg\/"]}]},{"@type":"ImageObject","inLanguage":"en-US","@id":"https:\/\/medicinasinc.com\/ro\/product\/buy-ambien-10-mg\/#primaryimage","url":"https:\/\/medicinasinc.com\/ro\/wp-content\/uploads\/sites\/11\/2022\/02\/Buy-Ambien-10mg.jpg","contentUrl":"https:\/\/medicinasinc.com\/ro\/wp-content\/uploads\/sites\/11\/2022\/02\/Buy-Ambien-10mg.jpg","width":225,"height":225},{"@type":"BreadcrumbList","@id":"https:\/\/medicinasinc.com\/ro\/product\/buy-ambien-10-mg\/#breadcrumb","itemListElement":[{"@type":"ListItem","position":1,"name":"Magazin","item":"https:\/\/medicinasinc.com\/ro\/magazin\/"},{"@type":"ListItem","position":2,"name":"Cump\u0103ra\u021bi Ambien 10 mg"}]},{"@type":"WebSite","@id":"https:\/\/medicinasinc.com\/ro\/#website","url":"https:\/\/medicinasinc.com\/ro\/","name":"Medicinas Inc","description":"Health Medical Clinic","potentialAction":[{"@type":"SearchAction","target":{"@type":"EntryPoint","urlTemplate":"https:\/\/medicinasinc.com\/ro\/?s={search_term_string}"},"query-input":{"@type":"PropertyValueSpecification","valueRequired":true,"valueName":"search_term_string"}}],"inLanguage":"en-US"}]}},"_links":{"self":[{"href":"https:\/\/medicinasinc.com\/ro\/wp-json\/wp\/v2\/product\/5124","targetHints":{"allow":["GET"]}}],"collection":[{"href":"https:\/\/medicinasinc.com\/ro\/wp-json\/wp\/v2\/product"}],"about":[{"href":"https:\/\/medicinasinc.com\/ro\/wp-json\/wp\/v2\/types\/product"}],"replies":[{"embeddable":true,"href":"https:\/\/medicinasinc.com\/ro\/wp-json\/wp\/v2\/comments?post=5124"}],"wp:featuredmedia":[{"embeddable":true,"href":"https:\/\/medicinasinc.com\/ro\/wp-json\/wp\/v2\/media\/5142"}],"wp:attachment":[{"href":"https:\/\/medicinasinc.com\/ro\/wp-json\/wp\/v2\/media?parent=5124"}],"wp:term":[{"taxonomy":"product_brand","embeddable":true,"href":"https:\/\/medicinasinc.com\/ro\/wp-json\/wp\/v2\/product_brand?post=5124"},{"taxonomy":"product_cat","embeddable":true,"href":"https:\/\/medicinasinc.com\/ro\/wp-json\/wp\/v2\/product_cat?post=5124"},{"taxonomy":"product_tag","embeddable":true,"href":"https:\/\/medicinasinc.com\/ro\/wp-json\/wp\/v2\/product_tag?post=5124"}],"curies":[{"name":"wp","href":"https:\/\/api.w.org\/{rel}","templated":true}]}}