{"id":5123,"date":"2022-02-20T20:39:42","date_gmt":"2022-02-20T20:39:42","guid":{"rendered":"https:\/\/medicinasinc.com\/ro\/?post_type=product&#038;p=5123"},"modified":"2022-03-22T01:06:25","modified_gmt":"2022-03-22T01:06:25","slug":"cumpara-aprox-2mg-xanax","status":"publish","type":"product","link":"https:\/\/medicinasinc.com\/ro\/product\/cumpara-aprox-2mg-xanax\/","title":{"rendered":"Cump\u0103ra\u021bi Alprox 2mg (Xanax)"},"content":{"rendered":"<p>C\u0103uta\u021bi XANAX 2mg de v\u00e2nzare la un pre\u021b rezonabil? Profita\u021bi de tarifele sc\u0103zute ale Best Global Meds \u0219i de livrarea rapid\u0103 a XANAX 2mg la u\u0219a dumneavoastr\u0103!<\/p>\n<p>\u00cen Regatul Unit, pute\u021bi cump\u0103ra Alprazolam online. Marca UK\/UE de Alprazolam (Xanax) 2mg&#8230; Comprimatul de 2 mg pentru medicamente pentru anxietate este mai puternic \u00een Regatul Unit.<\/p>\n<p>De unde pot cump\u0103ra Xanax online? De unde pot cump\u0103ra Xanax 2MG online? De unde pot cump\u0103ra Xanax 1MG online?<\/p>\n<p>Efectele sedative \u0219i sedative sunt posibile cu Xanax.<\/p>\n<p>Xanax 2Mg Cump\u0103ra\u021bi online \u00een Marea Britanie Este convulsiv s\u0103 vede\u021bi comanda Xanax peste noapte din punct de vedere morfologic. Waxier Wilburn sfideaz\u0103 Cump\u0103rarea Xanax Online Reddit subtil\u00e2nd oferta \u00eentr-un mod mai agitat.<\/p>\n<p>Xanax f\u0103r\u0103 prescrip\u021bie medical\u0103 poate fi achizi\u021bionat online ieftin. De unde pot cump\u0103ra fentermin\u0103 \u00een vrac la cel mai mic pre\u021b? Imagini cu medicamente generice de 2 mg xanax<\/p>\n<p>Acest medicament este utilizat pentru a trata tulbur\u0103rile de panic\u0103 \u0219i tulbur\u0103rile de anxietate, cum ar fi frica intens\u0103 nea\u0219teptat\u0103 \u0219i tensiunea cauzat\u0103 de stres. Alprazolam este un comprimat de 0,5 mg, 1 mg, 2 mg. Cel mai bine este s\u0103 \u00eencepi cu o doz\u0103 mic\u0103 \u0219i s\u0103 mergi p\u00e2n\u0103 la una mai mare. Pentru a evita simptomele de sevraj precum convulsii, comportament agresiv, vedere \u00eence\u021bo\u0219at\u0103 etc. dac\u0103 \u00eenceta\u021bi brusc s\u0103 lua\u021bi acest medicament.<\/p>\n<p>Alprazolam 0,5 mg comprimat poate fi luat cu sau f\u0103r\u0103 alimente, \u00een func\u021bie de preferin\u021bele dumneavoastr\u0103. Nu dep\u0103\u0219i\u021bi doza recomandat\u0103. Dac\u0103 observa\u021bi orice reac\u021bii adverse, face\u021bi imediat o programare la medicul dumneavoastr\u0103. Pentru a evita orice simptome de sevraj, nu \u00eenceta\u021bi s\u0103 lua\u021bi medicamentul f\u0103r\u0103 a vizita mai \u00eent\u00e2i medicul!<\/p>\n<p>Ce este implicat \u00een proces<br \/> Hiperpolarizarea \u0219i stabilitatea membranei neuronale sunt ambele realizate prin interac\u021biunea acestui medicament cu clorura. canale, care previne excita\u021bia suplimentar\u0103 a celulelor.<\/p>\n","protected":false},"excerpt":{"rendered":"<p>Pastilele de Aprox 2mg pot fi achizi\u021bionate online (Xanax). Ce este Alprox 2mg? Este posibil sa-l cumperi online? Este Alprox 2mg disponibil f\u0103r\u0103 prescrip\u021bie medical\u0103?<\/p>\n<p>Cump\u0103ra\u021bi Alprazolam Xanax 2 mg Tablet \u00een Marea Britanie, Europa de la farmacia noastr\u0103 online cu cele mai bune medicamente din lume, cu livrare rapid\u0103 la nivel mondial! Ve\u021bi descoperi cele mai bune pre\u021buri pentru tablete Alprazolam 2 MG chiar aici!<\/p>\n<p>Comprimatul Xanax 2 mg este utilizat pentru a trata tulbur\u0103rile de panic\u0103 \u0219i anxietatea, cum ar fi teama intens\u0103 nea\u0219teptat\u0103 \u0219i tensiunea cauzat\u0103 de stres. Cump\u0103ra\u021bi Xanax 2 mg comprimat. Cel mai bine este s\u0103 \u00eencepi cu o doz\u0103 mic\u0103 \u0219i s\u0103 mergi p\u00e2n\u0103 la una mai mare. Simptomele de sevraj, inclusiv convulsii, comportament agresiv, vedere \u00eence\u021bo\u0219at\u0103 \u0219i multe altele pot ap\u0103rea dac\u0103 \u00eenceta\u021bi brusc s\u0103 lua\u021bi acest medicament.<\/p>\n","protected":false},"featured_media":5140,"comment_status":"open","ping_status":"closed","template":"","meta":[],"product_brand":[],"product_cat":[703],"product_tag":[1125,1126,1127,1129,1130,1132,1133,1143,1145,1138,1139,1140,1141,1178,1146,1147,1184,1187,1149,1150,1142,1151,1144,1153,1155,1156,1157,1131,1161,1162,1163,1164,1165,1136,1181,1192,1171,1188,1135,1182,1167,1169,1189,1168,1194,1172,1173,1174,1137,1148,1183,1176,1177,1134,1179,1166,1180,1185,1186,1175,1193,1170,1128,1154,1191,1152,1158,1190,1159,1160],"class_list":{"0":"post-5123","1":"product","2":"type-product","3":"status-publish","4":"has-post-thumbnail","6":"product_cat-cumpr-medicamente-psihedelice","7":"product_tag-alprazolam-25","8":"product_tag-alprazolam-25-pentru-pisici","9":"product_tag-alprazolam-0-25-mg","10":"product_tag-alprazolam-1mg-albastru","11":"product_tag-alprazolam-2mg-batoane","12":"product_tag-alprazolam-blue","13":"product_tag-alprazolam-blue-pill","14":"product_tag-alprazolam-de-vnzare","15":"product_tag-alprazolam-din-mexic","16":"product_tag-alprazolam-dosis-para-dormir-profundamente","17":"product_tag-alprazolam-efectos-secundarios","18":"product_tag-alprazolam-for-dogs","19":"product_tag-alprazolam-for-dogs-online","20":"product_tag-gripa-alprazolam","21":"product_tag-alprazolam-intensol","22":"product_tag-alprazolam-interactions","23":"product_tag-lichid-alprazolam","24":"product_tag-mexican-alprazolam-2mg","25":"product_tag-alprazolam-online","26":"product_tag-alprazolam-para-dormir","27":"product_tag-alprazolam-pentru-cini-efecte-secundare","28":"product_tag-alprazolam-pentru-ce-este-utilizat","29":"product_tag-alprazolam-pentru-somn","30":"product_tag-alprazolam-powder-for-sale","31":"product_tag-alprazolam-pronunat","32":"product_tag-alprazolam-psihonaut","33":"product_tag-alprazolam-refill-rules","34":"product_tag-alprazolam-c8i-alcool","35":"product_tag-alprazolam-use","36":"product_tag-alprazolam-vs-clonazepam","37":"product_tag-alprazolam-vs-lorazepam","38":"product_tag-alprazolam-xanax","39":"product_tag-alprazolam-xr","40":"product_tag-alprazolam-cini","41":"product_tag-ct-ine-alprazolamul-n-urin-reddit","42":"product_tag-cel-mai-bun-loc-pentru-a-cumpra-alprazolam-online","43":"product_tag-clonazepam-vs-alprazolam","44":"product_tag-comanda-alprazolam-online","45":"product_tag-alprazolam-cost","46":"product_tag-cum-se-cumpr-alprazolam-online","47":"product_tag-cumpr-alprazolam","48":"product_tag-cumprare-alprazolam","49":"product_tag-cumprare-alprazolam-online","50":"product_tag-cumpara-alprazolam-online","51":"product_tag-de-unde-s-cumprm-alprazolam-online","52":"product_tag-diazepam-vs-alprazolam","53":"product_tag-diferena-ntre-alprazolam-i-lorazepam","54":"product_tag-diferena-ntre-lorazepam-i-alprazolam","55":"product_tag-doz-alprazolam-pentru-cini","56":"product_tag-alprazolam-doza-relaxant-muscular","57":"product_tag-este-alprazolam-o-substan-controlat","58":"product_tag-farmapram-alprazolam","59":"product_tag-farmapram-alprazolam-2mg","60":"product_tag-alprazolam-flacon","61":"product_tag-flualprazolam-vs-alprazolam","62":"product_tag-alprazolam-galben","63":"product_tag-greenstone-alprazolam","64":"product_tag-lorazepam-vs-alprazolam","65":"product_tag-lorazepam-vs-alprazolam-reddit","66":"product_tag-medici-care-prescriu-alprazolam-lng-me","67":"product_tag-ce-este-alprazolam-utilizat-pentru-partajare","68":"product_tag-poate-alprazolam-te-a-te-hiba","69":"product_tag-alprazolam-0-5-mg-pret","70":"product_tag-alprazolam-pret","71":"product_tag-snort-alprazolam","72":"product_tag-alprazolam-pulbere","73":"product_tag-alprazolam-recenzii","74":"product_tag-sandoz-alprazolam","75":"product_tag-alprazolam-sintez","76":"product_tag-alprazolam-urina-timp-detecie","78":"first","79":"instock","80":"shipping-taxable","81":"purchasable","82":"product-type-variable"},"yoast_head":"<!-- This site is optimized with the Yoast SEO plugin v27.3 - https:\/\/yoast.com\/product\/yoast-seo-wordpress\/ -->\n<title>Cump\u0103ra\u021bi Alprox 2mg (Xanax) - Comanda\u021bi Xanax - Cele mai bune medicamente globale<\/title>\n<meta name=\"description\" content=\"Cump\u0103ra\u021bi online Alprox pastile de 2 mg (Xanax). cumpara Alprox online, Alprox online, cumpara online alprox, cumpara xanax, Cumpara Alprazolam Xanax 2 mg Tablet Marea Britanie, Europa\" \/>\n<meta name=\"robots\" content=\"index, follow, max-snippet:-1, max-image-preview:large, max-video-preview:-1\" \/>\n<link rel=\"canonical\" href=\"https:\/\/medicinasinc.com\/ro\/product\/cumpara-aprox-2mg-xanax\/\" \/>\n<meta property=\"og:locale\" content=\"en_US\" \/>\n<meta property=\"og:type\" content=\"article\" \/>\n<meta property=\"og:title\" content=\"Cump\u0103ra\u021bi Alprox 2mg (Xanax) - Comanda\u021bi Xanax - Cele mai bune medicamente globale\" \/>\n<meta property=\"og:description\" content=\"Cump\u0103ra\u021bi online Alprox pastile de 2 mg (Xanax). cumpara Alprox online, Alprox online, cumpara online alprox, cumpara xanax, Cumpara Alprazolam Xanax 2 mg Tablet Marea Britanie, Europa\" \/>\n<meta property=\"og:url\" content=\"https:\/\/medicinasinc.com\/ro\/product\/cumpara-aprox-2mg-xanax\/\" \/>\n<meta property=\"og:site_name\" content=\"Medicinas Inc\" \/>\n<meta property=\"article:modified_time\" content=\"2022-03-22T01:06:25+00:00\" \/>\n<meta property=\"og:image\" content=\"https:\/\/medicinasinc.com\/ro\/wp-content\/uploads\/sites\/11\/2022\/02\/Buy-Alprox-2mg.jpg\" \/>\n\t<meta property=\"og:image:width\" content=\"600\" \/>\n\t<meta property=\"og:image:height\" content=\"600\" \/>\n\t<meta property=\"og:image:type\" content=\"image\/jpeg\" \/>\n<meta name=\"twitter:card\" content=\"summary_large_image\" \/>\n<meta name=\"twitter:label1\" content=\"Est. reading time\" \/>\n\t<meta name=\"twitter:data1\" content=\"2 minutes\" \/>\n<script type=\"application\/ld+json\" class=\"yoast-schema-graph\">{\"@context\":\"https:\\\/\\\/schema.org\",\"@graph\":[{\"@type\":\"WebPage\",\"@id\":\"https:\\\/\\\/medicinasinc.com\\\/ro\\\/product\\\/cumpara-aprox-2mg-xanax\\\/\",\"url\":\"https:\\\/\\\/medicinasinc.com\\\/ro\\\/product\\\/cumpara-aprox-2mg-xanax\\\/\",\"name\":\"Cump\u0103ra\u021bi Alprox 2mg (Xanax) - Comanda\u021bi Xanax - Cele mai bune medicamente globale\",\"isPartOf\":{\"@id\":\"https:\\\/\\\/medicinasinc.com\\\/ro\\\/#website\"},\"primaryImageOfPage\":{\"@id\":\"https:\\\/\\\/medicinasinc.com\\\/ro\\\/product\\\/cumpara-aprox-2mg-xanax\\\/#primaryimage\"},\"image\":{\"@id\":\"https:\\\/\\\/medicinasinc.com\\\/ro\\\/product\\\/cumpara-aprox-2mg-xanax\\\/#primaryimage\"},\"thumbnailUrl\":\"https:\\\/\\\/medicinasinc.com\\\/ro\\\/wp-content\\\/uploads\\\/sites\\\/11\\\/2022\\\/02\\\/Buy-Alprox-2mg.jpg\",\"datePublished\":\"2022-02-20T20:39:42+00:00\",\"dateModified\":\"2022-03-22T01:06:25+00:00\",\"description\":\"Cump\u0103ra\u021bi online Alprox pastile de 2 mg (Xanax). cumpara Alprox online, Alprox online, cumpara online alprox, cumpara xanax, Cumpara Alprazolam Xanax 2 mg Tablet Marea Britanie, Europa\",\"breadcrumb\":{\"@id\":\"https:\\\/\\\/medicinasinc.com\\\/ro\\\/product\\\/cumpara-aprox-2mg-xanax\\\/#breadcrumb\"},\"inLanguage\":\"en-US\",\"potentialAction\":[{\"@type\":\"ReadAction\",\"target\":[\"https:\\\/\\\/medicinasinc.com\\\/ro\\\/product\\\/cumpara-aprox-2mg-xanax\\\/\"]}]},{\"@type\":\"ImageObject\",\"inLanguage\":\"en-US\",\"@id\":\"https:\\\/\\\/medicinasinc.com\\\/ro\\\/product\\\/cumpara-aprox-2mg-xanax\\\/#primaryimage\",\"url\":\"https:\\\/\\\/medicinasinc.com\\\/ro\\\/wp-content\\\/uploads\\\/sites\\\/11\\\/2022\\\/02\\\/Buy-Alprox-2mg.jpg\",\"contentUrl\":\"https:\\\/\\\/medicinasinc.com\\\/ro\\\/wp-content\\\/uploads\\\/sites\\\/11\\\/2022\\\/02\\\/Buy-Alprox-2mg.jpg\",\"width\":600,\"height\":600},{\"@type\":\"BreadcrumbList\",\"@id\":\"https:\\\/\\\/medicinasinc.com\\\/ro\\\/product\\\/cumpara-aprox-2mg-xanax\\\/#breadcrumb\",\"itemListElement\":[{\"@type\":\"ListItem\",\"position\":1,\"name\":\"Magazin\",\"item\":\"https:\\\/\\\/medicinasinc.com\\\/ro\\\/magazin\\\/\"},{\"@type\":\"ListItem\",\"position\":2,\"name\":\"Cump\u0103ra\u021bi Alprox 2mg (Xanax)\"}]},{\"@type\":\"WebSite\",\"@id\":\"https:\\\/\\\/medicinasinc.com\\\/ro\\\/#website\",\"url\":\"https:\\\/\\\/medicinasinc.com\\\/ro\\\/\",\"name\":\"Medicinas Inc\",\"description\":\"Health Medical Clinic\",\"potentialAction\":[{\"@type\":\"SearchAction\",\"target\":{\"@type\":\"EntryPoint\",\"urlTemplate\":\"https:\\\/\\\/medicinasinc.com\\\/ro\\\/?s={search_term_string}\"},\"query-input\":{\"@type\":\"PropertyValueSpecification\",\"valueRequired\":true,\"valueName\":\"search_term_string\"}}],\"inLanguage\":\"en-US\"}]}<\/script>\n<!-- \/ Yoast SEO plugin. -->","yoast_head_json":{"title":"Cump\u0103ra\u021bi Alprox 2mg (Xanax) - Comanda\u021bi Xanax - Cele mai bune medicamente globale","description":"Cump\u0103ra\u021bi online Alprox pastile de 2 mg (Xanax). cumpara Alprox online, Alprox online, cumpara online alprox, cumpara xanax, Cumpara Alprazolam Xanax 2 mg Tablet Marea Britanie, Europa","robots":{"index":"index","follow":"follow","max-snippet":"max-snippet:-1","max-image-preview":"max-image-preview:large","max-video-preview":"max-video-preview:-1"},"canonical":"https:\/\/medicinasinc.com\/ro\/product\/cumpara-aprox-2mg-xanax\/","og_locale":"en_US","og_type":"article","og_title":"Cump\u0103ra\u021bi Alprox 2mg (Xanax) - Comanda\u021bi Xanax - Cele mai bune medicamente globale","og_description":"Cump\u0103ra\u021bi online Alprox pastile de 2 mg (Xanax). cumpara Alprox online, Alprox online, cumpara online alprox, cumpara xanax, Cumpara Alprazolam Xanax 2 mg Tablet Marea Britanie, Europa","og_url":"https:\/\/medicinasinc.com\/ro\/product\/cumpara-aprox-2mg-xanax\/","og_site_name":"Medicinas Inc","article_modified_time":"2022-03-22T01:06:25+00:00","og_image":[{"width":600,"height":600,"url":"https:\/\/medicinasinc.com\/ro\/wp-content\/uploads\/sites\/11\/2022\/02\/Buy-Alprox-2mg.jpg","type":"image\/jpeg"}],"twitter_card":"summary_large_image","twitter_misc":{"Est. reading time":"2 minutes"},"schema":{"@context":"https:\/\/schema.org","@graph":[{"@type":"WebPage","@id":"https:\/\/medicinasinc.com\/ro\/product\/cumpara-aprox-2mg-xanax\/","url":"https:\/\/medicinasinc.com\/ro\/product\/cumpara-aprox-2mg-xanax\/","name":"Cump\u0103ra\u021bi Alprox 2mg (Xanax) - Comanda\u021bi Xanax - Cele mai bune medicamente globale","isPartOf":{"@id":"https:\/\/medicinasinc.com\/ro\/#website"},"primaryImageOfPage":{"@id":"https:\/\/medicinasinc.com\/ro\/product\/cumpara-aprox-2mg-xanax\/#primaryimage"},"image":{"@id":"https:\/\/medicinasinc.com\/ro\/product\/cumpara-aprox-2mg-xanax\/#primaryimage"},"thumbnailUrl":"https:\/\/medicinasinc.com\/ro\/wp-content\/uploads\/sites\/11\/2022\/02\/Buy-Alprox-2mg.jpg","datePublished":"2022-02-20T20:39:42+00:00","dateModified":"2022-03-22T01:06:25+00:00","description":"Cump\u0103ra\u021bi online Alprox pastile de 2 mg (Xanax). cumpara Alprox online, Alprox online, cumpara online alprox, cumpara xanax, Cumpara Alprazolam Xanax 2 mg Tablet Marea Britanie, Europa","breadcrumb":{"@id":"https:\/\/medicinasinc.com\/ro\/product\/cumpara-aprox-2mg-xanax\/#breadcrumb"},"inLanguage":"en-US","potentialAction":[{"@type":"ReadAction","target":["https:\/\/medicinasinc.com\/ro\/product\/cumpara-aprox-2mg-xanax\/"]}]},{"@type":"ImageObject","inLanguage":"en-US","@id":"https:\/\/medicinasinc.com\/ro\/product\/cumpara-aprox-2mg-xanax\/#primaryimage","url":"https:\/\/medicinasinc.com\/ro\/wp-content\/uploads\/sites\/11\/2022\/02\/Buy-Alprox-2mg.jpg","contentUrl":"https:\/\/medicinasinc.com\/ro\/wp-content\/uploads\/sites\/11\/2022\/02\/Buy-Alprox-2mg.jpg","width":600,"height":600},{"@type":"BreadcrumbList","@id":"https:\/\/medicinasinc.com\/ro\/product\/cumpara-aprox-2mg-xanax\/#breadcrumb","itemListElement":[{"@type":"ListItem","position":1,"name":"Magazin","item":"https:\/\/medicinasinc.com\/ro\/magazin\/"},{"@type":"ListItem","position":2,"name":"Cump\u0103ra\u021bi Alprox 2mg (Xanax)"}]},{"@type":"WebSite","@id":"https:\/\/medicinasinc.com\/ro\/#website","url":"https:\/\/medicinasinc.com\/ro\/","name":"Medicinas Inc","description":"Health Medical Clinic","potentialAction":[{"@type":"SearchAction","target":{"@type":"EntryPoint","urlTemplate":"https:\/\/medicinasinc.com\/ro\/?s={search_term_string}"},"query-input":{"@type":"PropertyValueSpecification","valueRequired":true,"valueName":"search_term_string"}}],"inLanguage":"en-US"}]}},"_links":{"self":[{"href":"https:\/\/medicinasinc.com\/ro\/wp-json\/wp\/v2\/product\/5123","targetHints":{"allow":["GET"]}}],"collection":[{"href":"https:\/\/medicinasinc.com\/ro\/wp-json\/wp\/v2\/product"}],"about":[{"href":"https:\/\/medicinasinc.com\/ro\/wp-json\/wp\/v2\/types\/product"}],"replies":[{"embeddable":true,"href":"https:\/\/medicinasinc.com\/ro\/wp-json\/wp\/v2\/comments?post=5123"}],"wp:featuredmedia":[{"embeddable":true,"href":"https:\/\/medicinasinc.com\/ro\/wp-json\/wp\/v2\/media\/5140"}],"wp:attachment":[{"href":"https:\/\/medicinasinc.com\/ro\/wp-json\/wp\/v2\/media?parent=5123"}],"wp:term":[{"taxonomy":"product_brand","embeddable":true,"href":"https:\/\/medicinasinc.com\/ro\/wp-json\/wp\/v2\/product_brand?post=5123"},{"taxonomy":"product_cat","embeddable":true,"href":"https:\/\/medicinasinc.com\/ro\/wp-json\/wp\/v2\/product_cat?post=5123"},{"taxonomy":"product_tag","embeddable":true,"href":"https:\/\/medicinasinc.com\/ro\/wp-json\/wp\/v2\/product_tag?post=5123"}],"curies":[{"name":"wp","href":"https:\/\/api.w.org\/{rel}","templated":true}]}}