{"id":5122,"date":"2022-02-20T20:38:15","date_gmt":"2022-02-20T20:38:15","guid":{"rendered":"https:\/\/medicinasinc.com\/ro\/?post_type=product&#038;p=5122"},"modified":"2022-03-22T01:06:35","modified_gmt":"2022-03-22T01:06:35","slug":"cumpara-adderall-30-mg","status":"publish","type":"product","link":"https:\/\/medicinasinc.com\/ro\/product\/cumpara-adderall-30-mg\/","title":{"rendered":"Cump\u0103ra\u021bi Adderall 30 mg"},"content":{"rendered":"<p>Achizi\u021biona\u021bi online pastile orale Adderall 30mg folosind Bitcoin. \u00cen plus, este utilizat pentru a trata tulburarea de hiperactivitate cu deficit de aten\u021bie (ADHD) \u0219i narcolepsia.<\/p>\n<p>Cump\u0103ra\u021bi Adderall 30 mg online cu livrare rapid\u0103 la nivel mondial de la farmacia noastr\u0103 online Global Med! Ve\u021bi g\u0103si cel mai bun Adderall 30 mg pentru cump\u0103rare aici!<\/p>\n<p>Adderall 30 MG este un medicament pe baz\u0103 de prescrip\u021bie medical\u0103 care este creat prin amestecarea \u0219i dextroamfetamina. Aceste dou\u0103 componente ac\u021bioneaz\u0103 ca stimulen\u021bi principali ai sistemului nervos. \u00cen plus, ace\u0219ti stimulen\u021bi au un efect asupra substan\u021belor chimice ale creierului \u0219i a neuronilor care regleaz\u0103 impulsul \u0219i hiperactivitatea. Medicamentul este utilizat \u00een principal pentru a trata narcolepsia \u0219i tulburarea de hiperactivitate cu deficit de aten\u021bie (ADHD). Consumul este permis \u00eentr-un num\u0103r limitat de \u021b\u0103ri, \u0219i anume Canada \u0219i Statele Unite.<\/p>\n<p>Cea mai grav\u0103 problem\u0103 cu Buy Adderall 30Mg Online este acest cuv\u00e2nt care \u00eencepe cu W<\/p>\n<p>Fiecare fiic\u0103 sau b\u0103iatul se na\u0219te cu o memorie destul de bun\u0103.<\/p>\n<p>Cump\u0103ra\u021bi Adderall 30mg. Nu exist\u0103 nicio cerin\u021b\u0103 pentru o re\u021bet\u0103. Transportul este complet sigur \u0219i discret. Livrarea este disponibil\u0103 peste noapte. Bani rambursa\u021bi garanta\u021bi.<\/p>\n<p>Pute\u021bi cump\u0103ra pastile Adderall f\u0103r\u0103 prescrip\u021bie medical\u0103 online, adderall pe computer deschis \u0219i Pot achizi\u021biona Adderall online.<\/p>\n<p>Precau\u021bii privind dozarea:<\/p>\n<p> De\u0219i o persoan\u0103 poate avea nevoie de Adderall XR, el sau ea ar trebui s\u0103 viziteze un medic \u00eenainte de prima doz\u0103 dac\u0103 are o tiroid\u0103 hiperactiv\u0103, hipertensiune arterial\u0103 moderat\u0103 p\u00e2n\u0103 la sever\u0103, glaucom, orice boal\u0103 cardiac\u0103 sau a fost anterior dependent de droguri sau alcool. \u00cen plus, persoanele sunt \u00eendemnate s\u0103 nu abuzeze de doza medicamentului, deoarece acest lucru ar putea duce la efecte negative majore asupra inimii sau, \u00een cel mai r\u0103u caz, la moarte.<\/p>\n<p>Rezultat pozitiv:<\/p>\n<p>Ca \u0219i \u00een cazul oric\u0103rei substan\u021be, consumul acesteia are o serie de efecte, at\u00e2t pozitive, c\u00e2t \u0219i rele. \u00cen plus, Adderall 30 MG are. S-a observat c\u0103 utilizarea acestuia pentru o perioad\u0103 mai scurt\u0103 de timp, conform recomand\u0103rilor unui medic, are un efect benefic asupra s\u0103n\u0103t\u0103\u021bii unei persoane prin prevenirea simptomelor ADHD. Acest lucru se \u00eent\u00e2mpl\u0103 din urm\u0103toarele motive:<\/p>\n<p>M\u0103re\u0219te nivelurile de neurotransmi\u021b\u0103tori precum dopamina \u0219i norepinefrina din creierul nostru. \u00cen plus, ace\u0219ti compu\u0219i specifici din creier servesc la cre\u0219terea nivelului de energie, vigilen\u021b\u0103 \u0219i concentrare.<br \/> Medicamentul poate accelera frecven\u021ba cardiac\u0103 \u0219i poate sus\u021bine alimentarea cu s\u00e2nge a mu\u0219chilor.<br \/> Utilizarea constant\u0103, a\u0219a cum este prescris\u0103 de medici, poate rezult\u0103 o energie \u0219i vigoare crescute, ceea ce este considerat a fi comparabil cu consumul de cocain\u0103.<br \/> Rezultat negativ:<\/p>\n<p>Datorit\u0103 faptului c\u0103 Adderall 30 MG este un medicament extrem de sensibil, consum\u00e2ndu-l f\u0103r\u0103 prescrip\u021bia medicului prescrip\u021bia medical\u0103 poate avea un efect negativ asupra s\u0103n\u0103t\u0103\u021bii dumneavoastr\u0103.<\/p>\n<p>Iritabilitate<br \/> Sc\u0103derea greut\u0103\u021bii care este nes\u0103n\u0103toas\u0103 ca urmare a suprim\u0103rii apetitului<br \/> Insomnie \u0219i tulbur\u0103ri de somn<br \/> Complica\u021bii cardiace severe<\/p>\n<p>&nbsp;<\/p>\n<p>&nbsp;<\/p>\n<p>&nbsp;<\/p>\n<p>\u00cen caz de abuz:<\/p>\n<p>Medicii au sf\u0103tuit \u00eentotdeauna pacien\u021bilor s\u0103 foloseasc\u0103 medicamentele cu precau\u021bie, iar dac\u0103 Adderall 30 MG a fost abuzat, a avut ca rezultat cre\u0219terea nivelului de energie \u0219i o revigorare puternic\u0103. \u00cen plus, utilizarea excesiv\u0103 a acestei din urm\u0103 substan\u021be poate duce la simptome nepl\u0103cute, cum ar fi:<\/p>\n<p>Aten\u021bie redus\u0103 la anumite sarcini<br \/> Depresie \u0219i lenevie<br \/> \u021aine\u021bi cont de aceste puncte de oboseal\u0103:<\/p>\n<p>\u00cen plus, exist\u0103 c\u00e2teva elemente de luat \u00een considerare \u00eenainte de a utiliza Adderall 30 MG.<\/p>\n<p>Cercet\u0103torii au sf\u0103tuit persoanele s\u0103 nu-l ingereze dac\u0103 au luat inhibitori MAO, cum ar fi linezolid, injec\u021bie cu albastru de metilen, izocarboxazid sau rasagilina. \u00een ultimele 14 zile, deoarece acest lucru ar putea duce la o interac\u021biune farmacologic\u0103 sever\u0103, care este cu siguran\u021b\u0103 nes\u0103n\u0103toas\u0103.<\/p>\n<p>\u00cen plus, o persoan\u0103 alergic\u0103 la medicamentele stimulatoare ar trebui s\u0103 o evite sau dac\u0103 face deja fa\u021b\u0103 urm\u0103toarele:<\/p>\n<p>Orice boal\u0103 coronarian\u0103 grav\u0103 sau boal\u0103 cardiac\u0103<br \/> Hipertensiune arterial\u0103 (de la normal la mare)<br \/> Anxietate \u0219i stres la un nivel maxim<br \/> Dependen\u021b\u0103 de droguri sau alcool<br \/> Ce se \u00eent\u00e2mpl\u0103 dac\u0103 cineva este dependent de Adderall XR?<\/p>\n<p>Dependen\u021ba de o astfel de substan\u021b\u0103 se poate manifesta \u00een dou\u0103 moduri: psihologic \u0219i fizic.<\/p>\n<p>Dac\u0103 o persoan\u0103 o ia zilnic \u0219i aceasta devine \u00eenr\u0103d\u0103cinat\u0103 \u00een via\u021ba sa, va dezvolta o dependen\u021b\u0103 psihologic\u0103 sau dependenta de ea. \u00cen plus, restric\u021bionarea accesului la acesta din orice motiv ar putea fi deranjant\u0103, iar persoanele dependente mintal ar avea regulat stres sau dureri de cap.<\/p>\n<p>\u00cen plus, pentru persoanele dependente mintal, consumul cre\u0219te frecvent la niveluri periculoase \u0219i sunt obliga\u021bi s\u0103 continu\u0103 s\u0103-l bea chiar \u0219i cu riscul vie\u021bii lor. Cu toate acestea, un remediu este disponibil \u00een acest caz. Acest tipar comportamental poate fi modificat prin tratament psihiatric. Potrivit speciali\u0219tilor, o terapie numit\u0103 terapie cognitiv-comportamental\u0103 poate fi benefic\u0103.<\/p>\n<p>\u00cen al doilea r\u00e2nd, atunci c\u00e2nd o persoan\u0103 este obi\u0219nuit\u0103 s\u0103 aib\u0103 un nivel mai mare de dopamin\u0103 disponibil \u00een creier, reducerea Adderall XR poate duce la o sc\u0103dere a dopaminei. niveluri, duc\u00e2nd la urm\u0103toarele:<\/p>\n<p>&nbsp;<\/p>\n<p>Depresie sau epuizare<br \/> Dormit nefiresc sau r\u0103m\u00e2ne treaz pentru perioade de timp neobi\u0219nuit de lungi<\/p>\n<p>Este Este necesar s\u0103 subliniem aici c\u0103 dependen\u021ba fizic\u0103 poate provoca un impuls de a consuma mai mult\u0103 substan\u021b\u0103 pentru a men\u021bine satisfac\u021bia, ceea ce poate duce la o varietate de efecte adverse \u0219i la supradozaj.<\/p>\n<p>Cu toate acestea, ingerarea acestora numai la \u00eendrumarea exper\u021bilor. sau cu cea mai mare pruden\u021b\u0103 poate proteja oamenii de consecin\u021be negative.<\/p>\n","protected":false},"excerpt":{"rendered":"<p>Cump\u0103ra\u021bi Adderall 30 mg \u00een Regatul Unit \u0219i Europa de la farmacia noastr\u0103 online Best Global Meds cu livrare interna\u021bional\u0103 rapid\u0103! Ve\u021bi g\u0103si cel mai bun Adderall 30 mg pentru cump\u0103rare aici!<\/p>\n<p>Cump\u0103ra\u021bi Adderall 30mg online. Cump\u0103ra\u021bi Adderall 30 mg online de la unul dintre cei mai mari comercian\u021bi online la cel mai bun pre\u021b. Adderall este, de asemenea, cunoscut sub numele de amfetamin\u0103 \u0219i dextroamfetamina \u0219i este utilizat pentru a trata tulburarea de hiperactivitate cu deficit de aten\u021bie (ADHD) (tulburare de hiperactivitate cu deficit de aten\u021bie).<\/p>\n<p>Adderall 30 MG este un medicament pe baz\u0103 de re\u021bet\u0103 care este creat prin amestecarea \u0219i dextroamfetamina. Aceste dou\u0103 componente ac\u021bioneaz\u0103 ca stimuli principali ai sistemului nervos. \u00cen plus, ace\u0219ti stimulen\u021bi au un efect asupra substan\u021belor chimice ale creierului \u0219i a neuronilor care regleaz\u0103 impulsul \u0219i hiperactivitatea.<\/p>\n","protected":false},"featured_media":5138,"comment_status":"open","ping_status":"closed","template":"","meta":[],"product_brand":[],"product_cat":[1117],"product_tag":[1118,1123,1121,1120,1122,1119,1124],"class_list":{"0":"post-5122","1":"product","2":"type-product","3":"status-publish","4":"has-post-thumbnail","6":"product_cat-cumparati-pastile-pentru-durere-somn-sex","7":"product_tag-adderall-30-mg-for-sale","8":"product_tag-cel-mai-bun-loc-pentru-a-cumpara-adderall-30-mg-online","9":"product_tag-comanda-adderall-30-mg-online","10":"product_tag-cum-se-cumpara-adderall-30-mg-online","11":"product_tag-cumprare-adderall-30-mg-online","12":"product_tag-cumpara-adderall-30-mg-online","13":"product_tag-de-unde-s-cumprm-adderall-30-mg-online","15":"first","16":"instock","17":"shipping-taxable","18":"purchasable","19":"product-type-variable","20":"has-default-attributes"},"yoast_head":"<!-- This site is optimized with the Yoast SEO plugin v27.3 - https:\/\/yoast.com\/product\/yoast-seo-wordpress\/ -->\n<title>Cump\u0103ra\u021bi Adderall 30 mg - Adderall 30 mg - Cele mai bune medicamente globale<\/title>\n<meta name=\"description\" content=\"Cump\u0103ra\u021bi pastile Adderall 30mg online. Cump\u0103ra\u021bi Adderall online 30 mg dintr-unul dintre cei mai buni v\u00e2nz\u0103tori online la cel mai bun pre\u021b. Adderall este, de asemenea, cunoscut sub numele de amfetamin\u0103 \u0219i dextroamfetamina utilizat\u0103 pentru tratamentul ADHD (tulburare de hiperactivitate cu deficit de aten\u021bie).\" \/>\n<meta name=\"robots\" content=\"index, follow, max-snippet:-1, max-image-preview:large, max-video-preview:-1\" \/>\n<link rel=\"canonical\" href=\"https:\/\/medicinasinc.com\/ro\/product\/cumpara-adderall-30-mg\/\" \/>\n<meta property=\"og:locale\" content=\"en_US\" \/>\n<meta property=\"og:type\" content=\"article\" \/>\n<meta property=\"og:title\" content=\"Cump\u0103ra\u021bi Adderall 30 mg - Adderall 30 mg - Cele mai bune medicamente globale\" \/>\n<meta property=\"og:description\" content=\"Cump\u0103ra\u021bi pastile Adderall 30mg online. Cump\u0103ra\u021bi Adderall online 30 mg dintr-unul dintre cei mai buni v\u00e2nz\u0103tori online la cel mai bun pre\u021b. Adderall este, de asemenea, cunoscut sub numele de amfetamin\u0103 \u0219i dextroamfetamina utilizat\u0103 pentru tratamentul ADHD (tulburare de hiperactivitate cu deficit de aten\u021bie).\" \/>\n<meta property=\"og:url\" content=\"https:\/\/medicinasinc.com\/ro\/product\/cumpara-adderall-30-mg\/\" \/>\n<meta property=\"og:site_name\" content=\"Medicinas Inc\" \/>\n<meta property=\"article:modified_time\" content=\"2022-03-22T01:06:35+00:00\" \/>\n<meta property=\"og:image\" content=\"https:\/\/medicinasinc.com\/ro\/wp-content\/uploads\/sites\/11\/2022\/02\/Buy-Adderall-30-MG.jpg\" \/>\n\t<meta property=\"og:image:width\" content=\"392\" \/>\n\t<meta property=\"og:image:height\" content=\"300\" \/>\n\t<meta property=\"og:image:type\" content=\"image\/jpeg\" \/>\n<meta name=\"twitter:card\" content=\"summary_large_image\" \/>\n<meta name=\"twitter:label1\" content=\"Est. reading time\" \/>\n\t<meta name=\"twitter:data1\" content=\"4 minutes\" \/>\n<script type=\"application\/ld+json\" class=\"yoast-schema-graph\">{\"@context\":\"https:\\\/\\\/schema.org\",\"@graph\":[{\"@type\":\"WebPage\",\"@id\":\"https:\\\/\\\/medicinasinc.com\\\/ro\\\/product\\\/cumpara-adderall-30-mg\\\/\",\"url\":\"https:\\\/\\\/medicinasinc.com\\\/ro\\\/product\\\/cumpara-adderall-30-mg\\\/\",\"name\":\"Cump\u0103ra\u021bi Adderall 30 mg - Adderall 30 mg - Cele mai bune medicamente globale\",\"isPartOf\":{\"@id\":\"https:\\\/\\\/medicinasinc.com\\\/ro\\\/#website\"},\"primaryImageOfPage\":{\"@id\":\"https:\\\/\\\/medicinasinc.com\\\/ro\\\/product\\\/cumpara-adderall-30-mg\\\/#primaryimage\"},\"image\":{\"@id\":\"https:\\\/\\\/medicinasinc.com\\\/ro\\\/product\\\/cumpara-adderall-30-mg\\\/#primaryimage\"},\"thumbnailUrl\":\"https:\\\/\\\/medicinasinc.com\\\/ro\\\/wp-content\\\/uploads\\\/sites\\\/11\\\/2022\\\/02\\\/Buy-Adderall-30-MG.jpg\",\"datePublished\":\"2022-02-20T20:38:15+00:00\",\"dateModified\":\"2022-03-22T01:06:35+00:00\",\"description\":\"Cump\u0103ra\u021bi pastile Adderall 30mg online. Cump\u0103ra\u021bi Adderall online 30 mg dintr-unul dintre cei mai buni v\u00e2nz\u0103tori online la cel mai bun pre\u021b. Adderall este, de asemenea, cunoscut sub numele de amfetamin\u0103 \u0219i dextroamfetamina utilizat\u0103 pentru tratamentul ADHD (tulburare de hiperactivitate cu deficit de aten\u021bie).\",\"breadcrumb\":{\"@id\":\"https:\\\/\\\/medicinasinc.com\\\/ro\\\/product\\\/cumpara-adderall-30-mg\\\/#breadcrumb\"},\"inLanguage\":\"en-US\",\"potentialAction\":[{\"@type\":\"ReadAction\",\"target\":[\"https:\\\/\\\/medicinasinc.com\\\/ro\\\/product\\\/cumpara-adderall-30-mg\\\/\"]}]},{\"@type\":\"ImageObject\",\"inLanguage\":\"en-US\",\"@id\":\"https:\\\/\\\/medicinasinc.com\\\/ro\\\/product\\\/cumpara-adderall-30-mg\\\/#primaryimage\",\"url\":\"https:\\\/\\\/medicinasinc.com\\\/ro\\\/wp-content\\\/uploads\\\/sites\\\/11\\\/2022\\\/02\\\/Buy-Adderall-30-MG.jpg\",\"contentUrl\":\"https:\\\/\\\/medicinasinc.com\\\/ro\\\/wp-content\\\/uploads\\\/sites\\\/11\\\/2022\\\/02\\\/Buy-Adderall-30-MG.jpg\",\"width\":392,\"height\":300},{\"@type\":\"BreadcrumbList\",\"@id\":\"https:\\\/\\\/medicinasinc.com\\\/ro\\\/product\\\/cumpara-adderall-30-mg\\\/#breadcrumb\",\"itemListElement\":[{\"@type\":\"ListItem\",\"position\":1,\"name\":\"Magazin\",\"item\":\"https:\\\/\\\/medicinasinc.com\\\/ro\\\/magazin\\\/\"},{\"@type\":\"ListItem\",\"position\":2,\"name\":\"Cump\u0103ra\u021bi Adderall 30 mg\"}]},{\"@type\":\"WebSite\",\"@id\":\"https:\\\/\\\/medicinasinc.com\\\/ro\\\/#website\",\"url\":\"https:\\\/\\\/medicinasinc.com\\\/ro\\\/\",\"name\":\"Medicinas Inc\",\"description\":\"Health Medical Clinic\",\"potentialAction\":[{\"@type\":\"SearchAction\",\"target\":{\"@type\":\"EntryPoint\",\"urlTemplate\":\"https:\\\/\\\/medicinasinc.com\\\/ro\\\/?s={search_term_string}\"},\"query-input\":{\"@type\":\"PropertyValueSpecification\",\"valueRequired\":true,\"valueName\":\"search_term_string\"}}],\"inLanguage\":\"en-US\"}]}<\/script>\n<!-- \/ Yoast SEO plugin. -->","yoast_head_json":{"title":"Cump\u0103ra\u021bi Adderall 30 mg - Adderall 30 mg - Cele mai bune medicamente globale","description":"Cump\u0103ra\u021bi pastile Adderall 30mg online. Cump\u0103ra\u021bi Adderall online 30 mg dintr-unul dintre cei mai buni v\u00e2nz\u0103tori online la cel mai bun pre\u021b. Adderall este, de asemenea, cunoscut sub numele de amfetamin\u0103 \u0219i dextroamfetamina utilizat\u0103 pentru tratamentul ADHD (tulburare de hiperactivitate cu deficit de aten\u021bie).","robots":{"index":"index","follow":"follow","max-snippet":"max-snippet:-1","max-image-preview":"max-image-preview:large","max-video-preview":"max-video-preview:-1"},"canonical":"https:\/\/medicinasinc.com\/ro\/product\/cumpara-adderall-30-mg\/","og_locale":"en_US","og_type":"article","og_title":"Cump\u0103ra\u021bi Adderall 30 mg - Adderall 30 mg - Cele mai bune medicamente globale","og_description":"Cump\u0103ra\u021bi pastile Adderall 30mg online. Cump\u0103ra\u021bi Adderall online 30 mg dintr-unul dintre cei mai buni v\u00e2nz\u0103tori online la cel mai bun pre\u021b. Adderall este, de asemenea, cunoscut sub numele de amfetamin\u0103 \u0219i dextroamfetamina utilizat\u0103 pentru tratamentul ADHD (tulburare de hiperactivitate cu deficit de aten\u021bie).","og_url":"https:\/\/medicinasinc.com\/ro\/product\/cumpara-adderall-30-mg\/","og_site_name":"Medicinas Inc","article_modified_time":"2022-03-22T01:06:35+00:00","og_image":[{"width":392,"height":300,"url":"https:\/\/medicinasinc.com\/ro\/wp-content\/uploads\/sites\/11\/2022\/02\/Buy-Adderall-30-MG.jpg","type":"image\/jpeg"}],"twitter_card":"summary_large_image","twitter_misc":{"Est. reading time":"4 minutes"},"schema":{"@context":"https:\/\/schema.org","@graph":[{"@type":"WebPage","@id":"https:\/\/medicinasinc.com\/ro\/product\/cumpara-adderall-30-mg\/","url":"https:\/\/medicinasinc.com\/ro\/product\/cumpara-adderall-30-mg\/","name":"Cump\u0103ra\u021bi Adderall 30 mg - Adderall 30 mg - Cele mai bune medicamente globale","isPartOf":{"@id":"https:\/\/medicinasinc.com\/ro\/#website"},"primaryImageOfPage":{"@id":"https:\/\/medicinasinc.com\/ro\/product\/cumpara-adderall-30-mg\/#primaryimage"},"image":{"@id":"https:\/\/medicinasinc.com\/ro\/product\/cumpara-adderall-30-mg\/#primaryimage"},"thumbnailUrl":"https:\/\/medicinasinc.com\/ro\/wp-content\/uploads\/sites\/11\/2022\/02\/Buy-Adderall-30-MG.jpg","datePublished":"2022-02-20T20:38:15+00:00","dateModified":"2022-03-22T01:06:35+00:00","description":"Cump\u0103ra\u021bi pastile Adderall 30mg online. Cump\u0103ra\u021bi Adderall online 30 mg dintr-unul dintre cei mai buni v\u00e2nz\u0103tori online la cel mai bun pre\u021b. Adderall este, de asemenea, cunoscut sub numele de amfetamin\u0103 \u0219i dextroamfetamina utilizat\u0103 pentru tratamentul ADHD (tulburare de hiperactivitate cu deficit de aten\u021bie).","breadcrumb":{"@id":"https:\/\/medicinasinc.com\/ro\/product\/cumpara-adderall-30-mg\/#breadcrumb"},"inLanguage":"en-US","potentialAction":[{"@type":"ReadAction","target":["https:\/\/medicinasinc.com\/ro\/product\/cumpara-adderall-30-mg\/"]}]},{"@type":"ImageObject","inLanguage":"en-US","@id":"https:\/\/medicinasinc.com\/ro\/product\/cumpara-adderall-30-mg\/#primaryimage","url":"https:\/\/medicinasinc.com\/ro\/wp-content\/uploads\/sites\/11\/2022\/02\/Buy-Adderall-30-MG.jpg","contentUrl":"https:\/\/medicinasinc.com\/ro\/wp-content\/uploads\/sites\/11\/2022\/02\/Buy-Adderall-30-MG.jpg","width":392,"height":300},{"@type":"BreadcrumbList","@id":"https:\/\/medicinasinc.com\/ro\/product\/cumpara-adderall-30-mg\/#breadcrumb","itemListElement":[{"@type":"ListItem","position":1,"name":"Magazin","item":"https:\/\/medicinasinc.com\/ro\/magazin\/"},{"@type":"ListItem","position":2,"name":"Cump\u0103ra\u021bi Adderall 30 mg"}]},{"@type":"WebSite","@id":"https:\/\/medicinasinc.com\/ro\/#website","url":"https:\/\/medicinasinc.com\/ro\/","name":"Medicinas Inc","description":"Health Medical Clinic","potentialAction":[{"@type":"SearchAction","target":{"@type":"EntryPoint","urlTemplate":"https:\/\/medicinasinc.com\/ro\/?s={search_term_string}"},"query-input":{"@type":"PropertyValueSpecification","valueRequired":true,"valueName":"search_term_string"}}],"inLanguage":"en-US"}]}},"_links":{"self":[{"href":"https:\/\/medicinasinc.com\/ro\/wp-json\/wp\/v2\/product\/5122","targetHints":{"allow":["GET"]}}],"collection":[{"href":"https:\/\/medicinasinc.com\/ro\/wp-json\/wp\/v2\/product"}],"about":[{"href":"https:\/\/medicinasinc.com\/ro\/wp-json\/wp\/v2\/types\/product"}],"replies":[{"embeddable":true,"href":"https:\/\/medicinasinc.com\/ro\/wp-json\/wp\/v2\/comments?post=5122"}],"wp:featuredmedia":[{"embeddable":true,"href":"https:\/\/medicinasinc.com\/ro\/wp-json\/wp\/v2\/media\/5138"}],"wp:attachment":[{"href":"https:\/\/medicinasinc.com\/ro\/wp-json\/wp\/v2\/media?parent=5122"}],"wp:term":[{"taxonomy":"product_brand","embeddable":true,"href":"https:\/\/medicinasinc.com\/ro\/wp-json\/wp\/v2\/product_brand?post=5122"},{"taxonomy":"product_cat","embeddable":true,"href":"https:\/\/medicinasinc.com\/ro\/wp-json\/wp\/v2\/product_cat?post=5122"},{"taxonomy":"product_tag","embeddable":true,"href":"https:\/\/medicinasinc.com\/ro\/wp-json\/wp\/v2\/product_tag?post=5122"}],"curies":[{"name":"wp","href":"https:\/\/api.w.org\/{rel}","templated":true}]}}