{"id":5096,"date":"2022-02-20T20:15:06","date_gmt":"2022-02-20T20:15:06","guid":{"rendered":"https:\/\/medicinasinc.com\/ro\/?post_type=product&#038;p=5096"},"modified":"2022-03-22T01:06:44","modified_gmt":"2022-03-22T01:06:44","slug":"grepfrut-buruiana-tulpina","status":"publish","type":"product","link":"https:\/\/medicinasinc.com\/ro\/product\/grepfrut-buruiana-tulpina\/","title":{"rendered":"Tulpina Grapefruit Weed"},"content":{"rendered":"<p><strong>Achizi\u021bie online de marijuana cu grapefruit de \u00eenalt\u0103 calitate<\/strong><\/p>\n<p>Grapefruit este o tulpin\u0103 sativa aproape pur\u0103. A fost creat prin \u00eencruci\u0219area Cinderella 99 cu o sativa necunoscut\u0103 cu gust de grapefruit. Aceasta nu este o tulpin\u0103 de marijuana recreativ\u0103; ofer\u0103, de asemenea, o multitudine de caracteristici medicale. Dup\u0103 c\u00e2teva pufuri, te vei sim\u021bi mai pu\u021bin stresat, deprimat \u0219i mai suferit.<\/p>\n<p><strong>Sativa<\/strong>\u00a0\u2013 100%<\/p>\n<p><strong>THC<\/strong> &gt;: 17-20%<\/p>\n<h3><strong>Informa\u021bii importante despre livrare<\/strong><\/h3>\n<ul>\n<li><strong>Livrare GRATUIT\u0102 pentru comenzi de 175 USD sau mai mult<\/strong><\/li>\n<li>Ne afl\u0103m pe Coasta de Vest a Canadei<\/li>\n<li><strong>Comenzile vor dura aproximativ 3 zile lucr\u0103toare pentru a ajunge<\/strong>\u00a0dup\u0103 ce Canada Post a primit coletul *presupun\u00e2nd c\u0103 nu exist\u0103 \u00eent\u00e2rzieri din Canada Postare*<\/li>\n<li>Pachetele vor fi expediate \u00een func\u021bie de ora\u00a0<strong>\u00een care se prime\u0219te plata<\/strong>\u00a0NU la plasarea comenzii.<\/li>\n<li>Comenzile cu plat\u0103 primite \u00eentre orele 12:00 PST \u2013 12:00 PST (de la miezul nop\u021bii p\u00e2n\u0103 la pr\u00e2nz) va fi expediat \u00een aceea\u0219i zi.<\/li>\n<li>Comenzile cu plat\u0103 primite dup\u0103 ora 12:00 PST (amiaz\u0103) vor fi expediate \u00een ziua urm\u0103toare.<\/li>\n<\/ul>\n<div class=\" product-next-previous\">\n<div class=\"product-prev\"><\/div><\/div>\n","protected":false},"excerpt":{"rendered":"<div class=\"woocommerce-product-details__short-description\">\n<p>Grapefruit este o tulpin\u0103 de marijuana sativa extrem de puternic\u0103 creat\u0103 prin \u00eencruci\u0219area Cinderella 99 cu Grapefruit. Grapefruitul are propriet\u0103\u021bi revitalizante \u0219i induce senza\u021bii de veselie. Aceast\u0103 tulpin\u0103 are un profil de arom\u0103 tropical\u0103 \u0219i un parfum de citrice.<\/p>\n<p>Cump\u0103ra\u021bi Grapefruit Marijuana Strain este o tulpin\u0103 de marijuana sativa extrem de puternic\u0103 creat\u0103 prin \u00eencruci\u0219area Cinderella 99 cu Grapefruit. Grapefruit Marijuana de v\u00e2nzare online<\/p>\n<p>Grapefruit Marijuana de cea mai \u00eenalt\u0103 calitate disponibil\u0103 online.<\/p>\n<p>Grapefruit Cannabis este o tulpin\u0103 sativa. 70% Dominant Hybrid Sativa \/ 30% Indica THC: 20%\u201325%, CBN: 1%<\/p>\n<\/p><\/div>\n","protected":false},"featured_media":5115,"comment_status":"open","ping_status":"closed","template":"","meta":[],"product_brand":[],"product_cat":[778],"product_tag":[1064,1065,1066,1067,1072,1073,1074,1075,1080,1081,1082,1083,1090,1091,1092,1093,1098,1099,1100,1101,1106,1107,1108,1109,1114,1115,1096,1088,1089,1094,1095,1111,1097,1102,1103,1104,1105,1110,1113,1112,1068,1087,1060,1061,1062,1063,1069,1070,1071,1076,1077,1078,1079,1085,1084,1086,1116],"class_list":{"0":"post-5096","1":"product","2":"type-product","3":"status-publish","4":"has-post-thumbnail","6":"product_cat-buruian-de-vnzare","7":"product_tag-buy-grapefruit-strain-online-in-canada","8":"product_tag-buy-grapefruit-strain-online-in-china","9":"product_tag-buy-grapefruit-strain-online-in-croatia","10":"product_tag-buy-grapefruit-strain-online-in-denmark","11":"product_tag-buy-grapefruit-strain-online-in-hungary","12":"product_tag-buy-grapefruit-strain-online-in-ireland","13":"product_tag-buy-grapefruit-strain-online-in-italy","14":"product_tag-buy-grapefruit-strain-online-in-japan","15":"product_tag-buy-grapefruit-strain-online-in-russia","16":"product_tag-buy-grapefruit-strain-online-in-scotland","17":"product_tag-buy-grapefruit-strain-online-in-spain","18":"product_tag-buy-grapefruit-strain-online-in-switzerland","19":"product_tag-buy-weed-online-in-belarus","20":"product_tag-buy-weed-online-in-bulgary","21":"product_tag-buy-weed-online-in-canada","22":"product_tag-buy-weed-online-in-china","23":"product_tag-buy-weed-online-in-france","24":"product_tag-buy-weed-online-in-germany","25":"product_tag-buy-weed-online-in-hungary","26":"product_tag-buy-weed-online-in-ireland","27":"product_tag-buy-weed-online-in-new-zealand","28":"product_tag-buy-weed-online-in-pillipines","29":"product_tag-buy-weed-online-in-russia","30":"product_tag-buy-weed-online-in-scotland","31":"product_tag-buy-weed-online-online-in-uk","32":"product_tag-cheap-grapefruit-marijuana-for-sale-online","33":"product_tag-buy-weed-online-in-anglia","34":"product_tag-cumpr-ierba-online-n-australia","35":"product_tag-cumpara-ierba-online-in-austria","36":"product_tag-buy-weed-online-in-croaia","37":"product_tag-buy-weed-online-in-danemarca","38":"product_tag-buy-weed-online-in-elvetia","39":"product_tag-cumpr-ierba-online-n-finlanda","40":"product_tag-buy-weed-online-in-italia","41":"product_tag-cumpara-ierba-online-in-japonia","42":"product_tag-buy-weed-online-in-malta","43":"product_tag-cumpr-ierba-online-n-mexic","44":"product_tag-cumpara-ierba-online-in-spania","45":"product_tag-cumpr-ierba-online-n-sua","46":"product_tag-cumpr-ierba-online-n-curcan","47":"product_tag-cumpara-grapefruit-tul-online-in-anglia","48":"product_tag-cumpara-grapefruit-weed-tul-online","49":"product_tag-cumpara-tul-grapefruit-online-in-australia","50":"product_tag-cumpara-tul-grapefruit-online-in-austria","51":"product_tag-cumpara-grapefruit-tul-online-in-belarus","52":"product_tag-cumpara-grapefruit-tul-online-in-bulgary","53":"product_tag-cumpara-tul-grapefruit-online-in-finlanda","54":"product_tag-cumpara-tul-grapefruit-online-in-franta","55":"product_tag-cumpara-tul-grapefruit-online-in-germania","56":"product_tag-cumpara-grapefruit-tul-online-in-malta","57":"product_tag-cumpara-tul-grapefruit-online-in-mexic","58":"product_tag-cumprai-tul-grapefruit-online-n-noua-zeelanda","59":"product_tag-cumpara-grapefruit-tul-online-in-pilipine","60":"product_tag-cumpara-tul-grapefruit-online-in-s-ua","61":"product_tag-cumpara-tul-grapefruit-online-in-curcan","62":"product_tag-cumpara-tul-grapefruit-online-online-in-uk","63":"product_tag-iarba-grapefruit-de-vanzare-online","65":"first","66":"instock","67":"shipping-taxable","68":"purchasable","69":"product-type-variable","70":"has-default-attributes"},"yoast_head":"<!-- This site is optimized with the Yoast SEO plugin v27.3 - https:\/\/yoast.com\/product\/yoast-seo-wordpress\/ -->\n<title>Cump\u0103ra\u021bi tulpin\u0103 de buruieni de grapefruit - Cele mai bune medicamente globale<\/title>\n<meta name=\"description\" content=\"Cump\u0103ra\u021bi Grapefruit Weed Strain este o tulpin\u0103 puternic\u0103 de marijuana sativa ob\u021binut\u0103 printr-o \u00eencruci\u0219are a Cinderella 99. Cump\u0103ra\u021bi Grapefruit Marijuana Strain online\" \/>\n<meta name=\"robots\" content=\"index, follow, max-snippet:-1, max-image-preview:large, max-video-preview:-1\" \/>\n<link rel=\"canonical\" href=\"https:\/\/medicinasinc.com\/ro\/product\/grepfrut-buruiana-tulpina\/\" \/>\n<meta property=\"og:locale\" content=\"en_US\" \/>\n<meta property=\"og:type\" content=\"article\" \/>\n<meta property=\"og:title\" content=\"Cump\u0103ra\u021bi tulpin\u0103 de buruieni de grapefruit - Cele mai bune medicamente globale\" \/>\n<meta property=\"og:description\" content=\"Cump\u0103ra\u021bi Grapefruit Weed Strain este o tulpin\u0103 puternic\u0103 de marijuana sativa ob\u021binut\u0103 printr-o \u00eencruci\u0219are a Cinderella 99. Cump\u0103ra\u021bi Grapefruit Marijuana Strain online\" \/>\n<meta property=\"og:url\" content=\"https:\/\/medicinasinc.com\/ro\/product\/grepfrut-buruiana-tulpina\/\" \/>\n<meta property=\"og:site_name\" content=\"Medicinas Inc\" \/>\n<meta property=\"article:modified_time\" content=\"2022-03-22T01:06:44+00:00\" \/>\n<meta property=\"og:image\" content=\"https:\/\/medicinasinc.com\/ro\/wp-content\/uploads\/sites\/11\/2022\/02\/Buy-Grapefruit-Weed-Strain.jpg\" \/>\n\t<meta property=\"og:image:width\" content=\"600\" \/>\n\t<meta property=\"og:image:height\" content=\"600\" \/>\n\t<meta property=\"og:image:type\" content=\"image\/jpeg\" \/>\n<meta name=\"twitter:card\" content=\"summary_large_image\" \/>\n<meta name=\"twitter:label1\" content=\"Est. reading time\" \/>\n\t<meta name=\"twitter:data1\" content=\"1 minute\" \/>\n<script type=\"application\/ld+json\" class=\"yoast-schema-graph\">{\"@context\":\"https:\\\/\\\/schema.org\",\"@graph\":[{\"@type\":\"WebPage\",\"@id\":\"https:\\\/\\\/medicinasinc.com\\\/ro\\\/product\\\/grepfrut-buruiana-tulpina\\\/\",\"url\":\"https:\\\/\\\/medicinasinc.com\\\/ro\\\/product\\\/grepfrut-buruiana-tulpina\\\/\",\"name\":\"Cump\u0103ra\u021bi tulpin\u0103 de buruieni de grapefruit - Cele mai bune medicamente globale\",\"isPartOf\":{\"@id\":\"https:\\\/\\\/medicinasinc.com\\\/ro\\\/#website\"},\"primaryImageOfPage\":{\"@id\":\"https:\\\/\\\/medicinasinc.com\\\/ro\\\/product\\\/grepfrut-buruiana-tulpina\\\/#primaryimage\"},\"image\":{\"@id\":\"https:\\\/\\\/medicinasinc.com\\\/ro\\\/product\\\/grepfrut-buruiana-tulpina\\\/#primaryimage\"},\"thumbnailUrl\":\"https:\\\/\\\/medicinasinc.com\\\/ro\\\/wp-content\\\/uploads\\\/sites\\\/11\\\/2022\\\/02\\\/Buy-Grapefruit-Weed-Strain.jpg\",\"datePublished\":\"2022-02-20T20:15:06+00:00\",\"dateModified\":\"2022-03-22T01:06:44+00:00\",\"description\":\"Cump\u0103ra\u021bi Grapefruit Weed Strain este o tulpin\u0103 puternic\u0103 de marijuana sativa ob\u021binut\u0103 printr-o \u00eencruci\u0219are a Cinderella 99. Cump\u0103ra\u021bi Grapefruit Marijuana Strain online\",\"breadcrumb\":{\"@id\":\"https:\\\/\\\/medicinasinc.com\\\/ro\\\/product\\\/grepfrut-buruiana-tulpina\\\/#breadcrumb\"},\"inLanguage\":\"en-US\",\"potentialAction\":[{\"@type\":\"ReadAction\",\"target\":[\"https:\\\/\\\/medicinasinc.com\\\/ro\\\/product\\\/grepfrut-buruiana-tulpina\\\/\"]}]},{\"@type\":\"ImageObject\",\"inLanguage\":\"en-US\",\"@id\":\"https:\\\/\\\/medicinasinc.com\\\/ro\\\/product\\\/grepfrut-buruiana-tulpina\\\/#primaryimage\",\"url\":\"https:\\\/\\\/medicinasinc.com\\\/ro\\\/wp-content\\\/uploads\\\/sites\\\/11\\\/2022\\\/02\\\/Buy-Grapefruit-Weed-Strain.jpg\",\"contentUrl\":\"https:\\\/\\\/medicinasinc.com\\\/ro\\\/wp-content\\\/uploads\\\/sites\\\/11\\\/2022\\\/02\\\/Buy-Grapefruit-Weed-Strain.jpg\",\"width\":600,\"height\":600},{\"@type\":\"BreadcrumbList\",\"@id\":\"https:\\\/\\\/medicinasinc.com\\\/ro\\\/product\\\/grepfrut-buruiana-tulpina\\\/#breadcrumb\",\"itemListElement\":[{\"@type\":\"ListItem\",\"position\":1,\"name\":\"Magazin\",\"item\":\"https:\\\/\\\/medicinasinc.com\\\/ro\\\/magazin\\\/\"},{\"@type\":\"ListItem\",\"position\":2,\"name\":\"Tulpina Grapefruit Weed\"}]},{\"@type\":\"WebSite\",\"@id\":\"https:\\\/\\\/medicinasinc.com\\\/ro\\\/#website\",\"url\":\"https:\\\/\\\/medicinasinc.com\\\/ro\\\/\",\"name\":\"Medicinas Inc\",\"description\":\"Health Medical Clinic\",\"potentialAction\":[{\"@type\":\"SearchAction\",\"target\":{\"@type\":\"EntryPoint\",\"urlTemplate\":\"https:\\\/\\\/medicinasinc.com\\\/ro\\\/?s={search_term_string}\"},\"query-input\":{\"@type\":\"PropertyValueSpecification\",\"valueRequired\":true,\"valueName\":\"search_term_string\"}}],\"inLanguage\":\"en-US\"}]}<\/script>\n<!-- \/ Yoast SEO plugin. -->","yoast_head_json":{"title":"Cump\u0103ra\u021bi tulpin\u0103 de buruieni de grapefruit - Cele mai bune medicamente globale","description":"Cump\u0103ra\u021bi Grapefruit Weed Strain este o tulpin\u0103 puternic\u0103 de marijuana sativa ob\u021binut\u0103 printr-o \u00eencruci\u0219are a Cinderella 99. Cump\u0103ra\u021bi Grapefruit Marijuana Strain online","robots":{"index":"index","follow":"follow","max-snippet":"max-snippet:-1","max-image-preview":"max-image-preview:large","max-video-preview":"max-video-preview:-1"},"canonical":"https:\/\/medicinasinc.com\/ro\/product\/grepfrut-buruiana-tulpina\/","og_locale":"en_US","og_type":"article","og_title":"Cump\u0103ra\u021bi tulpin\u0103 de buruieni de grapefruit - Cele mai bune medicamente globale","og_description":"Cump\u0103ra\u021bi Grapefruit Weed Strain este o tulpin\u0103 puternic\u0103 de marijuana sativa ob\u021binut\u0103 printr-o \u00eencruci\u0219are a Cinderella 99. Cump\u0103ra\u021bi Grapefruit Marijuana Strain online","og_url":"https:\/\/medicinasinc.com\/ro\/product\/grepfrut-buruiana-tulpina\/","og_site_name":"Medicinas Inc","article_modified_time":"2022-03-22T01:06:44+00:00","og_image":[{"width":600,"height":600,"url":"https:\/\/medicinasinc.com\/ro\/wp-content\/uploads\/sites\/11\/2022\/02\/Buy-Grapefruit-Weed-Strain.jpg","type":"image\/jpeg"}],"twitter_card":"summary_large_image","twitter_misc":{"Est. reading time":"1 minute"},"schema":{"@context":"https:\/\/schema.org","@graph":[{"@type":"WebPage","@id":"https:\/\/medicinasinc.com\/ro\/product\/grepfrut-buruiana-tulpina\/","url":"https:\/\/medicinasinc.com\/ro\/product\/grepfrut-buruiana-tulpina\/","name":"Cump\u0103ra\u021bi tulpin\u0103 de buruieni de grapefruit - Cele mai bune medicamente globale","isPartOf":{"@id":"https:\/\/medicinasinc.com\/ro\/#website"},"primaryImageOfPage":{"@id":"https:\/\/medicinasinc.com\/ro\/product\/grepfrut-buruiana-tulpina\/#primaryimage"},"image":{"@id":"https:\/\/medicinasinc.com\/ro\/product\/grepfrut-buruiana-tulpina\/#primaryimage"},"thumbnailUrl":"https:\/\/medicinasinc.com\/ro\/wp-content\/uploads\/sites\/11\/2022\/02\/Buy-Grapefruit-Weed-Strain.jpg","datePublished":"2022-02-20T20:15:06+00:00","dateModified":"2022-03-22T01:06:44+00:00","description":"Cump\u0103ra\u021bi Grapefruit Weed Strain este o tulpin\u0103 puternic\u0103 de marijuana sativa ob\u021binut\u0103 printr-o \u00eencruci\u0219are a Cinderella 99. Cump\u0103ra\u021bi Grapefruit Marijuana Strain online","breadcrumb":{"@id":"https:\/\/medicinasinc.com\/ro\/product\/grepfrut-buruiana-tulpina\/#breadcrumb"},"inLanguage":"en-US","potentialAction":[{"@type":"ReadAction","target":["https:\/\/medicinasinc.com\/ro\/product\/grepfrut-buruiana-tulpina\/"]}]},{"@type":"ImageObject","inLanguage":"en-US","@id":"https:\/\/medicinasinc.com\/ro\/product\/grepfrut-buruiana-tulpina\/#primaryimage","url":"https:\/\/medicinasinc.com\/ro\/wp-content\/uploads\/sites\/11\/2022\/02\/Buy-Grapefruit-Weed-Strain.jpg","contentUrl":"https:\/\/medicinasinc.com\/ro\/wp-content\/uploads\/sites\/11\/2022\/02\/Buy-Grapefruit-Weed-Strain.jpg","width":600,"height":600},{"@type":"BreadcrumbList","@id":"https:\/\/medicinasinc.com\/ro\/product\/grepfrut-buruiana-tulpina\/#breadcrumb","itemListElement":[{"@type":"ListItem","position":1,"name":"Magazin","item":"https:\/\/medicinasinc.com\/ro\/magazin\/"},{"@type":"ListItem","position":2,"name":"Tulpina Grapefruit Weed"}]},{"@type":"WebSite","@id":"https:\/\/medicinasinc.com\/ro\/#website","url":"https:\/\/medicinasinc.com\/ro\/","name":"Medicinas Inc","description":"Health Medical Clinic","potentialAction":[{"@type":"SearchAction","target":{"@type":"EntryPoint","urlTemplate":"https:\/\/medicinasinc.com\/ro\/?s={search_term_string}"},"query-input":{"@type":"PropertyValueSpecification","valueRequired":true,"valueName":"search_term_string"}}],"inLanguage":"en-US"}]}},"_links":{"self":[{"href":"https:\/\/medicinasinc.com\/ro\/wp-json\/wp\/v2\/product\/5096","targetHints":{"allow":["GET"]}}],"collection":[{"href":"https:\/\/medicinasinc.com\/ro\/wp-json\/wp\/v2\/product"}],"about":[{"href":"https:\/\/medicinasinc.com\/ro\/wp-json\/wp\/v2\/types\/product"}],"replies":[{"embeddable":true,"href":"https:\/\/medicinasinc.com\/ro\/wp-json\/wp\/v2\/comments?post=5096"}],"wp:featuredmedia":[{"embeddable":true,"href":"https:\/\/medicinasinc.com\/ro\/wp-json\/wp\/v2\/media\/5115"}],"wp:attachment":[{"href":"https:\/\/medicinasinc.com\/ro\/wp-json\/wp\/v2\/media?parent=5096"}],"wp:term":[{"taxonomy":"product_brand","embeddable":true,"href":"https:\/\/medicinasinc.com\/ro\/wp-json\/wp\/v2\/product_brand?post=5096"},{"taxonomy":"product_cat","embeddable":true,"href":"https:\/\/medicinasinc.com\/ro\/wp-json\/wp\/v2\/product_cat?post=5096"},{"taxonomy":"product_tag","embeddable":true,"href":"https:\/\/medicinasinc.com\/ro\/wp-json\/wp\/v2\/product_tag?post=5096"}],"curies":[{"name":"wp","href":"https:\/\/api.w.org\/{rel}","templated":true}]}}