{"id":5095,"date":"2022-02-20T20:14:14","date_gmt":"2022-02-20T20:14:14","guid":{"rendered":"https:\/\/medicinasinc.com\/ro\/?post_type=product&#038;p=5095"},"modified":"2022-03-22T01:06:54","modified_gmt":"2022-03-22T01:06:54","slug":"tuna-kush","status":"publish","type":"product","link":"https:\/\/medicinasinc.com\/ro\/product\/tuna-kush\/","title":{"rendered":"Tuna Kush"},"content":{"rendered":"<p><strong>Dimensiunea mugurilor: medie<\/strong><br \/> <strong>Textur\u0103: u\u0219or lipicioas\u0103 \/ u\u0219or lipicioas\u0103<br \/> Arome: p\u0103m\u00e2ntoas\u0103 \/ lemnoas\u0103 \/ \u00een\u021bep\u0103toare<\/strong><\/p>\n<div class=\"product-next-previous\">\n<div class=\"product-prev\">Tuna Kush este un fenomen din Columbia Britanic\u0103 care revine pe pie\u021bele de canabis medicinal din America de Nord. Aceast\u0103 ras\u0103 a fost numit\u0103 una dintre cele mai puternice de pe pia\u021b\u0103, gener\u00e2nd pepite compacte, groase, acoperite dens cu r\u0103\u0219in\u0103. \u00cen timp ce Tuna Kush nu este cunoscut pentru produc\u021bii mari, ceea ce iese din aceste tulpini mai sub\u021biri va fi puternic \u0219i aromat. Acestea fiind spuse, dac\u0103 aceast\u0103 tulpin\u0103 \u00ee\u0219i face loc \u00een cre\u0219terea dvs., poate dori\u021bi s\u0103 v\u0103 \u00eembun\u0103t\u0103\u021bi\u021bi filtrele de carbon, deoarece acest mugur miroase! A\u0219tepta\u021bi-v\u0103 la o combina\u021bie de skunk \u00een\u021bep\u0103tor, combustibil \u0219i o dulcea\u021b\u0103 delicat\u0103.<\/div><\/div>\n","protected":false},"excerpt":{"rendered":"<p>Buy Tuna Kush este una dintre cele mai puternice tulpini de canabis indica disponibile spre v\u00e2nzare. Un singur toke va induce un sentiment profund de entuziasm \u0219i relaxare.<\/p>\n<p>Bluefin Tuna Kush este o tulpin\u0103 hibrid\u0103 cu dominan\u021b\u0103 Indica, care combin\u0103 cele mai bune Blueberry \u0219i faimoasa Tuna Kush din BC.<\/p>\n","protected":false},"featured_media":5113,"comment_status":"open","ping_status":"closed","template":"","meta":[],"product_brand":[],"product_cat":[778],"product_tag":[],"class_list":{"0":"post-5095","1":"product","2":"type-product","3":"status-publish","4":"has-post-thumbnail","6":"product_cat-buruian-de-vnzare","8":"first","9":"instock","10":"shipping-taxable","11":"purchasable","12":"product-type-variable","13":"has-default-attributes"},"yoast_head":"<!-- This site is optimized with the Yoast SEO plugin v27.3 - https:\/\/yoast.com\/product\/yoast-seo-wordpress\/ -->\n<title>Cump\u0103ra\u021bi Tuna Kush - Tuna Kush - Cele mai bune medicamente globale<\/title>\n<meta name=\"description\" content=\"Cump\u0103ra\u021bi iarba Tuna Kush\u00a0de v\u00e2nzare este una dintre cele mai puternice tulpini de canabis indica disponibile. Un singur toke te va pune \u00eentr-o stare profund\u0103 de euforie \u0219i relaxare.\" \/>\n<meta name=\"robots\" content=\"index, follow, max-snippet:-1, max-image-preview:large, max-video-preview:-1\" \/>\n<link rel=\"canonical\" href=\"https:\/\/medicinasinc.com\/ro\/product\/tuna-kush\/\" \/>\n<meta property=\"og:locale\" content=\"en_US\" \/>\n<meta property=\"og:type\" content=\"article\" \/>\n<meta property=\"og:title\" content=\"Cump\u0103ra\u021bi Tuna Kush - Tuna Kush - Cele mai bune medicamente globale\" \/>\n<meta property=\"og:description\" content=\"Cump\u0103ra\u021bi iarba Tuna Kush\u00a0de v\u00e2nzare este una dintre cele mai puternice tulpini de canabis indica disponibile. Un singur toke te va pune \u00eentr-o stare profund\u0103 de euforie \u0219i relaxare.\" \/>\n<meta property=\"og:url\" content=\"https:\/\/medicinasinc.com\/ro\/product\/tuna-kush\/\" \/>\n<meta property=\"og:site_name\" content=\"Medicinas Inc\" \/>\n<meta property=\"article:modified_time\" content=\"2022-03-22T01:06:54+00:00\" \/>\n<meta property=\"og:image\" content=\"https:\/\/medicinasinc.com\/ro\/wp-content\/uploads\/sites\/11\/2022\/02\/Buy-Tuna-Kush.jpg\" \/>\n\t<meta property=\"og:image:width\" content=\"1024\" \/>\n\t<meta property=\"og:image:height\" content=\"768\" \/>\n\t<meta property=\"og:image:type\" content=\"image\/jpeg\" \/>\n<meta name=\"twitter:card\" content=\"summary_large_image\" \/>\n<meta name=\"twitter:label1\" content=\"Est. reading time\" \/>\n\t<meta name=\"twitter:data1\" content=\"1 minute\" \/>\n<script type=\"application\/ld+json\" class=\"yoast-schema-graph\">{\"@context\":\"https:\\\/\\\/schema.org\",\"@graph\":[{\"@type\":\"WebPage\",\"@id\":\"https:\\\/\\\/medicinasinc.com\\\/ro\\\/product\\\/tuna-kush\\\/\",\"url\":\"https:\\\/\\\/medicinasinc.com\\\/ro\\\/product\\\/tuna-kush\\\/\",\"name\":\"Cump\u0103ra\u021bi Tuna Kush - Tuna Kush - Cele mai bune medicamente globale\",\"isPartOf\":{\"@id\":\"https:\\\/\\\/medicinasinc.com\\\/ro\\\/#website\"},\"primaryImageOfPage\":{\"@id\":\"https:\\\/\\\/medicinasinc.com\\\/ro\\\/product\\\/tuna-kush\\\/#primaryimage\"},\"image\":{\"@id\":\"https:\\\/\\\/medicinasinc.com\\\/ro\\\/product\\\/tuna-kush\\\/#primaryimage\"},\"thumbnailUrl\":\"https:\\\/\\\/medicinasinc.com\\\/ro\\\/wp-content\\\/uploads\\\/sites\\\/11\\\/2022\\\/02\\\/Buy-Tuna-Kush.jpg\",\"datePublished\":\"2022-02-20T20:14:14+00:00\",\"dateModified\":\"2022-03-22T01:06:54+00:00\",\"description\":\"Cump\u0103ra\u021bi iarba Tuna Kush\u00a0de v\u00e2nzare este una dintre cele mai puternice tulpini de canabis indica disponibile. Un singur toke te va pune \u00eentr-o stare profund\u0103 de euforie \u0219i relaxare.\",\"breadcrumb\":{\"@id\":\"https:\\\/\\\/medicinasinc.com\\\/ro\\\/product\\\/tuna-kush\\\/#breadcrumb\"},\"inLanguage\":\"en-US\",\"potentialAction\":[{\"@type\":\"ReadAction\",\"target\":[\"https:\\\/\\\/medicinasinc.com\\\/ro\\\/product\\\/tuna-kush\\\/\"]}]},{\"@type\":\"ImageObject\",\"inLanguage\":\"en-US\",\"@id\":\"https:\\\/\\\/medicinasinc.com\\\/ro\\\/product\\\/tuna-kush\\\/#primaryimage\",\"url\":\"https:\\\/\\\/medicinasinc.com\\\/ro\\\/wp-content\\\/uploads\\\/sites\\\/11\\\/2022\\\/02\\\/Buy-Tuna-Kush.jpg\",\"contentUrl\":\"https:\\\/\\\/medicinasinc.com\\\/ro\\\/wp-content\\\/uploads\\\/sites\\\/11\\\/2022\\\/02\\\/Buy-Tuna-Kush.jpg\",\"width\":1024,\"height\":768},{\"@type\":\"BreadcrumbList\",\"@id\":\"https:\\\/\\\/medicinasinc.com\\\/ro\\\/product\\\/tuna-kush\\\/#breadcrumb\",\"itemListElement\":[{\"@type\":\"ListItem\",\"position\":1,\"name\":\"Magazin\",\"item\":\"https:\\\/\\\/medicinasinc.com\\\/ro\\\/magazin\\\/\"},{\"@type\":\"ListItem\",\"position\":2,\"name\":\"Tuna Kush\"}]},{\"@type\":\"WebSite\",\"@id\":\"https:\\\/\\\/medicinasinc.com\\\/ro\\\/#website\",\"url\":\"https:\\\/\\\/medicinasinc.com\\\/ro\\\/\",\"name\":\"Medicinas Inc\",\"description\":\"Health Medical Clinic\",\"potentialAction\":[{\"@type\":\"SearchAction\",\"target\":{\"@type\":\"EntryPoint\",\"urlTemplate\":\"https:\\\/\\\/medicinasinc.com\\\/ro\\\/?s={search_term_string}\"},\"query-input\":{\"@type\":\"PropertyValueSpecification\",\"valueRequired\":true,\"valueName\":\"search_term_string\"}}],\"inLanguage\":\"en-US\"}]}<\/script>\n<!-- \/ Yoast SEO plugin. -->","yoast_head_json":{"title":"Cump\u0103ra\u021bi Tuna Kush - Tuna Kush - Cele mai bune medicamente globale","description":"Cump\u0103ra\u021bi iarba Tuna Kush\u00a0de v\u00e2nzare este una dintre cele mai puternice tulpini de canabis indica disponibile. Un singur toke te va pune \u00eentr-o stare profund\u0103 de euforie \u0219i relaxare.","robots":{"index":"index","follow":"follow","max-snippet":"max-snippet:-1","max-image-preview":"max-image-preview:large","max-video-preview":"max-video-preview:-1"},"canonical":"https:\/\/medicinasinc.com\/ro\/product\/tuna-kush\/","og_locale":"en_US","og_type":"article","og_title":"Cump\u0103ra\u021bi Tuna Kush - Tuna Kush - Cele mai bune medicamente globale","og_description":"Cump\u0103ra\u021bi iarba Tuna Kush\u00a0de v\u00e2nzare este una dintre cele mai puternice tulpini de canabis indica disponibile. Un singur toke te va pune \u00eentr-o stare profund\u0103 de euforie \u0219i relaxare.","og_url":"https:\/\/medicinasinc.com\/ro\/product\/tuna-kush\/","og_site_name":"Medicinas Inc","article_modified_time":"2022-03-22T01:06:54+00:00","og_image":[{"width":1024,"height":768,"url":"https:\/\/medicinasinc.com\/ro\/wp-content\/uploads\/sites\/11\/2022\/02\/Buy-Tuna-Kush.jpg","type":"image\/jpeg"}],"twitter_card":"summary_large_image","twitter_misc":{"Est. reading time":"1 minute"},"schema":{"@context":"https:\/\/schema.org","@graph":[{"@type":"WebPage","@id":"https:\/\/medicinasinc.com\/ro\/product\/tuna-kush\/","url":"https:\/\/medicinasinc.com\/ro\/product\/tuna-kush\/","name":"Cump\u0103ra\u021bi Tuna Kush - Tuna Kush - Cele mai bune medicamente globale","isPartOf":{"@id":"https:\/\/medicinasinc.com\/ro\/#website"},"primaryImageOfPage":{"@id":"https:\/\/medicinasinc.com\/ro\/product\/tuna-kush\/#primaryimage"},"image":{"@id":"https:\/\/medicinasinc.com\/ro\/product\/tuna-kush\/#primaryimage"},"thumbnailUrl":"https:\/\/medicinasinc.com\/ro\/wp-content\/uploads\/sites\/11\/2022\/02\/Buy-Tuna-Kush.jpg","datePublished":"2022-02-20T20:14:14+00:00","dateModified":"2022-03-22T01:06:54+00:00","description":"Cump\u0103ra\u021bi iarba Tuna Kush\u00a0de v\u00e2nzare este una dintre cele mai puternice tulpini de canabis indica disponibile. Un singur toke te va pune \u00eentr-o stare profund\u0103 de euforie \u0219i relaxare.","breadcrumb":{"@id":"https:\/\/medicinasinc.com\/ro\/product\/tuna-kush\/#breadcrumb"},"inLanguage":"en-US","potentialAction":[{"@type":"ReadAction","target":["https:\/\/medicinasinc.com\/ro\/product\/tuna-kush\/"]}]},{"@type":"ImageObject","inLanguage":"en-US","@id":"https:\/\/medicinasinc.com\/ro\/product\/tuna-kush\/#primaryimage","url":"https:\/\/medicinasinc.com\/ro\/wp-content\/uploads\/sites\/11\/2022\/02\/Buy-Tuna-Kush.jpg","contentUrl":"https:\/\/medicinasinc.com\/ro\/wp-content\/uploads\/sites\/11\/2022\/02\/Buy-Tuna-Kush.jpg","width":1024,"height":768},{"@type":"BreadcrumbList","@id":"https:\/\/medicinasinc.com\/ro\/product\/tuna-kush\/#breadcrumb","itemListElement":[{"@type":"ListItem","position":1,"name":"Magazin","item":"https:\/\/medicinasinc.com\/ro\/magazin\/"},{"@type":"ListItem","position":2,"name":"Tuna Kush"}]},{"@type":"WebSite","@id":"https:\/\/medicinasinc.com\/ro\/#website","url":"https:\/\/medicinasinc.com\/ro\/","name":"Medicinas Inc","description":"Health Medical Clinic","potentialAction":[{"@type":"SearchAction","target":{"@type":"EntryPoint","urlTemplate":"https:\/\/medicinasinc.com\/ro\/?s={search_term_string}"},"query-input":{"@type":"PropertyValueSpecification","valueRequired":true,"valueName":"search_term_string"}}],"inLanguage":"en-US"}]}},"_links":{"self":[{"href":"https:\/\/medicinasinc.com\/ro\/wp-json\/wp\/v2\/product\/5095","targetHints":{"allow":["GET"]}}],"collection":[{"href":"https:\/\/medicinasinc.com\/ro\/wp-json\/wp\/v2\/product"}],"about":[{"href":"https:\/\/medicinasinc.com\/ro\/wp-json\/wp\/v2\/types\/product"}],"replies":[{"embeddable":true,"href":"https:\/\/medicinasinc.com\/ro\/wp-json\/wp\/v2\/comments?post=5095"}],"wp:featuredmedia":[{"embeddable":true,"href":"https:\/\/medicinasinc.com\/ro\/wp-json\/wp\/v2\/media\/5113"}],"wp:attachment":[{"href":"https:\/\/medicinasinc.com\/ro\/wp-json\/wp\/v2\/media?parent=5095"}],"wp:term":[{"taxonomy":"product_brand","embeddable":true,"href":"https:\/\/medicinasinc.com\/ro\/wp-json\/wp\/v2\/product_brand?post=5095"},{"taxonomy":"product_cat","embeddable":true,"href":"https:\/\/medicinasinc.com\/ro\/wp-json\/wp\/v2\/product_cat?post=5095"},{"taxonomy":"product_tag","embeddable":true,"href":"https:\/\/medicinasinc.com\/ro\/wp-json\/wp\/v2\/product_tag?post=5095"}],"curies":[{"name":"wp","href":"https:\/\/api.w.org\/{rel}","templated":true}]}}