{"id":5094,"date":"2022-02-20T20:12:57","date_gmt":"2022-02-20T20:12:57","guid":{"rendered":"https:\/\/medicinasinc.com\/ro\/?post_type=product&#038;p=5094"},"modified":"2022-03-22T01:07:06","modified_gmt":"2022-03-22T01:07:06","slug":"cumpara-roz-kush","status":"publish","type":"product","link":"https:\/\/medicinasinc.com\/ro\/product\/cumpara-roz-kush\/","title":{"rendered":"Cump\u0103ra\u021bi Pink Kush"},"content":{"rendered":"<p><strong>Achizi\u021bie online de Pink Kush<\/strong><\/p>\n<p>Pink Kush, ca \u0219i fratele s\u0103u OG Kush, este un hibrid foarte c\u0103utat cu dominan\u021b\u0103 indica, cu efecte puternice concentrate pe corp. Firele de p\u0103r roz ies din muguri de un verde str\u0103lucitor, care abia sunt vizibili sub un strat de tricomi asem\u0103n\u0103tor zah\u0103rului, d\u00e2nd un parfum dulce de vanilie \u0219i bomboane. Eficacitatea acestei tulpini este considerat\u0103 a fi cople\u0219itoare \u0219i s-a descoperit c\u0103 chiar \u0219i doze mici atenueaz\u0103 durerea, insomnia \u0219i pierderea apetitului. \u00cenflorirea Pink Kush dureaz\u0103 \u00eentre 10 \u0219i 11 s\u0103pt\u0103m\u00e2ni, dar recoltele enorme de muguri de top fac ca a\u0219teptarea s\u0103 merite.<\/p>\n<div class=\"product-next-previous\">\n<div class=\"product-prev\"><\/div><\/div>\n","protected":false},"excerpt":{"rendered":"<p>Achizi\u021biona\u021bi canabis Pink Kush \u0219i alte tulpini de buruieni AAA+ din dispensarul online favorit din Europa. Face\u021bi comanda ast\u0103zi \u0219i profita\u021bi de livrarea gratuit\u0103 pentru toate comenzile de peste 150 USD!<\/p>\n<p>Pink Kush, ca \u0219i fratele s\u0103u OG Kush, este un hibrid foarte c\u0103utat cu dominan\u021b\u0103 indica, cu efecte puternice concentrate pe corp.<\/p>\n<div>\n<p class=\"percentage\"><span class=\"heading\">THC:\u00a0<\/span>25%<\/p>\n<\/p><\/div>\n<div class=\"panel-heading\">Poate u\u0219ura <i class=\"fa fa-info-circle\"><\/i><\/div>\n<div class=\"panel-body well tags-list\">Pierderea poftei de m\u00e2ncare,\u00a0durere cronic\u0103,\u00a0depresie,\u00a0insomnie,\u00a0grea\u021b\u0103<\/div>\n<ul>\n<li>AAAAA reprezint\u0103 cele mai bune dintre cele mai bune!<\/li>\n<li>Contacta\u021bi-ne pentru comenzi en-gros<\/li>\n<li>Livrare \u00een toat\u0103 lumea.<\/li>\n<\/ul>\n","protected":false},"featured_media":5111,"comment_status":"open","ping_status":"closed","template":"","meta":[],"product_brand":[],"product_cat":[778],"product_tag":[1049,1050,1051,634,1058,1059,1056,1057,1053,1052,1054,1055],"class_list":{"0":"post-5094","1":"product","2":"type-product","3":"status-publish","4":"has-post-thumbnail","6":"product_cat-buruian-de-vnzare","7":"product_tag-buy-cannabis-online-uk","8":"product_tag-buy-medical-marijuana-online-uk","9":"product_tag-buy-nembutal","10":"product_tag-cumpr-marijuana-online-uk","11":"product_tag-recreational-marijuana-dispensar","12":"product_tag-buruiana-de-vanzare-in-italia","13":"product_tag-oxicontin-80-mg","14":"product_tag-tablete-durere-de-vanzare","15":"product_tag-tulpini-de-marijuana-online","16":"product_tag-tulpini-de-buruieni-hibride","17":"product_tag-online-marijuana-vanzari","18":"product_tag-online-medical-marijuana-vanzari","20":"first","21":"instock","22":"shipping-taxable","23":"purchasable","24":"product-type-variable","25":"has-default-attributes"},"yoast_head":"<!-- This site is optimized with the Yoast SEO plugin v27.3 - https:\/\/yoast.com\/product\/yoast-seo-wordpress\/ -->\n<title>Cump\u0103ra\u021bi Pink Kush online - Cele mai bune medicamente globale<\/title>\n<meta name=\"description\" content=\"Cump\u0103ra\u021bi tulpin\u0103 de buruieni Pink Kush \u0219i mai multe buruieni AAA+ din dispensarul online favorit din Europa. Comand\u0103 ast\u0103zi \u0219i beneficiaz\u0103 de transport gratuit la toate comenzile de peste 150 USD!\" \/>\n<meta name=\"robots\" content=\"index, follow, max-snippet:-1, max-image-preview:large, max-video-preview:-1\" \/>\n<link rel=\"canonical\" href=\"https:\/\/medicinasinc.com\/ro\/product\/cumpara-roz-kush\/\" \/>\n<meta property=\"og:locale\" content=\"en_US\" \/>\n<meta property=\"og:type\" content=\"article\" \/>\n<meta property=\"og:title\" content=\"Cump\u0103ra\u021bi Pink Kush online - Cele mai bune medicamente globale\" \/>\n<meta property=\"og:description\" content=\"Cump\u0103ra\u021bi tulpin\u0103 de buruieni Pink Kush \u0219i mai multe buruieni AAA+ din dispensarul online favorit din Europa. Comand\u0103 ast\u0103zi \u0219i beneficiaz\u0103 de transport gratuit la toate comenzile de peste 150 USD!\" \/>\n<meta property=\"og:url\" content=\"https:\/\/medicinasinc.com\/ro\/product\/cumpara-roz-kush\/\" \/>\n<meta property=\"og:site_name\" content=\"Medicinas Inc\" \/>\n<meta property=\"article:modified_time\" content=\"2022-03-22T01:07:06+00:00\" \/>\n<meta property=\"og:image\" content=\"https:\/\/medicinasinc.com\/ro\/wp-content\/uploads\/sites\/11\/2022\/02\/Buy-Pink-Kush.jpg\" \/>\n\t<meta property=\"og:image:width\" content=\"450\" \/>\n\t<meta property=\"og:image:height\" content=\"450\" \/>\n\t<meta property=\"og:image:type\" content=\"image\/jpeg\" \/>\n<meta name=\"twitter:card\" content=\"summary_large_image\" \/>\n<meta name=\"twitter:label1\" content=\"Est. reading time\" \/>\n\t<meta name=\"twitter:data1\" content=\"1 minute\" \/>\n<script type=\"application\/ld+json\" class=\"yoast-schema-graph\">{\"@context\":\"https:\\\/\\\/schema.org\",\"@graph\":[{\"@type\":\"WebPage\",\"@id\":\"https:\\\/\\\/medicinasinc.com\\\/ro\\\/product\\\/cumpara-roz-kush\\\/\",\"url\":\"https:\\\/\\\/medicinasinc.com\\\/ro\\\/product\\\/cumpara-roz-kush\\\/\",\"name\":\"Cump\u0103ra\u021bi Pink Kush online - Cele mai bune medicamente globale\",\"isPartOf\":{\"@id\":\"https:\\\/\\\/medicinasinc.com\\\/ro\\\/#website\"},\"primaryImageOfPage\":{\"@id\":\"https:\\\/\\\/medicinasinc.com\\\/ro\\\/product\\\/cumpara-roz-kush\\\/#primaryimage\"},\"image\":{\"@id\":\"https:\\\/\\\/medicinasinc.com\\\/ro\\\/product\\\/cumpara-roz-kush\\\/#primaryimage\"},\"thumbnailUrl\":\"https:\\\/\\\/medicinasinc.com\\\/ro\\\/wp-content\\\/uploads\\\/sites\\\/11\\\/2022\\\/02\\\/Buy-Pink-Kush.jpg\",\"datePublished\":\"2022-02-20T20:12:57+00:00\",\"dateModified\":\"2022-03-22T01:07:06+00:00\",\"description\":\"Cump\u0103ra\u021bi tulpin\u0103 de buruieni Pink Kush \u0219i mai multe buruieni AAA+ din dispensarul online favorit din Europa. Comand\u0103 ast\u0103zi \u0219i beneficiaz\u0103 de transport gratuit la toate comenzile de peste 150 USD!\",\"breadcrumb\":{\"@id\":\"https:\\\/\\\/medicinasinc.com\\\/ro\\\/product\\\/cumpara-roz-kush\\\/#breadcrumb\"},\"inLanguage\":\"en-US\",\"potentialAction\":[{\"@type\":\"ReadAction\",\"target\":[\"https:\\\/\\\/medicinasinc.com\\\/ro\\\/product\\\/cumpara-roz-kush\\\/\"]}]},{\"@type\":\"ImageObject\",\"inLanguage\":\"en-US\",\"@id\":\"https:\\\/\\\/medicinasinc.com\\\/ro\\\/product\\\/cumpara-roz-kush\\\/#primaryimage\",\"url\":\"https:\\\/\\\/medicinasinc.com\\\/ro\\\/wp-content\\\/uploads\\\/sites\\\/11\\\/2022\\\/02\\\/Buy-Pink-Kush.jpg\",\"contentUrl\":\"https:\\\/\\\/medicinasinc.com\\\/ro\\\/wp-content\\\/uploads\\\/sites\\\/11\\\/2022\\\/02\\\/Buy-Pink-Kush.jpg\",\"width\":450,\"height\":450},{\"@type\":\"BreadcrumbList\",\"@id\":\"https:\\\/\\\/medicinasinc.com\\\/ro\\\/product\\\/cumpara-roz-kush\\\/#breadcrumb\",\"itemListElement\":[{\"@type\":\"ListItem\",\"position\":1,\"name\":\"Magazin\",\"item\":\"https:\\\/\\\/medicinasinc.com\\\/ro\\\/magazin\\\/\"},{\"@type\":\"ListItem\",\"position\":2,\"name\":\"Cump\u0103ra\u021bi Pink Kush\"}]},{\"@type\":\"WebSite\",\"@id\":\"https:\\\/\\\/medicinasinc.com\\\/ro\\\/#website\",\"url\":\"https:\\\/\\\/medicinasinc.com\\\/ro\\\/\",\"name\":\"Medicinas Inc\",\"description\":\"Health Medical Clinic\",\"potentialAction\":[{\"@type\":\"SearchAction\",\"target\":{\"@type\":\"EntryPoint\",\"urlTemplate\":\"https:\\\/\\\/medicinasinc.com\\\/ro\\\/?s={search_term_string}\"},\"query-input\":{\"@type\":\"PropertyValueSpecification\",\"valueRequired\":true,\"valueName\":\"search_term_string\"}}],\"inLanguage\":\"en-US\"}]}<\/script>\n<!-- \/ Yoast SEO plugin. -->","yoast_head_json":{"title":"Cump\u0103ra\u021bi Pink Kush online - Cele mai bune medicamente globale","description":"Cump\u0103ra\u021bi tulpin\u0103 de buruieni Pink Kush \u0219i mai multe buruieni AAA+ din dispensarul online favorit din Europa. Comand\u0103 ast\u0103zi \u0219i beneficiaz\u0103 de transport gratuit la toate comenzile de peste 150 USD!","robots":{"index":"index","follow":"follow","max-snippet":"max-snippet:-1","max-image-preview":"max-image-preview:large","max-video-preview":"max-video-preview:-1"},"canonical":"https:\/\/medicinasinc.com\/ro\/product\/cumpara-roz-kush\/","og_locale":"en_US","og_type":"article","og_title":"Cump\u0103ra\u021bi Pink Kush online - Cele mai bune medicamente globale","og_description":"Cump\u0103ra\u021bi tulpin\u0103 de buruieni Pink Kush \u0219i mai multe buruieni AAA+ din dispensarul online favorit din Europa. Comand\u0103 ast\u0103zi \u0219i beneficiaz\u0103 de transport gratuit la toate comenzile de peste 150 USD!","og_url":"https:\/\/medicinasinc.com\/ro\/product\/cumpara-roz-kush\/","og_site_name":"Medicinas Inc","article_modified_time":"2022-03-22T01:07:06+00:00","og_image":[{"width":450,"height":450,"url":"https:\/\/medicinasinc.com\/ro\/wp-content\/uploads\/sites\/11\/2022\/02\/Buy-Pink-Kush.jpg","type":"image\/jpeg"}],"twitter_card":"summary_large_image","twitter_misc":{"Est. reading time":"1 minute"},"schema":{"@context":"https:\/\/schema.org","@graph":[{"@type":"WebPage","@id":"https:\/\/medicinasinc.com\/ro\/product\/cumpara-roz-kush\/","url":"https:\/\/medicinasinc.com\/ro\/product\/cumpara-roz-kush\/","name":"Cump\u0103ra\u021bi Pink Kush online - Cele mai bune medicamente globale","isPartOf":{"@id":"https:\/\/medicinasinc.com\/ro\/#website"},"primaryImageOfPage":{"@id":"https:\/\/medicinasinc.com\/ro\/product\/cumpara-roz-kush\/#primaryimage"},"image":{"@id":"https:\/\/medicinasinc.com\/ro\/product\/cumpara-roz-kush\/#primaryimage"},"thumbnailUrl":"https:\/\/medicinasinc.com\/ro\/wp-content\/uploads\/sites\/11\/2022\/02\/Buy-Pink-Kush.jpg","datePublished":"2022-02-20T20:12:57+00:00","dateModified":"2022-03-22T01:07:06+00:00","description":"Cump\u0103ra\u021bi tulpin\u0103 de buruieni Pink Kush \u0219i mai multe buruieni AAA+ din dispensarul online favorit din Europa. Comand\u0103 ast\u0103zi \u0219i beneficiaz\u0103 de transport gratuit la toate comenzile de peste 150 USD!","breadcrumb":{"@id":"https:\/\/medicinasinc.com\/ro\/product\/cumpara-roz-kush\/#breadcrumb"},"inLanguage":"en-US","potentialAction":[{"@type":"ReadAction","target":["https:\/\/medicinasinc.com\/ro\/product\/cumpara-roz-kush\/"]}]},{"@type":"ImageObject","inLanguage":"en-US","@id":"https:\/\/medicinasinc.com\/ro\/product\/cumpara-roz-kush\/#primaryimage","url":"https:\/\/medicinasinc.com\/ro\/wp-content\/uploads\/sites\/11\/2022\/02\/Buy-Pink-Kush.jpg","contentUrl":"https:\/\/medicinasinc.com\/ro\/wp-content\/uploads\/sites\/11\/2022\/02\/Buy-Pink-Kush.jpg","width":450,"height":450},{"@type":"BreadcrumbList","@id":"https:\/\/medicinasinc.com\/ro\/product\/cumpara-roz-kush\/#breadcrumb","itemListElement":[{"@type":"ListItem","position":1,"name":"Magazin","item":"https:\/\/medicinasinc.com\/ro\/magazin\/"},{"@type":"ListItem","position":2,"name":"Cump\u0103ra\u021bi Pink Kush"}]},{"@type":"WebSite","@id":"https:\/\/medicinasinc.com\/ro\/#website","url":"https:\/\/medicinasinc.com\/ro\/","name":"Medicinas Inc","description":"Health Medical Clinic","potentialAction":[{"@type":"SearchAction","target":{"@type":"EntryPoint","urlTemplate":"https:\/\/medicinasinc.com\/ro\/?s={search_term_string}"},"query-input":{"@type":"PropertyValueSpecification","valueRequired":true,"valueName":"search_term_string"}}],"inLanguage":"en-US"}]}},"_links":{"self":[{"href":"https:\/\/medicinasinc.com\/ro\/wp-json\/wp\/v2\/product\/5094","targetHints":{"allow":["GET"]}}],"collection":[{"href":"https:\/\/medicinasinc.com\/ro\/wp-json\/wp\/v2\/product"}],"about":[{"href":"https:\/\/medicinasinc.com\/ro\/wp-json\/wp\/v2\/types\/product"}],"replies":[{"embeddable":true,"href":"https:\/\/medicinasinc.com\/ro\/wp-json\/wp\/v2\/comments?post=5094"}],"wp:featuredmedia":[{"embeddable":true,"href":"https:\/\/medicinasinc.com\/ro\/wp-json\/wp\/v2\/media\/5111"}],"wp:attachment":[{"href":"https:\/\/medicinasinc.com\/ro\/wp-json\/wp\/v2\/media?parent=5094"}],"wp:term":[{"taxonomy":"product_brand","embeddable":true,"href":"https:\/\/medicinasinc.com\/ro\/wp-json\/wp\/v2\/product_brand?post=5094"},{"taxonomy":"product_cat","embeddable":true,"href":"https:\/\/medicinasinc.com\/ro\/wp-json\/wp\/v2\/product_cat?post=5094"},{"taxonomy":"product_tag","embeddable":true,"href":"https:\/\/medicinasinc.com\/ro\/wp-json\/wp\/v2\/product_tag?post=5094"}],"curies":[{"name":"wp","href":"https:\/\/api.w.org\/{rel}","templated":true}]}}