{"id":5093,"date":"2022-02-20T20:12:04","date_gmt":"2022-02-20T20:12:04","guid":{"rendered":"https:\/\/medicinasinc.com\/ro\/?post_type=product&#038;p=5093"},"modified":"2022-03-22T01:07:17","modified_gmt":"2022-03-22T01:07:17","slug":"cumpara-cirese-gorila-clei","status":"publish","type":"product","link":"https:\/\/medicinasinc.com\/ro\/product\/cumpara-cirese-gorila-clei\/","title":{"rendered":"Cump\u0103ra\u021bi Cherry Gorilla Glue"},"content":{"rendered":"<p><strong>Cump\u0103ra\u021bi online Cherry Gorilla Marijuana.<\/strong><\/p>\n<p>Cherry Gorilla Marijuana poate fi achizi\u021bionat\u0103 online. Cump\u0103ra\u021bi tulpin\u0103 de canabis Cherry Gorilla. Un hibrid care con\u021bine 50% Sativa \u0219i 50% THC Indica: 17\u201318%<\/p>\n<p>Efecte<br \/> \u00cenalte corporale, cerebrale, fericite, relaxante, \u00een\u0103l\u021b\u0103toare<br \/> Poate ameliora<br \/> depresia, Oboseal\u0103, insomnie, grea\u021b\u0103, stres<br \/> Arome<br \/> Cire\u0219e, cafea, motorin\u0103, dulce<\/p>\n","protected":false},"excerpt":{"rendered":"<div class=\"woocommerce-product-details__short-description\">\n<p>Cump\u0103ra\u021bi marijuana numit\u0103 Cherry Gorilla Glue de pe pia\u021ba neagr\u0103 la cel mai bun pre\u021b. Toate produsele noastre sunt create folosind componente naturale, f\u0103r\u0103 THC. Face\u021bi comanda online ast\u0103zi!<\/p>\n<p>Cherry Gorilla Marijuana poate fi achizi\u021bionat\u0103 online. Livrare \u0219i urm\u0103rire garantate 100%, precum \u0219i o selec\u021bie larg\u0103 de comestibile, concentrate, sative, indica \u0219i hibrizi.<\/p>\n<p>Cherry Gorilla, uneori denumit\u0103 &amp;#8220 ;Lipici cherry Gorilla,&#8221; este o tulpin\u0103 hibrid\u0103 rar\u0103, uniform echilibrat\u0103 (50 indica\/50 sativa) produs\u0103 prin \u00eencruci\u0219are.<\/p>\n<\/p><\/div>\n","protected":false},"featured_media":5109,"comment_status":"open","ping_status":"closed","template":"","meta":[],"product_brand":[],"product_cat":[778],"product_tag":[1041,1046,1047,1044,1048,1042,1043,1045],"class_list":{"0":"post-5093","1":"product","2":"type-product","3":"status-publish","4":"has-post-thumbnail","6":"product_cat-buruian-de-vnzare","7":"product_tag-cherry-glue-strain-leafly","8":"product_tag-cherry-gorilla-strain-reddit","9":"product_tag-cherry-gorilla-strain-review","10":"product_tag-efecte-de-tulpina-cherry-gorilla","11":"product_tag-gorila-cirese-fructe","12":"product_tag-cire-gorilla-f2","13":"product_tag-seminte-de-cirese-gorile","14":"product_tag-cire-gorilla-tulpina-frunze","16":"first","17":"instock","18":"shipping-taxable","19":"purchasable","20":"product-type-variable","21":"has-default-attributes"},"yoast_head":"<!-- This site is optimized with the Yoast SEO plugin v27.3 - https:\/\/yoast.com\/product\/yoast-seo-wordpress\/ -->\n<title>Cump\u0103ra\u021bi Cherry Gorilla Glue - alias Cherry Gorilla Glue - Cele mai bune medicamente globale<\/title>\n<meta name=\"description\" content=\"Cump\u0103ra\u021bi marijuana aka Cherry Gorilla Glue Online la cel mai bun pre\u021b de pe pia\u021b\u0103. Toate produsele noastre sunt realizate cu ingrediente naturale pure, f\u0103r\u0103 THC. Comanda online acum!\" \/>\n<meta name=\"robots\" content=\"index, follow, max-snippet:-1, max-image-preview:large, max-video-preview:-1\" \/>\n<link rel=\"canonical\" href=\"https:\/\/medicinasinc.com\/ro\/product\/cumpara-cirese-gorila-clei\/\" \/>\n<meta property=\"og:locale\" content=\"en_US\" \/>\n<meta property=\"og:type\" content=\"article\" \/>\n<meta property=\"og:title\" content=\"Cump\u0103ra\u021bi Cherry Gorilla Glue - alias Cherry Gorilla Glue - Cele mai bune medicamente globale\" \/>\n<meta property=\"og:description\" content=\"Cump\u0103ra\u021bi marijuana aka Cherry Gorilla Glue Online la cel mai bun pre\u021b de pe pia\u021b\u0103. Toate produsele noastre sunt realizate cu ingrediente naturale pure, f\u0103r\u0103 THC. Comanda online acum!\" \/>\n<meta property=\"og:url\" content=\"https:\/\/medicinasinc.com\/ro\/product\/cumpara-cirese-gorila-clei\/\" \/>\n<meta property=\"og:site_name\" content=\"Medicinas Inc\" \/>\n<meta property=\"article:modified_time\" content=\"2022-03-22T01:07:17+00:00\" \/>\n<meta property=\"og:image\" content=\"https:\/\/medicinasinc.com\/ro\/wp-content\/uploads\/sites\/11\/2022\/02\/Buy-Cherry-Gorilla-Marijuana.jpg\" \/>\n\t<meta property=\"og:image:width\" content=\"1080\" \/>\n\t<meta property=\"og:image:height\" content=\"1080\" \/>\n\t<meta property=\"og:image:type\" content=\"image\/jpeg\" \/>\n<meta name=\"twitter:card\" content=\"summary_large_image\" \/>\n<meta name=\"twitter:label1\" content=\"Est. reading time\" \/>\n\t<meta name=\"twitter:data1\" content=\"1 minute\" \/>\n<script type=\"application\/ld+json\" class=\"yoast-schema-graph\">{\"@context\":\"https:\\\/\\\/schema.org\",\"@graph\":[{\"@type\":\"WebPage\",\"@id\":\"https:\\\/\\\/medicinasinc.com\\\/ro\\\/product\\\/cumpara-cirese-gorila-clei\\\/\",\"url\":\"https:\\\/\\\/medicinasinc.com\\\/ro\\\/product\\\/cumpara-cirese-gorila-clei\\\/\",\"name\":\"Cump\u0103ra\u021bi Cherry Gorilla Glue - alias Cherry Gorilla Glue - Cele mai bune medicamente globale\",\"isPartOf\":{\"@id\":\"https:\\\/\\\/medicinasinc.com\\\/ro\\\/#website\"},\"primaryImageOfPage\":{\"@id\":\"https:\\\/\\\/medicinasinc.com\\\/ro\\\/product\\\/cumpara-cirese-gorila-clei\\\/#primaryimage\"},\"image\":{\"@id\":\"https:\\\/\\\/medicinasinc.com\\\/ro\\\/product\\\/cumpara-cirese-gorila-clei\\\/#primaryimage\"},\"thumbnailUrl\":\"https:\\\/\\\/medicinasinc.com\\\/ro\\\/wp-content\\\/uploads\\\/sites\\\/11\\\/2022\\\/02\\\/Buy-Cherry-Gorilla-Marijuana.jpg\",\"datePublished\":\"2022-02-20T20:12:04+00:00\",\"dateModified\":\"2022-03-22T01:07:17+00:00\",\"description\":\"Cump\u0103ra\u021bi marijuana aka Cherry Gorilla Glue Online la cel mai bun pre\u021b de pe pia\u021b\u0103. Toate produsele noastre sunt realizate cu ingrediente naturale pure, f\u0103r\u0103 THC. Comanda online acum!\",\"breadcrumb\":{\"@id\":\"https:\\\/\\\/medicinasinc.com\\\/ro\\\/product\\\/cumpara-cirese-gorila-clei\\\/#breadcrumb\"},\"inLanguage\":\"en-US\",\"potentialAction\":[{\"@type\":\"ReadAction\",\"target\":[\"https:\\\/\\\/medicinasinc.com\\\/ro\\\/product\\\/cumpara-cirese-gorila-clei\\\/\"]}]},{\"@type\":\"ImageObject\",\"inLanguage\":\"en-US\",\"@id\":\"https:\\\/\\\/medicinasinc.com\\\/ro\\\/product\\\/cumpara-cirese-gorila-clei\\\/#primaryimage\",\"url\":\"https:\\\/\\\/medicinasinc.com\\\/ro\\\/wp-content\\\/uploads\\\/sites\\\/11\\\/2022\\\/02\\\/Buy-Cherry-Gorilla-Marijuana.jpg\",\"contentUrl\":\"https:\\\/\\\/medicinasinc.com\\\/ro\\\/wp-content\\\/uploads\\\/sites\\\/11\\\/2022\\\/02\\\/Buy-Cherry-Gorilla-Marijuana.jpg\",\"width\":1080,\"height\":1080},{\"@type\":\"BreadcrumbList\",\"@id\":\"https:\\\/\\\/medicinasinc.com\\\/ro\\\/product\\\/cumpara-cirese-gorila-clei\\\/#breadcrumb\",\"itemListElement\":[{\"@type\":\"ListItem\",\"position\":1,\"name\":\"Magazin\",\"item\":\"https:\\\/\\\/medicinasinc.com\\\/ro\\\/magazin\\\/\"},{\"@type\":\"ListItem\",\"position\":2,\"name\":\"Cump\u0103ra\u021bi Cherry Gorilla Glue\"}]},{\"@type\":\"WebSite\",\"@id\":\"https:\\\/\\\/medicinasinc.com\\\/ro\\\/#website\",\"url\":\"https:\\\/\\\/medicinasinc.com\\\/ro\\\/\",\"name\":\"Medicinas Inc\",\"description\":\"Health Medical Clinic\",\"potentialAction\":[{\"@type\":\"SearchAction\",\"target\":{\"@type\":\"EntryPoint\",\"urlTemplate\":\"https:\\\/\\\/medicinasinc.com\\\/ro\\\/?s={search_term_string}\"},\"query-input\":{\"@type\":\"PropertyValueSpecification\",\"valueRequired\":true,\"valueName\":\"search_term_string\"}}],\"inLanguage\":\"en-US\"}]}<\/script>\n<!-- \/ Yoast SEO plugin. -->","yoast_head_json":{"title":"Cump\u0103ra\u021bi Cherry Gorilla Glue - alias Cherry Gorilla Glue - Cele mai bune medicamente globale","description":"Cump\u0103ra\u021bi marijuana aka Cherry Gorilla Glue Online la cel mai bun pre\u021b de pe pia\u021b\u0103. Toate produsele noastre sunt realizate cu ingrediente naturale pure, f\u0103r\u0103 THC. Comanda online acum!","robots":{"index":"index","follow":"follow","max-snippet":"max-snippet:-1","max-image-preview":"max-image-preview:large","max-video-preview":"max-video-preview:-1"},"canonical":"https:\/\/medicinasinc.com\/ro\/product\/cumpara-cirese-gorila-clei\/","og_locale":"en_US","og_type":"article","og_title":"Cump\u0103ra\u021bi Cherry Gorilla Glue - alias Cherry Gorilla Glue - Cele mai bune medicamente globale","og_description":"Cump\u0103ra\u021bi marijuana aka Cherry Gorilla Glue Online la cel mai bun pre\u021b de pe pia\u021b\u0103. Toate produsele noastre sunt realizate cu ingrediente naturale pure, f\u0103r\u0103 THC. Comanda online acum!","og_url":"https:\/\/medicinasinc.com\/ro\/product\/cumpara-cirese-gorila-clei\/","og_site_name":"Medicinas Inc","article_modified_time":"2022-03-22T01:07:17+00:00","og_image":[{"width":1080,"height":1080,"url":"https:\/\/medicinasinc.com\/ro\/wp-content\/uploads\/sites\/11\/2022\/02\/Buy-Cherry-Gorilla-Marijuana.jpg","type":"image\/jpeg"}],"twitter_card":"summary_large_image","twitter_misc":{"Est. reading time":"1 minute"},"schema":{"@context":"https:\/\/schema.org","@graph":[{"@type":"WebPage","@id":"https:\/\/medicinasinc.com\/ro\/product\/cumpara-cirese-gorila-clei\/","url":"https:\/\/medicinasinc.com\/ro\/product\/cumpara-cirese-gorila-clei\/","name":"Cump\u0103ra\u021bi Cherry Gorilla Glue - alias Cherry Gorilla Glue - Cele mai bune medicamente globale","isPartOf":{"@id":"https:\/\/medicinasinc.com\/ro\/#website"},"primaryImageOfPage":{"@id":"https:\/\/medicinasinc.com\/ro\/product\/cumpara-cirese-gorila-clei\/#primaryimage"},"image":{"@id":"https:\/\/medicinasinc.com\/ro\/product\/cumpara-cirese-gorila-clei\/#primaryimage"},"thumbnailUrl":"https:\/\/medicinasinc.com\/ro\/wp-content\/uploads\/sites\/11\/2022\/02\/Buy-Cherry-Gorilla-Marijuana.jpg","datePublished":"2022-02-20T20:12:04+00:00","dateModified":"2022-03-22T01:07:17+00:00","description":"Cump\u0103ra\u021bi marijuana aka Cherry Gorilla Glue Online la cel mai bun pre\u021b de pe pia\u021b\u0103. Toate produsele noastre sunt realizate cu ingrediente naturale pure, f\u0103r\u0103 THC. Comanda online acum!","breadcrumb":{"@id":"https:\/\/medicinasinc.com\/ro\/product\/cumpara-cirese-gorila-clei\/#breadcrumb"},"inLanguage":"en-US","potentialAction":[{"@type":"ReadAction","target":["https:\/\/medicinasinc.com\/ro\/product\/cumpara-cirese-gorila-clei\/"]}]},{"@type":"ImageObject","inLanguage":"en-US","@id":"https:\/\/medicinasinc.com\/ro\/product\/cumpara-cirese-gorila-clei\/#primaryimage","url":"https:\/\/medicinasinc.com\/ro\/wp-content\/uploads\/sites\/11\/2022\/02\/Buy-Cherry-Gorilla-Marijuana.jpg","contentUrl":"https:\/\/medicinasinc.com\/ro\/wp-content\/uploads\/sites\/11\/2022\/02\/Buy-Cherry-Gorilla-Marijuana.jpg","width":1080,"height":1080},{"@type":"BreadcrumbList","@id":"https:\/\/medicinasinc.com\/ro\/product\/cumpara-cirese-gorila-clei\/#breadcrumb","itemListElement":[{"@type":"ListItem","position":1,"name":"Magazin","item":"https:\/\/medicinasinc.com\/ro\/magazin\/"},{"@type":"ListItem","position":2,"name":"Cump\u0103ra\u021bi Cherry Gorilla Glue"}]},{"@type":"WebSite","@id":"https:\/\/medicinasinc.com\/ro\/#website","url":"https:\/\/medicinasinc.com\/ro\/","name":"Medicinas Inc","description":"Health Medical Clinic","potentialAction":[{"@type":"SearchAction","target":{"@type":"EntryPoint","urlTemplate":"https:\/\/medicinasinc.com\/ro\/?s={search_term_string}"},"query-input":{"@type":"PropertyValueSpecification","valueRequired":true,"valueName":"search_term_string"}}],"inLanguage":"en-US"}]}},"_links":{"self":[{"href":"https:\/\/medicinasinc.com\/ro\/wp-json\/wp\/v2\/product\/5093","targetHints":{"allow":["GET"]}}],"collection":[{"href":"https:\/\/medicinasinc.com\/ro\/wp-json\/wp\/v2\/product"}],"about":[{"href":"https:\/\/medicinasinc.com\/ro\/wp-json\/wp\/v2\/types\/product"}],"replies":[{"embeddable":true,"href":"https:\/\/medicinasinc.com\/ro\/wp-json\/wp\/v2\/comments?post=5093"}],"wp:featuredmedia":[{"embeddable":true,"href":"https:\/\/medicinasinc.com\/ro\/wp-json\/wp\/v2\/media\/5109"}],"wp:attachment":[{"href":"https:\/\/medicinasinc.com\/ro\/wp-json\/wp\/v2\/media?parent=5093"}],"wp:term":[{"taxonomy":"product_brand","embeddable":true,"href":"https:\/\/medicinasinc.com\/ro\/wp-json\/wp\/v2\/product_brand?post=5093"},{"taxonomy":"product_cat","embeddable":true,"href":"https:\/\/medicinasinc.com\/ro\/wp-json\/wp\/v2\/product_cat?post=5093"},{"taxonomy":"product_tag","embeddable":true,"href":"https:\/\/medicinasinc.com\/ro\/wp-json\/wp\/v2\/product_tag?post=5093"}],"curies":[{"name":"wp","href":"https:\/\/api.w.org\/{rel}","templated":true}]}}