{"id":5070,"date":"2022-02-20T19:52:54","date_gmt":"2022-02-20T19:52:54","guid":{"rendered":"https:\/\/medicinasinc.com\/ro\/?post_type=product&#038;p=5070"},"modified":"2022-03-22T01:07:27","modified_gmt":"2022-03-22T01:07:27","slug":"cumpara-super-acru-skunk","status":"publish","type":"product","link":"https:\/\/medicinasinc.com\/ro\/product\/cumpara-super-acru-skunk\/","title":{"rendered":"Cump\u0103ra\u021bi Super Sour Skunk"},"content":{"rendered":"<h1 class=\"product_title entry-title\">Achizi\u021biona\u021bi online Super Sour Skunk Marijuana Specifica\u021bii pentru tulpina Super Sour Diesel Autoflower<\/h1>\n<p>Tip: Sativa Dominant<br \/> Genetic\u0103 P\u0103rin\u021bi: Sour Diesel X Super Silver Haze<br \/> Perioada de \u00eenflorire: 9 p\u00e2n\u0103 la 11 s\u0103pt\u0103m\u00e2ni<br \/> Clima: \u00eensorit\u0103 \/ mediteranean\u0103<br \/> Productie: 315g\/mp \u00een interior \/ 370g\/plant\u0103 \u00een aer liber<br \/> Arome: picant, acru, diesel, \u00een\u021bep\u0103tor, p\u0103m\u00e2ntesc <br \/> Nivel de THC: 18%-24%<br \/> Nivel de CBD: 1%<br \/> \u00cen\u0103l\u021bime: \u00eenalt<br \/> Perioada de recoltare: sf\u00e2r\u0219itul lunii octombrie<br \/> Dificultate de cre\u0219tere: moderat\u0103<\/p>\n<div class=\"product-next-previous\">\n<div class=\"product-prev\"><\/div><\/div>\n","protected":false},"excerpt":{"rendered":"<p>Marijuana Super Sour Skunk de v\u00e2nzare \u00een Regatul Unit \u0219i Europa la cel mai bun pre\u021b. Oferim transport interna\u021bional sigur \u0219i securizat.<\/p>\n<p>Cump\u0103ra\u021bi Super Sour Skunk \u00een zona dvs. Plasa\u021bi o comand\u0103 online. Ridicare sau livrare \u00een aceea\u0219i zi.<\/p>\n<p>Cump\u0103ra\u021bi ambalaje pentru dispensar etichete de tabl\u0103 de ton Super Sour Skunk Cali. Avem 1000&#8217;s \u00een stoc \u0219i gata de expediere. \u00cen plus, sunt disponibile modele personalizate Cali.<\/p>\n<p>.<\/p>\n","protected":false},"featured_media":5089,"comment_status":"open","ping_status":"closed","template":"","meta":[],"product_brand":[],"product_cat":[778],"product_tag":[1038,1035,1033,1034,1036,1037,1039,1040],"class_list":{"0":"post-5070","1":"product","2":"type-product","3":"status-publish","4":"has-post-thumbnail","6":"product_cat-buruian-de-vnzare","7":"product_tag-acru-skunk-tulpina-frunze","8":"product_tag-acru-mofeta-si-tulpina","9":"product_tag-sour-skunk-auto","10":"product_tag-acru-skunk-cbd","11":"product_tag-acru-skunk-tulpina-allbud","12":"product_tag-sour-skunk-tul-indica-sau-sativa","13":"product_tag-super-skunk","14":"product_tag-super-sour-skunk-strain","16":"first","17":"instock","18":"shipping-taxable","19":"purchasable","20":"product-type-variable","21":"has-default-attributes"},"yoast_head":"<!-- This site is optimized with the Yoast SEO plugin v27.3 - https:\/\/yoast.com\/product\/yoast-seo-wordpress\/ -->\n<title>Cump\u0103ra\u021bi marijuana Super Sour Skunk online - Cele mai bune medicamente globale<\/title>\n<meta name=\"description\" content=\"Cump\u0103ra\u021bi marijuana Super Sour Skunk de v\u00e2nzare Marea Britanie, Europa online la cel mai bun pre\u021b. Garant\u0103m transport sigur \u0219i securizat \u00een \u00eentreaga lume\" \/>\n<meta name=\"robots\" content=\"index, follow, max-snippet:-1, max-image-preview:large, max-video-preview:-1\" \/>\n<link rel=\"canonical\" href=\"https:\/\/medicinasinc.com\/ro\/product\/cumpara-super-acru-skunk\/\" \/>\n<meta property=\"og:locale\" content=\"en_US\" \/>\n<meta property=\"og:type\" content=\"article\" \/>\n<meta property=\"og:title\" content=\"Cump\u0103ra\u021bi marijuana Super Sour Skunk online - Cele mai bune medicamente globale\" \/>\n<meta property=\"og:description\" content=\"Cump\u0103ra\u021bi marijuana Super Sour Skunk de v\u00e2nzare Marea Britanie, Europa online la cel mai bun pre\u021b. Garant\u0103m transport sigur \u0219i securizat \u00een \u00eentreaga lume\" \/>\n<meta property=\"og:url\" content=\"https:\/\/medicinasinc.com\/ro\/product\/cumpara-super-acru-skunk\/\" \/>\n<meta property=\"og:site_name\" content=\"Medicinas Inc\" \/>\n<meta property=\"article:modified_time\" content=\"2022-03-22T01:07:27+00:00\" \/>\n<meta property=\"og:image\" content=\"https:\/\/medicinasinc.com\/ro\/wp-content\/uploads\/sites\/11\/2022\/02\/Buy-Super-Sour-Skunk.jpg\" \/>\n\t<meta property=\"og:image:width\" content=\"667\" \/>\n\t<meta property=\"og:image:height\" content=\"1000\" \/>\n\t<meta property=\"og:image:type\" content=\"image\/jpeg\" \/>\n<meta name=\"twitter:card\" content=\"summary_large_image\" \/>\n<meta name=\"twitter:label1\" content=\"Est. reading time\" \/>\n\t<meta name=\"twitter:data1\" content=\"1 minute\" \/>\n<script type=\"application\/ld+json\" class=\"yoast-schema-graph\">{\"@context\":\"https:\\\/\\\/schema.org\",\"@graph\":[{\"@type\":\"WebPage\",\"@id\":\"https:\\\/\\\/medicinasinc.com\\\/ro\\\/product\\\/cumpara-super-acru-skunk\\\/\",\"url\":\"https:\\\/\\\/medicinasinc.com\\\/ro\\\/product\\\/cumpara-super-acru-skunk\\\/\",\"name\":\"Cump\u0103ra\u021bi marijuana Super Sour Skunk online - Cele mai bune medicamente globale\",\"isPartOf\":{\"@id\":\"https:\\\/\\\/medicinasinc.com\\\/ro\\\/#website\"},\"primaryImageOfPage\":{\"@id\":\"https:\\\/\\\/medicinasinc.com\\\/ro\\\/product\\\/cumpara-super-acru-skunk\\\/#primaryimage\"},\"image\":{\"@id\":\"https:\\\/\\\/medicinasinc.com\\\/ro\\\/product\\\/cumpara-super-acru-skunk\\\/#primaryimage\"},\"thumbnailUrl\":\"https:\\\/\\\/medicinasinc.com\\\/ro\\\/wp-content\\\/uploads\\\/sites\\\/11\\\/2022\\\/02\\\/Buy-Super-Sour-Skunk.jpg\",\"datePublished\":\"2022-02-20T19:52:54+00:00\",\"dateModified\":\"2022-03-22T01:07:27+00:00\",\"description\":\"Cump\u0103ra\u021bi marijuana Super Sour Skunk de v\u00e2nzare Marea Britanie, Europa online la cel mai bun pre\u021b. Garant\u0103m transport sigur \u0219i securizat \u00een \u00eentreaga lume\",\"breadcrumb\":{\"@id\":\"https:\\\/\\\/medicinasinc.com\\\/ro\\\/product\\\/cumpara-super-acru-skunk\\\/#breadcrumb\"},\"inLanguage\":\"en-US\",\"potentialAction\":[{\"@type\":\"ReadAction\",\"target\":[\"https:\\\/\\\/medicinasinc.com\\\/ro\\\/product\\\/cumpara-super-acru-skunk\\\/\"]}]},{\"@type\":\"ImageObject\",\"inLanguage\":\"en-US\",\"@id\":\"https:\\\/\\\/medicinasinc.com\\\/ro\\\/product\\\/cumpara-super-acru-skunk\\\/#primaryimage\",\"url\":\"https:\\\/\\\/medicinasinc.com\\\/ro\\\/wp-content\\\/uploads\\\/sites\\\/11\\\/2022\\\/02\\\/Buy-Super-Sour-Skunk.jpg\",\"contentUrl\":\"https:\\\/\\\/medicinasinc.com\\\/ro\\\/wp-content\\\/uploads\\\/sites\\\/11\\\/2022\\\/02\\\/Buy-Super-Sour-Skunk.jpg\",\"width\":667,\"height\":1000},{\"@type\":\"BreadcrumbList\",\"@id\":\"https:\\\/\\\/medicinasinc.com\\\/ro\\\/product\\\/cumpara-super-acru-skunk\\\/#breadcrumb\",\"itemListElement\":[{\"@type\":\"ListItem\",\"position\":1,\"name\":\"Magazin\",\"item\":\"https:\\\/\\\/medicinasinc.com\\\/ro\\\/magazin\\\/\"},{\"@type\":\"ListItem\",\"position\":2,\"name\":\"Cump\u0103ra\u021bi Super Sour Skunk\"}]},{\"@type\":\"WebSite\",\"@id\":\"https:\\\/\\\/medicinasinc.com\\\/ro\\\/#website\",\"url\":\"https:\\\/\\\/medicinasinc.com\\\/ro\\\/\",\"name\":\"Medicinas Inc\",\"description\":\"Health Medical Clinic\",\"potentialAction\":[{\"@type\":\"SearchAction\",\"target\":{\"@type\":\"EntryPoint\",\"urlTemplate\":\"https:\\\/\\\/medicinasinc.com\\\/ro\\\/?s={search_term_string}\"},\"query-input\":{\"@type\":\"PropertyValueSpecification\",\"valueRequired\":true,\"valueName\":\"search_term_string\"}}],\"inLanguage\":\"en-US\"}]}<\/script>\n<!-- \/ Yoast SEO plugin. -->","yoast_head_json":{"title":"Cump\u0103ra\u021bi marijuana Super Sour Skunk online - Cele mai bune medicamente globale","description":"Cump\u0103ra\u021bi marijuana Super Sour Skunk de v\u00e2nzare Marea Britanie, Europa online la cel mai bun pre\u021b. Garant\u0103m transport sigur \u0219i securizat \u00een \u00eentreaga lume","robots":{"index":"index","follow":"follow","max-snippet":"max-snippet:-1","max-image-preview":"max-image-preview:large","max-video-preview":"max-video-preview:-1"},"canonical":"https:\/\/medicinasinc.com\/ro\/product\/cumpara-super-acru-skunk\/","og_locale":"en_US","og_type":"article","og_title":"Cump\u0103ra\u021bi marijuana Super Sour Skunk online - Cele mai bune medicamente globale","og_description":"Cump\u0103ra\u021bi marijuana Super Sour Skunk de v\u00e2nzare Marea Britanie, Europa online la cel mai bun pre\u021b. Garant\u0103m transport sigur \u0219i securizat \u00een \u00eentreaga lume","og_url":"https:\/\/medicinasinc.com\/ro\/product\/cumpara-super-acru-skunk\/","og_site_name":"Medicinas Inc","article_modified_time":"2022-03-22T01:07:27+00:00","og_image":[{"width":667,"height":1000,"url":"https:\/\/medicinasinc.com\/ro\/wp-content\/uploads\/sites\/11\/2022\/02\/Buy-Super-Sour-Skunk.jpg","type":"image\/jpeg"}],"twitter_card":"summary_large_image","twitter_misc":{"Est. reading time":"1 minute"},"schema":{"@context":"https:\/\/schema.org","@graph":[{"@type":"WebPage","@id":"https:\/\/medicinasinc.com\/ro\/product\/cumpara-super-acru-skunk\/","url":"https:\/\/medicinasinc.com\/ro\/product\/cumpara-super-acru-skunk\/","name":"Cump\u0103ra\u021bi marijuana Super Sour Skunk online - Cele mai bune medicamente globale","isPartOf":{"@id":"https:\/\/medicinasinc.com\/ro\/#website"},"primaryImageOfPage":{"@id":"https:\/\/medicinasinc.com\/ro\/product\/cumpara-super-acru-skunk\/#primaryimage"},"image":{"@id":"https:\/\/medicinasinc.com\/ro\/product\/cumpara-super-acru-skunk\/#primaryimage"},"thumbnailUrl":"https:\/\/medicinasinc.com\/ro\/wp-content\/uploads\/sites\/11\/2022\/02\/Buy-Super-Sour-Skunk.jpg","datePublished":"2022-02-20T19:52:54+00:00","dateModified":"2022-03-22T01:07:27+00:00","description":"Cump\u0103ra\u021bi marijuana Super Sour Skunk de v\u00e2nzare Marea Britanie, Europa online la cel mai bun pre\u021b. Garant\u0103m transport sigur \u0219i securizat \u00een \u00eentreaga lume","breadcrumb":{"@id":"https:\/\/medicinasinc.com\/ro\/product\/cumpara-super-acru-skunk\/#breadcrumb"},"inLanguage":"en-US","potentialAction":[{"@type":"ReadAction","target":["https:\/\/medicinasinc.com\/ro\/product\/cumpara-super-acru-skunk\/"]}]},{"@type":"ImageObject","inLanguage":"en-US","@id":"https:\/\/medicinasinc.com\/ro\/product\/cumpara-super-acru-skunk\/#primaryimage","url":"https:\/\/medicinasinc.com\/ro\/wp-content\/uploads\/sites\/11\/2022\/02\/Buy-Super-Sour-Skunk.jpg","contentUrl":"https:\/\/medicinasinc.com\/ro\/wp-content\/uploads\/sites\/11\/2022\/02\/Buy-Super-Sour-Skunk.jpg","width":667,"height":1000},{"@type":"BreadcrumbList","@id":"https:\/\/medicinasinc.com\/ro\/product\/cumpara-super-acru-skunk\/#breadcrumb","itemListElement":[{"@type":"ListItem","position":1,"name":"Magazin","item":"https:\/\/medicinasinc.com\/ro\/magazin\/"},{"@type":"ListItem","position":2,"name":"Cump\u0103ra\u021bi Super Sour Skunk"}]},{"@type":"WebSite","@id":"https:\/\/medicinasinc.com\/ro\/#website","url":"https:\/\/medicinasinc.com\/ro\/","name":"Medicinas Inc","description":"Health Medical Clinic","potentialAction":[{"@type":"SearchAction","target":{"@type":"EntryPoint","urlTemplate":"https:\/\/medicinasinc.com\/ro\/?s={search_term_string}"},"query-input":{"@type":"PropertyValueSpecification","valueRequired":true,"valueName":"search_term_string"}}],"inLanguage":"en-US"}]}},"_links":{"self":[{"href":"https:\/\/medicinasinc.com\/ro\/wp-json\/wp\/v2\/product\/5070","targetHints":{"allow":["GET"]}}],"collection":[{"href":"https:\/\/medicinasinc.com\/ro\/wp-json\/wp\/v2\/product"}],"about":[{"href":"https:\/\/medicinasinc.com\/ro\/wp-json\/wp\/v2\/types\/product"}],"replies":[{"embeddable":true,"href":"https:\/\/medicinasinc.com\/ro\/wp-json\/wp\/v2\/comments?post=5070"}],"wp:featuredmedia":[{"embeddable":true,"href":"https:\/\/medicinasinc.com\/ro\/wp-json\/wp\/v2\/media\/5089"}],"wp:attachment":[{"href":"https:\/\/medicinasinc.com\/ro\/wp-json\/wp\/v2\/media?parent=5070"}],"wp:term":[{"taxonomy":"product_brand","embeddable":true,"href":"https:\/\/medicinasinc.com\/ro\/wp-json\/wp\/v2\/product_brand?post=5070"},{"taxonomy":"product_cat","embeddable":true,"href":"https:\/\/medicinasinc.com\/ro\/wp-json\/wp\/v2\/product_cat?post=5070"},{"taxonomy":"product_tag","embeddable":true,"href":"https:\/\/medicinasinc.com\/ro\/wp-json\/wp\/v2\/product_tag?post=5070"}],"curies":[{"name":"wp","href":"https:\/\/api.w.org\/{rel}","templated":true}]}}