{"id":5068,"date":"2022-02-20T19:50:54","date_gmt":"2022-02-20T19:50:54","guid":{"rendered":"https:\/\/medicinasinc.com\/ro\/?post_type=product&#038;p=5068"},"modified":"2022-03-22T01:07:49","modified_gmt":"2022-03-22T01:07:49","slug":"buy-super-lemon-haze","status":"publish","type":"product","link":"https:\/\/medicinasinc.com\/ro\/product\/buy-super-lemon-haze\/","title":{"rendered":"Cump\u0103ra\u021bi Super Lemon Haze"},"content":{"rendered":"<p>Achizi\u021bie online de Super Lamon Haze<\/p>\n<p>Aceast\u0103 tulpin\u0103 delicioas\u0103 de l\u0103m\u00e2ie este o tulpin\u0103 cu randament bun, potrivit\u0103 oric\u0103rui grup de veterani. Super Lemon Haze este una dintre cele mai populare tulpini, \u00een special printre entuzia\u0219tii indieni, \u0219i le-a transformat cu succes \u00een sativa. F\u0103r\u0103 \u00eendoial\u0103, Super Lemon Haze este unic\u0103. Aceast\u0103 c\u00e2\u0219tig\u0103toare a Cupei Cannabis este o \u00eencruci\u0219are \u00eentre Lemon Skunk \u0219i Super Silver Haze, ceea ce o face o tulpin\u0103 cu pedigree \u0219i una dintre cele mai bune sative disponibile ast\u0103zi. Pute\u021bi achizi\u021biona Super Lamon Haze online \u0219i \u00eel pute\u021bi g\u0103si pentru v\u00e2nzare online. Acest hibrid cu dominan\u021b\u0103 sativa \u00ee\u0219i ridic\u0103 cu adev\u0103rat numele, cu o arom\u0103 limonic\u0103 puternic\u0103, care miroase incredibil. Super Lemon Haze \u00eencepe \u00eencet, dar constant, ajung\u00e2nd la un high euforic extraordinar care te face s\u0103 vrei s\u0103 s\u0103ri de pe scaun entuziasmat. Aceast\u0103 tulpin\u0103 este, de asemenea, o versiune medical\u0103 popular\u0103, deoarece poate fi folosit\u0103 pentru a trata o mare varietate de afec\u021biuni.<\/p>\n<p>Efecte<\/p>\n<p>Toate aceste efecte super-sativa sunt bazate pe energie. Cu toate acestea, caracteristica principal\u0103 este c\u0103 este o \u00eencercare de zi cu zi grozav\u0103 datorit\u0103 capacit\u0103\u021bii sale de a o face eficient\u0103 \u0219i uneori inovatoare. Super Lemon Haze este capabil s\u0103 te calmeze suficient pentru a te face s\u0103 te sim\u021bi bine. Super Lemon Haze este tovar\u0103\u0219ul ideal \u0219i fericit. Dac\u0103 ave\u021bi o zi lung\u0103 \u00eenainte \u0219i ave\u021bi nevoie s\u0103 face\u021bi lucrurile bine, aceast\u0103 sativa este calea de urmat.<br \/> Ve\u021bi avea o jum\u0103tate de kilogram din acest boboc delicios pentru a-i \u021bine pe to\u021bi \u00een sal\u0103 \u0219i \u00eenc\u0103 unul. s\u0103 te trag\u0103 \u00een sus. Super Lemon Haze nu impune niciun impact asupra start-up-urilor. Efectul s\u0103u poate produce un high cerebral pl\u0103cut, care v\u0103 permite s\u0103 g\u00e2ndi\u021bi mai clar \u0219i s\u0103 v\u0103 aminti\u021bi informa\u021bii pe care altfel le-a\u021bi putea uita. \u00cen plus, se crede c\u0103 aceast\u0103 presiune te face s\u0103 te sim\u021bi un pic plin de agita\u021bie, ceea ce este ideal pentru o noapte romantic\u0103. Mirosul: Un mugur parfumat ar trebui s\u0103 evoce imagini de citrice. Super Lemon Haze are o arom\u0103 dulce de l\u0103m\u00e2ie, cu o not\u0103 de condiment \u0219i o arom\u0103 extrem de acid\u0103. Aroma dulce de lamaie este echilibrata de o nota de pamant si condiment, creand o experienta minunata. Super Lemon Haze are un miros extrem de placut. Aceast\u0103 sativa are o arom\u0103 pl\u0103cut\u0103, r\u0103coritoare, iar caracterul de l\u0103m\u00e2ie ar trebui s\u0103 r\u0103m\u00e2n\u0103 pe limb\u0103. Este ca \u0219i cum ai inhala o bomboan\u0103 cu o nuan\u021b\u0103 de plante distinct\u0103.<\/p>\n<p>Avantaje medicale<\/p>\n<p>Super Lemon Haze este recomandat\u0103 pentru o varietate de afec\u021biuni \u0219i simptome. Oboseala cronic\u0103 este u\u0219or de combatet cu aceast\u0103 tulpin\u0103 puternic\u0103 datorit\u0103 capacit\u0103\u021bii sale de a insufla o stare de spirit stabil\u0103 \u0219i ridicat\u0103, care te stimuleaz\u0103 chiar \u0219i s\u0103 faci lucruri. \u00cen plus, aceast\u0103 tulpin\u0103 este bun\u0103 \u00een combaterea stresului \u0219i a triste\u021bii. Super Lemon Haze are capacitatea de a trata o varietate de suferin\u021be asociate cu un stil de via\u021b\u0103 stresant \u0219i se poate elibera cu u\u0219urin\u021b\u0103 de dureri \u0219i dureri minore, cum ar fi migrene, dureri de cap, articula\u021bii \u0219i spasme musculare. Super Lemon Haze este un analgezic universal, de \u00eencredere, care relaxeaz\u0103 \u0219i furnic\u0103 corpul, disimul\u00e2nd orice alte probleme fizice care pot ap\u0103rea. Gustul \u0219i aroma \u00een\u0103l\u021b\u0103toare contribuie la atractivitatea sa, f\u0103c\u00e2ndu-l pl\u0103cut chiar \u0219i pentru persoanele care este pu\u021bin probabil s\u0103 foloseasc\u0103 canabis pentru a-\u0219i trata boala.<\/p>\n","protected":false},"excerpt":{"rendered":"<div class=\"woocommerce-product-details__short-description\">\n<p>Cump\u0103ra\u021bi tulpina de marijuana Super Lemon Haze \u00een Regatul Unit \u0219i Europa. Este un hibrid puternic citric \u0219i dulce cu dominan\u021b\u0103 Sativa. Aceast\u0103 floare este rezultatul unei \u00eencruci\u0219\u0103ri \u00eentre lemon skunk \u0219i silver haze.<\/p>\n<p>Achizi\u021bia online a tulpinii de marijuana Super Lemon Haze.<\/p>\n<p>Super Lemon Haze este un hibrid dominant Sativa &#8211; 80% Sativa \/ 20% Indica. Con\u021binutul de THC Indica este de 25%, con\u021binutul de CBD este de 1% \u0219i con\u021binutul de CBN este de 2%.<\/p>\n<\/p><\/div>\n","protected":false},"featured_media":5085,"comment_status":"open","ping_status":"closed","template":"","meta":[],"product_brand":[],"product_cat":[778],"product_tag":[1021,1023,1019,486,1022,1020,487,1024],"class_list":{"0":"post-5068","1":"product","2":"type-product","3":"status-publish","4":"has-post-thumbnail","6":"product_cat-buruian-de-vnzare","7":"product_tag-super-lemon-haze-autoflower","8":"product_tag-efecte-super-lemon-haze","9":"product_tag-este-super-lemon-haze-psihedelic","10":"product_tag-super-lemon-haze-pret","11":"product_tag-super-lemon-haze-seminte-de-autoflorire","12":"product_tag-seminte-de-lamaie-de-vanzare","13":"product_tag-seminte-de-super-lamaie-haze","14":"product_tag-super-lemon-haze-seeds-usa","16":"first","17":"instock","18":"shipping-taxable","19":"purchasable","20":"product-type-variable","21":"has-default-attributes"},"yoast_head":"<!-- This site is optimized with the Yoast SEO plugin v27.3 - https:\/\/yoast.com\/product\/yoast-seo-wordpress\/ -->\n<title>Cump\u0103ra\u021bi Super Lemon Haze - Cele mai bune medicamente globale<\/title>\n<meta name=\"description\" content=\"Cump\u0103ra\u021bi tulpina de marijuana Super Lemon Haze din Marea Britanie, Europa citrice \u00een\u021bep\u0103toare \u0219i hibrid dulce cu dominan\u021b\u0103 Sativa. Aceast\u0103 floare este o cruce de l\u0103m\u00e2ie skunk &amp; cea\u021b\u0103 argintie.\" \/>\n<meta name=\"robots\" content=\"index, follow, max-snippet:-1, max-image-preview:large, max-video-preview:-1\" \/>\n<link rel=\"canonical\" href=\"https:\/\/medicinasinc.com\/ro\/product\/buy-super-lemon-haze\/\" \/>\n<meta property=\"og:locale\" content=\"en_US\" \/>\n<meta property=\"og:type\" content=\"article\" \/>\n<meta property=\"og:title\" content=\"Cump\u0103ra\u021bi Super Lemon Haze - Cele mai bune medicamente globale\" \/>\n<meta property=\"og:description\" content=\"Cump\u0103ra\u021bi tulpina de marijuana Super Lemon Haze din Marea Britanie, Europa citrice \u00een\u021bep\u0103toare \u0219i hibrid dulce cu dominan\u021b\u0103 Sativa. Aceast\u0103 floare este o cruce de l\u0103m\u00e2ie skunk &amp; cea\u021b\u0103 argintie.\" \/>\n<meta property=\"og:url\" content=\"https:\/\/medicinasinc.com\/ro\/product\/buy-super-lemon-haze\/\" \/>\n<meta property=\"og:site_name\" content=\"Medicinas Inc\" \/>\n<meta property=\"article:modified_time\" content=\"2022-03-22T01:07:49+00:00\" \/>\n<meta property=\"og:image\" content=\"https:\/\/medicinasinc.com\/ro\/wp-content\/uploads\/sites\/11\/2022\/02\/Buy-Super-Lemon-Haze.jpg\" \/>\n\t<meta property=\"og:image:width\" content=\"1080\" \/>\n\t<meta property=\"og:image:height\" content=\"1080\" \/>\n\t<meta property=\"og:image:type\" content=\"image\/jpeg\" \/>\n<meta name=\"twitter:card\" content=\"summary_large_image\" \/>\n<meta name=\"twitter:label1\" content=\"Est. reading time\" \/>\n\t<meta name=\"twitter:data1\" content=\"3 minutes\" \/>\n<script type=\"application\/ld+json\" class=\"yoast-schema-graph\">{\"@context\":\"https:\\\/\\\/schema.org\",\"@graph\":[{\"@type\":\"WebPage\",\"@id\":\"https:\\\/\\\/medicinasinc.com\\\/ro\\\/product\\\/buy-super-lemon-haze\\\/\",\"url\":\"https:\\\/\\\/medicinasinc.com\\\/ro\\\/product\\\/buy-super-lemon-haze\\\/\",\"name\":\"Cump\u0103ra\u021bi Super Lemon Haze - Cele mai bune medicamente globale\",\"isPartOf\":{\"@id\":\"https:\\\/\\\/medicinasinc.com\\\/ro\\\/#website\"},\"primaryImageOfPage\":{\"@id\":\"https:\\\/\\\/medicinasinc.com\\\/ro\\\/product\\\/buy-super-lemon-haze\\\/#primaryimage\"},\"image\":{\"@id\":\"https:\\\/\\\/medicinasinc.com\\\/ro\\\/product\\\/buy-super-lemon-haze\\\/#primaryimage\"},\"thumbnailUrl\":\"https:\\\/\\\/medicinasinc.com\\\/ro\\\/wp-content\\\/uploads\\\/sites\\\/11\\\/2022\\\/02\\\/Buy-Super-Lemon-Haze.jpg\",\"datePublished\":\"2022-02-20T19:50:54+00:00\",\"dateModified\":\"2022-03-22T01:07:49+00:00\",\"description\":\"Cump\u0103ra\u021bi tulpina de marijuana Super Lemon Haze din Marea Britanie, Europa citrice \u00een\u021bep\u0103toare \u0219i hibrid dulce cu dominan\u021b\u0103 Sativa. Aceast\u0103 floare este o cruce de l\u0103m\u00e2ie skunk &amp; cea\u021b\u0103 argintie.\",\"breadcrumb\":{\"@id\":\"https:\\\/\\\/medicinasinc.com\\\/ro\\\/product\\\/buy-super-lemon-haze\\\/#breadcrumb\"},\"inLanguage\":\"en-US\",\"potentialAction\":[{\"@type\":\"ReadAction\",\"target\":[\"https:\\\/\\\/medicinasinc.com\\\/ro\\\/product\\\/buy-super-lemon-haze\\\/\"]}]},{\"@type\":\"ImageObject\",\"inLanguage\":\"en-US\",\"@id\":\"https:\\\/\\\/medicinasinc.com\\\/ro\\\/product\\\/buy-super-lemon-haze\\\/#primaryimage\",\"url\":\"https:\\\/\\\/medicinasinc.com\\\/ro\\\/wp-content\\\/uploads\\\/sites\\\/11\\\/2022\\\/02\\\/Buy-Super-Lemon-Haze.jpg\",\"contentUrl\":\"https:\\\/\\\/medicinasinc.com\\\/ro\\\/wp-content\\\/uploads\\\/sites\\\/11\\\/2022\\\/02\\\/Buy-Super-Lemon-Haze.jpg\",\"width\":1080,\"height\":1080},{\"@type\":\"BreadcrumbList\",\"@id\":\"https:\\\/\\\/medicinasinc.com\\\/ro\\\/product\\\/buy-super-lemon-haze\\\/#breadcrumb\",\"itemListElement\":[{\"@type\":\"ListItem\",\"position\":1,\"name\":\"Magazin\",\"item\":\"https:\\\/\\\/medicinasinc.com\\\/ro\\\/magazin\\\/\"},{\"@type\":\"ListItem\",\"position\":2,\"name\":\"Cump\u0103ra\u021bi Super Lemon Haze\"}]},{\"@type\":\"WebSite\",\"@id\":\"https:\\\/\\\/medicinasinc.com\\\/ro\\\/#website\",\"url\":\"https:\\\/\\\/medicinasinc.com\\\/ro\\\/\",\"name\":\"Medicinas Inc\",\"description\":\"Health Medical Clinic\",\"potentialAction\":[{\"@type\":\"SearchAction\",\"target\":{\"@type\":\"EntryPoint\",\"urlTemplate\":\"https:\\\/\\\/medicinasinc.com\\\/ro\\\/?s={search_term_string}\"},\"query-input\":{\"@type\":\"PropertyValueSpecification\",\"valueRequired\":true,\"valueName\":\"search_term_string\"}}],\"inLanguage\":\"en-US\"}]}<\/script>\n<!-- \/ Yoast SEO plugin. -->","yoast_head_json":{"title":"Cump\u0103ra\u021bi Super Lemon Haze - Cele mai bune medicamente globale","description":"Cump\u0103ra\u021bi tulpina de marijuana Super Lemon Haze din Marea Britanie, Europa citrice \u00een\u021bep\u0103toare \u0219i hibrid dulce cu dominan\u021b\u0103 Sativa. Aceast\u0103 floare este o cruce de l\u0103m\u00e2ie skunk &amp; cea\u021b\u0103 argintie.","robots":{"index":"index","follow":"follow","max-snippet":"max-snippet:-1","max-image-preview":"max-image-preview:large","max-video-preview":"max-video-preview:-1"},"canonical":"https:\/\/medicinasinc.com\/ro\/product\/buy-super-lemon-haze\/","og_locale":"en_US","og_type":"article","og_title":"Cump\u0103ra\u021bi Super Lemon Haze - Cele mai bune medicamente globale","og_description":"Cump\u0103ra\u021bi tulpina de marijuana Super Lemon Haze din Marea Britanie, Europa citrice \u00een\u021bep\u0103toare \u0219i hibrid dulce cu dominan\u021b\u0103 Sativa. Aceast\u0103 floare este o cruce de l\u0103m\u00e2ie skunk &amp; cea\u021b\u0103 argintie.","og_url":"https:\/\/medicinasinc.com\/ro\/product\/buy-super-lemon-haze\/","og_site_name":"Medicinas Inc","article_modified_time":"2022-03-22T01:07:49+00:00","og_image":[{"width":1080,"height":1080,"url":"https:\/\/medicinasinc.com\/ro\/wp-content\/uploads\/sites\/11\/2022\/02\/Buy-Super-Lemon-Haze.jpg","type":"image\/jpeg"}],"twitter_card":"summary_large_image","twitter_misc":{"Est. reading time":"3 minutes"},"schema":{"@context":"https:\/\/schema.org","@graph":[{"@type":"WebPage","@id":"https:\/\/medicinasinc.com\/ro\/product\/buy-super-lemon-haze\/","url":"https:\/\/medicinasinc.com\/ro\/product\/buy-super-lemon-haze\/","name":"Cump\u0103ra\u021bi Super Lemon Haze - Cele mai bune medicamente globale","isPartOf":{"@id":"https:\/\/medicinasinc.com\/ro\/#website"},"primaryImageOfPage":{"@id":"https:\/\/medicinasinc.com\/ro\/product\/buy-super-lemon-haze\/#primaryimage"},"image":{"@id":"https:\/\/medicinasinc.com\/ro\/product\/buy-super-lemon-haze\/#primaryimage"},"thumbnailUrl":"https:\/\/medicinasinc.com\/ro\/wp-content\/uploads\/sites\/11\/2022\/02\/Buy-Super-Lemon-Haze.jpg","datePublished":"2022-02-20T19:50:54+00:00","dateModified":"2022-03-22T01:07:49+00:00","description":"Cump\u0103ra\u021bi tulpina de marijuana Super Lemon Haze din Marea Britanie, Europa citrice \u00een\u021bep\u0103toare \u0219i hibrid dulce cu dominan\u021b\u0103 Sativa. Aceast\u0103 floare este o cruce de l\u0103m\u00e2ie skunk &amp; cea\u021b\u0103 argintie.","breadcrumb":{"@id":"https:\/\/medicinasinc.com\/ro\/product\/buy-super-lemon-haze\/#breadcrumb"},"inLanguage":"en-US","potentialAction":[{"@type":"ReadAction","target":["https:\/\/medicinasinc.com\/ro\/product\/buy-super-lemon-haze\/"]}]},{"@type":"ImageObject","inLanguage":"en-US","@id":"https:\/\/medicinasinc.com\/ro\/product\/buy-super-lemon-haze\/#primaryimage","url":"https:\/\/medicinasinc.com\/ro\/wp-content\/uploads\/sites\/11\/2022\/02\/Buy-Super-Lemon-Haze.jpg","contentUrl":"https:\/\/medicinasinc.com\/ro\/wp-content\/uploads\/sites\/11\/2022\/02\/Buy-Super-Lemon-Haze.jpg","width":1080,"height":1080},{"@type":"BreadcrumbList","@id":"https:\/\/medicinasinc.com\/ro\/product\/buy-super-lemon-haze\/#breadcrumb","itemListElement":[{"@type":"ListItem","position":1,"name":"Magazin","item":"https:\/\/medicinasinc.com\/ro\/magazin\/"},{"@type":"ListItem","position":2,"name":"Cump\u0103ra\u021bi Super Lemon Haze"}]},{"@type":"WebSite","@id":"https:\/\/medicinasinc.com\/ro\/#website","url":"https:\/\/medicinasinc.com\/ro\/","name":"Medicinas Inc","description":"Health Medical Clinic","potentialAction":[{"@type":"SearchAction","target":{"@type":"EntryPoint","urlTemplate":"https:\/\/medicinasinc.com\/ro\/?s={search_term_string}"},"query-input":{"@type":"PropertyValueSpecification","valueRequired":true,"valueName":"search_term_string"}}],"inLanguage":"en-US"}]}},"_links":{"self":[{"href":"https:\/\/medicinasinc.com\/ro\/wp-json\/wp\/v2\/product\/5068","targetHints":{"allow":["GET"]}}],"collection":[{"href":"https:\/\/medicinasinc.com\/ro\/wp-json\/wp\/v2\/product"}],"about":[{"href":"https:\/\/medicinasinc.com\/ro\/wp-json\/wp\/v2\/types\/product"}],"replies":[{"embeddable":true,"href":"https:\/\/medicinasinc.com\/ro\/wp-json\/wp\/v2\/comments?post=5068"}],"wp:featuredmedia":[{"embeddable":true,"href":"https:\/\/medicinasinc.com\/ro\/wp-json\/wp\/v2\/media\/5085"}],"wp:attachment":[{"href":"https:\/\/medicinasinc.com\/ro\/wp-json\/wp\/v2\/media?parent=5068"}],"wp:term":[{"taxonomy":"product_brand","embeddable":true,"href":"https:\/\/medicinasinc.com\/ro\/wp-json\/wp\/v2\/product_brand?post=5068"},{"taxonomy":"product_cat","embeddable":true,"href":"https:\/\/medicinasinc.com\/ro\/wp-json\/wp\/v2\/product_cat?post=5068"},{"taxonomy":"product_tag","embeddable":true,"href":"https:\/\/medicinasinc.com\/ro\/wp-json\/wp\/v2\/product_tag?post=5068"}],"curies":[{"name":"wp","href":"https:\/\/api.w.org\/{rel}","templated":true}]}}