{"id":5066,"date":"2022-02-20T19:49:25","date_gmt":"2022-02-20T19:49:25","guid":{"rendered":"https:\/\/medicinasinc.com\/ro\/?post_type=product&#038;p=5066"},"modified":"2022-03-22T01:08:01","modified_gmt":"2022-03-22T01:08:01","slug":"buy-snoops-dream-marijuana","status":"publish","type":"product","link":"https:\/\/medicinasinc.com\/ro\/product\/buy-snoops-dream-marijuana\/","title":{"rendered":"Cump\u0103ra\u021bi marijuana Snoop&#8217;s Dream"},"content":{"rendered":"<p><strong>Tulpina Snoops Dream Marijuana poate fi achizi\u021bionat\u0103 online.<\/strong><\/p>\n<p>Tulpina Snoops Dream Marijuana poate fi achizi\u021bionat\u0103 online.<\/p>\n<p>Efecte<br \/> Creativ, energizant , Euforie, Chicot, Fericit, Relaxant, \u00cen\u0103l\u021b\u0103tor<br \/> Poate ameliora<br \/> Tulburarea bipolar\u0103, Durerea cronic\u0103, Depresia, Oboseala, Dureri de cap, Insomnie, PMS, PTSD, Stres<br \/> Arome<br \/> Fructe de p\u0103dure, Afine, unt, pin, zah\u0103r, dulce, vanilie<\/p>\n","protected":false},"excerpt":{"rendered":"<p>Cump\u0103ra\u021bi tulpina de marijuana Snoops Dream poate fi achizi\u021bionat\u0103 online. Snoop&#8217;s Dream este o tulpin\u0103 de marijuana dezvoltat\u0103 de Snoop Dogg. hibrid &#8211; 50% Sativa, 50% Indica THC: 26%<\/p>\n<p>Snoop&#8217;s Dream este o tulpin\u0103 de canabis numit\u0103 dup\u0103 artistul hip hop Snoop Dog. A ar\u0103tat un interes considerabil pentru sectorul marijuanei.<\/p>\n<p>Snoop&#8217;s Dream este o tulpin\u0103 de marijuana dezvoltat\u0103 de Snoop Dogg. hibrid &#8211; Con\u021binut de THC 50% Sativa, 50% Indica: 26%. Oferim posibilitatea de a cump\u0103ra marijuana medical\u0103 online, cear\u0103 \u0219i sp\u0103lat\u0103 \u0219i iarb\u0103.<\/p>\n","protected":false},"featured_media":5083,"comment_status":"open","ping_status":"closed","template":"","meta":[],"product_brand":[],"product_cat":[778],"product_tag":[1014,1011,1015,1017,1012,1016,1013,1018],"class_list":{"0":"post-5066","1":"product","2":"type-product","3":"status-publish","4":"has-post-thumbnail","6":"product_cat-buruian-de-vnzare","7":"product_tag-tulpini-frunze-cu-snoop","8":"product_tag-albastru-vis-pret","9":"product_tag-maestru-care-ateapt","10":"product_tag-snoop-strains","11":"product_tag-vis-cine-tulpina","12":"product_tag-snoop-dawg-tulpina-redbud-rdcini","13":"product_tag-n-cretere-snoops-vis","14":"product_tag-snoops-vis-wikileaf","16":"first","17":"instock","18":"shipping-taxable","19":"purchasable","20":"product-type-variable","21":"has-default-attributes"},"yoast_head":"<!-- This site is optimized with the Yoast SEO plugin v27.3 - https:\/\/yoast.com\/product\/yoast-seo-wordpress\/ -->\n<title>Cump\u0103ra\u021bi Snoops Dream Marijuana - Cele mai bune medicamente globale<\/title>\n<meta name=\"description\" content=\"\u00cencruci\u0219\u00e2nd Blue Dream cu Master Kush, dou\u0103 soiuri vibrante \u0219i puternice despre care se spune c\u0103 sunt... Aceasta este cea mai bun\u0103 platform\u0103 pentru Cump\u0103ra\u021bi marijuana Snoop&#039;s Dream de v\u00e2nzare.\" \/>\n<meta name=\"robots\" content=\"index, follow, max-snippet:-1, max-image-preview:large, max-video-preview:-1\" \/>\n<link rel=\"canonical\" href=\"https:\/\/medicinasinc.com\/ro\/product\/buy-snoops-dream-marijuana\/\" \/>\n<meta property=\"og:locale\" content=\"en_US\" \/>\n<meta property=\"og:type\" content=\"article\" \/>\n<meta property=\"og:title\" content=\"Cump\u0103ra\u021bi Snoops Dream Marijuana - Cele mai bune medicamente globale\" \/>\n<meta property=\"og:description\" content=\"\u00cencruci\u0219\u00e2nd Blue Dream cu Master Kush, dou\u0103 soiuri vibrante \u0219i puternice despre care se spune c\u0103 sunt... Aceasta este cea mai bun\u0103 platform\u0103 pentru Cump\u0103ra\u021bi marijuana Snoop&#039;s Dream de v\u00e2nzare.\" \/>\n<meta property=\"og:url\" content=\"https:\/\/medicinasinc.com\/ro\/product\/buy-snoops-dream-marijuana\/\" \/>\n<meta property=\"og:site_name\" content=\"Medicinas Inc\" \/>\n<meta property=\"article:modified_time\" content=\"2022-03-22T01:08:01+00:00\" \/>\n<meta property=\"og:image\" content=\"https:\/\/medicinasinc.com\/ro\/wp-content\/uploads\/sites\/11\/2022\/02\/Buy-Snoops-Dream-Marijuana.jpg\" \/>\n\t<meta property=\"og:image:width\" content=\"2000\" \/>\n\t<meta property=\"og:image:height\" content=\"1333\" \/>\n\t<meta property=\"og:image:type\" content=\"image\/jpeg\" \/>\n<meta name=\"twitter:card\" content=\"summary_large_image\" \/>\n<meta name=\"twitter:label1\" content=\"Est. reading time\" \/>\n\t<meta name=\"twitter:data1\" content=\"1 minute\" \/>\n<script type=\"application\/ld+json\" class=\"yoast-schema-graph\">{\"@context\":\"https:\\\/\\\/schema.org\",\"@graph\":[{\"@type\":\"WebPage\",\"@id\":\"https:\\\/\\\/medicinasinc.com\\\/ro\\\/product\\\/buy-snoops-dream-marijuana\\\/\",\"url\":\"https:\\\/\\\/medicinasinc.com\\\/ro\\\/product\\\/buy-snoops-dream-marijuana\\\/\",\"name\":\"Cump\u0103ra\u021bi Snoops Dream Marijuana - Cele mai bune medicamente globale\",\"isPartOf\":{\"@id\":\"https:\\\/\\\/medicinasinc.com\\\/ro\\\/#website\"},\"primaryImageOfPage\":{\"@id\":\"https:\\\/\\\/medicinasinc.com\\\/ro\\\/product\\\/buy-snoops-dream-marijuana\\\/#primaryimage\"},\"image\":{\"@id\":\"https:\\\/\\\/medicinasinc.com\\\/ro\\\/product\\\/buy-snoops-dream-marijuana\\\/#primaryimage\"},\"thumbnailUrl\":\"https:\\\/\\\/medicinasinc.com\\\/ro\\\/wp-content\\\/uploads\\\/sites\\\/11\\\/2022\\\/02\\\/Buy-Snoops-Dream-Marijuana.jpg\",\"datePublished\":\"2022-02-20T19:49:25+00:00\",\"dateModified\":\"2022-03-22T01:08:01+00:00\",\"description\":\"\u00cencruci\u0219\u00e2nd Blue Dream cu Master Kush, dou\u0103 soiuri vibrante \u0219i puternice despre care se spune c\u0103 sunt... Aceasta este cea mai bun\u0103 platform\u0103 pentru Cump\u0103ra\u021bi marijuana Snoop's Dream de v\u00e2nzare.\",\"breadcrumb\":{\"@id\":\"https:\\\/\\\/medicinasinc.com\\\/ro\\\/product\\\/buy-snoops-dream-marijuana\\\/#breadcrumb\"},\"inLanguage\":\"en-US\",\"potentialAction\":[{\"@type\":\"ReadAction\",\"target\":[\"https:\\\/\\\/medicinasinc.com\\\/ro\\\/product\\\/buy-snoops-dream-marijuana\\\/\"]}]},{\"@type\":\"ImageObject\",\"inLanguage\":\"en-US\",\"@id\":\"https:\\\/\\\/medicinasinc.com\\\/ro\\\/product\\\/buy-snoops-dream-marijuana\\\/#primaryimage\",\"url\":\"https:\\\/\\\/medicinasinc.com\\\/ro\\\/wp-content\\\/uploads\\\/sites\\\/11\\\/2022\\\/02\\\/Buy-Snoops-Dream-Marijuana.jpg\",\"contentUrl\":\"https:\\\/\\\/medicinasinc.com\\\/ro\\\/wp-content\\\/uploads\\\/sites\\\/11\\\/2022\\\/02\\\/Buy-Snoops-Dream-Marijuana.jpg\",\"width\":2000,\"height\":1333},{\"@type\":\"BreadcrumbList\",\"@id\":\"https:\\\/\\\/medicinasinc.com\\\/ro\\\/product\\\/buy-snoops-dream-marijuana\\\/#breadcrumb\",\"itemListElement\":[{\"@type\":\"ListItem\",\"position\":1,\"name\":\"Magazin\",\"item\":\"https:\\\/\\\/medicinasinc.com\\\/ro\\\/magazin\\\/\"},{\"@type\":\"ListItem\",\"position\":2,\"name\":\"Cump\u0103ra\u021bi marijuana Snoop&#8217;s Dream\"}]},{\"@type\":\"WebSite\",\"@id\":\"https:\\\/\\\/medicinasinc.com\\\/ro\\\/#website\",\"url\":\"https:\\\/\\\/medicinasinc.com\\\/ro\\\/\",\"name\":\"Medicinas Inc\",\"description\":\"Health Medical Clinic\",\"potentialAction\":[{\"@type\":\"SearchAction\",\"target\":{\"@type\":\"EntryPoint\",\"urlTemplate\":\"https:\\\/\\\/medicinasinc.com\\\/ro\\\/?s={search_term_string}\"},\"query-input\":{\"@type\":\"PropertyValueSpecification\",\"valueRequired\":true,\"valueName\":\"search_term_string\"}}],\"inLanguage\":\"en-US\"}]}<\/script>\n<!-- \/ Yoast SEO plugin. -->","yoast_head_json":{"title":"Cump\u0103ra\u021bi Snoops Dream Marijuana - Cele mai bune medicamente globale","description":"\u00cencruci\u0219\u00e2nd Blue Dream cu Master Kush, dou\u0103 soiuri vibrante \u0219i puternice despre care se spune c\u0103 sunt... Aceasta este cea mai bun\u0103 platform\u0103 pentru Cump\u0103ra\u021bi marijuana Snoop's Dream de v\u00e2nzare.","robots":{"index":"index","follow":"follow","max-snippet":"max-snippet:-1","max-image-preview":"max-image-preview:large","max-video-preview":"max-video-preview:-1"},"canonical":"https:\/\/medicinasinc.com\/ro\/product\/buy-snoops-dream-marijuana\/","og_locale":"en_US","og_type":"article","og_title":"Cump\u0103ra\u021bi Snoops Dream Marijuana - Cele mai bune medicamente globale","og_description":"\u00cencruci\u0219\u00e2nd Blue Dream cu Master Kush, dou\u0103 soiuri vibrante \u0219i puternice despre care se spune c\u0103 sunt... Aceasta este cea mai bun\u0103 platform\u0103 pentru Cump\u0103ra\u021bi marijuana Snoop's Dream de v\u00e2nzare.","og_url":"https:\/\/medicinasinc.com\/ro\/product\/buy-snoops-dream-marijuana\/","og_site_name":"Medicinas Inc","article_modified_time":"2022-03-22T01:08:01+00:00","og_image":[{"width":2000,"height":1333,"url":"https:\/\/medicinasinc.com\/ro\/wp-content\/uploads\/sites\/11\/2022\/02\/Buy-Snoops-Dream-Marijuana.jpg","type":"image\/jpeg"}],"twitter_card":"summary_large_image","twitter_misc":{"Est. reading time":"1 minute"},"schema":{"@context":"https:\/\/schema.org","@graph":[{"@type":"WebPage","@id":"https:\/\/medicinasinc.com\/ro\/product\/buy-snoops-dream-marijuana\/","url":"https:\/\/medicinasinc.com\/ro\/product\/buy-snoops-dream-marijuana\/","name":"Cump\u0103ra\u021bi Snoops Dream Marijuana - Cele mai bune medicamente globale","isPartOf":{"@id":"https:\/\/medicinasinc.com\/ro\/#website"},"primaryImageOfPage":{"@id":"https:\/\/medicinasinc.com\/ro\/product\/buy-snoops-dream-marijuana\/#primaryimage"},"image":{"@id":"https:\/\/medicinasinc.com\/ro\/product\/buy-snoops-dream-marijuana\/#primaryimage"},"thumbnailUrl":"https:\/\/medicinasinc.com\/ro\/wp-content\/uploads\/sites\/11\/2022\/02\/Buy-Snoops-Dream-Marijuana.jpg","datePublished":"2022-02-20T19:49:25+00:00","dateModified":"2022-03-22T01:08:01+00:00","description":"\u00cencruci\u0219\u00e2nd Blue Dream cu Master Kush, dou\u0103 soiuri vibrante \u0219i puternice despre care se spune c\u0103 sunt... Aceasta este cea mai bun\u0103 platform\u0103 pentru Cump\u0103ra\u021bi marijuana Snoop's Dream de v\u00e2nzare.","breadcrumb":{"@id":"https:\/\/medicinasinc.com\/ro\/product\/buy-snoops-dream-marijuana\/#breadcrumb"},"inLanguage":"en-US","potentialAction":[{"@type":"ReadAction","target":["https:\/\/medicinasinc.com\/ro\/product\/buy-snoops-dream-marijuana\/"]}]},{"@type":"ImageObject","inLanguage":"en-US","@id":"https:\/\/medicinasinc.com\/ro\/product\/buy-snoops-dream-marijuana\/#primaryimage","url":"https:\/\/medicinasinc.com\/ro\/wp-content\/uploads\/sites\/11\/2022\/02\/Buy-Snoops-Dream-Marijuana.jpg","contentUrl":"https:\/\/medicinasinc.com\/ro\/wp-content\/uploads\/sites\/11\/2022\/02\/Buy-Snoops-Dream-Marijuana.jpg","width":2000,"height":1333},{"@type":"BreadcrumbList","@id":"https:\/\/medicinasinc.com\/ro\/product\/buy-snoops-dream-marijuana\/#breadcrumb","itemListElement":[{"@type":"ListItem","position":1,"name":"Magazin","item":"https:\/\/medicinasinc.com\/ro\/magazin\/"},{"@type":"ListItem","position":2,"name":"Cump\u0103ra\u021bi marijuana Snoop&#8217;s Dream"}]},{"@type":"WebSite","@id":"https:\/\/medicinasinc.com\/ro\/#website","url":"https:\/\/medicinasinc.com\/ro\/","name":"Medicinas Inc","description":"Health Medical Clinic","potentialAction":[{"@type":"SearchAction","target":{"@type":"EntryPoint","urlTemplate":"https:\/\/medicinasinc.com\/ro\/?s={search_term_string}"},"query-input":{"@type":"PropertyValueSpecification","valueRequired":true,"valueName":"search_term_string"}}],"inLanguage":"en-US"}]}},"_links":{"self":[{"href":"https:\/\/medicinasinc.com\/ro\/wp-json\/wp\/v2\/product\/5066","targetHints":{"allow":["GET"]}}],"collection":[{"href":"https:\/\/medicinasinc.com\/ro\/wp-json\/wp\/v2\/product"}],"about":[{"href":"https:\/\/medicinasinc.com\/ro\/wp-json\/wp\/v2\/types\/product"}],"replies":[{"embeddable":true,"href":"https:\/\/medicinasinc.com\/ro\/wp-json\/wp\/v2\/comments?post=5066"}],"wp:featuredmedia":[{"embeddable":true,"href":"https:\/\/medicinasinc.com\/ro\/wp-json\/wp\/v2\/media\/5083"}],"wp:attachment":[{"href":"https:\/\/medicinasinc.com\/ro\/wp-json\/wp\/v2\/media?parent=5066"}],"wp:term":[{"taxonomy":"product_brand","embeddable":true,"href":"https:\/\/medicinasinc.com\/ro\/wp-json\/wp\/v2\/product_brand?post=5066"},{"taxonomy":"product_cat","embeddable":true,"href":"https:\/\/medicinasinc.com\/ro\/wp-json\/wp\/v2\/product_cat?post=5066"},{"taxonomy":"product_tag","embeddable":true,"href":"https:\/\/medicinasinc.com\/ro\/wp-json\/wp\/v2\/product_tag?post=5066"}],"curies":[{"name":"wp","href":"https:\/\/api.w.org\/{rel}","templated":true}]}}