{"id":5047,"date":"2022-02-20T19:35:13","date_gmt":"2022-02-20T19:35:13","guid":{"rendered":"https:\/\/medicinasinc.com\/ro\/?post_type=product&#038;p=5047"},"modified":"2022-03-22T01:08:12","modified_gmt":"2022-03-22T01:08:12","slug":"cumpara-purple-dragon-marijuana-aaaaa","status":"publish","type":"product","link":"https:\/\/medicinasinc.com\/ro\/product\/cumpara-purple-dragon-marijuana-aaaaa\/","title":{"rendered":"Cump\u0103ra\u021bi marijuana Purple Dragon (AAAAA)"},"content":{"rendered":"<p>Canabis Purple Dragon (AAAAA) &#8211; 30% Sativa \/ 60% Indica<\/p>\n<p>Purple Dragon este o tulpin\u0103 hibrid\u0103 cu dominan\u021b\u0103 indica creat\u0103 prin \u00eencruci\u0219area puternicei Purple Urkle cu Blue Dragon. Purple Dragon ofer\u0103 un high echilibrat care calmeaz\u0103 \u0219i relaxeaz\u0103 mintea \u0219i corpul. Aceast\u0103 tulpin\u0103 genereaz\u0103 o arom\u0103 destul de neobi\u0219nuit\u0103, combin\u00e2nd salvie moscat\u0103 cu o arom\u0103 floral\u0103 distinctiv\u0103 care persist\u0103 \u00een palat. Dup\u0103 inhalarea acestei tulpini, mintea devine energizat\u0103, iar o euforie puternic\u0103 risipe\u0219te rapid grijile \u0219i depresia. Purple Dragon ofer\u0103 mai \u00eent\u00e2i utilizatorilor o claritate mental\u0103 exaltant\u0103 \u0219i stimulatoare; cu toate acestea, aceste beneficii dispar treptat pentru a l\u0103sa utilizatorilor ore \u00eentregi de calmare a durerii \u0219i sedare. Durerile \u0219i durerile corporale generale se vor diminua pe m\u0103sur\u0103 ce corpul utilizatorului intr\u0103 treptat \u00eentr-o stare de relaxare resim\u021bit\u0103 at\u00e2t fizic, c\u00e2t \u0219i psihic. Purple Dragon este o op\u021biune de tratament util\u0103 pentru o varietate de boli, inclusiv anxietate, depresie, tulbur\u0103ri de dispozi\u021bie, epuizare fizic\u0103, migrene\/dureri de cap, dureri cronice \u0219i pierderea apetitului.<\/p>\n<div class=\"product-next-previous\">\n<div class=\"product-prev\"><\/div><\/div>\n","protected":false},"excerpt":{"rendered":"<p>Purple Dragon Crassula (Crassula multicava) este o suculent\u0103 uimitoare \u0219i colorat\u0103, care are mari&#8230; Achizi\u021biona\u021bi trei sau mai multe articole \u0219i primi\u021bi-le pentru 10,80 USD fiecare.<\/p>\n<ul>\n<li>AAAAA reprezint\u0103 cele mai bune dintre cele mai bune!<\/li>\n<li>Contacta\u021bi-ne pentru comenzi en-gros<\/li>\n<li>La nivel mondial expediere.<\/li>\n<\/ul>\n","protected":false},"featured_media":5067,"comment_status":"open","ping_status":"closed","template":"","meta":[],"product_brand":[],"product_cat":[778],"product_tag":[1007,1010,1006,1008,1009],"class_list":{"0":"post-5047","1":"product","2":"type-product","3":"status-publish","4":"has-post-thumbnail","6":"product_cat-buruian-de-vnzare","7":"product_tag-desen-animat-balaur-violet-i-verde","8":"product_tag-violet-dragon-animal-uiat-mare","9":"product_tag-nume-dragon-verzi-i-violet","10":"product_tag-violet-dragon-foarfece-recenzii","11":"product_tag-site-ul-web-foarfece-dragon-violet","13":"first","14":"instock","15":"shipping-taxable","16":"purchasable","17":"product-type-variable","18":"has-default-attributes"},"yoast_head":"<!-- This site is optimized with the Yoast SEO plugin v27.3 - https:\/\/yoast.com\/product\/yoast-seo-wordpress\/ -->\n<title>Cump\u0103ra\u021bi Purple Dragon (AAAAA) - Cele mai bune medicamente globale<\/title>\n<meta name=\"description\" content=\"Cump\u0103ra\u021bi tulpin\u0103 de marijuana Purple Dragon. Eteric \u0219i suprareal, dragonul violet este gardianul cristalelor nep\u0103m\u00e2ntene. Pictat digital de Tobias Vyseri.\" \/>\n<meta name=\"robots\" content=\"index, follow, max-snippet:-1, max-image-preview:large, max-video-preview:-1\" \/>\n<link rel=\"canonical\" href=\"https:\/\/medicinasinc.com\/ro\/product\/cumpara-purple-dragon-marijuana-aaaaa\/\" \/>\n<meta property=\"og:locale\" content=\"en_US\" \/>\n<meta property=\"og:type\" content=\"article\" \/>\n<meta property=\"og:title\" content=\"Cump\u0103ra\u021bi Purple Dragon (AAAAA) - Cele mai bune medicamente globale\" \/>\n<meta property=\"og:description\" content=\"Cump\u0103ra\u021bi tulpin\u0103 de marijuana Purple Dragon. Eteric \u0219i suprareal, dragonul violet este gardianul cristalelor nep\u0103m\u00e2ntene. Pictat digital de Tobias Vyseri.\" \/>\n<meta property=\"og:url\" content=\"https:\/\/medicinasinc.com\/ro\/product\/cumpara-purple-dragon-marijuana-aaaaa\/\" \/>\n<meta property=\"og:site_name\" content=\"Medicinas Inc\" \/>\n<meta property=\"article:modified_time\" content=\"2022-03-22T01:08:12+00:00\" \/>\n<meta property=\"og:image\" content=\"https:\/\/medicinasinc.com\/ro\/wp-content\/uploads\/sites\/11\/2022\/02\/Buy-Purple-Dragon.jpg\" \/>\n\t<meta property=\"og:image:width\" content=\"541\" \/>\n\t<meta property=\"og:image:height\" content=\"459\" \/>\n\t<meta property=\"og:image:type\" content=\"image\/jpeg\" \/>\n<meta name=\"twitter:card\" content=\"summary_large_image\" \/>\n<meta name=\"twitter:label1\" content=\"Est. reading time\" \/>\n\t<meta name=\"twitter:data1\" content=\"1 minute\" \/>\n<script type=\"application\/ld+json\" class=\"yoast-schema-graph\">{\"@context\":\"https:\\\/\\\/schema.org\",\"@graph\":[{\"@type\":\"WebPage\",\"@id\":\"https:\\\/\\\/medicinasinc.com\\\/ro\\\/product\\\/cumpara-purple-dragon-marijuana-aaaaa\\\/\",\"url\":\"https:\\\/\\\/medicinasinc.com\\\/ro\\\/product\\\/cumpara-purple-dragon-marijuana-aaaaa\\\/\",\"name\":\"Cump\u0103ra\u021bi Purple Dragon (AAAAA) - Cele mai bune medicamente globale\",\"isPartOf\":{\"@id\":\"https:\\\/\\\/medicinasinc.com\\\/ro\\\/#website\"},\"primaryImageOfPage\":{\"@id\":\"https:\\\/\\\/medicinasinc.com\\\/ro\\\/product\\\/cumpara-purple-dragon-marijuana-aaaaa\\\/#primaryimage\"},\"image\":{\"@id\":\"https:\\\/\\\/medicinasinc.com\\\/ro\\\/product\\\/cumpara-purple-dragon-marijuana-aaaaa\\\/#primaryimage\"},\"thumbnailUrl\":\"https:\\\/\\\/medicinasinc.com\\\/ro\\\/wp-content\\\/uploads\\\/sites\\\/11\\\/2022\\\/02\\\/Buy-Purple-Dragon.jpg\",\"datePublished\":\"2022-02-20T19:35:13+00:00\",\"dateModified\":\"2022-03-22T01:08:12+00:00\",\"description\":\"Cump\u0103ra\u021bi tulpin\u0103 de marijuana Purple Dragon. Eteric \u0219i suprareal, dragonul violet este gardianul cristalelor nep\u0103m\u00e2ntene. Pictat digital de Tobias Vyseri.\",\"breadcrumb\":{\"@id\":\"https:\\\/\\\/medicinasinc.com\\\/ro\\\/product\\\/cumpara-purple-dragon-marijuana-aaaaa\\\/#breadcrumb\"},\"inLanguage\":\"en-US\",\"potentialAction\":[{\"@type\":\"ReadAction\",\"target\":[\"https:\\\/\\\/medicinasinc.com\\\/ro\\\/product\\\/cumpara-purple-dragon-marijuana-aaaaa\\\/\"]}]},{\"@type\":\"ImageObject\",\"inLanguage\":\"en-US\",\"@id\":\"https:\\\/\\\/medicinasinc.com\\\/ro\\\/product\\\/cumpara-purple-dragon-marijuana-aaaaa\\\/#primaryimage\",\"url\":\"https:\\\/\\\/medicinasinc.com\\\/ro\\\/wp-content\\\/uploads\\\/sites\\\/11\\\/2022\\\/02\\\/Buy-Purple-Dragon.jpg\",\"contentUrl\":\"https:\\\/\\\/medicinasinc.com\\\/ro\\\/wp-content\\\/uploads\\\/sites\\\/11\\\/2022\\\/02\\\/Buy-Purple-Dragon.jpg\",\"width\":541,\"height\":459},{\"@type\":\"BreadcrumbList\",\"@id\":\"https:\\\/\\\/medicinasinc.com\\\/ro\\\/product\\\/cumpara-purple-dragon-marijuana-aaaaa\\\/#breadcrumb\",\"itemListElement\":[{\"@type\":\"ListItem\",\"position\":1,\"name\":\"Magazin\",\"item\":\"https:\\\/\\\/medicinasinc.com\\\/ro\\\/magazin\\\/\"},{\"@type\":\"ListItem\",\"position\":2,\"name\":\"Cump\u0103ra\u021bi marijuana Purple Dragon (AAAAA)\"}]},{\"@type\":\"WebSite\",\"@id\":\"https:\\\/\\\/medicinasinc.com\\\/ro\\\/#website\",\"url\":\"https:\\\/\\\/medicinasinc.com\\\/ro\\\/\",\"name\":\"Medicinas Inc\",\"description\":\"Health Medical Clinic\",\"potentialAction\":[{\"@type\":\"SearchAction\",\"target\":{\"@type\":\"EntryPoint\",\"urlTemplate\":\"https:\\\/\\\/medicinasinc.com\\\/ro\\\/?s={search_term_string}\"},\"query-input\":{\"@type\":\"PropertyValueSpecification\",\"valueRequired\":true,\"valueName\":\"search_term_string\"}}],\"inLanguage\":\"en-US\"}]}<\/script>\n<!-- \/ Yoast SEO plugin. -->","yoast_head_json":{"title":"Cump\u0103ra\u021bi Purple Dragon (AAAAA) - Cele mai bune medicamente globale","description":"Cump\u0103ra\u021bi tulpin\u0103 de marijuana Purple Dragon. Eteric \u0219i suprareal, dragonul violet este gardianul cristalelor nep\u0103m\u00e2ntene. Pictat digital de Tobias Vyseri.","robots":{"index":"index","follow":"follow","max-snippet":"max-snippet:-1","max-image-preview":"max-image-preview:large","max-video-preview":"max-video-preview:-1"},"canonical":"https:\/\/medicinasinc.com\/ro\/product\/cumpara-purple-dragon-marijuana-aaaaa\/","og_locale":"en_US","og_type":"article","og_title":"Cump\u0103ra\u021bi Purple Dragon (AAAAA) - Cele mai bune medicamente globale","og_description":"Cump\u0103ra\u021bi tulpin\u0103 de marijuana Purple Dragon. Eteric \u0219i suprareal, dragonul violet este gardianul cristalelor nep\u0103m\u00e2ntene. Pictat digital de Tobias Vyseri.","og_url":"https:\/\/medicinasinc.com\/ro\/product\/cumpara-purple-dragon-marijuana-aaaaa\/","og_site_name":"Medicinas Inc","article_modified_time":"2022-03-22T01:08:12+00:00","og_image":[{"width":541,"height":459,"url":"https:\/\/medicinasinc.com\/ro\/wp-content\/uploads\/sites\/11\/2022\/02\/Buy-Purple-Dragon.jpg","type":"image\/jpeg"}],"twitter_card":"summary_large_image","twitter_misc":{"Est. reading time":"1 minute"},"schema":{"@context":"https:\/\/schema.org","@graph":[{"@type":"WebPage","@id":"https:\/\/medicinasinc.com\/ro\/product\/cumpara-purple-dragon-marijuana-aaaaa\/","url":"https:\/\/medicinasinc.com\/ro\/product\/cumpara-purple-dragon-marijuana-aaaaa\/","name":"Cump\u0103ra\u021bi Purple Dragon (AAAAA) - Cele mai bune medicamente globale","isPartOf":{"@id":"https:\/\/medicinasinc.com\/ro\/#website"},"primaryImageOfPage":{"@id":"https:\/\/medicinasinc.com\/ro\/product\/cumpara-purple-dragon-marijuana-aaaaa\/#primaryimage"},"image":{"@id":"https:\/\/medicinasinc.com\/ro\/product\/cumpara-purple-dragon-marijuana-aaaaa\/#primaryimage"},"thumbnailUrl":"https:\/\/medicinasinc.com\/ro\/wp-content\/uploads\/sites\/11\/2022\/02\/Buy-Purple-Dragon.jpg","datePublished":"2022-02-20T19:35:13+00:00","dateModified":"2022-03-22T01:08:12+00:00","description":"Cump\u0103ra\u021bi tulpin\u0103 de marijuana Purple Dragon. Eteric \u0219i suprareal, dragonul violet este gardianul cristalelor nep\u0103m\u00e2ntene. Pictat digital de Tobias Vyseri.","breadcrumb":{"@id":"https:\/\/medicinasinc.com\/ro\/product\/cumpara-purple-dragon-marijuana-aaaaa\/#breadcrumb"},"inLanguage":"en-US","potentialAction":[{"@type":"ReadAction","target":["https:\/\/medicinasinc.com\/ro\/product\/cumpara-purple-dragon-marijuana-aaaaa\/"]}]},{"@type":"ImageObject","inLanguage":"en-US","@id":"https:\/\/medicinasinc.com\/ro\/product\/cumpara-purple-dragon-marijuana-aaaaa\/#primaryimage","url":"https:\/\/medicinasinc.com\/ro\/wp-content\/uploads\/sites\/11\/2022\/02\/Buy-Purple-Dragon.jpg","contentUrl":"https:\/\/medicinasinc.com\/ro\/wp-content\/uploads\/sites\/11\/2022\/02\/Buy-Purple-Dragon.jpg","width":541,"height":459},{"@type":"BreadcrumbList","@id":"https:\/\/medicinasinc.com\/ro\/product\/cumpara-purple-dragon-marijuana-aaaaa\/#breadcrumb","itemListElement":[{"@type":"ListItem","position":1,"name":"Magazin","item":"https:\/\/medicinasinc.com\/ro\/magazin\/"},{"@type":"ListItem","position":2,"name":"Cump\u0103ra\u021bi marijuana Purple Dragon (AAAAA)"}]},{"@type":"WebSite","@id":"https:\/\/medicinasinc.com\/ro\/#website","url":"https:\/\/medicinasinc.com\/ro\/","name":"Medicinas Inc","description":"Health Medical Clinic","potentialAction":[{"@type":"SearchAction","target":{"@type":"EntryPoint","urlTemplate":"https:\/\/medicinasinc.com\/ro\/?s={search_term_string}"},"query-input":{"@type":"PropertyValueSpecification","valueRequired":true,"valueName":"search_term_string"}}],"inLanguage":"en-US"}]}},"_links":{"self":[{"href":"https:\/\/medicinasinc.com\/ro\/wp-json\/wp\/v2\/product\/5047","targetHints":{"allow":["GET"]}}],"collection":[{"href":"https:\/\/medicinasinc.com\/ro\/wp-json\/wp\/v2\/product"}],"about":[{"href":"https:\/\/medicinasinc.com\/ro\/wp-json\/wp\/v2\/types\/product"}],"replies":[{"embeddable":true,"href":"https:\/\/medicinasinc.com\/ro\/wp-json\/wp\/v2\/comments?post=5047"}],"wp:featuredmedia":[{"embeddable":true,"href":"https:\/\/medicinasinc.com\/ro\/wp-json\/wp\/v2\/media\/5067"}],"wp:attachment":[{"href":"https:\/\/medicinasinc.com\/ro\/wp-json\/wp\/v2\/media?parent=5047"}],"wp:term":[{"taxonomy":"product_brand","embeddable":true,"href":"https:\/\/medicinasinc.com\/ro\/wp-json\/wp\/v2\/product_brand?post=5047"},{"taxonomy":"product_cat","embeddable":true,"href":"https:\/\/medicinasinc.com\/ro\/wp-json\/wp\/v2\/product_cat?post=5047"},{"taxonomy":"product_tag","embeddable":true,"href":"https:\/\/medicinasinc.com\/ro\/wp-json\/wp\/v2\/product_tag?post=5047"}],"curies":[{"name":"wp","href":"https:\/\/api.w.org\/{rel}","templated":true}]}}