{"id":5046,"date":"2022-02-20T19:34:10","date_gmt":"2022-02-20T19:34:10","guid":{"rendered":"https:\/\/medicinasinc.com\/ro\/?post_type=product&#038;p=5046"},"modified":"2022-03-22T01:08:22","modified_gmt":"2022-03-22T01:08:22","slug":"cumpara-ciocolata-fondue-tulpina","status":"publish","type":"product","link":"https:\/\/medicinasinc.com\/ro\/product\/cumpara-ciocolata-fondue-tulpina\/","title":{"rendered":"Cump\u0103ra\u021bi tulpin\u0103 de fondue de ciocolat\u0103"},"content":{"rendered":"<p>Informa\u021bii despre tulpina de Fondue de Ciocolat\u0103<\/p>\n<p>Chocolate Fondue este o \u00eencruci\u0219are cu dominan\u021b\u0103 Sativa, dezvoltat\u0103 de DNA Genetics, care combin\u0103 puterile elevatoare ale Chocolope cu efectele calmante \u0219i aromele unice ale Br\u00e2nzei Exodus.<\/p>\n<p>Efectele Fonduei de Ciocolat\u0103 calmeaz\u0103 corpul \u0219i lini\u0219tesc mintea, lini\u0219tindu-te \u00eentr-o stare de con\u0219tiin\u021b\u0103 pl\u0103cut\u0103. Aceast\u0103 tulpin\u0103 de canabis este grozav\u0103 ziua sau noaptea datorit\u0103 parfumului s\u0103u divers \u0219i aromelor dulci.<\/p>\n<p>Propriet\u0103\u021bile medicinale ale tulpinii cu fondue de ciocolat\u0103<\/p>\n<p>Exist\u0103 numeroase motive pentru a folosi tulpinile de canabis. Urm\u0103toarele sunt primele \u0219ase motive pentru a lua \u00een considerare angajarea acestora. Desigur, cu c\u00e2t este mai mare poten\u021ba, cu at\u00e2t este mai puternic\u0103!<\/p>\n<p>1 \u2013 Amelioreaz\u0103 durerea cronic\u0103<\/p>\n<p>Canabisul con\u021bine o compozi\u021bie chimic\u0103 care ajut\u0103 la reducerea durerii. \u00cen general, culoarea canabisului indic\u0103 \u0219i poten\u021ba acestuia. Numero\u0219i oameni au descoperit c\u0103 acest lucru este adev\u0103rat.<\/p>\n<p>2 &#8211; Capacitatea crescut\u0103 a pl\u0103m\u00e2nilor<\/p>\n<p>Sunte\u021bi con\u0219tient? Fumatul de canabis este cu mult superior fumatului \u021big\u0103rilor. \u00cen plus, v\u0103 va ajuta s\u0103 cre\u0219te\u021bi capacitatea pulmonar\u0103.<\/p>\n<p>3 \u2013 Obezitatea<\/p>\n<p>Marea majoritate a consumatorilor de marijuana nu sunt obezi. Acest lucru se datoreaz\u0103 faptului c\u0103 utilizarea regulat\u0103 a acestei flori de marijuana v\u0103 va ajuta s\u0103 v\u0103 controla\u021bi consumul de calorii.<\/p>\n<p>4 \u2013 Prevenirea diabetului<\/p>\n<p>Odat\u0103 diagnosticat cu diabet, \u00eel ve\u021bi avea pentru tot restul via\u0163\u0103. Pur \u0219i simplu v\u0103 pute\u021bi gestiona nivelul zah\u0103rului din s\u00e2nge, astfel \u00eenc\u00e2t acestea s\u0103 nu continue s\u0103 creasc\u0103.<\/p>\n<p>Canabisul poate ajuta la stabilizarea zah\u0103rului din s\u00e2nge \u0219i la reducerea tensiunii arteriale!<\/p>\n<p>5 \u2013 Ajut\u0103 persoanele deprimate<\/p>\n<p>Unii oameni sunt depresivi f\u0103r\u0103 s\u0103 fie con\u0219tien\u021bi de asta. Canabisul v\u0103 poate ajuta s\u0103 v\u0103 calma\u021bi starea de spirit \u00een caz de depresie.<\/p>\n<p>De unde s\u0103 cump\u0103ra\u021bi o tulpin\u0103 de ciocolat\u0103 fondue \u00een Canada<\/p>\n<p>\u00cen timp ce exist\u0103 alte dispensare \u00een Canada de unde pute\u021bi ob\u021bine fondue de ciocolat\u0103 tulpin\u0103 de buruieni, dispensarul nostru de la Mail Order Marijuana ofer\u0103 unele dintre produsele de cea mai \u00eenalt\u0103 calitate disponibile.<\/p>\n<p>V\u0103 garant\u0103m c\u0103 ve\u021bi primi produse de \u00eenalt\u0103 calitate sau v\u0103 vom rambursa banii!<\/p>\n<p>\u00cen plus. , comenzile de peste 100 USD primesc transport gratuit!<\/p>\n","protected":false},"excerpt":{"rendered":"<div class=\"woocommerce-product-details__short-description\">\n<p>Cump\u0103ra\u021bi online tulpini de fondue de ciocolat\u0103 de calitate. Chocolate Fondue Strain este un hibrid dominant sativa \u2013 80% Sativa \/ 20% Indica THC: 17%<\/p>\n<\/p><\/div>\n","protected":false},"featured_media":5065,"comment_status":"open","ping_status":"closed","template":"","meta":[],"product_brand":[],"product_cat":[778],"product_tag":[1004,1005],"class_list":{"0":"post-5046","1":"product","2":"type-product","3":"status-publish","4":"has-post-thumbnail","6":"product_cat-buruian-de-vnzare","7":"product_tag-cheese-fondue-strain","8":"product_tag-chocolate-fudge-strain","10":"first","11":"instock","12":"shipping-taxable","13":"purchasable","14":"product-type-variable","15":"has-default-attributes"},"yoast_head":"<!-- This site is optimized with the Yoast SEO plugin v27.3 - https:\/\/yoast.com\/product\/yoast-seo-wordpress\/ -->\n<title>Cump\u0103ra\u021bi online tulpini de fondue de ciocolat\u0103 de calitate - Cele mai bune medicamente globale<\/title>\n<meta name=\"description\" content=\"Cump\u0103ra\u021bi online tulpini de fondue de ciocolat\u0103 de calitate. Chocolate Fondue Strain este un hibrid dominant sativa \u2013 80% Sativa \/ 20% Indica THC: 17%\" \/>\n<meta name=\"robots\" content=\"index, follow, max-snippet:-1, max-image-preview:large, max-video-preview:-1\" \/>\n<link rel=\"canonical\" href=\"https:\/\/medicinasinc.com\/ro\/product\/cumpara-ciocolata-fondue-tulpina\/\" \/>\n<meta property=\"og:locale\" content=\"en_US\" \/>\n<meta property=\"og:type\" content=\"article\" \/>\n<meta property=\"og:title\" content=\"Cump\u0103ra\u021bi online tulpini de fondue de ciocolat\u0103 de calitate - Cele mai bune medicamente globale\" \/>\n<meta property=\"og:description\" content=\"Cump\u0103ra\u021bi online tulpini de fondue de ciocolat\u0103 de calitate. Chocolate Fondue Strain este un hibrid dominant sativa \u2013 80% Sativa \/ 20% Indica THC: 17%\" \/>\n<meta property=\"og:url\" content=\"https:\/\/medicinasinc.com\/ro\/product\/cumpara-ciocolata-fondue-tulpina\/\" \/>\n<meta property=\"og:site_name\" content=\"Medicinas Inc\" \/>\n<meta property=\"article:modified_time\" content=\"2022-03-22T01:08:22+00:00\" \/>\n<meta property=\"og:image\" content=\"https:\/\/medicinasinc.com\/ro\/wp-content\/uploads\/sites\/11\/2022\/02\/Buy-Quality-Chocolate-Fondue.jpg\" \/>\n\t<meta property=\"og:image:width\" content=\"667\" \/>\n\t<meta property=\"og:image:height\" content=\"1000\" \/>\n\t<meta property=\"og:image:type\" content=\"image\/jpeg\" \/>\n<meta name=\"twitter:card\" content=\"summary_large_image\" \/>\n<meta name=\"twitter:label1\" content=\"Est. reading time\" \/>\n\t<meta name=\"twitter:data1\" content=\"2 minutes\" \/>\n<script type=\"application\/ld+json\" class=\"yoast-schema-graph\">{\"@context\":\"https:\\\/\\\/schema.org\",\"@graph\":[{\"@type\":\"WebPage\",\"@id\":\"https:\\\/\\\/medicinasinc.com\\\/ro\\\/product\\\/cumpara-ciocolata-fondue-tulpina\\\/\",\"url\":\"https:\\\/\\\/medicinasinc.com\\\/ro\\\/product\\\/cumpara-ciocolata-fondue-tulpina\\\/\",\"name\":\"Cump\u0103ra\u021bi online tulpini de fondue de ciocolat\u0103 de calitate - Cele mai bune medicamente globale\",\"isPartOf\":{\"@id\":\"https:\\\/\\\/medicinasinc.com\\\/ro\\\/#website\"},\"primaryImageOfPage\":{\"@id\":\"https:\\\/\\\/medicinasinc.com\\\/ro\\\/product\\\/cumpara-ciocolata-fondue-tulpina\\\/#primaryimage\"},\"image\":{\"@id\":\"https:\\\/\\\/medicinasinc.com\\\/ro\\\/product\\\/cumpara-ciocolata-fondue-tulpina\\\/#primaryimage\"},\"thumbnailUrl\":\"https:\\\/\\\/medicinasinc.com\\\/ro\\\/wp-content\\\/uploads\\\/sites\\\/11\\\/2022\\\/02\\\/Buy-Quality-Chocolate-Fondue.jpg\",\"datePublished\":\"2022-02-20T19:34:10+00:00\",\"dateModified\":\"2022-03-22T01:08:22+00:00\",\"description\":\"Cump\u0103ra\u021bi online tulpini de fondue de ciocolat\u0103 de calitate. Chocolate Fondue Strain este un hibrid dominant sativa \u2013 80% Sativa \\\/ 20% Indica THC: 17%\",\"breadcrumb\":{\"@id\":\"https:\\\/\\\/medicinasinc.com\\\/ro\\\/product\\\/cumpara-ciocolata-fondue-tulpina\\\/#breadcrumb\"},\"inLanguage\":\"en-US\",\"potentialAction\":[{\"@type\":\"ReadAction\",\"target\":[\"https:\\\/\\\/medicinasinc.com\\\/ro\\\/product\\\/cumpara-ciocolata-fondue-tulpina\\\/\"]}]},{\"@type\":\"ImageObject\",\"inLanguage\":\"en-US\",\"@id\":\"https:\\\/\\\/medicinasinc.com\\\/ro\\\/product\\\/cumpara-ciocolata-fondue-tulpina\\\/#primaryimage\",\"url\":\"https:\\\/\\\/medicinasinc.com\\\/ro\\\/wp-content\\\/uploads\\\/sites\\\/11\\\/2022\\\/02\\\/Buy-Quality-Chocolate-Fondue.jpg\",\"contentUrl\":\"https:\\\/\\\/medicinasinc.com\\\/ro\\\/wp-content\\\/uploads\\\/sites\\\/11\\\/2022\\\/02\\\/Buy-Quality-Chocolate-Fondue.jpg\",\"width\":667,\"height\":1000},{\"@type\":\"BreadcrumbList\",\"@id\":\"https:\\\/\\\/medicinasinc.com\\\/ro\\\/product\\\/cumpara-ciocolata-fondue-tulpina\\\/#breadcrumb\",\"itemListElement\":[{\"@type\":\"ListItem\",\"position\":1,\"name\":\"Magazin\",\"item\":\"https:\\\/\\\/medicinasinc.com\\\/ro\\\/magazin\\\/\"},{\"@type\":\"ListItem\",\"position\":2,\"name\":\"Cump\u0103ra\u021bi tulpin\u0103 de fondue de ciocolat\u0103\"}]},{\"@type\":\"WebSite\",\"@id\":\"https:\\\/\\\/medicinasinc.com\\\/ro\\\/#website\",\"url\":\"https:\\\/\\\/medicinasinc.com\\\/ro\\\/\",\"name\":\"Medicinas Inc\",\"description\":\"Health Medical Clinic\",\"potentialAction\":[{\"@type\":\"SearchAction\",\"target\":{\"@type\":\"EntryPoint\",\"urlTemplate\":\"https:\\\/\\\/medicinasinc.com\\\/ro\\\/?s={search_term_string}\"},\"query-input\":{\"@type\":\"PropertyValueSpecification\",\"valueRequired\":true,\"valueName\":\"search_term_string\"}}],\"inLanguage\":\"en-US\"}]}<\/script>\n<!-- \/ Yoast SEO plugin. -->","yoast_head_json":{"title":"Cump\u0103ra\u021bi online tulpini de fondue de ciocolat\u0103 de calitate - Cele mai bune medicamente globale","description":"Cump\u0103ra\u021bi online tulpini de fondue de ciocolat\u0103 de calitate. Chocolate Fondue Strain este un hibrid dominant sativa \u2013 80% Sativa \/ 20% Indica THC: 17%","robots":{"index":"index","follow":"follow","max-snippet":"max-snippet:-1","max-image-preview":"max-image-preview:large","max-video-preview":"max-video-preview:-1"},"canonical":"https:\/\/medicinasinc.com\/ro\/product\/cumpara-ciocolata-fondue-tulpina\/","og_locale":"en_US","og_type":"article","og_title":"Cump\u0103ra\u021bi online tulpini de fondue de ciocolat\u0103 de calitate - Cele mai bune medicamente globale","og_description":"Cump\u0103ra\u021bi online tulpini de fondue de ciocolat\u0103 de calitate. Chocolate Fondue Strain este un hibrid dominant sativa \u2013 80% Sativa \/ 20% Indica THC: 17%","og_url":"https:\/\/medicinasinc.com\/ro\/product\/cumpara-ciocolata-fondue-tulpina\/","og_site_name":"Medicinas Inc","article_modified_time":"2022-03-22T01:08:22+00:00","og_image":[{"width":667,"height":1000,"url":"https:\/\/medicinasinc.com\/ro\/wp-content\/uploads\/sites\/11\/2022\/02\/Buy-Quality-Chocolate-Fondue.jpg","type":"image\/jpeg"}],"twitter_card":"summary_large_image","twitter_misc":{"Est. reading time":"2 minutes"},"schema":{"@context":"https:\/\/schema.org","@graph":[{"@type":"WebPage","@id":"https:\/\/medicinasinc.com\/ro\/product\/cumpara-ciocolata-fondue-tulpina\/","url":"https:\/\/medicinasinc.com\/ro\/product\/cumpara-ciocolata-fondue-tulpina\/","name":"Cump\u0103ra\u021bi online tulpini de fondue de ciocolat\u0103 de calitate - Cele mai bune medicamente globale","isPartOf":{"@id":"https:\/\/medicinasinc.com\/ro\/#website"},"primaryImageOfPage":{"@id":"https:\/\/medicinasinc.com\/ro\/product\/cumpara-ciocolata-fondue-tulpina\/#primaryimage"},"image":{"@id":"https:\/\/medicinasinc.com\/ro\/product\/cumpara-ciocolata-fondue-tulpina\/#primaryimage"},"thumbnailUrl":"https:\/\/medicinasinc.com\/ro\/wp-content\/uploads\/sites\/11\/2022\/02\/Buy-Quality-Chocolate-Fondue.jpg","datePublished":"2022-02-20T19:34:10+00:00","dateModified":"2022-03-22T01:08:22+00:00","description":"Cump\u0103ra\u021bi online tulpini de fondue de ciocolat\u0103 de calitate. Chocolate Fondue Strain este un hibrid dominant sativa \u2013 80% Sativa \/ 20% Indica THC: 17%","breadcrumb":{"@id":"https:\/\/medicinasinc.com\/ro\/product\/cumpara-ciocolata-fondue-tulpina\/#breadcrumb"},"inLanguage":"en-US","potentialAction":[{"@type":"ReadAction","target":["https:\/\/medicinasinc.com\/ro\/product\/cumpara-ciocolata-fondue-tulpina\/"]}]},{"@type":"ImageObject","inLanguage":"en-US","@id":"https:\/\/medicinasinc.com\/ro\/product\/cumpara-ciocolata-fondue-tulpina\/#primaryimage","url":"https:\/\/medicinasinc.com\/ro\/wp-content\/uploads\/sites\/11\/2022\/02\/Buy-Quality-Chocolate-Fondue.jpg","contentUrl":"https:\/\/medicinasinc.com\/ro\/wp-content\/uploads\/sites\/11\/2022\/02\/Buy-Quality-Chocolate-Fondue.jpg","width":667,"height":1000},{"@type":"BreadcrumbList","@id":"https:\/\/medicinasinc.com\/ro\/product\/cumpara-ciocolata-fondue-tulpina\/#breadcrumb","itemListElement":[{"@type":"ListItem","position":1,"name":"Magazin","item":"https:\/\/medicinasinc.com\/ro\/magazin\/"},{"@type":"ListItem","position":2,"name":"Cump\u0103ra\u021bi tulpin\u0103 de fondue de ciocolat\u0103"}]},{"@type":"WebSite","@id":"https:\/\/medicinasinc.com\/ro\/#website","url":"https:\/\/medicinasinc.com\/ro\/","name":"Medicinas Inc","description":"Health Medical Clinic","potentialAction":[{"@type":"SearchAction","target":{"@type":"EntryPoint","urlTemplate":"https:\/\/medicinasinc.com\/ro\/?s={search_term_string}"},"query-input":{"@type":"PropertyValueSpecification","valueRequired":true,"valueName":"search_term_string"}}],"inLanguage":"en-US"}]}},"_links":{"self":[{"href":"https:\/\/medicinasinc.com\/ro\/wp-json\/wp\/v2\/product\/5046","targetHints":{"allow":["GET"]}}],"collection":[{"href":"https:\/\/medicinasinc.com\/ro\/wp-json\/wp\/v2\/product"}],"about":[{"href":"https:\/\/medicinasinc.com\/ro\/wp-json\/wp\/v2\/types\/product"}],"replies":[{"embeddable":true,"href":"https:\/\/medicinasinc.com\/ro\/wp-json\/wp\/v2\/comments?post=5046"}],"wp:featuredmedia":[{"embeddable":true,"href":"https:\/\/medicinasinc.com\/ro\/wp-json\/wp\/v2\/media\/5065"}],"wp:attachment":[{"href":"https:\/\/medicinasinc.com\/ro\/wp-json\/wp\/v2\/media?parent=5046"}],"wp:term":[{"taxonomy":"product_brand","embeddable":true,"href":"https:\/\/medicinasinc.com\/ro\/wp-json\/wp\/v2\/product_brand?post=5046"},{"taxonomy":"product_cat","embeddable":true,"href":"https:\/\/medicinasinc.com\/ro\/wp-json\/wp\/v2\/product_cat?post=5046"},{"taxonomy":"product_tag","embeddable":true,"href":"https:\/\/medicinasinc.com\/ro\/wp-json\/wp\/v2\/product_tag?post=5046"}],"curies":[{"name":"wp","href":"https:\/\/api.w.org\/{rel}","templated":true}]}}