{"id":5045,"date":"2022-02-20T19:32:59","date_gmt":"2022-02-20T19:32:59","guid":{"rendered":"https:\/\/medicinasinc.com\/ro\/?post_type=product&#038;p=5045"},"modified":"2022-03-22T01:08:35","modified_gmt":"2022-03-22T01:08:35","slug":"buy-rocky-mountain-afine","status":"publish","type":"product","link":"https:\/\/medicinasinc.com\/ro\/product\/buy-rocky-mountain-afine\/","title":{"rendered":"Cump\u0103ra\u021bi afine de la Rocky Mountain"},"content":{"rendered":"<h1><a href=\"https:\/\/www.bestglobalmeds.com\/product\/marijuana\/rocky-mountain\/\">Cump\u0103ra\u021bi tulpina Rocky Mountain Blueberry<\/a><\/h1>\n<p>Rocky Mountain Blueberry este dominant Indica Hibrid \u2013 70% Indica \/ 30% THC Sativa: 15% \u2013 18%<\/p>\n<p>Efecte<br \/> Trezit, Creativ, Energizant, Fericit, Motiva\u021bie, Relaxant<br \/> Poate ameliora<br \/> Depresia , Oboseal\u0103, Glaucom, Dureri de cap, Stres<br \/> Arome<br \/> Fructe de p\u0103dure, Bomboane, Fructe, Dulci<br \/> Arome<br \/> Fructe de p\u0103dure, Afine, P\u0103m\u00e2ntoase, Ierburi, Dulci<\/p>\n<p>S\u00e2nco\u0219i Mountain Blueberry este o tulpin\u0103 hibrid cu dominan\u021b\u0103 indica, crescut\u0103 din tulpinile uimitor de gustoase Shishkaberry \u0219i Blueberry. Aceast\u0103 tulpin\u0103 este binecunoscut\u0103 pentru aroma sa seduc\u0103toare \u2013 asem\u0103n\u0103toare cu afinele delicioase proasp\u0103t culese sau cu o bomboan\u0103 suculent\u0103 cu arom\u0103 de afine! Aroma este la fel de delicioas\u0103, cu note de afine p\u0103m\u00e2nte\u0219ti, pin proasp\u0103t \u0219i un strop de l\u0103m\u00e2ie. Rocky Mountain Blueberry este la fel de dulce pe c\u00e2t are gust, cu efecte stimulatoare \u0219i revigorante, ideale pentru a te preg\u0103ti pentru o aventur\u0103 \u00een aer liber. Te vei sim\u021bi confortabil, dar preg\u0103tit s\u0103 mergi la o drume\u021bie, s\u0103 \u00eeno\u021bi, s\u0103 alergi sau orice altceva \u021bi se \u00eent\u00e2mpl\u0103 \u00een timp ce e\u0219ti afar\u0103. Aceast\u0103 dispozi\u021bie poate fi uneori u\u0219or furnic\u0103turi, f\u0103c\u00e2ndu-v\u0103 s\u0103 v\u0103 sim\u021bi\u021bi pu\u021bin anxios \u0219i u\u0219or excitat. Rocky Mountain Blueberry este raportat a fi ideal pentru tratarea afec\u021biunilor cum ar fi epuizarea, depresia, durerile de cap sau migrenele \u0219i glaucomul sau presiunea ocular\u0103 ridicat\u0103, datorit\u0103 acestor efecte \u0219i a con\u021binutului s\u0103u mediu semnificativ de 15-18% THC. Nume verde m\u0103sline \u00eenchise cu nuan\u021be de albastru \u0219i un strat de tricomi vii de culoare lavand\u0103 caracterizeaz\u0103 acest mugur.<\/p>\n","protected":false},"excerpt":{"rendered":"<div class=\"woocommerce-product-details__short-description\">\n<p>Achizi\u021bie online a tulpinii Rocky Mountain Blueberry. Rocky Mountain Blueberry este un hibrid Indica dominant &#8211; 70% Indica \/ 30% Sativa. Con\u021binut de THC de sativa: 15%\u201318%<\/p>\n<p>Rocky Mountain Blueberry este o tulpin\u0103 hibrid\u0103 cu dominan\u021b\u0103 indica, crescut\u0103 de la p\u0103rin\u021bii incredibil de gusto\u0219i Shishkaberry X Blueberry.<\/p>\n<\/p><\/div>\n","protected":false},"featured_media":5063,"comment_status":"open","ping_status":"closed","template":"","meta":[],"product_brand":[],"product_cat":[778],"product_tag":[999,1001,996,1000,1003,998,997,1002],"class_list":{"0":"post-5045","1":"product","2":"type-product","3":"status-publish","4":"has-post-thumbnail","6":"product_cat-buruian-de-vnzare","7":"product_tag-munte-i","8":"product_tag-rocky-mountain-high-strain","9":"product_tag-afine-tulpina-allbud","10":"product_tag-stncos-munte-foc-tul","11":"product_tag-tulpin-swiss-berry","12":"product_tag-munte-berry-kush-tul","13":"product_tag-mikado-tulpina-frunze","14":"product_tag-shazam-tulpina-frunze","16":"first","17":"instock","18":"shipping-taxable","19":"purchasable","20":"product-type-variable","21":"has-default-attributes"},"yoast_head":"<!-- This site is optimized with the Yoast SEO plugin v27.3 - https:\/\/yoast.com\/product\/yoast-seo-wordpress\/ -->\n<title>Cump\u0103ra\u021bi tulpina Rocky Mountain Blueberry - Cele mai bune medicamente globale<\/title>\n<meta name=\"description\" content=\"Cump\u0103ra\u021bi tulpina Rocky Mountain Blueberry Rocky Mountain Blueberry este un hibrid dominant Indica - 70% Indica \/ 30% THC Sativa: 15% - 18% Efecte st\u00e2rnite, creativ.\" \/>\n<meta name=\"robots\" content=\"index, follow, max-snippet:-1, max-image-preview:large, max-video-preview:-1\" \/>\n<link rel=\"canonical\" href=\"https:\/\/medicinasinc.com\/ro\/product\/buy-rocky-mountain-afine\/\" \/>\n<meta property=\"og:locale\" content=\"en_US\" \/>\n<meta property=\"og:type\" content=\"article\" \/>\n<meta property=\"og:title\" content=\"Cump\u0103ra\u021bi tulpina Rocky Mountain Blueberry - Cele mai bune medicamente globale\" \/>\n<meta property=\"og:description\" content=\"Cump\u0103ra\u021bi tulpina Rocky Mountain Blueberry Rocky Mountain Blueberry este un hibrid dominant Indica - 70% Indica \/ 30% THC Sativa: 15% - 18% Efecte st\u00e2rnite, creativ.\" \/>\n<meta property=\"og:url\" content=\"https:\/\/medicinasinc.com\/ro\/product\/buy-rocky-mountain-afine\/\" \/>\n<meta property=\"og:site_name\" content=\"Medicinas Inc\" \/>\n<meta property=\"article:modified_time\" content=\"2022-03-22T01:08:35+00:00\" \/>\n<meta property=\"og:image\" content=\"https:\/\/medicinasinc.com\/ro\/wp-content\/uploads\/sites\/11\/2022\/02\/Buy-Rocky-Mountain-Blueberry.jpg\" \/>\n\t<meta property=\"og:image:width\" content=\"1200\" \/>\n\t<meta property=\"og:image:height\" content=\"630\" \/>\n\t<meta property=\"og:image:type\" content=\"image\/jpeg\" \/>\n<meta name=\"twitter:card\" content=\"summary_large_image\" \/>\n<meta name=\"twitter:label1\" content=\"Est. reading time\" \/>\n\t<meta name=\"twitter:data1\" content=\"1 minute\" \/>\n<script type=\"application\/ld+json\" class=\"yoast-schema-graph\">{\"@context\":\"https:\\\/\\\/schema.org\",\"@graph\":[{\"@type\":\"WebPage\",\"@id\":\"https:\\\/\\\/medicinasinc.com\\\/ro\\\/product\\\/buy-rocky-mountain-afine\\\/\",\"url\":\"https:\\\/\\\/medicinasinc.com\\\/ro\\\/product\\\/buy-rocky-mountain-afine\\\/\",\"name\":\"Cump\u0103ra\u021bi tulpina Rocky Mountain Blueberry - Cele mai bune medicamente globale\",\"isPartOf\":{\"@id\":\"https:\\\/\\\/medicinasinc.com\\\/ro\\\/#website\"},\"primaryImageOfPage\":{\"@id\":\"https:\\\/\\\/medicinasinc.com\\\/ro\\\/product\\\/buy-rocky-mountain-afine\\\/#primaryimage\"},\"image\":{\"@id\":\"https:\\\/\\\/medicinasinc.com\\\/ro\\\/product\\\/buy-rocky-mountain-afine\\\/#primaryimage\"},\"thumbnailUrl\":\"https:\\\/\\\/medicinasinc.com\\\/ro\\\/wp-content\\\/uploads\\\/sites\\\/11\\\/2022\\\/02\\\/Buy-Rocky-Mountain-Blueberry.jpg\",\"datePublished\":\"2022-02-20T19:32:59+00:00\",\"dateModified\":\"2022-03-22T01:08:35+00:00\",\"description\":\"Cump\u0103ra\u021bi tulpina Rocky Mountain Blueberry Rocky Mountain Blueberry este un hibrid dominant Indica - 70% Indica \\\/ 30% THC Sativa: 15% - 18% Efecte st\u00e2rnite, creativ.\",\"breadcrumb\":{\"@id\":\"https:\\\/\\\/medicinasinc.com\\\/ro\\\/product\\\/buy-rocky-mountain-afine\\\/#breadcrumb\"},\"inLanguage\":\"en-US\",\"potentialAction\":[{\"@type\":\"ReadAction\",\"target\":[\"https:\\\/\\\/medicinasinc.com\\\/ro\\\/product\\\/buy-rocky-mountain-afine\\\/\"]}]},{\"@type\":\"ImageObject\",\"inLanguage\":\"en-US\",\"@id\":\"https:\\\/\\\/medicinasinc.com\\\/ro\\\/product\\\/buy-rocky-mountain-afine\\\/#primaryimage\",\"url\":\"https:\\\/\\\/medicinasinc.com\\\/ro\\\/wp-content\\\/uploads\\\/sites\\\/11\\\/2022\\\/02\\\/Buy-Rocky-Mountain-Blueberry.jpg\",\"contentUrl\":\"https:\\\/\\\/medicinasinc.com\\\/ro\\\/wp-content\\\/uploads\\\/sites\\\/11\\\/2022\\\/02\\\/Buy-Rocky-Mountain-Blueberry.jpg\",\"width\":1200,\"height\":630},{\"@type\":\"BreadcrumbList\",\"@id\":\"https:\\\/\\\/medicinasinc.com\\\/ro\\\/product\\\/buy-rocky-mountain-afine\\\/#breadcrumb\",\"itemListElement\":[{\"@type\":\"ListItem\",\"position\":1,\"name\":\"Magazin\",\"item\":\"https:\\\/\\\/medicinasinc.com\\\/ro\\\/magazin\\\/\"},{\"@type\":\"ListItem\",\"position\":2,\"name\":\"Cump\u0103ra\u021bi afine de la Rocky Mountain\"}]},{\"@type\":\"WebSite\",\"@id\":\"https:\\\/\\\/medicinasinc.com\\\/ro\\\/#website\",\"url\":\"https:\\\/\\\/medicinasinc.com\\\/ro\\\/\",\"name\":\"Medicinas Inc\",\"description\":\"Health Medical Clinic\",\"potentialAction\":[{\"@type\":\"SearchAction\",\"target\":{\"@type\":\"EntryPoint\",\"urlTemplate\":\"https:\\\/\\\/medicinasinc.com\\\/ro\\\/?s={search_term_string}\"},\"query-input\":{\"@type\":\"PropertyValueSpecification\",\"valueRequired\":true,\"valueName\":\"search_term_string\"}}],\"inLanguage\":\"en-US\"}]}<\/script>\n<!-- \/ Yoast SEO plugin. -->","yoast_head_json":{"title":"Cump\u0103ra\u021bi tulpina Rocky Mountain Blueberry - Cele mai bune medicamente globale","description":"Cump\u0103ra\u021bi tulpina Rocky Mountain Blueberry Rocky Mountain Blueberry este un hibrid dominant Indica - 70% Indica \/ 30% THC Sativa: 15% - 18% Efecte st\u00e2rnite, creativ.","robots":{"index":"index","follow":"follow","max-snippet":"max-snippet:-1","max-image-preview":"max-image-preview:large","max-video-preview":"max-video-preview:-1"},"canonical":"https:\/\/medicinasinc.com\/ro\/product\/buy-rocky-mountain-afine\/","og_locale":"en_US","og_type":"article","og_title":"Cump\u0103ra\u021bi tulpina Rocky Mountain Blueberry - Cele mai bune medicamente globale","og_description":"Cump\u0103ra\u021bi tulpina Rocky Mountain Blueberry Rocky Mountain Blueberry este un hibrid dominant Indica - 70% Indica \/ 30% THC Sativa: 15% - 18% Efecte st\u00e2rnite, creativ.","og_url":"https:\/\/medicinasinc.com\/ro\/product\/buy-rocky-mountain-afine\/","og_site_name":"Medicinas Inc","article_modified_time":"2022-03-22T01:08:35+00:00","og_image":[{"width":1200,"height":630,"url":"https:\/\/medicinasinc.com\/ro\/wp-content\/uploads\/sites\/11\/2022\/02\/Buy-Rocky-Mountain-Blueberry.jpg","type":"image\/jpeg"}],"twitter_card":"summary_large_image","twitter_misc":{"Est. reading time":"1 minute"},"schema":{"@context":"https:\/\/schema.org","@graph":[{"@type":"WebPage","@id":"https:\/\/medicinasinc.com\/ro\/product\/buy-rocky-mountain-afine\/","url":"https:\/\/medicinasinc.com\/ro\/product\/buy-rocky-mountain-afine\/","name":"Cump\u0103ra\u021bi tulpina Rocky Mountain Blueberry - Cele mai bune medicamente globale","isPartOf":{"@id":"https:\/\/medicinasinc.com\/ro\/#website"},"primaryImageOfPage":{"@id":"https:\/\/medicinasinc.com\/ro\/product\/buy-rocky-mountain-afine\/#primaryimage"},"image":{"@id":"https:\/\/medicinasinc.com\/ro\/product\/buy-rocky-mountain-afine\/#primaryimage"},"thumbnailUrl":"https:\/\/medicinasinc.com\/ro\/wp-content\/uploads\/sites\/11\/2022\/02\/Buy-Rocky-Mountain-Blueberry.jpg","datePublished":"2022-02-20T19:32:59+00:00","dateModified":"2022-03-22T01:08:35+00:00","description":"Cump\u0103ra\u021bi tulpina Rocky Mountain Blueberry Rocky Mountain Blueberry este un hibrid dominant Indica - 70% Indica \/ 30% THC Sativa: 15% - 18% Efecte st\u00e2rnite, creativ.","breadcrumb":{"@id":"https:\/\/medicinasinc.com\/ro\/product\/buy-rocky-mountain-afine\/#breadcrumb"},"inLanguage":"en-US","potentialAction":[{"@type":"ReadAction","target":["https:\/\/medicinasinc.com\/ro\/product\/buy-rocky-mountain-afine\/"]}]},{"@type":"ImageObject","inLanguage":"en-US","@id":"https:\/\/medicinasinc.com\/ro\/product\/buy-rocky-mountain-afine\/#primaryimage","url":"https:\/\/medicinasinc.com\/ro\/wp-content\/uploads\/sites\/11\/2022\/02\/Buy-Rocky-Mountain-Blueberry.jpg","contentUrl":"https:\/\/medicinasinc.com\/ro\/wp-content\/uploads\/sites\/11\/2022\/02\/Buy-Rocky-Mountain-Blueberry.jpg","width":1200,"height":630},{"@type":"BreadcrumbList","@id":"https:\/\/medicinasinc.com\/ro\/product\/buy-rocky-mountain-afine\/#breadcrumb","itemListElement":[{"@type":"ListItem","position":1,"name":"Magazin","item":"https:\/\/medicinasinc.com\/ro\/magazin\/"},{"@type":"ListItem","position":2,"name":"Cump\u0103ra\u021bi afine de la Rocky Mountain"}]},{"@type":"WebSite","@id":"https:\/\/medicinasinc.com\/ro\/#website","url":"https:\/\/medicinasinc.com\/ro\/","name":"Medicinas Inc","description":"Health Medical Clinic","potentialAction":[{"@type":"SearchAction","target":{"@type":"EntryPoint","urlTemplate":"https:\/\/medicinasinc.com\/ro\/?s={search_term_string}"},"query-input":{"@type":"PropertyValueSpecification","valueRequired":true,"valueName":"search_term_string"}}],"inLanguage":"en-US"}]}},"_links":{"self":[{"href":"https:\/\/medicinasinc.com\/ro\/wp-json\/wp\/v2\/product\/5045","targetHints":{"allow":["GET"]}}],"collection":[{"href":"https:\/\/medicinasinc.com\/ro\/wp-json\/wp\/v2\/product"}],"about":[{"href":"https:\/\/medicinasinc.com\/ro\/wp-json\/wp\/v2\/types\/product"}],"replies":[{"embeddable":true,"href":"https:\/\/medicinasinc.com\/ro\/wp-json\/wp\/v2\/comments?post=5045"}],"wp:featuredmedia":[{"embeddable":true,"href":"https:\/\/medicinasinc.com\/ro\/wp-json\/wp\/v2\/media\/5063"}],"wp:attachment":[{"href":"https:\/\/medicinasinc.com\/ro\/wp-json\/wp\/v2\/media?parent=5045"}],"wp:term":[{"taxonomy":"product_brand","embeddable":true,"href":"https:\/\/medicinasinc.com\/ro\/wp-json\/wp\/v2\/product_brand?post=5045"},{"taxonomy":"product_cat","embeddable":true,"href":"https:\/\/medicinasinc.com\/ro\/wp-json\/wp\/v2\/product_cat?post=5045"},{"taxonomy":"product_tag","embeddable":true,"href":"https:\/\/medicinasinc.com\/ro\/wp-json\/wp\/v2\/product_tag?post=5045"}],"curies":[{"name":"wp","href":"https:\/\/api.w.org\/{rel}","templated":true}]}}