{"id":5044,"date":"2022-02-20T19:31:39","date_gmt":"2022-02-20T19:31:39","guid":{"rendered":"https:\/\/medicinasinc.com\/ro\/?post_type=product&#038;p=5044"},"modified":"2022-03-22T01:08:43","modified_gmt":"2022-03-22T01:08:43","slug":"cumpara-purple-wreck-marijuana","status":"publish","type":"product","link":"https:\/\/medicinasinc.com\/ro\/product\/cumpara-purple-wreck-marijuana\/","title":{"rendered":"Cump\u0103ra\u021bi marijuana Purple Wreck"},"content":{"rendered":"<div class=\"et_pb_column et_pb_column_3_8 et_pb_column_inner et_pb_column_inner_4 \">\n<div class=\"et_pb_module et_pb_text et_pb_text_6 et_pb_bg_layout_layout_light et_pb_column_inner\"> &lt;div class=&quot;et_pb_module et_pb_text et_pb_text_6 et_pb_bg_layout_layout_light_light et_pb_pb_inner for Sale_pb_pb_in Tulpina hibrid\u0103 cu dominan\u021b\u0103 indica, care are capacitatea de a uimi chiar \u0219i pe cel mai experimentat consumator de canabis. Purple Wreck este un amestec \u00eentre sativa extrem de popular\u0103 Trainwreck \u0219i colorat\u0103 \u0219i aromat\u0103 Purple Urkle. A fost creat de DNA Genetics, faimo\u0219ii cresc\u0103tori din spatele Chocolope \u0219i LA Confidential. Purple Wreck este o alegere excelent\u0103 pentru consumul la sf\u00e2r\u0219itul zilei datorit\u0103 aromei sale puternice, lini\u0219titoare \u0219i \u00eendr\u0103zne\u021be. Analytical 360, o unitate de testare a canabisului, a descoperit c\u0103 mostrele din tulpin\u0103 con\u021bineau niveluri de THC cuprinse \u00eentre 10% \u0219i 31%.<\/p>\n<p>Purple Wreck se distinge prin florile sale enorme, perfect \u00een form\u0103. Ace\u0219ti muguri au aspectul de pomi de Cr\u0103ciun \u00een miniatur\u0103, care se \u00eengusteaz\u0103 de la o baz\u0103 larg\u0103 la un v\u00e2rf ascu\u021bit. Structura lor pare a fi o \u00eencruci\u0219are \u00eentre indica \u0219i sativa \u2013 de\u0219i compacte \u0219i dense la interior, frunzele spiraleaz\u0103 spre exterior cu o textur\u0103 pufoas\u0103 la exterior. Adev\u0103rata vedet\u0103 a tulpinii sunt aceste frunze, care uimesc consumatorii cu o combina\u021bie pestri\u021b\u0103 de verde m\u0103sline, violet \u0219i violet. Aceste nuan\u021be violete sunt cauzate de vremea mai rece dec\u00e2t media care activeaz\u0103 pigmen\u021bii antociani din ADN-ul tulpinii. \u00cen cele din urm\u0103, tricomii albi lipicios acoper\u0103 \u00eentreaga suprafa\u021b\u0103 a acestor pepi\u021be uria\u0219e, confer\u0103 un aspect de rou\u0103, geros.<\/p>\n<p>Hibrizii de canabis sunt o \u00eencruci\u0219are \u00eentre tulpinile indica \u0219i sativa. \u00cen timp ce conversa\u021biile despre tulpinile de canabis tind s\u0103 se concentreze pe distinc\u021biile dintre sativa \u0219i indica, acesta este doar un aspect al imaginii. \u00centr-adev\u0103r, majoritatea soiurilor de marijuana disponibile acum nu sunt sativa pur\u0103. De obicei, vor fi hibrizi cu dominan\u021b\u0103 indica sau sativa sau o combina\u021bie 50\/50 a celor dou\u0103. Purple Wreck Cump\u0103rare online<\/p>\n<p>Purple Wreck Cump\u0103rare online<\/p>\n<\/p><\/div><\/div><\/div>\n<div class=\"product-next-previous\">\n<div class=\"product- prev\"><\/div><\/div>\n","protected":false},"excerpt":{"rendered":"<p>Purple Wreck &#8211; Cump\u0103ra\u021bi Purple Wreck online &#8211; Purple Wreck este un hibrid cu dominan\u021b\u0103 indica, care are capacitatea de a uimi chiar \u0219i pe cel mai experimentat consumator de canabis.<\/p>\n<p>Tulpina de marijuana Purple Wreck poate fi achizi\u021bionat\u0103 online.<\/p>\n<p>Purple Wreck Marijuana este o Indica tulpin\u0103 de marijuana. Hybrid dominant &#8211; Con\u021binut de sativa 60% Indica \/ 40% Sativa THC: 18\u201325%<\/p>\n<p>1 oz. comand\u0103 minim\u0103<\/p>\n<p>&nbsp;<\/p>\n","protected":false},"featured_media":5061,"comment_status":"open","ping_status":"closed","template":"","meta":[],"product_brand":[],"product_cat":[778],"product_tag":[989,988,990,991,992,993,994,995],"class_list":{"0":"post-5044","1":"product","2":"type-product","3":"status-publish","4":"has-post-thumbnail","6":"product_cat-buruian-de-vnzare","7":"product_tag-violet-trainwreck-tul-efecte","8":"product_tag-purpuriu-trainwrack-pret","9":"product_tag-purple-trainwreck-strain-review","10":"product_tag-purple-wreck-leafly","11":"product_tag-purple-wreck-sativa-or-indica","12":"product_tag-purple-wreck-strain-allbud","13":"product_tag-purple-wreck-strain-reserva-privada","14":"product_tag-trainwreck-strain-price","16":"first","17":"instock","18":"shipping-taxable","19":"purchasable","20":"product-type-simple"},"yoast_head":"<!-- This site is optimized with the Yoast SEO plugin v27.3 - https:\/\/yoast.com\/product\/yoast-seo-wordpress\/ -->\n<title>Cump\u0103ra\u021bi marijuana Purple Wreck - Cele mai bune medicamente globale<\/title>\n<meta name=\"description\" content=\"Cump\u0103ra\u021bi marijuana Purple Wreck online - Purple Wreck este un hibrid cu dominan\u021b\u0103 indica, cu puterea de a impresiona chiar \u0219i consumatorii experimenta\u021bi de canabis.\" \/>\n<meta name=\"robots\" content=\"index, follow, max-snippet:-1, max-image-preview:large, max-video-preview:-1\" \/>\n<link rel=\"canonical\" href=\"https:\/\/medicinasinc.com\/ro\/product\/cumpara-purple-wreck-marijuana\/\" \/>\n<meta property=\"og:locale\" content=\"en_US\" \/>\n<meta property=\"og:type\" content=\"article\" \/>\n<meta property=\"og:title\" content=\"Cump\u0103ra\u021bi marijuana Purple Wreck - Cele mai bune medicamente globale\" \/>\n<meta property=\"og:description\" content=\"Cump\u0103ra\u021bi marijuana Purple Wreck online - Purple Wreck este un hibrid cu dominan\u021b\u0103 indica, cu puterea de a impresiona chiar \u0219i consumatorii experimenta\u021bi de canabis.\" \/>\n<meta property=\"og:url\" content=\"https:\/\/medicinasinc.com\/ro\/product\/cumpara-purple-wreck-marijuana\/\" \/>\n<meta property=\"og:site_name\" content=\"Medicinas Inc\" \/>\n<meta property=\"article:modified_time\" content=\"2022-03-22T01:08:43+00:00\" \/>\n<meta property=\"og:image\" content=\"https:\/\/medicinasinc.com\/ro\/wp-content\/uploads\/sites\/11\/2022\/02\/Buy-Purple-Wreck-Marijuana-1.jpg\" \/>\n\t<meta property=\"og:image:width\" content=\"1245\" \/>\n\t<meta property=\"og:image:height\" content=\"1024\" \/>\n\t<meta property=\"og:image:type\" content=\"image\/jpeg\" \/>\n<meta name=\"twitter:card\" content=\"summary_large_image\" \/>\n<meta name=\"twitter:label1\" content=\"Est. reading time\" \/>\n\t<meta name=\"twitter:data1\" content=\"2 minutes\" \/>\n<script type=\"application\/ld+json\" class=\"yoast-schema-graph\">{\"@context\":\"https:\\\/\\\/schema.org\",\"@graph\":[{\"@type\":\"WebPage\",\"@id\":\"https:\\\/\\\/medicinasinc.com\\\/ro\\\/product\\\/cumpara-purple-wreck-marijuana\\\/\",\"url\":\"https:\\\/\\\/medicinasinc.com\\\/ro\\\/product\\\/cumpara-purple-wreck-marijuana\\\/\",\"name\":\"Cump\u0103ra\u021bi marijuana Purple Wreck - Cele mai bune medicamente globale\",\"isPartOf\":{\"@id\":\"https:\\\/\\\/medicinasinc.com\\\/ro\\\/#website\"},\"primaryImageOfPage\":{\"@id\":\"https:\\\/\\\/medicinasinc.com\\\/ro\\\/product\\\/cumpara-purple-wreck-marijuana\\\/#primaryimage\"},\"image\":{\"@id\":\"https:\\\/\\\/medicinasinc.com\\\/ro\\\/product\\\/cumpara-purple-wreck-marijuana\\\/#primaryimage\"},\"thumbnailUrl\":\"https:\\\/\\\/medicinasinc.com\\\/ro\\\/wp-content\\\/uploads\\\/sites\\\/11\\\/2022\\\/02\\\/Buy-Purple-Wreck-Marijuana-1.jpg\",\"datePublished\":\"2022-02-20T19:31:39+00:00\",\"dateModified\":\"2022-03-22T01:08:43+00:00\",\"description\":\"Cump\u0103ra\u021bi marijuana Purple Wreck online - Purple Wreck este un hibrid cu dominan\u021b\u0103 indica, cu puterea de a impresiona chiar \u0219i consumatorii experimenta\u021bi de canabis.\",\"breadcrumb\":{\"@id\":\"https:\\\/\\\/medicinasinc.com\\\/ro\\\/product\\\/cumpara-purple-wreck-marijuana\\\/#breadcrumb\"},\"inLanguage\":\"en-US\",\"potentialAction\":[{\"@type\":\"ReadAction\",\"target\":[\"https:\\\/\\\/medicinasinc.com\\\/ro\\\/product\\\/cumpara-purple-wreck-marijuana\\\/\"]}]},{\"@type\":\"ImageObject\",\"inLanguage\":\"en-US\",\"@id\":\"https:\\\/\\\/medicinasinc.com\\\/ro\\\/product\\\/cumpara-purple-wreck-marijuana\\\/#primaryimage\",\"url\":\"https:\\\/\\\/medicinasinc.com\\\/ro\\\/wp-content\\\/uploads\\\/sites\\\/11\\\/2022\\\/02\\\/Buy-Purple-Wreck-Marijuana-1.jpg\",\"contentUrl\":\"https:\\\/\\\/medicinasinc.com\\\/ro\\\/wp-content\\\/uploads\\\/sites\\\/11\\\/2022\\\/02\\\/Buy-Purple-Wreck-Marijuana-1.jpg\",\"width\":1245,\"height\":1024},{\"@type\":\"BreadcrumbList\",\"@id\":\"https:\\\/\\\/medicinasinc.com\\\/ro\\\/product\\\/cumpara-purple-wreck-marijuana\\\/#breadcrumb\",\"itemListElement\":[{\"@type\":\"ListItem\",\"position\":1,\"name\":\"Magazin\",\"item\":\"https:\\\/\\\/medicinasinc.com\\\/ro\\\/magazin\\\/\"},{\"@type\":\"ListItem\",\"position\":2,\"name\":\"Cump\u0103ra\u021bi marijuana Purple Wreck\"}]},{\"@type\":\"WebSite\",\"@id\":\"https:\\\/\\\/medicinasinc.com\\\/ro\\\/#website\",\"url\":\"https:\\\/\\\/medicinasinc.com\\\/ro\\\/\",\"name\":\"Medicinas Inc\",\"description\":\"Health Medical Clinic\",\"potentialAction\":[{\"@type\":\"SearchAction\",\"target\":{\"@type\":\"EntryPoint\",\"urlTemplate\":\"https:\\\/\\\/medicinasinc.com\\\/ro\\\/?s={search_term_string}\"},\"query-input\":{\"@type\":\"PropertyValueSpecification\",\"valueRequired\":true,\"valueName\":\"search_term_string\"}}],\"inLanguage\":\"en-US\"}]}<\/script>\n<!-- \/ Yoast SEO plugin. -->","yoast_head_json":{"title":"Cump\u0103ra\u021bi marijuana Purple Wreck - Cele mai bune medicamente globale","description":"Cump\u0103ra\u021bi marijuana Purple Wreck online - Purple Wreck este un hibrid cu dominan\u021b\u0103 indica, cu puterea de a impresiona chiar \u0219i consumatorii experimenta\u021bi de canabis.","robots":{"index":"index","follow":"follow","max-snippet":"max-snippet:-1","max-image-preview":"max-image-preview:large","max-video-preview":"max-video-preview:-1"},"canonical":"https:\/\/medicinasinc.com\/ro\/product\/cumpara-purple-wreck-marijuana\/","og_locale":"en_US","og_type":"article","og_title":"Cump\u0103ra\u021bi marijuana Purple Wreck - Cele mai bune medicamente globale","og_description":"Cump\u0103ra\u021bi marijuana Purple Wreck online - Purple Wreck este un hibrid cu dominan\u021b\u0103 indica, cu puterea de a impresiona chiar \u0219i consumatorii experimenta\u021bi de canabis.","og_url":"https:\/\/medicinasinc.com\/ro\/product\/cumpara-purple-wreck-marijuana\/","og_site_name":"Medicinas Inc","article_modified_time":"2022-03-22T01:08:43+00:00","og_image":[{"width":1245,"height":1024,"url":"https:\/\/medicinasinc.com\/ro\/wp-content\/uploads\/sites\/11\/2022\/02\/Buy-Purple-Wreck-Marijuana-1.jpg","type":"image\/jpeg"}],"twitter_card":"summary_large_image","twitter_misc":{"Est. reading time":"2 minutes"},"schema":{"@context":"https:\/\/schema.org","@graph":[{"@type":"WebPage","@id":"https:\/\/medicinasinc.com\/ro\/product\/cumpara-purple-wreck-marijuana\/","url":"https:\/\/medicinasinc.com\/ro\/product\/cumpara-purple-wreck-marijuana\/","name":"Cump\u0103ra\u021bi marijuana Purple Wreck - Cele mai bune medicamente globale","isPartOf":{"@id":"https:\/\/medicinasinc.com\/ro\/#website"},"primaryImageOfPage":{"@id":"https:\/\/medicinasinc.com\/ro\/product\/cumpara-purple-wreck-marijuana\/#primaryimage"},"image":{"@id":"https:\/\/medicinasinc.com\/ro\/product\/cumpara-purple-wreck-marijuana\/#primaryimage"},"thumbnailUrl":"https:\/\/medicinasinc.com\/ro\/wp-content\/uploads\/sites\/11\/2022\/02\/Buy-Purple-Wreck-Marijuana-1.jpg","datePublished":"2022-02-20T19:31:39+00:00","dateModified":"2022-03-22T01:08:43+00:00","description":"Cump\u0103ra\u021bi marijuana Purple Wreck online - Purple Wreck este un hibrid cu dominan\u021b\u0103 indica, cu puterea de a impresiona chiar \u0219i consumatorii experimenta\u021bi de canabis.","breadcrumb":{"@id":"https:\/\/medicinasinc.com\/ro\/product\/cumpara-purple-wreck-marijuana\/#breadcrumb"},"inLanguage":"en-US","potentialAction":[{"@type":"ReadAction","target":["https:\/\/medicinasinc.com\/ro\/product\/cumpara-purple-wreck-marijuana\/"]}]},{"@type":"ImageObject","inLanguage":"en-US","@id":"https:\/\/medicinasinc.com\/ro\/product\/cumpara-purple-wreck-marijuana\/#primaryimage","url":"https:\/\/medicinasinc.com\/ro\/wp-content\/uploads\/sites\/11\/2022\/02\/Buy-Purple-Wreck-Marijuana-1.jpg","contentUrl":"https:\/\/medicinasinc.com\/ro\/wp-content\/uploads\/sites\/11\/2022\/02\/Buy-Purple-Wreck-Marijuana-1.jpg","width":1245,"height":1024},{"@type":"BreadcrumbList","@id":"https:\/\/medicinasinc.com\/ro\/product\/cumpara-purple-wreck-marijuana\/#breadcrumb","itemListElement":[{"@type":"ListItem","position":1,"name":"Magazin","item":"https:\/\/medicinasinc.com\/ro\/magazin\/"},{"@type":"ListItem","position":2,"name":"Cump\u0103ra\u021bi marijuana Purple Wreck"}]},{"@type":"WebSite","@id":"https:\/\/medicinasinc.com\/ro\/#website","url":"https:\/\/medicinasinc.com\/ro\/","name":"Medicinas Inc","description":"Health Medical Clinic","potentialAction":[{"@type":"SearchAction","target":{"@type":"EntryPoint","urlTemplate":"https:\/\/medicinasinc.com\/ro\/?s={search_term_string}"},"query-input":{"@type":"PropertyValueSpecification","valueRequired":true,"valueName":"search_term_string"}}],"inLanguage":"en-US"}]}},"_links":{"self":[{"href":"https:\/\/medicinasinc.com\/ro\/wp-json\/wp\/v2\/product\/5044","targetHints":{"allow":["GET"]}}],"collection":[{"href":"https:\/\/medicinasinc.com\/ro\/wp-json\/wp\/v2\/product"}],"about":[{"href":"https:\/\/medicinasinc.com\/ro\/wp-json\/wp\/v2\/types\/product"}],"replies":[{"embeddable":true,"href":"https:\/\/medicinasinc.com\/ro\/wp-json\/wp\/v2\/comments?post=5044"}],"wp:featuredmedia":[{"embeddable":true,"href":"https:\/\/medicinasinc.com\/ro\/wp-json\/wp\/v2\/media\/5061"}],"wp:attachment":[{"href":"https:\/\/medicinasinc.com\/ro\/wp-json\/wp\/v2\/media?parent=5044"}],"wp:term":[{"taxonomy":"product_brand","embeddable":true,"href":"https:\/\/medicinasinc.com\/ro\/wp-json\/wp\/v2\/product_brand?post=5044"},{"taxonomy":"product_cat","embeddable":true,"href":"https:\/\/medicinasinc.com\/ro\/wp-json\/wp\/v2\/product_cat?post=5044"},{"taxonomy":"product_tag","embeddable":true,"href":"https:\/\/medicinasinc.com\/ro\/wp-json\/wp\/v2\/product_tag?post=5044"}],"curies":[{"name":"wp","href":"https:\/\/api.w.org\/{rel}","templated":true}]}}