{"id":5037,"date":"2022-02-20T19:24:52","date_gmt":"2022-02-20T19:24:52","guid":{"rendered":"https:\/\/medicinasinc.com\/ro\/?post_type=product&#038;p=5037"},"modified":"2022-03-22T01:08:54","modified_gmt":"2022-03-22T01:08:54","slug":"cumpara-nirvana-special-canabis","status":"publish","type":"product","link":"https:\/\/medicinasinc.com\/ro\/product\/cumpara-nirvana-special-canabis\/","title":{"rendered":"Cump\u0103ra\u021bi Nirvana Special Cannabis"},"content":{"rendered":"<p>Nirvana Special este o tulpin\u0103 hibrid\u0103 unic\u0103 dominant\u0103 sativa (75% sativa\/25% indica) produs\u0103 prin amestecarea emblematicelor tulpini Jock Horror \u0219i Oaxacan Sativa. Acest boboc lini\u0219tit a c\u00e2\u0219tigat HighLife Cup 2008 de la Amsterdam, lu\u00e2nd acas\u0103 medalia de aur pentru Best Bio la general. Cu un con\u021binut ridicat de THC puternic, func\u021bional, dar creativ \u0219i uimitor, de 26-27%, nu este de mirare c\u0103 Nirvana Special este o tulpin\u0103 at\u00e2t de popular\u0103! High Nirvana Special \u00eencepe cu o explozie de energie crescut\u0103 care te las\u0103 s\u0103 te sim\u021bi vesel \u0219i motivat. Te vei sim\u021bi revigorat \u0219i extrem de creativ, ceea ce \u00eel face excelent pentru orice treburile mentale la \u00eendem\u00e2n\u0103 sau pur \u0219i simplu pentru a ie\u0219i afar\u0103. Aceste efecte, \u00eempreun\u0103 cu con\u021binutul ridicat de THC, fac din Nirvana Special s\u0103 fie ideal\u0103 pentru tratarea oboselii cronice, depresiei, stresului cronic, insomniei \u0219i pierderii poftei de m\u00e2ncare. Acest mugur are o arom\u0103 dulce \u0219i fructat\u0103 de skunky, cu o expira\u021bie destul de acru. Aroma este oarecum skunky \u0219i aromat\u0103, cu o nuan\u021b\u0103 puternic\u0103 de fructe acru. Mugurii Nirvana Special sunt pufo\u0219i, \u00een form\u0103 de floricele de porumb, verzi, acoperi\u021bi cu tricomi de cristal nisipos pal.<\/p>\n<p>Sativa Dominant Hybrid \u2013 75% Sativa \/ 25% Indica<\/p>\n<p>THC: 26-27% <\/p>\n<p>Utilizare comun\u0103: depresie, oboseal\u0103, insomnie, pierderea poftei de m\u00e2ncare, stres<\/p>\n<p>Efecte: creative, energizante, fericite, motiva\u021bie, \u00een\u0103l\u021b\u0103toare<\/p>\n","protected":false},"excerpt":{"rendered":"<p>Tulpina special\u0103 de canabis Nirvana SUA. Aceasta este o tulpin\u0103 hibrid dominant\u0103 rar\u0103 (75% sativa\/25% indica).<em>Cump\u0103ra\u021bi Nirvana Special Cannabis<\/em>\u00a0Tulpina.<\/p>\n","protected":false},"featured_media":5054,"comment_status":"open","ping_status":"closed","template":"","meta":[],"product_brand":[],"product_cat":[778],"product_tag":[],"class_list":{"0":"post-5037","1":"product","2":"type-product","3":"status-publish","4":"has-post-thumbnail","6":"product_cat-buruian-de-vnzare","8":"first","9":"instock","10":"shipping-taxable","11":"purchasable","12":"product-type-variable","13":"has-default-attributes"},"yoast_head":"<!-- This site is optimized with the Yoast SEO plugin v27.3 - https:\/\/yoast.com\/product\/yoast-seo-wordpress\/ -->\n<title>Cump\u0103ra\u021bi Nirvana Special Cannabis - Cele mai bune medicamente globale<\/title>\n<meta name=\"description\" content=\"Tulpina special\u0103 de canabis Nirvana SUA. Aceasta este o tulpin\u0103 hibrid dominant\u0103 rar (75% sativa\/25% indica). Cump\u0103r\u0103 Nirvana Special Cannabis Strain.\" \/>\n<meta name=\"robots\" content=\"index, follow, max-snippet:-1, max-image-preview:large, max-video-preview:-1\" \/>\n<link rel=\"canonical\" href=\"https:\/\/medicinasinc.com\/ro\/product\/cumpara-nirvana-special-canabis\/\" \/>\n<meta property=\"og:locale\" content=\"en_US\" \/>\n<meta property=\"og:type\" content=\"article\" \/>\n<meta property=\"og:title\" content=\"Cump\u0103ra\u021bi Nirvana Special Cannabis - Cele mai bune medicamente globale\" \/>\n<meta property=\"og:description\" content=\"Tulpina special\u0103 de canabis Nirvana SUA. Aceasta este o tulpin\u0103 hibrid dominant\u0103 rar (75% sativa\/25% indica). Cump\u0103r\u0103 Nirvana Special Cannabis Strain.\" \/>\n<meta property=\"og:url\" content=\"https:\/\/medicinasinc.com\/ro\/product\/cumpara-nirvana-special-canabis\/\" \/>\n<meta property=\"og:site_name\" content=\"Medicinas Inc\" \/>\n<meta property=\"article:modified_time\" content=\"2022-03-22T01:08:54+00:00\" \/>\n<meta property=\"og:image\" content=\"https:\/\/medicinasinc.com\/ro\/wp-content\/uploads\/sites\/11\/2022\/02\/Buy-Nirvana-Special-Cannabis.jpg\" \/>\n\t<meta property=\"og:image:width\" content=\"1920\" \/>\n\t<meta property=\"og:image:height\" content=\"1920\" \/>\n\t<meta property=\"og:image:type\" content=\"image\/jpeg\" \/>\n<meta name=\"twitter:card\" content=\"summary_large_image\" \/>\n<meta name=\"twitter:label1\" content=\"Est. reading time\" \/>\n\t<meta name=\"twitter:data1\" content=\"1 minute\" \/>\n<script type=\"application\/ld+json\" class=\"yoast-schema-graph\">{\"@context\":\"https:\\\/\\\/schema.org\",\"@graph\":[{\"@type\":\"WebPage\",\"@id\":\"https:\\\/\\\/medicinasinc.com\\\/ro\\\/product\\\/cumpara-nirvana-special-canabis\\\/\",\"url\":\"https:\\\/\\\/medicinasinc.com\\\/ro\\\/product\\\/cumpara-nirvana-special-canabis\\\/\",\"name\":\"Cump\u0103ra\u021bi Nirvana Special Cannabis - Cele mai bune medicamente globale\",\"isPartOf\":{\"@id\":\"https:\\\/\\\/medicinasinc.com\\\/ro\\\/#website\"},\"primaryImageOfPage\":{\"@id\":\"https:\\\/\\\/medicinasinc.com\\\/ro\\\/product\\\/cumpara-nirvana-special-canabis\\\/#primaryimage\"},\"image\":{\"@id\":\"https:\\\/\\\/medicinasinc.com\\\/ro\\\/product\\\/cumpara-nirvana-special-canabis\\\/#primaryimage\"},\"thumbnailUrl\":\"https:\\\/\\\/medicinasinc.com\\\/ro\\\/wp-content\\\/uploads\\\/sites\\\/11\\\/2022\\\/02\\\/Buy-Nirvana-Special-Cannabis.jpg\",\"datePublished\":\"2022-02-20T19:24:52+00:00\",\"dateModified\":\"2022-03-22T01:08:54+00:00\",\"description\":\"Tulpina special\u0103 de canabis Nirvana SUA. Aceasta este o tulpin\u0103 hibrid dominant\u0103 rar (75% sativa\\\/25% indica). Cump\u0103r\u0103 Nirvana Special Cannabis Strain.\",\"breadcrumb\":{\"@id\":\"https:\\\/\\\/medicinasinc.com\\\/ro\\\/product\\\/cumpara-nirvana-special-canabis\\\/#breadcrumb\"},\"inLanguage\":\"en-US\",\"potentialAction\":[{\"@type\":\"ReadAction\",\"target\":[\"https:\\\/\\\/medicinasinc.com\\\/ro\\\/product\\\/cumpara-nirvana-special-canabis\\\/\"]}]},{\"@type\":\"ImageObject\",\"inLanguage\":\"en-US\",\"@id\":\"https:\\\/\\\/medicinasinc.com\\\/ro\\\/product\\\/cumpara-nirvana-special-canabis\\\/#primaryimage\",\"url\":\"https:\\\/\\\/medicinasinc.com\\\/ro\\\/wp-content\\\/uploads\\\/sites\\\/11\\\/2022\\\/02\\\/Buy-Nirvana-Special-Cannabis.jpg\",\"contentUrl\":\"https:\\\/\\\/medicinasinc.com\\\/ro\\\/wp-content\\\/uploads\\\/sites\\\/11\\\/2022\\\/02\\\/Buy-Nirvana-Special-Cannabis.jpg\",\"width\":1920,\"height\":1920},{\"@type\":\"BreadcrumbList\",\"@id\":\"https:\\\/\\\/medicinasinc.com\\\/ro\\\/product\\\/cumpara-nirvana-special-canabis\\\/#breadcrumb\",\"itemListElement\":[{\"@type\":\"ListItem\",\"position\":1,\"name\":\"Magazin\",\"item\":\"https:\\\/\\\/medicinasinc.com\\\/ro\\\/magazin\\\/\"},{\"@type\":\"ListItem\",\"position\":2,\"name\":\"Cump\u0103ra\u021bi Nirvana Special Cannabis\"}]},{\"@type\":\"WebSite\",\"@id\":\"https:\\\/\\\/medicinasinc.com\\\/ro\\\/#website\",\"url\":\"https:\\\/\\\/medicinasinc.com\\\/ro\\\/\",\"name\":\"Medicinas Inc\",\"description\":\"Health Medical Clinic\",\"potentialAction\":[{\"@type\":\"SearchAction\",\"target\":{\"@type\":\"EntryPoint\",\"urlTemplate\":\"https:\\\/\\\/medicinasinc.com\\\/ro\\\/?s={search_term_string}\"},\"query-input\":{\"@type\":\"PropertyValueSpecification\",\"valueRequired\":true,\"valueName\":\"search_term_string\"}}],\"inLanguage\":\"en-US\"}]}<\/script>\n<!-- \/ Yoast SEO plugin. -->","yoast_head_json":{"title":"Cump\u0103ra\u021bi Nirvana Special Cannabis - Cele mai bune medicamente globale","description":"Tulpina special\u0103 de canabis Nirvana SUA. Aceasta este o tulpin\u0103 hibrid dominant\u0103 rar (75% sativa\/25% indica). Cump\u0103r\u0103 Nirvana Special Cannabis Strain.","robots":{"index":"index","follow":"follow","max-snippet":"max-snippet:-1","max-image-preview":"max-image-preview:large","max-video-preview":"max-video-preview:-1"},"canonical":"https:\/\/medicinasinc.com\/ro\/product\/cumpara-nirvana-special-canabis\/","og_locale":"en_US","og_type":"article","og_title":"Cump\u0103ra\u021bi Nirvana Special Cannabis - Cele mai bune medicamente globale","og_description":"Tulpina special\u0103 de canabis Nirvana SUA. Aceasta este o tulpin\u0103 hibrid dominant\u0103 rar (75% sativa\/25% indica). Cump\u0103r\u0103 Nirvana Special Cannabis Strain.","og_url":"https:\/\/medicinasinc.com\/ro\/product\/cumpara-nirvana-special-canabis\/","og_site_name":"Medicinas Inc","article_modified_time":"2022-03-22T01:08:54+00:00","og_image":[{"width":1920,"height":1920,"url":"https:\/\/medicinasinc.com\/ro\/wp-content\/uploads\/sites\/11\/2022\/02\/Buy-Nirvana-Special-Cannabis.jpg","type":"image\/jpeg"}],"twitter_card":"summary_large_image","twitter_misc":{"Est. reading time":"1 minute"},"schema":{"@context":"https:\/\/schema.org","@graph":[{"@type":"WebPage","@id":"https:\/\/medicinasinc.com\/ro\/product\/cumpara-nirvana-special-canabis\/","url":"https:\/\/medicinasinc.com\/ro\/product\/cumpara-nirvana-special-canabis\/","name":"Cump\u0103ra\u021bi Nirvana Special Cannabis - Cele mai bune medicamente globale","isPartOf":{"@id":"https:\/\/medicinasinc.com\/ro\/#website"},"primaryImageOfPage":{"@id":"https:\/\/medicinasinc.com\/ro\/product\/cumpara-nirvana-special-canabis\/#primaryimage"},"image":{"@id":"https:\/\/medicinasinc.com\/ro\/product\/cumpara-nirvana-special-canabis\/#primaryimage"},"thumbnailUrl":"https:\/\/medicinasinc.com\/ro\/wp-content\/uploads\/sites\/11\/2022\/02\/Buy-Nirvana-Special-Cannabis.jpg","datePublished":"2022-02-20T19:24:52+00:00","dateModified":"2022-03-22T01:08:54+00:00","description":"Tulpina special\u0103 de canabis Nirvana SUA. Aceasta este o tulpin\u0103 hibrid dominant\u0103 rar (75% sativa\/25% indica). Cump\u0103r\u0103 Nirvana Special Cannabis Strain.","breadcrumb":{"@id":"https:\/\/medicinasinc.com\/ro\/product\/cumpara-nirvana-special-canabis\/#breadcrumb"},"inLanguage":"en-US","potentialAction":[{"@type":"ReadAction","target":["https:\/\/medicinasinc.com\/ro\/product\/cumpara-nirvana-special-canabis\/"]}]},{"@type":"ImageObject","inLanguage":"en-US","@id":"https:\/\/medicinasinc.com\/ro\/product\/cumpara-nirvana-special-canabis\/#primaryimage","url":"https:\/\/medicinasinc.com\/ro\/wp-content\/uploads\/sites\/11\/2022\/02\/Buy-Nirvana-Special-Cannabis.jpg","contentUrl":"https:\/\/medicinasinc.com\/ro\/wp-content\/uploads\/sites\/11\/2022\/02\/Buy-Nirvana-Special-Cannabis.jpg","width":1920,"height":1920},{"@type":"BreadcrumbList","@id":"https:\/\/medicinasinc.com\/ro\/product\/cumpara-nirvana-special-canabis\/#breadcrumb","itemListElement":[{"@type":"ListItem","position":1,"name":"Magazin","item":"https:\/\/medicinasinc.com\/ro\/magazin\/"},{"@type":"ListItem","position":2,"name":"Cump\u0103ra\u021bi Nirvana Special Cannabis"}]},{"@type":"WebSite","@id":"https:\/\/medicinasinc.com\/ro\/#website","url":"https:\/\/medicinasinc.com\/ro\/","name":"Medicinas Inc","description":"Health Medical Clinic","potentialAction":[{"@type":"SearchAction","target":{"@type":"EntryPoint","urlTemplate":"https:\/\/medicinasinc.com\/ro\/?s={search_term_string}"},"query-input":{"@type":"PropertyValueSpecification","valueRequired":true,"valueName":"search_term_string"}}],"inLanguage":"en-US"}]}},"_links":{"self":[{"href":"https:\/\/medicinasinc.com\/ro\/wp-json\/wp\/v2\/product\/5037","targetHints":{"allow":["GET"]}}],"collection":[{"href":"https:\/\/medicinasinc.com\/ro\/wp-json\/wp\/v2\/product"}],"about":[{"href":"https:\/\/medicinasinc.com\/ro\/wp-json\/wp\/v2\/types\/product"}],"replies":[{"embeddable":true,"href":"https:\/\/medicinasinc.com\/ro\/wp-json\/wp\/v2\/comments?post=5037"}],"wp:featuredmedia":[{"embeddable":true,"href":"https:\/\/medicinasinc.com\/ro\/wp-json\/wp\/v2\/media\/5054"}],"wp:attachment":[{"href":"https:\/\/medicinasinc.com\/ro\/wp-json\/wp\/v2\/media?parent=5037"}],"wp:term":[{"taxonomy":"product_brand","embeddable":true,"href":"https:\/\/medicinasinc.com\/ro\/wp-json\/wp\/v2\/product_brand?post=5037"},{"taxonomy":"product_cat","embeddable":true,"href":"https:\/\/medicinasinc.com\/ro\/wp-json\/wp\/v2\/product_cat?post=5037"},{"taxonomy":"product_tag","embeddable":true,"href":"https:\/\/medicinasinc.com\/ro\/wp-json\/wp\/v2\/product_tag?post=5037"}],"curies":[{"name":"wp","href":"https:\/\/api.w.org\/{rel}","templated":true}]}}