{"id":5020,"date":"2022-02-20T19:11:16","date_gmt":"2022-02-20T19:11:16","guid":{"rendered":"https:\/\/medicinasinc.com\/ro\/?post_type=product&#038;p=5020"},"modified":"2022-03-22T01:09:03","modified_gmt":"2022-03-22T01:09:03","slug":"cumpara-mama-dragonilor-marijuana","status":"publish","type":"product","link":"https:\/\/medicinasinc.com\/ro\/product\/cumpara-mama-dragonilor-marijuana\/","title":{"rendered":"Cump\u0103ra\u021bi marijuana Mother of Dragons"},"content":{"rendered":"<p>Achizi\u021bie de marijuana Mother of Dragons<\/p>\n<p>Mother of Dragons este o tulpin\u0103 foarte rar echilibrat\u0103 echilibrat\u0103 (50% Indica\/50% Sativa) cu descenden\u021b\u0103 necunoscut\u0103 din cauza secretului cresc\u0103torului \u0219i a lipsei generale de cunoa\u0219tere a acesteia. origini. Numit\u0103 dup\u0103 faimoasa Daenerys Targaryen din Game of Thrones, aceast\u0103 tulpin\u0103 rar\u0103 are o arom\u0103 de foc care v\u0103 va pune papilele gustative pe foc. Aroma este o potrivire f\u0103cut\u0103 \u00een rai, cu o nuan\u021b\u0103 grea \u0219i \u00een\u021bep\u0103toare de kushy skunky \u0219i un impact de iarb\u0103 extrem de picant eliberat pe m\u0103sur\u0103 ce nug-urile ard. Dup\u0103 doar c\u00e2teva lovituri, Mother of Dragons te va l\u0103sa \u00een\u0103l\u021bat, iar g\u00e2ndurile tale zbur\u00e2nd ore \u00een \u0219ir. \u00cencepe cu o influen\u021b\u0103 cerebral\u0103 care \u00ee\u021bi transport\u0103 mintea \u00eentr-o stare de extaz perfect \u0219i spiritele la o stare de mul\u021bumire pur\u0103. \u00cen timp ce mintea \u0219i spiritul t\u0103u zboar\u0103 deasupra cerului, corpul t\u0103u va experimenta un nivel u\u0219or de relaxare, care poate l\u0103sa pe unii s\u0103 se simt\u0103 oarecum somnolent. Se \u0219tie c\u0103 aceast\u0103 dispozi\u021bie provoac\u0103 anxietate la unii oameni, a\u0219a c\u0103 evita\u021bi-o dac\u0103 sunte\u021bi predispus la ea. Mother of Dragons este o alternativ\u0103 ideal\u0103 pentru persoanele care sufer\u0103 de stres cronic, triste\u021be, schimb\u0103ri de dispozi\u021bie \u0219i durere cronic\u0103, deoarece, la aceste efecte, plus con\u021binutul s\u0103u mediu ridicat de THC de 23-28%. Acest mugur este alc\u0103tuit din boboci verzi de p\u0103dure \u00een form\u0103 de struguri acoperi\u021bi cu p\u0103r de chihlimbar p\u0103ros \u0219i tricomi din cristale de chihlimbar orbitor.<\/p>\n<p>Cump\u0103ra\u021bi marijuana Mother of Dragons acum de la Tegridy Farms Online Cannabis Dispensary<\/p>\n","protected":false},"excerpt":{"rendered":"<div class=\"woocommerce-product-details__short-description\">\n<p>Cump\u0103ra\u021bi online ieftin marijuana Mother of Dragons. Marijuana Mama dragonilor este hibrid\u0103 \u2013 50% Sativa \/50% Indica THC: 23% \u2013 28%<\/p>\n<div class=\"woocommerce-product-details__short-description\">\n<p><strong>Dimensiunea mugurilor<\/strong>: Mic \u2013 Mediu<br \/> <strong>Tipul de tulpin\u0103<\/strong>: 40% Indica 60% Sativa<br \/> <strong>Textur\u0103<\/strong>: Normal \u2013 Lipicioas\u0103<br \/> <strong>Arom\u0103<\/strong>: Ierburi | Dulce<br \/> <strong>Utilizare medical\u0103<\/strong>: Anxietate | Durere cronic\u0103 | Depresie | Stres<br \/> <strong>Con\u021binut de THC<\/strong>: 26% Cel mai mare test\u00a0<strong>CBD<\/strong>: &gt;1%<\/p>\n<\/p><\/div>\n<p class=\"stoc epuizat stoc\"> <\/div>\n","protected":false},"featured_media":5038,"comment_status":"open","ping_status":"closed","template":"","meta":[],"product_brand":[],"product_cat":[778],"product_tag":[960,615,963,964,968,969,461,972,973,974,983,978,965,966,971,967,961,962,455,970,985,986,987,480,980,981,982,976,977,975,984,979],"class_list":{"0":"post-5020","1":"product","2":"type-product","3":"status-publish","4":"has-post-thumbnail","6":"product_cat-buruian-de-vnzare","7":"product_tag-best-place-to-buy-marijuana-seeds-online","8":"product_tag-buy-cannabis-oil-online","9":"product_tag-buy-illegal-marijuana-online","10":"product_tag-buy-lean-codeine-online","11":"product_tag-buy-marijuana-seeds-online-canada","12":"product_tag-buy-marijuana-seeds-online-usa","13":"product_tag-buy-medical-marijuana-online","14":"product_tag-buy-real-marijuana-online","15":"product_tag-buy-safe-medical-marijuana-online","16":"product_tag-buy-synthetic-marijuana-online","17":"product_tag-comanda-codeina-sirop-tuse-online","18":"product_tag-cum-se-cumpr-marijuana-online","19":"product_tag-cumpr-marijuana","20":"product_tag-cumpr-marijuana-online-canada","21":"product_tag-cumpara-online-actavis-sirop-tuse","22":"product_tag-cumpr-semine-de-marijuana-online","23":"product_tag-buy-actavis-sirop","24":"product_tag-cumpara-sirop-tuse-cu-codeina","25":"product_tag-cumpr-marijuana-online","26":"product_tag-cumpr-nirvana-special-marijuana-tul-online","27":"product_tag-unde-pot-cumpara-marijuana-online","28":"product_tag-unde-pot-cumpara-seminte-de-marijuana-online","29":"product_tag-unde-s-cumpr-ulei-cbd-lng-me","30":"product_tag-unde-s-cumprm-marijuana-online","31":"product_tag-marijuana-online-buy-cannabis","32":"product_tag-medical-marijuana-online","33":"product_tag-online-legally","34":"product_tag-poti-cumpara-marijuana-online","35":"product_tag-poi-cumpra-semine-de-marijuana-online","36":"product_tag-poi-s-cumperi","37":"product_tag-sirop-de-prometazine-codeina-de-vanzare","38":"product_tag-uleiuri-de-marijuana-pentru-vaping-de-vanzare","40":"first","41":"instock","42":"shipping-taxable","43":"purchasable","44":"product-type-variable","45":"has-default-attributes"},"yoast_head":"<!-- This site is optimized with the Yoast SEO plugin v27.3 - https:\/\/yoast.com\/product\/yoast-seo-wordpress\/ -->\n<title>Cump\u0103ra\u021bi marijuana Mother of Dragons - Cele mai bune medicamente globale<\/title>\n<meta name=\"description\" content=\"Cump\u0103ra\u021bi marijuana Mother of Dragons ieftin online. Marijuana Mama dragonilor este hibrid\u0103 \u2013 50% Sativa \/50% Indica THC: 23% \u2013 28%\" \/>\n<meta name=\"robots\" content=\"index, follow, max-snippet:-1, max-image-preview:large, max-video-preview:-1\" \/>\n<link rel=\"canonical\" href=\"https:\/\/medicinasinc.com\/ro\/product\/cumpara-mama-dragonilor-marijuana\/\" \/>\n<meta property=\"og:locale\" content=\"en_US\" \/>\n<meta property=\"og:type\" content=\"article\" \/>\n<meta property=\"og:title\" content=\"Cump\u0103ra\u021bi marijuana Mother of Dragons - Cele mai bune medicamente globale\" \/>\n<meta property=\"og:description\" content=\"Cump\u0103ra\u021bi marijuana Mother of Dragons ieftin online. Marijuana Mama dragonilor este hibrid\u0103 \u2013 50% Sativa \/50% Indica THC: 23% \u2013 28%\" \/>\n<meta property=\"og:url\" content=\"https:\/\/medicinasinc.com\/ro\/product\/cumpara-mama-dragonilor-marijuana\/\" \/>\n<meta property=\"og:site_name\" content=\"Medicinas Inc\" \/>\n<meta property=\"article:modified_time\" content=\"2022-03-22T01:09:03+00:00\" \/>\n<meta property=\"og:image\" content=\"https:\/\/medicinasinc.com\/ro\/wp-content\/uploads\/sites\/11\/2022\/02\/Buy-Mother-of-Dragons-Marijuana.jpg\" \/>\n\t<meta property=\"og:image:width\" content=\"1000\" \/>\n\t<meta property=\"og:image:height\" content=\"1000\" \/>\n\t<meta property=\"og:image:type\" content=\"image\/jpeg\" \/>\n<meta name=\"twitter:card\" content=\"summary_large_image\" \/>\n<meta name=\"twitter:label1\" content=\"Est. reading time\" \/>\n\t<meta name=\"twitter:data1\" content=\"2 minutes\" \/>\n<script type=\"application\/ld+json\" class=\"yoast-schema-graph\">{\"@context\":\"https:\\\/\\\/schema.org\",\"@graph\":[{\"@type\":\"WebPage\",\"@id\":\"https:\\\/\\\/medicinasinc.com\\\/ro\\\/product\\\/cumpara-mama-dragonilor-marijuana\\\/\",\"url\":\"https:\\\/\\\/medicinasinc.com\\\/ro\\\/product\\\/cumpara-mama-dragonilor-marijuana\\\/\",\"name\":\"Cump\u0103ra\u021bi marijuana Mother of Dragons - Cele mai bune medicamente globale\",\"isPartOf\":{\"@id\":\"https:\\\/\\\/medicinasinc.com\\\/ro\\\/#website\"},\"primaryImageOfPage\":{\"@id\":\"https:\\\/\\\/medicinasinc.com\\\/ro\\\/product\\\/cumpara-mama-dragonilor-marijuana\\\/#primaryimage\"},\"image\":{\"@id\":\"https:\\\/\\\/medicinasinc.com\\\/ro\\\/product\\\/cumpara-mama-dragonilor-marijuana\\\/#primaryimage\"},\"thumbnailUrl\":\"https:\\\/\\\/medicinasinc.com\\\/ro\\\/wp-content\\\/uploads\\\/sites\\\/11\\\/2022\\\/02\\\/Buy-Mother-of-Dragons-Marijuana.jpg\",\"datePublished\":\"2022-02-20T19:11:16+00:00\",\"dateModified\":\"2022-03-22T01:09:03+00:00\",\"description\":\"Cump\u0103ra\u021bi marijuana Mother of Dragons ieftin online. Marijuana Mama dragonilor este hibrid\u0103 \u2013 50% Sativa \\\/50% Indica THC: 23% \u2013 28%\",\"breadcrumb\":{\"@id\":\"https:\\\/\\\/medicinasinc.com\\\/ro\\\/product\\\/cumpara-mama-dragonilor-marijuana\\\/#breadcrumb\"},\"inLanguage\":\"en-US\",\"potentialAction\":[{\"@type\":\"ReadAction\",\"target\":[\"https:\\\/\\\/medicinasinc.com\\\/ro\\\/product\\\/cumpara-mama-dragonilor-marijuana\\\/\"]}]},{\"@type\":\"ImageObject\",\"inLanguage\":\"en-US\",\"@id\":\"https:\\\/\\\/medicinasinc.com\\\/ro\\\/product\\\/cumpara-mama-dragonilor-marijuana\\\/#primaryimage\",\"url\":\"https:\\\/\\\/medicinasinc.com\\\/ro\\\/wp-content\\\/uploads\\\/sites\\\/11\\\/2022\\\/02\\\/Buy-Mother-of-Dragons-Marijuana.jpg\",\"contentUrl\":\"https:\\\/\\\/medicinasinc.com\\\/ro\\\/wp-content\\\/uploads\\\/sites\\\/11\\\/2022\\\/02\\\/Buy-Mother-of-Dragons-Marijuana.jpg\",\"width\":1000,\"height\":1000},{\"@type\":\"BreadcrumbList\",\"@id\":\"https:\\\/\\\/medicinasinc.com\\\/ro\\\/product\\\/cumpara-mama-dragonilor-marijuana\\\/#breadcrumb\",\"itemListElement\":[{\"@type\":\"ListItem\",\"position\":1,\"name\":\"Magazin\",\"item\":\"https:\\\/\\\/medicinasinc.com\\\/ro\\\/magazin\\\/\"},{\"@type\":\"ListItem\",\"position\":2,\"name\":\"Cump\u0103ra\u021bi marijuana Mother of Dragons\"}]},{\"@type\":\"WebSite\",\"@id\":\"https:\\\/\\\/medicinasinc.com\\\/ro\\\/#website\",\"url\":\"https:\\\/\\\/medicinasinc.com\\\/ro\\\/\",\"name\":\"Medicinas Inc\",\"description\":\"Health Medical Clinic\",\"potentialAction\":[{\"@type\":\"SearchAction\",\"target\":{\"@type\":\"EntryPoint\",\"urlTemplate\":\"https:\\\/\\\/medicinasinc.com\\\/ro\\\/?s={search_term_string}\"},\"query-input\":{\"@type\":\"PropertyValueSpecification\",\"valueRequired\":true,\"valueName\":\"search_term_string\"}}],\"inLanguage\":\"en-US\"}]}<\/script>\n<!-- \/ Yoast SEO plugin. -->","yoast_head_json":{"title":"Cump\u0103ra\u021bi marijuana Mother of Dragons - Cele mai bune medicamente globale","description":"Cump\u0103ra\u021bi marijuana Mother of Dragons ieftin online. Marijuana Mama dragonilor este hibrid\u0103 \u2013 50% Sativa \/50% Indica THC: 23% \u2013 28%","robots":{"index":"index","follow":"follow","max-snippet":"max-snippet:-1","max-image-preview":"max-image-preview:large","max-video-preview":"max-video-preview:-1"},"canonical":"https:\/\/medicinasinc.com\/ro\/product\/cumpara-mama-dragonilor-marijuana\/","og_locale":"en_US","og_type":"article","og_title":"Cump\u0103ra\u021bi marijuana Mother of Dragons - Cele mai bune medicamente globale","og_description":"Cump\u0103ra\u021bi marijuana Mother of Dragons ieftin online. Marijuana Mama dragonilor este hibrid\u0103 \u2013 50% Sativa \/50% Indica THC: 23% \u2013 28%","og_url":"https:\/\/medicinasinc.com\/ro\/product\/cumpara-mama-dragonilor-marijuana\/","og_site_name":"Medicinas Inc","article_modified_time":"2022-03-22T01:09:03+00:00","og_image":[{"width":1000,"height":1000,"url":"https:\/\/medicinasinc.com\/ro\/wp-content\/uploads\/sites\/11\/2022\/02\/Buy-Mother-of-Dragons-Marijuana.jpg","type":"image\/jpeg"}],"twitter_card":"summary_large_image","twitter_misc":{"Est. reading time":"2 minutes"},"schema":{"@context":"https:\/\/schema.org","@graph":[{"@type":"WebPage","@id":"https:\/\/medicinasinc.com\/ro\/product\/cumpara-mama-dragonilor-marijuana\/","url":"https:\/\/medicinasinc.com\/ro\/product\/cumpara-mama-dragonilor-marijuana\/","name":"Cump\u0103ra\u021bi marijuana Mother of Dragons - Cele mai bune medicamente globale","isPartOf":{"@id":"https:\/\/medicinasinc.com\/ro\/#website"},"primaryImageOfPage":{"@id":"https:\/\/medicinasinc.com\/ro\/product\/cumpara-mama-dragonilor-marijuana\/#primaryimage"},"image":{"@id":"https:\/\/medicinasinc.com\/ro\/product\/cumpara-mama-dragonilor-marijuana\/#primaryimage"},"thumbnailUrl":"https:\/\/medicinasinc.com\/ro\/wp-content\/uploads\/sites\/11\/2022\/02\/Buy-Mother-of-Dragons-Marijuana.jpg","datePublished":"2022-02-20T19:11:16+00:00","dateModified":"2022-03-22T01:09:03+00:00","description":"Cump\u0103ra\u021bi marijuana Mother of Dragons ieftin online. Marijuana Mama dragonilor este hibrid\u0103 \u2013 50% Sativa \/50% Indica THC: 23% \u2013 28%","breadcrumb":{"@id":"https:\/\/medicinasinc.com\/ro\/product\/cumpara-mama-dragonilor-marijuana\/#breadcrumb"},"inLanguage":"en-US","potentialAction":[{"@type":"ReadAction","target":["https:\/\/medicinasinc.com\/ro\/product\/cumpara-mama-dragonilor-marijuana\/"]}]},{"@type":"ImageObject","inLanguage":"en-US","@id":"https:\/\/medicinasinc.com\/ro\/product\/cumpara-mama-dragonilor-marijuana\/#primaryimage","url":"https:\/\/medicinasinc.com\/ro\/wp-content\/uploads\/sites\/11\/2022\/02\/Buy-Mother-of-Dragons-Marijuana.jpg","contentUrl":"https:\/\/medicinasinc.com\/ro\/wp-content\/uploads\/sites\/11\/2022\/02\/Buy-Mother-of-Dragons-Marijuana.jpg","width":1000,"height":1000},{"@type":"BreadcrumbList","@id":"https:\/\/medicinasinc.com\/ro\/product\/cumpara-mama-dragonilor-marijuana\/#breadcrumb","itemListElement":[{"@type":"ListItem","position":1,"name":"Magazin","item":"https:\/\/medicinasinc.com\/ro\/magazin\/"},{"@type":"ListItem","position":2,"name":"Cump\u0103ra\u021bi marijuana Mother of Dragons"}]},{"@type":"WebSite","@id":"https:\/\/medicinasinc.com\/ro\/#website","url":"https:\/\/medicinasinc.com\/ro\/","name":"Medicinas Inc","description":"Health Medical Clinic","potentialAction":[{"@type":"SearchAction","target":{"@type":"EntryPoint","urlTemplate":"https:\/\/medicinasinc.com\/ro\/?s={search_term_string}"},"query-input":{"@type":"PropertyValueSpecification","valueRequired":true,"valueName":"search_term_string"}}],"inLanguage":"en-US"}]}},"_links":{"self":[{"href":"https:\/\/medicinasinc.com\/ro\/wp-json\/wp\/v2\/product\/5020","targetHints":{"allow":["GET"]}}],"collection":[{"href":"https:\/\/medicinasinc.com\/ro\/wp-json\/wp\/v2\/product"}],"about":[{"href":"https:\/\/medicinasinc.com\/ro\/wp-json\/wp\/v2\/types\/product"}],"replies":[{"embeddable":true,"href":"https:\/\/medicinasinc.com\/ro\/wp-json\/wp\/v2\/comments?post=5020"}],"wp:featuredmedia":[{"embeddable":true,"href":"https:\/\/medicinasinc.com\/ro\/wp-json\/wp\/v2\/media\/5038"}],"wp:attachment":[{"href":"https:\/\/medicinasinc.com\/ro\/wp-json\/wp\/v2\/media?parent=5020"}],"wp:term":[{"taxonomy":"product_brand","embeddable":true,"href":"https:\/\/medicinasinc.com\/ro\/wp-json\/wp\/v2\/product_brand?post=5020"},{"taxonomy":"product_cat","embeddable":true,"href":"https:\/\/medicinasinc.com\/ro\/wp-json\/wp\/v2\/product_cat?post=5020"},{"taxonomy":"product_tag","embeddable":true,"href":"https:\/\/medicinasinc.com\/ro\/wp-json\/wp\/v2\/product_tag?post=5020"}],"curies":[{"name":"wp","href":"https:\/\/api.w.org\/{rel}","templated":true}]}}