{"id":5019,"date":"2022-02-20T19:10:26","date_gmt":"2022-02-20T19:10:26","guid":{"rendered":"https:\/\/medicinasinc.com\/ro\/?post_type=product&#038;p=5019"},"modified":"2022-03-22T01:09:15","modified_gmt":"2022-03-22T01:09:15","slug":"amnezie-ceata","status":"publish","type":"product","link":"https:\/\/medicinasinc.com\/ro\/product\/amnezie-ceata\/","title":{"rendered":"Amnesia Haze"},"content":{"rendered":"<p>Achizi\u021bionarea online a tulpinii Amnesia Haze<\/p>\n<p>Tulpina Amnesia Haze Online este un hibrid cu dominan\u021b\u0103 Sativa creat\u0103 prin \u00eencruci\u0219area Haze cu mai multe tulpini de rase locale distincte, inclusiv thailandez\u0103, hawaian\u0103 \u0219i afgan\u0103. Raportul sativa\/indica este de aproximativ 80:20. THC este destul de ridicat, dep\u0103\u0219ind 22% \u00een anumite teste, dar CBD este semnificativ mai pu\u021bin puternic, ajung\u00e2nd la pu\u021bin mai pu\u021bin de 1%. High-ul este euforic \u0219i creativ, cu un impuls psihoactiv \u0219i un caz de chicoteli. Amnesia Haze are o arom\u0103 fructat\u0103, hahioas\u0103 \u0219i o arom\u0103 dulce, p\u0103m\u00e2nteasc\u0103, cu urme de piper aprins. Nugs sunt de culoare verde pal, cu filamente maro mai \u00eenchis \u0219i o suprafa\u021b\u0103 acoperit\u0103 cu tricom. Este o alternativ\u0103 excelent\u0103 pentru ameliorarea anxiet\u0103\u021bii \u0219i a depresiei, precum \u0219i pentru oboseal\u0103, simptome ADHD, migrene, schimb\u0103ri de dispozi\u021bie \u0219i dureri fizice.<\/p>\n<p>Achizi\u021biona\u021bi online de la Best Global Meds la un pre\u021b ieftin!<\/p>\n<p>Noi, cei de la Best Global Meds, oferim flori de marijuana amnesia haze la un pre\u021b rezonabil. Amnesia haze este un hibrid cu dominan\u021b\u0103 Sativa, format din cele dou\u0103 tulpini principale de canabis, Sativa \u0219i Indica. Este utilizat pentru o varietate de aplica\u021bii terapeutice \u0219i recreative. Amnesia Haze este o alternativ\u0103 excelent\u0103 pentru concentrarea asupra muncii \u00eentr-o loca\u021bie \u00eendep\u0103rtat\u0103. Cu note de l\u0103m\u00e2ie \u0219i citrice, Amnesia Haze este tulpin\u0103 ideal\u0103 pentru a-\u021bi \u00eencepe ziua cu un z\u00e2mbet.<\/p>\n<div class=\"product-next-previous\">\n<div class=\"product-prev\"><\/div>\n<p>&gt; <\/p><\/div>\n","protected":false},"excerpt":{"rendered":"<p>Amnesia Haze de v\u00e2nzare online \u00een Regatul Unit \u0219i Europa, Amnesia Haze este favoritul european. Aceast\u0103 Sativa foarte psihedelic\u0103 este cel mai bine rezervat\u0103 consumatorilor experimenta\u021bi.<\/p>\n<p>Amnesia Haze este probabil cea mai popular\u0103 tulpin\u0103 din lume.<\/p>\n<p>Amnesia Haze este o tulpin\u0103 hibrid\u0103 extrem de \u00eemb\u0103t\u0103toare \u0219i psihedelic\u0103. <\/p>\n","protected":false},"featured_media":5036,"comment_status":"open","ping_status":"closed","template":"","meta":[],"product_brand":[],"product_cat":[778],"product_tag":[956,957,959,958],"class_list":{"0":"post-5019","1":"product","2":"type-product","3":"status-publish","4":"has-post-thumbnail","6":"product_cat-buruian-de-vnzare","7":"product_tag-amnezie","8":"product_tag-buy-amnesia-haze-online","9":"product_tag-unde-s-cumprm-amnezia-haze-tulpina-online","10":"product_tag-marijuana","12":"first","13":"instock","14":"shipping-taxable","15":"purchasable","16":"product-type-variable","17":"has-default-attributes"},"yoast_head":"<!-- This site is optimized with the Yoast SEO plugin v27.3 - https:\/\/yoast.com\/product\/yoast-seo-wordpress\/ -->\n<title>Amnesia Haze - Tulpini de buruieni Amnesia Haze - Cele mai bune medicamente globale<\/title>\n<meta name=\"description\" content=\"Cump\u0103ra\u021bi Amnesia Haze De v\u00e2nzare online \u00een Marea Britanie, Europa, Amnesia Haze este un favorit european. Aceast\u0103 tulpin\u0103 intens psihedelic\u0103 este o Sativa care este cel mai bine l\u0103sat\u0103 consumatorilor experimenta\u021bi.\" \/>\n<meta name=\"robots\" content=\"index, follow, max-snippet:-1, max-image-preview:large, max-video-preview:-1\" \/>\n<link rel=\"canonical\" href=\"https:\/\/medicinasinc.com\/ro\/product\/amnezie-ceata\/\" \/>\n<meta property=\"og:locale\" content=\"en_US\" \/>\n<meta property=\"og:type\" content=\"article\" \/>\n<meta property=\"og:title\" content=\"Amnesia Haze - Tulpini de buruieni Amnesia Haze - Cele mai bune medicamente globale\" \/>\n<meta property=\"og:description\" content=\"Cump\u0103ra\u021bi Amnesia Haze De v\u00e2nzare online \u00een Marea Britanie, Europa, Amnesia Haze este un favorit european. Aceast\u0103 tulpin\u0103 intens psihedelic\u0103 este o Sativa care este cel mai bine l\u0103sat\u0103 consumatorilor experimenta\u021bi.\" \/>\n<meta property=\"og:url\" content=\"https:\/\/medicinasinc.com\/ro\/product\/amnezie-ceata\/\" \/>\n<meta property=\"og:site_name\" content=\"Medicinas Inc\" \/>\n<meta property=\"article:modified_time\" content=\"2022-03-22T01:09:15+00:00\" \/>\n<meta property=\"og:image\" content=\"https:\/\/medicinasinc.com\/ro\/wp-content\/uploads\/sites\/11\/2022\/02\/Buy-Amnesia-Haze.jpg\" \/>\n\t<meta property=\"og:image:width\" content=\"1159\" \/>\n\t<meta property=\"og:image:height\" content=\"1043\" \/>\n\t<meta property=\"og:image:type\" content=\"image\/jpeg\" \/>\n<meta name=\"twitter:card\" content=\"summary_large_image\" \/>\n<meta name=\"twitter:label1\" content=\"Est. reading time\" \/>\n\t<meta name=\"twitter:data1\" content=\"1 minute\" \/>\n<script type=\"application\/ld+json\" class=\"yoast-schema-graph\">{\"@context\":\"https:\\\/\\\/schema.org\",\"@graph\":[{\"@type\":\"WebPage\",\"@id\":\"https:\\\/\\\/medicinasinc.com\\\/ro\\\/product\\\/amnezie-ceata\\\/\",\"url\":\"https:\\\/\\\/medicinasinc.com\\\/ro\\\/product\\\/amnezie-ceata\\\/\",\"name\":\"Amnesia Haze - Tulpini de buruieni Amnesia Haze - Cele mai bune medicamente globale\",\"isPartOf\":{\"@id\":\"https:\\\/\\\/medicinasinc.com\\\/ro\\\/#website\"},\"primaryImageOfPage\":{\"@id\":\"https:\\\/\\\/medicinasinc.com\\\/ro\\\/product\\\/amnezie-ceata\\\/#primaryimage\"},\"image\":{\"@id\":\"https:\\\/\\\/medicinasinc.com\\\/ro\\\/product\\\/amnezie-ceata\\\/#primaryimage\"},\"thumbnailUrl\":\"https:\\\/\\\/medicinasinc.com\\\/ro\\\/wp-content\\\/uploads\\\/sites\\\/11\\\/2022\\\/02\\\/Buy-Amnesia-Haze.jpg\",\"datePublished\":\"2022-02-20T19:10:26+00:00\",\"dateModified\":\"2022-03-22T01:09:15+00:00\",\"description\":\"Cump\u0103ra\u021bi Amnesia Haze De v\u00e2nzare online \u00een Marea Britanie, Europa, Amnesia Haze este un favorit european. Aceast\u0103 tulpin\u0103 intens psihedelic\u0103 este o Sativa care este cel mai bine l\u0103sat\u0103 consumatorilor experimenta\u021bi.\",\"breadcrumb\":{\"@id\":\"https:\\\/\\\/medicinasinc.com\\\/ro\\\/product\\\/amnezie-ceata\\\/#breadcrumb\"},\"inLanguage\":\"en-US\",\"potentialAction\":[{\"@type\":\"ReadAction\",\"target\":[\"https:\\\/\\\/medicinasinc.com\\\/ro\\\/product\\\/amnezie-ceata\\\/\"]}]},{\"@type\":\"ImageObject\",\"inLanguage\":\"en-US\",\"@id\":\"https:\\\/\\\/medicinasinc.com\\\/ro\\\/product\\\/amnezie-ceata\\\/#primaryimage\",\"url\":\"https:\\\/\\\/medicinasinc.com\\\/ro\\\/wp-content\\\/uploads\\\/sites\\\/11\\\/2022\\\/02\\\/Buy-Amnesia-Haze.jpg\",\"contentUrl\":\"https:\\\/\\\/medicinasinc.com\\\/ro\\\/wp-content\\\/uploads\\\/sites\\\/11\\\/2022\\\/02\\\/Buy-Amnesia-Haze.jpg\",\"width\":1159,\"height\":1043},{\"@type\":\"BreadcrumbList\",\"@id\":\"https:\\\/\\\/medicinasinc.com\\\/ro\\\/product\\\/amnezie-ceata\\\/#breadcrumb\",\"itemListElement\":[{\"@type\":\"ListItem\",\"position\":1,\"name\":\"Magazin\",\"item\":\"https:\\\/\\\/medicinasinc.com\\\/ro\\\/magazin\\\/\"},{\"@type\":\"ListItem\",\"position\":2,\"name\":\"Amnesia Haze\"}]},{\"@type\":\"WebSite\",\"@id\":\"https:\\\/\\\/medicinasinc.com\\\/ro\\\/#website\",\"url\":\"https:\\\/\\\/medicinasinc.com\\\/ro\\\/\",\"name\":\"Medicinas Inc\",\"description\":\"Health Medical Clinic\",\"potentialAction\":[{\"@type\":\"SearchAction\",\"target\":{\"@type\":\"EntryPoint\",\"urlTemplate\":\"https:\\\/\\\/medicinasinc.com\\\/ro\\\/?s={search_term_string}\"},\"query-input\":{\"@type\":\"PropertyValueSpecification\",\"valueRequired\":true,\"valueName\":\"search_term_string\"}}],\"inLanguage\":\"en-US\"}]}<\/script>\n<!-- \/ Yoast SEO plugin. -->","yoast_head_json":{"title":"Amnesia Haze - Tulpini de buruieni Amnesia Haze - Cele mai bune medicamente globale","description":"Cump\u0103ra\u021bi Amnesia Haze De v\u00e2nzare online \u00een Marea Britanie, Europa, Amnesia Haze este un favorit european. Aceast\u0103 tulpin\u0103 intens psihedelic\u0103 este o Sativa care este cel mai bine l\u0103sat\u0103 consumatorilor experimenta\u021bi.","robots":{"index":"index","follow":"follow","max-snippet":"max-snippet:-1","max-image-preview":"max-image-preview:large","max-video-preview":"max-video-preview:-1"},"canonical":"https:\/\/medicinasinc.com\/ro\/product\/amnezie-ceata\/","og_locale":"en_US","og_type":"article","og_title":"Amnesia Haze - Tulpini de buruieni Amnesia Haze - Cele mai bune medicamente globale","og_description":"Cump\u0103ra\u021bi Amnesia Haze De v\u00e2nzare online \u00een Marea Britanie, Europa, Amnesia Haze este un favorit european. Aceast\u0103 tulpin\u0103 intens psihedelic\u0103 este o Sativa care este cel mai bine l\u0103sat\u0103 consumatorilor experimenta\u021bi.","og_url":"https:\/\/medicinasinc.com\/ro\/product\/amnezie-ceata\/","og_site_name":"Medicinas Inc","article_modified_time":"2022-03-22T01:09:15+00:00","og_image":[{"width":1159,"height":1043,"url":"https:\/\/medicinasinc.com\/ro\/wp-content\/uploads\/sites\/11\/2022\/02\/Buy-Amnesia-Haze.jpg","type":"image\/jpeg"}],"twitter_card":"summary_large_image","twitter_misc":{"Est. reading time":"1 minute"},"schema":{"@context":"https:\/\/schema.org","@graph":[{"@type":"WebPage","@id":"https:\/\/medicinasinc.com\/ro\/product\/amnezie-ceata\/","url":"https:\/\/medicinasinc.com\/ro\/product\/amnezie-ceata\/","name":"Amnesia Haze - Tulpini de buruieni Amnesia Haze - Cele mai bune medicamente globale","isPartOf":{"@id":"https:\/\/medicinasinc.com\/ro\/#website"},"primaryImageOfPage":{"@id":"https:\/\/medicinasinc.com\/ro\/product\/amnezie-ceata\/#primaryimage"},"image":{"@id":"https:\/\/medicinasinc.com\/ro\/product\/amnezie-ceata\/#primaryimage"},"thumbnailUrl":"https:\/\/medicinasinc.com\/ro\/wp-content\/uploads\/sites\/11\/2022\/02\/Buy-Amnesia-Haze.jpg","datePublished":"2022-02-20T19:10:26+00:00","dateModified":"2022-03-22T01:09:15+00:00","description":"Cump\u0103ra\u021bi Amnesia Haze De v\u00e2nzare online \u00een Marea Britanie, Europa, Amnesia Haze este un favorit european. Aceast\u0103 tulpin\u0103 intens psihedelic\u0103 este o Sativa care este cel mai bine l\u0103sat\u0103 consumatorilor experimenta\u021bi.","breadcrumb":{"@id":"https:\/\/medicinasinc.com\/ro\/product\/amnezie-ceata\/#breadcrumb"},"inLanguage":"en-US","potentialAction":[{"@type":"ReadAction","target":["https:\/\/medicinasinc.com\/ro\/product\/amnezie-ceata\/"]}]},{"@type":"ImageObject","inLanguage":"en-US","@id":"https:\/\/medicinasinc.com\/ro\/product\/amnezie-ceata\/#primaryimage","url":"https:\/\/medicinasinc.com\/ro\/wp-content\/uploads\/sites\/11\/2022\/02\/Buy-Amnesia-Haze.jpg","contentUrl":"https:\/\/medicinasinc.com\/ro\/wp-content\/uploads\/sites\/11\/2022\/02\/Buy-Amnesia-Haze.jpg","width":1159,"height":1043},{"@type":"BreadcrumbList","@id":"https:\/\/medicinasinc.com\/ro\/product\/amnezie-ceata\/#breadcrumb","itemListElement":[{"@type":"ListItem","position":1,"name":"Magazin","item":"https:\/\/medicinasinc.com\/ro\/magazin\/"},{"@type":"ListItem","position":2,"name":"Amnesia Haze"}]},{"@type":"WebSite","@id":"https:\/\/medicinasinc.com\/ro\/#website","url":"https:\/\/medicinasinc.com\/ro\/","name":"Medicinas Inc","description":"Health Medical Clinic","potentialAction":[{"@type":"SearchAction","target":{"@type":"EntryPoint","urlTemplate":"https:\/\/medicinasinc.com\/ro\/?s={search_term_string}"},"query-input":{"@type":"PropertyValueSpecification","valueRequired":true,"valueName":"search_term_string"}}],"inLanguage":"en-US"}]}},"_links":{"self":[{"href":"https:\/\/medicinasinc.com\/ro\/wp-json\/wp\/v2\/product\/5019","targetHints":{"allow":["GET"]}}],"collection":[{"href":"https:\/\/medicinasinc.com\/ro\/wp-json\/wp\/v2\/product"}],"about":[{"href":"https:\/\/medicinasinc.com\/ro\/wp-json\/wp\/v2\/types\/product"}],"replies":[{"embeddable":true,"href":"https:\/\/medicinasinc.com\/ro\/wp-json\/wp\/v2\/comments?post=5019"}],"wp:featuredmedia":[{"embeddable":true,"href":"https:\/\/medicinasinc.com\/ro\/wp-json\/wp\/v2\/media\/5036"}],"wp:attachment":[{"href":"https:\/\/medicinasinc.com\/ro\/wp-json\/wp\/v2\/media?parent=5019"}],"wp:term":[{"taxonomy":"product_brand","embeddable":true,"href":"https:\/\/medicinasinc.com\/ro\/wp-json\/wp\/v2\/product_brand?post=5019"},{"taxonomy":"product_cat","embeddable":true,"href":"https:\/\/medicinasinc.com\/ro\/wp-json\/wp\/v2\/product_cat?post=5019"},{"taxonomy":"product_tag","embeddable":true,"href":"https:\/\/medicinasinc.com\/ro\/wp-json\/wp\/v2\/product_tag?post=5019"}],"curies":[{"name":"wp","href":"https:\/\/api.w.org\/{rel}","templated":true}]}}