{"id":5018,"date":"2022-02-20T19:09:20","date_gmt":"2022-02-20T19:09:20","guid":{"rendered":"https:\/\/medicinasinc.com\/ro\/?post_type=product&#038;p=5018"},"modified":"2022-03-22T01:09:24","modified_gmt":"2022-03-22T01:09:24","slug":"cumpara-ananas-express-marijuana","status":"publish","type":"product","link":"https:\/\/medicinasinc.com\/ro\/product\/cumpara-ananas-express-marijuana\/","title":{"rendered":"Cump\u0103ra\u021bi marijuana Pineapple Express"},"content":{"rendered":"<h1>Cump\u0103ra\u021bi online tulpin\u0103 de marijuana Pineapple Express.<\/h1>\n<p>Cump\u0103ra\u021bi online tulpin\u0103 de marijuana Pineapple Express.<\/p>\n<p>Efecte<br \/> Energizant, euforie, concentrare<br \/> Poate u\u0219ura<br \/> Durere cronic\u0103, depresie, oboseal\u0103, pierderea poftei de m\u00e2ncare, migrene, grea\u021b\u0103, co\u0219maruri<br \/> Arome<br \/> Citrice, pin, ananas, dulci, tropicale<br \/> Arome<br \/> p\u0103m\u00e2ntesc, pin, ananas, Dulce<\/p>\n<p>Cu toate acestea, trebuie s\u0103 \u021bine\u021bi cont de faptul c\u0103 tensiunea nu este chiar at\u00e2t de mare pe c\u00e2t o \u00eenf\u0103\u021bi\u0219eaz\u0103 filmul. Cu toate acestea, Pineapple Express ofer\u0103 un efect u\u0219or \u0219i pl\u0103cut de amor\u021bire a corpului, ceea ce este ceva de a\u0219teptat cu ner\u0103bdare.<\/p>\n<p>Tulpina este disponibil\u0103 sub form\u0103 de pepite precis ponderate, care seam\u0103n\u0103 cu floricelele de polistiren. Nu are o arom\u0103 dulce, dar are o arom\u0103 ciudat\u0103 datorit\u0103 nuan\u021belor de citrice. Aroma este destul de unic\u0103, cu o not\u0103 de ananas la inspira\u021bie. Pineapple Express este preferat pentru tratamentul unei variet\u0103\u021bi de afec\u021biuni medicale, inclusiv anxietate \u0219i stres. Cu toate acestea, are mult mai mult succes \u00een tratarea simultan\u0103 a simptomelor depresiei cronice. Dac\u0103 v\u0103 confrunta\u021bi cu dureri u\u0219oare, a\u021bi venit \u00een locul potrivit. Dup\u0103 o puf\u0103tur\u0103, ve\u021bi observa c\u0103 Pineapple Express este \u0219i lini\u0219tit \u0219i revigorant.<\/p>\n","protected":false},"excerpt":{"rendered":"<div class=\"woocommerce-product-details__short-description\">\n<p>Cump\u0103ra\u021bi tulpina de marijuana Pineapple Express pentru v\u00e2nzare online. Cump\u0103ra\u021bi tulpina de marijuana Pineapple Express. Un hibrid dominant sativa \u2013 60% Sativa \/ 40% Indica THC: 25%, CBN: 1%<\/p>\n<\/p><\/div>\n","protected":false},"featured_media":5034,"comment_status":"open","ping_status":"closed","template":"","meta":[],"product_brand":[],"product_cat":[778],"product_tag":[948,951,955,952,953,954,949,950],"class_list":{"0":"post-5018","1":"product","2":"type-product","3":"status-publish","4":"has-post-thumbnail","6":"product_cat-buruian-de-vnzare","7":"product_tag-ananas-express-afghanistan","8":"product_tag-ananas-express-efecte-tulpina","9":"product_tag-ananas-express-vape-cartu","10":"product_tag-ananas-express-tul-informaii","11":"product_tag-pineapple-express-strain-review","12":"product_tag-pineapple-express-strain-sativa-or-indica","13":"product_tag-seminte-express-ananas","14":"product_tag-ananas-express-tulpina-allbud","16":"first","17":"instock","18":"shipping-taxable","19":"purchasable","20":"product-type-variable","21":"has-default-attributes"},"yoast_head":"<!-- This site is optimized with the Yoast SEO plugin v27.3 - https:\/\/yoast.com\/product\/yoast-seo-wordpress\/ -->\n<title>Cump\u0103ra\u021bi marijuana Pineapple Express - Cele mai bune medicamente globale<\/title>\n<meta name=\"description\" content=\"Cump\u0103ra\u021bi tulpina de marijuana Pineapple Express pentru v\u00e2nzare online. Cump\u0103ra\u021bi tulpina de marijuana Pineapple Express. Un hibrid dominant sativa \u2013 60% Sativa \/ 40% Indica THC: 25%, CBN: 1%\" \/>\n<meta name=\"robots\" content=\"index, follow, max-snippet:-1, max-image-preview:large, max-video-preview:-1\" \/>\n<link rel=\"canonical\" href=\"https:\/\/medicinasinc.com\/ro\/product\/cumpara-ananas-express-marijuana\/\" \/>\n<meta property=\"og:locale\" content=\"en_US\" \/>\n<meta property=\"og:type\" content=\"article\" \/>\n<meta property=\"og:title\" content=\"Cump\u0103ra\u021bi marijuana Pineapple Express - Cele mai bune medicamente globale\" \/>\n<meta property=\"og:description\" content=\"Cump\u0103ra\u021bi tulpina de marijuana Pineapple Express pentru v\u00e2nzare online. Cump\u0103ra\u021bi tulpina de marijuana Pineapple Express. Un hibrid dominant sativa \u2013 60% Sativa \/ 40% Indica THC: 25%, CBN: 1%\" \/>\n<meta property=\"og:url\" content=\"https:\/\/medicinasinc.com\/ro\/product\/cumpara-ananas-express-marijuana\/\" \/>\n<meta property=\"og:site_name\" content=\"Medicinas Inc\" \/>\n<meta property=\"article:modified_time\" content=\"2022-03-22T01:09:24+00:00\" \/>\n<meta property=\"og:image\" content=\"https:\/\/medicinasinc.com\/ro\/wp-content\/uploads\/sites\/11\/2022\/02\/Buy-Pineapple-Express-Marijuana.jpeg\" \/>\n\t<meta property=\"og:image:width\" content=\"600\" \/>\n\t<meta property=\"og:image:height\" content=\"600\" \/>\n\t<meta property=\"og:image:type\" content=\"image\/jpeg\" \/>\n<meta name=\"twitter:card\" content=\"summary_large_image\" \/>\n<meta name=\"twitter:label1\" content=\"Est. reading time\" \/>\n\t<meta name=\"twitter:data1\" content=\"1 minute\" \/>\n<script type=\"application\/ld+json\" class=\"yoast-schema-graph\">{\"@context\":\"https:\\\/\\\/schema.org\",\"@graph\":[{\"@type\":\"WebPage\",\"@id\":\"https:\\\/\\\/medicinasinc.com\\\/ro\\\/product\\\/cumpara-ananas-express-marijuana\\\/\",\"url\":\"https:\\\/\\\/medicinasinc.com\\\/ro\\\/product\\\/cumpara-ananas-express-marijuana\\\/\",\"name\":\"Cump\u0103ra\u021bi marijuana Pineapple Express - Cele mai bune medicamente globale\",\"isPartOf\":{\"@id\":\"https:\\\/\\\/medicinasinc.com\\\/ro\\\/#website\"},\"primaryImageOfPage\":{\"@id\":\"https:\\\/\\\/medicinasinc.com\\\/ro\\\/product\\\/cumpara-ananas-express-marijuana\\\/#primaryimage\"},\"image\":{\"@id\":\"https:\\\/\\\/medicinasinc.com\\\/ro\\\/product\\\/cumpara-ananas-express-marijuana\\\/#primaryimage\"},\"thumbnailUrl\":\"https:\\\/\\\/medicinasinc.com\\\/ro\\\/wp-content\\\/uploads\\\/sites\\\/11\\\/2022\\\/02\\\/Buy-Pineapple-Express-Marijuana.jpeg\",\"datePublished\":\"2022-02-20T19:09:20+00:00\",\"dateModified\":\"2022-03-22T01:09:24+00:00\",\"description\":\"Cump\u0103ra\u021bi tulpina de marijuana Pineapple Express pentru v\u00e2nzare online. Cump\u0103ra\u021bi tulpina de marijuana Pineapple Express. Un hibrid dominant sativa \u2013 60% Sativa \\\/ 40% Indica THC: 25%, CBN: 1%\",\"breadcrumb\":{\"@id\":\"https:\\\/\\\/medicinasinc.com\\\/ro\\\/product\\\/cumpara-ananas-express-marijuana\\\/#breadcrumb\"},\"inLanguage\":\"en-US\",\"potentialAction\":[{\"@type\":\"ReadAction\",\"target\":[\"https:\\\/\\\/medicinasinc.com\\\/ro\\\/product\\\/cumpara-ananas-express-marijuana\\\/\"]}]},{\"@type\":\"ImageObject\",\"inLanguage\":\"en-US\",\"@id\":\"https:\\\/\\\/medicinasinc.com\\\/ro\\\/product\\\/cumpara-ananas-express-marijuana\\\/#primaryimage\",\"url\":\"https:\\\/\\\/medicinasinc.com\\\/ro\\\/wp-content\\\/uploads\\\/sites\\\/11\\\/2022\\\/02\\\/Buy-Pineapple-Express-Marijuana.jpeg\",\"contentUrl\":\"https:\\\/\\\/medicinasinc.com\\\/ro\\\/wp-content\\\/uploads\\\/sites\\\/11\\\/2022\\\/02\\\/Buy-Pineapple-Express-Marijuana.jpeg\",\"width\":600,\"height\":600},{\"@type\":\"BreadcrumbList\",\"@id\":\"https:\\\/\\\/medicinasinc.com\\\/ro\\\/product\\\/cumpara-ananas-express-marijuana\\\/#breadcrumb\",\"itemListElement\":[{\"@type\":\"ListItem\",\"position\":1,\"name\":\"Magazin\",\"item\":\"https:\\\/\\\/medicinasinc.com\\\/ro\\\/magazin\\\/\"},{\"@type\":\"ListItem\",\"position\":2,\"name\":\"Cump\u0103ra\u021bi marijuana Pineapple Express\"}]},{\"@type\":\"WebSite\",\"@id\":\"https:\\\/\\\/medicinasinc.com\\\/ro\\\/#website\",\"url\":\"https:\\\/\\\/medicinasinc.com\\\/ro\\\/\",\"name\":\"Medicinas Inc\",\"description\":\"Health Medical Clinic\",\"potentialAction\":[{\"@type\":\"SearchAction\",\"target\":{\"@type\":\"EntryPoint\",\"urlTemplate\":\"https:\\\/\\\/medicinasinc.com\\\/ro\\\/?s={search_term_string}\"},\"query-input\":{\"@type\":\"PropertyValueSpecification\",\"valueRequired\":true,\"valueName\":\"search_term_string\"}}],\"inLanguage\":\"en-US\"}]}<\/script>\n<!-- \/ Yoast SEO plugin. -->","yoast_head_json":{"title":"Cump\u0103ra\u021bi marijuana Pineapple Express - Cele mai bune medicamente globale","description":"Cump\u0103ra\u021bi tulpina de marijuana Pineapple Express pentru v\u00e2nzare online. Cump\u0103ra\u021bi tulpina de marijuana Pineapple Express. Un hibrid dominant sativa \u2013 60% Sativa \/ 40% Indica THC: 25%, CBN: 1%","robots":{"index":"index","follow":"follow","max-snippet":"max-snippet:-1","max-image-preview":"max-image-preview:large","max-video-preview":"max-video-preview:-1"},"canonical":"https:\/\/medicinasinc.com\/ro\/product\/cumpara-ananas-express-marijuana\/","og_locale":"en_US","og_type":"article","og_title":"Cump\u0103ra\u021bi marijuana Pineapple Express - Cele mai bune medicamente globale","og_description":"Cump\u0103ra\u021bi tulpina de marijuana Pineapple Express pentru v\u00e2nzare online. Cump\u0103ra\u021bi tulpina de marijuana Pineapple Express. Un hibrid dominant sativa \u2013 60% Sativa \/ 40% Indica THC: 25%, CBN: 1%","og_url":"https:\/\/medicinasinc.com\/ro\/product\/cumpara-ananas-express-marijuana\/","og_site_name":"Medicinas Inc","article_modified_time":"2022-03-22T01:09:24+00:00","og_image":[{"width":600,"height":600,"url":"https:\/\/medicinasinc.com\/ro\/wp-content\/uploads\/sites\/11\/2022\/02\/Buy-Pineapple-Express-Marijuana.jpeg","type":"image\/jpeg"}],"twitter_card":"summary_large_image","twitter_misc":{"Est. reading time":"1 minute"},"schema":{"@context":"https:\/\/schema.org","@graph":[{"@type":"WebPage","@id":"https:\/\/medicinasinc.com\/ro\/product\/cumpara-ananas-express-marijuana\/","url":"https:\/\/medicinasinc.com\/ro\/product\/cumpara-ananas-express-marijuana\/","name":"Cump\u0103ra\u021bi marijuana Pineapple Express - Cele mai bune medicamente globale","isPartOf":{"@id":"https:\/\/medicinasinc.com\/ro\/#website"},"primaryImageOfPage":{"@id":"https:\/\/medicinasinc.com\/ro\/product\/cumpara-ananas-express-marijuana\/#primaryimage"},"image":{"@id":"https:\/\/medicinasinc.com\/ro\/product\/cumpara-ananas-express-marijuana\/#primaryimage"},"thumbnailUrl":"https:\/\/medicinasinc.com\/ro\/wp-content\/uploads\/sites\/11\/2022\/02\/Buy-Pineapple-Express-Marijuana.jpeg","datePublished":"2022-02-20T19:09:20+00:00","dateModified":"2022-03-22T01:09:24+00:00","description":"Cump\u0103ra\u021bi tulpina de marijuana Pineapple Express pentru v\u00e2nzare online. Cump\u0103ra\u021bi tulpina de marijuana Pineapple Express. Un hibrid dominant sativa \u2013 60% Sativa \/ 40% Indica THC: 25%, CBN: 1%","breadcrumb":{"@id":"https:\/\/medicinasinc.com\/ro\/product\/cumpara-ananas-express-marijuana\/#breadcrumb"},"inLanguage":"en-US","potentialAction":[{"@type":"ReadAction","target":["https:\/\/medicinasinc.com\/ro\/product\/cumpara-ananas-express-marijuana\/"]}]},{"@type":"ImageObject","inLanguage":"en-US","@id":"https:\/\/medicinasinc.com\/ro\/product\/cumpara-ananas-express-marijuana\/#primaryimage","url":"https:\/\/medicinasinc.com\/ro\/wp-content\/uploads\/sites\/11\/2022\/02\/Buy-Pineapple-Express-Marijuana.jpeg","contentUrl":"https:\/\/medicinasinc.com\/ro\/wp-content\/uploads\/sites\/11\/2022\/02\/Buy-Pineapple-Express-Marijuana.jpeg","width":600,"height":600},{"@type":"BreadcrumbList","@id":"https:\/\/medicinasinc.com\/ro\/product\/cumpara-ananas-express-marijuana\/#breadcrumb","itemListElement":[{"@type":"ListItem","position":1,"name":"Magazin","item":"https:\/\/medicinasinc.com\/ro\/magazin\/"},{"@type":"ListItem","position":2,"name":"Cump\u0103ra\u021bi marijuana Pineapple Express"}]},{"@type":"WebSite","@id":"https:\/\/medicinasinc.com\/ro\/#website","url":"https:\/\/medicinasinc.com\/ro\/","name":"Medicinas Inc","description":"Health Medical Clinic","potentialAction":[{"@type":"SearchAction","target":{"@type":"EntryPoint","urlTemplate":"https:\/\/medicinasinc.com\/ro\/?s={search_term_string}"},"query-input":{"@type":"PropertyValueSpecification","valueRequired":true,"valueName":"search_term_string"}}],"inLanguage":"en-US"}]}},"_links":{"self":[{"href":"https:\/\/medicinasinc.com\/ro\/wp-json\/wp\/v2\/product\/5018","targetHints":{"allow":["GET"]}}],"collection":[{"href":"https:\/\/medicinasinc.com\/ro\/wp-json\/wp\/v2\/product"}],"about":[{"href":"https:\/\/medicinasinc.com\/ro\/wp-json\/wp\/v2\/types\/product"}],"replies":[{"embeddable":true,"href":"https:\/\/medicinasinc.com\/ro\/wp-json\/wp\/v2\/comments?post=5018"}],"wp:featuredmedia":[{"embeddable":true,"href":"https:\/\/medicinasinc.com\/ro\/wp-json\/wp\/v2\/media\/5034"}],"wp:attachment":[{"href":"https:\/\/medicinasinc.com\/ro\/wp-json\/wp\/v2\/media?parent=5018"}],"wp:term":[{"taxonomy":"product_brand","embeddable":true,"href":"https:\/\/medicinasinc.com\/ro\/wp-json\/wp\/v2\/product_brand?post=5018"},{"taxonomy":"product_cat","embeddable":true,"href":"https:\/\/medicinasinc.com\/ro\/wp-json\/wp\/v2\/product_cat?post=5018"},{"taxonomy":"product_tag","embeddable":true,"href":"https:\/\/medicinasinc.com\/ro\/wp-json\/wp\/v2\/product_tag?post=5018"}],"curies":[{"name":"wp","href":"https:\/\/api.w.org\/{rel}","templated":true}]}}