{"id":4998,"date":"2022-02-20T18:55:26","date_gmt":"2022-02-20T18:55:26","guid":{"rendered":"https:\/\/medicinasinc.com\/ro\/?post_type=product&#038;p=4998"},"modified":"2022-03-22T01:09:34","modified_gmt":"2022-03-22T01:09:34","slug":"cumpara-mickey-kush","status":"publish","type":"product","link":"https:\/\/medicinasinc.com\/ro\/product\/cumpara-mickey-kush\/","title":{"rendered":"Cump\u0103ra\u021bi Mickey Kush"},"content":{"rendered":"<p>Achizi\u021bionarea online a tulpinii de marijuana Mickey Kush<\/p>\n<p>Ace\u0219ti muguri foarte concentra\u021bi au o arom\u0103 de p\u0103m\u00e2nt, kush, cu nuan\u021be de l\u0103m\u00e2ie \u0219i ofer\u0103 efecte energice \u0219i concentrate. Mickey Kush este binecunoscut pentru con\u021binutul s\u0103u puternic de canabinoizi THC \u0219i CBG, ceea ce \u00eel face o alegere excelent\u0103 pentru tratamentul tumorilor, ameliorarea grea\u021bei \u0219i ameliorarea depresiei. Aceste plante de interior sau de exterior ating o \u00een\u0103l\u021bime medie \u0219i ofer\u0103 un randament moderat p\u00e2n\u0103 la mare pe o perioad\u0103 de \u00eenflorire de 7 p\u00e2n\u0103 la 8 s\u0103pt\u0103m\u00e2ni.<\/p>\n","protected":false},"excerpt":{"rendered":"<div class=\"woocommerce-product-details__short-description\">\n<p>Cump\u0103ra\u021bi online tulpina de marijuana Mickey Kush. Clien\u021bii \u00eentreab\u0103 adesea. Po\u021bi\u00a0<em>cump\u0103ra<\/em>\u00a0iarb\u0103\u00a0<em>online<\/em> \u0219i s\u0103 o livrezi f\u0103r\u0103 ca poli\u021bi\u0219tii s\u0103 o urm\u0103reasc\u0103? DA!<\/p>\n<\/p><\/div>\n","protected":false},"featured_media":5017,"comment_status":"open","ping_status":"closed","template":"","meta":[],"product_brand":[],"product_cat":[778],"product_tag":[],"class_list":{"0":"post-4998","1":"product","2":"type-product","3":"status-publish","4":"has-post-thumbnail","6":"product_cat-buruian-de-vnzare","8":"first","9":"instock","10":"shipping-taxable","11":"purchasable","12":"product-type-variable","13":"has-default-attributes"},"yoast_head":"<!-- This site is optimized with the Yoast SEO plugin v27.3 - https:\/\/yoast.com\/product\/yoast-seo-wordpress\/ -->\n<title>Cump\u0103ra\u021bi Mickey Kush - Mickey Kush marijuana - Cele mai bune medicamente globale<\/title>\n<meta name=\"description\" content=\"Cump\u0103ra\u021bi online tulpina de marijuana Mickey Kush. Clien\u021bii \u00eentreab\u0103 adesea. Po\u021bi cump\u0103ra iarb\u0103 online \u0219i s\u0103 o livrezi f\u0103r\u0103 ca poli\u021bi\u0219tii s\u0103 o urm\u0103reasc\u0103? DA!\" \/>\n<meta name=\"robots\" content=\"index, follow, max-snippet:-1, max-image-preview:large, max-video-preview:-1\" \/>\n<link rel=\"canonical\" href=\"https:\/\/medicinasinc.com\/ro\/product\/cumpara-mickey-kush\/\" \/>\n<meta property=\"og:locale\" content=\"en_US\" \/>\n<meta property=\"og:type\" content=\"article\" \/>\n<meta property=\"og:title\" content=\"Cump\u0103ra\u021bi Mickey Kush - Mickey Kush marijuana - Cele mai bune medicamente globale\" \/>\n<meta property=\"og:description\" content=\"Cump\u0103ra\u021bi online tulpina de marijuana Mickey Kush. Clien\u021bii \u00eentreab\u0103 adesea. Po\u021bi cump\u0103ra iarb\u0103 online \u0219i s\u0103 o livrezi f\u0103r\u0103 ca poli\u021bi\u0219tii s\u0103 o urm\u0103reasc\u0103? DA!\" \/>\n<meta property=\"og:url\" content=\"https:\/\/medicinasinc.com\/ro\/product\/cumpara-mickey-kush\/\" \/>\n<meta property=\"og:site_name\" content=\"Medicinas Inc\" \/>\n<meta property=\"article:modified_time\" content=\"2022-03-22T01:09:34+00:00\" \/>\n<meta property=\"og:image\" content=\"https:\/\/medicinasinc.com\/ro\/wp-content\/uploads\/sites\/11\/2022\/02\/Buy-Mickey-Kush-Marijuana.jpg\" \/>\n\t<meta property=\"og:image:width\" content=\"1200\" \/>\n\t<meta property=\"og:image:height\" content=\"630\" \/>\n\t<meta property=\"og:image:type\" content=\"image\/jpeg\" \/>\n<meta name=\"twitter:card\" content=\"summary_large_image\" \/>\n<meta name=\"twitter:label1\" content=\"Est. reading time\" \/>\n\t<meta name=\"twitter:data1\" content=\"1 minute\" \/>\n<script type=\"application\/ld+json\" class=\"yoast-schema-graph\">{\"@context\":\"https:\\\/\\\/schema.org\",\"@graph\":[{\"@type\":\"WebPage\",\"@id\":\"https:\\\/\\\/medicinasinc.com\\\/ro\\\/product\\\/cumpara-mickey-kush\\\/\",\"url\":\"https:\\\/\\\/medicinasinc.com\\\/ro\\\/product\\\/cumpara-mickey-kush\\\/\",\"name\":\"Cump\u0103ra\u021bi Mickey Kush - Mickey Kush marijuana - Cele mai bune medicamente globale\",\"isPartOf\":{\"@id\":\"https:\\\/\\\/medicinasinc.com\\\/ro\\\/#website\"},\"primaryImageOfPage\":{\"@id\":\"https:\\\/\\\/medicinasinc.com\\\/ro\\\/product\\\/cumpara-mickey-kush\\\/#primaryimage\"},\"image\":{\"@id\":\"https:\\\/\\\/medicinasinc.com\\\/ro\\\/product\\\/cumpara-mickey-kush\\\/#primaryimage\"},\"thumbnailUrl\":\"https:\\\/\\\/medicinasinc.com\\\/ro\\\/wp-content\\\/uploads\\\/sites\\\/11\\\/2022\\\/02\\\/Buy-Mickey-Kush-Marijuana.jpg\",\"datePublished\":\"2022-02-20T18:55:26+00:00\",\"dateModified\":\"2022-03-22T01:09:34+00:00\",\"description\":\"Cump\u0103ra\u021bi online tulpina de marijuana Mickey Kush. Clien\u021bii \u00eentreab\u0103 adesea. Po\u021bi cump\u0103ra iarb\u0103 online \u0219i s\u0103 o livrezi f\u0103r\u0103 ca poli\u021bi\u0219tii s\u0103 o urm\u0103reasc\u0103? DA!\",\"breadcrumb\":{\"@id\":\"https:\\\/\\\/medicinasinc.com\\\/ro\\\/product\\\/cumpara-mickey-kush\\\/#breadcrumb\"},\"inLanguage\":\"en-US\",\"potentialAction\":[{\"@type\":\"ReadAction\",\"target\":[\"https:\\\/\\\/medicinasinc.com\\\/ro\\\/product\\\/cumpara-mickey-kush\\\/\"]}]},{\"@type\":\"ImageObject\",\"inLanguage\":\"en-US\",\"@id\":\"https:\\\/\\\/medicinasinc.com\\\/ro\\\/product\\\/cumpara-mickey-kush\\\/#primaryimage\",\"url\":\"https:\\\/\\\/medicinasinc.com\\\/ro\\\/wp-content\\\/uploads\\\/sites\\\/11\\\/2022\\\/02\\\/Buy-Mickey-Kush-Marijuana.jpg\",\"contentUrl\":\"https:\\\/\\\/medicinasinc.com\\\/ro\\\/wp-content\\\/uploads\\\/sites\\\/11\\\/2022\\\/02\\\/Buy-Mickey-Kush-Marijuana.jpg\",\"width\":1200,\"height\":630},{\"@type\":\"BreadcrumbList\",\"@id\":\"https:\\\/\\\/medicinasinc.com\\\/ro\\\/product\\\/cumpara-mickey-kush\\\/#breadcrumb\",\"itemListElement\":[{\"@type\":\"ListItem\",\"position\":1,\"name\":\"Magazin\",\"item\":\"https:\\\/\\\/medicinasinc.com\\\/ro\\\/magazin\\\/\"},{\"@type\":\"ListItem\",\"position\":2,\"name\":\"Cump\u0103ra\u021bi Mickey Kush\"}]},{\"@type\":\"WebSite\",\"@id\":\"https:\\\/\\\/medicinasinc.com\\\/ro\\\/#website\",\"url\":\"https:\\\/\\\/medicinasinc.com\\\/ro\\\/\",\"name\":\"Medicinas Inc\",\"description\":\"Health Medical Clinic\",\"potentialAction\":[{\"@type\":\"SearchAction\",\"target\":{\"@type\":\"EntryPoint\",\"urlTemplate\":\"https:\\\/\\\/medicinasinc.com\\\/ro\\\/?s={search_term_string}\"},\"query-input\":{\"@type\":\"PropertyValueSpecification\",\"valueRequired\":true,\"valueName\":\"search_term_string\"}}],\"inLanguage\":\"en-US\"}]}<\/script>\n<!-- \/ Yoast SEO plugin. -->","yoast_head_json":{"title":"Cump\u0103ra\u021bi Mickey Kush - Mickey Kush marijuana - Cele mai bune medicamente globale","description":"Cump\u0103ra\u021bi online tulpina de marijuana Mickey Kush. Clien\u021bii \u00eentreab\u0103 adesea. Po\u021bi cump\u0103ra iarb\u0103 online \u0219i s\u0103 o livrezi f\u0103r\u0103 ca poli\u021bi\u0219tii s\u0103 o urm\u0103reasc\u0103? DA!","robots":{"index":"index","follow":"follow","max-snippet":"max-snippet:-1","max-image-preview":"max-image-preview:large","max-video-preview":"max-video-preview:-1"},"canonical":"https:\/\/medicinasinc.com\/ro\/product\/cumpara-mickey-kush\/","og_locale":"en_US","og_type":"article","og_title":"Cump\u0103ra\u021bi Mickey Kush - Mickey Kush marijuana - Cele mai bune medicamente globale","og_description":"Cump\u0103ra\u021bi online tulpina de marijuana Mickey Kush. Clien\u021bii \u00eentreab\u0103 adesea. Po\u021bi cump\u0103ra iarb\u0103 online \u0219i s\u0103 o livrezi f\u0103r\u0103 ca poli\u021bi\u0219tii s\u0103 o urm\u0103reasc\u0103? DA!","og_url":"https:\/\/medicinasinc.com\/ro\/product\/cumpara-mickey-kush\/","og_site_name":"Medicinas Inc","article_modified_time":"2022-03-22T01:09:34+00:00","og_image":[{"width":1200,"height":630,"url":"https:\/\/medicinasinc.com\/ro\/wp-content\/uploads\/sites\/11\/2022\/02\/Buy-Mickey-Kush-Marijuana.jpg","type":"image\/jpeg"}],"twitter_card":"summary_large_image","twitter_misc":{"Est. reading time":"1 minute"},"schema":{"@context":"https:\/\/schema.org","@graph":[{"@type":"WebPage","@id":"https:\/\/medicinasinc.com\/ro\/product\/cumpara-mickey-kush\/","url":"https:\/\/medicinasinc.com\/ro\/product\/cumpara-mickey-kush\/","name":"Cump\u0103ra\u021bi Mickey Kush - Mickey Kush marijuana - Cele mai bune medicamente globale","isPartOf":{"@id":"https:\/\/medicinasinc.com\/ro\/#website"},"primaryImageOfPage":{"@id":"https:\/\/medicinasinc.com\/ro\/product\/cumpara-mickey-kush\/#primaryimage"},"image":{"@id":"https:\/\/medicinasinc.com\/ro\/product\/cumpara-mickey-kush\/#primaryimage"},"thumbnailUrl":"https:\/\/medicinasinc.com\/ro\/wp-content\/uploads\/sites\/11\/2022\/02\/Buy-Mickey-Kush-Marijuana.jpg","datePublished":"2022-02-20T18:55:26+00:00","dateModified":"2022-03-22T01:09:34+00:00","description":"Cump\u0103ra\u021bi online tulpina de marijuana Mickey Kush. Clien\u021bii \u00eentreab\u0103 adesea. Po\u021bi cump\u0103ra iarb\u0103 online \u0219i s\u0103 o livrezi f\u0103r\u0103 ca poli\u021bi\u0219tii s\u0103 o urm\u0103reasc\u0103? DA!","breadcrumb":{"@id":"https:\/\/medicinasinc.com\/ro\/product\/cumpara-mickey-kush\/#breadcrumb"},"inLanguage":"en-US","potentialAction":[{"@type":"ReadAction","target":["https:\/\/medicinasinc.com\/ro\/product\/cumpara-mickey-kush\/"]}]},{"@type":"ImageObject","inLanguage":"en-US","@id":"https:\/\/medicinasinc.com\/ro\/product\/cumpara-mickey-kush\/#primaryimage","url":"https:\/\/medicinasinc.com\/ro\/wp-content\/uploads\/sites\/11\/2022\/02\/Buy-Mickey-Kush-Marijuana.jpg","contentUrl":"https:\/\/medicinasinc.com\/ro\/wp-content\/uploads\/sites\/11\/2022\/02\/Buy-Mickey-Kush-Marijuana.jpg","width":1200,"height":630},{"@type":"BreadcrumbList","@id":"https:\/\/medicinasinc.com\/ro\/product\/cumpara-mickey-kush\/#breadcrumb","itemListElement":[{"@type":"ListItem","position":1,"name":"Magazin","item":"https:\/\/medicinasinc.com\/ro\/magazin\/"},{"@type":"ListItem","position":2,"name":"Cump\u0103ra\u021bi Mickey Kush"}]},{"@type":"WebSite","@id":"https:\/\/medicinasinc.com\/ro\/#website","url":"https:\/\/medicinasinc.com\/ro\/","name":"Medicinas Inc","description":"Health Medical Clinic","potentialAction":[{"@type":"SearchAction","target":{"@type":"EntryPoint","urlTemplate":"https:\/\/medicinasinc.com\/ro\/?s={search_term_string}"},"query-input":{"@type":"PropertyValueSpecification","valueRequired":true,"valueName":"search_term_string"}}],"inLanguage":"en-US"}]}},"_links":{"self":[{"href":"https:\/\/medicinasinc.com\/ro\/wp-json\/wp\/v2\/product\/4998","targetHints":{"allow":["GET"]}}],"collection":[{"href":"https:\/\/medicinasinc.com\/ro\/wp-json\/wp\/v2\/product"}],"about":[{"href":"https:\/\/medicinasinc.com\/ro\/wp-json\/wp\/v2\/types\/product"}],"replies":[{"embeddable":true,"href":"https:\/\/medicinasinc.com\/ro\/wp-json\/wp\/v2\/comments?post=4998"}],"wp:featuredmedia":[{"embeddable":true,"href":"https:\/\/medicinasinc.com\/ro\/wp-json\/wp\/v2\/media\/5017"}],"wp:attachment":[{"href":"https:\/\/medicinasinc.com\/ro\/wp-json\/wp\/v2\/media?parent=4998"}],"wp:term":[{"taxonomy":"product_brand","embeddable":true,"href":"https:\/\/medicinasinc.com\/ro\/wp-json\/wp\/v2\/product_brand?post=4998"},{"taxonomy":"product_cat","embeddable":true,"href":"https:\/\/medicinasinc.com\/ro\/wp-json\/wp\/v2\/product_cat?post=4998"},{"taxonomy":"product_tag","embeddable":true,"href":"https:\/\/medicinasinc.com\/ro\/wp-json\/wp\/v2\/product_tag?post=4998"}],"curies":[{"name":"wp","href":"https:\/\/api.w.org\/{rel}","templated":true}]}}