{"id":4996,"date":"2022-02-20T18:53:00","date_gmt":"2022-02-20T18:53:00","guid":{"rendered":"https:\/\/medicinasinc.com\/ro\/?post_type=product&#038;p=4996"},"modified":"2022-03-22T01:09:54","modified_gmt":"2022-03-22T01:09:54","slug":"cumpara-lemon-skunk","status":"publish","type":"product","link":"https:\/\/medicinasinc.com\/ro\/product\/cumpara-lemon-skunk\/","title":{"rendered":"Cump\u0103ra\u021bi Lemon Skunk"},"content":{"rendered":"<p>Lemon Skunk este disponibil la dispensarul online de marijuana Chronic Post.<\/p>\n<p>ChronicPost Lemon Skunk este un hibrid Sativa multipremiat, cu arom\u0103 de l\u0103m\u00e2ie \u0219i un con\u021binut de THC de p\u00e2n\u0103 la 22%. \u00cen 2009, a fost inclus\u0103 \u00een clasamentul High Times al primelor zece tulpini.<\/p>\n<p>Con\u021binutul de THC al lui Lemon Skunk variaz\u0103 \u00een medie \u00eentre 14 \u0219i 15% \u0219i a fost testat p\u00e2n\u0103 la 22% THC. Se \u0219tie c\u0103 \u00eenaltul s\u0103u stimuleaz\u0103 func\u021bia cerebral\u0103, rezult\u00e2nd o creativitate mai mare \u0219i \u00eenv\u0103luind utilizatorul \u00eentr-un zumzet vesel \u0219i energizant. Numero\u0219i recenzen\u021bi au caracterizat high-ul Lemon Skunk ca fiind introspectiv, st\u00e2rnind g\u00e2nduri \u0219i \u00eembun\u0103t\u0103\u021bind inventivitatea. Dup\u0103 una sau dou\u0103 ore, componentele indica ale tulpinii \u00eencep s\u0103 intre, l\u0103s\u00e2nd utilizatorul u\u0219or obosit pe m\u0103sur\u0103 ce efectele cerebrale dispar.<\/p>\n<p>Lemon Skunk este o plant\u0103 oarecum \u00eenalt\u0103 \u0219i productiv\u0103, care este exact ceea ce numele implic\u0103 \u2013 o variant\u0103 Skunk cu nuan\u021be puternice de citrice, cu un efect puternic \u0219i lini\u0219titor. Posed\u0103 mugurii caracteristici de culoare verde lime \u0219i pistilurile portocalii vii ale lui Skunk, rezult\u00e2nd cola geroas\u0103, dens\u0103, \u00een form\u0103 de suli\u021b\u0103.<\/p>\n","protected":false},"excerpt":{"rendered":"<div class=\"woocommerce-product-details__short-description\">\n<p>Lemon Skunk con\u021bine o cantitate moderat\u0103 de THC \u0219i foarte pu\u021bin CBD. Descoperi\u021bi mai multe despre DNA Genetics Lemon Skunk \u0219i plasa\u021bi achizi\u021bia cu Tokyo Smoke ast\u0103zi.<\/p>\n<p>Lemon Skunk Weed de v\u00e2nzare online. Lemon Kush este un amestec \u00eentre Master Kush \u0219i Lemon Joy \u0219i produce un randament sc\u0103zut spre moderat. Recomandat pentru pacien\u021bii cu HIV\/SIDA, glaucom, boala Parkinson, anxietate \u0219i dureri cronice<\/p>\n<p><strong>Dimensiunea mugurilor:\u00a0<\/strong>Mic<br \/> <strong>Textur\u0103:\u00a0<\/strong>Uscat<br \/> <strong>Arome:\u00a0<\/strong>L\u0103m\u00e2ie \/ Citrice \/ Proasp\u0103t<br \/> <strong>Utilizare obi\u0219nuit\u0103:<\/strong>\u00a0Durere \/ Poft\u0103 de m\u00e2ncare \/ Depresie<br \/> <strong><a href=\"https:\/\/www.bestglobalmeds.com\/product\/marijuana\/lemon-skunk\/\">THC<\/a>:<\/strong>\u00a022%\u00a0 \u00a0<strong><a href=\"https:\/\/www.bestglobalmeds. com\/product\/marijuana\/lemon-skunk\/\">CBD<\/a>: &lt;<\/strong>1%<\/p>\n<\/p><\/div>\n","protected":false},"featured_media":5013,"comment_status":"open","ping_status":"closed","template":"","meta":[],"product_brand":[],"product_cat":[778],"product_tag":[932,934,939,933,935,937,938,936],"class_list":{"0":"post-4996","1":"product","2":"type-product","3":"status-publish","4":"has-post-thumbnail","6":"product_cat-buruian-de-vnzare","7":"product_tag-best-lemon-skunk-seeds","8":"product_tag-lmie-skunk-cartu","9":"product_tag-gust-de-lamaie","10":"product_tag-lemon-skunk-auto","11":"product_tag-lemon-skunk-cbd","12":"product_tag-lemon-skunk-indica-or-sativa","13":"product_tag-lamaie-skunk-pret","14":"product_tag-lemon-skunk-seed-seeds-review","16":"first","17":"instock","18":"shipping-taxable","19":"purchasable","20":"product-type-variable","21":"has-default-attributes"},"yoast_head":"<!-- This site is optimized with the Yoast SEO plugin v27.3 - https:\/\/yoast.com\/product\/yoast-seo-wordpress\/ -->\n<title>Cump\u0103ra\u021bi Lemon Skunk - Cele mai bune medicamente globale<\/title>\n<meta name=\"description\" content=\"Cump\u0103ra\u021bi online Lemon Skunk Weed. Lemon Kush este o \u00eencruci\u0219are \u00eentre Master Kush \u0219i Lemon Joy, are un randament sc\u0103zut spre mediu. Recomandat pacien\u021bilor cu HIV\/SIDA, glaucom, boala Parkinson, anxietate, durere cronic\u0103...\" \/>\n<meta name=\"robots\" content=\"index, follow, max-snippet:-1, max-image-preview:large, max-video-preview:-1\" \/>\n<link rel=\"canonical\" href=\"https:\/\/medicinasinc.com\/ro\/product\/cumpara-lemon-skunk\/\" \/>\n<meta property=\"og:locale\" content=\"en_US\" \/>\n<meta property=\"og:type\" content=\"article\" \/>\n<meta property=\"og:title\" content=\"Cump\u0103ra\u021bi Lemon Skunk - Cele mai bune medicamente globale\" \/>\n<meta property=\"og:description\" content=\"Cump\u0103ra\u021bi online Lemon Skunk Weed. Lemon Kush este o \u00eencruci\u0219are \u00eentre Master Kush \u0219i Lemon Joy, are un randament sc\u0103zut spre mediu. Recomandat pacien\u021bilor cu HIV\/SIDA, glaucom, boala Parkinson, anxietate, durere cronic\u0103...\" \/>\n<meta property=\"og:url\" content=\"https:\/\/medicinasinc.com\/ro\/product\/cumpara-lemon-skunk\/\" \/>\n<meta property=\"og:site_name\" content=\"Medicinas Inc\" \/>\n<meta property=\"article:modified_time\" content=\"2022-03-22T01:09:54+00:00\" \/>\n<meta property=\"og:image\" content=\"https:\/\/medicinasinc.com\/ro\/wp-content\/uploads\/sites\/11\/2022\/02\/Buy-Lemon-Skunk.jpg\" \/>\n\t<meta property=\"og:image:width\" content=\"2403\" \/>\n\t<meta property=\"og:image:height\" content=\"2403\" \/>\n\t<meta property=\"og:image:type\" content=\"image\/jpeg\" \/>\n<meta name=\"twitter:card\" content=\"summary_large_image\" \/>\n<meta name=\"twitter:label1\" content=\"Est. reading time\" \/>\n\t<meta name=\"twitter:data1\" content=\"1 minute\" \/>\n<script type=\"application\/ld+json\" class=\"yoast-schema-graph\">{\"@context\":\"https:\\\/\\\/schema.org\",\"@graph\":[{\"@type\":\"WebPage\",\"@id\":\"https:\\\/\\\/medicinasinc.com\\\/ro\\\/product\\\/cumpara-lemon-skunk\\\/\",\"url\":\"https:\\\/\\\/medicinasinc.com\\\/ro\\\/product\\\/cumpara-lemon-skunk\\\/\",\"name\":\"Cump\u0103ra\u021bi Lemon Skunk - Cele mai bune medicamente globale\",\"isPartOf\":{\"@id\":\"https:\\\/\\\/medicinasinc.com\\\/ro\\\/#website\"},\"primaryImageOfPage\":{\"@id\":\"https:\\\/\\\/medicinasinc.com\\\/ro\\\/product\\\/cumpara-lemon-skunk\\\/#primaryimage\"},\"image\":{\"@id\":\"https:\\\/\\\/medicinasinc.com\\\/ro\\\/product\\\/cumpara-lemon-skunk\\\/#primaryimage\"},\"thumbnailUrl\":\"https:\\\/\\\/medicinasinc.com\\\/ro\\\/wp-content\\\/uploads\\\/sites\\\/11\\\/2022\\\/02\\\/Buy-Lemon-Skunk.jpg\",\"datePublished\":\"2022-02-20T18:53:00+00:00\",\"dateModified\":\"2022-03-22T01:09:54+00:00\",\"description\":\"Cump\u0103ra\u021bi online Lemon Skunk Weed. Lemon Kush este o \u00eencruci\u0219are \u00eentre Master Kush \u0219i Lemon Joy, are un randament sc\u0103zut spre mediu. Recomandat pacien\u021bilor cu HIV\\\/SIDA, glaucom, boala Parkinson, anxietate, durere cronic\u0103...\",\"breadcrumb\":{\"@id\":\"https:\\\/\\\/medicinasinc.com\\\/ro\\\/product\\\/cumpara-lemon-skunk\\\/#breadcrumb\"},\"inLanguage\":\"en-US\",\"potentialAction\":[{\"@type\":\"ReadAction\",\"target\":[\"https:\\\/\\\/medicinasinc.com\\\/ro\\\/product\\\/cumpara-lemon-skunk\\\/\"]}]},{\"@type\":\"ImageObject\",\"inLanguage\":\"en-US\",\"@id\":\"https:\\\/\\\/medicinasinc.com\\\/ro\\\/product\\\/cumpara-lemon-skunk\\\/#primaryimage\",\"url\":\"https:\\\/\\\/medicinasinc.com\\\/ro\\\/wp-content\\\/uploads\\\/sites\\\/11\\\/2022\\\/02\\\/Buy-Lemon-Skunk.jpg\",\"contentUrl\":\"https:\\\/\\\/medicinasinc.com\\\/ro\\\/wp-content\\\/uploads\\\/sites\\\/11\\\/2022\\\/02\\\/Buy-Lemon-Skunk.jpg\",\"width\":2403,\"height\":2403},{\"@type\":\"BreadcrumbList\",\"@id\":\"https:\\\/\\\/medicinasinc.com\\\/ro\\\/product\\\/cumpara-lemon-skunk\\\/#breadcrumb\",\"itemListElement\":[{\"@type\":\"ListItem\",\"position\":1,\"name\":\"Magazin\",\"item\":\"https:\\\/\\\/medicinasinc.com\\\/ro\\\/magazin\\\/\"},{\"@type\":\"ListItem\",\"position\":2,\"name\":\"Cump\u0103ra\u021bi Lemon Skunk\"}]},{\"@type\":\"WebSite\",\"@id\":\"https:\\\/\\\/medicinasinc.com\\\/ro\\\/#website\",\"url\":\"https:\\\/\\\/medicinasinc.com\\\/ro\\\/\",\"name\":\"Medicinas Inc\",\"description\":\"Health Medical Clinic\",\"potentialAction\":[{\"@type\":\"SearchAction\",\"target\":{\"@type\":\"EntryPoint\",\"urlTemplate\":\"https:\\\/\\\/medicinasinc.com\\\/ro\\\/?s={search_term_string}\"},\"query-input\":{\"@type\":\"PropertyValueSpecification\",\"valueRequired\":true,\"valueName\":\"search_term_string\"}}],\"inLanguage\":\"en-US\"}]}<\/script>\n<!-- \/ Yoast SEO plugin. -->","yoast_head_json":{"title":"Cump\u0103ra\u021bi Lemon Skunk - Cele mai bune medicamente globale","description":"Cump\u0103ra\u021bi online Lemon Skunk Weed. Lemon Kush este o \u00eencruci\u0219are \u00eentre Master Kush \u0219i Lemon Joy, are un randament sc\u0103zut spre mediu. Recomandat pacien\u021bilor cu HIV\/SIDA, glaucom, boala Parkinson, anxietate, durere cronic\u0103...","robots":{"index":"index","follow":"follow","max-snippet":"max-snippet:-1","max-image-preview":"max-image-preview:large","max-video-preview":"max-video-preview:-1"},"canonical":"https:\/\/medicinasinc.com\/ro\/product\/cumpara-lemon-skunk\/","og_locale":"en_US","og_type":"article","og_title":"Cump\u0103ra\u021bi Lemon Skunk - Cele mai bune medicamente globale","og_description":"Cump\u0103ra\u021bi online Lemon Skunk Weed. Lemon Kush este o \u00eencruci\u0219are \u00eentre Master Kush \u0219i Lemon Joy, are un randament sc\u0103zut spre mediu. Recomandat pacien\u021bilor cu HIV\/SIDA, glaucom, boala Parkinson, anxietate, durere cronic\u0103...","og_url":"https:\/\/medicinasinc.com\/ro\/product\/cumpara-lemon-skunk\/","og_site_name":"Medicinas Inc","article_modified_time":"2022-03-22T01:09:54+00:00","og_image":[{"width":2403,"height":2403,"url":"https:\/\/medicinasinc.com\/ro\/wp-content\/uploads\/sites\/11\/2022\/02\/Buy-Lemon-Skunk.jpg","type":"image\/jpeg"}],"twitter_card":"summary_large_image","twitter_misc":{"Est. reading time":"1 minute"},"schema":{"@context":"https:\/\/schema.org","@graph":[{"@type":"WebPage","@id":"https:\/\/medicinasinc.com\/ro\/product\/cumpara-lemon-skunk\/","url":"https:\/\/medicinasinc.com\/ro\/product\/cumpara-lemon-skunk\/","name":"Cump\u0103ra\u021bi Lemon Skunk - Cele mai bune medicamente globale","isPartOf":{"@id":"https:\/\/medicinasinc.com\/ro\/#website"},"primaryImageOfPage":{"@id":"https:\/\/medicinasinc.com\/ro\/product\/cumpara-lemon-skunk\/#primaryimage"},"image":{"@id":"https:\/\/medicinasinc.com\/ro\/product\/cumpara-lemon-skunk\/#primaryimage"},"thumbnailUrl":"https:\/\/medicinasinc.com\/ro\/wp-content\/uploads\/sites\/11\/2022\/02\/Buy-Lemon-Skunk.jpg","datePublished":"2022-02-20T18:53:00+00:00","dateModified":"2022-03-22T01:09:54+00:00","description":"Cump\u0103ra\u021bi online Lemon Skunk Weed. Lemon Kush este o \u00eencruci\u0219are \u00eentre Master Kush \u0219i Lemon Joy, are un randament sc\u0103zut spre mediu. Recomandat pacien\u021bilor cu HIV\/SIDA, glaucom, boala Parkinson, anxietate, durere cronic\u0103...","breadcrumb":{"@id":"https:\/\/medicinasinc.com\/ro\/product\/cumpara-lemon-skunk\/#breadcrumb"},"inLanguage":"en-US","potentialAction":[{"@type":"ReadAction","target":["https:\/\/medicinasinc.com\/ro\/product\/cumpara-lemon-skunk\/"]}]},{"@type":"ImageObject","inLanguage":"en-US","@id":"https:\/\/medicinasinc.com\/ro\/product\/cumpara-lemon-skunk\/#primaryimage","url":"https:\/\/medicinasinc.com\/ro\/wp-content\/uploads\/sites\/11\/2022\/02\/Buy-Lemon-Skunk.jpg","contentUrl":"https:\/\/medicinasinc.com\/ro\/wp-content\/uploads\/sites\/11\/2022\/02\/Buy-Lemon-Skunk.jpg","width":2403,"height":2403},{"@type":"BreadcrumbList","@id":"https:\/\/medicinasinc.com\/ro\/product\/cumpara-lemon-skunk\/#breadcrumb","itemListElement":[{"@type":"ListItem","position":1,"name":"Magazin","item":"https:\/\/medicinasinc.com\/ro\/magazin\/"},{"@type":"ListItem","position":2,"name":"Cump\u0103ra\u021bi Lemon Skunk"}]},{"@type":"WebSite","@id":"https:\/\/medicinasinc.com\/ro\/#website","url":"https:\/\/medicinasinc.com\/ro\/","name":"Medicinas Inc","description":"Health Medical Clinic","potentialAction":[{"@type":"SearchAction","target":{"@type":"EntryPoint","urlTemplate":"https:\/\/medicinasinc.com\/ro\/?s={search_term_string}"},"query-input":{"@type":"PropertyValueSpecification","valueRequired":true,"valueName":"search_term_string"}}],"inLanguage":"en-US"}]}},"_links":{"self":[{"href":"https:\/\/medicinasinc.com\/ro\/wp-json\/wp\/v2\/product\/4996","targetHints":{"allow":["GET"]}}],"collection":[{"href":"https:\/\/medicinasinc.com\/ro\/wp-json\/wp\/v2\/product"}],"about":[{"href":"https:\/\/medicinasinc.com\/ro\/wp-json\/wp\/v2\/types\/product"}],"replies":[{"embeddable":true,"href":"https:\/\/medicinasinc.com\/ro\/wp-json\/wp\/v2\/comments?post=4996"}],"wp:featuredmedia":[{"embeddable":true,"href":"https:\/\/medicinasinc.com\/ro\/wp-json\/wp\/v2\/media\/5013"}],"wp:attachment":[{"href":"https:\/\/medicinasinc.com\/ro\/wp-json\/wp\/v2\/media?parent=4996"}],"wp:term":[{"taxonomy":"product_brand","embeddable":true,"href":"https:\/\/medicinasinc.com\/ro\/wp-json\/wp\/v2\/product_brand?post=4996"},{"taxonomy":"product_cat","embeddable":true,"href":"https:\/\/medicinasinc.com\/ro\/wp-json\/wp\/v2\/product_cat?post=4996"},{"taxonomy":"product_tag","embeddable":true,"href":"https:\/\/medicinasinc.com\/ro\/wp-json\/wp\/v2\/product_tag?post=4996"}],"curies":[{"name":"wp","href":"https:\/\/api.w.org\/{rel}","templated":true}]}}