{"id":4971,"date":"2022-02-20T18:31:57","date_gmt":"2022-02-20T18:31:57","guid":{"rendered":"https:\/\/medicinasinc.com\/ro\/?post_type=product&#038;p=4971"},"modified":"2022-03-22T01:10:10","modified_gmt":"2022-03-22T01:10:10","slug":"cumpara-khalifa-kush","status":"publish","type":"product","link":"https:\/\/medicinasinc.com\/ro\/product\/cumpara-khalifa-kush\/","title":{"rendered":"Cump\u0103ra\u021bi Khalifa Kush"},"content":{"rendered":"<p>Achizi\u021bie online de Khalifa Kush Marijuana.<\/p>\n<p>Achizi\u021bie online de Khalifa Kush Marijuana.<\/p>\n<p>Efecte cerebrale, creative, euforice \u0219i relaxante<br \/> Pot ajuta la ameliorarea Artrit\u0103, durere cronic\u0103, depresie, oboseal\u0103, dureri de cap, pierderea poftei de m\u00e2ncare, migrene, grea\u021b\u0103, PTSD \u0219i arome de stres<br \/> L\u0103m\u00e2ie, citrice, pin \u0219i dulce<\/p>\n","protected":false},"excerpt":{"rendered":"<p>Achizi\u021bie online de Khalifa Kush Khalifa Kush de v\u00e2nzare online Top Medical Khalifa Cannabis de v\u00e2nzare \u00een cartierul meu Achizi\u021bionare online de marijuana medical\u0103 Cump\u0103rare online de marijuana medical\u0103.<\/p>\n<p>Ce trebuie s\u0103 \u0219ti\u021bi \u00eenainte de a cump\u0103ra Wiz Khalifa OG? Wiz Khalifa OG, cunoscut\u0103 adesea sub numele de Khalifa Kush, este o tulpin\u0103 hibrid\u0103 de canabis. Cump\u0103ra\u021bi\u00a0online!<\/p>\n<p>Aroma \u0219i aroma khalifa kush sunt citrice \u0219i pin. C\u00e2nd este utilizat medical, khalifa kush poate fi eficient pentru oboseal\u0103, tensiune, anxietate \u0219i depresie, \u00een timp ce con\u021binutul ridicat de CBD este excelent pentru tulbur\u0103ri mai grave. Concentra\u021bia de THC a khalifa kush variaz\u0103 \u00eentre 15% \u0219i 29%.<\/p>\n<p>OG Hybrid Genetics Lemon x Earthy x Pine Kush Happiness \u00d7 Euphorie x Relaxation x Creativity x Uplifting<\/p>\n<p>Achizi\u021bie online de Khalifa Kush Marijuana.<\/p>\n<p>Un hibrid dominant &#8211; 80% Indica \/ 20% Sativa THC: 24\u201326%<\/p>\n","protected":false},"featured_media":4985,"comment_status":"open","ping_status":"closed","template":"","meta":[],"product_brand":[],"product_cat":[778],"product_tag":[],"class_list":{"0":"post-4971","1":"product","2":"type-product","3":"status-publish","4":"has-post-thumbnail","6":"product_cat-buruian-de-vnzare","8":"first","9":"instock","10":"shipping-taxable","11":"purchasable","12":"product-type-variable","13":"has-default-attributes"},"yoast_head":"<!-- This site is optimized with the Yoast SEO plugin v27.3 - https:\/\/yoast.com\/product\/yoast-seo-wordpress\/ -->\n<title>Cump\u0103ra\u021bi online marijuana Khalifa Kush - Cele mai bune medicamente globale<\/title>\n<meta name=\"description\" content=\"Cump\u0103ra\u021bi Khalifa Kush online Khalifa Kush de v\u00e2nzare online Top Medical Khalifa Cannabis de v\u00e2nzare l\u00e2ng\u0103 mine Cump\u0103ra\u021bi online canabis medical Cump\u0103ra\u021bi marijuana medical\u0103 online.\" \/>\n<meta name=\"robots\" content=\"index, follow, max-snippet:-1, max-image-preview:large, max-video-preview:-1\" \/>\n<link rel=\"canonical\" href=\"https:\/\/medicinasinc.com\/ro\/product\/cumpara-khalifa-kush\/\" \/>\n<meta property=\"og:locale\" content=\"en_US\" \/>\n<meta property=\"og:type\" content=\"article\" \/>\n<meta property=\"og:title\" content=\"Cump\u0103ra\u021bi online marijuana Khalifa Kush - Cele mai bune medicamente globale\" \/>\n<meta property=\"og:description\" content=\"Cump\u0103ra\u021bi Khalifa Kush online Khalifa Kush de v\u00e2nzare online Top Medical Khalifa Cannabis de v\u00e2nzare l\u00e2ng\u0103 mine Cump\u0103ra\u021bi online canabis medical Cump\u0103ra\u021bi marijuana medical\u0103 online.\" \/>\n<meta property=\"og:url\" content=\"https:\/\/medicinasinc.com\/ro\/product\/cumpara-khalifa-kush\/\" \/>\n<meta property=\"og:site_name\" content=\"Medicinas Inc\" \/>\n<meta property=\"article:modified_time\" content=\"2022-03-22T01:10:10+00:00\" \/>\n<meta property=\"og:image\" content=\"https:\/\/medicinasinc.com\/ro\/wp-content\/uploads\/sites\/11\/2022\/02\/Buy-Khalifa-Kush.jpeg\" \/>\n\t<meta property=\"og:image:width\" content=\"1141\" \/>\n\t<meta property=\"og:image:height\" content=\"1064\" \/>\n\t<meta property=\"og:image:type\" content=\"image\/jpeg\" \/>\n<meta name=\"twitter:card\" content=\"summary_large_image\" \/>\n<meta name=\"twitter:label1\" content=\"Est. reading time\" \/>\n\t<meta name=\"twitter:data1\" content=\"1 minute\" \/>\n<script type=\"application\/ld+json\" class=\"yoast-schema-graph\">{\"@context\":\"https:\\\/\\\/schema.org\",\"@graph\":[{\"@type\":\"WebPage\",\"@id\":\"https:\\\/\\\/medicinasinc.com\\\/ro\\\/product\\\/cumpara-khalifa-kush\\\/\",\"url\":\"https:\\\/\\\/medicinasinc.com\\\/ro\\\/product\\\/cumpara-khalifa-kush\\\/\",\"name\":\"Cump\u0103ra\u021bi online marijuana Khalifa Kush - Cele mai bune medicamente globale\",\"isPartOf\":{\"@id\":\"https:\\\/\\\/medicinasinc.com\\\/ro\\\/#website\"},\"primaryImageOfPage\":{\"@id\":\"https:\\\/\\\/medicinasinc.com\\\/ro\\\/product\\\/cumpara-khalifa-kush\\\/#primaryimage\"},\"image\":{\"@id\":\"https:\\\/\\\/medicinasinc.com\\\/ro\\\/product\\\/cumpara-khalifa-kush\\\/#primaryimage\"},\"thumbnailUrl\":\"https:\\\/\\\/medicinasinc.com\\\/ro\\\/wp-content\\\/uploads\\\/sites\\\/11\\\/2022\\\/02\\\/Buy-Khalifa-Kush.jpeg\",\"datePublished\":\"2022-02-20T18:31:57+00:00\",\"dateModified\":\"2022-03-22T01:10:10+00:00\",\"description\":\"Cump\u0103ra\u021bi Khalifa Kush online Khalifa Kush de v\u00e2nzare online Top Medical Khalifa Cannabis de v\u00e2nzare l\u00e2ng\u0103 mine Cump\u0103ra\u021bi online canabis medical Cump\u0103ra\u021bi marijuana medical\u0103 online.\",\"breadcrumb\":{\"@id\":\"https:\\\/\\\/medicinasinc.com\\\/ro\\\/product\\\/cumpara-khalifa-kush\\\/#breadcrumb\"},\"inLanguage\":\"en-US\",\"potentialAction\":[{\"@type\":\"ReadAction\",\"target\":[\"https:\\\/\\\/medicinasinc.com\\\/ro\\\/product\\\/cumpara-khalifa-kush\\\/\"]}]},{\"@type\":\"ImageObject\",\"inLanguage\":\"en-US\",\"@id\":\"https:\\\/\\\/medicinasinc.com\\\/ro\\\/product\\\/cumpara-khalifa-kush\\\/#primaryimage\",\"url\":\"https:\\\/\\\/medicinasinc.com\\\/ro\\\/wp-content\\\/uploads\\\/sites\\\/11\\\/2022\\\/02\\\/Buy-Khalifa-Kush.jpeg\",\"contentUrl\":\"https:\\\/\\\/medicinasinc.com\\\/ro\\\/wp-content\\\/uploads\\\/sites\\\/11\\\/2022\\\/02\\\/Buy-Khalifa-Kush.jpeg\",\"width\":1141,\"height\":1064},{\"@type\":\"BreadcrumbList\",\"@id\":\"https:\\\/\\\/medicinasinc.com\\\/ro\\\/product\\\/cumpara-khalifa-kush\\\/#breadcrumb\",\"itemListElement\":[{\"@type\":\"ListItem\",\"position\":1,\"name\":\"Magazin\",\"item\":\"https:\\\/\\\/medicinasinc.com\\\/ro\\\/magazin\\\/\"},{\"@type\":\"ListItem\",\"position\":2,\"name\":\"Cump\u0103ra\u021bi Khalifa Kush\"}]},{\"@type\":\"WebSite\",\"@id\":\"https:\\\/\\\/medicinasinc.com\\\/ro\\\/#website\",\"url\":\"https:\\\/\\\/medicinasinc.com\\\/ro\\\/\",\"name\":\"Medicinas Inc\",\"description\":\"Health Medical Clinic\",\"potentialAction\":[{\"@type\":\"SearchAction\",\"target\":{\"@type\":\"EntryPoint\",\"urlTemplate\":\"https:\\\/\\\/medicinasinc.com\\\/ro\\\/?s={search_term_string}\"},\"query-input\":{\"@type\":\"PropertyValueSpecification\",\"valueRequired\":true,\"valueName\":\"search_term_string\"}}],\"inLanguage\":\"en-US\"}]}<\/script>\n<!-- \/ Yoast SEO plugin. -->","yoast_head_json":{"title":"Cump\u0103ra\u021bi online marijuana Khalifa Kush - Cele mai bune medicamente globale","description":"Cump\u0103ra\u021bi Khalifa Kush online Khalifa Kush de v\u00e2nzare online Top Medical Khalifa Cannabis de v\u00e2nzare l\u00e2ng\u0103 mine Cump\u0103ra\u021bi online canabis medical Cump\u0103ra\u021bi marijuana medical\u0103 online.","robots":{"index":"index","follow":"follow","max-snippet":"max-snippet:-1","max-image-preview":"max-image-preview:large","max-video-preview":"max-video-preview:-1"},"canonical":"https:\/\/medicinasinc.com\/ro\/product\/cumpara-khalifa-kush\/","og_locale":"en_US","og_type":"article","og_title":"Cump\u0103ra\u021bi online marijuana Khalifa Kush - Cele mai bune medicamente globale","og_description":"Cump\u0103ra\u021bi Khalifa Kush online Khalifa Kush de v\u00e2nzare online Top Medical Khalifa Cannabis de v\u00e2nzare l\u00e2ng\u0103 mine Cump\u0103ra\u021bi online canabis medical Cump\u0103ra\u021bi marijuana medical\u0103 online.","og_url":"https:\/\/medicinasinc.com\/ro\/product\/cumpara-khalifa-kush\/","og_site_name":"Medicinas Inc","article_modified_time":"2022-03-22T01:10:10+00:00","og_image":[{"width":1141,"height":1064,"url":"https:\/\/medicinasinc.com\/ro\/wp-content\/uploads\/sites\/11\/2022\/02\/Buy-Khalifa-Kush.jpeg","type":"image\/jpeg"}],"twitter_card":"summary_large_image","twitter_misc":{"Est. reading time":"1 minute"},"schema":{"@context":"https:\/\/schema.org","@graph":[{"@type":"WebPage","@id":"https:\/\/medicinasinc.com\/ro\/product\/cumpara-khalifa-kush\/","url":"https:\/\/medicinasinc.com\/ro\/product\/cumpara-khalifa-kush\/","name":"Cump\u0103ra\u021bi online marijuana Khalifa Kush - Cele mai bune medicamente globale","isPartOf":{"@id":"https:\/\/medicinasinc.com\/ro\/#website"},"primaryImageOfPage":{"@id":"https:\/\/medicinasinc.com\/ro\/product\/cumpara-khalifa-kush\/#primaryimage"},"image":{"@id":"https:\/\/medicinasinc.com\/ro\/product\/cumpara-khalifa-kush\/#primaryimage"},"thumbnailUrl":"https:\/\/medicinasinc.com\/ro\/wp-content\/uploads\/sites\/11\/2022\/02\/Buy-Khalifa-Kush.jpeg","datePublished":"2022-02-20T18:31:57+00:00","dateModified":"2022-03-22T01:10:10+00:00","description":"Cump\u0103ra\u021bi Khalifa Kush online Khalifa Kush de v\u00e2nzare online Top Medical Khalifa Cannabis de v\u00e2nzare l\u00e2ng\u0103 mine Cump\u0103ra\u021bi online canabis medical Cump\u0103ra\u021bi marijuana medical\u0103 online.","breadcrumb":{"@id":"https:\/\/medicinasinc.com\/ro\/product\/cumpara-khalifa-kush\/#breadcrumb"},"inLanguage":"en-US","potentialAction":[{"@type":"ReadAction","target":["https:\/\/medicinasinc.com\/ro\/product\/cumpara-khalifa-kush\/"]}]},{"@type":"ImageObject","inLanguage":"en-US","@id":"https:\/\/medicinasinc.com\/ro\/product\/cumpara-khalifa-kush\/#primaryimage","url":"https:\/\/medicinasinc.com\/ro\/wp-content\/uploads\/sites\/11\/2022\/02\/Buy-Khalifa-Kush.jpeg","contentUrl":"https:\/\/medicinasinc.com\/ro\/wp-content\/uploads\/sites\/11\/2022\/02\/Buy-Khalifa-Kush.jpeg","width":1141,"height":1064},{"@type":"BreadcrumbList","@id":"https:\/\/medicinasinc.com\/ro\/product\/cumpara-khalifa-kush\/#breadcrumb","itemListElement":[{"@type":"ListItem","position":1,"name":"Magazin","item":"https:\/\/medicinasinc.com\/ro\/magazin\/"},{"@type":"ListItem","position":2,"name":"Cump\u0103ra\u021bi Khalifa Kush"}]},{"@type":"WebSite","@id":"https:\/\/medicinasinc.com\/ro\/#website","url":"https:\/\/medicinasinc.com\/ro\/","name":"Medicinas Inc","description":"Health Medical Clinic","potentialAction":[{"@type":"SearchAction","target":{"@type":"EntryPoint","urlTemplate":"https:\/\/medicinasinc.com\/ro\/?s={search_term_string}"},"query-input":{"@type":"PropertyValueSpecification","valueRequired":true,"valueName":"search_term_string"}}],"inLanguage":"en-US"}]}},"_links":{"self":[{"href":"https:\/\/medicinasinc.com\/ro\/wp-json\/wp\/v2\/product\/4971","targetHints":{"allow":["GET"]}}],"collection":[{"href":"https:\/\/medicinasinc.com\/ro\/wp-json\/wp\/v2\/product"}],"about":[{"href":"https:\/\/medicinasinc.com\/ro\/wp-json\/wp\/v2\/types\/product"}],"replies":[{"embeddable":true,"href":"https:\/\/medicinasinc.com\/ro\/wp-json\/wp\/v2\/comments?post=4971"}],"wp:featuredmedia":[{"embeddable":true,"href":"https:\/\/medicinasinc.com\/ro\/wp-json\/wp\/v2\/media\/4985"}],"wp:attachment":[{"href":"https:\/\/medicinasinc.com\/ro\/wp-json\/wp\/v2\/media?parent=4971"}],"wp:term":[{"taxonomy":"product_brand","embeddable":true,"href":"https:\/\/medicinasinc.com\/ro\/wp-json\/wp\/v2\/product_brand?post=4971"},{"taxonomy":"product_cat","embeddable":true,"href":"https:\/\/medicinasinc.com\/ro\/wp-json\/wp\/v2\/product_cat?post=4971"},{"taxonomy":"product_tag","embeddable":true,"href":"https:\/\/medicinasinc.com\/ro\/wp-json\/wp\/v2\/product_tag?post=4971"}],"curies":[{"name":"wp","href":"https:\/\/api.w.org\/{rel}","templated":true}]}}