{"id":4970,"date":"2022-02-20T18:30:09","date_gmt":"2022-02-20T18:30:09","guid":{"rendered":"https:\/\/medicinasinc.com\/ro\/?post_type=product&#038;p=4970"},"modified":"2022-03-22T01:10:20","modified_gmt":"2022-03-22T01:10:20","slug":"cumpara-isus-si-buruiana","status":"publish","type":"product","link":"https:\/\/medicinasinc.com\/ro\/product\/cumpara-isus-si-buruiana\/","title":{"rendered":"Cump\u0103ra\u021bi iarb\u0103 Jesus OG"},"content":{"rendered":"<p>Tulpina de marijuana Jesus OG poate fi achizi\u021bionat\u0103 online. Jesus OG este un hibrid dominant Sativa &#8211; 80% Sativa. Sativa \/ 20% Indica THC: 21% &#8211; 25%<\/p>\n<p>Efectele energizante, euforice, de concentrare, fericite \u0219i \u00een\u0103l\u021b\u0103toare pot ameliora ADD\/ADHD, tulburarea bipolar\u0103, durerea cronic\u0103, depresia, oboseala, durerile de cap, migrenele, Grea\u021b\u0103, PTSD \u0219i arome de stres<br \/> L\u0103m\u00e2ie, ace de pin, dulci \u0219i acidulate<br \/> Arome de l\u0103m\u00e2ie, \u00een\u021bep\u0103toare \u0219i dulci<\/p>\n","protected":false},"excerpt":{"rendered":"<p>Cump\u0103ra\u021bi online tulpina de marijuana Jesus OG. Tulpina Jesus og marijuana este un hibrid dominant Sativa &#8211; 80% Sativa \/ 20% Indica THC: 21% \u2013 25%<\/p>\n","protected":false},"featured_media":4983,"comment_status":"open","ping_status":"closed","template":"","meta":[],"product_brand":[],"product_cat":[778],"product_tag":[885,889,891,893,626,895,897,901,903,614,886,899,892,477,890,900,470,902,473,894,455,459,896,898,907,912,908,909,910,911,905,914,915,918,916,917,919,920,921,922,887,906,904,888,913,923],"class_list":{"0":"post-4970","1":"product","2":"type-product","3":"status-publish","4":"has-post-thumbnail","6":"product_cat-buruian-de-vnzare","7":"product_tag-best-marijuana-strains","8":"product_tag-buy-ace-killer-og-marijuana","9":"product_tag-buy-gelato-marijuana-online","10":"product_tag-buy-jesus-og-marijuana-strain-online","11":"product_tag-buy-legal-weed-online","12":"product_tag-buy-marijuana-online-no-medical-card","13":"product_tag-buy-my-weed-online-review","14":"product_tag-buy-skunk-online-uk","15":"product_tag-buy-weed-onlne-uk","16":"product_tag-cel-mai-bun-dispensar-online","17":"product_tag-cel-mai-bun-dispensar-online-canada","18":"product_tag-cumpr-real-weed-online","19":"product_tag-cumpara-ilegal-iarba-online","20":"product_tag-cumpararea-neerbia-online","21":"product_tag-buy-ahoe-hydro-og-indica","22":"product_tag-cumpr-recreative-weed-online","23":"product_tag-cumpr-ierba-online","24":"product_tag-buy-weed-online-cumprare-marijuana-online","25":"product_tag-buy-weed-online-europe","26":"product_tag-cumpr-khalifa-kush-marijuana","27":"product_tag-cumpr-marijuana-online","28":"product_tag-cumpr-marijuana-online-usa","29":"product_tag-cumpr-ul-medical-ulei-de-cannabis-online","30":"product_tag-buy-presidenial-kush-tulpina","31":"product_tag-depresie","32":"product_tag-dispensar-lng-me-recreativ","33":"product_tag-dispensare-aproape-de-me-deschise-acum","34":"product_tag-dispensaries-that-dont-require-medical-card-near-me","35":"product_tag-dispensaries-that-ship-out-of-state","36":"product_tag-dispensar-aproape-de-mine-deschis-tarziu","37":"product_tag-cronic-durere","38":"product_tag-edibles-online-no-medical-card","39":"product_tag-fatigue","40":"product_tag-iisus-si-tulpina","41":"product_tag-jesus-og-feminized-seeds","42":"product_tag-jesus-og-seeds","43":"product_tag-lmie-i-autoflorire","44":"product_tag-pacific-seed-bank-autoflower","45":"product_tag-semin-c8-9be-de-platin-c4-83-c8-99i-kush","46":"product_tag-tga-subcool-isus-og","47":"product_tag-tulburare-bipolara","48":"product_tag-dawg-cookies-indica-strain","49":"product_tag-tulpina-charlottes-web-cannabis","50":"product_tag-albastru-vis-marijuana-tulpina","51":"product_tag-dispensar-buruieni-tulpini","52":"product_tag-yoda-i-cresctor","54":"first","55":"instock","56":"shipping-taxable","57":"purchasable","58":"product-type-variable","59":"has-default-attributes"},"yoast_head":"<!-- This site is optimized with the Yoast SEO plugin v27.3 - https:\/\/yoast.com\/product\/yoast-seo-wordpress\/ -->\n<title>Cump\u0103ra\u021bi tulpina de marijuana Jesus OG Weed - Cele mai bune medicamente globale<\/title>\n<meta name=\"description\" content=\"Cump\u0103ra\u021bi tulpina de marijuana Jesus OG pentru v\u00e2nzare online. Tulpina de marijuana Jesus og este Sativa Dominant Hybrid \u2013 80% Sativa \/ 20% Indica THC: 21% \u2013 25%\" \/>\n<meta name=\"robots\" content=\"index, follow, max-snippet:-1, max-image-preview:large, max-video-preview:-1\" \/>\n<link rel=\"canonical\" href=\"https:\/\/medicinasinc.com\/ro\/product\/cumpara-isus-si-buruiana\/\" \/>\n<meta property=\"og:locale\" content=\"en_US\" \/>\n<meta property=\"og:type\" content=\"article\" \/>\n<meta property=\"og:title\" content=\"Cump\u0103ra\u021bi tulpina de marijuana Jesus OG Weed - Cele mai bune medicamente globale\" \/>\n<meta property=\"og:description\" content=\"Cump\u0103ra\u021bi tulpina de marijuana Jesus OG pentru v\u00e2nzare online. Tulpina de marijuana Jesus og este Sativa Dominant Hybrid \u2013 80% Sativa \/ 20% Indica THC: 21% \u2013 25%\" \/>\n<meta property=\"og:url\" content=\"https:\/\/medicinasinc.com\/ro\/product\/cumpara-isus-si-buruiana\/\" \/>\n<meta property=\"og:site_name\" content=\"Medicinas Inc\" \/>\n<meta property=\"article:modified_time\" content=\"2022-03-22T01:10:20+00:00\" \/>\n<meta property=\"og:image\" content=\"https:\/\/medicinasinc.com\/ro\/wp-content\/uploads\/sites\/11\/2022\/02\/buy-Jesus-OG.png\" \/>\n\t<meta property=\"og:image:width\" content=\"600\" \/>\n\t<meta property=\"og:image:height\" content=\"600\" \/>\n\t<meta property=\"og:image:type\" content=\"image\/png\" \/>\n<meta name=\"twitter:card\" content=\"summary_large_image\" \/>\n<meta name=\"twitter:label1\" content=\"Est. reading time\" \/>\n\t<meta name=\"twitter:data1\" content=\"1 minute\" \/>\n<script type=\"application\/ld+json\" class=\"yoast-schema-graph\">{\"@context\":\"https:\\\/\\\/schema.org\",\"@graph\":[{\"@type\":\"WebPage\",\"@id\":\"https:\\\/\\\/medicinasinc.com\\\/ro\\\/product\\\/cumpara-isus-si-buruiana\\\/\",\"url\":\"https:\\\/\\\/medicinasinc.com\\\/ro\\\/product\\\/cumpara-isus-si-buruiana\\\/\",\"name\":\"Cump\u0103ra\u021bi tulpina de marijuana Jesus OG Weed - Cele mai bune medicamente globale\",\"isPartOf\":{\"@id\":\"https:\\\/\\\/medicinasinc.com\\\/ro\\\/#website\"},\"primaryImageOfPage\":{\"@id\":\"https:\\\/\\\/medicinasinc.com\\\/ro\\\/product\\\/cumpara-isus-si-buruiana\\\/#primaryimage\"},\"image\":{\"@id\":\"https:\\\/\\\/medicinasinc.com\\\/ro\\\/product\\\/cumpara-isus-si-buruiana\\\/#primaryimage\"},\"thumbnailUrl\":\"https:\\\/\\\/medicinasinc.com\\\/ro\\\/wp-content\\\/uploads\\\/sites\\\/11\\\/2022\\\/02\\\/buy-Jesus-OG.png\",\"datePublished\":\"2022-02-20T18:30:09+00:00\",\"dateModified\":\"2022-03-22T01:10:20+00:00\",\"description\":\"Cump\u0103ra\u021bi tulpina de marijuana Jesus OG pentru v\u00e2nzare online. Tulpina de marijuana Jesus og este Sativa Dominant Hybrid \u2013 80% Sativa \\\/ 20% Indica THC: 21% \u2013 25%\",\"breadcrumb\":{\"@id\":\"https:\\\/\\\/medicinasinc.com\\\/ro\\\/product\\\/cumpara-isus-si-buruiana\\\/#breadcrumb\"},\"inLanguage\":\"en-US\",\"potentialAction\":[{\"@type\":\"ReadAction\",\"target\":[\"https:\\\/\\\/medicinasinc.com\\\/ro\\\/product\\\/cumpara-isus-si-buruiana\\\/\"]}]},{\"@type\":\"ImageObject\",\"inLanguage\":\"en-US\",\"@id\":\"https:\\\/\\\/medicinasinc.com\\\/ro\\\/product\\\/cumpara-isus-si-buruiana\\\/#primaryimage\",\"url\":\"https:\\\/\\\/medicinasinc.com\\\/ro\\\/wp-content\\\/uploads\\\/sites\\\/11\\\/2022\\\/02\\\/buy-Jesus-OG.png\",\"contentUrl\":\"https:\\\/\\\/medicinasinc.com\\\/ro\\\/wp-content\\\/uploads\\\/sites\\\/11\\\/2022\\\/02\\\/buy-Jesus-OG.png\",\"width\":600,\"height\":600},{\"@type\":\"BreadcrumbList\",\"@id\":\"https:\\\/\\\/medicinasinc.com\\\/ro\\\/product\\\/cumpara-isus-si-buruiana\\\/#breadcrumb\",\"itemListElement\":[{\"@type\":\"ListItem\",\"position\":1,\"name\":\"Magazin\",\"item\":\"https:\\\/\\\/medicinasinc.com\\\/ro\\\/magazin\\\/\"},{\"@type\":\"ListItem\",\"position\":2,\"name\":\"Cump\u0103ra\u021bi iarb\u0103 Jesus OG\"}]},{\"@type\":\"WebSite\",\"@id\":\"https:\\\/\\\/medicinasinc.com\\\/ro\\\/#website\",\"url\":\"https:\\\/\\\/medicinasinc.com\\\/ro\\\/\",\"name\":\"Medicinas Inc\",\"description\":\"Health Medical Clinic\",\"potentialAction\":[{\"@type\":\"SearchAction\",\"target\":{\"@type\":\"EntryPoint\",\"urlTemplate\":\"https:\\\/\\\/medicinasinc.com\\\/ro\\\/?s={search_term_string}\"},\"query-input\":{\"@type\":\"PropertyValueSpecification\",\"valueRequired\":true,\"valueName\":\"search_term_string\"}}],\"inLanguage\":\"en-US\"}]}<\/script>\n<!-- \/ Yoast SEO plugin. -->","yoast_head_json":{"title":"Cump\u0103ra\u021bi tulpina de marijuana Jesus OG Weed - Cele mai bune medicamente globale","description":"Cump\u0103ra\u021bi tulpina de marijuana Jesus OG pentru v\u00e2nzare online. Tulpina de marijuana Jesus og este Sativa Dominant Hybrid \u2013 80% Sativa \/ 20% Indica THC: 21% \u2013 25%","robots":{"index":"index","follow":"follow","max-snippet":"max-snippet:-1","max-image-preview":"max-image-preview:large","max-video-preview":"max-video-preview:-1"},"canonical":"https:\/\/medicinasinc.com\/ro\/product\/cumpara-isus-si-buruiana\/","og_locale":"en_US","og_type":"article","og_title":"Cump\u0103ra\u021bi tulpina de marijuana Jesus OG Weed - Cele mai bune medicamente globale","og_description":"Cump\u0103ra\u021bi tulpina de marijuana Jesus OG pentru v\u00e2nzare online. Tulpina de marijuana Jesus og este Sativa Dominant Hybrid \u2013 80% Sativa \/ 20% Indica THC: 21% \u2013 25%","og_url":"https:\/\/medicinasinc.com\/ro\/product\/cumpara-isus-si-buruiana\/","og_site_name":"Medicinas Inc","article_modified_time":"2022-03-22T01:10:20+00:00","og_image":[{"width":600,"height":600,"url":"https:\/\/medicinasinc.com\/ro\/wp-content\/uploads\/sites\/11\/2022\/02\/buy-Jesus-OG.png","type":"image\/png"}],"twitter_card":"summary_large_image","twitter_misc":{"Est. reading time":"1 minute"},"schema":{"@context":"https:\/\/schema.org","@graph":[{"@type":"WebPage","@id":"https:\/\/medicinasinc.com\/ro\/product\/cumpara-isus-si-buruiana\/","url":"https:\/\/medicinasinc.com\/ro\/product\/cumpara-isus-si-buruiana\/","name":"Cump\u0103ra\u021bi tulpina de marijuana Jesus OG Weed - Cele mai bune medicamente globale","isPartOf":{"@id":"https:\/\/medicinasinc.com\/ro\/#website"},"primaryImageOfPage":{"@id":"https:\/\/medicinasinc.com\/ro\/product\/cumpara-isus-si-buruiana\/#primaryimage"},"image":{"@id":"https:\/\/medicinasinc.com\/ro\/product\/cumpara-isus-si-buruiana\/#primaryimage"},"thumbnailUrl":"https:\/\/medicinasinc.com\/ro\/wp-content\/uploads\/sites\/11\/2022\/02\/buy-Jesus-OG.png","datePublished":"2022-02-20T18:30:09+00:00","dateModified":"2022-03-22T01:10:20+00:00","description":"Cump\u0103ra\u021bi tulpina de marijuana Jesus OG pentru v\u00e2nzare online. Tulpina de marijuana Jesus og este Sativa Dominant Hybrid \u2013 80% Sativa \/ 20% Indica THC: 21% \u2013 25%","breadcrumb":{"@id":"https:\/\/medicinasinc.com\/ro\/product\/cumpara-isus-si-buruiana\/#breadcrumb"},"inLanguage":"en-US","potentialAction":[{"@type":"ReadAction","target":["https:\/\/medicinasinc.com\/ro\/product\/cumpara-isus-si-buruiana\/"]}]},{"@type":"ImageObject","inLanguage":"en-US","@id":"https:\/\/medicinasinc.com\/ro\/product\/cumpara-isus-si-buruiana\/#primaryimage","url":"https:\/\/medicinasinc.com\/ro\/wp-content\/uploads\/sites\/11\/2022\/02\/buy-Jesus-OG.png","contentUrl":"https:\/\/medicinasinc.com\/ro\/wp-content\/uploads\/sites\/11\/2022\/02\/buy-Jesus-OG.png","width":600,"height":600},{"@type":"BreadcrumbList","@id":"https:\/\/medicinasinc.com\/ro\/product\/cumpara-isus-si-buruiana\/#breadcrumb","itemListElement":[{"@type":"ListItem","position":1,"name":"Magazin","item":"https:\/\/medicinasinc.com\/ro\/magazin\/"},{"@type":"ListItem","position":2,"name":"Cump\u0103ra\u021bi iarb\u0103 Jesus OG"}]},{"@type":"WebSite","@id":"https:\/\/medicinasinc.com\/ro\/#website","url":"https:\/\/medicinasinc.com\/ro\/","name":"Medicinas Inc","description":"Health Medical Clinic","potentialAction":[{"@type":"SearchAction","target":{"@type":"EntryPoint","urlTemplate":"https:\/\/medicinasinc.com\/ro\/?s={search_term_string}"},"query-input":{"@type":"PropertyValueSpecification","valueRequired":true,"valueName":"search_term_string"}}],"inLanguage":"en-US"}]}},"_links":{"self":[{"href":"https:\/\/medicinasinc.com\/ro\/wp-json\/wp\/v2\/product\/4970","targetHints":{"allow":["GET"]}}],"collection":[{"href":"https:\/\/medicinasinc.com\/ro\/wp-json\/wp\/v2\/product"}],"about":[{"href":"https:\/\/medicinasinc.com\/ro\/wp-json\/wp\/v2\/types\/product"}],"replies":[{"embeddable":true,"href":"https:\/\/medicinasinc.com\/ro\/wp-json\/wp\/v2\/comments?post=4970"}],"wp:featuredmedia":[{"embeddable":true,"href":"https:\/\/medicinasinc.com\/ro\/wp-json\/wp\/v2\/media\/4983"}],"wp:attachment":[{"href":"https:\/\/medicinasinc.com\/ro\/wp-json\/wp\/v2\/media?parent=4970"}],"wp:term":[{"taxonomy":"product_brand","embeddable":true,"href":"https:\/\/medicinasinc.com\/ro\/wp-json\/wp\/v2\/product_brand?post=4970"},{"taxonomy":"product_cat","embeddable":true,"href":"https:\/\/medicinasinc.com\/ro\/wp-json\/wp\/v2\/product_cat?post=4970"},{"taxonomy":"product_tag","embeddable":true,"href":"https:\/\/medicinasinc.com\/ro\/wp-json\/wp\/v2\/product_tag?post=4970"}],"curies":[{"name":"wp","href":"https:\/\/api.w.org\/{rel}","templated":true}]}}