{"id":4953,"date":"2022-02-20T18:14:51","date_gmt":"2022-02-20T18:14:51","guid":{"rendered":"https:\/\/medicinasinc.com\/ro\/?post_type=product&#038;p=4953"},"modified":"2022-03-22T01:10:51","modified_gmt":"2022-03-22T01:10:51","slug":"cumpara-bunic-violet-tulpina","status":"publish","type":"product","link":"https:\/\/medicinasinc.com\/ro\/product\/cumpara-bunic-violet-tulpina\/","title":{"rendered":"Cump\u0103ra\u021bi Granddaddy Purple Strain"},"content":{"rendered":"<p>Cump\u0103ra\u021bi Granddaddy Purple Marijuana Online.<\/p>\n<p>Cump\u0103ra\u021bi Granddaddy Purple Marijuana Online.<\/p>\n<p>Granddaddy Purple Marijuana Strain este un hibrid \u2013 Granddaddy Purple Marijuana Strain este un hibrid \u2013 50% Sativa \/ 50 % Indica THC: 20%\u201327%, CBD: 1%<\/p>\n<p>Cerebral, Euforie, Fericit, Foame, Efecte de relaxare<br \/> Poate ajuta la ameliorarea artritei, durerii cronice, depresiei, insomniei, Pierderea poftei de m\u00e2ncare, migrene, spasme musculare, PTSD \u0219i arome de stres<br \/> Fructe, struguri, pin \u0219i dulce<\/p>\n","protected":false},"excerpt":{"rendered":"<p>Ce ar trebui s\u0103 \u0219ti\u021bi \u00eenainte de a cump\u0103ra Granddaddy Purple? Cunoscut\u0103 suplimentar sub numele de GDP, aceast\u0103 tulpin\u0103 este o \u00eencruci\u0219are Indica binecunoscut\u0103 de Purple Urkle \u0219i Big Bud.<\/p>\n<p>Achizi\u021biona\u021bi online marijuana Granddaddy Purple.<\/p>\n<p>Cea mai bun\u0103 WEED pentru comand\u0103 prin coresponden\u021b\u0103 din Canada. ! Sunte\u021bi interesat s\u0103 cump\u0103ra\u021bi marijuana medical\u0103 online din Canada?<\/p>\n<p>&nbsp;<\/p>\n<p>&nbsp;<\/p>\n","protected":false},"featured_media":4967,"comment_status":"open","ping_status":"closed","template":"","meta":[],"product_brand":[],"product_cat":[778],"product_tag":[835,838,839,840,836,841,837,842],"class_list":{"0":"post-4953","1":"product","2":"type-product","3":"status-publish","4":"has-post-thumbnail","6":"product_cat-buruian-de-vnzare","7":"product_tag-bunicul-tatic-purp-car","8":"product_tag-grand-daddy-purple-strain-indica-or-sativa","9":"product_tag-granddaddy-purple-near-me","10":"product_tag-granddaddy-purple-strain-pictures","11":"product_tag-bunicul-tatic-purp-preturi","12":"product_tag-purple-kush","13":"product_tag-bunicul-tatic-violet-ulei","14":"product_tag-violet-urkle","16":"first","17":"instock","18":"shipping-taxable","19":"purchasable","20":"product-type-simple"},"yoast_head":"<!-- This site is optimized with the Yoast SEO plugin v27.3 - https:\/\/yoast.com\/product\/yoast-seo-wordpress\/ -->\n<title>Cump\u0103ra\u021bi tulpina Granddaddy Purple - Cele mai bune medicamente globale<\/title>\n<meta name=\"description\" content=\"Ce trebuie s\u0103 \u0219ti\u021bi \u00eenainte de a cump\u0103ra tulpina Granddaddy Purple? De asemenea, denumit\u0103 GDP, aceast\u0103 tulpin\u0103 este o \u00eencruci\u0219are faimoas\u0103 Indica \u00eentre Purple Urkle \u0219i Big Bud.\" \/>\n<meta name=\"robots\" content=\"index, follow, max-snippet:-1, max-image-preview:large, max-video-preview:-1\" \/>\n<link rel=\"canonical\" href=\"https:\/\/medicinasinc.com\/ro\/product\/cumpara-bunic-violet-tulpina\/\" \/>\n<meta property=\"og:locale\" content=\"en_US\" \/>\n<meta property=\"og:type\" content=\"article\" \/>\n<meta property=\"og:title\" content=\"Cump\u0103ra\u021bi tulpina Granddaddy Purple - Cele mai bune medicamente globale\" \/>\n<meta property=\"og:description\" content=\"Ce trebuie s\u0103 \u0219ti\u021bi \u00eenainte de a cump\u0103ra tulpina Granddaddy Purple? De asemenea, denumit\u0103 GDP, aceast\u0103 tulpin\u0103 este o \u00eencruci\u0219are faimoas\u0103 Indica \u00eentre Purple Urkle \u0219i Big Bud.\" \/>\n<meta property=\"og:url\" content=\"https:\/\/medicinasinc.com\/ro\/product\/cumpara-bunic-violet-tulpina\/\" \/>\n<meta property=\"og:site_name\" content=\"Medicinas Inc\" \/>\n<meta property=\"article:modified_time\" content=\"2022-03-22T01:10:51+00:00\" \/>\n<meta property=\"og:image\" content=\"https:\/\/medicinasinc.com\/ro\/wp-content\/uploads\/sites\/11\/2022\/02\/Buy-Granddaddy-Purple-Strain.jpg\" \/>\n\t<meta property=\"og:image:width\" content=\"1822\" \/>\n\t<meta property=\"og:image:height\" content=\"2429\" \/>\n\t<meta property=\"og:image:type\" content=\"image\/jpeg\" \/>\n<meta name=\"twitter:card\" content=\"summary_large_image\" \/>\n<meta name=\"twitter:label1\" content=\"Est. reading time\" \/>\n\t<meta name=\"twitter:data1\" content=\"1 minute\" \/>\n<script type=\"application\/ld+json\" class=\"yoast-schema-graph\">{\"@context\":\"https:\\\/\\\/schema.org\",\"@graph\":[{\"@type\":\"WebPage\",\"@id\":\"https:\\\/\\\/medicinasinc.com\\\/ro\\\/product\\\/cumpara-bunic-violet-tulpina\\\/\",\"url\":\"https:\\\/\\\/medicinasinc.com\\\/ro\\\/product\\\/cumpara-bunic-violet-tulpina\\\/\",\"name\":\"Cump\u0103ra\u021bi tulpina Granddaddy Purple - Cele mai bune medicamente globale\",\"isPartOf\":{\"@id\":\"https:\\\/\\\/medicinasinc.com\\\/ro\\\/#website\"},\"primaryImageOfPage\":{\"@id\":\"https:\\\/\\\/medicinasinc.com\\\/ro\\\/product\\\/cumpara-bunic-violet-tulpina\\\/#primaryimage\"},\"image\":{\"@id\":\"https:\\\/\\\/medicinasinc.com\\\/ro\\\/product\\\/cumpara-bunic-violet-tulpina\\\/#primaryimage\"},\"thumbnailUrl\":\"https:\\\/\\\/medicinasinc.com\\\/ro\\\/wp-content\\\/uploads\\\/sites\\\/11\\\/2022\\\/02\\\/Buy-Granddaddy-Purple-Strain.jpg\",\"datePublished\":\"2022-02-20T18:14:51+00:00\",\"dateModified\":\"2022-03-22T01:10:51+00:00\",\"description\":\"Ce trebuie s\u0103 \u0219ti\u021bi \u00eenainte de a cump\u0103ra tulpina Granddaddy Purple? De asemenea, denumit\u0103 GDP, aceast\u0103 tulpin\u0103 este o \u00eencruci\u0219are faimoas\u0103 Indica \u00eentre Purple Urkle \u0219i Big Bud.\",\"breadcrumb\":{\"@id\":\"https:\\\/\\\/medicinasinc.com\\\/ro\\\/product\\\/cumpara-bunic-violet-tulpina\\\/#breadcrumb\"},\"inLanguage\":\"en-US\",\"potentialAction\":[{\"@type\":\"ReadAction\",\"target\":[\"https:\\\/\\\/medicinasinc.com\\\/ro\\\/product\\\/cumpara-bunic-violet-tulpina\\\/\"]}]},{\"@type\":\"ImageObject\",\"inLanguage\":\"en-US\",\"@id\":\"https:\\\/\\\/medicinasinc.com\\\/ro\\\/product\\\/cumpara-bunic-violet-tulpina\\\/#primaryimage\",\"url\":\"https:\\\/\\\/medicinasinc.com\\\/ro\\\/wp-content\\\/uploads\\\/sites\\\/11\\\/2022\\\/02\\\/Buy-Granddaddy-Purple-Strain.jpg\",\"contentUrl\":\"https:\\\/\\\/medicinasinc.com\\\/ro\\\/wp-content\\\/uploads\\\/sites\\\/11\\\/2022\\\/02\\\/Buy-Granddaddy-Purple-Strain.jpg\",\"width\":1822,\"height\":2429},{\"@type\":\"BreadcrumbList\",\"@id\":\"https:\\\/\\\/medicinasinc.com\\\/ro\\\/product\\\/cumpara-bunic-violet-tulpina\\\/#breadcrumb\",\"itemListElement\":[{\"@type\":\"ListItem\",\"position\":1,\"name\":\"Magazin\",\"item\":\"https:\\\/\\\/medicinasinc.com\\\/ro\\\/magazin\\\/\"},{\"@type\":\"ListItem\",\"position\":2,\"name\":\"Cump\u0103ra\u021bi Granddaddy Purple Strain\"}]},{\"@type\":\"WebSite\",\"@id\":\"https:\\\/\\\/medicinasinc.com\\\/ro\\\/#website\",\"url\":\"https:\\\/\\\/medicinasinc.com\\\/ro\\\/\",\"name\":\"Medicinas Inc\",\"description\":\"Health Medical Clinic\",\"potentialAction\":[{\"@type\":\"SearchAction\",\"target\":{\"@type\":\"EntryPoint\",\"urlTemplate\":\"https:\\\/\\\/medicinasinc.com\\\/ro\\\/?s={search_term_string}\"},\"query-input\":{\"@type\":\"PropertyValueSpecification\",\"valueRequired\":true,\"valueName\":\"search_term_string\"}}],\"inLanguage\":\"en-US\"}]}<\/script>\n<!-- \/ Yoast SEO plugin. -->","yoast_head_json":{"title":"Cump\u0103ra\u021bi tulpina Granddaddy Purple - Cele mai bune medicamente globale","description":"Ce trebuie s\u0103 \u0219ti\u021bi \u00eenainte de a cump\u0103ra tulpina Granddaddy Purple? De asemenea, denumit\u0103 GDP, aceast\u0103 tulpin\u0103 este o \u00eencruci\u0219are faimoas\u0103 Indica \u00eentre Purple Urkle \u0219i Big Bud.","robots":{"index":"index","follow":"follow","max-snippet":"max-snippet:-1","max-image-preview":"max-image-preview:large","max-video-preview":"max-video-preview:-1"},"canonical":"https:\/\/medicinasinc.com\/ro\/product\/cumpara-bunic-violet-tulpina\/","og_locale":"en_US","og_type":"article","og_title":"Cump\u0103ra\u021bi tulpina Granddaddy Purple - Cele mai bune medicamente globale","og_description":"Ce trebuie s\u0103 \u0219ti\u021bi \u00eenainte de a cump\u0103ra tulpina Granddaddy Purple? De asemenea, denumit\u0103 GDP, aceast\u0103 tulpin\u0103 este o \u00eencruci\u0219are faimoas\u0103 Indica \u00eentre Purple Urkle \u0219i Big Bud.","og_url":"https:\/\/medicinasinc.com\/ro\/product\/cumpara-bunic-violet-tulpina\/","og_site_name":"Medicinas Inc","article_modified_time":"2022-03-22T01:10:51+00:00","og_image":[{"width":1822,"height":2429,"url":"https:\/\/medicinasinc.com\/ro\/wp-content\/uploads\/sites\/11\/2022\/02\/Buy-Granddaddy-Purple-Strain.jpg","type":"image\/jpeg"}],"twitter_card":"summary_large_image","twitter_misc":{"Est. reading time":"1 minute"},"schema":{"@context":"https:\/\/schema.org","@graph":[{"@type":"WebPage","@id":"https:\/\/medicinasinc.com\/ro\/product\/cumpara-bunic-violet-tulpina\/","url":"https:\/\/medicinasinc.com\/ro\/product\/cumpara-bunic-violet-tulpina\/","name":"Cump\u0103ra\u021bi tulpina Granddaddy Purple - Cele mai bune medicamente globale","isPartOf":{"@id":"https:\/\/medicinasinc.com\/ro\/#website"},"primaryImageOfPage":{"@id":"https:\/\/medicinasinc.com\/ro\/product\/cumpara-bunic-violet-tulpina\/#primaryimage"},"image":{"@id":"https:\/\/medicinasinc.com\/ro\/product\/cumpara-bunic-violet-tulpina\/#primaryimage"},"thumbnailUrl":"https:\/\/medicinasinc.com\/ro\/wp-content\/uploads\/sites\/11\/2022\/02\/Buy-Granddaddy-Purple-Strain.jpg","datePublished":"2022-02-20T18:14:51+00:00","dateModified":"2022-03-22T01:10:51+00:00","description":"Ce trebuie s\u0103 \u0219ti\u021bi \u00eenainte de a cump\u0103ra tulpina Granddaddy Purple? De asemenea, denumit\u0103 GDP, aceast\u0103 tulpin\u0103 este o \u00eencruci\u0219are faimoas\u0103 Indica \u00eentre Purple Urkle \u0219i Big Bud.","breadcrumb":{"@id":"https:\/\/medicinasinc.com\/ro\/product\/cumpara-bunic-violet-tulpina\/#breadcrumb"},"inLanguage":"en-US","potentialAction":[{"@type":"ReadAction","target":["https:\/\/medicinasinc.com\/ro\/product\/cumpara-bunic-violet-tulpina\/"]}]},{"@type":"ImageObject","inLanguage":"en-US","@id":"https:\/\/medicinasinc.com\/ro\/product\/cumpara-bunic-violet-tulpina\/#primaryimage","url":"https:\/\/medicinasinc.com\/ro\/wp-content\/uploads\/sites\/11\/2022\/02\/Buy-Granddaddy-Purple-Strain.jpg","contentUrl":"https:\/\/medicinasinc.com\/ro\/wp-content\/uploads\/sites\/11\/2022\/02\/Buy-Granddaddy-Purple-Strain.jpg","width":1822,"height":2429},{"@type":"BreadcrumbList","@id":"https:\/\/medicinasinc.com\/ro\/product\/cumpara-bunic-violet-tulpina\/#breadcrumb","itemListElement":[{"@type":"ListItem","position":1,"name":"Magazin","item":"https:\/\/medicinasinc.com\/ro\/magazin\/"},{"@type":"ListItem","position":2,"name":"Cump\u0103ra\u021bi Granddaddy Purple Strain"}]},{"@type":"WebSite","@id":"https:\/\/medicinasinc.com\/ro\/#website","url":"https:\/\/medicinasinc.com\/ro\/","name":"Medicinas Inc","description":"Health Medical Clinic","potentialAction":[{"@type":"SearchAction","target":{"@type":"EntryPoint","urlTemplate":"https:\/\/medicinasinc.com\/ro\/?s={search_term_string}"},"query-input":{"@type":"PropertyValueSpecification","valueRequired":true,"valueName":"search_term_string"}}],"inLanguage":"en-US"}]}},"_links":{"self":[{"href":"https:\/\/medicinasinc.com\/ro\/wp-json\/wp\/v2\/product\/4953","targetHints":{"allow":["GET"]}}],"collection":[{"href":"https:\/\/medicinasinc.com\/ro\/wp-json\/wp\/v2\/product"}],"about":[{"href":"https:\/\/medicinasinc.com\/ro\/wp-json\/wp\/v2\/types\/product"}],"replies":[{"embeddable":true,"href":"https:\/\/medicinasinc.com\/ro\/wp-json\/wp\/v2\/comments?post=4953"}],"wp:featuredmedia":[{"embeddable":true,"href":"https:\/\/medicinasinc.com\/ro\/wp-json\/wp\/v2\/media\/4967"}],"wp:attachment":[{"href":"https:\/\/medicinasinc.com\/ro\/wp-json\/wp\/v2\/media?parent=4953"}],"wp:term":[{"taxonomy":"product_brand","embeddable":true,"href":"https:\/\/medicinasinc.com\/ro\/wp-json\/wp\/v2\/product_brand?post=4953"},{"taxonomy":"product_cat","embeddable":true,"href":"https:\/\/medicinasinc.com\/ro\/wp-json\/wp\/v2\/product_cat?post=4953"},{"taxonomy":"product_tag","embeddable":true,"href":"https:\/\/medicinasinc.com\/ro\/wp-json\/wp\/v2\/product_tag?post=4953"}],"curies":[{"name":"wp","href":"https:\/\/api.w.org\/{rel}","templated":true}]}}