{"id":4946,"date":"2022-02-20T18:08:57","date_gmt":"2022-02-20T18:08:57","guid":{"rendered":"https:\/\/medicinasinc.com\/ro\/?post_type=product&#038;p=4946"},"modified":"2022-03-22T01:11:00","modified_gmt":"2022-03-22T01:11:00","slug":"cumpara-gorilla-biscuit-marijuana","status":"publish","type":"product","link":"https:\/\/medicinasinc.com\/ro\/product\/cumpara-gorilla-biscuit-marijuana\/","title":{"rendered":"Cump\u0103ra\u021bi marijuana Gorilla Biscuit"},"content":{"rendered":"<h1><\/h1>\n<p>Achizi\u021bionarea online a tulpinii de marijuana Gorilla Biscuit.<\/p>\n<p>Achizi\u021bia online a tulpinii de marijuana Gorilla Biscuit.<\/p>\n<p>Marijuana din biscui\u021bii goril\u0103 este Indica. Hibrid dominant &#8211; 60% Indica \/ 40% Sativa Con\u021binut de THC de sativa: 15%\u201320%<\/p>\n<p>Excita\u021bie, euforie, foame, relaxare \u0219i somnolen\u021b\u0103<br \/> Poate ajuta la tratarea anorexiei, crampelor , depresie, insomnie \u0219i arome de stres<br \/> Arome de cafea, l\u0103m\u00e2ie \u0219i pin<br \/> P\u0103m\u00e2ntoase, \u00een\u021bep\u0103toare \u0219i picante<\/p>\n<p>Gorilla Biscuit de la Seeds of Compassion este o t\u0103ietur\u0103 predominant din India. de la jonc\u021biunea fenotipurilor Terebentin\u0103 lui Sensi Star \u0219i Stardawg IX. Acest amestec neobi\u0219nuit \u0219i destul de vechi poart\u0103 numele de Methaqualone, adesea cunoscut sub numele de quaaludes, un medicament cu efect calmant \u0219i exotic asupra organismului. Posesiunile sale continu\u0103 \u00eentr-un mod similar calmant, l\u0103s\u00e2nd anexele grele \u0219i libere. Gorilla Biscuit are un profil puternic de terpene, cu o arom\u0103 puternic\u0103 de pin-sol \u0219i boabe de cafea.<\/p>\n<p>Tulpina Gorilla Biscuits: O adev\u0103rat\u0103 tulpin\u0103 de stoner, \u00eenaltul Gorilla OG se dezvolt\u0103 treptat \u0219i ajunge la o stare de r\u0103pire care dureaz\u0103 pt. o perioad\u0103 prelungit\u0103 de timp. Odat\u0103 ce bunurile ei \u00ee\u021bi st\u0103p\u00e2nesc complet g\u00e2ndurile \u0219i corpul, g\u00e2ndurile tale s-ar putea s\u0103 nu fie la fel de clare ca acum c\u00e2teva ore. Cel mai vizibil aspect al experien\u021bei tale va fi impresia ferm\u0103 a \u00eencuietorului scaunului de dragoste, ceea ce va face dificil\u0103 satisfacerea oric\u0103ror m\u00e2ng\u00e2ietori ascun\u0219i. Propunerea noastr\u0103 este s\u0103 avans\u0103m dincolo de timp cu o m\u0103turare, un tampon \u0219i o cantitate mare de alimente con\u021binute \u00een aria bra\u021bului. Acest amestec neobi\u0219nuit \u0219i destul de vechi poart\u0103 numele de Methaqualone, adesea cunoscut sub numele de quaaludes, un medicament cu efect calmant \u0219i exotic asupra organismului. Posesiunile sale continu\u0103 \u00eentr-un mod similar calmant, l\u0103s\u00e2nd anexele grele \u0219i libere. Gorilla Biscuit are un profil terpenic robust, cu o arom\u0103 puternic\u0103 de pin-sol \u0219i cafea bourbon.<\/p>\n","protected":false},"excerpt":{"rendered":"<p>Cump\u0103ra\u021bi online tulpina de marijuana Gorilla Biscuit. Cu peste 15 ani de experien\u021b\u0103 \u00een sectorul marijuanei medicinale, suntem liderul \u00een Canada \u00een comenzile prin coresponden\u021b\u0103 cu canabis.<\/p>\n","protected":false},"featured_media":4960,"comment_status":"open","ping_status":"closed","template":"","meta":[],"product_brand":[],"product_cat":[778],"product_tag":[827,831,832,828,829,830,833,834],"class_list":{"0":"post-4946","1":"product","2":"type-product","3":"status-publish","4":"has-post-thumbnail","6":"product_cat-buruian-de-vnzare","7":"product_tag-biscuit-strain","8":"product_tag-goril-biscuii-medicament","9":"product_tag-goril-biscuii-merch","10":"product_tag-bizkitz-strain","11":"product_tag-california-orange-strain","12":"product_tag-ecto-cooler-strain","13":"product_tag-struguri-rcitor-tulpina","14":"product_tag-zahr-biscuii-tul","16":"first","17":"instock","18":"shipping-taxable","19":"purchasable","20":"product-type-variable","21":"has-default-attributes"},"yoast_head":"<!-- This site is optimized with the Yoast SEO plugin v27.3 - https:\/\/yoast.com\/product\/yoast-seo-wordpress\/ -->\n<title>Cump\u0103ra\u021bi marijuana Gorilla Biscuit - Cele mai bune medicamente globale<\/title>\n<meta name=\"description\" content=\"Cump\u0103ra\u021bi tulpin\u0103 de marijuana Gorilla Biscuit pentru v\u00e2nzare online. Lider \u00een comenzile prin coresponden\u021b\u0103 de canabis din Canada, cu o experien\u021b\u0103 de peste 15 ani \u00een industria marijuanei medicale.\" \/>\n<meta name=\"robots\" content=\"index, follow, max-snippet:-1, max-image-preview:large, max-video-preview:-1\" \/>\n<link rel=\"canonical\" href=\"https:\/\/medicinasinc.com\/ro\/product\/cumpara-gorilla-biscuit-marijuana\/\" \/>\n<meta property=\"og:locale\" content=\"en_US\" \/>\n<meta property=\"og:type\" content=\"article\" \/>\n<meta property=\"og:title\" content=\"Cump\u0103ra\u021bi marijuana Gorilla Biscuit - Cele mai bune medicamente globale\" \/>\n<meta property=\"og:description\" content=\"Cump\u0103ra\u021bi tulpin\u0103 de marijuana Gorilla Biscuit pentru v\u00e2nzare online. Lider \u00een comenzile prin coresponden\u021b\u0103 de canabis din Canada, cu o experien\u021b\u0103 de peste 15 ani \u00een industria marijuanei medicale.\" \/>\n<meta property=\"og:url\" content=\"https:\/\/medicinasinc.com\/ro\/product\/cumpara-gorilla-biscuit-marijuana\/\" \/>\n<meta property=\"og:site_name\" content=\"Medicinas Inc\" \/>\n<meta property=\"article:modified_time\" content=\"2022-03-22T01:11:00+00:00\" \/>\n<meta property=\"og:image\" content=\"https:\/\/medicinasinc.com\/ro\/wp-content\/uploads\/sites\/11\/2022\/02\/Buy-Gorilla-Biscuit-Marijuana.jpg\" \/>\n\t<meta property=\"og:image:width\" content=\"420\" \/>\n\t<meta property=\"og:image:height\" content=\"630\" \/>\n\t<meta property=\"og:image:type\" content=\"image\/jpeg\" \/>\n<meta name=\"twitter:card\" content=\"summary_large_image\" \/>\n<meta name=\"twitter:label1\" content=\"Est. reading time\" \/>\n\t<meta name=\"twitter:data1\" content=\"2 minutes\" \/>\n<script type=\"application\/ld+json\" class=\"yoast-schema-graph\">{\"@context\":\"https:\\\/\\\/schema.org\",\"@graph\":[{\"@type\":\"WebPage\",\"@id\":\"https:\\\/\\\/medicinasinc.com\\\/ro\\\/product\\\/cumpara-gorilla-biscuit-marijuana\\\/\",\"url\":\"https:\\\/\\\/medicinasinc.com\\\/ro\\\/product\\\/cumpara-gorilla-biscuit-marijuana\\\/\",\"name\":\"Cump\u0103ra\u021bi marijuana Gorilla Biscuit - Cele mai bune medicamente globale\",\"isPartOf\":{\"@id\":\"https:\\\/\\\/medicinasinc.com\\\/ro\\\/#website\"},\"primaryImageOfPage\":{\"@id\":\"https:\\\/\\\/medicinasinc.com\\\/ro\\\/product\\\/cumpara-gorilla-biscuit-marijuana\\\/#primaryimage\"},\"image\":{\"@id\":\"https:\\\/\\\/medicinasinc.com\\\/ro\\\/product\\\/cumpara-gorilla-biscuit-marijuana\\\/#primaryimage\"},\"thumbnailUrl\":\"https:\\\/\\\/medicinasinc.com\\\/ro\\\/wp-content\\\/uploads\\\/sites\\\/11\\\/2022\\\/02\\\/Buy-Gorilla-Biscuit-Marijuana.jpg\",\"datePublished\":\"2022-02-20T18:08:57+00:00\",\"dateModified\":\"2022-03-22T01:11:00+00:00\",\"description\":\"Cump\u0103ra\u021bi tulpin\u0103 de marijuana Gorilla Biscuit pentru v\u00e2nzare online. Lider \u00een comenzile prin coresponden\u021b\u0103 de canabis din Canada, cu o experien\u021b\u0103 de peste 15 ani \u00een industria marijuanei medicale.\",\"breadcrumb\":{\"@id\":\"https:\\\/\\\/medicinasinc.com\\\/ro\\\/product\\\/cumpara-gorilla-biscuit-marijuana\\\/#breadcrumb\"},\"inLanguage\":\"en-US\",\"potentialAction\":[{\"@type\":\"ReadAction\",\"target\":[\"https:\\\/\\\/medicinasinc.com\\\/ro\\\/product\\\/cumpara-gorilla-biscuit-marijuana\\\/\"]}]},{\"@type\":\"ImageObject\",\"inLanguage\":\"en-US\",\"@id\":\"https:\\\/\\\/medicinasinc.com\\\/ro\\\/product\\\/cumpara-gorilla-biscuit-marijuana\\\/#primaryimage\",\"url\":\"https:\\\/\\\/medicinasinc.com\\\/ro\\\/wp-content\\\/uploads\\\/sites\\\/11\\\/2022\\\/02\\\/Buy-Gorilla-Biscuit-Marijuana.jpg\",\"contentUrl\":\"https:\\\/\\\/medicinasinc.com\\\/ro\\\/wp-content\\\/uploads\\\/sites\\\/11\\\/2022\\\/02\\\/Buy-Gorilla-Biscuit-Marijuana.jpg\",\"width\":420,\"height\":630},{\"@type\":\"BreadcrumbList\",\"@id\":\"https:\\\/\\\/medicinasinc.com\\\/ro\\\/product\\\/cumpara-gorilla-biscuit-marijuana\\\/#breadcrumb\",\"itemListElement\":[{\"@type\":\"ListItem\",\"position\":1,\"name\":\"Magazin\",\"item\":\"https:\\\/\\\/medicinasinc.com\\\/ro\\\/magazin\\\/\"},{\"@type\":\"ListItem\",\"position\":2,\"name\":\"Cump\u0103ra\u021bi marijuana Gorilla Biscuit\"}]},{\"@type\":\"WebSite\",\"@id\":\"https:\\\/\\\/medicinasinc.com\\\/ro\\\/#website\",\"url\":\"https:\\\/\\\/medicinasinc.com\\\/ro\\\/\",\"name\":\"Medicinas Inc\",\"description\":\"Health Medical Clinic\",\"potentialAction\":[{\"@type\":\"SearchAction\",\"target\":{\"@type\":\"EntryPoint\",\"urlTemplate\":\"https:\\\/\\\/medicinasinc.com\\\/ro\\\/?s={search_term_string}\"},\"query-input\":{\"@type\":\"PropertyValueSpecification\",\"valueRequired\":true,\"valueName\":\"search_term_string\"}}],\"inLanguage\":\"en-US\"}]}<\/script>\n<!-- \/ Yoast SEO plugin. -->","yoast_head_json":{"title":"Cump\u0103ra\u021bi marijuana Gorilla Biscuit - Cele mai bune medicamente globale","description":"Cump\u0103ra\u021bi tulpin\u0103 de marijuana Gorilla Biscuit pentru v\u00e2nzare online. Lider \u00een comenzile prin coresponden\u021b\u0103 de canabis din Canada, cu o experien\u021b\u0103 de peste 15 ani \u00een industria marijuanei medicale.","robots":{"index":"index","follow":"follow","max-snippet":"max-snippet:-1","max-image-preview":"max-image-preview:large","max-video-preview":"max-video-preview:-1"},"canonical":"https:\/\/medicinasinc.com\/ro\/product\/cumpara-gorilla-biscuit-marijuana\/","og_locale":"en_US","og_type":"article","og_title":"Cump\u0103ra\u021bi marijuana Gorilla Biscuit - Cele mai bune medicamente globale","og_description":"Cump\u0103ra\u021bi tulpin\u0103 de marijuana Gorilla Biscuit pentru v\u00e2nzare online. Lider \u00een comenzile prin coresponden\u021b\u0103 de canabis din Canada, cu o experien\u021b\u0103 de peste 15 ani \u00een industria marijuanei medicale.","og_url":"https:\/\/medicinasinc.com\/ro\/product\/cumpara-gorilla-biscuit-marijuana\/","og_site_name":"Medicinas Inc","article_modified_time":"2022-03-22T01:11:00+00:00","og_image":[{"width":420,"height":630,"url":"https:\/\/medicinasinc.com\/ro\/wp-content\/uploads\/sites\/11\/2022\/02\/Buy-Gorilla-Biscuit-Marijuana.jpg","type":"image\/jpeg"}],"twitter_card":"summary_large_image","twitter_misc":{"Est. reading time":"2 minutes"},"schema":{"@context":"https:\/\/schema.org","@graph":[{"@type":"WebPage","@id":"https:\/\/medicinasinc.com\/ro\/product\/cumpara-gorilla-biscuit-marijuana\/","url":"https:\/\/medicinasinc.com\/ro\/product\/cumpara-gorilla-biscuit-marijuana\/","name":"Cump\u0103ra\u021bi marijuana Gorilla Biscuit - Cele mai bune medicamente globale","isPartOf":{"@id":"https:\/\/medicinasinc.com\/ro\/#website"},"primaryImageOfPage":{"@id":"https:\/\/medicinasinc.com\/ro\/product\/cumpara-gorilla-biscuit-marijuana\/#primaryimage"},"image":{"@id":"https:\/\/medicinasinc.com\/ro\/product\/cumpara-gorilla-biscuit-marijuana\/#primaryimage"},"thumbnailUrl":"https:\/\/medicinasinc.com\/ro\/wp-content\/uploads\/sites\/11\/2022\/02\/Buy-Gorilla-Biscuit-Marijuana.jpg","datePublished":"2022-02-20T18:08:57+00:00","dateModified":"2022-03-22T01:11:00+00:00","description":"Cump\u0103ra\u021bi tulpin\u0103 de marijuana Gorilla Biscuit pentru v\u00e2nzare online. Lider \u00een comenzile prin coresponden\u021b\u0103 de canabis din Canada, cu o experien\u021b\u0103 de peste 15 ani \u00een industria marijuanei medicale.","breadcrumb":{"@id":"https:\/\/medicinasinc.com\/ro\/product\/cumpara-gorilla-biscuit-marijuana\/#breadcrumb"},"inLanguage":"en-US","potentialAction":[{"@type":"ReadAction","target":["https:\/\/medicinasinc.com\/ro\/product\/cumpara-gorilla-biscuit-marijuana\/"]}]},{"@type":"ImageObject","inLanguage":"en-US","@id":"https:\/\/medicinasinc.com\/ro\/product\/cumpara-gorilla-biscuit-marijuana\/#primaryimage","url":"https:\/\/medicinasinc.com\/ro\/wp-content\/uploads\/sites\/11\/2022\/02\/Buy-Gorilla-Biscuit-Marijuana.jpg","contentUrl":"https:\/\/medicinasinc.com\/ro\/wp-content\/uploads\/sites\/11\/2022\/02\/Buy-Gorilla-Biscuit-Marijuana.jpg","width":420,"height":630},{"@type":"BreadcrumbList","@id":"https:\/\/medicinasinc.com\/ro\/product\/cumpara-gorilla-biscuit-marijuana\/#breadcrumb","itemListElement":[{"@type":"ListItem","position":1,"name":"Magazin","item":"https:\/\/medicinasinc.com\/ro\/magazin\/"},{"@type":"ListItem","position":2,"name":"Cump\u0103ra\u021bi marijuana Gorilla Biscuit"}]},{"@type":"WebSite","@id":"https:\/\/medicinasinc.com\/ro\/#website","url":"https:\/\/medicinasinc.com\/ro\/","name":"Medicinas Inc","description":"Health Medical Clinic","potentialAction":[{"@type":"SearchAction","target":{"@type":"EntryPoint","urlTemplate":"https:\/\/medicinasinc.com\/ro\/?s={search_term_string}"},"query-input":{"@type":"PropertyValueSpecification","valueRequired":true,"valueName":"search_term_string"}}],"inLanguage":"en-US"}]}},"_links":{"self":[{"href":"https:\/\/medicinasinc.com\/ro\/wp-json\/wp\/v2\/product\/4946","targetHints":{"allow":["GET"]}}],"collection":[{"href":"https:\/\/medicinasinc.com\/ro\/wp-json\/wp\/v2\/product"}],"about":[{"href":"https:\/\/medicinasinc.com\/ro\/wp-json\/wp\/v2\/types\/product"}],"replies":[{"embeddable":true,"href":"https:\/\/medicinasinc.com\/ro\/wp-json\/wp\/v2\/comments?post=4946"}],"wp:featuredmedia":[{"embeddable":true,"href":"https:\/\/medicinasinc.com\/ro\/wp-json\/wp\/v2\/media\/4960"}],"wp:attachment":[{"href":"https:\/\/medicinasinc.com\/ro\/wp-json\/wp\/v2\/media?parent=4946"}],"wp:term":[{"taxonomy":"product_brand","embeddable":true,"href":"https:\/\/medicinasinc.com\/ro\/wp-json\/wp\/v2\/product_brand?post=4946"},{"taxonomy":"product_cat","embeddable":true,"href":"https:\/\/medicinasinc.com\/ro\/wp-json\/wp\/v2\/product_cat?post=4946"},{"taxonomy":"product_tag","embeddable":true,"href":"https:\/\/medicinasinc.com\/ro\/wp-json\/wp\/v2\/product_tag?post=4946"}],"curies":[{"name":"wp","href":"https:\/\/api.w.org\/{rel}","templated":true}]}}