{"id":4940,"date":"2022-02-20T18:04:10","date_gmt":"2022-02-20T18:04:10","guid":{"rendered":"https:\/\/medicinasinc.com\/ro\/?post_type=product&#038;p=4940"},"modified":"2022-03-22T01:11:13","modified_gmt":"2022-03-22T01:11:13","slug":"cumpara-durban-otrava-marijuana","status":"publish","type":"product","link":"https:\/\/medicinasinc.com\/ro\/product\/cumpara-durban-otrava-marijuana\/","title":{"rendered":"Cump\u0103ra\u021bi Durban Poison Marijuana"},"content":{"rendered":"<p>Achizi\u021bionarea online a tulpinii de marijuana Durban Poison<\/p>\n<p>Aceast\u0103 tulpin\u0103 extrem de puternic\u0103 va oferi o lovitur\u0103 grav\u0103 creierului. Durban Poison este o tulpin\u0103 sativa pur\u0103 care este un descendent \u00eendr\u0103git al unei tulpini sativa din Africa de Sud. \u00cen anii 1970, Ed Rosenthal, un activist american pentru canabis, a identificat tulpina original\u0103 \u0219i a introdus-o \u00een Statele Unite. A fost un favorit de mult\u0103 vreme printre cei care str\u00e2ng cu pietre \u0219i pacien\u021bii cu marijuana medical\u0103 din acest ora\u0219. Durban Poison are un con\u021binut de THC de p\u00e2n\u0103 la 24%, ceea ce o face una dintre cele mai puternice tulpini disponibile. Aceast\u0103 tulpin\u0103 ofer\u0103 un cap puternic \u0219i pl\u0103cut, ideal pentru eforturile creative \u0219i activit\u0103\u021bile de zi. Al\u0103turi de gur\u0103 uscat\u0103, paranoia este un posibil efect advers. Durban Poison este un tratament puternic pentru depresie \u0219i anxietate, precum \u0219i pentru durerea cronic\u0103 \u0219i grea\u021ba. Aceast\u0103 tulpin\u0103 este bun\u0103 pentru a crea concentrate datorit\u0103 abunden\u021bei tricomilor mari de pe boboc. Mirosul \u0219i aroma predominante ale Durban Poison sunt p\u0103m\u00e2nte\u0219ti \u0219i dulci, cu o arom\u0103 slab\u0103 de pin. Mugurii sunt rotunzi \u0219i gro\u0219i, acoperi\u021bi cu tricomi abunden\u021bi. Aceast\u0103 tulpin\u0103 este ideal\u0103 pentru perioadele de activitate fizic\u0103, treburi \u0219i alte activit\u0103\u021bi \u00een timpul zilei.<\/p>\n","protected":false},"excerpt":{"rendered":"<div class=\"woocommerce-product-details__short-description\">\n<p>Durban Poison are un con\u021binut de THC de p\u00e2n\u0103 la 24%, ceea ce \u00eel face unul dintre cei&#8217;s&#8230; c\u0103 aceste magazine v\u00e2nd unele dintre aceste tulpini unice.<\/p>\n<p>Tulpina Durban Poison a atras la nivel mondial datorit\u0103 aromei sale pl\u0103cute \u0219i efectelor energizante \u0219i \u00een\u0103l\u021b\u0103toare. V\u0103 rug\u0103m s\u0103 ne face\u021bi o vizit\u0103.<\/p>\n<p>Tulpina de marijuana Durban Poison poate fi achizi\u021bionat\u0103 online. Durban Poison este o tulpin\u0103 de canabis african Sativa Landrace. Excelent pentru pacien\u021bii care caut\u0103 o tulpin\u0103 cerebral\u0103 robust\u0103 care va ajuta \u00een lupta \u00eempotriva stresului \u0219i oboselii.<\/p>\n<\/p><\/div>\n","protected":false},"featured_media":4954,"comment_status":"open","ping_status":"closed","template":"","meta":[],"product_brand":[],"product_cat":[778],"product_tag":[819,821,822,820,825,826,823,824],"class_list":{"0":"post-4940","1":"product","2":"type-product","3":"status-publish","4":"has-post-thumbnail","6":"product_cat-buruian-de-vnzare","7":"product_tag-cele-mai-bune-durban-otrvire-semine","8":"product_tag-durban-otrvire-cruci","9":"product_tag-durban-otrava-creste","10":"product_tag-durban-poison-autoflower","11":"product_tag-durban-poison-veg-time","12":"product_tag-este-durban-la-la-fel-cu-durban-otrava","13":"product_tag-durban-otrvire-istorie","14":"product_tag-durban-semine-otrvitoare-africa-de-sud","16":"first","17":"instock","18":"shipping-taxable","19":"purchasable","20":"product-type-variable","21":"has-default-attributes"},"yoast_head":"<!-- This site is optimized with the Yoast SEO plugin v27.3 - https:\/\/yoast.com\/product\/yoast-seo-wordpress\/ -->\n<title>Cump\u0103ra\u021bi Durban Poison Marijuana - Cele mai bune medicamente globale<\/title>\n<meta name=\"description\" content=\"Cump\u0103ra\u021bi tulpina Durban Poison\u00a0de v\u00e2nzare online, a c\u00e2\u0219tigat popularitate \u00een \u00eentreaga lume pentru mirosul dulce \u0219i efectele energice \u0219i \u00een\u0103l\u021b\u0103toare. V\u0103 rug\u0103m s\u0103 ne vizita\u021bi.\" \/>\n<meta name=\"robots\" content=\"index, follow, max-snippet:-1, max-image-preview:large, max-video-preview:-1\" \/>\n<link rel=\"canonical\" href=\"https:\/\/medicinasinc.com\/ro\/product\/cumpara-durban-otrava-marijuana\/\" \/>\n<meta property=\"og:locale\" content=\"en_US\" \/>\n<meta property=\"og:type\" content=\"article\" \/>\n<meta property=\"og:title\" content=\"Cump\u0103ra\u021bi Durban Poison Marijuana - Cele mai bune medicamente globale\" \/>\n<meta property=\"og:description\" content=\"Cump\u0103ra\u021bi tulpina Durban Poison\u00a0de v\u00e2nzare online, a c\u00e2\u0219tigat popularitate \u00een \u00eentreaga lume pentru mirosul dulce \u0219i efectele energice \u0219i \u00een\u0103l\u021b\u0103toare. V\u0103 rug\u0103m s\u0103 ne vizita\u021bi.\" \/>\n<meta property=\"og:url\" content=\"https:\/\/medicinasinc.com\/ro\/product\/cumpara-durban-otrava-marijuana\/\" \/>\n<meta property=\"og:site_name\" content=\"Medicinas Inc\" \/>\n<meta property=\"article:modified_time\" content=\"2022-03-22T01:11:13+00:00\" \/>\n<meta property=\"og:image\" content=\"https:\/\/medicinasinc.com\/ro\/wp-content\/uploads\/sites\/11\/2022\/02\/Buy-Durban-Poison-Marijuana.jpg\" \/>\n\t<meta property=\"og:image:width\" content=\"225\" \/>\n\t<meta property=\"og:image:height\" content=\"225\" \/>\n\t<meta property=\"og:image:type\" content=\"image\/jpeg\" \/>\n<meta name=\"twitter:card\" content=\"summary_large_image\" \/>\n<meta name=\"twitter:label1\" content=\"Est. reading time\" \/>\n\t<meta name=\"twitter:data1\" content=\"1 minute\" \/>\n<script type=\"application\/ld+json\" class=\"yoast-schema-graph\">{\"@context\":\"https:\\\/\\\/schema.org\",\"@graph\":[{\"@type\":\"WebPage\",\"@id\":\"https:\\\/\\\/medicinasinc.com\\\/ro\\\/product\\\/cumpara-durban-otrava-marijuana\\\/\",\"url\":\"https:\\\/\\\/medicinasinc.com\\\/ro\\\/product\\\/cumpara-durban-otrava-marijuana\\\/\",\"name\":\"Cump\u0103ra\u021bi Durban Poison Marijuana - Cele mai bune medicamente globale\",\"isPartOf\":{\"@id\":\"https:\\\/\\\/medicinasinc.com\\\/ro\\\/#website\"},\"primaryImageOfPage\":{\"@id\":\"https:\\\/\\\/medicinasinc.com\\\/ro\\\/product\\\/cumpara-durban-otrava-marijuana\\\/#primaryimage\"},\"image\":{\"@id\":\"https:\\\/\\\/medicinasinc.com\\\/ro\\\/product\\\/cumpara-durban-otrava-marijuana\\\/#primaryimage\"},\"thumbnailUrl\":\"https:\\\/\\\/medicinasinc.com\\\/ro\\\/wp-content\\\/uploads\\\/sites\\\/11\\\/2022\\\/02\\\/Buy-Durban-Poison-Marijuana.jpg\",\"datePublished\":\"2022-02-20T18:04:10+00:00\",\"dateModified\":\"2022-03-22T01:11:13+00:00\",\"description\":\"Cump\u0103ra\u021bi tulpina Durban Poison\u00a0de v\u00e2nzare online, a c\u00e2\u0219tigat popularitate \u00een \u00eentreaga lume pentru mirosul dulce \u0219i efectele energice \u0219i \u00een\u0103l\u021b\u0103toare. V\u0103 rug\u0103m s\u0103 ne vizita\u021bi.\",\"breadcrumb\":{\"@id\":\"https:\\\/\\\/medicinasinc.com\\\/ro\\\/product\\\/cumpara-durban-otrava-marijuana\\\/#breadcrumb\"},\"inLanguage\":\"en-US\",\"potentialAction\":[{\"@type\":\"ReadAction\",\"target\":[\"https:\\\/\\\/medicinasinc.com\\\/ro\\\/product\\\/cumpara-durban-otrava-marijuana\\\/\"]}]},{\"@type\":\"ImageObject\",\"inLanguage\":\"en-US\",\"@id\":\"https:\\\/\\\/medicinasinc.com\\\/ro\\\/product\\\/cumpara-durban-otrava-marijuana\\\/#primaryimage\",\"url\":\"https:\\\/\\\/medicinasinc.com\\\/ro\\\/wp-content\\\/uploads\\\/sites\\\/11\\\/2022\\\/02\\\/Buy-Durban-Poison-Marijuana.jpg\",\"contentUrl\":\"https:\\\/\\\/medicinasinc.com\\\/ro\\\/wp-content\\\/uploads\\\/sites\\\/11\\\/2022\\\/02\\\/Buy-Durban-Poison-Marijuana.jpg\",\"width\":225,\"height\":225},{\"@type\":\"BreadcrumbList\",\"@id\":\"https:\\\/\\\/medicinasinc.com\\\/ro\\\/product\\\/cumpara-durban-otrava-marijuana\\\/#breadcrumb\",\"itemListElement\":[{\"@type\":\"ListItem\",\"position\":1,\"name\":\"Magazin\",\"item\":\"https:\\\/\\\/medicinasinc.com\\\/ro\\\/magazin\\\/\"},{\"@type\":\"ListItem\",\"position\":2,\"name\":\"Cump\u0103ra\u021bi Durban Poison Marijuana\"}]},{\"@type\":\"WebSite\",\"@id\":\"https:\\\/\\\/medicinasinc.com\\\/ro\\\/#website\",\"url\":\"https:\\\/\\\/medicinasinc.com\\\/ro\\\/\",\"name\":\"Medicinas Inc\",\"description\":\"Health Medical Clinic\",\"potentialAction\":[{\"@type\":\"SearchAction\",\"target\":{\"@type\":\"EntryPoint\",\"urlTemplate\":\"https:\\\/\\\/medicinasinc.com\\\/ro\\\/?s={search_term_string}\"},\"query-input\":{\"@type\":\"PropertyValueSpecification\",\"valueRequired\":true,\"valueName\":\"search_term_string\"}}],\"inLanguage\":\"en-US\"}]}<\/script>\n<!-- \/ Yoast SEO plugin. -->","yoast_head_json":{"title":"Cump\u0103ra\u021bi Durban Poison Marijuana - Cele mai bune medicamente globale","description":"Cump\u0103ra\u021bi tulpina Durban Poison\u00a0de v\u00e2nzare online, a c\u00e2\u0219tigat popularitate \u00een \u00eentreaga lume pentru mirosul dulce \u0219i efectele energice \u0219i \u00een\u0103l\u021b\u0103toare. V\u0103 rug\u0103m s\u0103 ne vizita\u021bi.","robots":{"index":"index","follow":"follow","max-snippet":"max-snippet:-1","max-image-preview":"max-image-preview:large","max-video-preview":"max-video-preview:-1"},"canonical":"https:\/\/medicinasinc.com\/ro\/product\/cumpara-durban-otrava-marijuana\/","og_locale":"en_US","og_type":"article","og_title":"Cump\u0103ra\u021bi Durban Poison Marijuana - Cele mai bune medicamente globale","og_description":"Cump\u0103ra\u021bi tulpina Durban Poison\u00a0de v\u00e2nzare online, a c\u00e2\u0219tigat popularitate \u00een \u00eentreaga lume pentru mirosul dulce \u0219i efectele energice \u0219i \u00een\u0103l\u021b\u0103toare. V\u0103 rug\u0103m s\u0103 ne vizita\u021bi.","og_url":"https:\/\/medicinasinc.com\/ro\/product\/cumpara-durban-otrava-marijuana\/","og_site_name":"Medicinas Inc","article_modified_time":"2022-03-22T01:11:13+00:00","og_image":[{"width":225,"height":225,"url":"https:\/\/medicinasinc.com\/ro\/wp-content\/uploads\/sites\/11\/2022\/02\/Buy-Durban-Poison-Marijuana.jpg","type":"image\/jpeg"}],"twitter_card":"summary_large_image","twitter_misc":{"Est. reading time":"1 minute"},"schema":{"@context":"https:\/\/schema.org","@graph":[{"@type":"WebPage","@id":"https:\/\/medicinasinc.com\/ro\/product\/cumpara-durban-otrava-marijuana\/","url":"https:\/\/medicinasinc.com\/ro\/product\/cumpara-durban-otrava-marijuana\/","name":"Cump\u0103ra\u021bi Durban Poison Marijuana - Cele mai bune medicamente globale","isPartOf":{"@id":"https:\/\/medicinasinc.com\/ro\/#website"},"primaryImageOfPage":{"@id":"https:\/\/medicinasinc.com\/ro\/product\/cumpara-durban-otrava-marijuana\/#primaryimage"},"image":{"@id":"https:\/\/medicinasinc.com\/ro\/product\/cumpara-durban-otrava-marijuana\/#primaryimage"},"thumbnailUrl":"https:\/\/medicinasinc.com\/ro\/wp-content\/uploads\/sites\/11\/2022\/02\/Buy-Durban-Poison-Marijuana.jpg","datePublished":"2022-02-20T18:04:10+00:00","dateModified":"2022-03-22T01:11:13+00:00","description":"Cump\u0103ra\u021bi tulpina Durban Poison\u00a0de v\u00e2nzare online, a c\u00e2\u0219tigat popularitate \u00een \u00eentreaga lume pentru mirosul dulce \u0219i efectele energice \u0219i \u00een\u0103l\u021b\u0103toare. V\u0103 rug\u0103m s\u0103 ne vizita\u021bi.","breadcrumb":{"@id":"https:\/\/medicinasinc.com\/ro\/product\/cumpara-durban-otrava-marijuana\/#breadcrumb"},"inLanguage":"en-US","potentialAction":[{"@type":"ReadAction","target":["https:\/\/medicinasinc.com\/ro\/product\/cumpara-durban-otrava-marijuana\/"]}]},{"@type":"ImageObject","inLanguage":"en-US","@id":"https:\/\/medicinasinc.com\/ro\/product\/cumpara-durban-otrava-marijuana\/#primaryimage","url":"https:\/\/medicinasinc.com\/ro\/wp-content\/uploads\/sites\/11\/2022\/02\/Buy-Durban-Poison-Marijuana.jpg","contentUrl":"https:\/\/medicinasinc.com\/ro\/wp-content\/uploads\/sites\/11\/2022\/02\/Buy-Durban-Poison-Marijuana.jpg","width":225,"height":225},{"@type":"BreadcrumbList","@id":"https:\/\/medicinasinc.com\/ro\/product\/cumpara-durban-otrava-marijuana\/#breadcrumb","itemListElement":[{"@type":"ListItem","position":1,"name":"Magazin","item":"https:\/\/medicinasinc.com\/ro\/magazin\/"},{"@type":"ListItem","position":2,"name":"Cump\u0103ra\u021bi Durban Poison Marijuana"}]},{"@type":"WebSite","@id":"https:\/\/medicinasinc.com\/ro\/#website","url":"https:\/\/medicinasinc.com\/ro\/","name":"Medicinas Inc","description":"Health Medical Clinic","potentialAction":[{"@type":"SearchAction","target":{"@type":"EntryPoint","urlTemplate":"https:\/\/medicinasinc.com\/ro\/?s={search_term_string}"},"query-input":{"@type":"PropertyValueSpecification","valueRequired":true,"valueName":"search_term_string"}}],"inLanguage":"en-US"}]}},"_links":{"self":[{"href":"https:\/\/medicinasinc.com\/ro\/wp-json\/wp\/v2\/product\/4940","targetHints":{"allow":["GET"]}}],"collection":[{"href":"https:\/\/medicinasinc.com\/ro\/wp-json\/wp\/v2\/product"}],"about":[{"href":"https:\/\/medicinasinc.com\/ro\/wp-json\/wp\/v2\/types\/product"}],"replies":[{"embeddable":true,"href":"https:\/\/medicinasinc.com\/ro\/wp-json\/wp\/v2\/comments?post=4940"}],"wp:featuredmedia":[{"embeddable":true,"href":"https:\/\/medicinasinc.com\/ro\/wp-json\/wp\/v2\/media\/4954"}],"wp:attachment":[{"href":"https:\/\/medicinasinc.com\/ro\/wp-json\/wp\/v2\/media?parent=4940"}],"wp:term":[{"taxonomy":"product_brand","embeddable":true,"href":"https:\/\/medicinasinc.com\/ro\/wp-json\/wp\/v2\/product_brand?post=4940"},{"taxonomy":"product_cat","embeddable":true,"href":"https:\/\/medicinasinc.com\/ro\/wp-json\/wp\/v2\/product_cat?post=4940"},{"taxonomy":"product_tag","embeddable":true,"href":"https:\/\/medicinasinc.com\/ro\/wp-json\/wp\/v2\/product_tag?post=4940"}],"curies":[{"name":"wp","href":"https:\/\/api.w.org\/{rel}","templated":true}]}}