{"id":4928,"date":"2022-02-20T17:53:26","date_gmt":"2022-02-20T17:53:26","guid":{"rendered":"https:\/\/medicinasinc.com\/ro\/?post_type=product&#038;p=4928"},"modified":"2022-03-22T01:11:32","modified_gmt":"2022-03-22T01:11:32","slug":"cumpara-cookies-gelato","status":"publish","type":"product","link":"https:\/\/medicinasinc.com\/ro\/product\/cumpara-cookies-gelato\/","title":{"rendered":"Cump\u0103ra\u021bi Cookies Gelato"},"content":{"rendered":"<p>Cookies Gelato este urma\u0219ul a dou\u0103 tulpini illustre de marijuana. Ea a mo\u0219tenit o cantitate nebun\u0103 de poten\u021b\u0103, un gust dulce \u0219i o cantitate incredibil\u0103 de productivitate. \u0218i Cali Bliss a optimizat fiecare dintre aceste elemente. Acesta este acum num\u0103rul 2 \u0219i a fost \u00eembun\u0103t\u0103\u021bit semnificativ. \u00cen plus, se folose\u0219te 25% THC \u00een loc de 23% THC.<\/p>\n<p>Pentru \u00eenceput, am dori s\u0103 oferim un context pentru cultivatorii acestei minunate tulpini Cookies Gelato. Cali Bliss este o echip\u0103 de cultivatori relativ nou\u0103. Acestea sunt lovitori grei \u0219i ne-a luat aproximativ un an \u0219i jum\u0103tate s\u0103 stoc\u0103m unele dintre tulpinile lor. Am avut norocul s\u0103 achizi\u021bion\u0103m trei dintre ele chiar acum. Sunt devota\u021bi geneticii autentice din California, dar cu o \u00eentors\u0103tur\u0103. Anumite tulpini au nevoie de ani s\u0103 se dezvolte p\u00e2n\u0103 la punctul \u00een care ace\u0219ti tipi sunt mul\u021bumi\u021bi.<\/p>\n<p>\u201ePe m\u0103sur\u0103 ce consumi mai mult canabis, toleran\u021ba ta cre\u0219te. Pentru \u00eencep\u0103tori, nu este nevoie de mult pentru a fi \u00eempu\u0219cat. C\u00e2teva pufuri de la o tulpin\u0103 slab\u0103 va fi suficient\u0103.Dup\u0103 c\u00e2\u021biva ani, totu\u0219i, fum\u0103torii experimenta\u021bi au nevoie de marijuana mai puternic\u0103 pentru a ob\u021bine acelea\u0219i efecte.Una dintre aceste tulpini este Cookies Gelato.Ea furnizeaz\u0103 o doz\u0103 monstruoas\u0103 de THC care transport\u0103 instantaneu mintea \u00eentr-o stare alterat\u0103 de con\u0219tiin\u021b\u0103 \u0219i men\u021bine timp de ore.\u201d<\/p>\n<p>Efectele puternice ale Cookies Gelato sunt rezultatul tulpinilor ei p\u0103rinte puternice Girl Scout Cookies and Gelato. Acest duo dinamic este \u00eens\u0103 renumit pentru mai mult dec\u00e2t pentru puterea lor brut\u0103. Dup\u0103 cum sugereaz\u0103 numele lor, ambii au profil de terpene dulci \u0219i zaharoase. Cookies Gelato \u00eentruchipeaz\u0103 cele mai bune caracteristici ale ambelor soiuri legendare.<\/p>\n<p>Mugurii acestui tip sunt rari \u0219i mici (acest lucru este determinat genetic \u2013 nu exist\u0103 nicio cale de a o ocoli). Puf suplimentar \u0219i moliciune. Adic\u0103 bobocul \u00een sine are mai mult spa\u021biu de aer. Acest lucru poate duce la o arsur\u0103 mai rapid\u0103 \u0219i o senza\u021bie mai aspr\u0103 dac\u0103 nu este luat\u0103 \u00een considerare. Prin urmare, asigura\u021bi-v\u0103 pur \u0219i simplu c\u0103 este str\u00e2ns ambalat pentru a elimina orice spa\u021biu de aer. C\u00e2nd rula\u021bi un rost sau fuma\u021bi un castron, \u00eempacheta\u021bi-l bine. Aceasta este natura tulpinii.<\/p>\n<p>CE \u00ceNSEAMNA NUM\u0102RUL DOI?<\/p>\n<p>\u2013 Efecte extinse (mai rafinate)<\/p>\n<p>\u2013 Arom\u0103 \u00eembun\u0103t\u0103\u021bit\u0103 (profil terp mai rafinat) <\/p>\n<p>\u2013 Con\u021binut crescut de THC (obi\u0219nuit era de 23 la sut\u0103, acum este de 25 la sut\u0103)<\/p>\n<p>\u2013 \u00cen plus, vindecare \u0219i t\u0103iere mai bun\u0103<\/p>\n<p>EFECTE:<\/p>\n<p>Creativ, vesel \u0219i euforic<\/p>\n<p>MEDICAL:<\/p>\n<p>Anxietate, stres \u0219i durere cronic\u0103<\/p>\n<p>THC:<\/p>\n<p>25% <\/p>\n<div class=\"product-next-previous\">\n<div class=\"product-prev\"><\/div><\/div>\n","protected":false},"excerpt":{"rendered":"<p>Cump\u0103ra\u021bi biscui\u021bi cu marijuana Gelato pentru v\u00e2nzare online. Chem Willie este un hibrid dominant Sativa \u2013 70% Sativa \u0219i 30% Indica. Indica THC: 15%<\/p>\n","protected":false},"featured_media":4941,"comment_status":"open","ping_status":"closed","template":"","meta":[],"product_brand":[],"product_cat":[778],"product_tag":[808,804,805,806,807,809,810,803],"class_list":{"0":"post-4928","1":"product","2":"type-product","3":"status-publish","4":"has-post-thumbnail","6":"product_cat-buruian-de-vnzare","7":"product_tag-gelato-biscuit-i-smntn","8":"product_tag-cookies-gelato-41","9":"product_tag-cookies-gelato-flowering-time","10":"product_tag-cookies-gelato-grow-diary","11":"product_tag-fursecuri-gelato-randament","12":"product_tag-gelato-cookies-strain-allbud","13":"product_tag-gelato-cookies-strain-wikileaf","14":"product_tag-fursecuri-gelato-42","16":"first","17":"instock","18":"shipping-taxable","19":"purchasable","20":"product-type-variable","21":"has-default-attributes"},"yoast_head":"<!-- This site is optimized with the Yoast SEO plugin v27.3 - https:\/\/yoast.com\/product\/yoast-seo-wordpress\/ -->\n<title>Cump\u0103ra\u021bi Cookies Gelato - Cookies Gelato de v\u00e2nzare - Best Best Global Meds<\/title>\n<meta name=\"description\" content=\"Cump\u0103ra\u021bi Cookies Gelato Marijuana de v\u00e2nzare online. Chem willie este Sativa Dominant Hybrid \u2013 70% Sativa \/ 30% Indica THC: 15%\" \/>\n<meta name=\"robots\" content=\"index, follow, max-snippet:-1, max-image-preview:large, max-video-preview:-1\" \/>\n<link rel=\"canonical\" href=\"https:\/\/medicinasinc.com\/ro\/product\/cumpara-cookies-gelato\/\" \/>\n<meta property=\"og:locale\" content=\"en_US\" \/>\n<meta property=\"og:type\" content=\"article\" \/>\n<meta property=\"og:title\" content=\"Cump\u0103ra\u021bi Cookies Gelato - Cookies Gelato de v\u00e2nzare - Best Best Global Meds\" \/>\n<meta property=\"og:description\" content=\"Cump\u0103ra\u021bi Cookies Gelato Marijuana de v\u00e2nzare online. Chem willie este Sativa Dominant Hybrid \u2013 70% Sativa \/ 30% Indica THC: 15%\" \/>\n<meta property=\"og:url\" content=\"https:\/\/medicinasinc.com\/ro\/product\/cumpara-cookies-gelato\/\" \/>\n<meta property=\"og:site_name\" content=\"Medicinas Inc\" \/>\n<meta property=\"article:modified_time\" content=\"2022-03-22T01:11:32+00:00\" \/>\n<meta property=\"og:image\" content=\"https:\/\/medicinasinc.com\/ro\/wp-content\/uploads\/sites\/11\/2022\/02\/Buy-Cookies-Gelato.jpg\" \/>\n\t<meta property=\"og:image:width\" content=\"420\" \/>\n\t<meta property=\"og:image:height\" content=\"630\" \/>\n\t<meta property=\"og:image:type\" content=\"image\/jpeg\" \/>\n<meta name=\"twitter:card\" content=\"summary_large_image\" \/>\n<meta name=\"twitter:label1\" content=\"Est. reading time\" \/>\n\t<meta name=\"twitter:data1\" content=\"2 minutes\" \/>\n<script type=\"application\/ld+json\" class=\"yoast-schema-graph\">{\"@context\":\"https:\\\/\\\/schema.org\",\"@graph\":[{\"@type\":\"WebPage\",\"@id\":\"https:\\\/\\\/medicinasinc.com\\\/ro\\\/product\\\/cumpara-cookies-gelato\\\/\",\"url\":\"https:\\\/\\\/medicinasinc.com\\\/ro\\\/product\\\/cumpara-cookies-gelato\\\/\",\"name\":\"Cump\u0103ra\u021bi Cookies Gelato - Cookies Gelato de v\u00e2nzare - Best Best Global Meds\",\"isPartOf\":{\"@id\":\"https:\\\/\\\/medicinasinc.com\\\/ro\\\/#website\"},\"primaryImageOfPage\":{\"@id\":\"https:\\\/\\\/medicinasinc.com\\\/ro\\\/product\\\/cumpara-cookies-gelato\\\/#primaryimage\"},\"image\":{\"@id\":\"https:\\\/\\\/medicinasinc.com\\\/ro\\\/product\\\/cumpara-cookies-gelato\\\/#primaryimage\"},\"thumbnailUrl\":\"https:\\\/\\\/medicinasinc.com\\\/ro\\\/wp-content\\\/uploads\\\/sites\\\/11\\\/2022\\\/02\\\/Buy-Cookies-Gelato.jpg\",\"datePublished\":\"2022-02-20T17:53:26+00:00\",\"dateModified\":\"2022-03-22T01:11:32+00:00\",\"description\":\"Cump\u0103ra\u021bi Cookies Gelato Marijuana de v\u00e2nzare online. Chem willie este Sativa Dominant Hybrid \u2013 70% Sativa \\\/ 30% Indica THC: 15%\",\"breadcrumb\":{\"@id\":\"https:\\\/\\\/medicinasinc.com\\\/ro\\\/product\\\/cumpara-cookies-gelato\\\/#breadcrumb\"},\"inLanguage\":\"en-US\",\"potentialAction\":[{\"@type\":\"ReadAction\",\"target\":[\"https:\\\/\\\/medicinasinc.com\\\/ro\\\/product\\\/cumpara-cookies-gelato\\\/\"]}]},{\"@type\":\"ImageObject\",\"inLanguage\":\"en-US\",\"@id\":\"https:\\\/\\\/medicinasinc.com\\\/ro\\\/product\\\/cumpara-cookies-gelato\\\/#primaryimage\",\"url\":\"https:\\\/\\\/medicinasinc.com\\\/ro\\\/wp-content\\\/uploads\\\/sites\\\/11\\\/2022\\\/02\\\/Buy-Cookies-Gelato.jpg\",\"contentUrl\":\"https:\\\/\\\/medicinasinc.com\\\/ro\\\/wp-content\\\/uploads\\\/sites\\\/11\\\/2022\\\/02\\\/Buy-Cookies-Gelato.jpg\",\"width\":420,\"height\":630},{\"@type\":\"BreadcrumbList\",\"@id\":\"https:\\\/\\\/medicinasinc.com\\\/ro\\\/product\\\/cumpara-cookies-gelato\\\/#breadcrumb\",\"itemListElement\":[{\"@type\":\"ListItem\",\"position\":1,\"name\":\"Magazin\",\"item\":\"https:\\\/\\\/medicinasinc.com\\\/ro\\\/magazin\\\/\"},{\"@type\":\"ListItem\",\"position\":2,\"name\":\"Cump\u0103ra\u021bi Cookies Gelato\"}]},{\"@type\":\"WebSite\",\"@id\":\"https:\\\/\\\/medicinasinc.com\\\/ro\\\/#website\",\"url\":\"https:\\\/\\\/medicinasinc.com\\\/ro\\\/\",\"name\":\"Medicinas Inc\",\"description\":\"Health Medical Clinic\",\"potentialAction\":[{\"@type\":\"SearchAction\",\"target\":{\"@type\":\"EntryPoint\",\"urlTemplate\":\"https:\\\/\\\/medicinasinc.com\\\/ro\\\/?s={search_term_string}\"},\"query-input\":{\"@type\":\"PropertyValueSpecification\",\"valueRequired\":true,\"valueName\":\"search_term_string\"}}],\"inLanguage\":\"en-US\"}]}<\/script>\n<!-- \/ Yoast SEO plugin. -->","yoast_head_json":{"title":"Cump\u0103ra\u021bi Cookies Gelato - Cookies Gelato de v\u00e2nzare - Best Best Global Meds","description":"Cump\u0103ra\u021bi Cookies Gelato Marijuana de v\u00e2nzare online. Chem willie este Sativa Dominant Hybrid \u2013 70% Sativa \/ 30% Indica THC: 15%","robots":{"index":"index","follow":"follow","max-snippet":"max-snippet:-1","max-image-preview":"max-image-preview:large","max-video-preview":"max-video-preview:-1"},"canonical":"https:\/\/medicinasinc.com\/ro\/product\/cumpara-cookies-gelato\/","og_locale":"en_US","og_type":"article","og_title":"Cump\u0103ra\u021bi Cookies Gelato - Cookies Gelato de v\u00e2nzare - Best Best Global Meds","og_description":"Cump\u0103ra\u021bi Cookies Gelato Marijuana de v\u00e2nzare online. Chem willie este Sativa Dominant Hybrid \u2013 70% Sativa \/ 30% Indica THC: 15%","og_url":"https:\/\/medicinasinc.com\/ro\/product\/cumpara-cookies-gelato\/","og_site_name":"Medicinas Inc","article_modified_time":"2022-03-22T01:11:32+00:00","og_image":[{"width":420,"height":630,"url":"https:\/\/medicinasinc.com\/ro\/wp-content\/uploads\/sites\/11\/2022\/02\/Buy-Cookies-Gelato.jpg","type":"image\/jpeg"}],"twitter_card":"summary_large_image","twitter_misc":{"Est. reading time":"2 minutes"},"schema":{"@context":"https:\/\/schema.org","@graph":[{"@type":"WebPage","@id":"https:\/\/medicinasinc.com\/ro\/product\/cumpara-cookies-gelato\/","url":"https:\/\/medicinasinc.com\/ro\/product\/cumpara-cookies-gelato\/","name":"Cump\u0103ra\u021bi Cookies Gelato - Cookies Gelato de v\u00e2nzare - Best Best Global Meds","isPartOf":{"@id":"https:\/\/medicinasinc.com\/ro\/#website"},"primaryImageOfPage":{"@id":"https:\/\/medicinasinc.com\/ro\/product\/cumpara-cookies-gelato\/#primaryimage"},"image":{"@id":"https:\/\/medicinasinc.com\/ro\/product\/cumpara-cookies-gelato\/#primaryimage"},"thumbnailUrl":"https:\/\/medicinasinc.com\/ro\/wp-content\/uploads\/sites\/11\/2022\/02\/Buy-Cookies-Gelato.jpg","datePublished":"2022-02-20T17:53:26+00:00","dateModified":"2022-03-22T01:11:32+00:00","description":"Cump\u0103ra\u021bi Cookies Gelato Marijuana de v\u00e2nzare online. Chem willie este Sativa Dominant Hybrid \u2013 70% Sativa \/ 30% Indica THC: 15%","breadcrumb":{"@id":"https:\/\/medicinasinc.com\/ro\/product\/cumpara-cookies-gelato\/#breadcrumb"},"inLanguage":"en-US","potentialAction":[{"@type":"ReadAction","target":["https:\/\/medicinasinc.com\/ro\/product\/cumpara-cookies-gelato\/"]}]},{"@type":"ImageObject","inLanguage":"en-US","@id":"https:\/\/medicinasinc.com\/ro\/product\/cumpara-cookies-gelato\/#primaryimage","url":"https:\/\/medicinasinc.com\/ro\/wp-content\/uploads\/sites\/11\/2022\/02\/Buy-Cookies-Gelato.jpg","contentUrl":"https:\/\/medicinasinc.com\/ro\/wp-content\/uploads\/sites\/11\/2022\/02\/Buy-Cookies-Gelato.jpg","width":420,"height":630},{"@type":"BreadcrumbList","@id":"https:\/\/medicinasinc.com\/ro\/product\/cumpara-cookies-gelato\/#breadcrumb","itemListElement":[{"@type":"ListItem","position":1,"name":"Magazin","item":"https:\/\/medicinasinc.com\/ro\/magazin\/"},{"@type":"ListItem","position":2,"name":"Cump\u0103ra\u021bi Cookies Gelato"}]},{"@type":"WebSite","@id":"https:\/\/medicinasinc.com\/ro\/#website","url":"https:\/\/medicinasinc.com\/ro\/","name":"Medicinas Inc","description":"Health Medical Clinic","potentialAction":[{"@type":"SearchAction","target":{"@type":"EntryPoint","urlTemplate":"https:\/\/medicinasinc.com\/ro\/?s={search_term_string}"},"query-input":{"@type":"PropertyValueSpecification","valueRequired":true,"valueName":"search_term_string"}}],"inLanguage":"en-US"}]}},"_links":{"self":[{"href":"https:\/\/medicinasinc.com\/ro\/wp-json\/wp\/v2\/product\/4928","targetHints":{"allow":["GET"]}}],"collection":[{"href":"https:\/\/medicinasinc.com\/ro\/wp-json\/wp\/v2\/product"}],"about":[{"href":"https:\/\/medicinasinc.com\/ro\/wp-json\/wp\/v2\/types\/product"}],"replies":[{"embeddable":true,"href":"https:\/\/medicinasinc.com\/ro\/wp-json\/wp\/v2\/comments?post=4928"}],"wp:featuredmedia":[{"embeddable":true,"href":"https:\/\/medicinasinc.com\/ro\/wp-json\/wp\/v2\/media\/4941"}],"wp:attachment":[{"href":"https:\/\/medicinasinc.com\/ro\/wp-json\/wp\/v2\/media?parent=4928"}],"wp:term":[{"taxonomy":"product_brand","embeddable":true,"href":"https:\/\/medicinasinc.com\/ro\/wp-json\/wp\/v2\/product_brand?post=4928"},{"taxonomy":"product_cat","embeddable":true,"href":"https:\/\/medicinasinc.com\/ro\/wp-json\/wp\/v2\/product_cat?post=4928"},{"taxonomy":"product_tag","embeddable":true,"href":"https:\/\/medicinasinc.com\/ro\/wp-json\/wp\/v2\/product_tag?post=4928"}],"curies":[{"name":"wp","href":"https:\/\/api.w.org\/{rel}","templated":true}]}}