{"id":4927,"date":"2022-02-20T17:52:26","date_gmt":"2022-02-20T17:52:26","guid":{"rendered":"https:\/\/medicinasinc.com\/ro\/?post_type=product&#038;p=4927"},"modified":"2022-03-22T01:11:44","modified_gmt":"2022-03-22T01:11:44","slug":"cumpara-hulkberry-marijuana","status":"publish","type":"product","link":"https:\/\/medicinasinc.com\/ro\/product\/cumpara-hulkberry-marijuana\/","title":{"rendered":"Cump\u0103ra\u021bi marijuana HulkBerry"},"content":{"rendered":"<p>Achizi\u021bie online de HulkBerry 27% THC Weed<\/p>\n<p>HulkBerry este o tulpin\u0103 cu 65% predominant Sativa, derivat\u0103 dintr-o \u00eencruci\u0219are \u00eentre Strawberry Diesel \u0219i OG Kush. Cu un con\u021binut uimitor de 27% THC, aceast\u0103 tulpin\u0103 este recomandat\u0103 cu t\u0103rie fum\u0103torilor experimenta\u021bi; novicii se pot pierde \u00een propriile min\u021bi. Dominan\u021ba Sativa men\u021bine concentra\u021bia concentrat\u0103 \u00een \u00eentregime pe creier, l\u0103s\u00e2ndu-v\u0103 s\u0103 v\u0103 sim\u021bi\u021bi limpede \u0219i plin de energie, \u00een timp ce r\u0103\u0219inile acoperite cu r\u0103\u0219in\u0103 \u0219i aromele fructate v\u0103 men\u021bin nasul \u0219i papilele gustative ocupate.<\/p>\n<p>\u00cen ciuda puterii tulpinii, un standard Ciclul de lumin\u0103 12-12 va produce muguri umezi \u00een 9-10 s\u0103pt\u0103m\u00e2ni. HulkBerry este un pasionat de SOG sau ScrOG.<\/p>\n<div class=\"product-next-previous\">\n<div class=\"product-prev\"><\/div><\/div>\n","protected":false},"excerpt":{"rendered":"<p>Cump\u0103ra\u021bi online HulkBerry Kush Marijuana. HulkBerry Kush este o tulpin\u0103 dominant\u0103 sativa. Dominant Hybrid \u2013 70% Sativa \/ 30% Indica THC continut indica: 21% \u2013 25%<\/p>\n","protected":false},"featured_media":4939,"comment_status":"open","ping_status":"closed","template":"","meta":[],"product_brand":[],"product_cat":[778],"product_tag":[798,800,795,797,801,802,796,799],"class_list":{"0":"post-4927","1":"product","2":"type-product","3":"status-publish","4":"has-post-thumbnail","6":"product_cat-buruian-de-vnzare","7":"product_tag-hulkberry-n-aer-liber-cresc","8":"product_tag-efecte-tul-hulkberry","9":"product_tag-hulkberry-automat","10":"product_tag-hulkberry-leafly","11":"product_tag-hulkberry-strain-near-me","12":"product_tag-hulkberry-strain-review","13":"product_tag-hulkberry-grow-jurnal","14":"product_tag-hulkberry-recenzii","16":"first","17":"instock","18":"shipping-taxable","19":"purchasable","20":"product-type-variable","21":"has-default-attributes"},"yoast_head":"<!-- This site is optimized with the Yoast SEO plugin v27.3 - https:\/\/yoast.com\/product\/yoast-seo-wordpress\/ -->\n<title>Cump\u0103ra\u021bi HulkBerry Kush Marijuana - Cele mai bune medicamente globale<\/title>\n<meta name=\"description\" content=\"Cump\u0103ra\u021bi HulkBerry Kush Marijuana pentru v\u00e2nzare online. HulkBerry Kush este sativa Dominant Hybrid \u2013 70% Sativa \/ 30% Indica THC: 21% \u2013 25%\" \/>\n<meta name=\"robots\" content=\"index, follow, max-snippet:-1, max-image-preview:large, max-video-preview:-1\" \/>\n<link rel=\"canonical\" href=\"https:\/\/medicinasinc.com\/ro\/product\/cumpara-hulkberry-marijuana\/\" \/>\n<meta property=\"og:locale\" content=\"en_US\" \/>\n<meta property=\"og:type\" content=\"article\" \/>\n<meta property=\"og:title\" content=\"Cump\u0103ra\u021bi HulkBerry Kush Marijuana - Cele mai bune medicamente globale\" \/>\n<meta property=\"og:description\" content=\"Cump\u0103ra\u021bi HulkBerry Kush Marijuana pentru v\u00e2nzare online. HulkBerry Kush este sativa Dominant Hybrid \u2013 70% Sativa \/ 30% Indica THC: 21% \u2013 25%\" \/>\n<meta property=\"og:url\" content=\"https:\/\/medicinasinc.com\/ro\/product\/cumpara-hulkberry-marijuana\/\" \/>\n<meta property=\"og:site_name\" content=\"Medicinas Inc\" \/>\n<meta property=\"article:modified_time\" content=\"2022-03-22T01:11:44+00:00\" \/>\n<meta property=\"og:image\" content=\"https:\/\/medicinasinc.com\/ro\/wp-content\/uploads\/sites\/11\/2022\/02\/Buy-HulkBerry-Marijuana.jpg\" \/>\n\t<meta property=\"og:image:width\" content=\"2560\" \/>\n\t<meta property=\"og:image:height\" content=\"1920\" \/>\n\t<meta property=\"og:image:type\" content=\"image\/jpeg\" \/>\n<meta name=\"twitter:card\" content=\"summary_large_image\" \/>\n<meta name=\"twitter:label1\" content=\"Est. reading time\" \/>\n\t<meta name=\"twitter:data1\" content=\"1 minute\" \/>\n<script type=\"application\/ld+json\" class=\"yoast-schema-graph\">{\"@context\":\"https:\\\/\\\/schema.org\",\"@graph\":[{\"@type\":\"WebPage\",\"@id\":\"https:\\\/\\\/medicinasinc.com\\\/ro\\\/product\\\/cumpara-hulkberry-marijuana\\\/\",\"url\":\"https:\\\/\\\/medicinasinc.com\\\/ro\\\/product\\\/cumpara-hulkberry-marijuana\\\/\",\"name\":\"Cump\u0103ra\u021bi HulkBerry Kush Marijuana - Cele mai bune medicamente globale\",\"isPartOf\":{\"@id\":\"https:\\\/\\\/medicinasinc.com\\\/ro\\\/#website\"},\"primaryImageOfPage\":{\"@id\":\"https:\\\/\\\/medicinasinc.com\\\/ro\\\/product\\\/cumpara-hulkberry-marijuana\\\/#primaryimage\"},\"image\":{\"@id\":\"https:\\\/\\\/medicinasinc.com\\\/ro\\\/product\\\/cumpara-hulkberry-marijuana\\\/#primaryimage\"},\"thumbnailUrl\":\"https:\\\/\\\/medicinasinc.com\\\/ro\\\/wp-content\\\/uploads\\\/sites\\\/11\\\/2022\\\/02\\\/Buy-HulkBerry-Marijuana.jpg\",\"datePublished\":\"2022-02-20T17:52:26+00:00\",\"dateModified\":\"2022-03-22T01:11:44+00:00\",\"description\":\"Cump\u0103ra\u021bi HulkBerry Kush Marijuana pentru v\u00e2nzare online. HulkBerry Kush este sativa Dominant Hybrid \u2013 70% Sativa \\\/ 30% Indica THC: 21% \u2013 25%\",\"breadcrumb\":{\"@id\":\"https:\\\/\\\/medicinasinc.com\\\/ro\\\/product\\\/cumpara-hulkberry-marijuana\\\/#breadcrumb\"},\"inLanguage\":\"en-US\",\"potentialAction\":[{\"@type\":\"ReadAction\",\"target\":[\"https:\\\/\\\/medicinasinc.com\\\/ro\\\/product\\\/cumpara-hulkberry-marijuana\\\/\"]}]},{\"@type\":\"ImageObject\",\"inLanguage\":\"en-US\",\"@id\":\"https:\\\/\\\/medicinasinc.com\\\/ro\\\/product\\\/cumpara-hulkberry-marijuana\\\/#primaryimage\",\"url\":\"https:\\\/\\\/medicinasinc.com\\\/ro\\\/wp-content\\\/uploads\\\/sites\\\/11\\\/2022\\\/02\\\/Buy-HulkBerry-Marijuana.jpg\",\"contentUrl\":\"https:\\\/\\\/medicinasinc.com\\\/ro\\\/wp-content\\\/uploads\\\/sites\\\/11\\\/2022\\\/02\\\/Buy-HulkBerry-Marijuana.jpg\",\"width\":2560,\"height\":1920},{\"@type\":\"BreadcrumbList\",\"@id\":\"https:\\\/\\\/medicinasinc.com\\\/ro\\\/product\\\/cumpara-hulkberry-marijuana\\\/#breadcrumb\",\"itemListElement\":[{\"@type\":\"ListItem\",\"position\":1,\"name\":\"Magazin\",\"item\":\"https:\\\/\\\/medicinasinc.com\\\/ro\\\/magazin\\\/\"},{\"@type\":\"ListItem\",\"position\":2,\"name\":\"Cump\u0103ra\u021bi marijuana HulkBerry\"}]},{\"@type\":\"WebSite\",\"@id\":\"https:\\\/\\\/medicinasinc.com\\\/ro\\\/#website\",\"url\":\"https:\\\/\\\/medicinasinc.com\\\/ro\\\/\",\"name\":\"Medicinas Inc\",\"description\":\"Health Medical Clinic\",\"potentialAction\":[{\"@type\":\"SearchAction\",\"target\":{\"@type\":\"EntryPoint\",\"urlTemplate\":\"https:\\\/\\\/medicinasinc.com\\\/ro\\\/?s={search_term_string}\"},\"query-input\":{\"@type\":\"PropertyValueSpecification\",\"valueRequired\":true,\"valueName\":\"search_term_string\"}}],\"inLanguage\":\"en-US\"}]}<\/script>\n<!-- \/ Yoast SEO plugin. -->","yoast_head_json":{"title":"Cump\u0103ra\u021bi HulkBerry Kush Marijuana - Cele mai bune medicamente globale","description":"Cump\u0103ra\u021bi HulkBerry Kush Marijuana pentru v\u00e2nzare online. HulkBerry Kush este sativa Dominant Hybrid \u2013 70% Sativa \/ 30% Indica THC: 21% \u2013 25%","robots":{"index":"index","follow":"follow","max-snippet":"max-snippet:-1","max-image-preview":"max-image-preview:large","max-video-preview":"max-video-preview:-1"},"canonical":"https:\/\/medicinasinc.com\/ro\/product\/cumpara-hulkberry-marijuana\/","og_locale":"en_US","og_type":"article","og_title":"Cump\u0103ra\u021bi HulkBerry Kush Marijuana - Cele mai bune medicamente globale","og_description":"Cump\u0103ra\u021bi HulkBerry Kush Marijuana pentru v\u00e2nzare online. HulkBerry Kush este sativa Dominant Hybrid \u2013 70% Sativa \/ 30% Indica THC: 21% \u2013 25%","og_url":"https:\/\/medicinasinc.com\/ro\/product\/cumpara-hulkberry-marijuana\/","og_site_name":"Medicinas Inc","article_modified_time":"2022-03-22T01:11:44+00:00","og_image":[{"width":2560,"height":1920,"url":"https:\/\/medicinasinc.com\/ro\/wp-content\/uploads\/sites\/11\/2022\/02\/Buy-HulkBerry-Marijuana.jpg","type":"image\/jpeg"}],"twitter_card":"summary_large_image","twitter_misc":{"Est. reading time":"1 minute"},"schema":{"@context":"https:\/\/schema.org","@graph":[{"@type":"WebPage","@id":"https:\/\/medicinasinc.com\/ro\/product\/cumpara-hulkberry-marijuana\/","url":"https:\/\/medicinasinc.com\/ro\/product\/cumpara-hulkberry-marijuana\/","name":"Cump\u0103ra\u021bi HulkBerry Kush Marijuana - Cele mai bune medicamente globale","isPartOf":{"@id":"https:\/\/medicinasinc.com\/ro\/#website"},"primaryImageOfPage":{"@id":"https:\/\/medicinasinc.com\/ro\/product\/cumpara-hulkberry-marijuana\/#primaryimage"},"image":{"@id":"https:\/\/medicinasinc.com\/ro\/product\/cumpara-hulkberry-marijuana\/#primaryimage"},"thumbnailUrl":"https:\/\/medicinasinc.com\/ro\/wp-content\/uploads\/sites\/11\/2022\/02\/Buy-HulkBerry-Marijuana.jpg","datePublished":"2022-02-20T17:52:26+00:00","dateModified":"2022-03-22T01:11:44+00:00","description":"Cump\u0103ra\u021bi HulkBerry Kush Marijuana pentru v\u00e2nzare online. HulkBerry Kush este sativa Dominant Hybrid \u2013 70% Sativa \/ 30% Indica THC: 21% \u2013 25%","breadcrumb":{"@id":"https:\/\/medicinasinc.com\/ro\/product\/cumpara-hulkberry-marijuana\/#breadcrumb"},"inLanguage":"en-US","potentialAction":[{"@type":"ReadAction","target":["https:\/\/medicinasinc.com\/ro\/product\/cumpara-hulkberry-marijuana\/"]}]},{"@type":"ImageObject","inLanguage":"en-US","@id":"https:\/\/medicinasinc.com\/ro\/product\/cumpara-hulkberry-marijuana\/#primaryimage","url":"https:\/\/medicinasinc.com\/ro\/wp-content\/uploads\/sites\/11\/2022\/02\/Buy-HulkBerry-Marijuana.jpg","contentUrl":"https:\/\/medicinasinc.com\/ro\/wp-content\/uploads\/sites\/11\/2022\/02\/Buy-HulkBerry-Marijuana.jpg","width":2560,"height":1920},{"@type":"BreadcrumbList","@id":"https:\/\/medicinasinc.com\/ro\/product\/cumpara-hulkberry-marijuana\/#breadcrumb","itemListElement":[{"@type":"ListItem","position":1,"name":"Magazin","item":"https:\/\/medicinasinc.com\/ro\/magazin\/"},{"@type":"ListItem","position":2,"name":"Cump\u0103ra\u021bi marijuana HulkBerry"}]},{"@type":"WebSite","@id":"https:\/\/medicinasinc.com\/ro\/#website","url":"https:\/\/medicinasinc.com\/ro\/","name":"Medicinas Inc","description":"Health Medical Clinic","potentialAction":[{"@type":"SearchAction","target":{"@type":"EntryPoint","urlTemplate":"https:\/\/medicinasinc.com\/ro\/?s={search_term_string}"},"query-input":{"@type":"PropertyValueSpecification","valueRequired":true,"valueName":"search_term_string"}}],"inLanguage":"en-US"}]}},"_links":{"self":[{"href":"https:\/\/medicinasinc.com\/ro\/wp-json\/wp\/v2\/product\/4927","targetHints":{"allow":["GET"]}}],"collection":[{"href":"https:\/\/medicinasinc.com\/ro\/wp-json\/wp\/v2\/product"}],"about":[{"href":"https:\/\/medicinasinc.com\/ro\/wp-json\/wp\/v2\/types\/product"}],"replies":[{"embeddable":true,"href":"https:\/\/medicinasinc.com\/ro\/wp-json\/wp\/v2\/comments?post=4927"}],"wp:featuredmedia":[{"embeddable":true,"href":"https:\/\/medicinasinc.com\/ro\/wp-json\/wp\/v2\/media\/4939"}],"wp:attachment":[{"href":"https:\/\/medicinasinc.com\/ro\/wp-json\/wp\/v2\/media?parent=4927"}],"wp:term":[{"taxonomy":"product_brand","embeddable":true,"href":"https:\/\/medicinasinc.com\/ro\/wp-json\/wp\/v2\/product_brand?post=4927"},{"taxonomy":"product_cat","embeddable":true,"href":"https:\/\/medicinasinc.com\/ro\/wp-json\/wp\/v2\/product_cat?post=4927"},{"taxonomy":"product_tag","embeddable":true,"href":"https:\/\/medicinasinc.com\/ro\/wp-json\/wp\/v2\/product_tag?post=4927"}],"curies":[{"name":"wp","href":"https:\/\/api.w.org\/{rel}","templated":true}]}}