{"id":4908,"date":"2022-02-20T17:37:57","date_gmt":"2022-02-20T17:37:57","guid":{"rendered":"https:\/\/medicinasinc.com\/ro\/?post_type=product&#038;p=4908"},"modified":"2022-03-22T01:12:12","modified_gmt":"2022-03-22T01:12:12","slug":"cumpara-triplu-g-tulpina","status":"publish","type":"product","link":"https:\/\/medicinasinc.com\/ro\/product\/cumpara-triplu-g-tulpina\/","title":{"rendered":"Cump\u0103ra\u021bi tulpina Triple G"},"content":{"rendered":"<p>Referitor la aceast\u0103 tulpin\u0103 hibrid\u0103<\/p>\n<p>Triple G, cunoscut\u0103 \u0219i sub numele de Ghost OG, produce muguri parfuma\u021bi, tropicali, dar u\u0219or skunky, cu nuan\u021be proaspete, p\u0103m\u00e2nte\u0219ti. Datorit\u0103 dominan\u021bei sale indica, unii muguri pot prezenta nuan\u021be violet profunde \u0219i atr\u0103g\u0103toare. C\u00e2nd este afumat\u0103 sau vaporizat\u0103, aroma se \u00eenclin\u0103 spre o arom\u0103 dulce, dar asem\u0103n\u0103toare limei.<\/p>\n<p>Nivelurile de THC variaz\u0103 de obicei \u00eentre sc\u0103derea \u0219i jum\u0103tatea anului 20, iar mul\u021bi recenzen\u021bi se bucur\u0103 de poten\u021bialul acestei tulpini de a calma durerea asociat\u0103 cu o varietate. de afec\u021biuni \u0219i simptome, inclusiv disconfort la nivelul coloanei vertebrale.<\/p>\n<p>\u00cen plus, fanii Triple G au afirmat c\u0103 este o tulpin\u0103 excelent\u0103 pentru calmarea nervilor, atenuarea stresului psihologic \u0219i pentru a permite min\u021bii s\u0103 se odihneasc\u0103 de atacul g\u00e2ndurilor care \u021bine-ne treji noaptea.<\/p>\n<p>Aceast\u0103 tulpin\u0103 cu dominan\u021b\u0103 indica poate induce foame sau sedare, a\u0219a c\u0103 p\u0103streaz\u0103 c\u00e2teva gust\u0103ri s\u0103n\u0103toase la \u00eendem\u00e2n\u0103 \u0219i un loc confortabil unde s\u0103 te relaxezi sau s\u0103 dormi \u00een apropiere.<\/p>\n<p>Achizi\u021biona\u021bi Blue. Dream Sativa AA cu transport gratuit \u00een orice loca\u021bie din CEurope. BudStars este magazinul online de marijuana pe primul loc din lume. Primi\u021bi reduceri substan\u021biale la achizi\u021bia ini\u021bial\u0103.<\/p>\n<p>Tulpina Blue Dream Sativa poate fi achizi\u021bionat\u0103 online.<\/p>\n<p>Pute\u021bi cump\u0103ra marijuana online cu sau f\u0103r\u0103 un card de marijuana medical\u0103. Marijuana prin comand\u0103 prin po\u0219t\u0103.<\/p>\n","protected":false},"excerpt":{"rendered":"<p>Cump\u0103ra\u021bi tulpina Triple G de v\u00e2nzare este un hibrid \u0219i o \u00eencruci\u0219are \u00eentre dou\u0103 tulpini legendare din comunitatea de canabis: Gorilla Glue \u0219i Gelato.<\/p>\n<table>\n<caption>Date de laborator de canabinoizi<\/caption>\n<thead>\n<tr>\n<th>Canabinoid<\/th>\n<th>Cantitate<\/th>\n<\/tr>\n<\/thead>\n<tbody>\n<tr>\n<td>THC:<\/td>\n<td>21,69%<\/td>\n<\/tr>\n<tr>\n<td>\u03949-THC:<\/td>\n<td>1,04%<\/td>\n<\/tr>\n<tr>\n<td>THC-A:<\/td>\n<td>23,54% <\/td>\n<\/tr>\n<\/tbody>\n<\/table>\n<p>&nbsp;<\/p>\n<table>\n<caption>Date de laborator terpene<\/caption>\n<thead>\n<tr>\n<th>Terpene<\/th>\n<th>Suma<\/th>\n<\/tr>\n<\/thead>\n<tbody>\n<tr>\n<td>Limonen:<\/td>\n<td>0,68%<\/td>\n<\/tr>\n<tr>\n<td>Beta cariofilen\u0103:<\/td>\n<td>0,27%<\/td>\n<\/tr>\n<tr>\n<td>Beta mircen\u0103:<\/td>\n<td>0,22%<\/td>\n<\/tr>\n<\/tbody>\n<\/table>\n","protected":false},"featured_media":4922,"comment_status":"open","ping_status":"closed","template":"","meta":[],"product_brand":[],"product_cat":[778],"product_tag":[787,790,789,792,793,794,788,791],"class_list":{"0":"post-4908","1":"product","2":"type-product","3":"status-publish","4":"has-post-thumbnail","6":"product_cat-buruian-de-vnzare","7":"product_tag-ggg-strain","8":"product_tag-triple-g-jurnal-de-cretere","9":"product_tag-la-patron-strain-leafly","10":"product_tag-triplu-g-tul-timp-nflorire","11":"product_tag-triple-g-strain-leafly","12":"product_tag-triple-g-strain-near-me","13":"product_tag-hulkberry-tul","14":"product_tag-triplu-g-tulpina-allbud","16":"first","17":"instock","18":"shipping-taxable","19":"purchasable","20":"product-type-variable","21":"has-default-attributes"},"yoast_head":"<!-- This site is optimized with the Yoast SEO plugin v27.3 - https:\/\/yoast.com\/product\/yoast-seo-wordpress\/ -->\n<title>Cump\u0103ra\u021bi tulpin\u0103 Triple G - Cele mai bune medicamente globale<\/title>\n<meta name=\"description\" content=\"Cump\u0103ra\u021bi tulpinile Triple G de v\u00e2nzare este un hibrid \u0219i o \u00eencruci\u0219are \u00eentre dou\u0103 tulpini puternice care au devenit nume cunoscute \u00een comunitatea canabisului: Gorilla Glue \u0219i Gelato.\" \/>\n<meta name=\"robots\" content=\"index, follow, max-snippet:-1, max-image-preview:large, max-video-preview:-1\" \/>\n<link rel=\"canonical\" href=\"https:\/\/medicinasinc.com\/ro\/product\/cumpara-triplu-g-tulpina\/\" \/>\n<meta property=\"og:locale\" content=\"en_US\" \/>\n<meta property=\"og:type\" content=\"article\" \/>\n<meta property=\"og:title\" content=\"Cump\u0103ra\u021bi tulpin\u0103 Triple G - Cele mai bune medicamente globale\" \/>\n<meta property=\"og:description\" content=\"Cump\u0103ra\u021bi tulpinile Triple G de v\u00e2nzare este un hibrid \u0219i o \u00eencruci\u0219are \u00eentre dou\u0103 tulpini puternice care au devenit nume cunoscute \u00een comunitatea canabisului: Gorilla Glue \u0219i Gelato.\" \/>\n<meta property=\"og:url\" content=\"https:\/\/medicinasinc.com\/ro\/product\/cumpara-triplu-g-tulpina\/\" \/>\n<meta property=\"og:site_name\" content=\"Medicinas Inc\" \/>\n<meta property=\"article:modified_time\" content=\"2022-03-22T01:12:12+00:00\" \/>\n<meta property=\"og:image\" content=\"https:\/\/medicinasinc.com\/ro\/wp-content\/uploads\/sites\/11\/2022\/02\/Buy-Triple-G-Strain-1.jpg\" \/>\n\t<meta property=\"og:image:width\" content=\"800\" \/>\n\t<meta property=\"og:image:height\" content=\"800\" \/>\n\t<meta property=\"og:image:type\" content=\"image\/jpeg\" \/>\n<meta name=\"twitter:card\" content=\"summary_large_image\" \/>\n<meta name=\"twitter:label1\" content=\"Est. reading time\" \/>\n\t<meta name=\"twitter:data1\" content=\"1 minute\" \/>\n<script type=\"application\/ld+json\" class=\"yoast-schema-graph\">{\"@context\":\"https:\\\/\\\/schema.org\",\"@graph\":[{\"@type\":\"WebPage\",\"@id\":\"https:\\\/\\\/medicinasinc.com\\\/ro\\\/product\\\/cumpara-triplu-g-tulpina\\\/\",\"url\":\"https:\\\/\\\/medicinasinc.com\\\/ro\\\/product\\\/cumpara-triplu-g-tulpina\\\/\",\"name\":\"Cump\u0103ra\u021bi tulpin\u0103 Triple G - Cele mai bune medicamente globale\",\"isPartOf\":{\"@id\":\"https:\\\/\\\/medicinasinc.com\\\/ro\\\/#website\"},\"primaryImageOfPage\":{\"@id\":\"https:\\\/\\\/medicinasinc.com\\\/ro\\\/product\\\/cumpara-triplu-g-tulpina\\\/#primaryimage\"},\"image\":{\"@id\":\"https:\\\/\\\/medicinasinc.com\\\/ro\\\/product\\\/cumpara-triplu-g-tulpina\\\/#primaryimage\"},\"thumbnailUrl\":\"https:\\\/\\\/medicinasinc.com\\\/ro\\\/wp-content\\\/uploads\\\/sites\\\/11\\\/2022\\\/02\\\/Buy-Triple-G-Strain-1.jpg\",\"datePublished\":\"2022-02-20T17:37:57+00:00\",\"dateModified\":\"2022-03-22T01:12:12+00:00\",\"description\":\"Cump\u0103ra\u021bi tulpinile Triple G de v\u00e2nzare este un hibrid \u0219i o \u00eencruci\u0219are \u00eentre dou\u0103 tulpini puternice care au devenit nume cunoscute \u00een comunitatea canabisului: Gorilla Glue \u0219i Gelato.\",\"breadcrumb\":{\"@id\":\"https:\\\/\\\/medicinasinc.com\\\/ro\\\/product\\\/cumpara-triplu-g-tulpina\\\/#breadcrumb\"},\"inLanguage\":\"en-US\",\"potentialAction\":[{\"@type\":\"ReadAction\",\"target\":[\"https:\\\/\\\/medicinasinc.com\\\/ro\\\/product\\\/cumpara-triplu-g-tulpina\\\/\"]}]},{\"@type\":\"ImageObject\",\"inLanguage\":\"en-US\",\"@id\":\"https:\\\/\\\/medicinasinc.com\\\/ro\\\/product\\\/cumpara-triplu-g-tulpina\\\/#primaryimage\",\"url\":\"https:\\\/\\\/medicinasinc.com\\\/ro\\\/wp-content\\\/uploads\\\/sites\\\/11\\\/2022\\\/02\\\/Buy-Triple-G-Strain-1.jpg\",\"contentUrl\":\"https:\\\/\\\/medicinasinc.com\\\/ro\\\/wp-content\\\/uploads\\\/sites\\\/11\\\/2022\\\/02\\\/Buy-Triple-G-Strain-1.jpg\",\"width\":800,\"height\":800},{\"@type\":\"BreadcrumbList\",\"@id\":\"https:\\\/\\\/medicinasinc.com\\\/ro\\\/product\\\/cumpara-triplu-g-tulpina\\\/#breadcrumb\",\"itemListElement\":[{\"@type\":\"ListItem\",\"position\":1,\"name\":\"Magazin\",\"item\":\"https:\\\/\\\/medicinasinc.com\\\/ro\\\/magazin\\\/\"},{\"@type\":\"ListItem\",\"position\":2,\"name\":\"Cump\u0103ra\u021bi tulpina Triple G\"}]},{\"@type\":\"WebSite\",\"@id\":\"https:\\\/\\\/medicinasinc.com\\\/ro\\\/#website\",\"url\":\"https:\\\/\\\/medicinasinc.com\\\/ro\\\/\",\"name\":\"Medicinas Inc\",\"description\":\"Health Medical Clinic\",\"potentialAction\":[{\"@type\":\"SearchAction\",\"target\":{\"@type\":\"EntryPoint\",\"urlTemplate\":\"https:\\\/\\\/medicinasinc.com\\\/ro\\\/?s={search_term_string}\"},\"query-input\":{\"@type\":\"PropertyValueSpecification\",\"valueRequired\":true,\"valueName\":\"search_term_string\"}}],\"inLanguage\":\"en-US\"}]}<\/script>\n<!-- \/ Yoast SEO plugin. -->","yoast_head_json":{"title":"Cump\u0103ra\u021bi tulpin\u0103 Triple G - Cele mai bune medicamente globale","description":"Cump\u0103ra\u021bi tulpinile Triple G de v\u00e2nzare este un hibrid \u0219i o \u00eencruci\u0219are \u00eentre dou\u0103 tulpini puternice care au devenit nume cunoscute \u00een comunitatea canabisului: Gorilla Glue \u0219i Gelato.","robots":{"index":"index","follow":"follow","max-snippet":"max-snippet:-1","max-image-preview":"max-image-preview:large","max-video-preview":"max-video-preview:-1"},"canonical":"https:\/\/medicinasinc.com\/ro\/product\/cumpara-triplu-g-tulpina\/","og_locale":"en_US","og_type":"article","og_title":"Cump\u0103ra\u021bi tulpin\u0103 Triple G - Cele mai bune medicamente globale","og_description":"Cump\u0103ra\u021bi tulpinile Triple G de v\u00e2nzare este un hibrid \u0219i o \u00eencruci\u0219are \u00eentre dou\u0103 tulpini puternice care au devenit nume cunoscute \u00een comunitatea canabisului: Gorilla Glue \u0219i Gelato.","og_url":"https:\/\/medicinasinc.com\/ro\/product\/cumpara-triplu-g-tulpina\/","og_site_name":"Medicinas Inc","article_modified_time":"2022-03-22T01:12:12+00:00","og_image":[{"width":800,"height":800,"url":"https:\/\/medicinasinc.com\/ro\/wp-content\/uploads\/sites\/11\/2022\/02\/Buy-Triple-G-Strain-1.jpg","type":"image\/jpeg"}],"twitter_card":"summary_large_image","twitter_misc":{"Est. reading time":"1 minute"},"schema":{"@context":"https:\/\/schema.org","@graph":[{"@type":"WebPage","@id":"https:\/\/medicinasinc.com\/ro\/product\/cumpara-triplu-g-tulpina\/","url":"https:\/\/medicinasinc.com\/ro\/product\/cumpara-triplu-g-tulpina\/","name":"Cump\u0103ra\u021bi tulpin\u0103 Triple G - Cele mai bune medicamente globale","isPartOf":{"@id":"https:\/\/medicinasinc.com\/ro\/#website"},"primaryImageOfPage":{"@id":"https:\/\/medicinasinc.com\/ro\/product\/cumpara-triplu-g-tulpina\/#primaryimage"},"image":{"@id":"https:\/\/medicinasinc.com\/ro\/product\/cumpara-triplu-g-tulpina\/#primaryimage"},"thumbnailUrl":"https:\/\/medicinasinc.com\/ro\/wp-content\/uploads\/sites\/11\/2022\/02\/Buy-Triple-G-Strain-1.jpg","datePublished":"2022-02-20T17:37:57+00:00","dateModified":"2022-03-22T01:12:12+00:00","description":"Cump\u0103ra\u021bi tulpinile Triple G de v\u00e2nzare este un hibrid \u0219i o \u00eencruci\u0219are \u00eentre dou\u0103 tulpini puternice care au devenit nume cunoscute \u00een comunitatea canabisului: Gorilla Glue \u0219i Gelato.","breadcrumb":{"@id":"https:\/\/medicinasinc.com\/ro\/product\/cumpara-triplu-g-tulpina\/#breadcrumb"},"inLanguage":"en-US","potentialAction":[{"@type":"ReadAction","target":["https:\/\/medicinasinc.com\/ro\/product\/cumpara-triplu-g-tulpina\/"]}]},{"@type":"ImageObject","inLanguage":"en-US","@id":"https:\/\/medicinasinc.com\/ro\/product\/cumpara-triplu-g-tulpina\/#primaryimage","url":"https:\/\/medicinasinc.com\/ro\/wp-content\/uploads\/sites\/11\/2022\/02\/Buy-Triple-G-Strain-1.jpg","contentUrl":"https:\/\/medicinasinc.com\/ro\/wp-content\/uploads\/sites\/11\/2022\/02\/Buy-Triple-G-Strain-1.jpg","width":800,"height":800},{"@type":"BreadcrumbList","@id":"https:\/\/medicinasinc.com\/ro\/product\/cumpara-triplu-g-tulpina\/#breadcrumb","itemListElement":[{"@type":"ListItem","position":1,"name":"Magazin","item":"https:\/\/medicinasinc.com\/ro\/magazin\/"},{"@type":"ListItem","position":2,"name":"Cump\u0103ra\u021bi tulpina Triple G"}]},{"@type":"WebSite","@id":"https:\/\/medicinasinc.com\/ro\/#website","url":"https:\/\/medicinasinc.com\/ro\/","name":"Medicinas Inc","description":"Health Medical Clinic","potentialAction":[{"@type":"SearchAction","target":{"@type":"EntryPoint","urlTemplate":"https:\/\/medicinasinc.com\/ro\/?s={search_term_string}"},"query-input":{"@type":"PropertyValueSpecification","valueRequired":true,"valueName":"search_term_string"}}],"inLanguage":"en-US"}]}},"_links":{"self":[{"href":"https:\/\/medicinasinc.com\/ro\/wp-json\/wp\/v2\/product\/4908","targetHints":{"allow":["GET"]}}],"collection":[{"href":"https:\/\/medicinasinc.com\/ro\/wp-json\/wp\/v2\/product"}],"about":[{"href":"https:\/\/medicinasinc.com\/ro\/wp-json\/wp\/v2\/types\/product"}],"replies":[{"embeddable":true,"href":"https:\/\/medicinasinc.com\/ro\/wp-json\/wp\/v2\/comments?post=4908"}],"wp:featuredmedia":[{"embeddable":true,"href":"https:\/\/medicinasinc.com\/ro\/wp-json\/wp\/v2\/media\/4922"}],"wp:attachment":[{"href":"https:\/\/medicinasinc.com\/ro\/wp-json\/wp\/v2\/media?parent=4908"}],"wp:term":[{"taxonomy":"product_brand","embeddable":true,"href":"https:\/\/medicinasinc.com\/ro\/wp-json\/wp\/v2\/product_brand?post=4908"},{"taxonomy":"product_cat","embeddable":true,"href":"https:\/\/medicinasinc.com\/ro\/wp-json\/wp\/v2\/product_cat?post=4908"},{"taxonomy":"product_tag","embeddable":true,"href":"https:\/\/medicinasinc.com\/ro\/wp-json\/wp\/v2\/product_tag?post=4908"}],"curies":[{"name":"wp","href":"https:\/\/api.w.org\/{rel}","templated":true}]}}