{"id":4896,"date":"2022-02-20T17:28:28","date_gmt":"2022-02-20T17:28:28","guid":{"rendered":"https:\/\/medicinasinc.com\/ro\/?post_type=product&#038;p=4896"},"modified":"2022-03-22T01:12:23","modified_gmt":"2022-03-22T01:12:23","slug":"cumpara-apollo-11-marijuana","status":"publish","type":"product","link":"https:\/\/medicinasinc.com\/ro\/product\/cumpara-apollo-11-marijuana\/","title":{"rendered":"Cump\u0103ra\u021bi marijuana Apollo 11"},"content":{"rendered":"<div class=\"woocommerce-tabs wc-tabs-wrapper\">\n<div id=\"tab-description\" class=\"woocommerce-Tabs-panel woocommerce-Tabs-panel--panoul descriere intrare-con\u021binut wc-tab\" aria-labelledby=\"tab-title-description\">\n<p>CUMP\u0102R\u0102 MARIJUANA APOLLO 11 STRAIN<\/p>\n<p>Apollo 11 este o tulpin\u0103 hibrid\u0103 de canabis extrem de puternic\u0103, cu efecte cerebrale puternice, care v\u0103 pot face sim\u021bi\u021bi ca dac\u0103 este pe cale s\u0103 aterizeze pe lun\u0103. Tulpina de marijuana Apollo 11 are un efect calmant \u0219i un puternic sentiment de relaxare fizic\u0103. Mugurii sunt alungi\u021bi, de culoare verde pal \u0219i extrem de r\u0103\u0219ino\u0219i.<\/p>\n<p>CUM SE UTILIZA\u021aI TUPINA DE MARIJUANA APOLLO 11?<\/p>\n<p>Apollo 11 este potrivit pentru fumat \u00eentr-un rost, bong, pip\u0103 sau bol. <\/p>\n<p>Canabinoizii sunt absorbi\u021bi \u00een fluxul sanguin pe m\u0103sur\u0103 ce fumul intr\u0103 \u00een pl\u0103m\u00e2ni. Deliciul din aceast\u0103 dup\u0103-amiaz\u0103 este energizant \u0219i creativ \u0219i te poate ajuta s\u0103 scapi de discu\u021biile mentale \u0219i s\u0103 te concentrezi asupra a ceea ce ai direct \u00een fa\u021ba ta.<\/p>\n<p>CARE SUNT EFECTELE SECUNDARE ALE TULPEI DE MARIJUANA APOLLO 11?<\/p>\n<p>Dup\u0103 fumatul Apollo 11, s-ar putea s\u0103 \u00eent\u00e2mpina\u021bi urm\u0103toarele dificult\u0103\u021bi:<br \/> \u2022 Ame\u021beli \u2022 Incon\u0219tien\u021b\u0103 \u2022 Gur\u0103 uscat\u0103 \u2022 Ochi usca\u021bi \u2022 Pierderea poftei de m\u00e2ncare<\/p>\n<p>CARE SUNT INTERAC\u021aIUNILE TULPEI DE MARIJUANA APOLLO 11?<\/p>\n<p>Interac\u021biunea bolii:<br \/> \u2022 Probleme cardiovasculare<br \/> \u2022 Dificult\u0103\u021bi sexuale<\/p>\n<p>Interac\u021biunile alimente\/medicament includ urm\u0103toarele: \u2022 Alcool \u2022 Steroizi<\/p>\n<p>CE ESTE CEL MAI BUN LOC PENTRU A CUMP\u0102R\u0102 TUPINA DE MARIJUANA APOLLO 11?<\/p>\n<p>Furnizorul de canabis OTC este cea mai bun\u0103 farmacie online care vinde numai produse autentice, de \u00eenalt\u0103 calitate. Pute\u021bi cump\u0103ra Apollo 11 Cannabis online. Cump\u0103ra\u021bi tulpina Apollo 11 la cele mai bune pre\u021buri disponibile aici.<\/p>\n<\/p><\/div><\/div>\n","protected":false},"excerpt":{"rendered":"<div class=\"woocommerce-product-details__short-description\">\n<p>Cump\u0103ra\u021bi tulpina de marijuana Apollo 11. Aceast\u0103 floare psihoactiv\u0103 este bogat\u0103 \u00een THC \u0219i te va pune \u00een chef de dragoste.<\/p>\n<p>Cump\u0103r\u0103 1\/2 uncie tulpina de marijuana Apollo 11. Apollo 11 este o tulpin\u0103 dominant\u0103 sativa, care prezint\u0103 muguri lungi, verzi str\u0103lucitori, acoperi\u021bi cu fire de p\u0103r lungi \u0219i palide. Mugurii sunt extrem de r\u0103\u0219ino\u0219i, rezult\u00e2nd o senza\u021bie lipicioas\u0103 \u00een m\u00e2n\u0103. Canabis de v\u00e2nzare, de unde s\u0103 ob\u021bine\u021bi marijuana din misiunea Apollo 11.<\/p>\n<\/p><\/div>\n","protected":false},"featured_media":4911,"comment_status":"open","ping_status":"closed","template":"","meta":[],"product_brand":[],"product_cat":[778],"product_tag":[],"class_list":{"0":"post-4896","1":"product","2":"type-product","3":"status-publish","4":"has-post-thumbnail","6":"product_cat-buruian-de-vnzare","8":"first","9":"instock","10":"shipping-taxable","11":"purchasable","12":"product-type-variable","13":"has-default-attributes"},"yoast_head":"<!-- This site is optimized with the Yoast SEO plugin v27.3 - https:\/\/yoast.com\/product\/yoast-seo-wordpress\/ -->\n<title>Cump\u0103ra\u021bi marijuana Apollo 11 - Cele mai bune medicamente globale<\/title>\n<meta name=\"description\" content=\"Cump\u0103ra\u021bi tulpina de marijuana Apollo 11 de v\u00e2nzare. Bogat\u0103 \u00een THC, aceast\u0103 floare psihoactiv\u0103 te va l\u0103sa cu chef de dragoste\" \/>\n<meta name=\"robots\" content=\"index, follow, max-snippet:-1, max-image-preview:large, max-video-preview:-1\" \/>\n<link rel=\"canonical\" href=\"https:\/\/medicinasinc.com\/ro\/product\/cumpara-apollo-11-marijuana\/\" \/>\n<meta property=\"og:locale\" content=\"en_US\" \/>\n<meta property=\"og:type\" content=\"article\" \/>\n<meta property=\"og:title\" content=\"Cump\u0103ra\u021bi marijuana Apollo 11 - Cele mai bune medicamente globale\" \/>\n<meta property=\"og:description\" content=\"Cump\u0103ra\u021bi tulpina de marijuana Apollo 11 de v\u00e2nzare. Bogat\u0103 \u00een THC, aceast\u0103 floare psihoactiv\u0103 te va l\u0103sa cu chef de dragoste\" \/>\n<meta property=\"og:url\" content=\"https:\/\/medicinasinc.com\/ro\/product\/cumpara-apollo-11-marijuana\/\" \/>\n<meta property=\"og:site_name\" content=\"Medicinas Inc\" \/>\n<meta property=\"article:modified_time\" content=\"2022-03-22T01:12:23+00:00\" \/>\n<meta property=\"og:image\" content=\"https:\/\/medicinasinc.com\/ro\/wp-content\/uploads\/sites\/11\/2022\/02\/Buy-Apollo-11-Marijuana-1.jpg\" \/>\n\t<meta property=\"og:image:width\" content=\"243\" \/>\n\t<meta property=\"og:image:height\" content=\"207\" \/>\n\t<meta property=\"og:image:type\" content=\"image\/jpeg\" \/>\n<meta name=\"twitter:card\" content=\"summary_large_image\" \/>\n<meta name=\"twitter:label1\" content=\"Est. reading time\" \/>\n\t<meta name=\"twitter:data1\" content=\"1 minute\" \/>\n<script type=\"application\/ld+json\" class=\"yoast-schema-graph\">{\"@context\":\"https:\\\/\\\/schema.org\",\"@graph\":[{\"@type\":\"WebPage\",\"@id\":\"https:\\\/\\\/medicinasinc.com\\\/ro\\\/product\\\/cumpara-apollo-11-marijuana\\\/\",\"url\":\"https:\\\/\\\/medicinasinc.com\\\/ro\\\/product\\\/cumpara-apollo-11-marijuana\\\/\",\"name\":\"Cump\u0103ra\u021bi marijuana Apollo 11 - Cele mai bune medicamente globale\",\"isPartOf\":{\"@id\":\"https:\\\/\\\/medicinasinc.com\\\/ro\\\/#website\"},\"primaryImageOfPage\":{\"@id\":\"https:\\\/\\\/medicinasinc.com\\\/ro\\\/product\\\/cumpara-apollo-11-marijuana\\\/#primaryimage\"},\"image\":{\"@id\":\"https:\\\/\\\/medicinasinc.com\\\/ro\\\/product\\\/cumpara-apollo-11-marijuana\\\/#primaryimage\"},\"thumbnailUrl\":\"https:\\\/\\\/medicinasinc.com\\\/ro\\\/wp-content\\\/uploads\\\/sites\\\/11\\\/2022\\\/02\\\/Buy-Apollo-11-Marijuana-1.jpg\",\"datePublished\":\"2022-02-20T17:28:28+00:00\",\"dateModified\":\"2022-03-22T01:12:23+00:00\",\"description\":\"Cump\u0103ra\u021bi tulpina de marijuana Apollo 11 de v\u00e2nzare. Bogat\u0103 \u00een THC, aceast\u0103 floare psihoactiv\u0103 te va l\u0103sa cu chef de dragoste\",\"breadcrumb\":{\"@id\":\"https:\\\/\\\/medicinasinc.com\\\/ro\\\/product\\\/cumpara-apollo-11-marijuana\\\/#breadcrumb\"},\"inLanguage\":\"en-US\",\"potentialAction\":[{\"@type\":\"ReadAction\",\"target\":[\"https:\\\/\\\/medicinasinc.com\\\/ro\\\/product\\\/cumpara-apollo-11-marijuana\\\/\"]}]},{\"@type\":\"ImageObject\",\"inLanguage\":\"en-US\",\"@id\":\"https:\\\/\\\/medicinasinc.com\\\/ro\\\/product\\\/cumpara-apollo-11-marijuana\\\/#primaryimage\",\"url\":\"https:\\\/\\\/medicinasinc.com\\\/ro\\\/wp-content\\\/uploads\\\/sites\\\/11\\\/2022\\\/02\\\/Buy-Apollo-11-Marijuana-1.jpg\",\"contentUrl\":\"https:\\\/\\\/medicinasinc.com\\\/ro\\\/wp-content\\\/uploads\\\/sites\\\/11\\\/2022\\\/02\\\/Buy-Apollo-11-Marijuana-1.jpg\",\"width\":243,\"height\":207},{\"@type\":\"BreadcrumbList\",\"@id\":\"https:\\\/\\\/medicinasinc.com\\\/ro\\\/product\\\/cumpara-apollo-11-marijuana\\\/#breadcrumb\",\"itemListElement\":[{\"@type\":\"ListItem\",\"position\":1,\"name\":\"Magazin\",\"item\":\"https:\\\/\\\/medicinasinc.com\\\/ro\\\/magazin\\\/\"},{\"@type\":\"ListItem\",\"position\":2,\"name\":\"Cump\u0103ra\u021bi marijuana Apollo 11\"}]},{\"@type\":\"WebSite\",\"@id\":\"https:\\\/\\\/medicinasinc.com\\\/ro\\\/#website\",\"url\":\"https:\\\/\\\/medicinasinc.com\\\/ro\\\/\",\"name\":\"Medicinas Inc\",\"description\":\"Health Medical Clinic\",\"potentialAction\":[{\"@type\":\"SearchAction\",\"target\":{\"@type\":\"EntryPoint\",\"urlTemplate\":\"https:\\\/\\\/medicinasinc.com\\\/ro\\\/?s={search_term_string}\"},\"query-input\":{\"@type\":\"PropertyValueSpecification\",\"valueRequired\":true,\"valueName\":\"search_term_string\"}}],\"inLanguage\":\"en-US\"}]}<\/script>\n<!-- \/ Yoast SEO plugin. -->","yoast_head_json":{"title":"Cump\u0103ra\u021bi marijuana Apollo 11 - Cele mai bune medicamente globale","description":"Cump\u0103ra\u021bi tulpina de marijuana Apollo 11 de v\u00e2nzare. Bogat\u0103 \u00een THC, aceast\u0103 floare psihoactiv\u0103 te va l\u0103sa cu chef de dragoste","robots":{"index":"index","follow":"follow","max-snippet":"max-snippet:-1","max-image-preview":"max-image-preview:large","max-video-preview":"max-video-preview:-1"},"canonical":"https:\/\/medicinasinc.com\/ro\/product\/cumpara-apollo-11-marijuana\/","og_locale":"en_US","og_type":"article","og_title":"Cump\u0103ra\u021bi marijuana Apollo 11 - Cele mai bune medicamente globale","og_description":"Cump\u0103ra\u021bi tulpina de marijuana Apollo 11 de v\u00e2nzare. Bogat\u0103 \u00een THC, aceast\u0103 floare psihoactiv\u0103 te va l\u0103sa cu chef de dragoste","og_url":"https:\/\/medicinasinc.com\/ro\/product\/cumpara-apollo-11-marijuana\/","og_site_name":"Medicinas Inc","article_modified_time":"2022-03-22T01:12:23+00:00","og_image":[{"width":243,"height":207,"url":"https:\/\/medicinasinc.com\/ro\/wp-content\/uploads\/sites\/11\/2022\/02\/Buy-Apollo-11-Marijuana-1.jpg","type":"image\/jpeg"}],"twitter_card":"summary_large_image","twitter_misc":{"Est. reading time":"1 minute"},"schema":{"@context":"https:\/\/schema.org","@graph":[{"@type":"WebPage","@id":"https:\/\/medicinasinc.com\/ro\/product\/cumpara-apollo-11-marijuana\/","url":"https:\/\/medicinasinc.com\/ro\/product\/cumpara-apollo-11-marijuana\/","name":"Cump\u0103ra\u021bi marijuana Apollo 11 - Cele mai bune medicamente globale","isPartOf":{"@id":"https:\/\/medicinasinc.com\/ro\/#website"},"primaryImageOfPage":{"@id":"https:\/\/medicinasinc.com\/ro\/product\/cumpara-apollo-11-marijuana\/#primaryimage"},"image":{"@id":"https:\/\/medicinasinc.com\/ro\/product\/cumpara-apollo-11-marijuana\/#primaryimage"},"thumbnailUrl":"https:\/\/medicinasinc.com\/ro\/wp-content\/uploads\/sites\/11\/2022\/02\/Buy-Apollo-11-Marijuana-1.jpg","datePublished":"2022-02-20T17:28:28+00:00","dateModified":"2022-03-22T01:12:23+00:00","description":"Cump\u0103ra\u021bi tulpina de marijuana Apollo 11 de v\u00e2nzare. Bogat\u0103 \u00een THC, aceast\u0103 floare psihoactiv\u0103 te va l\u0103sa cu chef de dragoste","breadcrumb":{"@id":"https:\/\/medicinasinc.com\/ro\/product\/cumpara-apollo-11-marijuana\/#breadcrumb"},"inLanguage":"en-US","potentialAction":[{"@type":"ReadAction","target":["https:\/\/medicinasinc.com\/ro\/product\/cumpara-apollo-11-marijuana\/"]}]},{"@type":"ImageObject","inLanguage":"en-US","@id":"https:\/\/medicinasinc.com\/ro\/product\/cumpara-apollo-11-marijuana\/#primaryimage","url":"https:\/\/medicinasinc.com\/ro\/wp-content\/uploads\/sites\/11\/2022\/02\/Buy-Apollo-11-Marijuana-1.jpg","contentUrl":"https:\/\/medicinasinc.com\/ro\/wp-content\/uploads\/sites\/11\/2022\/02\/Buy-Apollo-11-Marijuana-1.jpg","width":243,"height":207},{"@type":"BreadcrumbList","@id":"https:\/\/medicinasinc.com\/ro\/product\/cumpara-apollo-11-marijuana\/#breadcrumb","itemListElement":[{"@type":"ListItem","position":1,"name":"Magazin","item":"https:\/\/medicinasinc.com\/ro\/magazin\/"},{"@type":"ListItem","position":2,"name":"Cump\u0103ra\u021bi marijuana Apollo 11"}]},{"@type":"WebSite","@id":"https:\/\/medicinasinc.com\/ro\/#website","url":"https:\/\/medicinasinc.com\/ro\/","name":"Medicinas Inc","description":"Health Medical Clinic","potentialAction":[{"@type":"SearchAction","target":{"@type":"EntryPoint","urlTemplate":"https:\/\/medicinasinc.com\/ro\/?s={search_term_string}"},"query-input":{"@type":"PropertyValueSpecification","valueRequired":true,"valueName":"search_term_string"}}],"inLanguage":"en-US"}]}},"_links":{"self":[{"href":"https:\/\/medicinasinc.com\/ro\/wp-json\/wp\/v2\/product\/4896","targetHints":{"allow":["GET"]}}],"collection":[{"href":"https:\/\/medicinasinc.com\/ro\/wp-json\/wp\/v2\/product"}],"about":[{"href":"https:\/\/medicinasinc.com\/ro\/wp-json\/wp\/v2\/types\/product"}],"replies":[{"embeddable":true,"href":"https:\/\/medicinasinc.com\/ro\/wp-json\/wp\/v2\/comments?post=4896"}],"wp:featuredmedia":[{"embeddable":true,"href":"https:\/\/medicinasinc.com\/ro\/wp-json\/wp\/v2\/media\/4911"}],"wp:attachment":[{"href":"https:\/\/medicinasinc.com\/ro\/wp-json\/wp\/v2\/media?parent=4896"}],"wp:term":[{"taxonomy":"product_brand","embeddable":true,"href":"https:\/\/medicinasinc.com\/ro\/wp-json\/wp\/v2\/product_brand?post=4896"},{"taxonomy":"product_cat","embeddable":true,"href":"https:\/\/medicinasinc.com\/ro\/wp-json\/wp\/v2\/product_cat?post=4896"},{"taxonomy":"product_tag","embeddable":true,"href":"https:\/\/medicinasinc.com\/ro\/wp-json\/wp\/v2\/product_tag?post=4896"}],"curies":[{"name":"wp","href":"https:\/\/api.w.org\/{rel}","templated":true}]}}