{"id":4895,"date":"2022-02-20T17:27:17","date_gmt":"2022-02-20T17:27:17","guid":{"rendered":"https:\/\/medicinasinc.com\/ro\/?post_type=product&#038;p=4895"},"modified":"2022-03-22T01:12:33","modified_gmt":"2022-03-22T01:12:33","slug":"buy-ak-47-marijuana","status":"publish","type":"product","link":"https:\/\/medicinasinc.com\/ro\/product\/buy-ak-47-marijuana\/","title":{"rendered":"Cump\u0103ra\u021bi AK-47 Marijuana"},"content":{"rendered":"<p><strong>Cump\u0103ra\u021bi tulpina AK-47 Marijuana Sativa online.<\/strong><\/p>\n<p><strong>Achizi\u021bionarea online a tulpinii AK-47 Marijuana Sativa.<\/strong><\/p>\n<p> AK-47 Marijuana este un hibrid dominant Sativa \u2013 65% Sativa \u0219i 35% Indica. Indica<br \/> Con\u021binutul de THC variaz\u0103 \u00eentre 13% \u0219i 20%, con\u021binutul de CBD este de 1% \u0219i con\u021binutul de CBN este de 1%.<\/p>\n<p>Aromele creative, energizante, euforice \u0219i fericite pot ameliora tulburarea bipolar\u0103, cronic\u0103. Durere, depresie, dureri de cap, insomnie, pierderea poftei de m\u00e2ncare, migrene, PTSD \u0219i stres<br \/> Arome de skunk, dulcea\u021b\u0103 \u0219i lemn<br \/> \u00cen\u021bep\u0103tor, skunky, acru \u0219i picant<\/p>\n","protected":false},"excerpt":{"rendered":"<p>Cump\u0103ra\u021bi tulpina AK-47 Marijuana Sativa pentru v\u00e2nzare online \u00een Regatul Unit \u0219i Europa. CUMP\u0102R\u0102 WEED ONLINE AUSTRALIA<\/p>\n<p>&nbsp;<\/p>\n","protected":false},"featured_media":4909,"comment_status":"open","ping_status":"closed","template":"","meta":[],"product_brand":[],"product_cat":[778],"product_tag":[780,782,783,785,781,784,786,779],"class_list":{"0":"post-4895","1":"product","2":"type-product","3":"status-publish","4":"has-post-thumbnail","6":"product_cat-buruian-de-vnzare","7":"product_tag-ak-47-seeds-feminizate-uk","8":"product_tag-ak-47-strain-for-anxiety","9":"product_tag-ak-47-strain-price","10":"product_tag-cherry-ak-47-seeds","11":"product_tag-ak-47-efecte-tulpina","12":"product_tag-ak-47-tulpina-miros","13":"product_tag-serios-seeds-ak-47-review","14":"product_tag-tulpina-ak-47-runtz","16":"first","17":"instock","18":"shipping-taxable","19":"purchasable","20":"product-type-variable","21":"has-default-attributes"},"yoast_head":"<!-- This site is optimized with the Yoast SEO plugin v27.3 - https:\/\/yoast.com\/product\/yoast-seo-wordpress\/ -->\n<title>Cump\u0103ra\u021bi AK-47 Marijuana - Bes Best Global Meds<\/title>\n<meta name=\"description\" content=\"Cump\u0103ra\u021bi tulpina AK-47 Marijuana Sativa pentru v\u00e2nzare online \u00een Marea Britanie, Europa. BUY WEED ONLINE AUSTRALIA cump\u0103r\u0103 marijuana online Australia , Australia weed de v\u00e2nzare.\" \/>\n<meta name=\"robots\" content=\"index, follow, max-snippet:-1, max-image-preview:large, max-video-preview:-1\" \/>\n<link rel=\"canonical\" href=\"https:\/\/medicinasinc.com\/ro\/product\/buy-ak-47-marijuana\/\" \/>\n<meta property=\"og:locale\" content=\"en_US\" \/>\n<meta property=\"og:type\" content=\"article\" \/>\n<meta property=\"og:title\" content=\"Cump\u0103ra\u021bi AK-47 Marijuana - Bes Best Global Meds\" \/>\n<meta property=\"og:description\" content=\"Cump\u0103ra\u021bi tulpina AK-47 Marijuana Sativa pentru v\u00e2nzare online \u00een Marea Britanie, Europa. BUY WEED ONLINE AUSTRALIA cump\u0103r\u0103 marijuana online Australia , Australia weed de v\u00e2nzare.\" \/>\n<meta property=\"og:url\" content=\"https:\/\/medicinasinc.com\/ro\/product\/buy-ak-47-marijuana\/\" \/>\n<meta property=\"og:site_name\" content=\"Medicinas Inc\" \/>\n<meta property=\"article:modified_time\" content=\"2022-03-22T01:12:33+00:00\" \/>\n<meta property=\"og:image\" content=\"https:\/\/medicinasinc.com\/ro\/wp-content\/uploads\/sites\/11\/2022\/02\/Buy-AK-47-Marijuana.jpeg\" \/>\n\t<meta property=\"og:image:width\" content=\"1242\" \/>\n\t<meta property=\"og:image:height\" content=\"1051\" \/>\n\t<meta property=\"og:image:type\" content=\"image\/jpeg\" \/>\n<meta name=\"twitter:card\" content=\"summary_large_image\" \/>\n<meta name=\"twitter:label1\" content=\"Est. reading time\" \/>\n\t<meta name=\"twitter:data1\" content=\"1 minute\" \/>\n<script type=\"application\/ld+json\" class=\"yoast-schema-graph\">{\"@context\":\"https:\\\/\\\/schema.org\",\"@graph\":[{\"@type\":\"WebPage\",\"@id\":\"https:\\\/\\\/medicinasinc.com\\\/ro\\\/product\\\/buy-ak-47-marijuana\\\/\",\"url\":\"https:\\\/\\\/medicinasinc.com\\\/ro\\\/product\\\/buy-ak-47-marijuana\\\/\",\"name\":\"Cump\u0103ra\u021bi AK-47 Marijuana - Bes Best Global Meds\",\"isPartOf\":{\"@id\":\"https:\\\/\\\/medicinasinc.com\\\/ro\\\/#website\"},\"primaryImageOfPage\":{\"@id\":\"https:\\\/\\\/medicinasinc.com\\\/ro\\\/product\\\/buy-ak-47-marijuana\\\/#primaryimage\"},\"image\":{\"@id\":\"https:\\\/\\\/medicinasinc.com\\\/ro\\\/product\\\/buy-ak-47-marijuana\\\/#primaryimage\"},\"thumbnailUrl\":\"https:\\\/\\\/medicinasinc.com\\\/ro\\\/wp-content\\\/uploads\\\/sites\\\/11\\\/2022\\\/02\\\/Buy-AK-47-Marijuana.jpeg\",\"datePublished\":\"2022-02-20T17:27:17+00:00\",\"dateModified\":\"2022-03-22T01:12:33+00:00\",\"description\":\"Cump\u0103ra\u021bi tulpina AK-47 Marijuana Sativa pentru v\u00e2nzare online \u00een Marea Britanie, Europa. BUY WEED ONLINE AUSTRALIA cump\u0103r\u0103 marijuana online Australia , Australia weed de v\u00e2nzare.\",\"breadcrumb\":{\"@id\":\"https:\\\/\\\/medicinasinc.com\\\/ro\\\/product\\\/buy-ak-47-marijuana\\\/#breadcrumb\"},\"inLanguage\":\"en-US\",\"potentialAction\":[{\"@type\":\"ReadAction\",\"target\":[\"https:\\\/\\\/medicinasinc.com\\\/ro\\\/product\\\/buy-ak-47-marijuana\\\/\"]}]},{\"@type\":\"ImageObject\",\"inLanguage\":\"en-US\",\"@id\":\"https:\\\/\\\/medicinasinc.com\\\/ro\\\/product\\\/buy-ak-47-marijuana\\\/#primaryimage\",\"url\":\"https:\\\/\\\/medicinasinc.com\\\/ro\\\/wp-content\\\/uploads\\\/sites\\\/11\\\/2022\\\/02\\\/Buy-AK-47-Marijuana.jpeg\",\"contentUrl\":\"https:\\\/\\\/medicinasinc.com\\\/ro\\\/wp-content\\\/uploads\\\/sites\\\/11\\\/2022\\\/02\\\/Buy-AK-47-Marijuana.jpeg\",\"width\":1242,\"height\":1051},{\"@type\":\"BreadcrumbList\",\"@id\":\"https:\\\/\\\/medicinasinc.com\\\/ro\\\/product\\\/buy-ak-47-marijuana\\\/#breadcrumb\",\"itemListElement\":[{\"@type\":\"ListItem\",\"position\":1,\"name\":\"Magazin\",\"item\":\"https:\\\/\\\/medicinasinc.com\\\/ro\\\/magazin\\\/\"},{\"@type\":\"ListItem\",\"position\":2,\"name\":\"Cump\u0103ra\u021bi AK-47 Marijuana\"}]},{\"@type\":\"WebSite\",\"@id\":\"https:\\\/\\\/medicinasinc.com\\\/ro\\\/#website\",\"url\":\"https:\\\/\\\/medicinasinc.com\\\/ro\\\/\",\"name\":\"Medicinas Inc\",\"description\":\"Health Medical Clinic\",\"potentialAction\":[{\"@type\":\"SearchAction\",\"target\":{\"@type\":\"EntryPoint\",\"urlTemplate\":\"https:\\\/\\\/medicinasinc.com\\\/ro\\\/?s={search_term_string}\"},\"query-input\":{\"@type\":\"PropertyValueSpecification\",\"valueRequired\":true,\"valueName\":\"search_term_string\"}}],\"inLanguage\":\"en-US\"}]}<\/script>\n<!-- \/ Yoast SEO plugin. -->","yoast_head_json":{"title":"Cump\u0103ra\u021bi AK-47 Marijuana - Bes Best Global Meds","description":"Cump\u0103ra\u021bi tulpina AK-47 Marijuana Sativa pentru v\u00e2nzare online \u00een Marea Britanie, Europa. BUY WEED ONLINE AUSTRALIA cump\u0103r\u0103 marijuana online Australia , Australia weed de v\u00e2nzare.","robots":{"index":"index","follow":"follow","max-snippet":"max-snippet:-1","max-image-preview":"max-image-preview:large","max-video-preview":"max-video-preview:-1"},"canonical":"https:\/\/medicinasinc.com\/ro\/product\/buy-ak-47-marijuana\/","og_locale":"en_US","og_type":"article","og_title":"Cump\u0103ra\u021bi AK-47 Marijuana - Bes Best Global Meds","og_description":"Cump\u0103ra\u021bi tulpina AK-47 Marijuana Sativa pentru v\u00e2nzare online \u00een Marea Britanie, Europa. BUY WEED ONLINE AUSTRALIA cump\u0103r\u0103 marijuana online Australia , Australia weed de v\u00e2nzare.","og_url":"https:\/\/medicinasinc.com\/ro\/product\/buy-ak-47-marijuana\/","og_site_name":"Medicinas Inc","article_modified_time":"2022-03-22T01:12:33+00:00","og_image":[{"width":1242,"height":1051,"url":"https:\/\/medicinasinc.com\/ro\/wp-content\/uploads\/sites\/11\/2022\/02\/Buy-AK-47-Marijuana.jpeg","type":"image\/jpeg"}],"twitter_card":"summary_large_image","twitter_misc":{"Est. reading time":"1 minute"},"schema":{"@context":"https:\/\/schema.org","@graph":[{"@type":"WebPage","@id":"https:\/\/medicinasinc.com\/ro\/product\/buy-ak-47-marijuana\/","url":"https:\/\/medicinasinc.com\/ro\/product\/buy-ak-47-marijuana\/","name":"Cump\u0103ra\u021bi AK-47 Marijuana - Bes Best Global Meds","isPartOf":{"@id":"https:\/\/medicinasinc.com\/ro\/#website"},"primaryImageOfPage":{"@id":"https:\/\/medicinasinc.com\/ro\/product\/buy-ak-47-marijuana\/#primaryimage"},"image":{"@id":"https:\/\/medicinasinc.com\/ro\/product\/buy-ak-47-marijuana\/#primaryimage"},"thumbnailUrl":"https:\/\/medicinasinc.com\/ro\/wp-content\/uploads\/sites\/11\/2022\/02\/Buy-AK-47-Marijuana.jpeg","datePublished":"2022-02-20T17:27:17+00:00","dateModified":"2022-03-22T01:12:33+00:00","description":"Cump\u0103ra\u021bi tulpina AK-47 Marijuana Sativa pentru v\u00e2nzare online \u00een Marea Britanie, Europa. BUY WEED ONLINE AUSTRALIA cump\u0103r\u0103 marijuana online Australia , Australia weed de v\u00e2nzare.","breadcrumb":{"@id":"https:\/\/medicinasinc.com\/ro\/product\/buy-ak-47-marijuana\/#breadcrumb"},"inLanguage":"en-US","potentialAction":[{"@type":"ReadAction","target":["https:\/\/medicinasinc.com\/ro\/product\/buy-ak-47-marijuana\/"]}]},{"@type":"ImageObject","inLanguage":"en-US","@id":"https:\/\/medicinasinc.com\/ro\/product\/buy-ak-47-marijuana\/#primaryimage","url":"https:\/\/medicinasinc.com\/ro\/wp-content\/uploads\/sites\/11\/2022\/02\/Buy-AK-47-Marijuana.jpeg","contentUrl":"https:\/\/medicinasinc.com\/ro\/wp-content\/uploads\/sites\/11\/2022\/02\/Buy-AK-47-Marijuana.jpeg","width":1242,"height":1051},{"@type":"BreadcrumbList","@id":"https:\/\/medicinasinc.com\/ro\/product\/buy-ak-47-marijuana\/#breadcrumb","itemListElement":[{"@type":"ListItem","position":1,"name":"Magazin","item":"https:\/\/medicinasinc.com\/ro\/magazin\/"},{"@type":"ListItem","position":2,"name":"Cump\u0103ra\u021bi AK-47 Marijuana"}]},{"@type":"WebSite","@id":"https:\/\/medicinasinc.com\/ro\/#website","url":"https:\/\/medicinasinc.com\/ro\/","name":"Medicinas Inc","description":"Health Medical Clinic","potentialAction":[{"@type":"SearchAction","target":{"@type":"EntryPoint","urlTemplate":"https:\/\/medicinasinc.com\/ro\/?s={search_term_string}"},"query-input":{"@type":"PropertyValueSpecification","valueRequired":true,"valueName":"search_term_string"}}],"inLanguage":"en-US"}]}},"_links":{"self":[{"href":"https:\/\/medicinasinc.com\/ro\/wp-json\/wp\/v2\/product\/4895","targetHints":{"allow":["GET"]}}],"collection":[{"href":"https:\/\/medicinasinc.com\/ro\/wp-json\/wp\/v2\/product"}],"about":[{"href":"https:\/\/medicinasinc.com\/ro\/wp-json\/wp\/v2\/types\/product"}],"replies":[{"embeddable":true,"href":"https:\/\/medicinasinc.com\/ro\/wp-json\/wp\/v2\/comments?post=4895"}],"wp:featuredmedia":[{"embeddable":true,"href":"https:\/\/medicinasinc.com\/ro\/wp-json\/wp\/v2\/media\/4909"}],"wp:attachment":[{"href":"https:\/\/medicinasinc.com\/ro\/wp-json\/wp\/v2\/media?parent=4895"}],"wp:term":[{"taxonomy":"product_brand","embeddable":true,"href":"https:\/\/medicinasinc.com\/ro\/wp-json\/wp\/v2\/product_brand?post=4895"},{"taxonomy":"product_cat","embeddable":true,"href":"https:\/\/medicinasinc.com\/ro\/wp-json\/wp\/v2\/product_cat?post=4895"},{"taxonomy":"product_tag","embeddable":true,"href":"https:\/\/medicinasinc.com\/ro\/wp-json\/wp\/v2\/product_tag?post=4895"}],"curies":[{"name":"wp","href":"https:\/\/api.w.org\/{rel}","templated":true}]}}