{"id":4884,"date":"2022-02-20T17:19:27","date_gmt":"2022-02-20T17:19:27","guid":{"rendered":"https:\/\/medicinasinc.com\/ro\/?post_type=product&#038;p=4884"},"modified":"2022-03-22T01:12:44","modified_gmt":"2022-03-22T01:12:44","slug":"cumpara-vaduva-alba-sfarfuire","status":"publish","type":"product","link":"https:\/\/medicinasinc.com\/ro\/product\/cumpara-vaduva-alba-sfarfuire\/","title":{"rendered":"Cump\u0103ra\u021bi White Widow Shatter"},"content":{"rendered":"<p>CUMP\u0102R\u0102 ONLINE DIN CEL MAI BUN MAGAZIN ONLINE WHITE WIDOW SHATTER<\/p>\n<p>Dac\u0103 dori\u021bi s\u0103 cump\u0103ra\u021bi White Widow Shatter online, contacta\u021bi MJ Online Bud Store. Oferim cele mai bune pre\u021buri la White Widow Shatter. Fiind cel mai bun magazin de pe pia\u021ba online din Statele Unite ale Americii, Regatul Unit, Canada, Germania \u0219i Australia, nu trecem cu vederea niciun aspect al \u00eendeplinirii cerin\u021belor specificate de clien\u021bi atunci c\u00e2nd comand\u0103 online White Widow Shatter.<\/p>\n<p>De ce ar trebui oamenii s\u0103 foloseasc\u0103 White Widow Shatter?<\/p>\n<p>White Widow Shatter este o tulpin\u0103 hibrid\u0103 legendar\u0103 care este adorat\u0103 \u00een \u00eentreaga lume. Aceast\u0103 tulpin\u0103 este produs\u0103 exclusiv prin \u00eencruci\u0219area unei Sativa Landrace brazilian\u0103 cu o Indica South Indian. Culoarea sa este chihlimbar \u00eenchis. Acest concentrat are o textur\u0103 extrem de crocant\u0103, ceea ce \u00eel face foarte u\u0219or de utilizat. C\u00e2nd este fumat\u0103, aceast\u0103 tulpin\u0103 ofer\u0103 o experien\u021b\u0103 tradi\u021bional\u0103 de canabis. Con\u021bine \u00eentre 75% \u0219i 80% THC. \u00cen plus, este binecunoscut pentru c\u0103 este un tampon excelent de diminea\u021b\u0103 sau \u00een timpul zilei. Aroma acestei tulpini este de obicei p\u0103m\u00e2ntoas\u0103, lemnoas\u0103 \u0219i floral\u0103.<\/p>\n<p>Este o tulpin\u0103 binecunoscut\u0103 pentru efectele sale euforice \u0219i cerebrale.<br \/> Ofer\u0103 o ie\u0219ire cerebral\u0103 instantanee \u0219i euforic\u0103.<br \/> Induce o euforie puternic\u0103, care are ca rezultat o creativitate crescut\u0103.<br \/> Atenueaz\u0103 durerea \u0219i promoveaz\u0103 lini\u0219te maxim\u0103.<br \/> Este o tulpin\u0103 ideal\u0103 pentru dureri u\u0219oare p\u00e2n\u0103 la moderate, stres, depresie \u0219i oboseal\u0103.<br \/> Promoveaz\u0103 activit\u0103\u021bi precum munca moderat\u0103 sau activitatea fizic\u0103, interac\u021biunea social\u0103, recreerea \u0219i eforturile creative.<br \/> Care este cel mai bun magazin online pentru a cump\u0103ra White Widow Shatter?<\/p>\n<p>White Widow Shatter poate fi achizi\u021bionat de la nimeni altul dec\u00e2t MJ Online Bud Store. Ve\u021bi primi comanda online pentru White Widow Shatter \u00eentr-o perioad\u0103 scurt\u0103 de timp. Comanda\u021bi White Widow Shatter online ast\u0103zi \u0219i conecta\u021bi-v\u0103 cu cei mai buni furnizori \u0219i furnizori din dispensarul nostru online.<\/p>\n","protected":false},"excerpt":{"rendered":"<p>Dac\u0103 dori\u021bi s\u0103 cump\u0103ra\u021bi White Widow Shatter pentru v\u00e2nzare online, atunci contacta\u021bi magazinul online bestglobalmeds. Avem White Widow Shatter de v\u00e2nzare la cele mai bune pre\u021buri.<\/p>\n<p>&nbsp;<\/p>\n<ul>\n<li>Livrare \u00een toat\u0103 lumea<\/li>\n<li><strong>Clasament: AAAAA<\/strong> <\/li>\n<li><strong>Contacta\u021bi-ne<\/strong>\u00a0pentru comenzi mai mari<\/li>\n<\/ul>\n","protected":false},"featured_media":4899,"comment_status":"open","ping_status":"closed","template":"","meta":[],"product_brand":[],"product_cat":[777],"product_tag":[],"class_list":{"0":"post-4884","1":"product","2":"type-product","3":"status-publish","4":"has-post-thumbnail","6":"product_cat-cumpr-sprtur","8":"first","9":"instock","10":"shipping-taxable","11":"purchasable","12":"product-type-variable","13":"has-default-attributes"},"yoast_head":"<!-- This site is optimized with the Yoast SEO plugin v27.3 - https:\/\/yoast.com\/product\/yoast-seo-wordpress\/ -->\n<title>Cump\u0103ra\u021bi White Widow Shatter - Cele mai bune medicamente globale<\/title>\n<meta name=\"description\" content=\"Dac\u0103 dori\u021bi s\u0103 cump\u0103ra\u021bi White Widow Shatter pentru v\u00e2nzare online, atunci lua\u021bi leg\u0103tura cu magazinul online bestglobalmeds. Avem White Widow Shatter de v\u00e2nzare la cele mai bune pre\u021buri.\" \/>\n<meta name=\"robots\" content=\"index, follow, max-snippet:-1, max-image-preview:large, max-video-preview:-1\" \/>\n<link rel=\"canonical\" href=\"https:\/\/medicinasinc.com\/ro\/product\/cumpara-vaduva-alba-sfarfuire\/\" \/>\n<meta property=\"og:locale\" content=\"en_US\" \/>\n<meta property=\"og:type\" content=\"article\" \/>\n<meta property=\"og:title\" content=\"Cump\u0103ra\u021bi White Widow Shatter - Cele mai bune medicamente globale\" \/>\n<meta property=\"og:description\" content=\"Dac\u0103 dori\u021bi s\u0103 cump\u0103ra\u021bi White Widow Shatter pentru v\u00e2nzare online, atunci lua\u021bi leg\u0103tura cu magazinul online bestglobalmeds. Avem White Widow Shatter de v\u00e2nzare la cele mai bune pre\u021buri.\" \/>\n<meta property=\"og:url\" content=\"https:\/\/medicinasinc.com\/ro\/product\/cumpara-vaduva-alba-sfarfuire\/\" \/>\n<meta property=\"og:site_name\" content=\"Medicinas Inc\" \/>\n<meta property=\"article:modified_time\" content=\"2022-03-22T01:12:44+00:00\" \/>\n<meta property=\"og:image\" content=\"https:\/\/medicinasinc.com\/ro\/wp-content\/uploads\/sites\/11\/2022\/02\/Buy-White-Widow-Shatter.jpg\" \/>\n\t<meta property=\"og:image:width\" content=\"600\" \/>\n\t<meta property=\"og:image:height\" content=\"600\" \/>\n\t<meta property=\"og:image:type\" content=\"image\/jpeg\" \/>\n<meta name=\"twitter:card\" content=\"summary_large_image\" \/>\n<script type=\"application\/ld+json\" class=\"yoast-schema-graph\">{\"@context\":\"https:\\\/\\\/schema.org\",\"@graph\":[{\"@type\":\"WebPage\",\"@id\":\"https:\\\/\\\/medicinasinc.com\\\/ro\\\/product\\\/cumpara-vaduva-alba-sfarfuire\\\/\",\"url\":\"https:\\\/\\\/medicinasinc.com\\\/ro\\\/product\\\/cumpara-vaduva-alba-sfarfuire\\\/\",\"name\":\"Cump\u0103ra\u021bi White Widow Shatter - Cele mai bune medicamente globale\",\"isPartOf\":{\"@id\":\"https:\\\/\\\/medicinasinc.com\\\/ro\\\/#website\"},\"primaryImageOfPage\":{\"@id\":\"https:\\\/\\\/medicinasinc.com\\\/ro\\\/product\\\/cumpara-vaduva-alba-sfarfuire\\\/#primaryimage\"},\"image\":{\"@id\":\"https:\\\/\\\/medicinasinc.com\\\/ro\\\/product\\\/cumpara-vaduva-alba-sfarfuire\\\/#primaryimage\"},\"thumbnailUrl\":\"https:\\\/\\\/medicinasinc.com\\\/ro\\\/wp-content\\\/uploads\\\/sites\\\/11\\\/2022\\\/02\\\/Buy-White-Widow-Shatter.jpg\",\"datePublished\":\"2022-02-20T17:19:27+00:00\",\"dateModified\":\"2022-03-22T01:12:44+00:00\",\"description\":\"Dac\u0103 dori\u021bi s\u0103 cump\u0103ra\u021bi White Widow Shatter pentru v\u00e2nzare online, atunci lua\u021bi leg\u0103tura cu magazinul online bestglobalmeds. Avem White Widow Shatter de v\u00e2nzare la cele mai bune pre\u021buri.\",\"breadcrumb\":{\"@id\":\"https:\\\/\\\/medicinasinc.com\\\/ro\\\/product\\\/cumpara-vaduva-alba-sfarfuire\\\/#breadcrumb\"},\"inLanguage\":\"en-US\",\"potentialAction\":[{\"@type\":\"ReadAction\",\"target\":[\"https:\\\/\\\/medicinasinc.com\\\/ro\\\/product\\\/cumpara-vaduva-alba-sfarfuire\\\/\"]}]},{\"@type\":\"ImageObject\",\"inLanguage\":\"en-US\",\"@id\":\"https:\\\/\\\/medicinasinc.com\\\/ro\\\/product\\\/cumpara-vaduva-alba-sfarfuire\\\/#primaryimage\",\"url\":\"https:\\\/\\\/medicinasinc.com\\\/ro\\\/wp-content\\\/uploads\\\/sites\\\/11\\\/2022\\\/02\\\/Buy-White-Widow-Shatter.jpg\",\"contentUrl\":\"https:\\\/\\\/medicinasinc.com\\\/ro\\\/wp-content\\\/uploads\\\/sites\\\/11\\\/2022\\\/02\\\/Buy-White-Widow-Shatter.jpg\",\"width\":600,\"height\":600},{\"@type\":\"BreadcrumbList\",\"@id\":\"https:\\\/\\\/medicinasinc.com\\\/ro\\\/product\\\/cumpara-vaduva-alba-sfarfuire\\\/#breadcrumb\",\"itemListElement\":[{\"@type\":\"ListItem\",\"position\":1,\"name\":\"Magazin\",\"item\":\"https:\\\/\\\/medicinasinc.com\\\/ro\\\/magazin\\\/\"},{\"@type\":\"ListItem\",\"position\":2,\"name\":\"Cump\u0103ra\u021bi White Widow Shatter\"}]},{\"@type\":\"WebSite\",\"@id\":\"https:\\\/\\\/medicinasinc.com\\\/ro\\\/#website\",\"url\":\"https:\\\/\\\/medicinasinc.com\\\/ro\\\/\",\"name\":\"Medicinas Inc\",\"description\":\"Health Medical Clinic\",\"potentialAction\":[{\"@type\":\"SearchAction\",\"target\":{\"@type\":\"EntryPoint\",\"urlTemplate\":\"https:\\\/\\\/medicinasinc.com\\\/ro\\\/?s={search_term_string}\"},\"query-input\":{\"@type\":\"PropertyValueSpecification\",\"valueRequired\":true,\"valueName\":\"search_term_string\"}}],\"inLanguage\":\"en-US\"}]}<\/script>\n<!-- \/ Yoast SEO plugin. -->","yoast_head_json":{"title":"Cump\u0103ra\u021bi White Widow Shatter - Cele mai bune medicamente globale","description":"Dac\u0103 dori\u021bi s\u0103 cump\u0103ra\u021bi White Widow Shatter pentru v\u00e2nzare online, atunci lua\u021bi leg\u0103tura cu magazinul online bestglobalmeds. Avem White Widow Shatter de v\u00e2nzare la cele mai bune pre\u021buri.","robots":{"index":"index","follow":"follow","max-snippet":"max-snippet:-1","max-image-preview":"max-image-preview:large","max-video-preview":"max-video-preview:-1"},"canonical":"https:\/\/medicinasinc.com\/ro\/product\/cumpara-vaduva-alba-sfarfuire\/","og_locale":"en_US","og_type":"article","og_title":"Cump\u0103ra\u021bi White Widow Shatter - Cele mai bune medicamente globale","og_description":"Dac\u0103 dori\u021bi s\u0103 cump\u0103ra\u021bi White Widow Shatter pentru v\u00e2nzare online, atunci lua\u021bi leg\u0103tura cu magazinul online bestglobalmeds. Avem White Widow Shatter de v\u00e2nzare la cele mai bune pre\u021buri.","og_url":"https:\/\/medicinasinc.com\/ro\/product\/cumpara-vaduva-alba-sfarfuire\/","og_site_name":"Medicinas Inc","article_modified_time":"2022-03-22T01:12:44+00:00","og_image":[{"width":600,"height":600,"url":"https:\/\/medicinasinc.com\/ro\/wp-content\/uploads\/sites\/11\/2022\/02\/Buy-White-Widow-Shatter.jpg","type":"image\/jpeg"}],"twitter_card":"summary_large_image","schema":{"@context":"https:\/\/schema.org","@graph":[{"@type":"WebPage","@id":"https:\/\/medicinasinc.com\/ro\/product\/cumpara-vaduva-alba-sfarfuire\/","url":"https:\/\/medicinasinc.com\/ro\/product\/cumpara-vaduva-alba-sfarfuire\/","name":"Cump\u0103ra\u021bi White Widow Shatter - Cele mai bune medicamente globale","isPartOf":{"@id":"https:\/\/medicinasinc.com\/ro\/#website"},"primaryImageOfPage":{"@id":"https:\/\/medicinasinc.com\/ro\/product\/cumpara-vaduva-alba-sfarfuire\/#primaryimage"},"image":{"@id":"https:\/\/medicinasinc.com\/ro\/product\/cumpara-vaduva-alba-sfarfuire\/#primaryimage"},"thumbnailUrl":"https:\/\/medicinasinc.com\/ro\/wp-content\/uploads\/sites\/11\/2022\/02\/Buy-White-Widow-Shatter.jpg","datePublished":"2022-02-20T17:19:27+00:00","dateModified":"2022-03-22T01:12:44+00:00","description":"Dac\u0103 dori\u021bi s\u0103 cump\u0103ra\u021bi White Widow Shatter pentru v\u00e2nzare online, atunci lua\u021bi leg\u0103tura cu magazinul online bestglobalmeds. Avem White Widow Shatter de v\u00e2nzare la cele mai bune pre\u021buri.","breadcrumb":{"@id":"https:\/\/medicinasinc.com\/ro\/product\/cumpara-vaduva-alba-sfarfuire\/#breadcrumb"},"inLanguage":"en-US","potentialAction":[{"@type":"ReadAction","target":["https:\/\/medicinasinc.com\/ro\/product\/cumpara-vaduva-alba-sfarfuire\/"]}]},{"@type":"ImageObject","inLanguage":"en-US","@id":"https:\/\/medicinasinc.com\/ro\/product\/cumpara-vaduva-alba-sfarfuire\/#primaryimage","url":"https:\/\/medicinasinc.com\/ro\/wp-content\/uploads\/sites\/11\/2022\/02\/Buy-White-Widow-Shatter.jpg","contentUrl":"https:\/\/medicinasinc.com\/ro\/wp-content\/uploads\/sites\/11\/2022\/02\/Buy-White-Widow-Shatter.jpg","width":600,"height":600},{"@type":"BreadcrumbList","@id":"https:\/\/medicinasinc.com\/ro\/product\/cumpara-vaduva-alba-sfarfuire\/#breadcrumb","itemListElement":[{"@type":"ListItem","position":1,"name":"Magazin","item":"https:\/\/medicinasinc.com\/ro\/magazin\/"},{"@type":"ListItem","position":2,"name":"Cump\u0103ra\u021bi White Widow Shatter"}]},{"@type":"WebSite","@id":"https:\/\/medicinasinc.com\/ro\/#website","url":"https:\/\/medicinasinc.com\/ro\/","name":"Medicinas Inc","description":"Health Medical Clinic","potentialAction":[{"@type":"SearchAction","target":{"@type":"EntryPoint","urlTemplate":"https:\/\/medicinasinc.com\/ro\/?s={search_term_string}"},"query-input":{"@type":"PropertyValueSpecification","valueRequired":true,"valueName":"search_term_string"}}],"inLanguage":"en-US"}]}},"_links":{"self":[{"href":"https:\/\/medicinasinc.com\/ro\/wp-json\/wp\/v2\/product\/4884","targetHints":{"allow":["GET"]}}],"collection":[{"href":"https:\/\/medicinasinc.com\/ro\/wp-json\/wp\/v2\/product"}],"about":[{"href":"https:\/\/medicinasinc.com\/ro\/wp-json\/wp\/v2\/types\/product"}],"replies":[{"embeddable":true,"href":"https:\/\/medicinasinc.com\/ro\/wp-json\/wp\/v2\/comments?post=4884"}],"wp:featuredmedia":[{"embeddable":true,"href":"https:\/\/medicinasinc.com\/ro\/wp-json\/wp\/v2\/media\/4899"}],"wp:attachment":[{"href":"https:\/\/medicinasinc.com\/ro\/wp-json\/wp\/v2\/media?parent=4884"}],"wp:term":[{"taxonomy":"product_brand","embeddable":true,"href":"https:\/\/medicinasinc.com\/ro\/wp-json\/wp\/v2\/product_brand?post=4884"},{"taxonomy":"product_cat","embeddable":true,"href":"https:\/\/medicinasinc.com\/ro\/wp-json\/wp\/v2\/product_cat?post=4884"},{"taxonomy":"product_tag","embeddable":true,"href":"https:\/\/medicinasinc.com\/ro\/wp-json\/wp\/v2\/product_tag?post=4884"}],"curies":[{"name":"wp","href":"https:\/\/api.w.org\/{rel}","templated":true}]}}