{"id":4883,"date":"2022-02-20T17:18:33","date_gmt":"2022-02-20T17:18:33","guid":{"rendered":"https:\/\/medicinasinc.com\/ro\/?post_type=product&#038;p=4883"},"modified":"2022-03-22T01:12:53","modified_gmt":"2022-03-22T01:12:53","slug":"cumpara-apus-sherbert-sfarfuire","status":"publish","type":"product","link":"https:\/\/medicinasinc.com\/ro\/product\/cumpara-apus-sherbert-sfarfuire\/","title":{"rendered":"Cump\u0103ra\u021bi Sunset Sherbert Shatter"},"content":{"rendered":"<p>Cump\u0103ra\u021bi Sunset Sherbert Shatter \u2013 Hibrid dominant Indica Premium \u2013 85% Indica \/ 15% Sativa<\/p>\n<p>Sunset Sherbert, denumit alternativ Sherbet, este mo\u0219tenitorul tronului Girl Scout Cookie. Sunset Sherbert a mo\u0219tenit caracteristicile genetice ale p\u0103rintelui s\u0103u Girl Scout Cookies, care a inclus OG Kush, Durban Poison \u0219i Cherry Pie \u00een descenden\u021ba sa genetic\u0103. Aceste genetice au fost apoi \u00eencruci\u0219ate cu Pink Panties, un p\u0103rinte indica. Sunset Sherbert combin\u0103 un zgomot puternic al corpului cu o explozie revigorant\u0103 de energie creativ\u0103. Dup\u0103 fumat, utilizatorii vor sim\u021bi o cre\u0219tere imediat\u0103 a energiei \u2013 \u00een primul r\u00e2nd \u00een minte \u2013 care \u00eei va l\u0103sa s\u0103 se simt\u0103 social \u0219i euforic \u00een c\u00e2teva minute. Pe m\u0103sur\u0103 ce efectele \u00eencep s\u0103 aib\u0103 efect, o senza\u021bie de \u00eenc\u0103lzire bl\u00e2nd\u0103 se va r\u0103sp\u00e2ndi \u00een tot corpul, \u00eenv\u0103luind utilizatorul \u00eentr-o relaxare complet\u0103 \u0219i o fericire fericit\u0103. Sunset Sherbert a fost folosit pentru a trata depresia, stresul, anxietatea \u0219i durerea u\u0219oar\u0103 p\u00e2n\u0103 la moderat\u0103, datorit\u0103 efectelor sale puternice.<\/p>\n<p>&nbsp;<\/p>\n<p>V\u0103 rug\u0103m s\u0103 fi\u021bi informat c\u0103, din cauza unor circumstan\u021be neprev\u0103zute, cum ar fi precum c\u0103ldura verii, umiditatea \u0219i chiar timpul, exist\u0103 \u00eentotdeauna \u0219ansa ca shatterul pe care l-a\u021bi comandat s\u0103 se transforme \u00een cear\u0103 sau budder \u00eenainte de a ajunge la dvs.<\/p>\n<p>Din p\u0103cate, transformarea shatter \u00een cear\u0103 nu este neobi\u0219nuit\u0103 c\u00e2nd este expus. s\u0103 se \u00eenc\u0103lzeasc\u0103, dar acest lucru nu diminueaz\u0103 \u00een niciun caz siguran\u021ba sau poten\u021ba spargerii tale. \u00centr-adev\u0103r, dac\u0103 se \u00eent\u00e2mpl\u0103 acest lucru, terpenele \u0219i aromaticele vor fi \u00eembun\u0103t\u0103\u021bite, cresc\u00e2nd astfel aroma.<\/p>\n<p>Nu oferim ramburs\u0103ri sau schimburi dac\u0103 shatterul t\u0103u se transform\u0103 \u00een budder sau cear\u0103.<\/p>\n<div class=\"product-next-previous\">\n<div class=\"product-prev\"><\/div><\/div>\n","protected":false},"excerpt":{"rendered":"<p>Cump\u0103ra\u021bi Shatter &#8211; Sunset Sherbert este disponibil pentru cump\u0103rare online \u00een Europa \u0219i Regatul Unit la cele mai bune medicamente globale. \u00cen Europa, pute\u021bi g\u0103si Shatter de cea mai \u00eenalt\u0103 calitate &#8211; Produse de canabis Sunset Sherbert.<\/p>\n<p>&nbsp;<\/p>\n<ul>\n<li>Livrare \u00een toat\u0103 lumea<\/li>\n<li><strong>Clasament: AAAAA<\/strong><\/li>\n<li> <strong>Contacta\u021bi-ne<\/strong>\u00a0pentru comenzi mai mari<\/li>\n<\/ul>\n","protected":false},"featured_media":4897,"comment_status":"open","ping_status":"closed","template":"","meta":[],"product_brand":[],"product_cat":[777],"product_tag":[],"class_list":{"0":"post-4883","1":"product","2":"type-product","3":"status-publish","4":"has-post-thumbnail","6":"product_cat-cumpr-sprtur","8":"first","9":"instock","10":"shipping-taxable","11":"purchasable","12":"product-type-variable","13":"has-default-attributes"},"yoast_head":"<!-- This site is optimized with the Yoast SEO plugin v27.3 - https:\/\/yoast.com\/product\/yoast-seo-wordpress\/ -->\n<title>Cump\u0103ra\u021bi Sunset Sherbert Shatter - Cele mai bune medicamente globale<\/title>\n<meta name=\"description\" content=\"Cump\u0103ra\u021bi Shatter - Sunset Sherbert de v\u00e2nzare online \u00een Europa, Marea Britanie la The global medicinas. G\u0103si\u021bi cele mai bune produse de canabis Shatter - Sunset Sherbert din Europa.\" \/>\n<meta name=\"robots\" content=\"index, follow, max-snippet:-1, max-image-preview:large, max-video-preview:-1\" \/>\n<link rel=\"canonical\" href=\"https:\/\/medicinasinc.com\/ro\/product\/cumpara-apus-sherbert-sfarfuire\/\" \/>\n<meta property=\"og:locale\" content=\"en_US\" \/>\n<meta property=\"og:type\" content=\"article\" \/>\n<meta property=\"og:title\" content=\"Cump\u0103ra\u021bi Sunset Sherbert Shatter - Cele mai bune medicamente globale\" \/>\n<meta property=\"og:description\" content=\"Cump\u0103ra\u021bi Shatter - Sunset Sherbert de v\u00e2nzare online \u00een Europa, Marea Britanie la The global medicinas. G\u0103si\u021bi cele mai bune produse de canabis Shatter - Sunset Sherbert din Europa.\" \/>\n<meta property=\"og:url\" content=\"https:\/\/medicinasinc.com\/ro\/product\/cumpara-apus-sherbert-sfarfuire\/\" \/>\n<meta property=\"og:site_name\" content=\"Medicinas Inc\" \/>\n<meta property=\"article:modified_time\" content=\"2022-03-22T01:12:53+00:00\" \/>\n<meta property=\"og:image\" content=\"https:\/\/medicinasinc.com\/ro\/wp-content\/uploads\/sites\/11\/2022\/02\/Buy-Sunset-Sherbert-Shatter.jpg\" \/>\n\t<meta property=\"og:image:width\" content=\"600\" \/>\n\t<meta property=\"og:image:height\" content=\"600\" \/>\n\t<meta property=\"og:image:type\" content=\"image\/jpeg\" \/>\n<meta name=\"twitter:card\" content=\"summary_large_image\" \/>\n<meta name=\"twitter:label1\" content=\"Est. reading time\" \/>\n\t<meta name=\"twitter:data1\" content=\"2 minutes\" \/>\n<script type=\"application\/ld+json\" class=\"yoast-schema-graph\">{\"@context\":\"https:\\\/\\\/schema.org\",\"@graph\":[{\"@type\":\"WebPage\",\"@id\":\"https:\\\/\\\/medicinasinc.com\\\/ro\\\/product\\\/cumpara-apus-sherbert-sfarfuire\\\/\",\"url\":\"https:\\\/\\\/medicinasinc.com\\\/ro\\\/product\\\/cumpara-apus-sherbert-sfarfuire\\\/\",\"name\":\"Cump\u0103ra\u021bi Sunset Sherbert Shatter - Cele mai bune medicamente globale\",\"isPartOf\":{\"@id\":\"https:\\\/\\\/medicinasinc.com\\\/ro\\\/#website\"},\"primaryImageOfPage\":{\"@id\":\"https:\\\/\\\/medicinasinc.com\\\/ro\\\/product\\\/cumpara-apus-sherbert-sfarfuire\\\/#primaryimage\"},\"image\":{\"@id\":\"https:\\\/\\\/medicinasinc.com\\\/ro\\\/product\\\/cumpara-apus-sherbert-sfarfuire\\\/#primaryimage\"},\"thumbnailUrl\":\"https:\\\/\\\/medicinasinc.com\\\/ro\\\/wp-content\\\/uploads\\\/sites\\\/11\\\/2022\\\/02\\\/Buy-Sunset-Sherbert-Shatter.jpg\",\"datePublished\":\"2022-02-20T17:18:33+00:00\",\"dateModified\":\"2022-03-22T01:12:53+00:00\",\"description\":\"Cump\u0103ra\u021bi Shatter - Sunset Sherbert de v\u00e2nzare online \u00een Europa, Marea Britanie la The global medicinas. G\u0103si\u021bi cele mai bune produse de canabis Shatter - Sunset Sherbert din Europa.\",\"breadcrumb\":{\"@id\":\"https:\\\/\\\/medicinasinc.com\\\/ro\\\/product\\\/cumpara-apus-sherbert-sfarfuire\\\/#breadcrumb\"},\"inLanguage\":\"en-US\",\"potentialAction\":[{\"@type\":\"ReadAction\",\"target\":[\"https:\\\/\\\/medicinasinc.com\\\/ro\\\/product\\\/cumpara-apus-sherbert-sfarfuire\\\/\"]}]},{\"@type\":\"ImageObject\",\"inLanguage\":\"en-US\",\"@id\":\"https:\\\/\\\/medicinasinc.com\\\/ro\\\/product\\\/cumpara-apus-sherbert-sfarfuire\\\/#primaryimage\",\"url\":\"https:\\\/\\\/medicinasinc.com\\\/ro\\\/wp-content\\\/uploads\\\/sites\\\/11\\\/2022\\\/02\\\/Buy-Sunset-Sherbert-Shatter.jpg\",\"contentUrl\":\"https:\\\/\\\/medicinasinc.com\\\/ro\\\/wp-content\\\/uploads\\\/sites\\\/11\\\/2022\\\/02\\\/Buy-Sunset-Sherbert-Shatter.jpg\",\"width\":600,\"height\":600},{\"@type\":\"BreadcrumbList\",\"@id\":\"https:\\\/\\\/medicinasinc.com\\\/ro\\\/product\\\/cumpara-apus-sherbert-sfarfuire\\\/#breadcrumb\",\"itemListElement\":[{\"@type\":\"ListItem\",\"position\":1,\"name\":\"Magazin\",\"item\":\"https:\\\/\\\/medicinasinc.com\\\/ro\\\/magazin\\\/\"},{\"@type\":\"ListItem\",\"position\":2,\"name\":\"Cump\u0103ra\u021bi Sunset Sherbert Shatter\"}]},{\"@type\":\"WebSite\",\"@id\":\"https:\\\/\\\/medicinasinc.com\\\/ro\\\/#website\",\"url\":\"https:\\\/\\\/medicinasinc.com\\\/ro\\\/\",\"name\":\"Medicinas Inc\",\"description\":\"Health Medical Clinic\",\"potentialAction\":[{\"@type\":\"SearchAction\",\"target\":{\"@type\":\"EntryPoint\",\"urlTemplate\":\"https:\\\/\\\/medicinasinc.com\\\/ro\\\/?s={search_term_string}\"},\"query-input\":{\"@type\":\"PropertyValueSpecification\",\"valueRequired\":true,\"valueName\":\"search_term_string\"}}],\"inLanguage\":\"en-US\"}]}<\/script>\n<!-- \/ Yoast SEO plugin. -->","yoast_head_json":{"title":"Cump\u0103ra\u021bi Sunset Sherbert Shatter - Cele mai bune medicamente globale","description":"Cump\u0103ra\u021bi Shatter - Sunset Sherbert de v\u00e2nzare online \u00een Europa, Marea Britanie la The global medicinas. G\u0103si\u021bi cele mai bune produse de canabis Shatter - Sunset Sherbert din Europa.","robots":{"index":"index","follow":"follow","max-snippet":"max-snippet:-1","max-image-preview":"max-image-preview:large","max-video-preview":"max-video-preview:-1"},"canonical":"https:\/\/medicinasinc.com\/ro\/product\/cumpara-apus-sherbert-sfarfuire\/","og_locale":"en_US","og_type":"article","og_title":"Cump\u0103ra\u021bi Sunset Sherbert Shatter - Cele mai bune medicamente globale","og_description":"Cump\u0103ra\u021bi Shatter - Sunset Sherbert de v\u00e2nzare online \u00een Europa, Marea Britanie la The global medicinas. G\u0103si\u021bi cele mai bune produse de canabis Shatter - Sunset Sherbert din Europa.","og_url":"https:\/\/medicinasinc.com\/ro\/product\/cumpara-apus-sherbert-sfarfuire\/","og_site_name":"Medicinas Inc","article_modified_time":"2022-03-22T01:12:53+00:00","og_image":[{"width":600,"height":600,"url":"https:\/\/medicinasinc.com\/ro\/wp-content\/uploads\/sites\/11\/2022\/02\/Buy-Sunset-Sherbert-Shatter.jpg","type":"image\/jpeg"}],"twitter_card":"summary_large_image","twitter_misc":{"Est. reading time":"2 minutes"},"schema":{"@context":"https:\/\/schema.org","@graph":[{"@type":"WebPage","@id":"https:\/\/medicinasinc.com\/ro\/product\/cumpara-apus-sherbert-sfarfuire\/","url":"https:\/\/medicinasinc.com\/ro\/product\/cumpara-apus-sherbert-sfarfuire\/","name":"Cump\u0103ra\u021bi Sunset Sherbert Shatter - Cele mai bune medicamente globale","isPartOf":{"@id":"https:\/\/medicinasinc.com\/ro\/#website"},"primaryImageOfPage":{"@id":"https:\/\/medicinasinc.com\/ro\/product\/cumpara-apus-sherbert-sfarfuire\/#primaryimage"},"image":{"@id":"https:\/\/medicinasinc.com\/ro\/product\/cumpara-apus-sherbert-sfarfuire\/#primaryimage"},"thumbnailUrl":"https:\/\/medicinasinc.com\/ro\/wp-content\/uploads\/sites\/11\/2022\/02\/Buy-Sunset-Sherbert-Shatter.jpg","datePublished":"2022-02-20T17:18:33+00:00","dateModified":"2022-03-22T01:12:53+00:00","description":"Cump\u0103ra\u021bi Shatter - Sunset Sherbert de v\u00e2nzare online \u00een Europa, Marea Britanie la The global medicinas. G\u0103si\u021bi cele mai bune produse de canabis Shatter - Sunset Sherbert din Europa.","breadcrumb":{"@id":"https:\/\/medicinasinc.com\/ro\/product\/cumpara-apus-sherbert-sfarfuire\/#breadcrumb"},"inLanguage":"en-US","potentialAction":[{"@type":"ReadAction","target":["https:\/\/medicinasinc.com\/ro\/product\/cumpara-apus-sherbert-sfarfuire\/"]}]},{"@type":"ImageObject","inLanguage":"en-US","@id":"https:\/\/medicinasinc.com\/ro\/product\/cumpara-apus-sherbert-sfarfuire\/#primaryimage","url":"https:\/\/medicinasinc.com\/ro\/wp-content\/uploads\/sites\/11\/2022\/02\/Buy-Sunset-Sherbert-Shatter.jpg","contentUrl":"https:\/\/medicinasinc.com\/ro\/wp-content\/uploads\/sites\/11\/2022\/02\/Buy-Sunset-Sherbert-Shatter.jpg","width":600,"height":600},{"@type":"BreadcrumbList","@id":"https:\/\/medicinasinc.com\/ro\/product\/cumpara-apus-sherbert-sfarfuire\/#breadcrumb","itemListElement":[{"@type":"ListItem","position":1,"name":"Magazin","item":"https:\/\/medicinasinc.com\/ro\/magazin\/"},{"@type":"ListItem","position":2,"name":"Cump\u0103ra\u021bi Sunset Sherbert Shatter"}]},{"@type":"WebSite","@id":"https:\/\/medicinasinc.com\/ro\/#website","url":"https:\/\/medicinasinc.com\/ro\/","name":"Medicinas Inc","description":"Health Medical Clinic","potentialAction":[{"@type":"SearchAction","target":{"@type":"EntryPoint","urlTemplate":"https:\/\/medicinasinc.com\/ro\/?s={search_term_string}"},"query-input":{"@type":"PropertyValueSpecification","valueRequired":true,"valueName":"search_term_string"}}],"inLanguage":"en-US"}]}},"_links":{"self":[{"href":"https:\/\/medicinasinc.com\/ro\/wp-json\/wp\/v2\/product\/4883","targetHints":{"allow":["GET"]}}],"collection":[{"href":"https:\/\/medicinasinc.com\/ro\/wp-json\/wp\/v2\/product"}],"about":[{"href":"https:\/\/medicinasinc.com\/ro\/wp-json\/wp\/v2\/types\/product"}],"replies":[{"embeddable":true,"href":"https:\/\/medicinasinc.com\/ro\/wp-json\/wp\/v2\/comments?post=4883"}],"wp:featuredmedia":[{"embeddable":true,"href":"https:\/\/medicinasinc.com\/ro\/wp-json\/wp\/v2\/media\/4897"}],"wp:attachment":[{"href":"https:\/\/medicinasinc.com\/ro\/wp-json\/wp\/v2\/media?parent=4883"}],"wp:term":[{"taxonomy":"product_brand","embeddable":true,"href":"https:\/\/medicinasinc.com\/ro\/wp-json\/wp\/v2\/product_brand?post=4883"},{"taxonomy":"product_cat","embeddable":true,"href":"https:\/\/medicinasinc.com\/ro\/wp-json\/wp\/v2\/product_cat?post=4883"},{"taxonomy":"product_tag","embeddable":true,"href":"https:\/\/medicinasinc.com\/ro\/wp-json\/wp\/v2\/product_tag?post=4883"}],"curies":[{"name":"wp","href":"https:\/\/api.w.org\/{rel}","templated":true}]}}