{"id":4871,"date":"2022-02-20T17:08:15","date_gmt":"2022-02-20T17:08:15","guid":{"rendered":"https:\/\/medicinasinc.com\/ro\/?post_type=product&#038;p=4871"},"modified":"2022-03-22T01:13:14","modified_gmt":"2022-03-22T01:13:14","slug":"cumpara-afine-nuken-sfarfuire-top-raft","status":"publish","type":"product","link":"https:\/\/medicinasinc.com\/ro\/product\/cumpara-afine-nuken-sfarfuire-top-raft\/","title":{"rendered":"Cump\u0103ra\u021bi Blueberry Nuken Shatter \u2013 Top Shelf"},"content":{"rendered":"<div class=\"descblock ff\">Nuken ofer\u0103 beneficiile medicinale ale unei indica f\u0103r\u0103 oboseala sau sedarea asociate cu indica. Nuken produce un corp de lung\u0103 durat\u0103 \u0219i extrem de relaxant, permi\u021b\u00e2nd \u00een acela\u0219i timp utilizatorului s\u0103 \u00eendeplineasc\u0103 sarcini \u0219i s\u0103 interac\u021bioneze cu prietenii. Pe m\u0103sur\u0103 ce efectele tulpinii se instaleaz\u0103, utilizatorii vor experimenta o u\u0219oar\u0103 senza\u021bie de \u00eenc\u0103lzire care \u00eencepe la nivelul coloanei vertebrale \u0219i se r\u0103sp\u00e2nde\u0219te treptat \u00een tot corpul, atenu\u00e2nd orice durere sau disconfort muscular. Aceste efecte sunt \u00eenso\u021bite de introspec\u021bie intens\u0103, care poate determina unii utilizatori \u00eencep\u0103tori s\u0103 se simt\u0103 pu\u021bin dezorienta\u021bi. Nuken a fost folosit pentru a trata durerea cronic\u0103 \u0219i inflama\u021bia, precum \u0219i depresia u\u0219oar\u0103, anxietatea \u0219i stresul cronic.<\/div>\n<div class=\"product-next-previous\">\n<div class=\"product-prev\"><\/div><\/div>\n","protected":false},"excerpt":{"rendered":"<p>Cump\u0103ra\u021bi Blueberry Nuken Shatter Marea Britanie, Europa online de la cel mai bun dispensar online online, EZ Weed Online Cannabis Dispensary.<\/p>\n<ul>\n<li>Livrare \u00een toat\u0103 lumea<\/li>\n<li><strong>Clasament: AAAAA<\/strong><\/li>\n<li><strong>Contacta\u021bi-ne<\/strong>\u00a0pentru comenzi mai mari<\/li>\n<li>DPD Post Xpresspost Transport GRATUIT pentru comenzile de peste 200 USD<\/li>\n<\/ul>\n","protected":false},"featured_media":4885,"comment_status":"open","ping_status":"closed","template":"","meta":[],"product_brand":[],"product_cat":[777],"product_tag":[],"class_list":{"0":"post-4871","1":"product","2":"type-product","3":"status-publish","4":"has-post-thumbnail","6":"product_cat-cumpr-sprtur","8":"first","9":"instock","10":"shipping-taxable","11":"purchasable","12":"product-type-variable","13":"has-default-attributes"},"yoast_head":"<!-- This site is optimized with the Yoast SEO plugin v27.3 - https:\/\/yoast.com\/product\/yoast-seo-wordpress\/ -->\n<title>Cump\u0103ra\u021bi Blueberry Nuken Shatter \u2013 Top Shelf - Cele mai bune cele mai bune medicamente globale<\/title>\n<meta name=\"description\" content=\"Cump\u0103ra\u021bi Blueberry Nuken Shatter Marea Britanie, Europa online de la dispensarul online nr. 1 din Canada, cel mai bun dispensar de canabis online global Weed.\" \/>\n<meta name=\"robots\" content=\"index, follow, max-snippet:-1, max-image-preview:large, max-video-preview:-1\" \/>\n<link rel=\"canonical\" href=\"https:\/\/medicinasinc.com\/ro\/product\/cumpara-afine-nuken-sfarfuire-top-raft\/\" \/>\n<meta property=\"og:locale\" content=\"en_US\" \/>\n<meta property=\"og:type\" content=\"article\" \/>\n<meta property=\"og:title\" content=\"Cump\u0103ra\u021bi Blueberry Nuken Shatter \u2013 Top Shelf - Cele mai bune cele mai bune medicamente globale\" \/>\n<meta property=\"og:description\" content=\"Cump\u0103ra\u021bi Blueberry Nuken Shatter Marea Britanie, Europa online de la dispensarul online nr. 1 din Canada, cel mai bun dispensar de canabis online global Weed.\" \/>\n<meta property=\"og:url\" content=\"https:\/\/medicinasinc.com\/ro\/product\/cumpara-afine-nuken-sfarfuire-top-raft\/\" \/>\n<meta property=\"og:site_name\" content=\"Medicinas Inc\" \/>\n<meta property=\"article:modified_time\" content=\"2022-03-22T01:13:14+00:00\" \/>\n<meta property=\"og:image\" content=\"https:\/\/medicinasinc.com\/ro\/wp-content\/uploads\/sites\/11\/2022\/02\/Buy-Blueberry-Nuken-Shatter.jpg\" \/>\n\t<meta property=\"og:image:width\" content=\"600\" \/>\n\t<meta property=\"og:image:height\" content=\"600\" \/>\n\t<meta property=\"og:image:type\" content=\"image\/jpeg\" \/>\n<meta name=\"twitter:card\" content=\"summary_large_image\" \/>\n<meta name=\"twitter:label1\" content=\"Est. reading time\" \/>\n\t<meta name=\"twitter:data1\" content=\"1 minute\" \/>\n<script type=\"application\/ld+json\" class=\"yoast-schema-graph\">{\"@context\":\"https:\\\/\\\/schema.org\",\"@graph\":[{\"@type\":\"WebPage\",\"@id\":\"https:\\\/\\\/medicinasinc.com\\\/ro\\\/product\\\/cumpara-afine-nuken-sfarfuire-top-raft\\\/\",\"url\":\"https:\\\/\\\/medicinasinc.com\\\/ro\\\/product\\\/cumpara-afine-nuken-sfarfuire-top-raft\\\/\",\"name\":\"Cump\u0103ra\u021bi Blueberry Nuken Shatter \u2013 Top Shelf - Cele mai bune cele mai bune medicamente globale\",\"isPartOf\":{\"@id\":\"https:\\\/\\\/medicinasinc.com\\\/ro\\\/#website\"},\"primaryImageOfPage\":{\"@id\":\"https:\\\/\\\/medicinasinc.com\\\/ro\\\/product\\\/cumpara-afine-nuken-sfarfuire-top-raft\\\/#primaryimage\"},\"image\":{\"@id\":\"https:\\\/\\\/medicinasinc.com\\\/ro\\\/product\\\/cumpara-afine-nuken-sfarfuire-top-raft\\\/#primaryimage\"},\"thumbnailUrl\":\"https:\\\/\\\/medicinasinc.com\\\/ro\\\/wp-content\\\/uploads\\\/sites\\\/11\\\/2022\\\/02\\\/Buy-Blueberry-Nuken-Shatter.jpg\",\"datePublished\":\"2022-02-20T17:08:15+00:00\",\"dateModified\":\"2022-03-22T01:13:14+00:00\",\"description\":\"Cump\u0103ra\u021bi Blueberry Nuken Shatter Marea Britanie, Europa online de la dispensarul online nr. 1 din Canada, cel mai bun dispensar de canabis online global Weed.\",\"breadcrumb\":{\"@id\":\"https:\\\/\\\/medicinasinc.com\\\/ro\\\/product\\\/cumpara-afine-nuken-sfarfuire-top-raft\\\/#breadcrumb\"},\"inLanguage\":\"en-US\",\"potentialAction\":[{\"@type\":\"ReadAction\",\"target\":[\"https:\\\/\\\/medicinasinc.com\\\/ro\\\/product\\\/cumpara-afine-nuken-sfarfuire-top-raft\\\/\"]}]},{\"@type\":\"ImageObject\",\"inLanguage\":\"en-US\",\"@id\":\"https:\\\/\\\/medicinasinc.com\\\/ro\\\/product\\\/cumpara-afine-nuken-sfarfuire-top-raft\\\/#primaryimage\",\"url\":\"https:\\\/\\\/medicinasinc.com\\\/ro\\\/wp-content\\\/uploads\\\/sites\\\/11\\\/2022\\\/02\\\/Buy-Blueberry-Nuken-Shatter.jpg\",\"contentUrl\":\"https:\\\/\\\/medicinasinc.com\\\/ro\\\/wp-content\\\/uploads\\\/sites\\\/11\\\/2022\\\/02\\\/Buy-Blueberry-Nuken-Shatter.jpg\",\"width\":600,\"height\":600},{\"@type\":\"BreadcrumbList\",\"@id\":\"https:\\\/\\\/medicinasinc.com\\\/ro\\\/product\\\/cumpara-afine-nuken-sfarfuire-top-raft\\\/#breadcrumb\",\"itemListElement\":[{\"@type\":\"ListItem\",\"position\":1,\"name\":\"Magazin\",\"item\":\"https:\\\/\\\/medicinasinc.com\\\/ro\\\/magazin\\\/\"},{\"@type\":\"ListItem\",\"position\":2,\"name\":\"Cump\u0103ra\u021bi Blueberry Nuken Shatter \u2013 Top Shelf\"}]},{\"@type\":\"WebSite\",\"@id\":\"https:\\\/\\\/medicinasinc.com\\\/ro\\\/#website\",\"url\":\"https:\\\/\\\/medicinasinc.com\\\/ro\\\/\",\"name\":\"Medicinas Inc\",\"description\":\"Health Medical Clinic\",\"potentialAction\":[{\"@type\":\"SearchAction\",\"target\":{\"@type\":\"EntryPoint\",\"urlTemplate\":\"https:\\\/\\\/medicinasinc.com\\\/ro\\\/?s={search_term_string}\"},\"query-input\":{\"@type\":\"PropertyValueSpecification\",\"valueRequired\":true,\"valueName\":\"search_term_string\"}}],\"inLanguage\":\"en-US\"}]}<\/script>\n<!-- \/ Yoast SEO plugin. -->","yoast_head_json":{"title":"Cump\u0103ra\u021bi Blueberry Nuken Shatter \u2013 Top Shelf - Cele mai bune cele mai bune medicamente globale","description":"Cump\u0103ra\u021bi Blueberry Nuken Shatter Marea Britanie, Europa online de la dispensarul online nr. 1 din Canada, cel mai bun dispensar de canabis online global Weed.","robots":{"index":"index","follow":"follow","max-snippet":"max-snippet:-1","max-image-preview":"max-image-preview:large","max-video-preview":"max-video-preview:-1"},"canonical":"https:\/\/medicinasinc.com\/ro\/product\/cumpara-afine-nuken-sfarfuire-top-raft\/","og_locale":"en_US","og_type":"article","og_title":"Cump\u0103ra\u021bi Blueberry Nuken Shatter \u2013 Top Shelf - Cele mai bune cele mai bune medicamente globale","og_description":"Cump\u0103ra\u021bi Blueberry Nuken Shatter Marea Britanie, Europa online de la dispensarul online nr. 1 din Canada, cel mai bun dispensar de canabis online global Weed.","og_url":"https:\/\/medicinasinc.com\/ro\/product\/cumpara-afine-nuken-sfarfuire-top-raft\/","og_site_name":"Medicinas Inc","article_modified_time":"2022-03-22T01:13:14+00:00","og_image":[{"width":600,"height":600,"url":"https:\/\/medicinasinc.com\/ro\/wp-content\/uploads\/sites\/11\/2022\/02\/Buy-Blueberry-Nuken-Shatter.jpg","type":"image\/jpeg"}],"twitter_card":"summary_large_image","twitter_misc":{"Est. reading time":"1 minute"},"schema":{"@context":"https:\/\/schema.org","@graph":[{"@type":"WebPage","@id":"https:\/\/medicinasinc.com\/ro\/product\/cumpara-afine-nuken-sfarfuire-top-raft\/","url":"https:\/\/medicinasinc.com\/ro\/product\/cumpara-afine-nuken-sfarfuire-top-raft\/","name":"Cump\u0103ra\u021bi Blueberry Nuken Shatter \u2013 Top Shelf - Cele mai bune cele mai bune medicamente globale","isPartOf":{"@id":"https:\/\/medicinasinc.com\/ro\/#website"},"primaryImageOfPage":{"@id":"https:\/\/medicinasinc.com\/ro\/product\/cumpara-afine-nuken-sfarfuire-top-raft\/#primaryimage"},"image":{"@id":"https:\/\/medicinasinc.com\/ro\/product\/cumpara-afine-nuken-sfarfuire-top-raft\/#primaryimage"},"thumbnailUrl":"https:\/\/medicinasinc.com\/ro\/wp-content\/uploads\/sites\/11\/2022\/02\/Buy-Blueberry-Nuken-Shatter.jpg","datePublished":"2022-02-20T17:08:15+00:00","dateModified":"2022-03-22T01:13:14+00:00","description":"Cump\u0103ra\u021bi Blueberry Nuken Shatter Marea Britanie, Europa online de la dispensarul online nr. 1 din Canada, cel mai bun dispensar de canabis online global Weed.","breadcrumb":{"@id":"https:\/\/medicinasinc.com\/ro\/product\/cumpara-afine-nuken-sfarfuire-top-raft\/#breadcrumb"},"inLanguage":"en-US","potentialAction":[{"@type":"ReadAction","target":["https:\/\/medicinasinc.com\/ro\/product\/cumpara-afine-nuken-sfarfuire-top-raft\/"]}]},{"@type":"ImageObject","inLanguage":"en-US","@id":"https:\/\/medicinasinc.com\/ro\/product\/cumpara-afine-nuken-sfarfuire-top-raft\/#primaryimage","url":"https:\/\/medicinasinc.com\/ro\/wp-content\/uploads\/sites\/11\/2022\/02\/Buy-Blueberry-Nuken-Shatter.jpg","contentUrl":"https:\/\/medicinasinc.com\/ro\/wp-content\/uploads\/sites\/11\/2022\/02\/Buy-Blueberry-Nuken-Shatter.jpg","width":600,"height":600},{"@type":"BreadcrumbList","@id":"https:\/\/medicinasinc.com\/ro\/product\/cumpara-afine-nuken-sfarfuire-top-raft\/#breadcrumb","itemListElement":[{"@type":"ListItem","position":1,"name":"Magazin","item":"https:\/\/medicinasinc.com\/ro\/magazin\/"},{"@type":"ListItem","position":2,"name":"Cump\u0103ra\u021bi Blueberry Nuken Shatter \u2013 Top Shelf"}]},{"@type":"WebSite","@id":"https:\/\/medicinasinc.com\/ro\/#website","url":"https:\/\/medicinasinc.com\/ro\/","name":"Medicinas Inc","description":"Health Medical Clinic","potentialAction":[{"@type":"SearchAction","target":{"@type":"EntryPoint","urlTemplate":"https:\/\/medicinasinc.com\/ro\/?s={search_term_string}"},"query-input":{"@type":"PropertyValueSpecification","valueRequired":true,"valueName":"search_term_string"}}],"inLanguage":"en-US"}]}},"_links":{"self":[{"href":"https:\/\/medicinasinc.com\/ro\/wp-json\/wp\/v2\/product\/4871","targetHints":{"allow":["GET"]}}],"collection":[{"href":"https:\/\/medicinasinc.com\/ro\/wp-json\/wp\/v2\/product"}],"about":[{"href":"https:\/\/medicinasinc.com\/ro\/wp-json\/wp\/v2\/types\/product"}],"replies":[{"embeddable":true,"href":"https:\/\/medicinasinc.com\/ro\/wp-json\/wp\/v2\/comments?post=4871"}],"wp:featuredmedia":[{"embeddable":true,"href":"https:\/\/medicinasinc.com\/ro\/wp-json\/wp\/v2\/media\/4885"}],"wp:attachment":[{"href":"https:\/\/medicinasinc.com\/ro\/wp-json\/wp\/v2\/media?parent=4871"}],"wp:term":[{"taxonomy":"product_brand","embeddable":true,"href":"https:\/\/medicinasinc.com\/ro\/wp-json\/wp\/v2\/product_brand?post=4871"},{"taxonomy":"product_cat","embeddable":true,"href":"https:\/\/medicinasinc.com\/ro\/wp-json\/wp\/v2\/product_cat?post=4871"},{"taxonomy":"product_tag","embeddable":true,"href":"https:\/\/medicinasinc.com\/ro\/wp-json\/wp\/v2\/product_tag?post=4871"}],"curies":[{"name":"wp","href":"https:\/\/api.w.org\/{rel}","templated":true}]}}