{"id":4861,"date":"2022-02-20T17:01:48","date_gmt":"2022-02-20T17:01:48","guid":{"rendered":"https:\/\/medicinasinc.com\/ro\/?post_type=product&#038;p=4861"},"modified":"2022-03-22T01:13:23","modified_gmt":"2022-03-22T01:13:23","slug":"buy-lsd-100mcg-blotters","status":"publish","type":"product","link":"https:\/\/medicinasinc.com\/ro\/product\/buy-lsd-100mcg-blotters\/","title":{"rendered":"Cump\u0103ra\u021bi BLOTTERS LSD 100 mcg"},"content":{"rendered":"<p>Blotterele cu LSD 100mcg pot fi achizi\u021bionate online.<\/p>\n<p>BLOTERELE LSD 100mcg pot fi achizi\u021bionate online. De asemenea, vindem file LSD. Pentru informa\u021bii suplimentare despre LSD, v\u0103 rug\u0103m s\u0103 vizita\u021bi aceast\u0103 pagin\u0103.<\/p>\n<p>Achizi\u021bionarea online a h\u00e2rtiei cu sare\/butan LSD (dietilamid\u0103 a acidului lisergic)<\/p>\n<p>&nbsp;<\/p>\n<p>LSD (Lisergic) Acid Diethylamide), abreviat LSD sau LSD-25, este un medicament psihedelic semisintetic din familia ergolinelor, bine cunoscut pentru efectele sale psihologice.<br \/> Pute\u021bi cump\u0103ra online h\u00e2rtie bucher LSD (Lisergic Acid Diethylamide) ieftin (la pre\u021b mic). )<br \/> Produse chimice \u0219i amp; Pulberi pentru cercetare<br \/> Marc\u0103 nepropriet\u0103<br \/> Acid, s\u0103ruri de baie, blotter, h\u00e2rtie blotter, substan\u021be chimice, hit-uri, LSD, LSD-25, acid lisergic, dietilamid\u0103 a acidului lisergic, h\u00e2rtie, substan\u021be chimice de cercetare \u0219i h\u00e2rtie blotter, acid lisergic, acid lisergic dietilamid\u0103, sare, foaie<\/p>\n","protected":false},"excerpt":{"rendered":"<div class=\"woocommerce-product-details__short-description\">\n<p>Blotterele LSD 100mcg pot fi achizi\u021bionate online. Cump\u0103ra\u021bi LSD 100mcg pudr\u0103 BLOTTERS la pre\u021b redus | De unde s\u0103 cump\u0103ra\u021bi LSD 100 mcg pudr\u0103 BLOTTERS online. Achizi\u021bie online de BLOTTERS de dietilamid\u0103 cu acid lisergic &#8211; V\u00e2nzare BLOTTERS LSD<\/p>\n<p>Comercian\u021bii cu am\u0103nuntul online v\u00e2nd h\u00e2rtie LSD (dietilamid\u0103 acid\u0103 lisergic\u0103) sare\/h\u00e2rtie blotter.<br \/> Pre\u021bul produsului este urm\u0103torul: pe coal\u0103 (h\u00e2rtie bucher)<\/p>\n<\/p><\/div>\n","protected":false},"featured_media":4876,"comment_status":"open","ping_status":"closed","template":"","meta":[],"product_brand":[],"product_cat":[703],"product_tag":[745,746,750,774,748,757,749,751,752,753,754,756,755,776,775,763,758,759,760,762,765,766,767,768,761,770,769,771,772,773,764,747],"class_list":{"0":"post-4861","1":"product","2":"type-product","3":"status-publish","4":"has-post-thumbnail","6":"product_cat-cumpr-medicamente-psihedelice","7":"product_tag-1p-lsd-buy-usa","8":"product_tag-1p-lsd-blotter-100-mcg","9":"product_tag-blotter-acid-de-vanzare","10":"product_tag-acid-lisergic-dietilamid-nume-strzi","11":"product_tag-art-sheets-edible","12":"product_tag-lsd-andra-sa-c2-b6kte-a-c2-a4ven-efter","13":"product_tag-blotter","14":"product_tag-buy-1-p-lsd","15":"product_tag-buy-lsd-blotter-sheets","16":"product_tag-buy-lsd-blotters-legal-highs-online","17":"product_tag-buy-lysergic-acid-diethylamide-blotter-list","18":"product_tag-cum-folosii-o-lsd-blotter-tab","19":"product_tag-cum-poi-ti-dac-blotter-ul-lsd-tau-este-real-sau-unul-din-familia-2c","20":"product_tag-de-ce-lsd-blotter-filele-au-desele-pe-ele","21":"product_tag-de-unde-pot-cumpara-hartie-blotter","22":"product_tag-lsd-blotter-sheets","23":"product_tag-lsd-blotter-art-de-vanzare","24":"product_tag-lsd-blotter-cost","25":"product_tag-lsd-blotter-hofmann","26":"product_tag-lsd-blotter-sheet","27":"product_tag-lsd-blotter-site","28":"product_tag-lsd-blotter-storage","29":"product_tag-lsd-blotter-tab-size","30":"product_tag-lsd-blotters-doza","31":"product_tag-lsd-blotter-hartie-acid","32":"product_tag-lsd-de-cumprare","33":"product_tag-lsd-tabs-buy","34":"product_tag-lysergic-acid-diethylamide-blotterazzi","35":"product_tag-lysergic-acid-diethylamide-blottery","36":"product_tag-lysergic-acid-diethylamide-for-sale","37":"product_tag-lsd-blotter-shop","38":"product_tag-sunt-lsd","40":"first","41":"instock","42":"shipping-taxable","43":"purchasable","44":"product-type-variable","45":"has-default-attributes"},"yoast_head":"<!-- This site is optimized with the Yoast SEO plugin v27.3 - https:\/\/yoast.com\/product\/yoast-seo-wordpress\/ -->\n<title>Cump\u0103ra\u021bi BLOTTERS LSD 100 mcg - Cele mai bune medicamente globale<\/title>\n<meta name=\"description\" content=\"Cump\u0103ra\u021bi blotters LSD 100 mcg \u00een Europa Regatul Unit pentru v\u00e2nzare 1-Propionyl-LSD (alias 1P-LSD blotters) la un pre\u021b avantajos. Face\u021bi clic pe site pentru a comanda ast\u0103zi!\" \/>\n<meta name=\"robots\" content=\"index, follow, max-snippet:-1, max-image-preview:large, max-video-preview:-1\" \/>\n<link rel=\"canonical\" href=\"https:\/\/medicinasinc.com\/ro\/product\/buy-lsd-100mcg-blotters\/\" \/>\n<meta property=\"og:locale\" content=\"en_US\" \/>\n<meta property=\"og:type\" content=\"article\" \/>\n<meta property=\"og:title\" content=\"Cump\u0103ra\u021bi BLOTTERS LSD 100 mcg - Cele mai bune medicamente globale\" \/>\n<meta property=\"og:description\" content=\"Cump\u0103ra\u021bi blotters LSD 100 mcg \u00een Europa Regatul Unit pentru v\u00e2nzare 1-Propionyl-LSD (alias 1P-LSD blotters) la un pre\u021b avantajos. Face\u021bi clic pe site pentru a comanda ast\u0103zi!\" \/>\n<meta property=\"og:url\" content=\"https:\/\/medicinasinc.com\/ro\/product\/buy-lsd-100mcg-blotters\/\" \/>\n<meta property=\"og:site_name\" content=\"Medicinas Inc\" \/>\n<meta property=\"article:modified_time\" content=\"2022-03-22T01:13:23+00:00\" \/>\n<meta property=\"og:image\" content=\"https:\/\/medicinasinc.com\/ro\/wp-content\/uploads\/sites\/11\/2022\/02\/Buy-LSD-100mcg-blotters-1.jpg\" \/>\n\t<meta property=\"og:image:width\" content=\"960\" \/>\n\t<meta property=\"og:image:height\" content=\"720\" \/>\n\t<meta property=\"og:image:type\" content=\"image\/jpeg\" \/>\n<meta name=\"twitter:card\" content=\"summary_large_image\" \/>\n<meta name=\"twitter:label1\" content=\"Est. reading time\" \/>\n\t<meta name=\"twitter:data1\" content=\"1 minute\" \/>\n<script type=\"application\/ld+json\" class=\"yoast-schema-graph\">{\"@context\":\"https:\\\/\\\/schema.org\",\"@graph\":[{\"@type\":\"WebPage\",\"@id\":\"https:\\\/\\\/medicinasinc.com\\\/ro\\\/product\\\/buy-lsd-100mcg-blotters\\\/\",\"url\":\"https:\\\/\\\/medicinasinc.com\\\/ro\\\/product\\\/buy-lsd-100mcg-blotters\\\/\",\"name\":\"Cump\u0103ra\u021bi BLOTTERS LSD 100 mcg - Cele mai bune medicamente globale\",\"isPartOf\":{\"@id\":\"https:\\\/\\\/medicinasinc.com\\\/ro\\\/#website\"},\"primaryImageOfPage\":{\"@id\":\"https:\\\/\\\/medicinasinc.com\\\/ro\\\/product\\\/buy-lsd-100mcg-blotters\\\/#primaryimage\"},\"image\":{\"@id\":\"https:\\\/\\\/medicinasinc.com\\\/ro\\\/product\\\/buy-lsd-100mcg-blotters\\\/#primaryimage\"},\"thumbnailUrl\":\"https:\\\/\\\/medicinasinc.com\\\/ro\\\/wp-content\\\/uploads\\\/sites\\\/11\\\/2022\\\/02\\\/Buy-LSD-100mcg-blotters-1.jpg\",\"datePublished\":\"2022-02-20T17:01:48+00:00\",\"dateModified\":\"2022-03-22T01:13:23+00:00\",\"description\":\"Cump\u0103ra\u021bi blotters LSD 100 mcg \u00een Europa Regatul Unit pentru v\u00e2nzare 1-Propionyl-LSD (alias 1P-LSD blotters) la un pre\u021b avantajos. Face\u021bi clic pe site pentru a comanda ast\u0103zi!\",\"breadcrumb\":{\"@id\":\"https:\\\/\\\/medicinasinc.com\\\/ro\\\/product\\\/buy-lsd-100mcg-blotters\\\/#breadcrumb\"},\"inLanguage\":\"en-US\",\"potentialAction\":[{\"@type\":\"ReadAction\",\"target\":[\"https:\\\/\\\/medicinasinc.com\\\/ro\\\/product\\\/buy-lsd-100mcg-blotters\\\/\"]}]},{\"@type\":\"ImageObject\",\"inLanguage\":\"en-US\",\"@id\":\"https:\\\/\\\/medicinasinc.com\\\/ro\\\/product\\\/buy-lsd-100mcg-blotters\\\/#primaryimage\",\"url\":\"https:\\\/\\\/medicinasinc.com\\\/ro\\\/wp-content\\\/uploads\\\/sites\\\/11\\\/2022\\\/02\\\/Buy-LSD-100mcg-blotters-1.jpg\",\"contentUrl\":\"https:\\\/\\\/medicinasinc.com\\\/ro\\\/wp-content\\\/uploads\\\/sites\\\/11\\\/2022\\\/02\\\/Buy-LSD-100mcg-blotters-1.jpg\",\"width\":960,\"height\":720},{\"@type\":\"BreadcrumbList\",\"@id\":\"https:\\\/\\\/medicinasinc.com\\\/ro\\\/product\\\/buy-lsd-100mcg-blotters\\\/#breadcrumb\",\"itemListElement\":[{\"@type\":\"ListItem\",\"position\":1,\"name\":\"Magazin\",\"item\":\"https:\\\/\\\/medicinasinc.com\\\/ro\\\/magazin\\\/\"},{\"@type\":\"ListItem\",\"position\":2,\"name\":\"Cump\u0103ra\u021bi BLOTTERS LSD 100 mcg\"}]},{\"@type\":\"WebSite\",\"@id\":\"https:\\\/\\\/medicinasinc.com\\\/ro\\\/#website\",\"url\":\"https:\\\/\\\/medicinasinc.com\\\/ro\\\/\",\"name\":\"Medicinas Inc\",\"description\":\"Health Medical Clinic\",\"potentialAction\":[{\"@type\":\"SearchAction\",\"target\":{\"@type\":\"EntryPoint\",\"urlTemplate\":\"https:\\\/\\\/medicinasinc.com\\\/ro\\\/?s={search_term_string}\"},\"query-input\":{\"@type\":\"PropertyValueSpecification\",\"valueRequired\":true,\"valueName\":\"search_term_string\"}}],\"inLanguage\":\"en-US\"}]}<\/script>\n<!-- \/ Yoast SEO plugin. -->","yoast_head_json":{"title":"Cump\u0103ra\u021bi BLOTTERS LSD 100 mcg - Cele mai bune medicamente globale","description":"Cump\u0103ra\u021bi blotters LSD 100 mcg \u00een Europa Regatul Unit pentru v\u00e2nzare 1-Propionyl-LSD (alias 1P-LSD blotters) la un pre\u021b avantajos. Face\u021bi clic pe site pentru a comanda ast\u0103zi!","robots":{"index":"index","follow":"follow","max-snippet":"max-snippet:-1","max-image-preview":"max-image-preview:large","max-video-preview":"max-video-preview:-1"},"canonical":"https:\/\/medicinasinc.com\/ro\/product\/buy-lsd-100mcg-blotters\/","og_locale":"en_US","og_type":"article","og_title":"Cump\u0103ra\u021bi BLOTTERS LSD 100 mcg - Cele mai bune medicamente globale","og_description":"Cump\u0103ra\u021bi blotters LSD 100 mcg \u00een Europa Regatul Unit pentru v\u00e2nzare 1-Propionyl-LSD (alias 1P-LSD blotters) la un pre\u021b avantajos. Face\u021bi clic pe site pentru a comanda ast\u0103zi!","og_url":"https:\/\/medicinasinc.com\/ro\/product\/buy-lsd-100mcg-blotters\/","og_site_name":"Medicinas Inc","article_modified_time":"2022-03-22T01:13:23+00:00","og_image":[{"width":960,"height":720,"url":"https:\/\/medicinasinc.com\/ro\/wp-content\/uploads\/sites\/11\/2022\/02\/Buy-LSD-100mcg-blotters-1.jpg","type":"image\/jpeg"}],"twitter_card":"summary_large_image","twitter_misc":{"Est. reading time":"1 minute"},"schema":{"@context":"https:\/\/schema.org","@graph":[{"@type":"WebPage","@id":"https:\/\/medicinasinc.com\/ro\/product\/buy-lsd-100mcg-blotters\/","url":"https:\/\/medicinasinc.com\/ro\/product\/buy-lsd-100mcg-blotters\/","name":"Cump\u0103ra\u021bi BLOTTERS LSD 100 mcg - Cele mai bune medicamente globale","isPartOf":{"@id":"https:\/\/medicinasinc.com\/ro\/#website"},"primaryImageOfPage":{"@id":"https:\/\/medicinasinc.com\/ro\/product\/buy-lsd-100mcg-blotters\/#primaryimage"},"image":{"@id":"https:\/\/medicinasinc.com\/ro\/product\/buy-lsd-100mcg-blotters\/#primaryimage"},"thumbnailUrl":"https:\/\/medicinasinc.com\/ro\/wp-content\/uploads\/sites\/11\/2022\/02\/Buy-LSD-100mcg-blotters-1.jpg","datePublished":"2022-02-20T17:01:48+00:00","dateModified":"2022-03-22T01:13:23+00:00","description":"Cump\u0103ra\u021bi blotters LSD 100 mcg \u00een Europa Regatul Unit pentru v\u00e2nzare 1-Propionyl-LSD (alias 1P-LSD blotters) la un pre\u021b avantajos. Face\u021bi clic pe site pentru a comanda ast\u0103zi!","breadcrumb":{"@id":"https:\/\/medicinasinc.com\/ro\/product\/buy-lsd-100mcg-blotters\/#breadcrumb"},"inLanguage":"en-US","potentialAction":[{"@type":"ReadAction","target":["https:\/\/medicinasinc.com\/ro\/product\/buy-lsd-100mcg-blotters\/"]}]},{"@type":"ImageObject","inLanguage":"en-US","@id":"https:\/\/medicinasinc.com\/ro\/product\/buy-lsd-100mcg-blotters\/#primaryimage","url":"https:\/\/medicinasinc.com\/ro\/wp-content\/uploads\/sites\/11\/2022\/02\/Buy-LSD-100mcg-blotters-1.jpg","contentUrl":"https:\/\/medicinasinc.com\/ro\/wp-content\/uploads\/sites\/11\/2022\/02\/Buy-LSD-100mcg-blotters-1.jpg","width":960,"height":720},{"@type":"BreadcrumbList","@id":"https:\/\/medicinasinc.com\/ro\/product\/buy-lsd-100mcg-blotters\/#breadcrumb","itemListElement":[{"@type":"ListItem","position":1,"name":"Magazin","item":"https:\/\/medicinasinc.com\/ro\/magazin\/"},{"@type":"ListItem","position":2,"name":"Cump\u0103ra\u021bi BLOTTERS LSD 100 mcg"}]},{"@type":"WebSite","@id":"https:\/\/medicinasinc.com\/ro\/#website","url":"https:\/\/medicinasinc.com\/ro\/","name":"Medicinas Inc","description":"Health Medical Clinic","potentialAction":[{"@type":"SearchAction","target":{"@type":"EntryPoint","urlTemplate":"https:\/\/medicinasinc.com\/ro\/?s={search_term_string}"},"query-input":{"@type":"PropertyValueSpecification","valueRequired":true,"valueName":"search_term_string"}}],"inLanguage":"en-US"}]}},"_links":{"self":[{"href":"https:\/\/medicinasinc.com\/ro\/wp-json\/wp\/v2\/product\/4861","targetHints":{"allow":["GET"]}}],"collection":[{"href":"https:\/\/medicinasinc.com\/ro\/wp-json\/wp\/v2\/product"}],"about":[{"href":"https:\/\/medicinasinc.com\/ro\/wp-json\/wp\/v2\/types\/product"}],"replies":[{"embeddable":true,"href":"https:\/\/medicinasinc.com\/ro\/wp-json\/wp\/v2\/comments?post=4861"}],"wp:featuredmedia":[{"embeddable":true,"href":"https:\/\/medicinasinc.com\/ro\/wp-json\/wp\/v2\/media\/4876"}],"wp:attachment":[{"href":"https:\/\/medicinasinc.com\/ro\/wp-json\/wp\/v2\/media?parent=4861"}],"wp:term":[{"taxonomy":"product_brand","embeddable":true,"href":"https:\/\/medicinasinc.com\/ro\/wp-json\/wp\/v2\/product_brand?post=4861"},{"taxonomy":"product_cat","embeddable":true,"href":"https:\/\/medicinasinc.com\/ro\/wp-json\/wp\/v2\/product_cat?post=4861"},{"taxonomy":"product_tag","embeddable":true,"href":"https:\/\/medicinasinc.com\/ro\/wp-json\/wp\/v2\/product_tag?post=4861"}],"curies":[{"name":"wp","href":"https:\/\/api.w.org\/{rel}","templated":true}]}}