{"id":4859,"date":"2022-02-20T17:00:55","date_gmt":"2022-02-20T17:00:55","guid":{"rendered":"https:\/\/medicinasinc.com\/ro\/?post_type=product&#038;p=4859"},"modified":"2022-03-22T01:13:31","modified_gmt":"2022-03-22T01:13:31","slug":"cumpara-calitatea-al-lad-blotters","status":"publish","type":"product","link":"https:\/\/medicinasinc.com\/ro\/product\/cumpara-calitatea-al-lad-blotters\/","title":{"rendered":"Cump\u0103ra\u021bi blotter-uri de calitate AL-LAD"},"content":{"rendered":"<p>Cump\u0103ra\u021bi online blotter-uri AL-LAD ieftine. 150 mcg AL-LAD blotters.<\/p>\n<p>Ce este exact AL-LAD?<\/p>\n<p>6-allyl-6-nor-<\/p>\n<p>AL-LAD, denumit mai frecvent ca LSD, este un medicament psihedelic cu propriet\u0103\u021bi similare LSD-ului (dietilamida acidului lisergic). A fost sintetizat pentru prima dat\u0103 \u00een 1976 \u0219i de atunci a devenit un medicament popular pe pia\u021b\u0103 pentru \u201esubstan\u021be chimice de cercetare\u201d \u0219i \u201enoi substan\u021be psihoactive\u201d. AL-LAD produce o \u201ec\u0103l\u0103torie\u201d psihoactiv\u0103 care este foarte asem\u0103n\u0103toare cu cea a LSD-ului.<\/p>\n<p>AL-LAD a fost folosit pentru prima dat\u0103 \u00een scopuri recrea\u021bionale \u00een Irlanda \u0219i Regatul Unit. A fost prezentat \u00een cartea lui Alexander Shulgin din 1997 TIHKAL (Tryptamines I Have Known And Loved). Drept urmare, popularitatea medicamentului s-a r\u0103sp\u00e2ndit la nivel global. Acum, oameni din \u00eentreaga lume, inclusiv Statele Unite, experimenteaz\u0103 cu drogul.<\/p>\n<p>Statutul legal al AL-LAD este oarecum ambiguu. Nu este clasificat\u0103 ca substan\u021b\u0103 controlat\u0103 conform legii federale din Statele Unite. Cu toate acestea, este un analog al LSD-ului, ceea ce \u00eenseamn\u0103 c\u0103 v\u00e2nz\u0103rile sau de\u021binerea cu inten\u021bia de a distribui pot duce la urm\u0103rire penal\u0103 \u00een temeiul Legii federale analogice.<\/p>\n<p>C\u0103l\u0103toriile AL-LAD seam\u0103n\u0103 cu c\u0103l\u0103toriile cu LSD \u00een majoritatea modurilor. Medicamentul se administreaz\u0103 pe cale oral\u0103, frecvent prin h\u00e2rtii bulante. Ca urmare, efectele \u00eencep s\u0103 se manifeste la dou\u0103zeci de minute p\u00e2n\u0103 la o or\u0103 dup\u0103 consum. Utilizatorii se vor confrunta cu urm\u0103toarele:<\/p>\n<p>Stimulare sau cre\u0219terea energiei<br \/> Euforie<br \/> furnic\u0103turi sau amor\u021beal\u0103 la nivelul extremit\u0103\u021bilor<br \/> Sensibilizare<br \/> Dezorientare vizual\u0103<br \/> Halucina\u021bii<\/p>\n<p>Printre posibilele efecte adverse ale utiliz\u0103rii AL-LAD se num\u0103r\u0103 urm\u0103toarele:<br \/> Dificultate de concentrare sau de g\u00e2ndire<br \/> Frecven\u021ba cardiac\u0103 crescut\u0103<br \/> Fluctua\u021biile de temperatur\u0103 \u00een organism<br \/> Grea\u021b\u0103<br \/> Iluzii<br \/> Bucle de g\u00e2ndire negativ\u0103<br \/> Constric\u021bia vaselor (str\u00e2ngerea vaselor de s\u00e2nge)<br \/> Convulsii<\/p>\n<p>LSD este una dintre substan\u021bele psihedelice cel mai amplu cercetate. \u00cen ciuda etichetei \u201emedicament de cercetare\u201d, foarte pu\u021bine cercet\u0103ri \u0219tiin\u021bifice reale au fost efectuate asupra AL-LAD. Aceasta \u00eenseamn\u0103 c\u0103 lista consecin\u021belor imediate poate s\u0103 nu fie exhaustiv\u0103. \u00cen plus, exist\u0103 pu\u021bine cercet\u0103ri asupra efectelor pe termen lung ale medicamentului.<\/p>\n<p>Abuzul prelungit de halucinogen poate avea o varietate de consecin\u021be negative. HPPD este o afec\u021biune \u00een care o persoan\u0103 experimenteaz\u0103 flashback-uri spontane de distorsiuni vizuale sau halucina\u021bii. Aceast\u0103 tulburare cronic\u0103 a fost observat\u0103 la indivizi care au folosit o varietate de substan\u021be halucinogene, inclusiv LSD, ciuperci \u0219i DMT.<\/p>\n","protected":false},"excerpt":{"rendered":"<p>Cump\u0103ra\u021bi blotters AL-LAD ieftin de v\u00e2nzare \u00een Marea Britanie, Europa online. 6-alil-6-nor-LSD este o lisergamid\u0103 psihedelic\u0103 cunoscut\u0103 \u0219i sub numele de AL LAD (dietilamid\u0103 a acidului lisergic). 150 mcg AL-LAD blotters.<\/p>\n<p>Comanda minim\u0103 este de 15 blotters.<\/p>\n","protected":false},"featured_media":4874,"comment_status":"open","ping_status":"closed","template":"","meta":[],"product_brand":[],"product_cat":[703],"product_tag":[],"class_list":{"0":"post-4859","1":"product","2":"type-product","3":"status-publish","4":"has-post-thumbnail","6":"product_cat-cumpr-medicamente-psihedelice","8":"first","9":"instock","10":"shipping-taxable","11":"purchasable","12":"product-type-variable","13":"has-default-attributes"},"yoast_head":"<!-- This site is optimized with the Yoast SEO plugin v27.3 - https:\/\/yoast.com\/product\/yoast-seo-wordpress\/ -->\n<title>Cump\u0103ra\u021bi blotters AL-LAD de calitate - Cele mai bune medicamente globale<\/title>\n<meta name=\"description\" content=\"Cump\u0103ra\u021bi blotters AL-LAD ieftin de v\u00e2nzare Marea Britanie, Europa Online. 6-alil-6-nor-LSD este o lisergamid\u0103 psihedelic\u0103 cunoscut\u0103 \u0219i sub numele de AL LAD (dietilamid\u0103 a acidului lisergic). blotter AL-LAD de 150 mcg.\" \/>\n<meta name=\"robots\" content=\"index, follow, max-snippet:-1, max-image-preview:large, max-video-preview:-1\" \/>\n<link rel=\"canonical\" href=\"https:\/\/medicinasinc.com\/ro\/product\/cumpara-calitatea-al-lad-blotters\/\" \/>\n<meta property=\"og:locale\" content=\"en_US\" \/>\n<meta property=\"og:type\" content=\"article\" \/>\n<meta property=\"og:title\" content=\"Cump\u0103ra\u021bi blotters AL-LAD de calitate - Cele mai bune medicamente globale\" \/>\n<meta property=\"og:description\" content=\"Cump\u0103ra\u021bi blotters AL-LAD ieftin de v\u00e2nzare Marea Britanie, Europa Online. 6-alil-6-nor-LSD este o lisergamid\u0103 psihedelic\u0103 cunoscut\u0103 \u0219i sub numele de AL LAD (dietilamid\u0103 a acidului lisergic). blotter AL-LAD de 150 mcg.\" \/>\n<meta property=\"og:url\" content=\"https:\/\/medicinasinc.com\/ro\/product\/cumpara-calitatea-al-lad-blotters\/\" \/>\n<meta property=\"og:site_name\" content=\"Medicinas Inc\" \/>\n<meta property=\"article:modified_time\" content=\"2022-03-22T01:13:31+00:00\" \/>\n<meta property=\"og:image\" content=\"https:\/\/medicinasinc.com\/ro\/wp-content\/uploads\/sites\/11\/2022\/02\/Buy-Quality-AL-LAD-blotters.jpg\" \/>\n\t<meta property=\"og:image:width\" content=\"225\" \/>\n\t<meta property=\"og:image:height\" content=\"225\" \/>\n\t<meta property=\"og:image:type\" content=\"image\/jpeg\" \/>\n<meta name=\"twitter:card\" content=\"summary_large_image\" \/>\n<meta name=\"twitter:label1\" content=\"Est. reading time\" \/>\n\t<meta name=\"twitter:data1\" content=\"2 minutes\" \/>\n<script type=\"application\/ld+json\" class=\"yoast-schema-graph\">{\"@context\":\"https:\\\/\\\/schema.org\",\"@graph\":[{\"@type\":\"WebPage\",\"@id\":\"https:\\\/\\\/medicinasinc.com\\\/ro\\\/product\\\/cumpara-calitatea-al-lad-blotters\\\/\",\"url\":\"https:\\\/\\\/medicinasinc.com\\\/ro\\\/product\\\/cumpara-calitatea-al-lad-blotters\\\/\",\"name\":\"Cump\u0103ra\u021bi blotters AL-LAD de calitate - Cele mai bune medicamente globale\",\"isPartOf\":{\"@id\":\"https:\\\/\\\/medicinasinc.com\\\/ro\\\/#website\"},\"primaryImageOfPage\":{\"@id\":\"https:\\\/\\\/medicinasinc.com\\\/ro\\\/product\\\/cumpara-calitatea-al-lad-blotters\\\/#primaryimage\"},\"image\":{\"@id\":\"https:\\\/\\\/medicinasinc.com\\\/ro\\\/product\\\/cumpara-calitatea-al-lad-blotters\\\/#primaryimage\"},\"thumbnailUrl\":\"https:\\\/\\\/medicinasinc.com\\\/ro\\\/wp-content\\\/uploads\\\/sites\\\/11\\\/2022\\\/02\\\/Buy-Quality-AL-LAD-blotters.jpg\",\"datePublished\":\"2022-02-20T17:00:55+00:00\",\"dateModified\":\"2022-03-22T01:13:31+00:00\",\"description\":\"Cump\u0103ra\u021bi blotters AL-LAD ieftin de v\u00e2nzare Marea Britanie, Europa Online. 6-alil-6-nor-LSD este o lisergamid\u0103 psihedelic\u0103 cunoscut\u0103 \u0219i sub numele de AL LAD (dietilamid\u0103 a acidului lisergic). blotter AL-LAD de 150 mcg.\",\"breadcrumb\":{\"@id\":\"https:\\\/\\\/medicinasinc.com\\\/ro\\\/product\\\/cumpara-calitatea-al-lad-blotters\\\/#breadcrumb\"},\"inLanguage\":\"en-US\",\"potentialAction\":[{\"@type\":\"ReadAction\",\"target\":[\"https:\\\/\\\/medicinasinc.com\\\/ro\\\/product\\\/cumpara-calitatea-al-lad-blotters\\\/\"]}]},{\"@type\":\"ImageObject\",\"inLanguage\":\"en-US\",\"@id\":\"https:\\\/\\\/medicinasinc.com\\\/ro\\\/product\\\/cumpara-calitatea-al-lad-blotters\\\/#primaryimage\",\"url\":\"https:\\\/\\\/medicinasinc.com\\\/ro\\\/wp-content\\\/uploads\\\/sites\\\/11\\\/2022\\\/02\\\/Buy-Quality-AL-LAD-blotters.jpg\",\"contentUrl\":\"https:\\\/\\\/medicinasinc.com\\\/ro\\\/wp-content\\\/uploads\\\/sites\\\/11\\\/2022\\\/02\\\/Buy-Quality-AL-LAD-blotters.jpg\",\"width\":225,\"height\":225},{\"@type\":\"BreadcrumbList\",\"@id\":\"https:\\\/\\\/medicinasinc.com\\\/ro\\\/product\\\/cumpara-calitatea-al-lad-blotters\\\/#breadcrumb\",\"itemListElement\":[{\"@type\":\"ListItem\",\"position\":1,\"name\":\"Magazin\",\"item\":\"https:\\\/\\\/medicinasinc.com\\\/ro\\\/magazin\\\/\"},{\"@type\":\"ListItem\",\"position\":2,\"name\":\"Cump\u0103ra\u021bi blotter-uri de calitate AL-LAD\"}]},{\"@type\":\"WebSite\",\"@id\":\"https:\\\/\\\/medicinasinc.com\\\/ro\\\/#website\",\"url\":\"https:\\\/\\\/medicinasinc.com\\\/ro\\\/\",\"name\":\"Medicinas Inc\",\"description\":\"Health Medical Clinic\",\"potentialAction\":[{\"@type\":\"SearchAction\",\"target\":{\"@type\":\"EntryPoint\",\"urlTemplate\":\"https:\\\/\\\/medicinasinc.com\\\/ro\\\/?s={search_term_string}\"},\"query-input\":{\"@type\":\"PropertyValueSpecification\",\"valueRequired\":true,\"valueName\":\"search_term_string\"}}],\"inLanguage\":\"en-US\"}]}<\/script>\n<!-- \/ Yoast SEO plugin. -->","yoast_head_json":{"title":"Cump\u0103ra\u021bi blotters AL-LAD de calitate - Cele mai bune medicamente globale","description":"Cump\u0103ra\u021bi blotters AL-LAD ieftin de v\u00e2nzare Marea Britanie, Europa Online. 6-alil-6-nor-LSD este o lisergamid\u0103 psihedelic\u0103 cunoscut\u0103 \u0219i sub numele de AL LAD (dietilamid\u0103 a acidului lisergic). blotter AL-LAD de 150 mcg.","robots":{"index":"index","follow":"follow","max-snippet":"max-snippet:-1","max-image-preview":"max-image-preview:large","max-video-preview":"max-video-preview:-1"},"canonical":"https:\/\/medicinasinc.com\/ro\/product\/cumpara-calitatea-al-lad-blotters\/","og_locale":"en_US","og_type":"article","og_title":"Cump\u0103ra\u021bi blotters AL-LAD de calitate - Cele mai bune medicamente globale","og_description":"Cump\u0103ra\u021bi blotters AL-LAD ieftin de v\u00e2nzare Marea Britanie, Europa Online. 6-alil-6-nor-LSD este o lisergamid\u0103 psihedelic\u0103 cunoscut\u0103 \u0219i sub numele de AL LAD (dietilamid\u0103 a acidului lisergic). blotter AL-LAD de 150 mcg.","og_url":"https:\/\/medicinasinc.com\/ro\/product\/cumpara-calitatea-al-lad-blotters\/","og_site_name":"Medicinas Inc","article_modified_time":"2022-03-22T01:13:31+00:00","og_image":[{"width":225,"height":225,"url":"https:\/\/medicinasinc.com\/ro\/wp-content\/uploads\/sites\/11\/2022\/02\/Buy-Quality-AL-LAD-blotters.jpg","type":"image\/jpeg"}],"twitter_card":"summary_large_image","twitter_misc":{"Est. reading time":"2 minutes"},"schema":{"@context":"https:\/\/schema.org","@graph":[{"@type":"WebPage","@id":"https:\/\/medicinasinc.com\/ro\/product\/cumpara-calitatea-al-lad-blotters\/","url":"https:\/\/medicinasinc.com\/ro\/product\/cumpara-calitatea-al-lad-blotters\/","name":"Cump\u0103ra\u021bi blotters AL-LAD de calitate - Cele mai bune medicamente globale","isPartOf":{"@id":"https:\/\/medicinasinc.com\/ro\/#website"},"primaryImageOfPage":{"@id":"https:\/\/medicinasinc.com\/ro\/product\/cumpara-calitatea-al-lad-blotters\/#primaryimage"},"image":{"@id":"https:\/\/medicinasinc.com\/ro\/product\/cumpara-calitatea-al-lad-blotters\/#primaryimage"},"thumbnailUrl":"https:\/\/medicinasinc.com\/ro\/wp-content\/uploads\/sites\/11\/2022\/02\/Buy-Quality-AL-LAD-blotters.jpg","datePublished":"2022-02-20T17:00:55+00:00","dateModified":"2022-03-22T01:13:31+00:00","description":"Cump\u0103ra\u021bi blotters AL-LAD ieftin de v\u00e2nzare Marea Britanie, Europa Online. 6-alil-6-nor-LSD este o lisergamid\u0103 psihedelic\u0103 cunoscut\u0103 \u0219i sub numele de AL LAD (dietilamid\u0103 a acidului lisergic). blotter AL-LAD de 150 mcg.","breadcrumb":{"@id":"https:\/\/medicinasinc.com\/ro\/product\/cumpara-calitatea-al-lad-blotters\/#breadcrumb"},"inLanguage":"en-US","potentialAction":[{"@type":"ReadAction","target":["https:\/\/medicinasinc.com\/ro\/product\/cumpara-calitatea-al-lad-blotters\/"]}]},{"@type":"ImageObject","inLanguage":"en-US","@id":"https:\/\/medicinasinc.com\/ro\/product\/cumpara-calitatea-al-lad-blotters\/#primaryimage","url":"https:\/\/medicinasinc.com\/ro\/wp-content\/uploads\/sites\/11\/2022\/02\/Buy-Quality-AL-LAD-blotters.jpg","contentUrl":"https:\/\/medicinasinc.com\/ro\/wp-content\/uploads\/sites\/11\/2022\/02\/Buy-Quality-AL-LAD-blotters.jpg","width":225,"height":225},{"@type":"BreadcrumbList","@id":"https:\/\/medicinasinc.com\/ro\/product\/cumpara-calitatea-al-lad-blotters\/#breadcrumb","itemListElement":[{"@type":"ListItem","position":1,"name":"Magazin","item":"https:\/\/medicinasinc.com\/ro\/magazin\/"},{"@type":"ListItem","position":2,"name":"Cump\u0103ra\u021bi blotter-uri de calitate AL-LAD"}]},{"@type":"WebSite","@id":"https:\/\/medicinasinc.com\/ro\/#website","url":"https:\/\/medicinasinc.com\/ro\/","name":"Medicinas Inc","description":"Health Medical Clinic","potentialAction":[{"@type":"SearchAction","target":{"@type":"EntryPoint","urlTemplate":"https:\/\/medicinasinc.com\/ro\/?s={search_term_string}"},"query-input":{"@type":"PropertyValueSpecification","valueRequired":true,"valueName":"search_term_string"}}],"inLanguage":"en-US"}]}},"_links":{"self":[{"href":"https:\/\/medicinasinc.com\/ro\/wp-json\/wp\/v2\/product\/4859","targetHints":{"allow":["GET"]}}],"collection":[{"href":"https:\/\/medicinasinc.com\/ro\/wp-json\/wp\/v2\/product"}],"about":[{"href":"https:\/\/medicinasinc.com\/ro\/wp-json\/wp\/v2\/types\/product"}],"replies":[{"embeddable":true,"href":"https:\/\/medicinasinc.com\/ro\/wp-json\/wp\/v2\/comments?post=4859"}],"wp:featuredmedia":[{"embeddable":true,"href":"https:\/\/medicinasinc.com\/ro\/wp-json\/wp\/v2\/media\/4874"}],"wp:attachment":[{"href":"https:\/\/medicinasinc.com\/ro\/wp-json\/wp\/v2\/media?parent=4859"}],"wp:term":[{"taxonomy":"product_brand","embeddable":true,"href":"https:\/\/medicinasinc.com\/ro\/wp-json\/wp\/v2\/product_brand?post=4859"},{"taxonomy":"product_cat","embeddable":true,"href":"https:\/\/medicinasinc.com\/ro\/wp-json\/wp\/v2\/product_cat?post=4859"},{"taxonomy":"product_tag","embeddable":true,"href":"https:\/\/medicinasinc.com\/ro\/wp-json\/wp\/v2\/product_tag?post=4859"}],"curies":[{"name":"wp","href":"https:\/\/api.w.org\/{rel}","templated":true}]}}