{"id":4854,"date":"2022-02-20T16:56:44","date_gmt":"2022-02-20T16:56:44","guid":{"rendered":"https:\/\/medicinasinc.com\/ro\/?post_type=product&#038;p=4854"},"modified":"2022-03-22T01:13:39","modified_gmt":"2022-03-22T01:13:39","slug":"cumpara-lsd-lichid-200ug-picatura","status":"publish","type":"product","link":"https:\/\/medicinasinc.com\/ro\/product\/cumpara-lsd-lichid-200ug-picatura\/","title":{"rendered":"Cump\u0103ra\u021bi LSD lichid 200ug Drop"},"content":{"rendered":"<p>Cump\u0103ra\u021bi LSD lichid 200ug &amp; pierzi online la un pre\u021b redus.<\/p>\n<p>Ce este LSD lichid?<\/p>\n<p>LSD, sau dietilamida acidului lisergic, este o substan\u021b\u0103 halucinogen\u0103 derivat\u0103 dintr-o substan\u021b\u0103 chimic\u0103 g\u0103sit\u0103 \u00een ciuperca secar\u0103. Este cel mai bine cunoscut pentru utilizarea sa \u00een contracultura anilor 1960, iar interzicerea sa ulterioar\u0103 ia c\u00e2\u0219tigat o reputa\u021bie predominant negativ\u0103.<\/p>\n<p>Albert Hofmann, un om de \u0219tiin\u021b\u0103 elve\u021bian, a sintetizat LSD \u00een 1938 \u00een laboratorul s\u0103u din Zurich. \u00cen 1943, c\u00e2nd o mic\u0103 cantitate a intrat \u00een contact cu pielea lui, el a descoperit \u00een mod nea\u0219teptat propriet\u0103\u021bile halucinogene ale acesteia.<\/p>\n<p>Achizi\u021biona\u021bi LSD LSD-ul este un halucinogen extrem de puternic, cu implica\u021bii terapeutice, spirituale \u0219i culturale enorme.<\/p>\n<p>Achizi\u021biona\u021bi LSD lichid 200 ug &amp; pierzi online la un pre\u021b redus \u2013 Farmacologie<\/p>\n<p>Atunci c\u00e2nd este ingerat, LSD-ul ac\u021bioneaz\u0103 ca un activator al receptorului 5-HT (serotonin\u0103), \u00een timp ce cre\u0219te semnificativ nivelurile de serotonine din creier prin inhibarea sistemelor de reglare a serotoninei. Cump\u0103ra\u021bi LSD lichid 200ug &amp; drop online la un pre\u021b redus. 200ug LSD lichid pre\u021b LSD LSD prefer\u0103 subtipul 2A al celor 15 receptori ai serotoninei g\u0103si\u021bi \u00een creier (5-HT2A). Receptorul 5-HT2A este implicat \u00een procesele cognitive ale cortexului prefrontal. Acest lucru este esen\u021bial, deoarece multe dintre beneficiile LSD-ului sunt derivate din implicarea sa \u00een cortexul prefrontal.<\/p>\n<p>Cum este sintetizat LSD-ul?<\/p>\n<p>Produc\u021bia de LSD necesit\u0103 cuno\u0219tin\u021be solide de chimie organic\u0103, un laborator complet echipat (inclusiv capacitatea de a steriliza echipamentul \u0219i accesul la o camer\u0103 \u00eentunecat\u0103) \u0219i mai multe substan\u021be chimice care sunt fie interzise de v\u00e2nzare, fie sunt supuse monitoriz\u0103rii stricte de c\u0103tre Drug Enforcement Agency (DEA). Spre deosebire de substan\u021bele chimice folosite pentru a produce metamfetamina, acestea nu se g\u0103sesc \u00een articolele de uz casnic utilizate \u00een mod obi\u0219nuit.<\/p>\n<p>Se crede c\u0103 cortexul prefrontal este implicat \u00een planificarea comportamentului cognitiv complex, exprimarea personalit\u0103\u021bii, luarea deciziilor \u0219i moderarea comportamentului social. . Cump\u0103ra\u021bi LSD lichid 200ug &amp; drop online la un pre\u021b redus. \u00cen plus, este esen\u021bial pentru capacitatea unui om de a procesa date din toate celelalte sisteme ale creierului \u0219i de a lua decizii direc\u021bionate ca rezultat.<\/p>\n<p>Dietilamida acidului lisergic, denumit\u0103 mai frecvent LSD, este o substan\u021b\u0103 psihoactiv\u0103 care altereaz\u0103 percep\u021bia \u0219i provoac\u0103 halucina\u021bii.<\/p>\n","protected":false},"excerpt":{"rendered":"<p>LSD Liquid 200ug drop de v\u00e2nzare \u00een Marea Britanie, Europa la cel mai bun pre\u021b de pe pia\u021b\u0103. Toate produsele noastre sunt realizate cu ingrediente naturale, f\u0103r\u0103 THC. Face\u021bi comanda online acum!<\/p>\n<p>Cump\u0103ra\u021bi lichid lsd 200ug &amp; drop online la un pre\u021b redus. Achizi\u021bionarea LSD este un proces simplu; este u\u0219or disponibil online \u00een Statele Unite ale Americii.<\/p>\n<p>200ug cost &#8211; 350<\/p>\n<p>&nbsp;<\/p>\n<p>&nbsp;<\/p>\n","protected":false},"featured_media":4868,"comment_status":"open","ping_status":"closed","template":"","meta":[],"product_brand":[],"product_cat":[703],"product_tag":[],"class_list":{"0":"post-4854","1":"product","2":"type-product","3":"status-publish","4":"has-post-thumbnail","6":"product_cat-cumpr-medicamente-psihedelice","8":"first","9":"instock","10":"shipping-taxable","11":"purchasable","12":"product-type-simple"},"yoast_head":"<!-- This site is optimized with the Yoast SEO plugin v27.3 - https:\/\/yoast.com\/product\/yoast-seo-wordpress\/ -->\n<title>Cump\u0103ra\u021bi LSD lichid 200ug Drop - Cele mai bune medicamente globale<\/title>\n<meta name=\"description\" content=\"Cump\u0103ra\u021bi pic\u0103tur\u0103 LSD Liquid 200ug \u00een Marea Britanie, Europa pentru v\u00e2nzare la cel mai bun pre\u021b de pia\u021b\u0103. Toate produsele noastre sunt realizate cu ingrediente naturale pure, f\u0103r\u0103 THC. Comanda online acum!\" \/>\n<meta name=\"robots\" content=\"index, follow, max-snippet:-1, max-image-preview:large, max-video-preview:-1\" \/>\n<link rel=\"canonical\" href=\"https:\/\/medicinasinc.com\/ro\/product\/cumpara-lsd-lichid-200ug-picatura\/\" \/>\n<meta property=\"og:locale\" content=\"en_US\" \/>\n<meta property=\"og:type\" content=\"article\" \/>\n<meta property=\"og:title\" content=\"Cump\u0103ra\u021bi LSD lichid 200ug Drop - Cele mai bune medicamente globale\" \/>\n<meta property=\"og:description\" content=\"Cump\u0103ra\u021bi pic\u0103tur\u0103 LSD Liquid 200ug \u00een Marea Britanie, Europa pentru v\u00e2nzare la cel mai bun pre\u021b de pia\u021b\u0103. Toate produsele noastre sunt realizate cu ingrediente naturale pure, f\u0103r\u0103 THC. Comanda online acum!\" \/>\n<meta property=\"og:url\" content=\"https:\/\/medicinasinc.com\/ro\/product\/cumpara-lsd-lichid-200ug-picatura\/\" \/>\n<meta property=\"og:site_name\" content=\"Medicinas Inc\" \/>\n<meta property=\"article:modified_time\" content=\"2022-03-22T01:13:39+00:00\" \/>\n<meta property=\"og:image\" content=\"https:\/\/medicinasinc.com\/ro\/wp-content\/uploads\/sites\/11\/2022\/02\/Buy-LSD-liquid-200ug-Drop.jpg\" \/>\n\t<meta property=\"og:image:width\" content=\"363\" \/>\n\t<meta property=\"og:image:height\" content=\"445\" \/>\n\t<meta property=\"og:image:type\" content=\"image\/jpeg\" \/>\n<meta name=\"twitter:card\" content=\"summary_large_image\" \/>\n<meta name=\"twitter:label1\" content=\"Est. reading time\" \/>\n\t<meta name=\"twitter:data1\" content=\"2 minutes\" \/>\n<script type=\"application\/ld+json\" class=\"yoast-schema-graph\">{\"@context\":\"https:\\\/\\\/schema.org\",\"@graph\":[{\"@type\":\"WebPage\",\"@id\":\"https:\\\/\\\/medicinasinc.com\\\/ro\\\/product\\\/cumpara-lsd-lichid-200ug-picatura\\\/\",\"url\":\"https:\\\/\\\/medicinasinc.com\\\/ro\\\/product\\\/cumpara-lsd-lichid-200ug-picatura\\\/\",\"name\":\"Cump\u0103ra\u021bi LSD lichid 200ug Drop - Cele mai bune medicamente globale\",\"isPartOf\":{\"@id\":\"https:\\\/\\\/medicinasinc.com\\\/ro\\\/#website\"},\"primaryImageOfPage\":{\"@id\":\"https:\\\/\\\/medicinasinc.com\\\/ro\\\/product\\\/cumpara-lsd-lichid-200ug-picatura\\\/#primaryimage\"},\"image\":{\"@id\":\"https:\\\/\\\/medicinasinc.com\\\/ro\\\/product\\\/cumpara-lsd-lichid-200ug-picatura\\\/#primaryimage\"},\"thumbnailUrl\":\"https:\\\/\\\/medicinasinc.com\\\/ro\\\/wp-content\\\/uploads\\\/sites\\\/11\\\/2022\\\/02\\\/Buy-LSD-liquid-200ug-Drop.jpg\",\"datePublished\":\"2022-02-20T16:56:44+00:00\",\"dateModified\":\"2022-03-22T01:13:39+00:00\",\"description\":\"Cump\u0103ra\u021bi pic\u0103tur\u0103 LSD Liquid 200ug \u00een Marea Britanie, Europa pentru v\u00e2nzare la cel mai bun pre\u021b de pia\u021b\u0103. Toate produsele noastre sunt realizate cu ingrediente naturale pure, f\u0103r\u0103 THC. Comanda online acum!\",\"breadcrumb\":{\"@id\":\"https:\\\/\\\/medicinasinc.com\\\/ro\\\/product\\\/cumpara-lsd-lichid-200ug-picatura\\\/#breadcrumb\"},\"inLanguage\":\"en-US\",\"potentialAction\":[{\"@type\":\"ReadAction\",\"target\":[\"https:\\\/\\\/medicinasinc.com\\\/ro\\\/product\\\/cumpara-lsd-lichid-200ug-picatura\\\/\"]}]},{\"@type\":\"ImageObject\",\"inLanguage\":\"en-US\",\"@id\":\"https:\\\/\\\/medicinasinc.com\\\/ro\\\/product\\\/cumpara-lsd-lichid-200ug-picatura\\\/#primaryimage\",\"url\":\"https:\\\/\\\/medicinasinc.com\\\/ro\\\/wp-content\\\/uploads\\\/sites\\\/11\\\/2022\\\/02\\\/Buy-LSD-liquid-200ug-Drop.jpg\",\"contentUrl\":\"https:\\\/\\\/medicinasinc.com\\\/ro\\\/wp-content\\\/uploads\\\/sites\\\/11\\\/2022\\\/02\\\/Buy-LSD-liquid-200ug-Drop.jpg\",\"width\":363,\"height\":445},{\"@type\":\"BreadcrumbList\",\"@id\":\"https:\\\/\\\/medicinasinc.com\\\/ro\\\/product\\\/cumpara-lsd-lichid-200ug-picatura\\\/#breadcrumb\",\"itemListElement\":[{\"@type\":\"ListItem\",\"position\":1,\"name\":\"Magazin\",\"item\":\"https:\\\/\\\/medicinasinc.com\\\/ro\\\/magazin\\\/\"},{\"@type\":\"ListItem\",\"position\":2,\"name\":\"Cump\u0103ra\u021bi LSD lichid 200ug Drop\"}]},{\"@type\":\"WebSite\",\"@id\":\"https:\\\/\\\/medicinasinc.com\\\/ro\\\/#website\",\"url\":\"https:\\\/\\\/medicinasinc.com\\\/ro\\\/\",\"name\":\"Medicinas Inc\",\"description\":\"Health Medical Clinic\",\"potentialAction\":[{\"@type\":\"SearchAction\",\"target\":{\"@type\":\"EntryPoint\",\"urlTemplate\":\"https:\\\/\\\/medicinasinc.com\\\/ro\\\/?s={search_term_string}\"},\"query-input\":{\"@type\":\"PropertyValueSpecification\",\"valueRequired\":true,\"valueName\":\"search_term_string\"}}],\"inLanguage\":\"en-US\"}]}<\/script>\n<!-- \/ Yoast SEO plugin. -->","yoast_head_json":{"title":"Cump\u0103ra\u021bi LSD lichid 200ug Drop - Cele mai bune medicamente globale","description":"Cump\u0103ra\u021bi pic\u0103tur\u0103 LSD Liquid 200ug \u00een Marea Britanie, Europa pentru v\u00e2nzare la cel mai bun pre\u021b de pia\u021b\u0103. Toate produsele noastre sunt realizate cu ingrediente naturale pure, f\u0103r\u0103 THC. Comanda online acum!","robots":{"index":"index","follow":"follow","max-snippet":"max-snippet:-1","max-image-preview":"max-image-preview:large","max-video-preview":"max-video-preview:-1"},"canonical":"https:\/\/medicinasinc.com\/ro\/product\/cumpara-lsd-lichid-200ug-picatura\/","og_locale":"en_US","og_type":"article","og_title":"Cump\u0103ra\u021bi LSD lichid 200ug Drop - Cele mai bune medicamente globale","og_description":"Cump\u0103ra\u021bi pic\u0103tur\u0103 LSD Liquid 200ug \u00een Marea Britanie, Europa pentru v\u00e2nzare la cel mai bun pre\u021b de pia\u021b\u0103. Toate produsele noastre sunt realizate cu ingrediente naturale pure, f\u0103r\u0103 THC. Comanda online acum!","og_url":"https:\/\/medicinasinc.com\/ro\/product\/cumpara-lsd-lichid-200ug-picatura\/","og_site_name":"Medicinas Inc","article_modified_time":"2022-03-22T01:13:39+00:00","og_image":[{"width":363,"height":445,"url":"https:\/\/medicinasinc.com\/ro\/wp-content\/uploads\/sites\/11\/2022\/02\/Buy-LSD-liquid-200ug-Drop.jpg","type":"image\/jpeg"}],"twitter_card":"summary_large_image","twitter_misc":{"Est. reading time":"2 minutes"},"schema":{"@context":"https:\/\/schema.org","@graph":[{"@type":"WebPage","@id":"https:\/\/medicinasinc.com\/ro\/product\/cumpara-lsd-lichid-200ug-picatura\/","url":"https:\/\/medicinasinc.com\/ro\/product\/cumpara-lsd-lichid-200ug-picatura\/","name":"Cump\u0103ra\u021bi LSD lichid 200ug Drop - Cele mai bune medicamente globale","isPartOf":{"@id":"https:\/\/medicinasinc.com\/ro\/#website"},"primaryImageOfPage":{"@id":"https:\/\/medicinasinc.com\/ro\/product\/cumpara-lsd-lichid-200ug-picatura\/#primaryimage"},"image":{"@id":"https:\/\/medicinasinc.com\/ro\/product\/cumpara-lsd-lichid-200ug-picatura\/#primaryimage"},"thumbnailUrl":"https:\/\/medicinasinc.com\/ro\/wp-content\/uploads\/sites\/11\/2022\/02\/Buy-LSD-liquid-200ug-Drop.jpg","datePublished":"2022-02-20T16:56:44+00:00","dateModified":"2022-03-22T01:13:39+00:00","description":"Cump\u0103ra\u021bi pic\u0103tur\u0103 LSD Liquid 200ug \u00een Marea Britanie, Europa pentru v\u00e2nzare la cel mai bun pre\u021b de pia\u021b\u0103. Toate produsele noastre sunt realizate cu ingrediente naturale pure, f\u0103r\u0103 THC. Comanda online acum!","breadcrumb":{"@id":"https:\/\/medicinasinc.com\/ro\/product\/cumpara-lsd-lichid-200ug-picatura\/#breadcrumb"},"inLanguage":"en-US","potentialAction":[{"@type":"ReadAction","target":["https:\/\/medicinasinc.com\/ro\/product\/cumpara-lsd-lichid-200ug-picatura\/"]}]},{"@type":"ImageObject","inLanguage":"en-US","@id":"https:\/\/medicinasinc.com\/ro\/product\/cumpara-lsd-lichid-200ug-picatura\/#primaryimage","url":"https:\/\/medicinasinc.com\/ro\/wp-content\/uploads\/sites\/11\/2022\/02\/Buy-LSD-liquid-200ug-Drop.jpg","contentUrl":"https:\/\/medicinasinc.com\/ro\/wp-content\/uploads\/sites\/11\/2022\/02\/Buy-LSD-liquid-200ug-Drop.jpg","width":363,"height":445},{"@type":"BreadcrumbList","@id":"https:\/\/medicinasinc.com\/ro\/product\/cumpara-lsd-lichid-200ug-picatura\/#breadcrumb","itemListElement":[{"@type":"ListItem","position":1,"name":"Magazin","item":"https:\/\/medicinasinc.com\/ro\/magazin\/"},{"@type":"ListItem","position":2,"name":"Cump\u0103ra\u021bi LSD lichid 200ug Drop"}]},{"@type":"WebSite","@id":"https:\/\/medicinasinc.com\/ro\/#website","url":"https:\/\/medicinasinc.com\/ro\/","name":"Medicinas Inc","description":"Health Medical Clinic","potentialAction":[{"@type":"SearchAction","target":{"@type":"EntryPoint","urlTemplate":"https:\/\/medicinasinc.com\/ro\/?s={search_term_string}"},"query-input":{"@type":"PropertyValueSpecification","valueRequired":true,"valueName":"search_term_string"}}],"inLanguage":"en-US"}]}},"_links":{"self":[{"href":"https:\/\/medicinasinc.com\/ro\/wp-json\/wp\/v2\/product\/4854","targetHints":{"allow":["GET"]}}],"collection":[{"href":"https:\/\/medicinasinc.com\/ro\/wp-json\/wp\/v2\/product"}],"about":[{"href":"https:\/\/medicinasinc.com\/ro\/wp-json\/wp\/v2\/types\/product"}],"replies":[{"embeddable":true,"href":"https:\/\/medicinasinc.com\/ro\/wp-json\/wp\/v2\/comments?post=4854"}],"wp:featuredmedia":[{"embeddable":true,"href":"https:\/\/medicinasinc.com\/ro\/wp-json\/wp\/v2\/media\/4868"}],"wp:attachment":[{"href":"https:\/\/medicinasinc.com\/ro\/wp-json\/wp\/v2\/media?parent=4854"}],"wp:term":[{"taxonomy":"product_brand","embeddable":true,"href":"https:\/\/medicinasinc.com\/ro\/wp-json\/wp\/v2\/product_brand?post=4854"},{"taxonomy":"product_cat","embeddable":true,"href":"https:\/\/medicinasinc.com\/ro\/wp-json\/wp\/v2\/product_cat?post=4854"},{"taxonomy":"product_tag","embeddable":true,"href":"https:\/\/medicinasinc.com\/ro\/wp-json\/wp\/v2\/product_tag?post=4854"}],"curies":[{"name":"wp","href":"https:\/\/api.w.org\/{rel}","templated":true}]}}