{"id":4849,"date":"2022-02-20T16:51:26","date_gmt":"2022-02-20T16:51:26","guid":{"rendered":"https:\/\/medicinasinc.com\/ro\/?post_type=product&#038;p=4849"},"modified":"2022-03-22T01:13:51","modified_gmt":"2022-03-22T01:13:51","slug":"cumpara-ibogaina-pudra","status":"publish","type":"product","link":"https:\/\/medicinasinc.com\/ro\/product\/cumpara-ibogaina-pudra\/","title":{"rendered":"Cump\u0103ra\u021bi pudr\u0103 de ibogain\u0103"},"content":{"rendered":"<p>Clorhidratul de ibogain\u0103<\/p>\n<p>HCL de ibogain\u0103 este o substan\u021b\u0103 psihoactiv\u0103 natural\u0103 g\u0103sit\u0103 \u00een plantele apar\u021bin\u00e2nd familiei Apocynaceae, inclusiv Tabernanthe iboga, Voacanga africana \u0219i Tabernaemontana undulata.<\/p>\n<p>Este un psihedelic disociativ. Cercet\u0103rile preliminare indic\u0103 faptul c\u0103 poate fi benefic\u0103 \u00een tratamentul dependen\u021bei de droguri. Ibogaina este disponibil\u0103 pentru cump\u0103rare. Ibogaina HCL poate fi achizi\u021bionat\u0103 online. Pudr\u0103 clorhidrat de ibogain\u0103. Ibogaina poate fi achizi\u021bionat\u0103 online.<\/p>\n<p>\u00cen plus, din 2016, exist\u0103 numeroase forme de ibogain\u0103 disponibile, de la pudra de r\u0103d\u0103cin\u0103, care con\u021bine cantit\u0103\u021bi extrem de urme de ibogain\u0103 \u0219i are un efect foarte mic atunci c\u00e2nd este utilizat\u0103 pentru a atenua opioidele. simptome de sevraj, la ibogain\u0103 HCL foarte purificat\u0103, 99,7% pur\u0103. Ibogaina HCL de v\u00e2nzare online<\/p>\n<p>Clorhidrat de ibogain\u0103 de v\u00e2nzare<\/p>\n<p>Pentru \u00eenceput, folosim 99,7% pur\u0103 ibogain\u0103 HCL de calitate farmaceutic\u0103 la centrul de tratament cu ibogain\u0103 al Meds Consulting. Nu folosim ibogain\u0103 semisintetic\u0103 ieftin\u0103 derivat\u0103 din Voacanga africana \u0219i nici extracte de TA (alcaloid total) sau PTA (alcaloid total purificat). Ibogaina poate fi achizi\u021bionat\u0103 online.<\/p>\n<p>Materiile noastre prime sunt originare din Camerun (nu din Gabon), prin intermediul unei cooperative de fermieri care cultiv\u0103 iboga TA pentru uzul nostru \u00eenc\u0103 de la mijlocul anilor 1990, utiliz\u00e2nd o agricultur\u0103 ecologic\u0103 \u0219i durabil\u0103. practici. Nu folosim materiale de pe pie\u021bele negre sau gri care sunt necunoscute ca origine sau puritate. Ibogaina HCL poate fi achizi\u021bionat\u0103 online.<\/p>\n<p>Clorhidratul nostru de ibogain\u0103 a fost fabricat \u00eentr-un laborator compatibil cu cGMP, care respect\u0103 toate ghidurile USFDA. Meds Consulting utilizeaz\u0103 cel mai pur HCL de ibogain\u0103 disponibil atunci c\u00e2nd utilizeaz\u0103 chimia produsului natural; materialele noastre sunt certificate cu o puritate de 99,7% prin testul HPLC.<\/p>\n<p>Propriet\u0103\u021bile psihoactive ale ibogainei<\/p>\n<p>Pentru \u00eenceput, propriet\u0103\u021bile psihoactive ale ibogainei produc o experien\u021b\u0103 spiritual\u0103 \u00eembun\u0103t\u0103\u021bit\u0103. Pacientul ob\u021bine o perspectiv\u0103 profund\u0103, care \u00eei ofer\u0103 claritate despre via\u021ba lor \u0219i \u00eei motiveaz\u0103 s\u0103 fac\u0103 schimb\u0103ri psihologice \u0219i s\u0103 tr\u0103iasc\u0103 vie\u021bi f\u0103r\u0103 droguri. Ibogaina este disponibil\u0103 pentru cump\u0103rare.<\/p>\n<p>Ibogaina are un poten\u021bial semnificativ pentru tratarea dependen\u021bei de droguri grele, cum ar fi heroina, metadona, cocaina, crackul \u0219i alcoolul, conform studiilor. \u00cen plus, exist\u0103 dovezi c\u0103 este benefic \u00een tratamentul dependen\u021bei de tutun. Ibogaina poate fi achizi\u021bionat\u0103 online.<\/p>\n<p>\u00cen plus, ibogaina ofer\u0103 oportunit\u0103\u021bi pentru psihoterapie \u0219i profesor spiritual. \u00cen plus, ibogaina poate fi folosit\u0103 \u00een psihoterapie pentru a trata efectele traumei sau condi\u021bion\u0103rii. Ibogaina este disponibil\u0103 pentru cump\u0103rare.<\/p>\n<p>Este terapia eficient\u0103 \u0219i sigur\u0103?<\/p>\n<p>Persoanele fizice caut\u0103 ocazional ibogaina de v\u00e2nzare \u00een speran\u021ba c\u0103 vor urma o terapie cu ibogain\u0103 pentru dependen\u021ba de opiacee. Cu toate acestea, ca \u0219i \u00een cazul oric\u0103rui tratament, terapia cu ibogain\u0103 nu garanteaz\u0103 succesul. Cea mai bun\u0103 pulbere clorhidrat de ibogain\u0103<\/p>\n<p>\u00cen plus, terapia cu ibogain\u0103 HCL poate fi utilizat\u0103 pentru a ajuta o persoan\u0103 s\u0103 dep\u0103\u0219easc\u0103 dependen\u021ba de opiacee. Ibogaina este disponibil\u0103 pentru cump\u0103rare.<\/p>\n<p>\u00cen plus, ibogaina ajut\u0103 la resetarea nivelurilor chimice din creier, dar creierul devine fizic dependent de ibogain\u0103 relativ repede. Astfel, dac\u0103 o persoan\u0103 consum\u0103 o cantitate excesiv\u0103 de ibogain\u0103 deodat\u0103, el sau ea poate suferi o supradoz\u0103 fatal\u0103. Ibogaina poate fi achizi\u021bionat\u0103 online.<\/p>\n<p>Nu toat\u0103 ibogaina este creat\u0103 la fel. Materialele diverse pot avea efecte semnificativ diferite. Ibogaina noastr\u0103 este identic\u0103 cu cea utilizat\u0103 \u00een toate monografiile publicate \u00een reviste revizuite de colegi p\u00e2n\u0103 \u00een prezent, demonstr\u00e2nd capacitatea presupus\u0103 a ibogainei de a atenua simptomele de sevraj asociate cu tulbur\u0103rile de abuz de polisubstan\u021be. Ibogaina poate fi achizi\u021bionat\u0103 online.<\/p>\n<p>Oferim cel mai sigur \u0219i mai eficient program de detoxifiere cu ibogain\u0103 din lume, folosind cel mai pur clorhidrat de ibogain\u0103 disponibil pe planet\u0103. Pudr\u0103 clorhidrat de ibogain\u0103.<\/p>\n","protected":false},"excerpt":{"rendered":"<div class=\"woocommerce-product-details__short-description\">\n<p>Cump\u0103ra\u021bi pudr\u0103 de ibogain\u0103 din Africa \u00een Marea Britanie, Europa de v\u00e2nzare de pe cel mai bun site web, ibogain\u0103 de v\u00e2nzare online. Ob\u021bine\u021bi scoar\u021b\u0103 de r\u0103d\u0103cin\u0103 de ibogain\u0103, ibogain\u0103 hcl, ibogaine TA, ibogain\u0103 capsule \u0219i voacanga la ob\u021bine ibogain\u0103.<\/p>\n<p>Ibogaine HCL (clorhidrat) este izolat din extractul nostru de ibogaine TA \u0219i este pur\u0103 de ~95-99% ibogain\u0103 HCL.<\/p>\n<\/p><\/div>\n","protected":false},"featured_media":4862,"comment_status":"open","ping_status":"closed","template":"","meta":[],"product_brand":[],"product_cat":[703],"product_tag":[730,731,732,742,726,727,729,728,733,734,737,738,741,725,735,743,736,739,740,744],"class_list":{"0":"post-4849","1":"product","2":"type-product","3":"status-publish","4":"has-post-thumbnail","6":"product_cat-cumpr-medicamente-psihedelice","7":"product_tag-buy-iboga-root-bark-online","8":"product_tag-buy-ibogaine","9":"product_tag-buy-ibogaine-online","10":"product_tag-comanda-iboga-online","11":"product_tag-buy-iboga","12":"product_tag-buy-iboga-root-back","13":"product_tag-buy-iboga-root-scoarta-chips-uri","14":"product_tag-cumpara-iboga-radacina-scoarta","15":"product_tag-eboka","16":"product_tag-iboga-de-vanzare","17":"product_tag-iboga-root-bark-chips-for-sale","18":"product_tag-iboga-root-bark-for-for-sale","19":"product_tag-ibogain-de-vnzare","20":"product_tag-lemn-sacru","21":"product_tag-iboga-pulbere","22":"product_tag-pudr-pur-iboga-de-vnzare","23":"product_tag-iboga-root-back-de-vanzare","24":"product_tag-scoar-de-rdcin-iboga-de-vnzare","25":"product_tag-iboga-root-bark-de-vanzare-online","26":"product_tag-tabernanthe-iboga","28":"first","29":"instock","30":"shipping-taxable","31":"purchasable","32":"product-type-variable","33":"has-default-attributes"},"yoast_head":"<!-- This site is optimized with the Yoast SEO plugin v27.3 - https:\/\/yoast.com\/product\/yoast-seo-wordpress\/ -->\n<title>Cump\u0103ra\u021bi pudr\u0103 de ibogain\u0103 - Iboga de v\u00e2nzare - Cele mai bune medicamente globale<\/title>\n<meta name=\"description\" content=\"Cump\u0103ra\u021bi pudr\u0103 de ibogain\u0103 din Africa \u00een Marea Britanie, Europa de v\u00e2nzare de pe cel mai bun site web, ibogain\u0103 de v\u00e2nzare online. Ob\u021bine\u021bi scoar\u021b\u0103 de r\u0103d\u0103cin\u0103 de Iboga, Ibogaine hcl, Iboga TA, Ibogaine capsule \u0219i voacanga la ob\u021bine ibogain\u0103.\" \/>\n<meta name=\"robots\" content=\"index, follow, max-snippet:-1, max-image-preview:large, max-video-preview:-1\" \/>\n<link rel=\"canonical\" href=\"https:\/\/medicinasinc.com\/ro\/product\/cumpara-ibogaina-pudra\/\" \/>\n<meta property=\"og:locale\" content=\"en_US\" \/>\n<meta property=\"og:type\" content=\"article\" \/>\n<meta property=\"og:title\" content=\"Cump\u0103ra\u021bi pudr\u0103 de ibogain\u0103 - Iboga de v\u00e2nzare - Cele mai bune medicamente globale\" \/>\n<meta property=\"og:description\" content=\"Cump\u0103ra\u021bi pudr\u0103 de ibogain\u0103 din Africa \u00een Marea Britanie, Europa de v\u00e2nzare de pe cel mai bun site web, ibogain\u0103 de v\u00e2nzare online. Ob\u021bine\u021bi scoar\u021b\u0103 de r\u0103d\u0103cin\u0103 de Iboga, Ibogaine hcl, Iboga TA, Ibogaine capsule \u0219i voacanga la ob\u021bine ibogain\u0103.\" \/>\n<meta property=\"og:url\" content=\"https:\/\/medicinasinc.com\/ro\/product\/cumpara-ibogaina-pudra\/\" \/>\n<meta property=\"og:site_name\" content=\"Medicinas Inc\" \/>\n<meta property=\"article:modified_time\" content=\"2022-03-22T01:13:51+00:00\" \/>\n<meta property=\"og:image\" content=\"https:\/\/medicinasinc.com\/ro\/wp-content\/uploads\/sites\/11\/2022\/02\/Buy-Ibogaine-Powder.webp\" \/>\n\t<meta property=\"og:image:width\" content=\"400\" \/>\n\t<meta property=\"og:image:height\" content=\"533\" \/>\n\t<meta property=\"og:image:type\" content=\"image\/webp\" \/>\n<meta name=\"twitter:card\" content=\"summary_large_image\" \/>\n<meta name=\"twitter:label1\" content=\"Est. reading time\" \/>\n\t<meta name=\"twitter:data1\" content=\"3 minutes\" \/>\n<script type=\"application\/ld+json\" class=\"yoast-schema-graph\">{\"@context\":\"https:\\\/\\\/schema.org\",\"@graph\":[{\"@type\":\"WebPage\",\"@id\":\"https:\\\/\\\/medicinasinc.com\\\/ro\\\/product\\\/cumpara-ibogaina-pudra\\\/\",\"url\":\"https:\\\/\\\/medicinasinc.com\\\/ro\\\/product\\\/cumpara-ibogaina-pudra\\\/\",\"name\":\"Cump\u0103ra\u021bi pudr\u0103 de ibogain\u0103 - Iboga de v\u00e2nzare - Cele mai bune medicamente globale\",\"isPartOf\":{\"@id\":\"https:\\\/\\\/medicinasinc.com\\\/ro\\\/#website\"},\"primaryImageOfPage\":{\"@id\":\"https:\\\/\\\/medicinasinc.com\\\/ro\\\/product\\\/cumpara-ibogaina-pudra\\\/#primaryimage\"},\"image\":{\"@id\":\"https:\\\/\\\/medicinasinc.com\\\/ro\\\/product\\\/cumpara-ibogaina-pudra\\\/#primaryimage\"},\"thumbnailUrl\":\"https:\\\/\\\/medicinasinc.com\\\/ro\\\/wp-content\\\/uploads\\\/sites\\\/11\\\/2022\\\/02\\\/Buy-Ibogaine-Powder.webp\",\"datePublished\":\"2022-02-20T16:51:26+00:00\",\"dateModified\":\"2022-03-22T01:13:51+00:00\",\"description\":\"Cump\u0103ra\u021bi pudr\u0103 de ibogain\u0103 din Africa \u00een Marea Britanie, Europa de v\u00e2nzare de pe cel mai bun site web, ibogain\u0103 de v\u00e2nzare online. Ob\u021bine\u021bi scoar\u021b\u0103 de r\u0103d\u0103cin\u0103 de Iboga, Ibogaine hcl, Iboga TA, Ibogaine capsule \u0219i voacanga la ob\u021bine ibogain\u0103.\",\"breadcrumb\":{\"@id\":\"https:\\\/\\\/medicinasinc.com\\\/ro\\\/product\\\/cumpara-ibogaina-pudra\\\/#breadcrumb\"},\"inLanguage\":\"en-US\",\"potentialAction\":[{\"@type\":\"ReadAction\",\"target\":[\"https:\\\/\\\/medicinasinc.com\\\/ro\\\/product\\\/cumpara-ibogaina-pudra\\\/\"]}]},{\"@type\":\"ImageObject\",\"inLanguage\":\"en-US\",\"@id\":\"https:\\\/\\\/medicinasinc.com\\\/ro\\\/product\\\/cumpara-ibogaina-pudra\\\/#primaryimage\",\"url\":\"https:\\\/\\\/medicinasinc.com\\\/ro\\\/wp-content\\\/uploads\\\/sites\\\/11\\\/2022\\\/02\\\/Buy-Ibogaine-Powder.webp\",\"contentUrl\":\"https:\\\/\\\/medicinasinc.com\\\/ro\\\/wp-content\\\/uploads\\\/sites\\\/11\\\/2022\\\/02\\\/Buy-Ibogaine-Powder.webp\",\"width\":400,\"height\":533},{\"@type\":\"BreadcrumbList\",\"@id\":\"https:\\\/\\\/medicinasinc.com\\\/ro\\\/product\\\/cumpara-ibogaina-pudra\\\/#breadcrumb\",\"itemListElement\":[{\"@type\":\"ListItem\",\"position\":1,\"name\":\"Magazin\",\"item\":\"https:\\\/\\\/medicinasinc.com\\\/ro\\\/magazin\\\/\"},{\"@type\":\"ListItem\",\"position\":2,\"name\":\"Cump\u0103ra\u021bi pudr\u0103 de ibogain\u0103\"}]},{\"@type\":\"WebSite\",\"@id\":\"https:\\\/\\\/medicinasinc.com\\\/ro\\\/#website\",\"url\":\"https:\\\/\\\/medicinasinc.com\\\/ro\\\/\",\"name\":\"Medicinas Inc\",\"description\":\"Health Medical Clinic\",\"potentialAction\":[{\"@type\":\"SearchAction\",\"target\":{\"@type\":\"EntryPoint\",\"urlTemplate\":\"https:\\\/\\\/medicinasinc.com\\\/ro\\\/?s={search_term_string}\"},\"query-input\":{\"@type\":\"PropertyValueSpecification\",\"valueRequired\":true,\"valueName\":\"search_term_string\"}}],\"inLanguage\":\"en-US\"}]}<\/script>\n<!-- \/ Yoast SEO plugin. -->","yoast_head_json":{"title":"Cump\u0103ra\u021bi pudr\u0103 de ibogain\u0103 - Iboga de v\u00e2nzare - Cele mai bune medicamente globale","description":"Cump\u0103ra\u021bi pudr\u0103 de ibogain\u0103 din Africa \u00een Marea Britanie, Europa de v\u00e2nzare de pe cel mai bun site web, ibogain\u0103 de v\u00e2nzare online. Ob\u021bine\u021bi scoar\u021b\u0103 de r\u0103d\u0103cin\u0103 de Iboga, Ibogaine hcl, Iboga TA, Ibogaine capsule \u0219i voacanga la ob\u021bine ibogain\u0103.","robots":{"index":"index","follow":"follow","max-snippet":"max-snippet:-1","max-image-preview":"max-image-preview:large","max-video-preview":"max-video-preview:-1"},"canonical":"https:\/\/medicinasinc.com\/ro\/product\/cumpara-ibogaina-pudra\/","og_locale":"en_US","og_type":"article","og_title":"Cump\u0103ra\u021bi pudr\u0103 de ibogain\u0103 - Iboga de v\u00e2nzare - Cele mai bune medicamente globale","og_description":"Cump\u0103ra\u021bi pudr\u0103 de ibogain\u0103 din Africa \u00een Marea Britanie, Europa de v\u00e2nzare de pe cel mai bun site web, ibogain\u0103 de v\u00e2nzare online. Ob\u021bine\u021bi scoar\u021b\u0103 de r\u0103d\u0103cin\u0103 de Iboga, Ibogaine hcl, Iboga TA, Ibogaine capsule \u0219i voacanga la ob\u021bine ibogain\u0103.","og_url":"https:\/\/medicinasinc.com\/ro\/product\/cumpara-ibogaina-pudra\/","og_site_name":"Medicinas Inc","article_modified_time":"2022-03-22T01:13:51+00:00","og_image":[{"width":400,"height":533,"url":"https:\/\/medicinasinc.com\/ro\/wp-content\/uploads\/sites\/11\/2022\/02\/Buy-Ibogaine-Powder.webp","type":"image\/webp"}],"twitter_card":"summary_large_image","twitter_misc":{"Est. reading time":"3 minutes"},"schema":{"@context":"https:\/\/schema.org","@graph":[{"@type":"WebPage","@id":"https:\/\/medicinasinc.com\/ro\/product\/cumpara-ibogaina-pudra\/","url":"https:\/\/medicinasinc.com\/ro\/product\/cumpara-ibogaina-pudra\/","name":"Cump\u0103ra\u021bi pudr\u0103 de ibogain\u0103 - Iboga de v\u00e2nzare - Cele mai bune medicamente globale","isPartOf":{"@id":"https:\/\/medicinasinc.com\/ro\/#website"},"primaryImageOfPage":{"@id":"https:\/\/medicinasinc.com\/ro\/product\/cumpara-ibogaina-pudra\/#primaryimage"},"image":{"@id":"https:\/\/medicinasinc.com\/ro\/product\/cumpara-ibogaina-pudra\/#primaryimage"},"thumbnailUrl":"https:\/\/medicinasinc.com\/ro\/wp-content\/uploads\/sites\/11\/2022\/02\/Buy-Ibogaine-Powder.webp","datePublished":"2022-02-20T16:51:26+00:00","dateModified":"2022-03-22T01:13:51+00:00","description":"Cump\u0103ra\u021bi pudr\u0103 de ibogain\u0103 din Africa \u00een Marea Britanie, Europa de v\u00e2nzare de pe cel mai bun site web, ibogain\u0103 de v\u00e2nzare online. Ob\u021bine\u021bi scoar\u021b\u0103 de r\u0103d\u0103cin\u0103 de Iboga, Ibogaine hcl, Iboga TA, Ibogaine capsule \u0219i voacanga la ob\u021bine ibogain\u0103.","breadcrumb":{"@id":"https:\/\/medicinasinc.com\/ro\/product\/cumpara-ibogaina-pudra\/#breadcrumb"},"inLanguage":"en-US","potentialAction":[{"@type":"ReadAction","target":["https:\/\/medicinasinc.com\/ro\/product\/cumpara-ibogaina-pudra\/"]}]},{"@type":"ImageObject","inLanguage":"en-US","@id":"https:\/\/medicinasinc.com\/ro\/product\/cumpara-ibogaina-pudra\/#primaryimage","url":"https:\/\/medicinasinc.com\/ro\/wp-content\/uploads\/sites\/11\/2022\/02\/Buy-Ibogaine-Powder.webp","contentUrl":"https:\/\/medicinasinc.com\/ro\/wp-content\/uploads\/sites\/11\/2022\/02\/Buy-Ibogaine-Powder.webp","width":400,"height":533},{"@type":"BreadcrumbList","@id":"https:\/\/medicinasinc.com\/ro\/product\/cumpara-ibogaina-pudra\/#breadcrumb","itemListElement":[{"@type":"ListItem","position":1,"name":"Magazin","item":"https:\/\/medicinasinc.com\/ro\/magazin\/"},{"@type":"ListItem","position":2,"name":"Cump\u0103ra\u021bi pudr\u0103 de ibogain\u0103"}]},{"@type":"WebSite","@id":"https:\/\/medicinasinc.com\/ro\/#website","url":"https:\/\/medicinasinc.com\/ro\/","name":"Medicinas Inc","description":"Health Medical Clinic","potentialAction":[{"@type":"SearchAction","target":{"@type":"EntryPoint","urlTemplate":"https:\/\/medicinasinc.com\/ro\/?s={search_term_string}"},"query-input":{"@type":"PropertyValueSpecification","valueRequired":true,"valueName":"search_term_string"}}],"inLanguage":"en-US"}]}},"_links":{"self":[{"href":"https:\/\/medicinasinc.com\/ro\/wp-json\/wp\/v2\/product\/4849","targetHints":{"allow":["GET"]}}],"collection":[{"href":"https:\/\/medicinasinc.com\/ro\/wp-json\/wp\/v2\/product"}],"about":[{"href":"https:\/\/medicinasinc.com\/ro\/wp-json\/wp\/v2\/types\/product"}],"replies":[{"embeddable":true,"href":"https:\/\/medicinasinc.com\/ro\/wp-json\/wp\/v2\/comments?post=4849"}],"wp:featuredmedia":[{"embeddable":true,"href":"https:\/\/medicinasinc.com\/ro\/wp-json\/wp\/v2\/media\/4862"}],"wp:attachment":[{"href":"https:\/\/medicinasinc.com\/ro\/wp-json\/wp\/v2\/media?parent=4849"}],"wp:term":[{"taxonomy":"product_brand","embeddable":true,"href":"https:\/\/medicinasinc.com\/ro\/wp-json\/wp\/v2\/product_brand?post=4849"},{"taxonomy":"product_cat","embeddable":true,"href":"https:\/\/medicinasinc.com\/ro\/wp-json\/wp\/v2\/product_cat?post=4849"},{"taxonomy":"product_tag","embeddable":true,"href":"https:\/\/medicinasinc.com\/ro\/wp-json\/wp\/v2\/product_tag?post=4849"}],"curies":[{"name":"wp","href":"https:\/\/api.w.org\/{rel}","templated":true}]}}