{"id":4848,"date":"2022-02-20T16:50:30","date_gmt":"2022-02-20T16:50:30","guid":{"rendered":"https:\/\/medicinasinc.com\/ro\/?post_type=product&#038;p=4848"},"modified":"2022-03-22T01:14:00","modified_gmt":"2022-03-22T01:14:00","slug":"cumpara-ketamina-pulbere","status":"publish","type":"product","link":"https:\/\/medicinasinc.com\/ro\/product\/cumpara-ketamina-pulbere\/","title":{"rendered":"Cump\u0103ra\u021bi pudr\u0103 de ketamina"},"content":{"rendered":"<p>Pudra de ketamina poate fi achizi\u021bionat\u0103 online.<\/p>\n<p>Cump\u0103ra\u021bi pudra de ketamina pentru gestionarea durerii postoperatorii<br \/> Durerea postoperatorie apare \u00een urma unei interven\u021bii chirurgicale majore care include incizie \u0219i grefare. Poate persista dou\u0103 p\u00e2n\u0103 la cinci zile \u0219i este necesar\u0103 o gestionare adecvat\u0103 pentru eradicarea acesteia. Controlul inadecvat poate duce la imobilitate, o perioad\u0103 mai dificil\u0103 de refacere a func\u021biei \u0219i o recuperare \u00eent\u00e2rziat\u0103. Obiectivul este ameliorarea disconfortului cu c\u00e2t mai pu\u021bine efecte secundare posibile. \u00cen ciuda anilor de progrese \u00een managementul durerii, principalul tratament al terapiei postoperatorii r\u0103m\u00e2ne anestezicele, cum ar fi pudra de ketamina de v\u00e2nzare. Acestea se leag\u0103 de receptorii sistemului nervos central \u0219i inhib\u0103 transmiterea semnalelor de durere. Are un debut rapid de ac\u021biune \u0219i o durat\u0103 a efectului de o or\u0103. Cei responsabili cu administrarea medicamentului ar trebui s\u0103 se asigure c\u0103 nu apar interac\u021biuni letale.<\/p>\n<p>Cele mai bune medicamente globale \u2013 Singura \u0219i singura surs\u0103 de pudr\u0103 de ketamina la pre\u021buri accesibile<br \/> O mare varietate de medicamente eliberate pe baz\u0103 de re\u021bet\u0103 sunt acum accesibile f\u0103r\u0103 a muta un inch de o loca\u021bie. La Best Global Meds, pute\u021bi comanda pudr\u0103 de ketamina din confortul acas\u0103 sau la birou. Ne str\u0103duim s\u0103 facem cump\u0103r\u0103turile online simple \u0219i sigure pentru clien\u021bii no\u0219tri. De aceea, accept\u0103m o varietate de metode de plat\u0103, inclusiv criptomoneda, \u0219i v\u0103 protej\u0103m informa\u021biile cardului de credit prin criptarea cardului de credit. \u00cen plus, procedura de expediere este f\u0103r\u0103 riscuri. Lucr\u0103m cu servicii de transport reputate pentru a v\u0103 asigura medicamentele \u0219i a le expedia direct acas\u0103.<\/p>\n<p>Dac\u0103 ave\u021bi \u00eentreb\u0103ri despre noi sau despre produsele noastre, v\u0103 rug\u0103m s\u0103 contacta\u021bi unul dintre directorii no\u0219tri. V\u0103 vom r\u0103spunde cu pl\u0103cere la orice \u00eentreb\u0103ri a\u021bi putea avea!<\/p>\n","protected":false},"excerpt":{"rendered":"<div class=\"woocommerce-product-details__short-description\">\n<p>Cump\u0103ra\u021bi pudr\u0103 de ketamina Livrare c\u0103tre Uniunea European\u0103, plat\u0103 prin Bitcoin. Pudr\u0103 de ketamina la reducere &#8211; cump\u0103ra produse chimice de cercetare \u00een Europa. Cel mai mare comerciant cu am\u0103nuntul de Ketamina Powder din Europa.<\/p>\n<p>Pudra de Ketamina poate fi achizi\u021bionat\u0103 online. Cump\u0103ra\u021bi pudr\u0103 de ketamin\u0103 HCL online \u2013 Cump\u0103ra\u021bi pudr\u0103 de ketamin\u0103 online \u2013 Comanda\u021bi pudr\u0103 de ketamin\u0103<\/p>\n<\/p><\/div>\n","protected":false},"featured_media":4860,"comment_status":"open","ping_status":"closed","template":"","meta":[],"product_brand":[],"product_cat":[703],"product_tag":[],"class_list":{"0":"post-4848","1":"product","2":"type-product","3":"status-publish","4":"has-post-thumbnail","6":"product_cat-cumpr-medicamente-psihedelice","8":"first","9":"instock","10":"shipping-taxable","11":"purchasable","12":"product-type-variable","13":"has-default-attributes"},"yoast_head":"<!-- This site is optimized with the Yoast SEO plugin v27.3 - https:\/\/yoast.com\/product\/yoast-seo-wordpress\/ -->\n<title>Cump\u0103ra\u021bi Ketamine Powder - Ketamine Sale Europe - Best Best Global Meds<\/title>\n<meta name=\"description\" content=\"Cump\u0103ra\u021bi pudr\u0103 de ketamin\u0103 de v\u00e2nzare Transport \u00een UE, plat\u0103 Bitcoin. Furnizor ieftin de pudr\u0103 de ketamina - cump\u0103ra\u021bi produse chimice de cercetare \u00een Europa. Magazin de praf de ketamina din Europa.\" \/>\n<meta name=\"robots\" content=\"index, follow, max-snippet:-1, max-image-preview:large, max-video-preview:-1\" \/>\n<link rel=\"canonical\" href=\"https:\/\/medicinasinc.com\/ro\/product\/cumpara-ketamina-pulbere\/\" \/>\n<meta property=\"og:locale\" content=\"en_US\" \/>\n<meta property=\"og:type\" content=\"article\" \/>\n<meta property=\"og:title\" content=\"Cump\u0103ra\u021bi Ketamine Powder - Ketamine Sale Europe - Best Best Global Meds\" \/>\n<meta property=\"og:description\" content=\"Cump\u0103ra\u021bi pudr\u0103 de ketamin\u0103 de v\u00e2nzare Transport \u00een UE, plat\u0103 Bitcoin. Furnizor ieftin de pudr\u0103 de ketamina - cump\u0103ra\u021bi produse chimice de cercetare \u00een Europa. Magazin de praf de ketamina din Europa.\" \/>\n<meta property=\"og:url\" content=\"https:\/\/medicinasinc.com\/ro\/product\/cumpara-ketamina-pulbere\/\" \/>\n<meta property=\"og:site_name\" content=\"Medicinas Inc\" \/>\n<meta property=\"article:modified_time\" content=\"2022-03-22T01:14:00+00:00\" \/>\n<meta property=\"og:image\" content=\"https:\/\/medicinasinc.com\/ro\/wp-content\/uploads\/sites\/11\/2022\/02\/Buy-Ketamine-powder.jpg\" \/>\n\t<meta property=\"og:image:width\" content=\"900\" \/>\n\t<meta property=\"og:image:height\" content=\"675\" \/>\n\t<meta property=\"og:image:type\" content=\"image\/jpeg\" \/>\n<meta name=\"twitter:card\" content=\"summary_large_image\" \/>\n<meta name=\"twitter:label1\" content=\"Est. reading time\" \/>\n\t<meta name=\"twitter:data1\" content=\"2 minutes\" \/>\n<script type=\"application\/ld+json\" class=\"yoast-schema-graph\">{\"@context\":\"https:\\\/\\\/schema.org\",\"@graph\":[{\"@type\":\"WebPage\",\"@id\":\"https:\\\/\\\/medicinasinc.com\\\/ro\\\/product\\\/cumpara-ketamina-pulbere\\\/\",\"url\":\"https:\\\/\\\/medicinasinc.com\\\/ro\\\/product\\\/cumpara-ketamina-pulbere\\\/\",\"name\":\"Cump\u0103ra\u021bi Ketamine Powder - Ketamine Sale Europe - Best Best Global Meds\",\"isPartOf\":{\"@id\":\"https:\\\/\\\/medicinasinc.com\\\/ro\\\/#website\"},\"primaryImageOfPage\":{\"@id\":\"https:\\\/\\\/medicinasinc.com\\\/ro\\\/product\\\/cumpara-ketamina-pulbere\\\/#primaryimage\"},\"image\":{\"@id\":\"https:\\\/\\\/medicinasinc.com\\\/ro\\\/product\\\/cumpara-ketamina-pulbere\\\/#primaryimage\"},\"thumbnailUrl\":\"https:\\\/\\\/medicinasinc.com\\\/ro\\\/wp-content\\\/uploads\\\/sites\\\/11\\\/2022\\\/02\\\/Buy-Ketamine-powder.jpg\",\"datePublished\":\"2022-02-20T16:50:30+00:00\",\"dateModified\":\"2022-03-22T01:14:00+00:00\",\"description\":\"Cump\u0103ra\u021bi pudr\u0103 de ketamin\u0103 de v\u00e2nzare Transport \u00een UE, plat\u0103 Bitcoin. Furnizor ieftin de pudr\u0103 de ketamina - cump\u0103ra\u021bi produse chimice de cercetare \u00een Europa. Magazin de praf de ketamina din Europa.\",\"breadcrumb\":{\"@id\":\"https:\\\/\\\/medicinasinc.com\\\/ro\\\/product\\\/cumpara-ketamina-pulbere\\\/#breadcrumb\"},\"inLanguage\":\"en-US\",\"potentialAction\":[{\"@type\":\"ReadAction\",\"target\":[\"https:\\\/\\\/medicinasinc.com\\\/ro\\\/product\\\/cumpara-ketamina-pulbere\\\/\"]}]},{\"@type\":\"ImageObject\",\"inLanguage\":\"en-US\",\"@id\":\"https:\\\/\\\/medicinasinc.com\\\/ro\\\/product\\\/cumpara-ketamina-pulbere\\\/#primaryimage\",\"url\":\"https:\\\/\\\/medicinasinc.com\\\/ro\\\/wp-content\\\/uploads\\\/sites\\\/11\\\/2022\\\/02\\\/Buy-Ketamine-powder.jpg\",\"contentUrl\":\"https:\\\/\\\/medicinasinc.com\\\/ro\\\/wp-content\\\/uploads\\\/sites\\\/11\\\/2022\\\/02\\\/Buy-Ketamine-powder.jpg\",\"width\":900,\"height\":675},{\"@type\":\"BreadcrumbList\",\"@id\":\"https:\\\/\\\/medicinasinc.com\\\/ro\\\/product\\\/cumpara-ketamina-pulbere\\\/#breadcrumb\",\"itemListElement\":[{\"@type\":\"ListItem\",\"position\":1,\"name\":\"Magazin\",\"item\":\"https:\\\/\\\/medicinasinc.com\\\/ro\\\/magazin\\\/\"},{\"@type\":\"ListItem\",\"position\":2,\"name\":\"Cump\u0103ra\u021bi pudr\u0103 de ketamina\"}]},{\"@type\":\"WebSite\",\"@id\":\"https:\\\/\\\/medicinasinc.com\\\/ro\\\/#website\",\"url\":\"https:\\\/\\\/medicinasinc.com\\\/ro\\\/\",\"name\":\"Medicinas Inc\",\"description\":\"Health Medical Clinic\",\"potentialAction\":[{\"@type\":\"SearchAction\",\"target\":{\"@type\":\"EntryPoint\",\"urlTemplate\":\"https:\\\/\\\/medicinasinc.com\\\/ro\\\/?s={search_term_string}\"},\"query-input\":{\"@type\":\"PropertyValueSpecification\",\"valueRequired\":true,\"valueName\":\"search_term_string\"}}],\"inLanguage\":\"en-US\"}]}<\/script>\n<!-- \/ Yoast SEO plugin. -->","yoast_head_json":{"title":"Cump\u0103ra\u021bi Ketamine Powder - Ketamine Sale Europe - Best Best Global Meds","description":"Cump\u0103ra\u021bi pudr\u0103 de ketamin\u0103 de v\u00e2nzare Transport \u00een UE, plat\u0103 Bitcoin. Furnizor ieftin de pudr\u0103 de ketamina - cump\u0103ra\u021bi produse chimice de cercetare \u00een Europa. Magazin de praf de ketamina din Europa.","robots":{"index":"index","follow":"follow","max-snippet":"max-snippet:-1","max-image-preview":"max-image-preview:large","max-video-preview":"max-video-preview:-1"},"canonical":"https:\/\/medicinasinc.com\/ro\/product\/cumpara-ketamina-pulbere\/","og_locale":"en_US","og_type":"article","og_title":"Cump\u0103ra\u021bi Ketamine Powder - Ketamine Sale Europe - Best Best Global Meds","og_description":"Cump\u0103ra\u021bi pudr\u0103 de ketamin\u0103 de v\u00e2nzare Transport \u00een UE, plat\u0103 Bitcoin. Furnizor ieftin de pudr\u0103 de ketamina - cump\u0103ra\u021bi produse chimice de cercetare \u00een Europa. Magazin de praf de ketamina din Europa.","og_url":"https:\/\/medicinasinc.com\/ro\/product\/cumpara-ketamina-pulbere\/","og_site_name":"Medicinas Inc","article_modified_time":"2022-03-22T01:14:00+00:00","og_image":[{"width":900,"height":675,"url":"https:\/\/medicinasinc.com\/ro\/wp-content\/uploads\/sites\/11\/2022\/02\/Buy-Ketamine-powder.jpg","type":"image\/jpeg"}],"twitter_card":"summary_large_image","twitter_misc":{"Est. reading time":"2 minutes"},"schema":{"@context":"https:\/\/schema.org","@graph":[{"@type":"WebPage","@id":"https:\/\/medicinasinc.com\/ro\/product\/cumpara-ketamina-pulbere\/","url":"https:\/\/medicinasinc.com\/ro\/product\/cumpara-ketamina-pulbere\/","name":"Cump\u0103ra\u021bi Ketamine Powder - Ketamine Sale Europe - Best Best Global Meds","isPartOf":{"@id":"https:\/\/medicinasinc.com\/ro\/#website"},"primaryImageOfPage":{"@id":"https:\/\/medicinasinc.com\/ro\/product\/cumpara-ketamina-pulbere\/#primaryimage"},"image":{"@id":"https:\/\/medicinasinc.com\/ro\/product\/cumpara-ketamina-pulbere\/#primaryimage"},"thumbnailUrl":"https:\/\/medicinasinc.com\/ro\/wp-content\/uploads\/sites\/11\/2022\/02\/Buy-Ketamine-powder.jpg","datePublished":"2022-02-20T16:50:30+00:00","dateModified":"2022-03-22T01:14:00+00:00","description":"Cump\u0103ra\u021bi pudr\u0103 de ketamin\u0103 de v\u00e2nzare Transport \u00een UE, plat\u0103 Bitcoin. Furnizor ieftin de pudr\u0103 de ketamina - cump\u0103ra\u021bi produse chimice de cercetare \u00een Europa. Magazin de praf de ketamina din Europa.","breadcrumb":{"@id":"https:\/\/medicinasinc.com\/ro\/product\/cumpara-ketamina-pulbere\/#breadcrumb"},"inLanguage":"en-US","potentialAction":[{"@type":"ReadAction","target":["https:\/\/medicinasinc.com\/ro\/product\/cumpara-ketamina-pulbere\/"]}]},{"@type":"ImageObject","inLanguage":"en-US","@id":"https:\/\/medicinasinc.com\/ro\/product\/cumpara-ketamina-pulbere\/#primaryimage","url":"https:\/\/medicinasinc.com\/ro\/wp-content\/uploads\/sites\/11\/2022\/02\/Buy-Ketamine-powder.jpg","contentUrl":"https:\/\/medicinasinc.com\/ro\/wp-content\/uploads\/sites\/11\/2022\/02\/Buy-Ketamine-powder.jpg","width":900,"height":675},{"@type":"BreadcrumbList","@id":"https:\/\/medicinasinc.com\/ro\/product\/cumpara-ketamina-pulbere\/#breadcrumb","itemListElement":[{"@type":"ListItem","position":1,"name":"Magazin","item":"https:\/\/medicinasinc.com\/ro\/magazin\/"},{"@type":"ListItem","position":2,"name":"Cump\u0103ra\u021bi pudr\u0103 de ketamina"}]},{"@type":"WebSite","@id":"https:\/\/medicinasinc.com\/ro\/#website","url":"https:\/\/medicinasinc.com\/ro\/","name":"Medicinas Inc","description":"Health Medical Clinic","potentialAction":[{"@type":"SearchAction","target":{"@type":"EntryPoint","urlTemplate":"https:\/\/medicinasinc.com\/ro\/?s={search_term_string}"},"query-input":{"@type":"PropertyValueSpecification","valueRequired":true,"valueName":"search_term_string"}}],"inLanguage":"en-US"}]}},"_links":{"self":[{"href":"https:\/\/medicinasinc.com\/ro\/wp-json\/wp\/v2\/product\/4848","targetHints":{"allow":["GET"]}}],"collection":[{"href":"https:\/\/medicinasinc.com\/ro\/wp-json\/wp\/v2\/product"}],"about":[{"href":"https:\/\/medicinasinc.com\/ro\/wp-json\/wp\/v2\/types\/product"}],"replies":[{"embeddable":true,"href":"https:\/\/medicinasinc.com\/ro\/wp-json\/wp\/v2\/comments?post=4848"}],"wp:featuredmedia":[{"embeddable":true,"href":"https:\/\/medicinasinc.com\/ro\/wp-json\/wp\/v2\/media\/4860"}],"wp:attachment":[{"href":"https:\/\/medicinasinc.com\/ro\/wp-json\/wp\/v2\/media?parent=4848"}],"wp:term":[{"taxonomy":"product_brand","embeddable":true,"href":"https:\/\/medicinasinc.com\/ro\/wp-json\/wp\/v2\/product_brand?post=4848"},{"taxonomy":"product_cat","embeddable":true,"href":"https:\/\/medicinasinc.com\/ro\/wp-json\/wp\/v2\/product_cat?post=4848"},{"taxonomy":"product_tag","embeddable":true,"href":"https:\/\/medicinasinc.com\/ro\/wp-json\/wp\/v2\/product_tag?post=4848"}],"curies":[{"name":"wp","href":"https:\/\/api.w.org\/{rel}","templated":true}]}}