{"id":4830,"date":"2022-02-20T16:34:51","date_gmt":"2022-02-20T16:34:51","guid":{"rendered":"https:\/\/medicinasinc.com\/ro\/?post_type=product&#038;p=4830"},"modified":"2022-03-22T01:14:09","modified_gmt":"2022-03-22T01:14:09","slug":"cumpara-crystal-meth","status":"publish","type":"product","link":"https:\/\/medicinasinc.com\/ro\/product\/cumpara-crystal-meth\/","title":{"rendered":"Cump\u0103ra\u021bi Crystal Meth"},"content":{"rendered":"<p>De unde s\u0103 cump\u0103ra\u021bi Crystal Meth \u2013 Metamfetamina<\/p>\n<p>Dispus s\u0103 cump\u0103ra\u021bi Crystal Meth, cunoscut \u0219i sub numele de metanfetamina din pietre pre\u021bioase, este un medicament stimulator al sistemului nervos central (SNC) care prezint\u0103 numeroase asem\u0103n\u0103ri cu amfetaminele, al doilea din lume. cea mai popular\u0103 clas\u0103 de medicamente ilegale, \u00een spatele maryjane.<br \/> Ca \u0219i \u00een cazul amfetaminei, aceasta promoveaz\u0103 cre\u0219terea activit\u0103\u021bii, sc\u0103derea foametei \u0219i un sentiment general de bun\u0103stare.<\/p>\n<p>Exist\u0103 c\u00e2teva utiliz\u0103ri medicinale recunoscute pentru Crystal Meth \u2013 Metamfetamina, inclusiv tratamentul narcolepsiei, o lips\u0103 de capacitate de concentrare constant\u0103 \u0219i pentru utilizare momentan\u0103, cum ar fi robuste\u021bea; totu\u0219i, aceste utiliz\u0103ri medicinale sunt limitate.<\/p>\n<p>Crystal Meth, precum cocaina, poate fi fumat. Chemical Inc. vinde Crystal Meth \u2013 Metamfetamina.<\/p>\n<p>Metanfetaminele sunt folosite pentru a trata urm\u0103toarele afec\u021biuni:<\/p>\n<p>ADHDsNarcolepsie<\/p>\n<p>Aplica\u021biile medicale sunt limitate.<\/p>\n<p>Crystal Meth \u2013 Metamfetamina, ca \u0219i cocaina, poate fi fumat\u0103.<\/p>\n<p>Achizi\u021biona\u021bi Crystal Meth folosind Bitcoins<\/p>\n<p>Crystal Meth \u2013 Metamfetamina este utilizat\u0103 pentru a trata urm\u0103toarele afec\u021biuni:<\/p>\n<p> Obezitate Tulburare de hiperactivitate Narcolepsie Ca urmare, promoveaz\u0103 ac\u021biunea crescut\u0103, sc\u0103derea foametei \u0219i un sentiment general de prosperitate. C\u00e2nd este utilizat \u00een exces, are efecte distructive progresiv asupra sistemului senzorial primar.<br \/> Dac\u0103 crede\u021bi c\u0103 a\u021bi r\u0103mas \u00eens\u0103rcinat\u0103 \u00een timp ce lua\u021bi medicamentul, contacta\u021bi imediat medicul specialist pentru a evita complica\u021biile.<br \/> Dac\u0103 suferi\u021bi de probleme cardiace,<\/p>\n<p>Metanfetaminele au o serie de consecin\u021be negative, inclusiv urm\u0103toarele:<\/p>\n<p>Sporul pulsului<br \/> Cre\u0219terea temperaturii corpului<br \/> O cre\u0219tere a frecven\u021bei la pe care se relaxeaz\u0103<br \/> Elevii cu pupile dilatate<br \/> Tremoruri Emo\u021bii asem\u0103n\u0103toare r\u0103pirii<br \/> Anxietate sporit\u0103<br \/> Iritabilitate<br \/> Paranoia<br \/> Comportament violent \u0219i evaziv<br \/> Hiperactivitate pe pe o baz\u0103 temporar\u0103 Consulta\u021bi un specialist cu privire la op\u021biunile terapeutice.<\/p>\n<p>Evitarea unei por\u021bii de metamfetamine nu este dificil\u0103, dar ar trebui s\u0103 evita\u021bi s\u0103 lua\u021bi m\u0103sur\u0103tori duble.<\/p>\n<p>&nbsp;<\/p>\n<p> &nbsp;<\/p>\n<p>&nbsp;<\/p>\n<p>&nbsp;<\/p>\n<p>&nbsp;<\/p>\n<p>&nbsp;<\/p>\n<p>\u00cen timp ce metamfetamina este destinat\u0103 men\u021bine concentrarea, wh \u00een caz de abuz, poate duce cu u\u0219urin\u021b\u0103 la probleme medicale grave, a\u0219a c\u0103 solicitarea de asisten\u021b\u0103 \u00een situa\u021bii de criz\u0103 de la profesioni\u0219ti din domeniul s\u0103n\u0103t\u0103\u021bii califica\u021bi este cea mai bun\u0103 cale de ac\u021biune.<\/p>\n<p>&nbsp;<\/p>\n<p>&nbsp;<\/p>\n<p>&nbsp;<\/p>\n<p>&nbsp;<\/p>\n<p>&nbsp;<\/p>\n<p>&nbsp;<\/p>\n<p>Cele mai bune medicamente globale. ofer\u0103 Crystal Meth \u2013 Metamfetamina spre v\u00e2nzare online.<\/p>\n<p>\u00cen plus, p\u0103stra\u021bi metamfetaminele la temperatura camerei \u00een zone lipsite de lumin\u0103 \u0219i c\u0103ldur\u0103. \u00cen mod similar, nu sp\u0103la\u021bi acest medicament. Copiii \u0219i animalele dvs. de companie nu trebuie s\u0103 fie expu\u0219i la acest medicament \u00een niciun fel.<\/p>\n<p>Pute\u021bi, totu\u0219i, s\u0103 cump\u0103ra\u021bi Crystal Meth \u2013 Metamfetamina online de la cel mai reputat retailer online \u2013 Chemical Inc.<\/p>\n<p> Achizi\u021biona\u021bi metamfetamine f\u0103r\u0103 prescrip\u021bie medical\u0103, metamfetaminele sunt disponibile pentru cump\u0103rare online la cel mai bun pre\u021b posibil.<br \/> Cump\u0103ra\u021bi cele mai eficiente medicamente chiar acum!<br \/> Achizi\u021bionarea online de Crystal Meth<\/p>\n<p>Utilizatorii de metamfetamine ar trebui s\u0103 caute tratament imediat.<\/p>\n<p>De\u0219i multe simptome fizice pot fi inversate cu un tratament adecvat, \u00eemb\u0103tr\u00e2nirea avansat\u0103 \u0219i cariile dentare sunt mai dificil de inversat, iar deteriorarea este adesea ireversibil\u0103.<\/p>\n<p>\u00cen plus, consumul de metamfetamin\u0103 poate duce la psihoz\u0103 sau comportament psihotic, \u00een care utilizatorii pierd contactul cu realitatea \u0219i experimenteaz\u0103 iluzii severe, paranoia, halucina\u021bii \u0219i comportament obsesiv care \u00eei \u00eempiedic\u0103 s\u0103 \u00een\u021beleag\u0103 cu adev\u0103rat r\u0103ul pe care \u0219i-l provoac\u0103 ei \u00een\u0219i\u0219i.<\/p>\n<p>Acesta este critic pentru dependent de caut\u0103 ajutor imediat, altfel vor suferi aceste consecin\u021be fizice \u0219i psihologice, precum \u0219i alte simptome comune, cum ar fi rela\u021bii distruse, s\u0103r\u0103cie financiar\u0103 \u0219i acuza\u021bii penale.<\/p>\n<p>Aproape fiecare familie este afectat\u0103 de dependen\u021b\u0103, care provoac\u0103 ravagii asupra s\u0103n\u0103t\u0103\u021bii fizice \u0219i mintale, rela\u021biilor \u0219i finan\u021belor personale. mame, ta\u021bii, fra\u021bii, surorile, fiicele \u0219i fiii sunt cu to\u021bii inclu\u0219i \u00een aceast\u0103 categorie.<\/p>\n<p>Nimeni nu este imun de consecin\u021bele terifiante pe termen lung ale abuzului de droguri dure.<br \/> Ceea ce urmeaz\u0103 este o portretizare atr\u0103g\u0103toare a Oameni ADEV\u0102RA\u021aI.<\/p>\n<p>Am cedat \u00een favoarea consumului de droguri \u2013 \u00een acest caz, metamfetamina \u2013 \u0219i consecin\u021bele ei devastatoare sunt prea evidente.<br \/> Dac\u0103 tu sau o persoan\u0103 drag\u0103 te lup\u021bi cu un dependen\u021ba de metamfetamin\u0103 sau dac\u0103 sunte\u021bi interesat s\u0103 afla\u021bi mai multe, v\u0103 rug\u0103m s\u0103 vizita\u021bi urm\u0103toarele site-uri web pentru asisten\u021b\u0103 \u00een procesul de recuperare.<\/p>\n<p>&nbsp;<\/p>\n<p>efecte secundare ale metamfetaminei, structura metamfetaminei, c\u00e2t timp dureaz\u0103 metamfetamina R\u0103m\u00e2ne\u021bi \u00een organism, cum s\u0103 fuma\u021bi metamfetamina, heroina, cocaina, metamfetamina, \u021big\u0103rile \u0219i alcoolul sunt toate exemple de ________., metamfetamina roz, metamfetamin\u0103 cristalin\u0103, pre\u021burile metamfetaminei Cum are metamfetamina, c\u00e2t timp r\u0103m\u00e2ne \u00een urin\u0103 \u0219i cum arat\u0103 metamfetamina? super metamfetamina, efectele secundare ale metamfetaminei, structura metamfetaminei, c\u00e2t timp r\u0103m\u00e2ne metamfetamina \u00een organism, cum s\u0103 fumezi metamfetamin\u0103, heroin\u0103, cocain\u0103, metamfetamine, \u021big\u0103ri \u0219i alcool sunt toate exemple de ________., metamfetamina roz, cristale de snort de cristale, Ce gust are metamfetamina, c\u00e2t timp r\u0103m\u00e2ne \u00een urin\u0103 \u0219i cum arat\u0103 metamfetamina? metamfetamin\u0103 suprem\u0103<\/p>\n","protected":false},"excerpt":{"rendered":"<p>Cump\u0103ra\u021bi Crystal Meth de v\u00e2nzare Marea Britanie, Europa Asia, Metamfetamina online, Cump\u0103ra\u021bi Metamfetamina cu noi, v\u0103 putem livra din oriunde din \u00eentreaga lume.<\/p>\n<p>Cump\u0103ra\u021bi online Crystal Meth Pastile \u2013 Cump\u0103ra\u021bi 96,8% metamfetamina pur\u0103. \u2013 De unde s\u0103 cump\u0103ra\u021bi metamfetamina online \u2013 Cump\u0103ra\u021bi metamfetamina cu ghea\u021b\u0103 pur\u0103 de 96,8% \u2013 Cump\u0103ra\u021bi metamfetamina online<\/p>\n","protected":false},"featured_media":4844,"comment_status":"open","ping_status":"closed","template":"","meta":[],"product_brand":[],"product_cat":[703],"product_tag":[705,706,707,724,721,709,712,713,715,716,718,720,704,711,722,710,719,708,723,714,717],"class_list":{"0":"post-4830","1":"product","2":"type-product","3":"status-publish","4":"has-post-thumbnail","6":"product_cat-cumpr-medicamente-psihedelice","7":"product_tag-buy-crystal-meth-in-france","8":"product_tag-buy-crystal-meth-in-germany","9":"product_tag-buy-crystal-meth-in-spain","10":"product_tag-ce-este-crystal-meth","11":"product_tag-metan-cristal","12":"product_tag-crystal-meth-australia","13":"product_tag-crystal-meth-germany","14":"product_tag-crystal-meth-pic","15":"product_tag-crystal-meth-spania","16":"product_tag-crystal-meth-sweden","17":"product_tag-crystal-meth-vendor-usa","18":"product_tag-cum-se-afumat-meth-cristal","19":"product_tag-cumpr-crystal-meth-n-australia","20":"product_tag-efecte-crystal-meth","21":"product_tag-imagini-de-crystal-meth","22":"product_tag-cristal-meth-droguri","23":"product_tag-metan-cristal-fals","24":"product_tag-cristal-meth","25":"product_tag-pufnit-cristal-meth","26":"product_tag-teava-meth-cristal","27":"product_tag-cristal-meth-vnztor-frana","29":"first","30":"instock","31":"shipping-taxable","32":"purchasable","33":"product-type-variable"},"yoast_head":"<!-- This site is optimized with the Yoast SEO plugin v27.3 - https:\/\/yoast.com\/product\/yoast-seo-wordpress\/ -->\n<title>Cump\u0103ra\u021bi Crystal Meth - Metamfetamina - Cele mai bune medicamente globale<\/title>\n<meta name=\"description\" content=\"Cump\u0103ra\u021bi Crystal Meth de v\u00e2nzare Marea Britanie, Europa Asia, Methamphetamine Cump\u0103ra\u021bi online Metamfetamina cu noi v\u0103 putem livra de oriunde din \u00eentreaga lume.\" \/>\n<meta name=\"robots\" content=\"index, follow, max-snippet:-1, max-image-preview:large, max-video-preview:-1\" \/>\n<link rel=\"canonical\" href=\"https:\/\/medicinasinc.com\/ro\/product\/cumpara-crystal-meth\/\" \/>\n<meta property=\"og:locale\" content=\"en_US\" \/>\n<meta property=\"og:type\" content=\"article\" \/>\n<meta property=\"og:title\" content=\"Cump\u0103ra\u021bi Crystal Meth - Metamfetamina - Cele mai bune medicamente globale\" \/>\n<meta property=\"og:description\" content=\"Cump\u0103ra\u021bi Crystal Meth de v\u00e2nzare Marea Britanie, Europa Asia, Methamphetamine Cump\u0103ra\u021bi online Metamfetamina cu noi v\u0103 putem livra de oriunde din \u00eentreaga lume.\" \/>\n<meta property=\"og:url\" content=\"https:\/\/medicinasinc.com\/ro\/product\/cumpara-crystal-meth\/\" \/>\n<meta property=\"og:site_name\" content=\"Medicinas Inc\" \/>\n<meta property=\"article:modified_time\" content=\"2022-03-22T01:14:09+00:00\" \/>\n<meta property=\"og:image\" content=\"https:\/\/medicinasinc.com\/ro\/wp-content\/uploads\/sites\/11\/2022\/02\/Buy-Crystal-Meth-1.jpg\" \/>\n\t<meta property=\"og:image:width\" content=\"1024\" \/>\n\t<meta property=\"og:image:height\" content=\"768\" \/>\n\t<meta property=\"og:image:type\" content=\"image\/jpeg\" \/>\n<meta name=\"twitter:card\" content=\"summary_large_image\" \/>\n<meta name=\"twitter:label1\" content=\"Est. reading time\" \/>\n\t<meta name=\"twitter:data1\" content=\"4 minutes\" \/>\n<script type=\"application\/ld+json\" class=\"yoast-schema-graph\">{\"@context\":\"https:\\\/\\\/schema.org\",\"@graph\":[{\"@type\":\"WebPage\",\"@id\":\"https:\\\/\\\/medicinasinc.com\\\/ro\\\/product\\\/cumpara-crystal-meth\\\/\",\"url\":\"https:\\\/\\\/medicinasinc.com\\\/ro\\\/product\\\/cumpara-crystal-meth\\\/\",\"name\":\"Cump\u0103ra\u021bi Crystal Meth - Metamfetamina - Cele mai bune medicamente globale\",\"isPartOf\":{\"@id\":\"https:\\\/\\\/medicinasinc.com\\\/ro\\\/#website\"},\"primaryImageOfPage\":{\"@id\":\"https:\\\/\\\/medicinasinc.com\\\/ro\\\/product\\\/cumpara-crystal-meth\\\/#primaryimage\"},\"image\":{\"@id\":\"https:\\\/\\\/medicinasinc.com\\\/ro\\\/product\\\/cumpara-crystal-meth\\\/#primaryimage\"},\"thumbnailUrl\":\"https:\\\/\\\/medicinasinc.com\\\/ro\\\/wp-content\\\/uploads\\\/sites\\\/11\\\/2022\\\/02\\\/Buy-Crystal-Meth-1.jpg\",\"datePublished\":\"2022-02-20T16:34:51+00:00\",\"dateModified\":\"2022-03-22T01:14:09+00:00\",\"description\":\"Cump\u0103ra\u021bi Crystal Meth de v\u00e2nzare Marea Britanie, Europa Asia, Methamphetamine Cump\u0103ra\u021bi online Metamfetamina cu noi v\u0103 putem livra de oriunde din \u00eentreaga lume.\",\"breadcrumb\":{\"@id\":\"https:\\\/\\\/medicinasinc.com\\\/ro\\\/product\\\/cumpara-crystal-meth\\\/#breadcrumb\"},\"inLanguage\":\"en-US\",\"potentialAction\":[{\"@type\":\"ReadAction\",\"target\":[\"https:\\\/\\\/medicinasinc.com\\\/ro\\\/product\\\/cumpara-crystal-meth\\\/\"]}]},{\"@type\":\"ImageObject\",\"inLanguage\":\"en-US\",\"@id\":\"https:\\\/\\\/medicinasinc.com\\\/ro\\\/product\\\/cumpara-crystal-meth\\\/#primaryimage\",\"url\":\"https:\\\/\\\/medicinasinc.com\\\/ro\\\/wp-content\\\/uploads\\\/sites\\\/11\\\/2022\\\/02\\\/Buy-Crystal-Meth-1.jpg\",\"contentUrl\":\"https:\\\/\\\/medicinasinc.com\\\/ro\\\/wp-content\\\/uploads\\\/sites\\\/11\\\/2022\\\/02\\\/Buy-Crystal-Meth-1.jpg\",\"width\":1024,\"height\":768},{\"@type\":\"BreadcrumbList\",\"@id\":\"https:\\\/\\\/medicinasinc.com\\\/ro\\\/product\\\/cumpara-crystal-meth\\\/#breadcrumb\",\"itemListElement\":[{\"@type\":\"ListItem\",\"position\":1,\"name\":\"Magazin\",\"item\":\"https:\\\/\\\/medicinasinc.com\\\/ro\\\/magazin\\\/\"},{\"@type\":\"ListItem\",\"position\":2,\"name\":\"Cump\u0103ra\u021bi Crystal Meth\"}]},{\"@type\":\"WebSite\",\"@id\":\"https:\\\/\\\/medicinasinc.com\\\/ro\\\/#website\",\"url\":\"https:\\\/\\\/medicinasinc.com\\\/ro\\\/\",\"name\":\"Medicinas Inc\",\"description\":\"Health Medical Clinic\",\"potentialAction\":[{\"@type\":\"SearchAction\",\"target\":{\"@type\":\"EntryPoint\",\"urlTemplate\":\"https:\\\/\\\/medicinasinc.com\\\/ro\\\/?s={search_term_string}\"},\"query-input\":{\"@type\":\"PropertyValueSpecification\",\"valueRequired\":true,\"valueName\":\"search_term_string\"}}],\"inLanguage\":\"en-US\"}]}<\/script>\n<!-- \/ Yoast SEO plugin. -->","yoast_head_json":{"title":"Cump\u0103ra\u021bi Crystal Meth - Metamfetamina - Cele mai bune medicamente globale","description":"Cump\u0103ra\u021bi Crystal Meth de v\u00e2nzare Marea Britanie, Europa Asia, Methamphetamine Cump\u0103ra\u021bi online Metamfetamina cu noi v\u0103 putem livra de oriunde din \u00eentreaga lume.","robots":{"index":"index","follow":"follow","max-snippet":"max-snippet:-1","max-image-preview":"max-image-preview:large","max-video-preview":"max-video-preview:-1"},"canonical":"https:\/\/medicinasinc.com\/ro\/product\/cumpara-crystal-meth\/","og_locale":"en_US","og_type":"article","og_title":"Cump\u0103ra\u021bi Crystal Meth - Metamfetamina - Cele mai bune medicamente globale","og_description":"Cump\u0103ra\u021bi Crystal Meth de v\u00e2nzare Marea Britanie, Europa Asia, Methamphetamine Cump\u0103ra\u021bi online Metamfetamina cu noi v\u0103 putem livra de oriunde din \u00eentreaga lume.","og_url":"https:\/\/medicinasinc.com\/ro\/product\/cumpara-crystal-meth\/","og_site_name":"Medicinas Inc","article_modified_time":"2022-03-22T01:14:09+00:00","og_image":[{"width":1024,"height":768,"url":"https:\/\/medicinasinc.com\/ro\/wp-content\/uploads\/sites\/11\/2022\/02\/Buy-Crystal-Meth-1.jpg","type":"image\/jpeg"}],"twitter_card":"summary_large_image","twitter_misc":{"Est. reading time":"4 minutes"},"schema":{"@context":"https:\/\/schema.org","@graph":[{"@type":"WebPage","@id":"https:\/\/medicinasinc.com\/ro\/product\/cumpara-crystal-meth\/","url":"https:\/\/medicinasinc.com\/ro\/product\/cumpara-crystal-meth\/","name":"Cump\u0103ra\u021bi Crystal Meth - Metamfetamina - Cele mai bune medicamente globale","isPartOf":{"@id":"https:\/\/medicinasinc.com\/ro\/#website"},"primaryImageOfPage":{"@id":"https:\/\/medicinasinc.com\/ro\/product\/cumpara-crystal-meth\/#primaryimage"},"image":{"@id":"https:\/\/medicinasinc.com\/ro\/product\/cumpara-crystal-meth\/#primaryimage"},"thumbnailUrl":"https:\/\/medicinasinc.com\/ro\/wp-content\/uploads\/sites\/11\/2022\/02\/Buy-Crystal-Meth-1.jpg","datePublished":"2022-02-20T16:34:51+00:00","dateModified":"2022-03-22T01:14:09+00:00","description":"Cump\u0103ra\u021bi Crystal Meth de v\u00e2nzare Marea Britanie, Europa Asia, Methamphetamine Cump\u0103ra\u021bi online Metamfetamina cu noi v\u0103 putem livra de oriunde din \u00eentreaga lume.","breadcrumb":{"@id":"https:\/\/medicinasinc.com\/ro\/product\/cumpara-crystal-meth\/#breadcrumb"},"inLanguage":"en-US","potentialAction":[{"@type":"ReadAction","target":["https:\/\/medicinasinc.com\/ro\/product\/cumpara-crystal-meth\/"]}]},{"@type":"ImageObject","inLanguage":"en-US","@id":"https:\/\/medicinasinc.com\/ro\/product\/cumpara-crystal-meth\/#primaryimage","url":"https:\/\/medicinasinc.com\/ro\/wp-content\/uploads\/sites\/11\/2022\/02\/Buy-Crystal-Meth-1.jpg","contentUrl":"https:\/\/medicinasinc.com\/ro\/wp-content\/uploads\/sites\/11\/2022\/02\/Buy-Crystal-Meth-1.jpg","width":1024,"height":768},{"@type":"BreadcrumbList","@id":"https:\/\/medicinasinc.com\/ro\/product\/cumpara-crystal-meth\/#breadcrumb","itemListElement":[{"@type":"ListItem","position":1,"name":"Magazin","item":"https:\/\/medicinasinc.com\/ro\/magazin\/"},{"@type":"ListItem","position":2,"name":"Cump\u0103ra\u021bi Crystal Meth"}]},{"@type":"WebSite","@id":"https:\/\/medicinasinc.com\/ro\/#website","url":"https:\/\/medicinasinc.com\/ro\/","name":"Medicinas Inc","description":"Health Medical Clinic","potentialAction":[{"@type":"SearchAction","target":{"@type":"EntryPoint","urlTemplate":"https:\/\/medicinasinc.com\/ro\/?s={search_term_string}"},"query-input":{"@type":"PropertyValueSpecification","valueRequired":true,"valueName":"search_term_string"}}],"inLanguage":"en-US"}]}},"_links":{"self":[{"href":"https:\/\/medicinasinc.com\/ro\/wp-json\/wp\/v2\/product\/4830","targetHints":{"allow":["GET"]}}],"collection":[{"href":"https:\/\/medicinasinc.com\/ro\/wp-json\/wp\/v2\/product"}],"about":[{"href":"https:\/\/medicinasinc.com\/ro\/wp-json\/wp\/v2\/types\/product"}],"replies":[{"embeddable":true,"href":"https:\/\/medicinasinc.com\/ro\/wp-json\/wp\/v2\/comments?post=4830"}],"wp:featuredmedia":[{"embeddable":true,"href":"https:\/\/medicinasinc.com\/ro\/wp-json\/wp\/v2\/media\/4844"}],"wp:attachment":[{"href":"https:\/\/medicinasinc.com\/ro\/wp-json\/wp\/v2\/media?parent=4830"}],"wp:term":[{"taxonomy":"product_brand","embeddable":true,"href":"https:\/\/medicinasinc.com\/ro\/wp-json\/wp\/v2\/product_brand?post=4830"},{"taxonomy":"product_cat","embeddable":true,"href":"https:\/\/medicinasinc.com\/ro\/wp-json\/wp\/v2\/product_cat?post=4830"},{"taxonomy":"product_tag","embeddable":true,"href":"https:\/\/medicinasinc.com\/ro\/wp-json\/wp\/v2\/product_tag?post=4830"}],"curies":[{"name":"wp","href":"https:\/\/api.w.org\/{rel}","templated":true}]}}