{"id":4829,"date":"2022-02-20T16:33:58","date_gmt":"2022-02-20T16:33:58","guid":{"rendered":"https:\/\/medicinasinc.com\/ro\/?post_type=product&#038;p=4829"},"modified":"2022-03-22T01:14:18","modified_gmt":"2022-03-22T01:14:18","slug":"cumpara-lichid-lsd","status":"publish","type":"product","link":"https:\/\/medicinasinc.com\/ro\/product\/cumpara-lichid-lsd\/","title":{"rendered":"Cump\u0103ra\u021bi LSD lichid"},"content":{"rendered":"<p>Cump\u0103ra\u021bi LSD lichid la reducere online<\/p>\n<p>Ca \u0219i \u00een cazul Green Crack (\u0219i nu trebuie confundat cu LSD), Acid este o tulpin\u0103 numit\u0103 dup\u0103 o substan\u021b\u0103 u\u0219or psihoactiv\u0103. Toate lucrurile luate \u00een considerare, acidul posed\u0103 putere, combin\u00e2nd efectele contra-intuitive cu un parfum perplex. Acid este o tulpin\u0103 dezvoltat\u0103 de Paradise Seeds, cresc\u0103torii Delahaze \u0219i Sensi Star. Este derivat din caracteristicile ereditare ale celei mai populare tulpini New York Sour Diesel. Atractia sa ia adus locul trei \u00een Copa THC Valencia din Spania 2016 pentru cea mai bun\u0103 floare cultivat\u0103 \u00een interior. Con\u021binutul de THC al corozivului a fost estimat a fi \u00eentre 16 \u0219i 23%.<\/p>\n<p>Corozivii orbiesc cu flori estimate medii p\u00e2n\u0103 la enorme, care au o form\u0103 articulat\u0103, asem\u0103n\u0103toare cu pomii de Cr\u0103ciun \u00een miniatur\u0103, str\u00e2ng\u00e2nd de la o baz\u0103 rotund\u0103 larg\u0103 la un v\u00e2rf ascu\u021bit. Cu structura lor compact\u0103 \u0219i dens\u0103, ace\u0219ti muguri sunt inconfundabil cu dominan\u021b\u0103 indica. Frunzele sunt de un verde slab acoperit \u0219i sunt contorsionate cu pistiluri ondulate de culoare p\u0103m\u00e2ntii. \u00cen cele din urm\u0103, tricomii albi str\u0103lucitori acoper\u0103 suprafe\u021bele interioare \u0219i exterioare ale florilor Acid, conferind propriet\u0103\u021bile psihoactive ale tulpinii \u0219i f\u0103c\u00e2nd bobocii extrem de dificil de separat f\u0103r\u0103 asisten\u021ba unui procesor.<\/p>\n<p>C\u00e2nd este eliberat corespunz\u0103tor, Acid are un efect parfum u\u0219or acid, care este compensat de un parfum ascu\u021bit de citrice. De asemenea, exist\u0103 note de baz\u0103 solide, moscate, care amintesc de sol moale \u0219i de t\u0103m\u00e2ie. \u00centre timp, separarea sau granularea acestor bulg\u0103ri dense produce gazele de e\u0219apament astringente care confer\u0103 tulpinii p\u0103rinte New York Sour Diesel aroma sa ascu\u021bit\u0103 \u0219i binecunoscut\u0103. C\u00e2nd combustibilii sunt aprin\u0219i \u00eentr-o linie sau o \u00eembinare, acidul produce un fum neted, u\u0219or de ingerat. La expirare, acest fum dens las\u0103 un postgust de l\u0103m\u00e2ie \u0219i motorin\u0103.<\/p>\n<p>Suportul corozivului \u00eencepe treptat \u0219i distorsioneaz\u0103 percep\u021bia fum\u0103torului asupra \u00eembun\u0103t\u0103\u021birilor exterioare. Anumite sunete pot fi amplificate, ca \u0219i cum ar fi fost generate \u00een interiorul unei camere de reverbera\u021bie. \u00cen plus, tonurile distincte \u0219i luminile str\u0103lucitoare pot dob\u00e2ndi o nou\u0103 semnifica\u021bie. C\u00e2nd aceste efecte tangibile devin cople\u0219itoare, minunile halucinogene mai vii \u00eencep s\u0103 se manifeste, asem\u0103n\u0103toare cu contorsiunile interioare \u0219i externe \u0219i cu o senza\u021bie solid\u0103 de expansiune \u00een timp. Fum\u0103torii pot experimenta o ponderare deliberat\u0103 \u00een jurul sanctuarelor \u0219i organelor limfatice \u00een timp, precum \u0219i o u\u0219oar\u0103 cre\u0219tere a saliva\u021biei. Aceste frisoane se dezvolt\u0103 \u00een inunda\u021bii de relaxare care c\u0103l\u0103toresc pe coloana vertebral\u0103 \u0219i prin sistemul nervos central \u0219i anexe. De\u0219i este posibil ca aceste efecte de calmare s\u0103 nu imobilizeze complet clien\u021bii, ace\u0219tia se pot sim\u021bi obliga\u021bi s\u0103 se relaxeze \u00een cei mai apropia\u021bi factori de mediu agreabili.<\/p>\n<p>Sucul coroziv este, de asemenea, caracterizat de o mentalitate cerebral\u0103 \u00een care fum\u0103torul se poate conecta cu g\u00e2nduri sau idei neobi\u0219nuite. , g\u0103sindu-le mai fascinante dec\u00e2t sunt \u00een orice caz. Un astfel de ra\u021bionament familiarizat poate fi o metod\u0103 eficient\u0103 pentru a descoperi solu\u021bii noi la probleme perplexe sau pentru a gestiona sarcini specifice de lucru. \u00cen timp \u2013 sau pe m\u0103sur\u0103 ce m\u0103surarea cre\u0219te \u2013 efectele psihologice ale acidului devin mai minunate dec\u00e2t evidente, f\u0103c\u00e2nd orice eficien\u021b\u0103 anterioar\u0103 nul\u0103 \u0219i neavenit\u0103. Datorit\u0103 pierderii sale progresive de energie, aceast\u0103 tulpin\u0103 este cel mai bine savurat\u0103 seara t\u00e2rziu sau noaptea.<\/p>\n<p>LSD lichid 200ug\/pic\u0103tur\u0103, acid de v\u00e2nzare online, LSD de v\u00e2nzare online, cump\u0103rare LSD online, LSD acid de vanzare online, magazin online lsd, vanzare lsd lichid, vanzare acid online<\/p>\n","protected":false},"excerpt":{"rendered":"<p>Cump\u0103ra\u021bi online LSD LSD lichid, detalii Lysergide (LSD) este un halucinogen semi-sintetic \u0219i este unul dintre cele mai puternice medicamente cunoscute. Utilizare recreativ\u0103 .<\/p>\n<p>Cump\u0103ra\u021bi online LSD lichid la pre\u021b redus. LSD lichid autentic de v\u00e2nzare online | Cump\u0103ra\u021bi LSD lichid online | Cump\u0103ra\u021bi LSD lichid de v\u00e2nzare| Cump\u0103ra\u021bi LSD lichid ieftin | De unde s\u0103 cump\u0103ra\u021bi LSD lichid online<\/p>\n","protected":false},"featured_media":4842,"comment_status":"open","ping_status":"closed","template":"","meta":[],"product_brand":[],"product_cat":[703],"product_tag":[],"class_list":{"0":"post-4829","1":"product","2":"type-product","3":"status-publish","4":"has-post-thumbnail","6":"product_cat-cumpr-medicamente-psihedelice","8":"first","9":"instock","10":"shipping-taxable","11":"purchasable","12":"product-type-variable","13":"has-default-attributes"},"yoast_head":"<!-- This site is optimized with the Yoast SEO plugin v27.3 - https:\/\/yoast.com\/product\/yoast-seo-wordpress\/ -->\n<title>Cump\u0103ra\u021bi LSD lichid - Cele mai bune medicamente globale<\/title>\n<meta name=\"description\" content=\"Cump\u0103ra\u021bi online LSD LSD lichid, detalii Lysergide (LSD) este un halucinogen semi-sintetic \u0219i este unul dintre cele mai puternice medicamente cunoscute. Utilizare recreativ\u0103.\" \/>\n<meta name=\"robots\" content=\"index, follow, max-snippet:-1, max-image-preview:large, max-video-preview:-1\" \/>\n<link rel=\"canonical\" href=\"https:\/\/medicinasinc.com\/ro\/product\/cumpara-lichid-lsd\/\" \/>\n<meta property=\"og:locale\" content=\"en_US\" \/>\n<meta property=\"og:type\" content=\"article\" \/>\n<meta property=\"og:title\" content=\"Cump\u0103ra\u021bi LSD lichid - Cele mai bune medicamente globale\" \/>\n<meta property=\"og:description\" content=\"Cump\u0103ra\u021bi online LSD LSD lichid, detalii Lysergide (LSD) este un halucinogen semi-sintetic \u0219i este unul dintre cele mai puternice medicamente cunoscute. Utilizare recreativ\u0103.\" \/>\n<meta property=\"og:url\" content=\"https:\/\/medicinasinc.com\/ro\/product\/cumpara-lichid-lsd\/\" \/>\n<meta property=\"og:site_name\" content=\"Medicinas Inc\" \/>\n<meta property=\"article:modified_time\" content=\"2022-03-22T01:14:18+00:00\" \/>\n<meta property=\"og:image\" content=\"https:\/\/medicinasinc.com\/ro\/wp-content\/uploads\/sites\/11\/2022\/02\/Buy-Liquid-LSD.jpg\" \/>\n\t<meta property=\"og:image:width\" content=\"512\" \/>\n\t<meta property=\"og:image:height\" content=\"512\" \/>\n\t<meta property=\"og:image:type\" content=\"image\/jpeg\" \/>\n<meta name=\"twitter:card\" content=\"summary_large_image\" \/>\n<meta name=\"twitter:label1\" content=\"Est. reading time\" \/>\n\t<meta name=\"twitter:data1\" content=\"3 minutes\" \/>\n<script type=\"application\/ld+json\" class=\"yoast-schema-graph\">{\"@context\":\"https:\\\/\\\/schema.org\",\"@graph\":[{\"@type\":\"WebPage\",\"@id\":\"https:\\\/\\\/medicinasinc.com\\\/ro\\\/product\\\/cumpara-lichid-lsd\\\/\",\"url\":\"https:\\\/\\\/medicinasinc.com\\\/ro\\\/product\\\/cumpara-lichid-lsd\\\/\",\"name\":\"Cump\u0103ra\u021bi LSD lichid - Cele mai bune medicamente globale\",\"isPartOf\":{\"@id\":\"https:\\\/\\\/medicinasinc.com\\\/ro\\\/#website\"},\"primaryImageOfPage\":{\"@id\":\"https:\\\/\\\/medicinasinc.com\\\/ro\\\/product\\\/cumpara-lichid-lsd\\\/#primaryimage\"},\"image\":{\"@id\":\"https:\\\/\\\/medicinasinc.com\\\/ro\\\/product\\\/cumpara-lichid-lsd\\\/#primaryimage\"},\"thumbnailUrl\":\"https:\\\/\\\/medicinasinc.com\\\/ro\\\/wp-content\\\/uploads\\\/sites\\\/11\\\/2022\\\/02\\\/Buy-Liquid-LSD.jpg\",\"datePublished\":\"2022-02-20T16:33:58+00:00\",\"dateModified\":\"2022-03-22T01:14:18+00:00\",\"description\":\"Cump\u0103ra\u021bi online LSD LSD lichid, detalii Lysergide (LSD) este un halucinogen semi-sintetic \u0219i este unul dintre cele mai puternice medicamente cunoscute. Utilizare recreativ\u0103.\",\"breadcrumb\":{\"@id\":\"https:\\\/\\\/medicinasinc.com\\\/ro\\\/product\\\/cumpara-lichid-lsd\\\/#breadcrumb\"},\"inLanguage\":\"en-US\",\"potentialAction\":[{\"@type\":\"ReadAction\",\"target\":[\"https:\\\/\\\/medicinasinc.com\\\/ro\\\/product\\\/cumpara-lichid-lsd\\\/\"]}]},{\"@type\":\"ImageObject\",\"inLanguage\":\"en-US\",\"@id\":\"https:\\\/\\\/medicinasinc.com\\\/ro\\\/product\\\/cumpara-lichid-lsd\\\/#primaryimage\",\"url\":\"https:\\\/\\\/medicinasinc.com\\\/ro\\\/wp-content\\\/uploads\\\/sites\\\/11\\\/2022\\\/02\\\/Buy-Liquid-LSD.jpg\",\"contentUrl\":\"https:\\\/\\\/medicinasinc.com\\\/ro\\\/wp-content\\\/uploads\\\/sites\\\/11\\\/2022\\\/02\\\/Buy-Liquid-LSD.jpg\",\"width\":512,\"height\":512},{\"@type\":\"BreadcrumbList\",\"@id\":\"https:\\\/\\\/medicinasinc.com\\\/ro\\\/product\\\/cumpara-lichid-lsd\\\/#breadcrumb\",\"itemListElement\":[{\"@type\":\"ListItem\",\"position\":1,\"name\":\"Magazin\",\"item\":\"https:\\\/\\\/medicinasinc.com\\\/ro\\\/magazin\\\/\"},{\"@type\":\"ListItem\",\"position\":2,\"name\":\"Cump\u0103ra\u021bi LSD lichid\"}]},{\"@type\":\"WebSite\",\"@id\":\"https:\\\/\\\/medicinasinc.com\\\/ro\\\/#website\",\"url\":\"https:\\\/\\\/medicinasinc.com\\\/ro\\\/\",\"name\":\"Medicinas Inc\",\"description\":\"Health Medical Clinic\",\"potentialAction\":[{\"@type\":\"SearchAction\",\"target\":{\"@type\":\"EntryPoint\",\"urlTemplate\":\"https:\\\/\\\/medicinasinc.com\\\/ro\\\/?s={search_term_string}\"},\"query-input\":{\"@type\":\"PropertyValueSpecification\",\"valueRequired\":true,\"valueName\":\"search_term_string\"}}],\"inLanguage\":\"en-US\"}]}<\/script>\n<!-- \/ Yoast SEO plugin. -->","yoast_head_json":{"title":"Cump\u0103ra\u021bi LSD lichid - Cele mai bune medicamente globale","description":"Cump\u0103ra\u021bi online LSD LSD lichid, detalii Lysergide (LSD) este un halucinogen semi-sintetic \u0219i este unul dintre cele mai puternice medicamente cunoscute. Utilizare recreativ\u0103.","robots":{"index":"index","follow":"follow","max-snippet":"max-snippet:-1","max-image-preview":"max-image-preview:large","max-video-preview":"max-video-preview:-1"},"canonical":"https:\/\/medicinasinc.com\/ro\/product\/cumpara-lichid-lsd\/","og_locale":"en_US","og_type":"article","og_title":"Cump\u0103ra\u021bi LSD lichid - Cele mai bune medicamente globale","og_description":"Cump\u0103ra\u021bi online LSD LSD lichid, detalii Lysergide (LSD) este un halucinogen semi-sintetic \u0219i este unul dintre cele mai puternice medicamente cunoscute. Utilizare recreativ\u0103.","og_url":"https:\/\/medicinasinc.com\/ro\/product\/cumpara-lichid-lsd\/","og_site_name":"Medicinas Inc","article_modified_time":"2022-03-22T01:14:18+00:00","og_image":[{"width":512,"height":512,"url":"https:\/\/medicinasinc.com\/ro\/wp-content\/uploads\/sites\/11\/2022\/02\/Buy-Liquid-LSD.jpg","type":"image\/jpeg"}],"twitter_card":"summary_large_image","twitter_misc":{"Est. reading time":"3 minutes"},"schema":{"@context":"https:\/\/schema.org","@graph":[{"@type":"WebPage","@id":"https:\/\/medicinasinc.com\/ro\/product\/cumpara-lichid-lsd\/","url":"https:\/\/medicinasinc.com\/ro\/product\/cumpara-lichid-lsd\/","name":"Cump\u0103ra\u021bi LSD lichid - Cele mai bune medicamente globale","isPartOf":{"@id":"https:\/\/medicinasinc.com\/ro\/#website"},"primaryImageOfPage":{"@id":"https:\/\/medicinasinc.com\/ro\/product\/cumpara-lichid-lsd\/#primaryimage"},"image":{"@id":"https:\/\/medicinasinc.com\/ro\/product\/cumpara-lichid-lsd\/#primaryimage"},"thumbnailUrl":"https:\/\/medicinasinc.com\/ro\/wp-content\/uploads\/sites\/11\/2022\/02\/Buy-Liquid-LSD.jpg","datePublished":"2022-02-20T16:33:58+00:00","dateModified":"2022-03-22T01:14:18+00:00","description":"Cump\u0103ra\u021bi online LSD LSD lichid, detalii Lysergide (LSD) este un halucinogen semi-sintetic \u0219i este unul dintre cele mai puternice medicamente cunoscute. Utilizare recreativ\u0103.","breadcrumb":{"@id":"https:\/\/medicinasinc.com\/ro\/product\/cumpara-lichid-lsd\/#breadcrumb"},"inLanguage":"en-US","potentialAction":[{"@type":"ReadAction","target":["https:\/\/medicinasinc.com\/ro\/product\/cumpara-lichid-lsd\/"]}]},{"@type":"ImageObject","inLanguage":"en-US","@id":"https:\/\/medicinasinc.com\/ro\/product\/cumpara-lichid-lsd\/#primaryimage","url":"https:\/\/medicinasinc.com\/ro\/wp-content\/uploads\/sites\/11\/2022\/02\/Buy-Liquid-LSD.jpg","contentUrl":"https:\/\/medicinasinc.com\/ro\/wp-content\/uploads\/sites\/11\/2022\/02\/Buy-Liquid-LSD.jpg","width":512,"height":512},{"@type":"BreadcrumbList","@id":"https:\/\/medicinasinc.com\/ro\/product\/cumpara-lichid-lsd\/#breadcrumb","itemListElement":[{"@type":"ListItem","position":1,"name":"Magazin","item":"https:\/\/medicinasinc.com\/ro\/magazin\/"},{"@type":"ListItem","position":2,"name":"Cump\u0103ra\u021bi LSD lichid"}]},{"@type":"WebSite","@id":"https:\/\/medicinasinc.com\/ro\/#website","url":"https:\/\/medicinasinc.com\/ro\/","name":"Medicinas Inc","description":"Health Medical Clinic","potentialAction":[{"@type":"SearchAction","target":{"@type":"EntryPoint","urlTemplate":"https:\/\/medicinasinc.com\/ro\/?s={search_term_string}"},"query-input":{"@type":"PropertyValueSpecification","valueRequired":true,"valueName":"search_term_string"}}],"inLanguage":"en-US"}]}},"_links":{"self":[{"href":"https:\/\/medicinasinc.com\/ro\/wp-json\/wp\/v2\/product\/4829","targetHints":{"allow":["GET"]}}],"collection":[{"href":"https:\/\/medicinasinc.com\/ro\/wp-json\/wp\/v2\/product"}],"about":[{"href":"https:\/\/medicinasinc.com\/ro\/wp-json\/wp\/v2\/types\/product"}],"replies":[{"embeddable":true,"href":"https:\/\/medicinasinc.com\/ro\/wp-json\/wp\/v2\/comments?post=4829"}],"wp:featuredmedia":[{"embeddable":true,"href":"https:\/\/medicinasinc.com\/ro\/wp-json\/wp\/v2\/media\/4842"}],"wp:attachment":[{"href":"https:\/\/medicinasinc.com\/ro\/wp-json\/wp\/v2\/media?parent=4829"}],"wp:term":[{"taxonomy":"product_brand","embeddable":true,"href":"https:\/\/medicinasinc.com\/ro\/wp-json\/wp\/v2\/product_brand?post=4829"},{"taxonomy":"product_cat","embeddable":true,"href":"https:\/\/medicinasinc.com\/ro\/wp-json\/wp\/v2\/product_cat?post=4829"},{"taxonomy":"product_tag","embeddable":true,"href":"https:\/\/medicinasinc.com\/ro\/wp-json\/wp\/v2\/product_tag?post=4829"}],"curies":[{"name":"wp","href":"https:\/\/api.w.org\/{rel}","templated":true}]}}