{"id":4810,"date":"2022-02-20T16:18:47","date_gmt":"2022-02-20T16:18:47","guid":{"rendered":"https:\/\/medicinasinc.com\/ro\/?post_type=product&#038;p=4810"},"modified":"2022-03-22T01:14:41","modified_gmt":"2022-03-22T01:14:41","slug":"cumpara-thca-cristale-top-raft","status":"publish","type":"product","link":"https:\/\/medicinasinc.com\/ro\/product\/cumpara-thca-cristale-top-raft\/","title":{"rendered":"Cump\u0103ra\u021bi cristale THCA &#8211; Raft superior"},"content":{"rendered":"<p>THCA cristalin<\/p>\n<p>THCA cristalin, denumit alternativ \u201ecristale\u201d, \u201ecristale THC\u201d sau \u201ediamante\u201d, este un concentrat de canabis \u00een stare solid\u0103. Are aspectul de zah\u0103r grosier, tipul care se folose\u0219te \u00een mod obi\u0219nuit pentru a decora pr\u0103jiturile cu zah\u0103r sau pentru a str\u0103luci blatul pl\u0103cintelor cu fructe coapte. Crystalline este fabricat pentru a \u00eendep\u0103rta materia vegetal\u0103 \u0219i terpenele, care sunt caracteristicile aromatice \u0219i aromatice distinctive ale unui soi sau ale unei tulpini de canabis.<\/p>\n<p>SEMENSUL THCA Crystalline<\/p>\n<p>E posibil s\u0103 fi auzit termenul \u201e Cristalele de THC\u201d sau \u201eTHC cristalin\u201d se refer\u0103 la cristalin, dar THC, care produce un high \u00eemb\u0103t\u0103tor, nu este cristalin; chimic, THC este incapabil s\u0103 formeze o structur\u0103 cristalin\u0103. Cu alte cuvinte, ceea ce este denumit frecvent \u201ecristale de THC\u201d nu este THC pur, ci o form\u0103 de THCA pur. \u00cen momentul consumului, THCA se cristalizeaz\u0103 \u00een THC activ prin decarboxilare. Cristalinul este produs cu un singur canabinoid. THCA, CBDA \u0219i CBD sunt singurii canabinoizi disponibili sub form\u0103 cristalin\u0103. Oricine consum\u0103 THCA, CBDA sau CBD nu va avea un nivel intoxicator, de\u0219i THCA se va transforma \u00een THC atunci c\u00e2nd este \u00eenc\u0103lzit, f\u0103c\u00e2nd cristalinul s\u0103 devin\u0103 \u00eemb\u0103t\u0103tor.<\/p>\n<p>CUM SE CREA\u021aI THCA CRISTALIN<\/p>\n<p>Cristalin. este frecvent fumat sau tamponat cu un dispozitiv de tamponare. Un dispozitiv de tamponare este un aparat de fumat, similar cu un mic bong de ap\u0103, care vaporizeaz\u0103 cristalul \u00eenc\u0103lzit pentru inhalare \u00een doze unice, m\u0103surate. Cristalinele sunt consumate frecvent pe cale oral\u0103, fie ca ingredient \u00een comestibile, fie dizolvate \u00een ulei pentru a crea un produs asem\u0103n\u0103tor tincturii. Cristalele sunt frecvent dizolvate \u00een ulei vegetal sau unt \u0219i folosite ca ingredient \u00een comestibile de cas\u0103. Uleiurile vegetale \u0219i de copra sunt solven\u021bii cei mai des utiliza\u021bi pentru dizolvarea cristalelor pentru a crea un produs asem\u0103n\u0103tor tincturii.<\/p>\n","protected":false},"excerpt":{"rendered":"<p>Cump\u0103ra\u021bi thca cristalin online \u00een Europa, thca cristal de v\u00e2nzare, diamante cristaline \u00een \u021a\u0103rile de Jos, thca cristaline l\u00e2ng\u0103 mine, thca cristale de v\u00e2nzare \u00een Europa.<\/p>\n<ul>\n<li>Livrare \u00een toat\u0103 lumea<\/li>\n<li><strong>Un concentrat compus din 97-99% THC<\/strong><\/li>\n<li><strong>99% THC-A pur<\/strong><\/li>\n<li><strong>Contacta\u021bi-ne <\/strong>\u00a0pentru comenzi mai mari<\/li>\n<\/ul>\n","protected":false},"featured_media":4823,"comment_status":"open","ping_status":"closed","template":"","meta":[],"product_brand":[],"product_cat":[702],"product_tag":[],"class_list":{"0":"post-4810","1":"product","2":"type-product","3":"status-publish","4":"has-post-thumbnail","6":"product_cat-cumpara-cannabis-ceara","8":"first","9":"instock","10":"shipping-taxable","11":"purchasable","12":"product-type-variable","13":"has-default-attributes"},"yoast_head":"<!-- This site is optimized with the Yoast SEO plugin v27.3 - https:\/\/yoast.com\/product\/yoast-seo-wordpress\/ -->\n<title>Cump\u0103ra\u021bi cristale THCA - Top Shelf - Cele mai bune medicamente globale<\/title>\n<meta name=\"description\" content=\"Cump\u0103ra\u021bi thca cristalin online Europa, thca cristal de v\u00e2nzare, diamante cristaline NL, thc cristalin l\u00e2ng\u0103 mine, cump\u0103ra\u021bi thc cristale \u00een Europa.\" \/>\n<meta name=\"robots\" content=\"index, follow, max-snippet:-1, max-image-preview:large, max-video-preview:-1\" \/>\n<link rel=\"canonical\" href=\"https:\/\/medicinasinc.com\/ro\/product\/cumpara-thca-cristale-top-raft\/\" \/>\n<meta property=\"og:locale\" content=\"en_US\" \/>\n<meta property=\"og:type\" content=\"article\" \/>\n<meta property=\"og:title\" content=\"Cump\u0103ra\u021bi cristale THCA - Top Shelf - Cele mai bune medicamente globale\" \/>\n<meta property=\"og:description\" content=\"Cump\u0103ra\u021bi thca cristalin online Europa, thca cristal de v\u00e2nzare, diamante cristaline NL, thc cristalin l\u00e2ng\u0103 mine, cump\u0103ra\u021bi thc cristale \u00een Europa.\" \/>\n<meta property=\"og:url\" content=\"https:\/\/medicinasinc.com\/ro\/product\/cumpara-thca-cristale-top-raft\/\" \/>\n<meta property=\"og:site_name\" content=\"Medicinas Inc\" \/>\n<meta property=\"article:modified_time\" content=\"2022-03-22T01:14:41+00:00\" \/>\n<meta property=\"og:image\" content=\"https:\/\/medicinasinc.com\/ro\/wp-content\/uploads\/sites\/11\/2022\/02\/Buy-THCA-Crystals-Top-Shelf.jpg\" \/>\n\t<meta property=\"og:image:width\" content=\"600\" \/>\n\t<meta property=\"og:image:height\" content=\"600\" \/>\n\t<meta property=\"og:image:type\" content=\"image\/jpeg\" \/>\n<meta name=\"twitter:card\" content=\"summary_large_image\" \/>\n<meta name=\"twitter:label1\" content=\"Est. reading time\" \/>\n\t<meta name=\"twitter:data1\" content=\"2 minutes\" \/>\n<script type=\"application\/ld+json\" class=\"yoast-schema-graph\">{\"@context\":\"https:\\\/\\\/schema.org\",\"@graph\":[{\"@type\":\"WebPage\",\"@id\":\"https:\\\/\\\/medicinasinc.com\\\/ro\\\/product\\\/cumpara-thca-cristale-top-raft\\\/\",\"url\":\"https:\\\/\\\/medicinasinc.com\\\/ro\\\/product\\\/cumpara-thca-cristale-top-raft\\\/\",\"name\":\"Cump\u0103ra\u021bi cristale THCA - Top Shelf - Cele mai bune medicamente globale\",\"isPartOf\":{\"@id\":\"https:\\\/\\\/medicinasinc.com\\\/ro\\\/#website\"},\"primaryImageOfPage\":{\"@id\":\"https:\\\/\\\/medicinasinc.com\\\/ro\\\/product\\\/cumpara-thca-cristale-top-raft\\\/#primaryimage\"},\"image\":{\"@id\":\"https:\\\/\\\/medicinasinc.com\\\/ro\\\/product\\\/cumpara-thca-cristale-top-raft\\\/#primaryimage\"},\"thumbnailUrl\":\"https:\\\/\\\/medicinasinc.com\\\/ro\\\/wp-content\\\/uploads\\\/sites\\\/11\\\/2022\\\/02\\\/Buy-THCA-Crystals-Top-Shelf.jpg\",\"datePublished\":\"2022-02-20T16:18:47+00:00\",\"dateModified\":\"2022-03-22T01:14:41+00:00\",\"description\":\"Cump\u0103ra\u021bi thca cristalin online Europa, thca cristal de v\u00e2nzare, diamante cristaline NL, thc cristalin l\u00e2ng\u0103 mine, cump\u0103ra\u021bi thc cristale \u00een Europa.\",\"breadcrumb\":{\"@id\":\"https:\\\/\\\/medicinasinc.com\\\/ro\\\/product\\\/cumpara-thca-cristale-top-raft\\\/#breadcrumb\"},\"inLanguage\":\"en-US\",\"potentialAction\":[{\"@type\":\"ReadAction\",\"target\":[\"https:\\\/\\\/medicinasinc.com\\\/ro\\\/product\\\/cumpara-thca-cristale-top-raft\\\/\"]}]},{\"@type\":\"ImageObject\",\"inLanguage\":\"en-US\",\"@id\":\"https:\\\/\\\/medicinasinc.com\\\/ro\\\/product\\\/cumpara-thca-cristale-top-raft\\\/#primaryimage\",\"url\":\"https:\\\/\\\/medicinasinc.com\\\/ro\\\/wp-content\\\/uploads\\\/sites\\\/11\\\/2022\\\/02\\\/Buy-THCA-Crystals-Top-Shelf.jpg\",\"contentUrl\":\"https:\\\/\\\/medicinasinc.com\\\/ro\\\/wp-content\\\/uploads\\\/sites\\\/11\\\/2022\\\/02\\\/Buy-THCA-Crystals-Top-Shelf.jpg\",\"width\":600,\"height\":600},{\"@type\":\"BreadcrumbList\",\"@id\":\"https:\\\/\\\/medicinasinc.com\\\/ro\\\/product\\\/cumpara-thca-cristale-top-raft\\\/#breadcrumb\",\"itemListElement\":[{\"@type\":\"ListItem\",\"position\":1,\"name\":\"Magazin\",\"item\":\"https:\\\/\\\/medicinasinc.com\\\/ro\\\/magazin\\\/\"},{\"@type\":\"ListItem\",\"position\":2,\"name\":\"Cump\u0103ra\u021bi cristale THCA &#8211; Raft superior\"}]},{\"@type\":\"WebSite\",\"@id\":\"https:\\\/\\\/medicinasinc.com\\\/ro\\\/#website\",\"url\":\"https:\\\/\\\/medicinasinc.com\\\/ro\\\/\",\"name\":\"Medicinas Inc\",\"description\":\"Health Medical Clinic\",\"potentialAction\":[{\"@type\":\"SearchAction\",\"target\":{\"@type\":\"EntryPoint\",\"urlTemplate\":\"https:\\\/\\\/medicinasinc.com\\\/ro\\\/?s={search_term_string}\"},\"query-input\":{\"@type\":\"PropertyValueSpecification\",\"valueRequired\":true,\"valueName\":\"search_term_string\"}}],\"inLanguage\":\"en-US\"}]}<\/script>\n<!-- \/ Yoast SEO plugin. -->","yoast_head_json":{"title":"Cump\u0103ra\u021bi cristale THCA - Top Shelf - Cele mai bune medicamente globale","description":"Cump\u0103ra\u021bi thca cristalin online Europa, thca cristal de v\u00e2nzare, diamante cristaline NL, thc cristalin l\u00e2ng\u0103 mine, cump\u0103ra\u021bi thc cristale \u00een Europa.","robots":{"index":"index","follow":"follow","max-snippet":"max-snippet:-1","max-image-preview":"max-image-preview:large","max-video-preview":"max-video-preview:-1"},"canonical":"https:\/\/medicinasinc.com\/ro\/product\/cumpara-thca-cristale-top-raft\/","og_locale":"en_US","og_type":"article","og_title":"Cump\u0103ra\u021bi cristale THCA - Top Shelf - Cele mai bune medicamente globale","og_description":"Cump\u0103ra\u021bi thca cristalin online Europa, thca cristal de v\u00e2nzare, diamante cristaline NL, thc cristalin l\u00e2ng\u0103 mine, cump\u0103ra\u021bi thc cristale \u00een Europa.","og_url":"https:\/\/medicinasinc.com\/ro\/product\/cumpara-thca-cristale-top-raft\/","og_site_name":"Medicinas Inc","article_modified_time":"2022-03-22T01:14:41+00:00","og_image":[{"width":600,"height":600,"url":"https:\/\/medicinasinc.com\/ro\/wp-content\/uploads\/sites\/11\/2022\/02\/Buy-THCA-Crystals-Top-Shelf.jpg","type":"image\/jpeg"}],"twitter_card":"summary_large_image","twitter_misc":{"Est. reading time":"2 minutes"},"schema":{"@context":"https:\/\/schema.org","@graph":[{"@type":"WebPage","@id":"https:\/\/medicinasinc.com\/ro\/product\/cumpara-thca-cristale-top-raft\/","url":"https:\/\/medicinasinc.com\/ro\/product\/cumpara-thca-cristale-top-raft\/","name":"Cump\u0103ra\u021bi cristale THCA - Top Shelf - Cele mai bune medicamente globale","isPartOf":{"@id":"https:\/\/medicinasinc.com\/ro\/#website"},"primaryImageOfPage":{"@id":"https:\/\/medicinasinc.com\/ro\/product\/cumpara-thca-cristale-top-raft\/#primaryimage"},"image":{"@id":"https:\/\/medicinasinc.com\/ro\/product\/cumpara-thca-cristale-top-raft\/#primaryimage"},"thumbnailUrl":"https:\/\/medicinasinc.com\/ro\/wp-content\/uploads\/sites\/11\/2022\/02\/Buy-THCA-Crystals-Top-Shelf.jpg","datePublished":"2022-02-20T16:18:47+00:00","dateModified":"2022-03-22T01:14:41+00:00","description":"Cump\u0103ra\u021bi thca cristalin online Europa, thca cristal de v\u00e2nzare, diamante cristaline NL, thc cristalin l\u00e2ng\u0103 mine, cump\u0103ra\u021bi thc cristale \u00een Europa.","breadcrumb":{"@id":"https:\/\/medicinasinc.com\/ro\/product\/cumpara-thca-cristale-top-raft\/#breadcrumb"},"inLanguage":"en-US","potentialAction":[{"@type":"ReadAction","target":["https:\/\/medicinasinc.com\/ro\/product\/cumpara-thca-cristale-top-raft\/"]}]},{"@type":"ImageObject","inLanguage":"en-US","@id":"https:\/\/medicinasinc.com\/ro\/product\/cumpara-thca-cristale-top-raft\/#primaryimage","url":"https:\/\/medicinasinc.com\/ro\/wp-content\/uploads\/sites\/11\/2022\/02\/Buy-THCA-Crystals-Top-Shelf.jpg","contentUrl":"https:\/\/medicinasinc.com\/ro\/wp-content\/uploads\/sites\/11\/2022\/02\/Buy-THCA-Crystals-Top-Shelf.jpg","width":600,"height":600},{"@type":"BreadcrumbList","@id":"https:\/\/medicinasinc.com\/ro\/product\/cumpara-thca-cristale-top-raft\/#breadcrumb","itemListElement":[{"@type":"ListItem","position":1,"name":"Magazin","item":"https:\/\/medicinasinc.com\/ro\/magazin\/"},{"@type":"ListItem","position":2,"name":"Cump\u0103ra\u021bi cristale THCA &#8211; Raft superior"}]},{"@type":"WebSite","@id":"https:\/\/medicinasinc.com\/ro\/#website","url":"https:\/\/medicinasinc.com\/ro\/","name":"Medicinas Inc","description":"Health Medical Clinic","potentialAction":[{"@type":"SearchAction","target":{"@type":"EntryPoint","urlTemplate":"https:\/\/medicinasinc.com\/ro\/?s={search_term_string}"},"query-input":{"@type":"PropertyValueSpecification","valueRequired":true,"valueName":"search_term_string"}}],"inLanguage":"en-US"}]}},"_links":{"self":[{"href":"https:\/\/medicinasinc.com\/ro\/wp-json\/wp\/v2\/product\/4810","targetHints":{"allow":["GET"]}}],"collection":[{"href":"https:\/\/medicinasinc.com\/ro\/wp-json\/wp\/v2\/product"}],"about":[{"href":"https:\/\/medicinasinc.com\/ro\/wp-json\/wp\/v2\/types\/product"}],"replies":[{"embeddable":true,"href":"https:\/\/medicinasinc.com\/ro\/wp-json\/wp\/v2\/comments?post=4810"}],"wp:featuredmedia":[{"embeddable":true,"href":"https:\/\/medicinasinc.com\/ro\/wp-json\/wp\/v2\/media\/4823"}],"wp:attachment":[{"href":"https:\/\/medicinasinc.com\/ro\/wp-json\/wp\/v2\/media?parent=4810"}],"wp:term":[{"taxonomy":"product_brand","embeddable":true,"href":"https:\/\/medicinasinc.com\/ro\/wp-json\/wp\/v2\/product_brand?post=4810"},{"taxonomy":"product_cat","embeddable":true,"href":"https:\/\/medicinasinc.com\/ro\/wp-json\/wp\/v2\/product_cat?post=4810"},{"taxonomy":"product_tag","embeddable":true,"href":"https:\/\/medicinasinc.com\/ro\/wp-json\/wp\/v2\/product_tag?post=4810"}],"curies":[{"name":"wp","href":"https:\/\/api.w.org\/{rel}","templated":true}]}}