{"id":4808,"date":"2022-02-20T16:17:53","date_gmt":"2022-02-20T16:17:53","guid":{"rendered":"https:\/\/medicinasinc.com\/ro\/?post_type=product&#038;p=4808"},"modified":"2022-03-22T01:14:49","modified_gmt":"2022-03-22T01:14:49","slug":"cumpara-1p-lsd-100mcg-blotters","status":"publish","type":"product","link":"https:\/\/medicinasinc.com\/ro\/product\/cumpara-1p-lsd-100mcg-blotters\/","title":{"rendered":"Cump\u0103ra\u021bi 1P-LSD 100mcg Blotters"},"content":{"rendered":"<p>Cump\u0103ra\u021bi 1P-LSD 100mcg Blotters la reducere online.<\/p>\n<p>L.S.D. este o tulpin\u0103 predominant Indica care a fost numit\u0103 dup\u0103 un medicament extrem de halucinogen din cauza tulpinii extrem de halucinogene \u0219i cerebrale. Tulpina \u00eencepe cu un sentiment energetic de bucurie care are poten\u021bialul de a \u00eentuneca mintea \u0219i de a l\u0103sa c\u00e2\u021biva clien\u021bi complet deruta\u021bi \u0219i \u201ebloca\u021bi intelectual\u201d. \u00cen ciuda stimul\u0103rii cerebrale puternice, unii clien\u021bi raporteaz\u0103 c\u0103 se simt mai inovatori sau mai sociali dup\u0103 ce au folosit LSD<\/p>\n<p>Achizi\u021biona\u021bi online 1P-LSD 100mcg Blotters la un pre\u021b redus.<\/p>\n<p>Acest nivel de stimulare mental\u0103 este extrem de neobi\u0219nuit. pentru o Indica. Dup\u0103 cum s-ar putea a\u0219tepta de la o substan\u021b\u0103 derivat\u0103 din Indica, L.S.D. are, de asemenea, efecte corporale tipice derivate din Indica. Clien\u021bii observ\u0103 frecvent efectul revolu\u021bionar de desensibilizare a corpului la una p\u00e2n\u0103 la dou\u0103 ore dup\u0103 ingestie, c\u00e2nd majoritatea efectului cerebral a disp\u0103rut. Efectele adverse pot include gura de bumbac, ochi usca\u021bi, somnolen\u021b\u0103, dureri de cap \u0219i ne\u00eencredere u\u0219oar\u0103.<\/p>\n<p>Pentru majoritatea, aceast\u0103 tulpin\u0103 poate fi utilizat\u0103 \u00een orice moment al zilei pentru a atenua durerea pulsant\u0103 u\u0219oar\u0103 p\u00e2n\u0103 la sever\u0103. LSD este adesea prescris pentru a ajuta la gestionarea presiunii, a nelini\u0219tii sau a nenorocirii. \u00cen plus, pacien\u021bii folosesc tulpina pentru a trata insomnia, iar c\u00e2\u021biva o folosesc pentru a combate durerile de cap.<\/p>\n<p>L.S.D. este o \u00eencruci\u0219are \u00eentre un Mazar \u0219i un sortiment extrem de vechi de skunk, Skunk #1, creat de Barney&#8217;s Farm. De\u0219i aceast\u0103 tulpin\u0103 nu este recomandat\u0103 noilor produc\u0103tori, este extrem de u\u0219or de cultivat datorit\u0103 rezisten\u021bei sale la numeroase infec\u021bii \u0219i capacit\u0103\u021bii de a fi cultivat\u0103 at\u00e2t \u00een \u200b\u200baer liber, c\u00e2t \u0219i \u00een interior. Cu un timp de \u00eenflorire cuprins \u00eentre 65 \u0219i 78 de zile, L.S.D. poate produce p\u00e2n\u0103 la 650 de grame pe metru p\u0103trat. Ocazional, dep\u0103\u0219ind 60 de centimetri lungime, tulpina se termin\u0103 de obicei \u00een aprilie pe ecuatorul sudic \u0219i octombrie \u00een nord. Aceast\u0103 tulpin\u0103 are un con\u021binut de THC de p\u00e2n\u0103 la 24%.<\/p>\n","protected":false},"excerpt":{"rendered":"<p>De unde pot cump\u0103ra blotter-uri 1P-LSD? Cele mai bune produse chimice de cercetare de pe pia\u021b\u0103 &#8211; Livrare rapida! Cump\u0103ra\u021bi blotters 1P-LSD prin Bitcoin, transfer bancar \u0219i alte metode.<\/p>\n","protected":false},"featured_media":4821,"comment_status":"open","ping_status":"closed","template":"","meta":[],"product_brand":[],"product_cat":[703],"product_tag":[],"class_list":{"0":"post-4808","1":"product","2":"type-product","3":"status-publish","4":"has-post-thumbnail","6":"product_cat-cumpr-medicamente-psihedelice","8":"first","9":"instock","10":"shipping-taxable","11":"purchasable","12":"product-type-variable","13":"has-default-attributes"},"yoast_head":"<!-- This site is optimized with the Yoast SEO plugin v27.3 - https:\/\/yoast.com\/product\/yoast-seo-wordpress\/ -->\n<title>Cump\u0103ra\u021bi 1P-LSD blotters ieftine de 100 mcg - Cele mai bune medicamente globale<\/title>\n<meta name=\"description\" content=\"Comanda\u021bi blotters 1P-LSD? Cele mai bune produse chimice de cercetare - livrare rapid\u0103! Cump\u0103ra\u021bi blotters 1P-LSD cu Bitcoin, transfer bancar \u0219i multe altele.\" \/>\n<meta name=\"robots\" content=\"index, follow, max-snippet:-1, max-image-preview:large, max-video-preview:-1\" \/>\n<link rel=\"canonical\" href=\"https:\/\/medicinasinc.com\/ro\/product\/cumpara-1p-lsd-100mcg-blotters\/\" \/>\n<meta property=\"og:locale\" content=\"en_US\" \/>\n<meta property=\"og:type\" content=\"article\" \/>\n<meta property=\"og:title\" content=\"Cump\u0103ra\u021bi 1P-LSD blotters ieftine de 100 mcg - Cele mai bune medicamente globale\" \/>\n<meta property=\"og:description\" content=\"Comanda\u021bi blotters 1P-LSD? Cele mai bune produse chimice de cercetare - livrare rapid\u0103! Cump\u0103ra\u021bi blotters 1P-LSD cu Bitcoin, transfer bancar \u0219i multe altele.\" \/>\n<meta property=\"og:url\" content=\"https:\/\/medicinasinc.com\/ro\/product\/cumpara-1p-lsd-100mcg-blotters\/\" \/>\n<meta property=\"og:site_name\" content=\"Medicinas Inc\" \/>\n<meta property=\"article:modified_time\" content=\"2022-03-22T01:14:49+00:00\" \/>\n<meta property=\"og:image\" content=\"https:\/\/medicinasinc.com\/ro\/wp-content\/uploads\/sites\/11\/2022\/02\/Buy-1P-LSD-100mcg-Blotters-cheap-online.jpg\" \/>\n\t<meta property=\"og:image:width\" content=\"600\" \/>\n\t<meta property=\"og:image:height\" content=\"600\" \/>\n\t<meta property=\"og:image:type\" content=\"image\/jpeg\" \/>\n<meta name=\"twitter:card\" content=\"summary_large_image\" \/>\n<meta name=\"twitter:label1\" content=\"Est. reading time\" \/>\n\t<meta name=\"twitter:data1\" content=\"2 minutes\" \/>\n<script type=\"application\/ld+json\" class=\"yoast-schema-graph\">{\"@context\":\"https:\\\/\\\/schema.org\",\"@graph\":[{\"@type\":\"WebPage\",\"@id\":\"https:\\\/\\\/medicinasinc.com\\\/ro\\\/product\\\/cumpara-1p-lsd-100mcg-blotters\\\/\",\"url\":\"https:\\\/\\\/medicinasinc.com\\\/ro\\\/product\\\/cumpara-1p-lsd-100mcg-blotters\\\/\",\"name\":\"Cump\u0103ra\u021bi 1P-LSD blotters ieftine de 100 mcg - Cele mai bune medicamente globale\",\"isPartOf\":{\"@id\":\"https:\\\/\\\/medicinasinc.com\\\/ro\\\/#website\"},\"primaryImageOfPage\":{\"@id\":\"https:\\\/\\\/medicinasinc.com\\\/ro\\\/product\\\/cumpara-1p-lsd-100mcg-blotters\\\/#primaryimage\"},\"image\":{\"@id\":\"https:\\\/\\\/medicinasinc.com\\\/ro\\\/product\\\/cumpara-1p-lsd-100mcg-blotters\\\/#primaryimage\"},\"thumbnailUrl\":\"https:\\\/\\\/medicinasinc.com\\\/ro\\\/wp-content\\\/uploads\\\/sites\\\/11\\\/2022\\\/02\\\/Buy-1P-LSD-100mcg-Blotters-cheap-online.jpg\",\"datePublished\":\"2022-02-20T16:17:53+00:00\",\"dateModified\":\"2022-03-22T01:14:49+00:00\",\"description\":\"Comanda\u021bi blotters 1P-LSD? Cele mai bune produse chimice de cercetare - livrare rapid\u0103! Cump\u0103ra\u021bi blotters 1P-LSD cu Bitcoin, transfer bancar \u0219i multe altele.\",\"breadcrumb\":{\"@id\":\"https:\\\/\\\/medicinasinc.com\\\/ro\\\/product\\\/cumpara-1p-lsd-100mcg-blotters\\\/#breadcrumb\"},\"inLanguage\":\"en-US\",\"potentialAction\":[{\"@type\":\"ReadAction\",\"target\":[\"https:\\\/\\\/medicinasinc.com\\\/ro\\\/product\\\/cumpara-1p-lsd-100mcg-blotters\\\/\"]}]},{\"@type\":\"ImageObject\",\"inLanguage\":\"en-US\",\"@id\":\"https:\\\/\\\/medicinasinc.com\\\/ro\\\/product\\\/cumpara-1p-lsd-100mcg-blotters\\\/#primaryimage\",\"url\":\"https:\\\/\\\/medicinasinc.com\\\/ro\\\/wp-content\\\/uploads\\\/sites\\\/11\\\/2022\\\/02\\\/Buy-1P-LSD-100mcg-Blotters-cheap-online.jpg\",\"contentUrl\":\"https:\\\/\\\/medicinasinc.com\\\/ro\\\/wp-content\\\/uploads\\\/sites\\\/11\\\/2022\\\/02\\\/Buy-1P-LSD-100mcg-Blotters-cheap-online.jpg\",\"width\":600,\"height\":600},{\"@type\":\"BreadcrumbList\",\"@id\":\"https:\\\/\\\/medicinasinc.com\\\/ro\\\/product\\\/cumpara-1p-lsd-100mcg-blotters\\\/#breadcrumb\",\"itemListElement\":[{\"@type\":\"ListItem\",\"position\":1,\"name\":\"Magazin\",\"item\":\"https:\\\/\\\/medicinasinc.com\\\/ro\\\/magazin\\\/\"},{\"@type\":\"ListItem\",\"position\":2,\"name\":\"Cump\u0103ra\u021bi 1P-LSD 100mcg Blotters\"}]},{\"@type\":\"WebSite\",\"@id\":\"https:\\\/\\\/medicinasinc.com\\\/ro\\\/#website\",\"url\":\"https:\\\/\\\/medicinasinc.com\\\/ro\\\/\",\"name\":\"Medicinas Inc\",\"description\":\"Health Medical Clinic\",\"potentialAction\":[{\"@type\":\"SearchAction\",\"target\":{\"@type\":\"EntryPoint\",\"urlTemplate\":\"https:\\\/\\\/medicinasinc.com\\\/ro\\\/?s={search_term_string}\"},\"query-input\":{\"@type\":\"PropertyValueSpecification\",\"valueRequired\":true,\"valueName\":\"search_term_string\"}}],\"inLanguage\":\"en-US\"}]}<\/script>\n<!-- \/ Yoast SEO plugin. -->","yoast_head_json":{"title":"Cump\u0103ra\u021bi 1P-LSD blotters ieftine de 100 mcg - Cele mai bune medicamente globale","description":"Comanda\u021bi blotters 1P-LSD? Cele mai bune produse chimice de cercetare - livrare rapid\u0103! Cump\u0103ra\u021bi blotters 1P-LSD cu Bitcoin, transfer bancar \u0219i multe altele.","robots":{"index":"index","follow":"follow","max-snippet":"max-snippet:-1","max-image-preview":"max-image-preview:large","max-video-preview":"max-video-preview:-1"},"canonical":"https:\/\/medicinasinc.com\/ro\/product\/cumpara-1p-lsd-100mcg-blotters\/","og_locale":"en_US","og_type":"article","og_title":"Cump\u0103ra\u021bi 1P-LSD blotters ieftine de 100 mcg - Cele mai bune medicamente globale","og_description":"Comanda\u021bi blotters 1P-LSD? Cele mai bune produse chimice de cercetare - livrare rapid\u0103! Cump\u0103ra\u021bi blotters 1P-LSD cu Bitcoin, transfer bancar \u0219i multe altele.","og_url":"https:\/\/medicinasinc.com\/ro\/product\/cumpara-1p-lsd-100mcg-blotters\/","og_site_name":"Medicinas Inc","article_modified_time":"2022-03-22T01:14:49+00:00","og_image":[{"width":600,"height":600,"url":"https:\/\/medicinasinc.com\/ro\/wp-content\/uploads\/sites\/11\/2022\/02\/Buy-1P-LSD-100mcg-Blotters-cheap-online.jpg","type":"image\/jpeg"}],"twitter_card":"summary_large_image","twitter_misc":{"Est. reading time":"2 minutes"},"schema":{"@context":"https:\/\/schema.org","@graph":[{"@type":"WebPage","@id":"https:\/\/medicinasinc.com\/ro\/product\/cumpara-1p-lsd-100mcg-blotters\/","url":"https:\/\/medicinasinc.com\/ro\/product\/cumpara-1p-lsd-100mcg-blotters\/","name":"Cump\u0103ra\u021bi 1P-LSD blotters ieftine de 100 mcg - Cele mai bune medicamente globale","isPartOf":{"@id":"https:\/\/medicinasinc.com\/ro\/#website"},"primaryImageOfPage":{"@id":"https:\/\/medicinasinc.com\/ro\/product\/cumpara-1p-lsd-100mcg-blotters\/#primaryimage"},"image":{"@id":"https:\/\/medicinasinc.com\/ro\/product\/cumpara-1p-lsd-100mcg-blotters\/#primaryimage"},"thumbnailUrl":"https:\/\/medicinasinc.com\/ro\/wp-content\/uploads\/sites\/11\/2022\/02\/Buy-1P-LSD-100mcg-Blotters-cheap-online.jpg","datePublished":"2022-02-20T16:17:53+00:00","dateModified":"2022-03-22T01:14:49+00:00","description":"Comanda\u021bi blotters 1P-LSD? Cele mai bune produse chimice de cercetare - livrare rapid\u0103! Cump\u0103ra\u021bi blotters 1P-LSD cu Bitcoin, transfer bancar \u0219i multe altele.","breadcrumb":{"@id":"https:\/\/medicinasinc.com\/ro\/product\/cumpara-1p-lsd-100mcg-blotters\/#breadcrumb"},"inLanguage":"en-US","potentialAction":[{"@type":"ReadAction","target":["https:\/\/medicinasinc.com\/ro\/product\/cumpara-1p-lsd-100mcg-blotters\/"]}]},{"@type":"ImageObject","inLanguage":"en-US","@id":"https:\/\/medicinasinc.com\/ro\/product\/cumpara-1p-lsd-100mcg-blotters\/#primaryimage","url":"https:\/\/medicinasinc.com\/ro\/wp-content\/uploads\/sites\/11\/2022\/02\/Buy-1P-LSD-100mcg-Blotters-cheap-online.jpg","contentUrl":"https:\/\/medicinasinc.com\/ro\/wp-content\/uploads\/sites\/11\/2022\/02\/Buy-1P-LSD-100mcg-Blotters-cheap-online.jpg","width":600,"height":600},{"@type":"BreadcrumbList","@id":"https:\/\/medicinasinc.com\/ro\/product\/cumpara-1p-lsd-100mcg-blotters\/#breadcrumb","itemListElement":[{"@type":"ListItem","position":1,"name":"Magazin","item":"https:\/\/medicinasinc.com\/ro\/magazin\/"},{"@type":"ListItem","position":2,"name":"Cump\u0103ra\u021bi 1P-LSD 100mcg Blotters"}]},{"@type":"WebSite","@id":"https:\/\/medicinasinc.com\/ro\/#website","url":"https:\/\/medicinasinc.com\/ro\/","name":"Medicinas Inc","description":"Health Medical Clinic","potentialAction":[{"@type":"SearchAction","target":{"@type":"EntryPoint","urlTemplate":"https:\/\/medicinasinc.com\/ro\/?s={search_term_string}"},"query-input":{"@type":"PropertyValueSpecification","valueRequired":true,"valueName":"search_term_string"}}],"inLanguage":"en-US"}]}},"_links":{"self":[{"href":"https:\/\/medicinasinc.com\/ro\/wp-json\/wp\/v2\/product\/4808","targetHints":{"allow":["GET"]}}],"collection":[{"href":"https:\/\/medicinasinc.com\/ro\/wp-json\/wp\/v2\/product"}],"about":[{"href":"https:\/\/medicinasinc.com\/ro\/wp-json\/wp\/v2\/types\/product"}],"replies":[{"embeddable":true,"href":"https:\/\/medicinasinc.com\/ro\/wp-json\/wp\/v2\/comments?post=4808"}],"wp:featuredmedia":[{"embeddable":true,"href":"https:\/\/medicinasinc.com\/ro\/wp-json\/wp\/v2\/media\/4821"}],"wp:attachment":[{"href":"https:\/\/medicinasinc.com\/ro\/wp-json\/wp\/v2\/media?parent=4808"}],"wp:term":[{"taxonomy":"product_brand","embeddable":true,"href":"https:\/\/medicinasinc.com\/ro\/wp-json\/wp\/v2\/product_brand?post=4808"},{"taxonomy":"product_cat","embeddable":true,"href":"https:\/\/medicinasinc.com\/ro\/wp-json\/wp\/v2\/product_cat?post=4808"},{"taxonomy":"product_tag","embeddable":true,"href":"https:\/\/medicinasinc.com\/ro\/wp-json\/wp\/v2\/product_tag?post=4808"}],"curies":[{"name":"wp","href":"https:\/\/api.w.org\/{rel}","templated":true}]}}